{"id":5140,"date":"2022-02-11T14:28:01","date_gmt":"2022-02-11T13:28:01","guid":{"rendered":"https:\/\/letscureacc.com\/?page_id=5140"},"modified":"2023-09-16T15:59:39","modified_gmt":"2023-09-16T13:59:39","slug":"las-asociaciones-nacionales","status":"publish","type":"page","link":"http:\/\/letscureacc.com\/es\/las-asociaciones-nacionales\/","title":{"rendered":"Las Asociaciones nacionales"},"content":{"rendered":"\t\t<div data-elementor-type=\"wp-page\" data-elementor-id=\"5140\" class=\"elementor elementor-5140 elementor-677\">\n\t\t\t\t\t\t<section class=\"elementor-section elementor-top-section elementor-element elementor-element-2f84ef40 elementor-section-full_width elementor-section-height-default elementor-section-height-default parallax_section_no qode_elementor_container_no\" data-id=\"2f84ef40\" data-element_type=\"section\" data-e-type=\"section\" data-settings=\"{&quot;background_background&quot;:&quot;classic&quot;}\">\n\t\t\t\t\t\t<div class=\"elementor-container elementor-column-gap-default\">\n\t\t\t\t\t<div class=\"elementor-column elementor-col-100 elementor-top-column elementor-element elementor-element-55596fa4\" data-id=\"55596fa4\" data-element_type=\"column\" data-e-type=\"column\">\n\t\t\t<div class=\"elementor-widget-wrap elementor-element-populated\">\n\t\t\t\t\t\t<section class=\"elementor-section elementor-inner-section elementor-element elementor-element-da1aa8c elementor-section-boxed elementor-section-height-default elementor-section-height-default parallax_section_no qode_elementor_container_no\" data-id=\"da1aa8c\" data-element_type=\"section\" data-e-type=\"section\">\n\t\t\t\t\t\t<div class=\"elementor-container elementor-column-gap-extended\">\n\t\t\t\t\t<div class=\"elementor-column elementor-col-100 elementor-inner-column elementor-element elementor-element-916ce81\" data-id=\"916ce81\" data-element_type=\"column\" data-e-type=\"column\">\n\t\t\t<div class=\"elementor-widget-wrap elementor-element-populated\">\n\t\t\t\t\t\t<div class=\"elementor-element elementor-element-0119b7a elementor-widget elementor-widget-text-editor\" data-id=\"0119b7a\" data-element_type=\"widget\" data-e-type=\"widget\" data-widget_type=\"text-editor.default\">\n\t\t\t\t<div class=\"elementor-widget-container\">\n\t\t\t\t\t\t\t\t\t<h2 style=\"text-align: center;\">PARA DESCUBRIR LOS RECURSOS DISPONIBLES EN U PA\u00cdS\/ SU IDIOMA<\/h2><p><strong>No muchos sitios web hablan de nuestro tipo de c\u00e1ncer como es tan raro. pero aun puede encontar algunos recursos en sitios web diferentes.\u00a0<\/strong><\/p><p>Aqu\u00ed hay una lista de sitios web donde C\u00c1NCER SUPRARRENAL est\u00e1 mencionado, alrededor del mundo en otros idiomas.<\/p><p>Si conoce de otros sitios web, por favor <a href=\"https:\/\/lcacc.wpengine.com\/contactenos\/?lang=es\">contactenos<\/a> asi podremos pedir al gerente si nos deje poner la informaci\u00f3n en este sitio web.<\/p>\t\t\t\t\t\t\t\t<\/div>\n\t\t\t\t<\/div>\n\t\t\t\t\t<\/div>\n\t\t<\/div>\n\t\t\t\t\t<\/div>\n\t\t<\/section>\n\t\t\t\t\t<\/div>\n\t\t<\/div>\n\t\t\t\t\t<\/div>\n\t\t<\/section>\n\t\t\t\t<section class=\"elementor-section elementor-top-section elementor-element elementor-element-435e165 qode_elementor_container_inner elementor-section-boxed elementor-section-height-default elementor-section-height-default parallax_section_no\" data-id=\"435e165\" data-element_type=\"section\" data-e-type=\"section\" data-settings=\"{&quot;background_background&quot;:&quot;classic&quot;}\">\n\t\t\t\t\t\t<div class=\"elementor-container elementor-column-gap-default\">\n\t\t\t\t\t<div class=\"elementor-column elementor-col-100 elementor-top-column elementor-element elementor-element-4881797\" data-id=\"4881797\" data-element_type=\"column\" data-e-type=\"column\">\n\t\t\t<div class=\"elementor-widget-wrap elementor-element-populated\">\n\t\t\t\t\t\t<div class=\"elementor-element elementor-element-bf7a576 elementor-widget elementor-widget-text-editor\" data-id=\"bf7a576\" data-element_type=\"widget\" data-e-type=\"widget\" data-widget_type=\"text-editor.default\">\n\t\t\t\t<div class=\"elementor-widget-container\">\n\t\t\t\t\t\t\t\t\t<h3>Alem\u00e1n:<\/h3><ul><li><a href=\"https:\/\/www.glandula-online.de\/\">NETZWERK HYPOPHYSEN-UND NEBENNIERENERKRANKUNGEN E. V.<\/a><\/li><li><strong><a href=\"https:\/\/adrenal-research.de\/de\">ADRENAL RESEARCH<\/a><\/strong>\u00a0<\/li><\/ul><h3>\u00a0<\/h3><h3>Chino:<\/h3><ul><li><a href=\"http:\/\/www.raredisease.cn\"><b>CORD &#8211; Chinese Organization for Rare Disorders<\/b><\/a> <b>(also available in English)<\/b><\/li><\/ul><h3>\u00a0<\/h3><h3>Dan\u00e9s:<\/h3><ul><li><span style=\"font-weight: 400;\"><strong><a href=\"https:\/\/www.addison.dk\">ADDISON<\/a> <\/strong>(also available in English)<\/span><\/li><\/ul><h3>\u00a0<\/h3><h3>Espa\u00f1ol:<\/h3><ul><li><a href=\"https:\/\/www.adisen.es\/\">ASOCIACION NACIONAL DE ADDISON<\/a><\/li><li><strong><a href=\"http:\/\/pheipas.org\/\">ASOCIACI\u00d3N PHEIPHAS &#8211; PHEOCHROMOCYTOMA I PARAGANGLIOMA ACCI\u00d3N SOLIDARIA<\/a>\u00a0<\/strong><\/li><\/ul><h3>\u00a0<\/h3><h3>Franc\u00e9s:<\/h3><ul><li><b><a href=\"https:\/\/www.surrenales.com\/corticosurrenalome\/\" target=\"_blank\" rel=\"noopener\">ASSOCIATION SURRENALES<\/a><\/b><\/li><li><b><a href=\"http:\/\/surrenales.aphp.fr\/\" target=\"_blank\" rel=\"noopener\">CENTRE DE R\u00c9F\u00c9RENCE MALADIES RARES DE LA SURR\u00c9NALE<\/a><br \/><\/b><\/li><li><a href=\"http:\/\/www.firendo.fr\/\" target=\"_blank\" rel=\"noopener\"><b>FILI\u00c8RE MALADIES ENDOCRINIENNES RARES<\/b><\/a><\/li><li><a href=\"https:\/\/www.cancer.ca\/fr-ca\/cancer-information\/cancer-type\/adrenal-gland\/adrenal-gland-cancer\/?region=qc\" target=\"_blank\" rel=\"noopener\"><b>SOCI\u00c9T\u00c9 CANADIENNE DU CANCER<\/b><\/a><\/li><\/ul><h3>\u00a0<\/h3><h3>Ingl\u00e9s:<\/h3><ul><li><b><a href=\"https:\/\/www.cancer.org\/cancer\/adrenal-cancer.html\" target=\"_blank\" rel=\"noopener\">AMERICAN CANCER SOCIETY\u00a0<\/a><br \/><\/b><b><\/b><\/li><li><b><a href=\"https:\/\/cancer.ca\/en\/cancer-information\/cancer-types\/adrenal-gland\" target=\"_blank\" rel=\"noopener\">CANADIAN CANCER SOCIETY<\/a><br \/><\/b><\/li><li><strong><a href=\"https:\/\/accsupport.org.uk\">ACC SUPPORT UK<\/a><\/strong><\/li><li><strong><a href=\"http:\/\/www.amend.org.uk\">AMEND<\/a><\/strong><\/li><li><a href=\"http:\/\/www.CSRF.net\">CUSHING\u2019S SUPPORT &amp; RESEARCH FOUNDATION<\/a><\/li><li><a href=\"http:\/\/www.AIUNITED.org\">ADRENAL INSUFFICIENCY UNITED<\/a><\/li><li><a href=\"http:\/\/www.caresfoundation.org\">CONGENITAL ADRENAL HYPERPLASIA<\/a><\/li><li><a href=\"https:\/\/www.nadf.us\/\">NADF<\/a><\/li><li><a href=\"http:\/\/WWW.WAPO.ORG\">WORLD ALLIANCE OF PITUITARY ORGANIZATIONS<\/a><\/li><\/ul><h3>\u00a0<\/h3><h3>Italiano:<\/h3><ul><li><a href=\"http:\/\/www.ilmioamicocushing.it\" target=\"_blank\" rel=\"noopener\">ILMIOAMICOCUSHING<\/a><\/li><\/ul><h3>\u00a0<\/h3><h3>Portugu\u00e9s\/Brasile\u00f1o:<\/h3><ul><li><a href=\"https:\/\/www.ligacontracancro.pt\/\" target=\"_blank\" rel=\"noopener\">LIGA PORTUGUESA CONTRA O CANCRO<\/a><\/li><li><a href=\"https:\/\/www.inca.gov.br\/\" target=\"_blank\" rel=\"noopener\">INCA<\/a><\/li><li><a href=\"https:\/\/en.abaddison.org.br\/\" target=\"_blank\" rel=\"noopener\">ABA<\/a><\/li><\/ul>\t\t\t\t\t\t\t\t<\/div>\n\t\t\t\t<\/div>\n\t\t\t\t\t<\/div>\n\t\t<\/div>\n\t\t\t\t\t<\/div>\n\t\t<\/section>\n\t\t\t\t<\/div>\n\t\t","protected":false},"excerpt":{"rendered":"<p>PARA DESCUBRIR LOS RECURSOS DISPONIBLES EN U PA\u00cdS\/ SU IDIOMA No muchos sitios web hablan de nuestro tipo de c\u00e1ncer como es tan raro. pero aun puede encontar algunos recursos en sitios web diferentes.\u00a0 Aqu\u00ed hay una lista de sitios web donde C\u00c1NCER SUPRARRENAL est\u00e1&#8230;<\/p>\n","protected":false},"author":416,"featured_media":0,"parent":0,"menu_order":0,"comment_status":"closed","ping_status":"closed","template":"full_width.php","meta":{"give_campaign_id":0,"inline_featured_image":false,"footnotes":""},"class_list":["post-5140","page","type-page","status-publish","hentry"],"campaignId":"","_links":{"self":[{"href":"http:\/\/letscureacc.com\/es\/wp-json\/wp\/v2\/pages\/5140","targetHints":{"allow":["GET"]}}],"collection":[{"href":"http:\/\/letscureacc.com\/es\/wp-json\/wp\/v2\/pages"}],"about":[{"href":"http:\/\/letscureacc.com\/es\/wp-json\/wp\/v2\/types\/page"}],"author":[{"embeddable":true,"href":"http:\/\/letscureacc.com\/es\/wp-json\/wp\/v2\/users\/416"}],"replies":[{"embeddable":true,"href":"http:\/\/letscureacc.com\/es\/wp-json\/wp\/v2\/comments?post=5140"}],"version-history":[{"count":0,"href":"http:\/\/letscureacc.com\/es\/wp-json\/wp\/v2\/pages\/5140\/revisions"}],"wp:attachment":[{"href":"http:\/\/letscureacc.com\/es\/wp-json\/wp\/v2\/media?parent=5140"}],"curies":[{"name":"wp","href":"https:\/\/api.w.org\/{rel}","templated":true}]}}