{"id":7169,"date":"2022-06-07T12:24:58","date_gmt":"2022-06-07T10:24:58","guid":{"rendered":"https:\/\/letscureacc.com\/?page_id=7169"},"modified":"2025-07-18T12:01:29","modified_gmt":"2025-07-18T10:01:29","slug":"associacoes-nacionais","status":"publish","type":"page","link":"http:\/\/letscureacc.com\/pt-pt\/associacoes-nacionais\/","title":{"rendered":"Associa\u00e7\u00f5es nacionais"},"content":{"rendered":"\t\t<div data-elementor-type=\"wp-page\" data-elementor-id=\"7169\" class=\"elementor elementor-7169 elementor-677\">\n\t\t\t\t\t\t<section class=\"elementor-section elementor-top-section elementor-element elementor-element-2f84ef40 elementor-section-full_width elementor-section-height-default elementor-section-height-default parallax_section_no qode_elementor_container_no\" data-id=\"2f84ef40\" data-element_type=\"section\" data-e-type=\"section\" data-settings=\"{&quot;background_background&quot;:&quot;classic&quot;}\">\n\t\t\t\t\t\t<div class=\"elementor-container elementor-column-gap-default\">\n\t\t\t\t\t<div class=\"elementor-column elementor-col-100 elementor-top-column elementor-element elementor-element-55596fa4\" data-id=\"55596fa4\" data-element_type=\"column\" data-e-type=\"column\">\n\t\t\t<div class=\"elementor-widget-wrap elementor-element-populated\">\n\t\t\t\t\t\t<section class=\"elementor-section elementor-inner-section elementor-element elementor-element-da1aa8c elementor-section-boxed elementor-section-height-default elementor-section-height-default parallax_section_no qode_elementor_container_no\" data-id=\"da1aa8c\" data-element_type=\"section\" data-e-type=\"section\">\n\t\t\t\t\t\t<div class=\"elementor-container elementor-column-gap-extended\">\n\t\t\t\t\t<div class=\"elementor-column elementor-col-100 elementor-inner-column elementor-element elementor-element-916ce81\" data-id=\"916ce81\" data-element_type=\"column\" data-e-type=\"column\">\n\t\t\t<div class=\"elementor-widget-wrap elementor-element-populated\">\n\t\t\t\t\t\t<div class=\"elementor-element elementor-element-0119b7a elementor-widget elementor-widget-text-editor\" data-id=\"0119b7a\" data-element_type=\"widget\" data-e-type=\"widget\" data-widget_type=\"text-editor.default\">\n\t\t\t\t<div class=\"elementor-widget-container\">\n\t\t\t\t\t\t\t\t\t<h2 style=\"text-align: center;\">PARA DESCOBRIR OS RECURSOS DISPON\u00cdVEIS NO SEU PR\u00d3PRIO PA\u00cdS\/LINGUA<\/h2>\n<p><strong>N\u00e3o h\u00e1 muitos websites que falam sobre nosso tipo de c\u00e2ncer, pois \u00e9 t\u00e3o raro. Mas voc\u00ea ainda pode encontrar alguns recursos em diferentes websites.<\/strong><\/p>\n<p>Aqui est\u00e1 uma lista de sites onde o C\u00c2NCER ADRENOCORTICAL \u00e9 mencionado, em todo o mundo, em diferentes idiomas.<\/p>\n<p>Se voc\u00ea conhece outros websites, se faz favor entre em <a href=\"https:\/\/letscureacc.com\/pt-pt\/contate-nos\/\">contato conosco<\/a> para que possamos perguntar aos gerentes do grupo se eles nos permitir\u00e3o coloc\u00e1-los neste website.<\/p>\n\t\t\t\t\t\t\t\t<\/div>\n\t\t\t\t<\/div>\n\t\t\t\t\t<\/div>\n\t\t<\/div>\n\t\t\t\t\t<\/div>\n\t\t<\/section>\n\t\t\t\t\t<\/div>\n\t\t<\/div>\n\t\t\t\t\t<\/div>\n\t\t<\/section>\n\t\t\t\t<section class=\"elementor-section elementor-top-section elementor-element elementor-element-435e165 qode_elementor_container_inner elementor-section-boxed elementor-section-height-default elementor-section-height-default parallax_section_no\" data-id=\"435e165\" data-element_type=\"section\" data-e-type=\"section\" data-settings=\"{&quot;background_background&quot;:&quot;classic&quot;}\">\n\t\t\t\t\t\t<div class=\"elementor-container elementor-column-gap-default\">\n\t\t\t\t\t<div class=\"elementor-column elementor-col-100 elementor-top-column elementor-element elementor-element-4881797\" data-id=\"4881797\" data-element_type=\"column\" data-e-type=\"column\">\n\t\t\t<div class=\"elementor-widget-wrap elementor-element-populated\">\n\t\t\t\t\t\t<div class=\"elementor-element elementor-element-bf7a576 elementor-widget elementor-widget-text-editor\" data-id=\"bf7a576\" data-element_type=\"widget\" data-e-type=\"widget\" data-widget_type=\"text-editor.default\">\n\t\t\t\t<div class=\"elementor-widget-container\">\n\t\t\t\t\t\t\t\t\t<h3>Brasileiro \/ Portugu\u00eas:<\/h3>\n<p><\/p>\n<ul>\n<li><a href=\"https:\/\/www.ligacontracancro.pt\/\" target=\"_blank\" rel=\"noopener\">LIGA PORTUGUESA CONTRA O CANCRO<\/a><\/li>\n<li><a href=\"https:\/\/www.inca.gov.br\/\" target=\"_blank\" rel=\"noopener\">INCA<\/a><\/li>\n<li><a href=\"https:\/\/en.abaddison.org.br\/\" target=\"_blank\" rel=\"noopener\">ABA<\/a><\/li>\n<\/ul>\n<p><\/p>\n<h3><\/h3>\n<p><\/p>\n<h3>Dinamarqu\u00eas:<\/h3>\n<p><\/p>\n<ul>\n<li><span style=\"font-weight: 400;\"><a href=\"https:\/\/www.addison.dk\">ADDISON<\/a> (also available in English) <\/span><\/li>\n<\/ul>\n<p><\/p>\n<h3><\/h3>\n<p><\/p>\n<h3>Ingl\u00eas:<\/h3>\n<p><\/p>\n<ul>\n<li><a href=\"https:\/\/www.cancer.org\/cancer\/adrenal-cancer.html\" target=\"_blank\" rel=\"noopener\">AMERICAN CANCER SOCIETY\u00a0<\/a><\/li>\n<li><a href=\"https:\/\/cancer.ca\/en\/cancer-information\/cancer-types\/adrenal-gland\" target=\"_blank\" rel=\"noopener\">CANADIAN CANCER SOCIETY<\/a><\/li>\n<li><a href=\"https:\/\/accsupport.org.uk\">ACC SUPPORT UK<\/a><\/li>\n<li><a href=\"http:\/\/www.amend.org.uk\">AMEND<\/a><\/li>\n<li><a href=\"http:\/\/www.CSRF.net\">CUSHING\u2019S SUPPORT &amp; RESEARCH FOUNDATION<\/a><\/li>\n<li><a href=\"https:\/\/aiunited.org\/\">ADRENAL INSUFFICIENCY UNITED<\/a><\/li>\n<li><a href=\"http:\/\/www.caresfoundation.org\">CONGENITAL ADRENAL HYPERPLASIA<\/a><\/li>\n<li><a href=\"https:\/\/www.nadf.us\/\">NADF<\/a><\/li>\n<li><a href=\"http:\/\/WWW.WAPO.ORG\">WORLD ALLIANCE OF PITUITARY ORGANIZATIONS<\/a><\/li>\n<\/ul>\n<p><\/p>\n<h3><\/h3>\n<p><\/p>\n<h3>Franc\u00eas:<\/h3>\n<p><\/p>\n<ul>\n<li><a href=\"https:\/\/www.surrenales.com\/corticosurrenalome\/\" target=\"_blank\" rel=\"noopener\">ASSOCIATION SURRENALES<\/a><\/li>\n<li><a href=\"http:\/\/surrenales.aphp.fr\/\" target=\"_blank\" rel=\"noopener\">CENTRE DE R\u00c9F\u00c9RENCE MALADIES RARES DE LA SURR\u00c9NALE<\/a><\/li>\n<li><a href=\"http:\/\/www.firendo.fr\/\" target=\"_blank\" rel=\"noopener\">FILI\u00c8RE MALADIES ENDOCRINIENNES RARES<\/a><\/li>\n<li><a href=\"https:\/\/www.cancer.ca\/fr-ca\/cancer-information\/cancer-type\/adrenal-gland\/adrenal-gland-cancer\/?region=qc\" target=\"_blank\" rel=\"noopener\">SOCI\u00c9T\u00c9 CANADIENNE DU CANCER<\/a><\/li>\n<\/ul>\n<p><\/p>\n<h3><\/h3>\n<p><\/p>\n<h3>Alem\u00e3o:<\/h3>\n<p><\/p>\n<ul>\n<li><a href=\"https:\/\/www.glandula-online.de\/\">NETZWERK HYPOPHYSEN-UND NEBENNIERENERKRANKUNGEN E. V.<\/a><\/li>\n<li><a href=\"http:\/\/adrenal-research.de\/\">ADRENAL RESEARCH<\/a><\/li>\n<\/ul>\n<p><\/p>\n<h3><\/h3>\n<p><\/p>\n<h3>Italiano:<\/h3>\n<p><\/p>\n<ul>\n<li><a href=\"http:\/\/www.ilmioamicocushing.it\" target=\"_blank\" rel=\"noopener\">ILMIOAMICOCUSHING<\/a><\/li>\n<\/ul>\n<p><\/p>\n<h3><\/h3>\n<p><\/p>\n<h3>Chin\u00eas:<\/h3>\n<p><\/p>\n<ul>\n<li><a href=\"http:\/\/www.raredisease.cn\/\">CORD \u2013 Chinese Organization for Rare Disorders<\/a>\u00a0(also available in English)<\/li>\n<\/ul>\n<p><\/p>\n<h3><\/h3>\n<p><\/p>\n<h3>Espanhol:<\/h3>\n<p><\/p>\n<ul>\n<li><a href=\"https:\/\/www.adisen.es\/\">ASOCIACION NACIONAL DE ADDISON<\/a><\/li>\n<li><a href=\"http:\/\/pheipas.org\/\">ASOCIACI\u00d3N PHEIPHAS &#8211; PHEOCHROMOCYTOMA I PARAGANGLIOMA ACCI\u00d3N<\/a><a href=\"http:\/\/pheipas.org\/\"> SOLIDARIA<\/a><\/li>\n<\/ul>\n\t\t\t\t\t\t\t\t<\/div>\n\t\t\t\t<\/div>\n\t\t\t\t\t<\/div>\n\t\t<\/div>\n\t\t\t\t\t<\/div>\n\t\t<\/section>\n\t\t\t\t<\/div>\n\t\t","protected":false},"excerpt":{"rendered":"<p>PARA DESCOBRIR OS RECURSOS DISPON\u00cdVEIS NO SEU PR\u00d3PRIO PA\u00cdS\/LINGUA N\u00e3o h\u00e1 muitos websites que falam sobre nosso tipo de c\u00e2ncer, pois \u00e9 t\u00e3o raro. Mas voc\u00ea ainda pode encontrar alguns recursos em diferentes websites. Aqui est\u00e1 uma lista de sites onde o C\u00c2NCER ADRENOCORTICAL \u00e9&#8230;<\/p>\n","protected":false},"author":416,"featured_media":0,"parent":0,"menu_order":0,"comment_status":"closed","ping_status":"closed","template":"full_width.php","meta":{"give_campaign_id":0,"inline_featured_image":false,"footnotes":""},"class_list":["post-7169","page","type-page","status-publish","hentry"],"campaignId":"","_links":{"self":[{"href":"http:\/\/letscureacc.com\/pt-pt\/wp-json\/wp\/v2\/pages\/7169","targetHints":{"allow":["GET"]}}],"collection":[{"href":"http:\/\/letscureacc.com\/pt-pt\/wp-json\/wp\/v2\/pages"}],"about":[{"href":"http:\/\/letscureacc.com\/pt-pt\/wp-json\/wp\/v2\/types\/page"}],"author":[{"embeddable":true,"href":"http:\/\/letscureacc.com\/pt-pt\/wp-json\/wp\/v2\/users\/416"}],"replies":[{"embeddable":true,"href":"http:\/\/letscureacc.com\/pt-pt\/wp-json\/wp\/v2\/comments?post=7169"}],"version-history":[{"count":0,"href":"http:\/\/letscureacc.com\/pt-pt\/wp-json\/wp\/v2\/pages\/7169\/revisions"}],"wp:attachment":[{"href":"http:\/\/letscureacc.com\/pt-pt\/wp-json\/wp\/v2\/media?parent=7169"}],"curies":[{"name":"wp","href":"https:\/\/api.w.org\/{rel}","templated":true}]}}