{"id":7334,"date":"2022-06-08T14:36:30","date_gmt":"2022-06-08T12:36:30","guid":{"rendered":"https:\/\/letscureacc.com\/?page_id=7334"},"modified":"2025-07-18T11:17:12","modified_gmt":"2025-07-18T09:17:12","slug":"dos-perdidos","status":"publish","type":"page","link":"http:\/\/letscureacc.com\/pt-pt\/dos-perdidos\/","title":{"rendered":"Dos perdidos"},"content":{"rendered":"\t\t<div data-elementor-type=\"wp-page\" data-elementor-id=\"7334\" class=\"elementor elementor-7334 elementor-679\">\n\t\t\t\t\t\t<section class=\"elementor-section elementor-top-section elementor-element elementor-element-2f84ef40 elementor-section-full_width elementor-section-height-default elementor-section-height-default parallax_section_no qode_elementor_container_no\" data-id=\"2f84ef40\" data-element_type=\"section\" data-e-type=\"section\" data-settings=\"{&quot;background_background&quot;:&quot;classic&quot;}\">\n\t\t\t\t\t\t<div class=\"elementor-container elementor-column-gap-default\">\n\t\t\t\t\t<div class=\"elementor-column elementor-col-100 elementor-top-column elementor-element elementor-element-55596fa4\" data-id=\"55596fa4\" data-element_type=\"column\" data-e-type=\"column\">\n\t\t\t<div class=\"elementor-widget-wrap elementor-element-populated\">\n\t\t\t\t\t\t<section class=\"elementor-section elementor-inner-section elementor-element elementor-element-da1aa8c elementor-section-boxed elementor-section-height-default elementor-section-height-default parallax_section_no qode_elementor_container_no\" data-id=\"da1aa8c\" data-element_type=\"section\" data-e-type=\"section\">\n\t\t\t\t\t\t<div class=\"elementor-container elementor-column-gap-extended\">\n\t\t\t\t\t<div class=\"elementor-column elementor-col-100 elementor-inner-column elementor-element elementor-element-916ce81\" data-id=\"916ce81\" data-element_type=\"column\" data-e-type=\"column\">\n\t\t\t<div class=\"elementor-widget-wrap elementor-element-populated\">\n\t\t\t\t\t\t<div class=\"elementor-element elementor-element-0119b7a elementor-widget elementor-widget-text-editor\" data-id=\"0119b7a\" data-element_type=\"widget\" data-e-type=\"widget\" data-widget_type=\"text-editor.default\">\n\t\t\t\t<div class=\"elementor-widget-container\">\n\t\t\t\t\t\t\t\t\t<h2 style=\"text-align: center;\">ALGUNS PACIENTES N\u00c3O CONSEGUIRAM, MAS ELES (E SUAS FAM\u00cdLIAS) GOSTARIAM<br \/>QUE VOC\u00ca LUTASSE POR SI E POR ELES!<\/h2><p>Suas hist\u00f3rias, embora tristes, podem ser informativas&#8230; Por favor, lembre-se delas<strong> E LUTE!<\/strong><\/p><p>Aqui est\u00e3o alguns websites:<\/p><ul><li>Drew O&#8217;Donoghue, um m\u00fasico reconhecido, morreu aos 22 anos de idade, ap\u00f3s um ano de batalha (em ingl\u00eas):<br \/><a href=\"http:\/\/www.thedrewodonoghuefund.org\">http:\/\/www.thedrewodonoghuefund.org<\/a><\/li><\/ul><ul><li>Sarah infelizmente deixou os seus dois filhos pequenos, o seu marido e a sua amada fam\u00edlia aos 33 anos de idade, e Kathleen tinha apenas 29 anos quando foi separada de seu amado marido e fam\u00edlia para sempre. Felizmente, o pequeno Micah, diagnosticado aos 4 anos, \u00e9 NED depois de uma dif\u00edcil batalha contra a doen\u00e7a. Encontre as suas hist\u00f3rias e muito mais explica\u00e7\u00f5es sobre o Carcinoma do C\u00f3rtex Adrenal (CCA ou ACC) (em ingl\u00eas) em <a href=\"https:\/\/www.accwarriors.org\">https:\/\/www.accwarriors.org<\/a><\/li><\/ul>\t\t\t\t\t\t\t\t<\/div>\n\t\t\t\t<\/div>\n\t\t\t\t\t<\/div>\n\t\t<\/div>\n\t\t\t\t\t<\/div>\n\t\t<\/section>\n\t\t\t\t\t<\/div>\n\t\t<\/div>\n\t\t\t\t\t<\/div>\n\t\t<\/section>\n\t\t\t\t<\/div>\n\t\t","protected":false},"excerpt":{"rendered":"<p>ALGUNS PACIENTES N\u00c3O CONSEGUIRAM, MAS ELES (E SUAS FAM\u00cdLIAS) GOSTARIAMQUE VOC\u00ca LUTASSE POR SI E POR ELES! Suas hist\u00f3rias, embora tristes, podem ser informativas&#8230; Por favor, lembre-se delas E LUTE! Aqui est\u00e3o alguns websites: Drew O&#8217;Donoghue, um m\u00fasico reconhecido, morreu aos 22 anos de idade,&#8230;<\/p>\n","protected":false},"author":416,"featured_media":0,"parent":0,"menu_order":0,"comment_status":"closed","ping_status":"closed","template":"full_width.php","meta":{"give_campaign_id":0,"inline_featured_image":false,"footnotes":""},"class_list":["post-7334","page","type-page","status-publish","hentry"],"campaignId":"","_links":{"self":[{"href":"http:\/\/letscureacc.com\/pt-pt\/wp-json\/wp\/v2\/pages\/7334","targetHints":{"allow":["GET"]}}],"collection":[{"href":"http:\/\/letscureacc.com\/pt-pt\/wp-json\/wp\/v2\/pages"}],"about":[{"href":"http:\/\/letscureacc.com\/pt-pt\/wp-json\/wp\/v2\/types\/page"}],"author":[{"embeddable":true,"href":"http:\/\/letscureacc.com\/pt-pt\/wp-json\/wp\/v2\/users\/416"}],"replies":[{"embeddable":true,"href":"http:\/\/letscureacc.com\/pt-pt\/wp-json\/wp\/v2\/comments?post=7334"}],"version-history":[{"count":0,"href":"http:\/\/letscureacc.com\/pt-pt\/wp-json\/wp\/v2\/pages\/7334\/revisions"}],"wp:attachment":[{"href":"http:\/\/letscureacc.com\/pt-pt\/wp-json\/wp\/v2\/media?parent=7334"}],"curies":[{"name":"wp","href":"https:\/\/api.w.org\/{rel}","templated":true}]}}