{"id":9868,"date":"2025-10-21T18:43:52","date_gmt":"2025-10-21T16:43:52","guid":{"rendered":"https:\/\/letscureacc.com\/domovska-stranka\/"},"modified":"2026-01-23T20:49:42","modified_gmt":"2026-01-23T19:49:42","slug":"domovska-stranka","status":"publish","type":"page","link":"http:\/\/letscureacc.com\/sk\/","title":{"rendered":"Domovsk\u00e1 str\u00e1nka"},"content":{"rendered":"\t\t<div data-elementor-type=\"wp-page\" data-elementor-id=\"9868\" class=\"elementor elementor-9868 elementor-12\">\n\t\t\t\t\t\t<section class=\"elementor-section elementor-top-section elementor-element elementor-element-c0ba6b0 elementor-section-full_width elementor-section-height-default elementor-section-height-default parallax_section_no qode_elementor_container_no\" data-id=\"c0ba6b0\" data-element_type=\"section\" data-e-type=\"section\">\n\t\t\t\t\t\t<div class=\"elementor-container elementor-column-gap-no\">\n\t\t\t\t\t<div class=\"elementor-column elementor-col-100 elementor-top-column elementor-element elementor-element-1b1f1ee\" data-id=\"1b1f1ee\" data-element_type=\"column\" data-e-type=\"column\">\n\t\t\t<div class=\"elementor-widget-wrap elementor-element-populated\">\n\t\t\t\t\t\t<div class=\"elementor-element elementor-element-338731d elementor-widget elementor-widget-slider_revolution\" data-id=\"338731d\" data-element_type=\"widget\" data-e-type=\"widget\" data-widget_type=\"slider_revolution.default\">\n\t\t\t\t<div class=\"elementor-widget-container\">\n\t\t\t\t\t\n\t\t<div class=\"wp-block-themepunch-revslider\">\n\t\t\t<!-- START HomeSlider Slovak REVOLUTION SLIDER 6.5.5 --><p class=\"rs-p-wp-fix\"><\/p>\n\t\t\t<rs-module-wrap id=\"rev_slider_11_1_wrapper\" data-source=\"gallery\" style=\"visibility:hidden;background:#f8fbfa;padding:0;margin:0px auto;margin-top:0;margin-bottom:0;\">\n\t\t\t\t<rs-module id=\"rev_slider_11_1\" style=\"\" data-version=\"6.5.5\">\n\t\t\t\t\t<rs-slides>\n\t\t\t\t\t\t<rs-slide style=\"position: absolute;\" data-key=\"rs-42\" data-title=\"Slide\" data-in=\"o:0;\" data-out=\"a:false;\">\n\t\t\t\t\t\t\t<img decoding=\"async\" src=\"\/\/letscureacc.com\/wp-content\/plugins\/revslider\/public\/assets\/assets\/dummy.png\" alt=\"Slide\" title=\"Domovsk\u00e1 str\u00e1nka\" class=\"rev-slidebg tp-rs-img rs-lazyload\" data-lazyload=\"\/\/letscureacc.com\/wp-content\/plugins\/revslider\/public\/assets\/assets\/transparent.png\" data-bg=\"c:#f8fbfa;\" data-no-retina>\n<!--\n\t\t\t\t\t\t\t--><rs-layer\n\t\t\t\t\t\t\t\tid=\"slider-11-slide-42-layer-0\" \n\t\t\t\t\t\t\t\tdata-type=\"image\"\n\t\t\t\t\t\t\t\tdata-xy=\"x:c;xo:370px,279px,-3px,0;y:m;yo:14px,16px,-213px,-162px;\"\n\t\t\t\t\t\t\t\tdata-text=\"w:normal;\"\n\t\t\t\t\t\t\t\tdata-dim=\"w:532px,571px,356px,305px;h:553px,565px,352px,317px;\"\n\t\t\t\t\t\t\t\tdata-basealign=\"slide\"\n\t\t\t\t\t\t\t\tdata-rsp_o=\"off\"\n\t\t\t\t\t\t\t\tdata-rsp_bd=\"off\"\n\t\t\t\t\t\t\t\tdata-frame_0=\"y:50;\"\n\t\t\t\t\t\t\t\tdata-frame_1=\"e:power1.out;st:300;sp:500;\"\n\t\t\t\t\t\t\t\tdata-frame_999=\"o:0;e:power1.out;st:w;\"\n\t\t\t\t\t\t\t\tstyle=\"z-index:8;\"\n\t\t\t\t\t\t\t><img fetchpriority=\"high\" decoding=\"async\" src=\"\/\/letscureacc.com\/wp-content\/plugins\/revslider\/public\/assets\/assets\/dummy.png\" class=\"tp-rs-img rs-lazyload\" width=\"1333\" height=\"1385\" data-lazyload=\"\/\/lcacc.wpengine.com\/wp-content\/uploads\/2021\/08\/People-06.png\" data-no-retina> \n\t\t\t\t\t\t\t<\/rs-layer><!--\n\n\t\t\t\t\t\t\t--><rs-layer\n\t\t\t\t\t\t\t\tid=\"slider-11-slide-42-layer-3\" \n\t\t\t\t\t\t\t\tdata-type=\"text\"\n\t\t\t\t\t\t\t\tdata-color=\"#caa2dd\"\n\t\t\t\t\t\t\t\tdata-rsp_ch=\"on\"\n\t\t\t\t\t\t\t\tdata-xy=\"x:l,l,c,c;xo:4px,4px,-7px,0;y:m;yo:-128px,-128px,23px,49px;\"\n\t\t\t\t\t\t\t\tdata-text=\"w:normal;s:60,50,30,30;l:70,60,40,40;a:center;\"\n\t\t\t\t\t\t\t\tdata-frame_0=\"x:50;\"\n\t\t\t\t\t\t\t\tdata-frame_1=\"e:power1.out;st:500;sp:500;\"\n\t\t\t\t\t\t\t\tdata-frame_999=\"o:0;e:power1.out;st:w;\"\n\t\t\t\t\t\t\t\tstyle=\"z-index:12;font-family:'Nunito';\"\n\t\t\t\t\t\t\t><strong>\u041e Let\u2019s Cure ACC<\/strong> \n\t\t\t\t\t\t\t<\/rs-layer><!--\n\n\t\t\t\t\t\t\t--><rs-layer\n\t\t\t\t\t\t\t\tid=\"slider-11-slide-42-layer-6\" \n\t\t\t\t\t\t\t\tdata-type=\"text\"\n\t\t\t\t\t\t\t\tdata-color=\"#484848||#484848||#000000||#000000\"\n\t\t\t\t\t\t\t\tdata-xy=\"x:l,l,c,c;xo:0,0,5px,-4px;y:m;yo:144px,144px,194px,141px;\"\n\t\t\t\t\t\t\t\tdata-text=\"w:normal;a:left,left,center,center;\"\n\t\t\t\t\t\t\t\tdata-dim=\"w:985px,985px,362px,294px;\"\n\t\t\t\t\t\t\t\tdata-rsp_o=\"off\"\n\t\t\t\t\t\t\t\tdata-rsp_bd=\"off\"\n\t\t\t\t\t\t\t\tdata-frame_0=\"x:50;\"\n\t\t\t\t\t\t\t\tdata-frame_1=\"e:power1.out;st:1000;sp:500;\"\n\t\t\t\t\t\t\t\tdata-frame_999=\"o:0;e:power1.out;st:w;\"\n\t\t\t\t\t\t\t\tstyle=\"z-index:14;font-family:'Nunito';\"\n\t\t\t\t\t\t\t><a  itemprop=\"url\" href=\"https:\/\/letscureacc.com\/sk\/o-organizacii-lets-cure-acc-new\/\" target=\"_self\" data-hover-background-color='#86DEE2'  class=\"qbutton  default\" style=\"background-color: #FEA9AE;\">\u202fPodrobnosti\u202f<\/a> \n\t\t\t\t\t\t\t<\/rs-layer><!--\n-->\t\t\t\t\t\t<\/rs-slide>\n\t\t\t\t\t\t<rs-slide style=\"position: absolute;\" data-key=\"rs-43\" data-title=\"Slide\" data-in=\"o:0;\" data-out=\"a:false;\">\n\t\t\t\t\t\t\t<img decoding=\"async\" src=\"\/\/letscureacc.com\/wp-content\/plugins\/revslider\/public\/assets\/assets\/dummy.png\" alt=\"Slide\" title=\"Domovsk\u00e1 str\u00e1nka\" class=\"rev-slidebg tp-rs-img rs-lazyload\" data-lazyload=\"\/\/letscureacc.com\/wp-content\/plugins\/revslider\/public\/assets\/assets\/transparent.png\" data-bg=\"c:#f8fbfa;\" data-no-retina>\n<!--\n\t\t\t\t\t\t\t--><rs-layer\n\t\t\t\t\t\t\t\tid=\"slider-11-slide-43-layer-0\" \n\t\t\t\t\t\t\t\tdata-type=\"image\"\n\t\t\t\t\t\t\t\tdata-xy=\"x:c;xo:403px,248px,-17px,5px;y:m;yo:8px,-84px,-157px,-146px;\"\n\t\t\t\t\t\t\t\tdata-text=\"w:normal;\"\n\t\t\t\t\t\t\t\tdata-dim=\"w:674px,535px,340px,289px;h:674px,362px,340px,289px;\"\n\t\t\t\t\t\t\t\tdata-basealign=\"slide\"\n\t\t\t\t\t\t\t\tdata-rsp_o=\"off\"\n\t\t\t\t\t\t\t\tdata-rsp_bd=\"off\"\n\t\t\t\t\t\t\t\tdata-frame_0=\"y:50;\"\n\t\t\t\t\t\t\t\tdata-frame_1=\"e:power1.out;st:300;sp:500;\"\n\t\t\t\t\t\t\t\tdata-frame_999=\"o:0;e:power1.out;st:w;\"\n\t\t\t\t\t\t\t\tstyle=\"z-index:8;\"\n\t\t\t\t\t\t\t><img decoding=\"async\" src=\"\/\/letscureacc.com\/wp-content\/plugins\/revslider\/public\/assets\/assets\/dummy.png\" class=\"tp-rs-img rs-lazyload\" width=\"2000\" height=\"2000\" data-lazyload=\"\/\/lcacc.wpengine.com\/wp-content\/uploads\/2021\/08\/woman_cloud-01.svg\" data-no-retina> \n\t\t\t\t\t\t\t<\/rs-layer><!--\n\n\t\t\t\t\t\t\t--><rs-layer\n\t\t\t\t\t\t\t\tid=\"slider-11-slide-43-layer-1\" \n\t\t\t\t\t\t\t\tdata-type=\"text\"\n\t\t\t\t\t\t\t\tdata-color=\"#484848\"\n\t\t\t\t\t\t\t\tdata-xy=\"xo:313px,8px,23px,526px;y:m;yo:-11px,-55px,162px,-3px;\"\n\t\t\t\t\t\t\t\tdata-text=\"w:normal;s:17;l:28;a:left,left,center,center;\"\n\t\t\t\t\t\t\t\tdata-dim=\"w:450,450,430px,430px;h:135;\"\n\t\t\t\t\t\t\t\tdata-vbility=\"t,t,t,f\"\n\t\t\t\t\t\t\t\tdata-rsp_o=\"off\"\n\t\t\t\t\t\t\t\tdata-rsp_bd=\"off\"\n\t\t\t\t\t\t\t\tdata-frame_0=\"x:44px;\"\n\t\t\t\t\t\t\t\tdata-frame_1=\"e:power1.out;st:800;sp:500;\"\n\t\t\t\t\t\t\t\tdata-frame_999=\"o:0;e:power1.out;st:w;\"\n\t\t\t\t\t\t\t\tstyle=\"z-index:11;font-family:'Montserrat';\"\n\t\t\t\t\t\t\t>\u010co vedie\u0165 o progn\u00f3ze pri ACC<br \/>\nACC u det\u00ed a t\u00edned\u017eerov<br \/>\nO n\u00e1s \u2013 Let\u2019s Cure ACC<br \/>\n\u010eal\u0161ie zdroje vo va\u0161om jazyku \n\t\t\t\t\t\t\t<\/rs-layer><!--\n\n\t\t\t\t\t\t\t--><rs-layer\n\t\t\t\t\t\t\t\tid=\"slider-11-slide-43-layer-3\" \n\t\t\t\t\t\t\t\tdata-type=\"text\"\n\t\t\t\t\t\t\t\tdata-color=\"#caa2dd\"\n\t\t\t\t\t\t\t\tdata-xy=\"x:l,l,c,c;xo:-4px,12px,0,-1px;y:m;yo:-146px,-188px,56px,43px;\"\n\t\t\t\t\t\t\t\tdata-text=\"w:normal;s:60,50,30,30;l:70,60,40,40;a:left,left,center,center;\"\n\t\t\t\t\t\t\t\tdata-dim=\"w:auto,auto,372.875px,315px;\"\n\t\t\t\t\t\t\t\tdata-rsp_o=\"off\"\n\t\t\t\t\t\t\t\tdata-rsp_bd=\"off\"\n\t\t\t\t\t\t\t\tdata-frame_0=\"x:50;\"\n\t\t\t\t\t\t\t\tdata-frame_1=\"e:power1.out;st:500;sp:500;\"\n\t\t\t\t\t\t\t\tdata-frame_999=\"o:0;e:power1.out;st:w;\"\n\t\t\t\t\t\t\t\tstyle=\"z-index:9;font-family:'Nunito';\"\n\t\t\t\t\t\t\t><strong>Sprievodca pacienta<\/strong> \n\t\t\t\t\t\t\t<\/rs-layer><!--\n\n\t\t\t\t\t\t\t--><rs-layer\n\t\t\t\t\t\t\t\tid=\"slider-11-slide-43-layer-5\" \n\t\t\t\t\t\t\t\tdata-type=\"text\"\n\t\t\t\t\t\t\t\tdata-color=\"#484848\"\n\t\t\t\t\t\t\t\tdata-xy=\"xo:3px,8px,23px,526px;y:m;yo:-7px,-55px,162px,-3px;\"\n\t\t\t\t\t\t\t\tdata-text=\"w:normal;s:17;l:28;a:left,left,center,center;\"\n\t\t\t\t\t\t\t\tdata-dim=\"w:450,450,430px,430px;h:135;\"\n\t\t\t\t\t\t\t\tdata-vbility=\"t,t,t,f\"\n\t\t\t\t\t\t\t\tdata-rsp_o=\"off\"\n\t\t\t\t\t\t\t\tdata-rsp_bd=\"off\"\n\t\t\t\t\t\t\t\tdata-frame_0=\"x:44px;\"\n\t\t\t\t\t\t\t\tdata-frame_1=\"e:power1.out;st:800;sp:500;\"\n\t\t\t\t\t\t\t\tdata-frame_999=\"o:0;e:power1.out;st:w;\"\n\t\t\t\t\t\t\t\tstyle=\"z-index:10;font-family:'Montserrat';\"\n\t\t\t\t\t\t\t>\u010co je ACC?<br \/>\nV\u00e1\u0161 lek\u00e1rsky t\u00edm<br \/>\nPodpora pre pacientov s ACC<br \/>\nMo\u017enosti lie\u010dby \n\t\t\t\t\t\t\t<\/rs-layer><!--\n\n\t\t\t\t\t\t\t--><rs-layer\n\t\t\t\t\t\t\t\tid=\"slider-11-slide-43-layer-6\" \n\t\t\t\t\t\t\t\tdata-type=\"text\"\n\t\t\t\t\t\t\t\tdata-color=\"#484848\"\n\t\t\t\t\t\t\t\tdata-xy=\"xo:-1px,8px,60px,22px;y:m;yo:144px,54px,249px,152px;\"\n\t\t\t\t\t\t\t\tdata-text=\"w:normal;a:left,left,center,center;\"\n\t\t\t\t\t\t\t\tdata-dim=\"w:985px,985px,365px,332px;\"\n\t\t\t\t\t\t\t\tdata-rsp_o=\"off\"\n\t\t\t\t\t\t\t\tdata-rsp_bd=\"off\"\n\t\t\t\t\t\t\t\tdata-frame_0=\"x:50;\"\n\t\t\t\t\t\t\t\tdata-frame_1=\"e:power1.out;st:1000;sp:500;\"\n\t\t\t\t\t\t\t\tdata-frame_999=\"o:0;e:power1.out;st:w;\"\n\t\t\t\t\t\t\t\tstyle=\"z-index:12;font-family:'Nunito';\"\n\t\t\t\t\t\t\t><a  itemprop=\"url\" href=\"\" target=\"_self\" data-hover-background-color='#86DEE2'  class=\"qbutton  default\" style=\"background-color: #FEA9AE;\">\u202fPodrobnosti\u202f<\/a> \n\t\t\t\t\t\t\t<\/rs-layer><!--\n-->\t\t\t\t\t\t<\/rs-slide>\n\t\t\t\t\t<\/rs-slides>\n\t\t\t\t<\/rs-module>\n\t\t\t\t<script type=\"text\/javascript\">\n\t\t\t\t\tsetREVStartSize({c: 'rev_slider_11_1',rl:[1240,1024,778,480],el:[894,646,768,694],gw:[1024,778,480,375],gh:[894,646,768,694],type:'standard',justify:'',layout:'fullwidth',mh:\"0\"});if (window.RS_MODULES!==undefined && window.RS_MODULES.modules!==undefined && window.RS_MODULES.modules[\"revslider111\"]!==undefined) {window.RS_MODULES.modules[\"revslider111\"].once = false;window.revapi11 = undefined;window.RS_MODULES.checkMinimal()}\n\t\t\t\t<\/script>\n\t\t\t<\/rs-module-wrap>\n\t\t\t<!-- END REVOLUTION SLIDER -->\n<\/div>\n\n\t\t\t\t\t\t<\/div>\n\t\t\t\t<\/div>\n\t\t\t\t\t<\/div>\n\t\t<\/div>\n\t\t\t\t\t<\/div>\n\t\t<\/section>\n\t\t\t\t<section class=\"elementor-section elementor-top-section elementor-element elementor-element-66adb16 elementor-section-boxed elementor-section-height-default elementor-section-height-default parallax_section_no qode_elementor_container_no\" data-id=\"66adb16\" data-element_type=\"section\" data-e-type=\"section\">\n\t\t\t\t\t\t<div class=\"elementor-container elementor-column-gap-default\">\n\t\t\t\t\t<div class=\"elementor-column elementor-col-100 elementor-top-column elementor-element elementor-element-930a186\" data-id=\"930a186\" data-element_type=\"column\" data-e-type=\"column\">\n\t\t\t<div class=\"elementor-widget-wrap elementor-element-populated\">\n\t\t\t\t\t\t<div class=\"elementor-element elementor-element-a26e00a elementor-widget elementor-widget-heading\" data-id=\"a26e00a\" data-element_type=\"widget\" data-e-type=\"widget\" data-widget_type=\"heading.default\">\n\t\t\t\t<div class=\"elementor-widget-container\">\n\t\t\t\t\t<h2 class=\"elementor-heading-title elementor-size-default\">Our partners<\/h2>\t\t\t\t<\/div>\n\t\t\t\t<\/div>\n\t\t\t\t\t<\/div>\n\t\t<\/div>\n\t\t\t\t\t<\/div>\n\t\t<\/section>\n\t\t\t\t<section class=\"elementor-section elementor-top-section elementor-element elementor-element-6f4c1bd elementor-section-full_width elementor-section-height-default elementor-section-height-default parallax_section_no qode_elementor_container_no\" data-id=\"6f4c1bd\" data-element_type=\"section\" data-e-type=\"section\" data-settings=\"{&quot;background_background&quot;:&quot;classic&quot;}\">\n\t\t\t\t\t\t<div class=\"elementor-container elementor-column-gap-no\">\n\t\t\t\t\t<div class=\"elementor-column elementor-col-100 elementor-top-column elementor-element elementor-element-eda7a02\" data-id=\"eda7a02\" data-element_type=\"column\" data-e-type=\"column\">\n\t\t\t<div class=\"elementor-widget-wrap elementor-element-populated\">\n\t\t\t\t\t\t<section class=\"elementor-section elementor-inner-section elementor-element elementor-element-ccc4a49 elementor-section-full_width qode_elementor_container_inner elementor-section-height-default elementor-section-height-default parallax_section_no\" data-id=\"ccc4a49\" data-element_type=\"section\" data-e-type=\"section\">\n\t\t\t\t\t\t<div class=\"elementor-container elementor-column-gap-no\">\n\t\t\t\t\t<div class=\"elementor-column elementor-col-100 elementor-inner-column elementor-element elementor-element-6dc92b3\" data-id=\"6dc92b3\" data-element_type=\"column\" data-e-type=\"column\">\n\t\t\t<div class=\"elementor-widget-wrap elementor-element-populated\">\n\t\t\t\t\t\t<div class=\"elementor-element elementor-element-b772886 elementor-widget elementor-widget-bridge_clients\" data-id=\"b772886\" data-element_type=\"widget\" data-e-type=\"widget\" data-widget_type=\"bridge_clients.default\">\n\t\t\t\t<div class=\"elementor-widget-container\">\n\t\t\t\t\t\n        <div class=\"qode_clients clearfix four_columns default qode_clients_separators_disabled\">\n\n            <div class=\"qode_client_holder\"><div class=\"qode_client_holder_inner\"><div class=\"qode_client_image_holder\"><a itemprop=\"url\" href=\"https:\/\/www.cancer.gov\/pediatric-adult-rare-tumor\/participate\/partners\" target=\"_blank\"><img decoding=\"async\" itemprop=\"image\" class=\"qode_client_main_image\" src=\"http:\/\/letscureacc.com\/wp-content\/uploads\/2022\/04\/part.png\" alt=\"\" \/><\/a><\/div><div class=\"qode_client_image_hover\"><\/div><\/div><\/div><div class=\"qode_client_holder\"><div class=\"qode_client_holder_inner\"><div class=\"qode_client_image_holder\"><a itemprop=\"url\" href=\"https:\/\/www.esteve.com\/\" target=\"_blank\"><img decoding=\"async\" itemprop=\"image\" class=\"qode_client_main_image\" src=\"http:\/\/letscureacc.com\/wp-content\/uploads\/2025\/05\/Group3.png\" alt=\"\" \/><\/a><\/div><div class=\"qode_client_image_hover\"><\/div><\/div><\/div><div class=\"qode_client_holder\"><div class=\"qode_client_holder_inner\"><div class=\"qode_client_image_holder\"><a itemprop=\"url\" href=\"https:\/\/www.surrenales.com\/\" target=\"_blank\"><img decoding=\"async\" itemprop=\"image\" class=\"qode_client_main_image\" src=\"http:\/\/letscureacc.com\/wp-content\/uploads\/2021\/09\/Group.png\" alt=\"\" \/><\/a><\/div><div class=\"qode_client_image_hover\"><\/div><\/div><\/div><div class=\"qode_client_holder\"><div class=\"qode_client_holder_inner\"><div class=\"qode_client_image_holder\"><a itemprop=\"url\" href=\"https:\/\/www.wapo.org\/\" target=\"_blank\"><img decoding=\"async\" itemprop=\"image\" class=\"qode_client_main_image\" src=\"http:\/\/letscureacc.com\/wp-content\/uploads\/2022\/04\/logo_wapo_sito.png\" alt=\"\" \/><\/a><\/div><div class=\"qode_client_image_hover\"><\/div><\/div><\/div>\n        <\/div>\n\n        \t\t\t\t<\/div>\n\t\t\t\t<\/div>\n\t\t\t\t\t<\/div>\n\t\t<\/div>\n\t\t\t\t\t<\/div>\n\t\t<\/section>\n\t\t\t\t\t<\/div>\n\t\t<\/div>\n\t\t\t\t\t<\/div>\n\t\t<\/section>\n\t\t\t\t<section class=\"elementor-section elementor-top-section elementor-element elementor-element-480f531 elementor-section-boxed elementor-section-height-default elementor-section-height-default parallax_section_no qode_elementor_container_no\" data-id=\"480f531\" data-element_type=\"section\" data-e-type=\"section\">\n\t\t\t\t\t\t<div class=\"elementor-container elementor-column-gap-default\">\n\t\t\t\t\t<div class=\"elementor-column elementor-col-100 elementor-top-column elementor-element elementor-element-2b77d10\" data-id=\"2b77d10\" data-element_type=\"column\" data-e-type=\"column\">\n\t\t\t<div class=\"elementor-widget-wrap elementor-element-populated\">\n\t\t\t\t\t\t<div class=\"elementor-element elementor-element-a9171e7 elementor-align-center elementor-widget elementor-widget-button\" data-id=\"a9171e7\" data-element_type=\"widget\" data-e-type=\"widget\" data-widget_type=\"button.default\">\n\t\t\t\t<div class=\"elementor-widget-container\">\n\t\t\t\t\t\t\t\t\t<div class=\"elementor-button-wrapper\">\n\t\t\t\t\t<a class=\"elementor-button elementor-button-link elementor-size-lg\" href=\"https:\/\/letscureacc.com\/our-partners\/\">\n\t\t\t\t\t\t<span class=\"elementor-button-content-wrapper\">\n\t\t\t\t\t\t\t\t\t<span class=\"elementor-button-text\">See more<\/span>\n\t\t\t\t\t<\/span>\n\t\t\t\t\t<\/a>\n\t\t\t\t<\/div>\n\t\t\t\t\t\t\t\t<\/div>\n\t\t\t\t<\/div>\n\t\t\t\t\t<\/div>\n\t\t<\/div>\n\t\t\t\t\t<\/div>\n\t\t<\/section>\n\t\t\t\t<\/div>\n\t\t","protected":false},"excerpt":{"rendered":"<p>Our partners See more<\/p>\n","protected":false},"author":416,"featured_media":9869,"parent":0,"menu_order":0,"comment_status":"closed","ping_status":"closed","template":"elementor_header_footer","meta":{"give_campaign_id":0,"inline_featured_image":false,"footnotes":""},"class_list":["post-9868","page","type-page","status-publish","has-post-thumbnail","hentry"],"campaignId":"","_links":{"self":[{"href":"http:\/\/letscureacc.com\/sk\/wp-json\/wp\/v2\/pages\/9868","targetHints":{"allow":["GET"]}}],"collection":[{"href":"http:\/\/letscureacc.com\/sk\/wp-json\/wp\/v2\/pages"}],"about":[{"href":"http:\/\/letscureacc.com\/sk\/wp-json\/wp\/v2\/types\/page"}],"author":[{"embeddable":true,"href":"http:\/\/letscureacc.com\/sk\/wp-json\/wp\/v2\/users\/416"}],"replies":[{"embeddable":true,"href":"http:\/\/letscureacc.com\/sk\/wp-json\/wp\/v2\/comments?post=9868"}],"version-history":[{"count":9,"href":"http:\/\/letscureacc.com\/sk\/wp-json\/wp\/v2\/pages\/9868\/revisions"}],"predecessor-version":[{"id":10613,"href":"http:\/\/letscureacc.com\/sk\/wp-json\/wp\/v2\/pages\/9868\/revisions\/10613"}],"wp:featuredmedia":[{"embeddable":true,"href":"http:\/\/letscureacc.com\/sk\/wp-json\/wp\/v2\/media\/9869"}],"wp:attachment":[{"href":"http:\/\/letscureacc.com\/sk\/wp-json\/wp\/v2\/media?parent=9868"}],"curies":[{"name":"wp","href":"https:\/\/api.w.org\/{rel}","templated":true}]}}