{"id":10114,"date":"2026-01-15T11:54:01","date_gmt":"2026-01-15T10:54:01","guid":{"rendered":"https:\/\/letscureacc.com\/spenden\/"},"modified":"2026-01-15T11:54:01","modified_gmt":"2026-01-15T10:54:01","slug":"spenden","status":"publish","type":"page","link":"https:\/\/letscureacc.com\/de\/spenden\/","title":{"rendered":"Spenden"},"content":{"rendered":"\t\t<div data-elementor-type=\"wp-page\" data-elementor-id=\"10114\" class=\"elementor elementor-10114 elementor-9917\">\n\t\t\t\t\t\t<section class=\"elementor-section elementor-top-section elementor-element elementor-element-76fe639 elementor-section-boxed elementor-section-height-default elementor-section-height-default parallax_section_no qode_elementor_container_no\" data-id=\"76fe639\" data-element_type=\"section\" data-e-type=\"section\">\n\t\t\t\t\t\t<div class=\"elementor-container elementor-column-gap-default\">\n\t\t\t\t\t<div class=\"elementor-column elementor-col-100 elementor-top-column elementor-element elementor-element-2d0218a\" data-id=\"2d0218a\" data-element_type=\"column\" data-e-type=\"column\">\n\t\t\t<div class=\"elementor-widget-wrap elementor-element-populated\">\n\t\t\t\t\t\t<div class=\"elementor-element elementor-element-35f5f32 elementor-widget elementor-widget-text-editor\" data-id=\"35f5f32\" data-element_type=\"widget\" data-e-type=\"widget\" data-widget_type=\"text-editor.default\">\n\t\t\t\t<div class=\"elementor-widget-container\">\n\t\t\t\t\t\t\t\t\t<p><span style=\"font-weight: 400;\">Wir sind uns der hohen Kosten bewusst, die diese Krankheit mit sich bringt, weshalb wir unseren Mitgliedsbeitrag symbolisch halten. Wir schlagen eine<\/span> <b>Spende von 20 \u20ac <\/b> <span style=\"font-weight: 400;\"> vor und sch\u00e4tzen diese sehr, aber Sie k\u00f6nnen selbstverst\u00e4ndlich jeden Betrag spenden, der sich f\u00fcr Sie richtig anf\u00fchlt \u2013 ob mehr oder weniger. Jeder Beitrag macht einen Unterschied, egal ob Sie Patient, Betreuer, Familienmitglied, Freund oder medizinisches Fachpersonal sind.<\/span><\/p><p><span style=\"font-weight: 400;\">W\u00e4hlen Sie den Betrag, den Sie spenden m\u00f6chten \u2013<\/span><b> wir schlagen 20 \u20ac vor, aber jeder Beitrag ist willkommen<\/b><span style=\"font-weight: 400;\">. Sie werden anschlie\u00dfend auf die sichere PayPal-Zahlungsseite weitergeleitet, um die Zahlung abzuschlie\u00dfen. Es erfolgt keine automatische Verl\u00e4ngerung der Mitgliedsgeb\u00fchren. <\/span><\/p>\t\t\t\t\t\t\t\t<\/div>\n\t\t\t\t<\/div>\n\t\t\t\t\t<\/div>\n\t\t<\/div>\n\t\t\t\t\t<\/div>\n\t\t<\/section>\n\t\t\t\t<section class=\"elementor-section elementor-top-section elementor-element elementor-element-b239d0c elementor-section-boxed elementor-section-height-default elementor-section-height-default parallax_section_no qode_elementor_container_no\" data-id=\"b239d0c\" data-element_type=\"section\" data-e-type=\"section\">\n\t\t\t\t\t\t<div class=\"elementor-container elementor-column-gap-default\">\n\t\t\t\t\t<div class=\"elementor-column elementor-col-100 elementor-top-column elementor-element elementor-element-f90b73d\" data-id=\"f90b73d\" data-element_type=\"column\" data-e-type=\"column\">\n\t\t\t<div class=\"elementor-widget-wrap elementor-element-populated\">\n\t\t\t\t\t\t<div class=\"elementor-element elementor-element-3bb3a78 elementor-widget elementor-widget-shortcode\" data-id=\"3bb3a78\" data-element_type=\"widget\" data-e-type=\"widget\" id=\"donaitionForm\" data-widget_type=\"shortcode.default\">\n\t\t\t\t<div class=\"elementor-widget-container\">\n\t\t\t\t\t\t\t<div class=\"elementor-shortcode\"><div class='root-data-givewp-embed' data-form-locale='de_DE' data-form-url='https:\/\/letscureacc.com\/?post_type=give_forms&#038;p=9915' data-form-view-url='https:\/\/letscureacc.com\/de\/?givewp-route=donation-form-view&form-id=9915' data-src='https:\/\/letscureacc.com\/de\/?givewp-route=donation-form-view&form-id=9915' data-givewp-embed-id='give-form-shortcode-1' data-form-format='' data-open-form-button='Jetzt spenden' style='--givewp-primary-color: #27ae60; --givewp-secondary-color: #9b51e0;'><\/div><\/div>\n\t\t\t\t\t\t<\/div>\n\t\t\t\t<\/div>\n\t\t\t\t\t<\/div>\n\t\t<\/div>\n\t\t\t\t\t<\/div>\n\t\t<\/section>\n\t\t\t\t<\/div>\n\t\t","protected":false},"excerpt":{"rendered":"<p>Wir sind uns der hohen Kosten bewusst, die diese Krankheit mit sich bringt, weshalb wir unseren Mitgliedsbeitrag symbolisch halten. Wir schlagen eine Spende von 20 \u20ac vor und sch\u00e4tzen diese sehr, aber Sie k\u00f6nnen selbstverst\u00e4ndlich jeden Betrag spenden, der sich f\u00fcr Sie richtig anf\u00fchlt \u2013&#8230;<\/p>\n","protected":false},"author":507,"featured_media":0,"parent":0,"menu_order":0,"comment_status":"closed","ping_status":"closed","template":"","meta":{"give_campaign_id":0,"inline_featured_image":false,"footnotes":""},"class_list":["post-10114","page","type-page","status-publish","hentry"],"campaignId":"","_links":{"self":[{"href":"https:\/\/letscureacc.com\/de\/wp-json\/wp\/v2\/pages\/10114","targetHints":{"allow":["GET"]}}],"collection":[{"href":"https:\/\/letscureacc.com\/de\/wp-json\/wp\/v2\/pages"}],"about":[{"href":"https:\/\/letscureacc.com\/de\/wp-json\/wp\/v2\/types\/page"}],"author":[{"embeddable":true,"href":"https:\/\/letscureacc.com\/de\/wp-json\/wp\/v2\/users\/507"}],"replies":[{"embeddable":true,"href":"https:\/\/letscureacc.com\/de\/wp-json\/wp\/v2\/comments?post=10114"}],"version-history":[{"count":1,"href":"https:\/\/letscureacc.com\/de\/wp-json\/wp\/v2\/pages\/10114\/revisions"}],"predecessor-version":[{"id":10115,"href":"https:\/\/letscureacc.com\/de\/wp-json\/wp\/v2\/pages\/10114\/revisions\/10115"}],"wp:attachment":[{"href":"https:\/\/letscureacc.com\/de\/wp-json\/wp\/v2\/media?parent=10114"}],"curies":[{"name":"wp","href":"https:\/\/api.w.org\/{rel}","templated":true}]}}