{"id":3927,"date":"2022-01-31T14:15:52","date_gmt":"2022-01-31T13:15:52","guid":{"rendered":"https:\/\/letscureacc.com\/?page_id=3927"},"modified":"2024-03-05T15:48:33","modified_gmt":"2024-03-05T14:48:33","slug":"ueber-uns","status":"publish","type":"page","link":"https:\/\/letscureacc.com\/de\/ueber-uns\/","title":{"rendered":"\u00dcber Uns"},"content":{"rendered":"<div data-elementor-type=\"wp-page\" data-elementor-id=\"3927\" class=\"elementor elementor-3927 elementor-1602\">\n\t\t\t\t\t\t<section class=\"elementor-section elementor-top-section elementor-element elementor-element-2f84ef40 elementor-section-full_width elementor-section-height-default elementor-section-height-default parallax_section_no qode_elementor_container_no\" data-id=\"2f84ef40\" data-element_type=\"section\" data-e-type=\"section\" data-settings='{\"background_background\":\"classic\"}'><div class=\"elementor-container elementor-column-gap-default\">\n\t\t\t\t\t<div class=\"elementor-column elementor-col-100 elementor-top-column elementor-element elementor-element-55596fa4\" data-id=\"55596fa4\" data-element_type=\"column\" data-e-type=\"column\">\n\t\t\t<div class=\"elementor-widget-wrap elementor-element-populated\">\n\t\t\t\t\t\t<section class=\"elementor-section elementor-inner-section elementor-element elementor-element-29ecc4a elementor-section-boxed elementor-section-height-default elementor-section-height-default parallax_section_no qode_elementor_container_no\" data-id=\"29ecc4a\" data-element_type=\"section\" data-e-type=\"section\"><div class=\"elementor-container elementor-column-gap-default\">\n\t\t\t\t\t<div class=\"elementor-column elementor-col-100 elementor-inner-column elementor-element elementor-element-3037675\" data-id=\"3037675\" data-element_type=\"column\" data-e-type=\"column\">\n\t\t\t<div class=\"elementor-widget-wrap elementor-element-populated\">\n\t\t\t\t\t\t<div class=\"elementor-element elementor-element-a955285 elementor-widget elementor-widget-heading\" data-id=\"a955285\" data-element_type=\"widget\" data-e-type=\"widget\" data-widget_type=\"heading.default\">\n\t\t\t\t<div class=\"elementor-widget-container\">\n\t\t\t\t\t<h2 class=\"elementor-heading-title elementor-size-default\">EINE SELTENE KREBSERKRANKUNG, DIE &Uuml;BERALL AUF DER WELT EINE ENG VERBUNDENE INTERNATIONALE GEMEINSCHAFT BEN&Ouml;TIGT<\/h2>\t\t\t\t<\/div>\n\t\t\t\t<\/div>\n\t\t\t\t<div class=\"elementor-element elementor-element-180ecef elementor-widget elementor-widget-spacer\" data-id=\"180ecef\" data-element_type=\"widget\" data-e-type=\"widget\" data-widget_type=\"spacer.default\">\n\t\t\t\t<div class=\"elementor-widget-container\">\n\t\t\t\t\t\t\t<div class=\"elementor-spacer\">\n\t\t\t<div class=\"elementor-spacer-inner\"><\/div>\n\t\t<\/div>\n\t\t\t\t\t\t<\/div>\n\t\t\t\t<\/div>\n\t\t\t\t\t<\/div>\n\t\t<\/div>\n\t\t\t\t\t<\/div>\n\t\t<\/section><section class=\"elementor-section elementor-inner-section elementor-element elementor-element-da1aa8c elementor-section-boxed elementor-section-height-default elementor-section-height-default parallax_section_no qode_elementor_container_no\" data-id=\"da1aa8c\" data-element_type=\"section\" data-e-type=\"section\"><div class=\"elementor-container elementor-column-gap-extended\">\n\t\t\t\t\t<div class=\"elementor-column elementor-col-50 elementor-inner-column elementor-element elementor-element-4578347\" data-id=\"4578347\" data-element_type=\"column\" data-e-type=\"column\">\n\t\t\t<div class=\"elementor-widget-wrap elementor-element-populated\">\n\t\t\t\t\t\t<div class=\"elementor-element elementor-element-c72df8a elementor-widget elementor-widget-text-editor\" data-id=\"c72df8a\" data-element_type=\"widget\" data-e-type=\"widget\" data-widget_type=\"text-editor.default\">\n\t\t\t\t<div class=\"elementor-widget-container\">\n\t\t\t\t\t\t\t\t\t<p><strong>&quot;Sie sind DIE EINE Person von &uuml;ber einer Million pro Jahr, die an Nebennierenkrebs, dieser seltenen Krankheit, erkrankt ist&quot;<\/strong> Jeder Patient, der mit ACC (der medizinische Begriff ist Nebennierenrindenkarzinom mit der deutschen Abk&uuml;rzung NNK) zu tun hat, hat diese Worte mindestens einmal geh&ouml;rt!<\/p><p><a href=\"https:\/\/lcacc.wpengine.com\/glossary\/nebennierenkarzinom\/?lang=de\">ACC<\/a> ist eine seltene Krebsart. Die ersten Worte, die man liest, wenn man recherchiert, sind nicht sehr beruhigend. Die am h&auml;ufigsten vorkommenden sind &quot;selten&quot;, &quot;aggressiv&quot; und &quot;schlechte Prognose&quot;.<\/p><p>Das hei&szlig;t aber nicht, dass wir tatenlos zusehen m&uuml;ssen, wie die Krankheit um sich greift, sich weiterentwickelt oder verschlimmert. Wie auch immer der Zustand Ihrer Krankheit ist, Sie m&uuml;ssen k&auml;mpfen, und wenn Sie reden und sich austauschen wollen,<strong> ist diese Website hier, um Ihnen die n&ouml;tigen Werkzeuge zu geben.<\/strong> Wir haben nicht alle Antworten und sind kein Ersatz f&uuml;r Ihre &Auml;rzte, aber wir k&ouml;nnen Ihnen helfen, sich selbst einige Fragen zu stellen und, was noch wichtiger ist, <strong>Ihnen die Informationen geben, die Sie brauchen, um Ihr eLeben selbstbewusst in die Hand zu nehmen!<\/strong><\/p><p>Einige von uns sind fast die einzigen Betroffenen in ihrem eigenen Land, so dass wir ein <strong>internationales Netzwerk aufbauen m&uuml;ssen, um mehr Informationen und Unterst&uuml;tzung<\/strong> zu finden. Der Mangel an Informationen und Fachleuten zu diesem Thema erzeugt mehr &Auml;ngste, als er sollte, und l&auml;sst viele Fragen &uuml;ber Ihre Versorgung, Ihre Zukunft, Ihre Lebensqualit&auml;t, Ihr Ergebnis oder den Umgang mit der Diagnose (kurz- oder langfristig) offen. Aus diesem Grund haben wir diese Organisation gegr&uuml;ndet, damit Sie sich an Menschen wenden k&ouml;nnen, die sich in der gleichen Situation befinden und genau die gleichen Fragen haben. Wir m&ouml;chten, dass Sie wissen, dass Sie nicht allein sind und dass auch Sie eine Selbsthilfegruppe haben k&ouml;nnen.<\/p>\t\t\t\t\t\t\t\t<\/div>\n\t\t\t\t<\/div>\n\t\t\t\t<div class=\"elementor-element elementor-element-8e0a1a5 elementor-widget elementor-widget-text-editor\" data-id=\"8e0a1a5\" data-element_type=\"widget\" data-e-type=\"widget\" data-widget_type=\"text-editor.default\">\n\t\t\t\t<div class=\"elementor-widget-container\">\n\t\t\t\t\t\t\t\t\t<h2>&bdquo;SIE SIND EINER VON &Uuml;BER EINER MILLION MENSCHEN &bdquo;SIE SIND EINER VON &Uuml;BER EINER MILLION MENSCHEN PRO JAHR, DIE AN NEBENNIERENKREBS, DIESER SELTENEN KRANKHEIT, LEIDEN.&ldquo;<\/h2>\t\t\t\t\t\t\t\t<\/div>\n\t\t\t\t<\/div>\n\t\t\t\t\t<\/div>\n\t\t<\/div>\n\t\t\t\t<div class=\"elementor-column elementor-col-50 elementor-inner-column elementor-element elementor-element-916ce81\" data-id=\"916ce81\" data-element_type=\"column\" data-e-type=\"column\">\n\t\t\t<div class=\"elementor-widget-wrap elementor-element-populated\">\n\t\t\t\t\t\t<div class=\"elementor-element elementor-element-157c0ee elementor-widget elementor-widget-text-editor\" data-id=\"157c0ee\" data-element_type=\"widget\" data-e-type=\"widget\" data-widget_type=\"text-editor.default\">\n\t\t\t\t<div class=\"elementor-widget-container\">\n\t\t\t\t\t\t\t\t\t<h4 style=\"text-align: center;\">DIESE WEBSITE SOLL PATIENTEN UND BETREUERN EIN INSTRUMENT AN DIE HAND GEBEN:<\/h4><div><ul><li>Finden Sie Informationen &uuml;ber die Krankheit,<\/li><li><span style=\"color: #333333;\">Finden Sie andere Patienten auf der ganzen Welt, stellen Sie Fragen und geben Sie Tipps&hellip;<\/span><\/li><li>Und was noch wichtiger ist: Finden Sie Antworten!<\/li><li>Kennen Sie die medizinischen Experten in Ihrer N&auml;he mit ihren Kontaktinformationen,<\/li><li>Helfen Sie den &Auml;rzten, in Zukunft eine gr&ouml;&szlig;ere Zahl von Studien zu medizinischen Zwecken durchzuf&uuml;hren, um eine bessere Behandlung f&uuml;r unsere seltene Krebsart zu finden.<\/li><\/ul><\/div>\t\t\t\t\t\t\t\t<\/div>\n\t\t\t\t<\/div>\n\t\t\t\t<div class=\"elementor-element elementor-element-0119b7a elementor-widget elementor-widget-text-editor\" data-id=\"0119b7a\" data-element_type=\"widget\" data-e-type=\"widget\" data-widget_type=\"text-editor.default\">\n\t\t\t\t<div class=\"elementor-widget-container\">\n\t\t\t\t\t\t\t\t\t<p><strong>Bitte denken Sie daran, dass wir keine &Auml;rzte sind<\/strong> und nur versuchen, Ihnen relevante Informationen und Daten zur Verf&uuml;gung zu stellen.<\/p><p>Suchen Sie den Rat Ihres Arztes oder eines anderen qualifizierten Gesundheitsdienstleisters in Bezug auf Ihre Gesundheit und Ihren Zustand.<\/p><p>Au&szlig;erdem handhaben die medizinischen Experten in den einzelnen L&auml;ndern die Behandlungen nicht auf die gleiche Weise. Wenden Sie sich daher bitte immer an einen medizinischen Experten (einige sind im Mitgliederbereich der Website (siehe <a href=\"https:\/\/lcacc.wpengine.com\/adressbuch\/?lang=de\">Adressbuch<\/a>) mit allen Einzelheiten zur Kontaktaufnahme aufgef&uuml;hrt).<\/p><p><em><strong>Let&rsquo;s Cure ACC<\/strong><\/em> wurde gerade erst gegr&uuml;ndet. Wir warten darauf, dass in Zukunft weitere Experten aufgelistet werden, bis sie ihre Zustimmung gegeben haben.<\/p><p>Bitte z&ouml;gern Sie nicht, uns &uuml;ber unser <a href=\"https:\/\/lcacc.wpengine.com\/kontakt\/?lang=de\">Formular<\/a> den Namen und die Kontaktdaten Ihres eigenen Arztes mitzuteilen, damit wir die bestm&ouml;gliche Kontaktliste erstellen k&ouml;nnen. Wir werden uns dann mit ihnen in Verbindung setzen, um sie zu fragen, ob sie in die Liste aufgenommen werden m&ouml;chten.<\/p><p>Unabh&auml;ngig davon, wo Sie leben, bleiben die Fragen, die Sie stellen sollten, konstant. Dazu geh&ouml;rt auch, was Ihnen zur Verf&uuml;gung gestellt werden kann und worauf Sie Anspruch haben, z. B. psychologische Unterst&uuml;tzung und finanzielle Hilfe. Diese Website soll Ihnen helfen, so gut wie m&ouml;glich &uuml;ber diese Themen informiert zu sein, damit Sie Ihr eigener Anwalt sein k&ouml;nnen (die beste Version von Ihnen, die Sie sein k&ouml;nnen!).<\/p>\t\t\t\t\t\t\t\t<\/div>\n\t\t\t\t<\/div>\n\t\t\t\t\t<\/div>\n\t\t<\/div>\n\t\t\t\t\t<\/div>\n\t\t<\/section><\/div>\n\t\t<\/div>\n\t\t\t\t\t<\/div>\n\t\t<\/section><\/div>","protected":false},"excerpt":{"rendered":"<p>EINE SELTENE KREBSERKRANKUNG, DIE \u00dcBERALL AUF DER WELT EINE ENG VERBUNDENE INTERNATIONALE GEMEINSCHAFT BEN\u00d6TIGT &#8222;Sie sind DIE EINE Person von \u00fcber einer Million pro Jahr, die an Nebennierenkrebs, dieser seltenen Krankheit, erkrankt ist&#8220; Jeder Patient, der mit ACC (der medizinische Begriff ist Nebennierenrindenkarzinom mit der&#8230;<\/p>\n","protected":false},"author":416,"featured_media":0,"parent":0,"menu_order":0,"comment_status":"closed","ping_status":"closed","template":"full_width.php","meta":{"give_campaign_id":0,"inline_featured_image":false,"footnotes":""},"class_list":["post-3927","page","type-page","status-publish","hentry"],"campaignId":"","_links":{"self":[{"href":"https:\/\/letscureacc.com\/de\/wp-json\/wp\/v2\/pages\/3927","targetHints":{"allow":["GET"]}}],"collection":[{"href":"https:\/\/letscureacc.com\/de\/wp-json\/wp\/v2\/pages"}],"about":[{"href":"https:\/\/letscureacc.com\/de\/wp-json\/wp\/v2\/types\/page"}],"author":[{"embeddable":true,"href":"https:\/\/letscureacc.com\/de\/wp-json\/wp\/v2\/users\/416"}],"replies":[{"embeddable":true,"href":"https:\/\/letscureacc.com\/de\/wp-json\/wp\/v2\/comments?post=3927"}],"version-history":[{"count":0,"href":"https:\/\/letscureacc.com\/de\/wp-json\/wp\/v2\/pages\/3927\/revisions"}],"wp:attachment":[{"href":"https:\/\/letscureacc.com\/de\/wp-json\/wp\/v2\/media?parent=3927"}],"curies":[{"name":"wp","href":"https:\/\/api.w.org\/{rel}","templated":true}]}}