{"id":4084,"date":"2022-01-31T15:16:51","date_gmt":"2022-01-31T14:16:51","guid":{"rendered":"https:\/\/letscureacc.com\/?page_id=4084"},"modified":"2026-01-22T19:17:13","modified_gmt":"2026-01-22T18:17:13","slug":"unsere-vorstandsmitglieder","status":"publish","type":"page","link":"https:\/\/letscureacc.com\/de\/unsere-vorstandsmitglieder\/","title":{"rendered":"Unsere Vorstandsmitglieder"},"content":{"rendered":"\t\t<div data-elementor-type=\"wp-page\" data-elementor-id=\"4084\" class=\"elementor elementor-4084 elementor-559\">\n\t\t\t\t\t\t<section class=\"elementor-section elementor-top-section elementor-element elementor-element-02a4a16 elementor-section-boxed elementor-section-height-default elementor-section-height-default parallax_section_no qode_elementor_container_no\" data-id=\"02a4a16\" data-element_type=\"section\" data-e-type=\"section\">\n\t\t\t\t\t\t<div class=\"elementor-container elementor-column-gap-default\">\n\t\t\t\t\t<div class=\"elementor-column elementor-col-100 elementor-top-column elementor-element elementor-element-04f7e35\" data-id=\"04f7e35\" data-element_type=\"column\" data-e-type=\"column\">\n\t\t\t<div class=\"elementor-widget-wrap elementor-element-populated\">\n\t\t\t\t\t\t<div class=\"elementor-element elementor-element-a484810 elementor-widget elementor-widget-spacer\" data-id=\"a484810\" data-element_type=\"widget\" data-e-type=\"widget\" data-widget_type=\"spacer.default\">\n\t\t\t\t<div class=\"elementor-widget-container\">\n\t\t\t\t\t\t\t<div class=\"elementor-spacer\">\n\t\t\t<div class=\"elementor-spacer-inner\"><\/div>\n\t\t<\/div>\n\t\t\t\t\t\t<\/div>\n\t\t\t\t<\/div>\n\t\t\t\t<div class=\"elementor-element elementor-element-bb29cf7 elementor-widget elementor-widget-text-editor\" data-id=\"bb29cf7\" data-element_type=\"widget\" data-e-type=\"widget\" data-widget_type=\"text-editor.default\">\n\t\t\t\t<div class=\"elementor-widget-container\">\n\t\t\t\t\t\t\t\t\t<h2 style=\"text-align: center;\">SIE WOLLEN EIN WENIG MEHR \u00dcBER DIE MENSCHEN HINTER DIESER WEBSITE ERFAHREN? WIR HABEN SIE!<\/h2><p>Let\u2019s Cure ACC wurde 2021 in Frankreich als eingetragener gemeinn\u00fctziger Verein von zwei Franz\u00f6sinnen gegr\u00fcndet: Catherine, die seit 2003 in den USA lebt, und Sandra, die in Frankreich wohnt. Ihre Wege kreuzten sich bei einer ACC-Patientengruppe auf Facebook, wo sie sofort eine Verbindung aufbauten. Sie teilten das gleiche Gef\u00fchl: F\u00fcr alle ACC-Patienten ist der Umgang mit einer seltenen Krankheit bereits sehr schwierig, aber wenn es keine Hilfe oder Informationen gibt, um zu verstehen, was passiert, wird die Situation unertr\u00e4glich. Angesichts dieser Situation wollten Catherine und Sandra allen ACC-Patienten, ihren Angeh\u00f6rigen und Pflegekr\u00e4ften durch die Bereitstellung vertrauensw\u00fcrdiger Informationen in mehreren Sprachen auf internationaler Ebene helfen.<\/p><p>Andere von der Krankheit Betroffene haben die gleichen Gef\u00fchle, daher ist Let&#8217;s Cure ACC offen f\u00fcr Erweiterungen. Jedes neue Mitglied, das unserem Vorstand beitritt, bringt frische Perspektiven und wertvolle F\u00e4higkeiten in den Verein ein.<\/p><p>Wie gro\u00df sind die Chancen, Menschen aus so unterschiedlichen Lebensbereichen \u2013 unterschiedlich in Alter, Herkunftsland und vielem mehr \u2013 zu treffen, mit denen man ohne M\u00fche eine Verbindung aufbauen kann? Durch ACC haben wir nicht nur eine starke, echte Freundschaft, sondern auch eine gemeinsame Mission kultiviert: Patienten auf der ganzen Welt zu unterst\u00fctzen.<\/p>\t\t\t\t\t\t\t\t<\/div>\n\t\t\t\t<\/div>\n\t\t\t\t\t<\/div>\n\t\t<\/div>\n\t\t\t\t\t<\/div>\n\t\t<\/section>\n\t\t\t\t<section class=\"elementor-section elementor-inner-section elementor-element elementor-element-10e1d1cd elementor-section-boxed elementor-section-height-default elementor-section-height-default parallax_section_no qode_elementor_container_no\" data-id=\"10e1d1cd\" data-element_type=\"section\" data-e-type=\"section\">\n\t\t\t\t\t\t<div class=\"elementor-container elementor-column-gap-default\">\n\t\t\t\t\t<div class=\"elementor-column elementor-col-50 elementor-inner-column elementor-element elementor-element-6898dac7\" data-id=\"6898dac7\" data-element_type=\"column\" data-e-type=\"column\">\n\t\t\t<div class=\"elementor-widget-wrap elementor-element-populated\">\n\t\t\t\t\t\t<div class=\"elementor-element elementor-element-298ede07 elementor-widget__width-initial elementor-widget elementor-widget-link-in-bio\" data-id=\"298ede07\" data-element_type=\"widget\" data-e-type=\"widget\" data-widget_type=\"link-in-bio.default\">\n\t\t\t\t<div class=\"elementor-widget-container\">\n\t\t\t\t\t\t\t<div class=\"e-link-in-bio e-link-in-bio\">\n\t\t\t<div class=\"e-link-in-bio__content\">\n\n\t\t\t\t\t\t<div class=\"e-link-in-bio__identity\">\n\t\t\t\t\t\t\t\t\t<div class=\"e-link-in-bio__identity-image e-link-in-bio__identity-image-profile has-style-circle\">\n\t\t\t\t\t\t\t<img fetchpriority=\"high\" decoding=\"async\" width=\"212\" height=\"300\" src=\"https:\/\/letscureacc.com\/wp-content\/uploads\/2026\/01\/cath-e1769026974689-212x300.png\" class=\"e-link-in-bio__identity-image-element\" alt=\"\" srcset=\"https:\/\/letscureacc.com\/wp-content\/uploads\/2026\/01\/cath-e1769026974689-212x300.png 212w, https:\/\/letscureacc.com\/wp-content\/uploads\/2026\/01\/cath-e1769026974689-723x1024.png 723w, https:\/\/letscureacc.com\/wp-content\/uploads\/2026\/01\/cath-e1769026974689-768x1088.png 768w, https:\/\/letscureacc.com\/wp-content\/uploads\/2026\/01\/cath-e1769026974689-700x992.png 700w, https:\/\/letscureacc.com\/wp-content\/uploads\/2026\/01\/cath-e1769026974689.png 868w\" sizes=\"(max-width: 212px) 100vw, 212px\" \/>\t\t\t\t\t\t\t\t\t\t\t\t\t<\/div>\n\t\t\t\t\t\t\t<\/div>\n\t\t\t\t\t<div class=\"e-link-in-bio__bio\">\n\t\t\t\t<h2 class=\"e-link-in-bio__heading\">CATHERINE<\/h2>\t\t\t\t\t\t\t\t\t\t\t\t\t\t\t<\/div>\n\t\t\t\t\t<div class=\"e-link-in-bio__icons has-size-small\">\n\t\t\t\t\t\t\t<div class=\"e-link-in-bio__icon is-size-small\">\n\t\t\t\t\t<a href=\"https:\/\/www.linkedin.com\/in\/catherine-heitz-lamy-2a328641\/\" target=\"_blank\" rel=\"noopener \" aria-label=\"LinkedIn\" class=\"e-link-in-bio__icon-link\">\n\t\t\t\t\t\t<span class=\"e-link-in-bio__icon-svg\">\n\t\t\t\t\t\t\t<i aria-hidden=\"true\" class=\"fab fa-linkedin-in\"><\/i>\t\t\t\t\t\t<\/span>\n\t\t\t\t\t\t\t\t\t\t\t<\/a>\n\t\t\t\t<\/div>\n\t\t\t\t\t\t\t<div class=\"e-link-in-bio__icon is-size-small\">\n\t\t\t\t\t<a aria-label=\"Email\" class=\"e-link-in-bio__icon-link\" href=\"mailto:cath@letscureacc.com\">\n\t\t\t\t\t\t<span class=\"e-link-in-bio__icon-svg\">\n\t\t\t\t\t\t\t<i aria-hidden=\"true\" class=\"fas fa-envelope\"><\/i>\t\t\t\t\t\t<\/span>\n\t\t\t\t\t\t\t\t\t\t\t<\/a>\n\t\t\t\t<\/div>\n\t\t\t\t\t<\/div>\n\t\t\n\t\t<div class=\"e-link-in-bio__ctas has-type-link\">\n\t\t\t\t\t\t\t<a target=\"_blank\" rel=\"noopener \" class=\"e-link-in-bio__cta is-type-link\" href=\"\">\n\t\t\t\t\t\t\t\t\t\t<span class=\"e-link-in-bio__cta-text\">\n\t\t\t\t\t\t\t\t\t\t\t<\/span>\n\t\t\t\t<\/a>\n\t\t\t\t\t<\/div>\n\t\t\n\t\t\t<\/div>\n\t\t\t<div class=\"e-link-in-bio__bg\">\n\t\t\t\t<div class=\"e-link-in-bio__bg-overlay\"><\/div>\n\t\t\t<\/div>\n\t\t<\/div>\n\t\t\t\t\t\t<\/div>\n\t\t\t\t<\/div>\n\t\t\t\t\t<\/div>\n\t\t<\/div>\n\t\t\t\t<div class=\"elementor-column elementor-col-50 elementor-inner-column elementor-element elementor-element-41c373ca\" data-id=\"41c373ca\" data-element_type=\"column\" data-e-type=\"column\">\n\t\t\t<div class=\"elementor-widget-wrap elementor-element-populated\">\n\t\t\t\t\t\t<div class=\"elementor-element elementor-element-44ce5104 elementor-widget__width-initial elementor-widget elementor-widget-text-editor\" data-id=\"44ce5104\" data-element_type=\"widget\" data-e-type=\"widget\" data-widget_type=\"text-editor.default\">\n\t\t\t\t<div class=\"elementor-widget-container\">\n\t\t\t\t\t\t\t\t\t<p><strong>Catherine <\/strong>wurde 1968 geboren und lebt derzeit auf Long Island, NY, USA. Sie ist Mutter von 3 erwachsenen S\u00f6hnen und hat viele Jahre im Marketing bei LVMH gearbeitet, bevor sie sich mit bikultureller Bildung besch\u00e4ftigte (BAYARD Presse &#8211; \u00dcbersetzungen &#8211; virtueller Franz\u00f6sischkurs).<\/p><p>Im Juli 2018 (Herzlichen Gl\u00fcckwunsch zum 50. Geburtstag) h\u00e4tte sie beinahe die Diagnose <a href=\"https:\/\/lcacc.wpengine.com\/glossary\/cushing-syndrom\/?lang=de\">Cushing-Syndrom<\/a> (rechte Nebennierenmasse von 7 cm) erhalten. &#8211; aber 10 Tage nach der Operation wurde dies leider als ACC umdefiniert&#8230; Drei Monate sp\u00e4ter wurde auch ihre linke <a href=\"https:\/\/lcacc.wpengine.com\/glossary\/nebennieren\/?lang=de\">Nebenniere<\/a> entfernt, auf eigenen Wunsch (und auf Anraten ihres medizinischen Teams), nachdem sie einige verd\u00e4chtige Symptome zeigte (wahrscheinlich pr\u00e4kanzer\u00f6s). Also keine Nebenniere mehr! Aber sie lebt gl\u00fccklich und zufrieden mit ein paar einfachen Ver\u00e4nderungen in ihrem Leben (viele Medikamente, darunter <a href=\"https:\/\/lcacc.wpengine.com\/glossary\/mitotan\/?lang=de\">Lysodren<\/a>, und viele medizinische Nachuntersuchungen).<\/p>\t\t\t\t\t\t\t\t<\/div>\n\t\t\t\t<\/div>\n\t\t\t\t\t<\/div>\n\t\t<\/div>\n\t\t\t\t\t<\/div>\n\t\t<\/section>\n\t\t\t\t<section class=\"elementor-section elementor-inner-section elementor-element elementor-element-81ecc3d elementor-section-boxed elementor-section-height-default elementor-section-height-default parallax_section_no qode_elementor_container_no\" data-id=\"81ecc3d\" data-element_type=\"section\" data-e-type=\"section\">\n\t\t\t\t\t\t<div class=\"elementor-container elementor-column-gap-default\">\n\t\t\t\t\t<div class=\"elementor-column elementor-col-50 elementor-inner-column elementor-element elementor-element-5301e61\" data-id=\"5301e61\" data-element_type=\"column\" data-e-type=\"column\">\n\t\t\t<div class=\"elementor-widget-wrap elementor-element-populated\">\n\t\t\t\t\t\t<div class=\"elementor-element elementor-element-87277b4 elementor-widget__width-initial elementor-widget elementor-widget-link-in-bio\" data-id=\"87277b4\" data-element_type=\"widget\" data-e-type=\"widget\" data-widget_type=\"link-in-bio.default\">\n\t\t\t\t<div class=\"elementor-widget-container\">\n\t\t\t\t\t\t\t<div class=\"e-link-in-bio e-link-in-bio\">\n\t\t\t<div class=\"e-link-in-bio__content\">\n\n\t\t\t\t\t\t<div class=\"e-link-in-bio__identity\">\n\t\t\t\t\t\t\t\t\t<div class=\"e-link-in-bio__identity-image e-link-in-bio__identity-image-profile has-style-circle\">\n\t\t\t\t\t\t\t<img decoding=\"async\" width=\"225\" height=\"300\" src=\"https:\/\/letscureacc.com\/wp-content\/uploads\/2026\/01\/marc-1-225x300.png\" class=\"e-link-in-bio__identity-image-element\" alt=\"\" srcset=\"https:\/\/letscureacc.com\/wp-content\/uploads\/2026\/01\/marc-1-225x300.png 225w, https:\/\/letscureacc.com\/wp-content\/uploads\/2026\/01\/marc-1.png 433w\" sizes=\"(max-width: 225px) 100vw, 225px\" \/>\t\t\t\t\t\t\t\t\t\t\t\t\t<\/div>\n\t\t\t\t\t\t\t<\/div>\n\t\t\t\t\t<div class=\"e-link-in-bio__bio\">\n\t\t\t\t<h2 class=\"e-link-in-bio__heading\">MARC<\/h2>\t\t\t\t\t\t\t\t\t\t\t\t\t\t\t<\/div>\n\t\t\t\t\t<div class=\"e-link-in-bio__icons has-size-small\">\n\t\t\t\t\t\t\t<div class=\"e-link-in-bio__icon is-size-small\">\n\t\t\t\t\t<a href=\"https:\/\/www.facebook.com\/marc.coping\/\" target=\"_blank\" rel=\"noopener \" aria-label=\"Facebook\" class=\"e-link-in-bio__icon-link\">\n\t\t\t\t\t\t<span class=\"e-link-in-bio__icon-svg\">\n\t\t\t\t\t\t\t<i aria-hidden=\"true\" class=\"fab fa-facebook\"><\/i>\t\t\t\t\t\t<\/span>\n\t\t\t\t\t\t\t\t\t\t\t<\/a>\n\t\t\t\t<\/div>\n\t\t\t\t\t\t\t<div class=\"e-link-in-bio__icon is-size-small\">\n\t\t\t\t\t<a href=\"https:\/\/www.instagram.com\/marc_letscureacc\/\" target=\"_blank\" rel=\"noopener \" aria-label=\"Instagram\" class=\"e-link-in-bio__icon-link\">\n\t\t\t\t\t\t<span class=\"e-link-in-bio__icon-svg\">\n\t\t\t\t\t\t\t<i aria-hidden=\"true\" class=\"fab fa-instagram\"><\/i>\t\t\t\t\t\t<\/span>\n\t\t\t\t\t\t\t\t\t\t\t<\/a>\n\t\t\t\t<\/div>\n\t\t\t\t\t\t\t<div class=\"e-link-in-bio__icon is-size-small\">\n\t\t\t\t\t<a aria-label=\"Email\" class=\"e-link-in-bio__icon-link\" href=\"mailto:marc@letscureacc.com\">\n\t\t\t\t\t\t<span class=\"e-link-in-bio__icon-svg\">\n\t\t\t\t\t\t\t<i aria-hidden=\"true\" class=\"fas fa-envelope\"><\/i>\t\t\t\t\t\t<\/span>\n\t\t\t\t\t\t\t\t\t\t\t<\/a>\n\t\t\t\t<\/div>\n\t\t\t\t\t<\/div>\n\t\t\n\t\t<div class=\"e-link-in-bio__ctas has-type-link\">\n\t\t\t\t\t\t\t<a target=\"_blank\" rel=\"noopener \" class=\"e-link-in-bio__cta is-type-link\" href=\"\">\n\t\t\t\t\t\t\t\t\t\t<span class=\"e-link-in-bio__cta-text\">\n\t\t\t\t\t\t\t\t\t\t\t<\/span>\n\t\t\t\t<\/a>\n\t\t\t\t\t<\/div>\n\t\t\n\t\t\t<\/div>\n\t\t\t<div class=\"e-link-in-bio__bg\">\n\t\t\t\t<div class=\"e-link-in-bio__bg-overlay\"><\/div>\n\t\t\t<\/div>\n\t\t<\/div>\n\t\t\t\t\t\t<\/div>\n\t\t\t\t<\/div>\n\t\t\t\t\t<\/div>\n\t\t<\/div>\n\t\t\t\t<div class=\"elementor-column elementor-col-50 elementor-inner-column elementor-element elementor-element-4a3231b\" data-id=\"4a3231b\" data-element_type=\"column\" data-e-type=\"column\">\n\t\t\t<div class=\"elementor-widget-wrap elementor-element-populated\">\n\t\t\t\t\t\t<div class=\"elementor-element elementor-element-1a90c50 elementor-widget__width-initial elementor-widget elementor-widget-text-editor\" data-id=\"1a90c50\" data-element_type=\"widget\" data-e-type=\"widget\" data-widget_type=\"text-editor.default\">\n\t\t\t\t<div class=\"elementor-widget-container\">\n\t\t\t\t\t\t\t\t\t<p style=\"text-align: left;\"><strong>Marc<\/strong> wurde 1972 in Deutschland geboren und lebt nun, nach \u00fcber 20 Jahren in der Schweiz, wieder in Deutschland in der N\u00e4he von Oldenburg, Niedersachsen. Er unterst\u00fctzt Let\u2019s Cure ACC als Mitglied des Vorstands seit 2024.<br \/>Als promovierter \u00d6konom blickt er auf ein vielseitiges Berufsleben zur\u00fcck \u2013 er war weltweit in diversen Rollen f\u00fcr die Banken NordLB, Deutsche Bank und UBS sowie f\u00fcr das Schweizer IT-Unternehmen Finnova t\u00e4tig. Sport stand seit seinem 12. Lebensjahr ebenso im Fokus, zun\u00e4chst die Leichtathletik und sp\u00e4ter als ambitionierter Leistungssportler im Skilanglauf. 2017 erlebte er einen abrupten Stopp: die Diagnose ACC mit einem 20 cm gro\u00dfen Tumor, gefolgt von einer Resektion, vier Chemotherapie-Zyklen und dem Beginn der Lysodren-Therapie. 2019 \u00fcberstand Marc zwei R\u00fcckf\u00e4lle in der Leber mit jeweils weiteren zwei Resektionen und sechs Chemotherapie-Zyklen. Heute empfindet er gro\u00dfe Dankbarkeit f\u00fcr ein ereignisreiches Leben und die Aussicht, diesem noch einige Kapitel hinzuf\u00fcgen zu k\u00f6nnen.<\/p>\t\t\t\t\t\t\t\t<\/div>\n\t\t\t\t<\/div>\n\t\t\t\t\t<\/div>\n\t\t<\/div>\n\t\t\t\t\t<\/div>\n\t\t<\/section>\n\t\t\t\t<section class=\"elementor-section elementor-inner-section elementor-element elementor-element-1686c82 elementor-section-boxed elementor-section-height-default elementor-section-height-default parallax_section_no qode_elementor_container_no\" data-id=\"1686c82\" data-element_type=\"section\" data-e-type=\"section\">\n\t\t\t\t\t\t<div class=\"elementor-container elementor-column-gap-default\">\n\t\t\t\t\t<div class=\"elementor-column elementor-col-50 elementor-inner-column elementor-element elementor-element-6dd3dba\" data-id=\"6dd3dba\" data-element_type=\"column\" data-e-type=\"column\">\n\t\t\t<div class=\"elementor-widget-wrap elementor-element-populated\">\n\t\t\t\t\t\t<div class=\"elementor-element elementor-element-0f72d95 elementor-widget__width-initial elementor-widget elementor-widget-link-in-bio\" data-id=\"0f72d95\" data-element_type=\"widget\" data-e-type=\"widget\" data-widget_type=\"link-in-bio.default\">\n\t\t\t\t<div class=\"elementor-widget-container\">\n\t\t\t\t\t\t\t<div class=\"e-link-in-bio e-link-in-bio\">\n\t\t\t<div class=\"e-link-in-bio__content\">\n\n\t\t\t\t\t\t<div class=\"e-link-in-bio__identity\">\n\t\t\t\t\t\t\t\t\t<div class=\"e-link-in-bio__identity-image e-link-in-bio__identity-image-profile has-style-circle\">\n\t\t\t\t\t\t\t<img decoding=\"async\" width=\"202\" height=\"300\" src=\"https:\/\/letscureacc.com\/wp-content\/uploads\/2026\/01\/WhatsApp_Image_2026-01-22_at_12.52.19-removebg-preview-1-202x300.png\" class=\"e-link-in-bio__identity-image-element\" alt=\"\" srcset=\"https:\/\/letscureacc.com\/wp-content\/uploads\/2026\/01\/WhatsApp_Image_2026-01-22_at_12.52.19-removebg-preview-1-202x300.png 202w, https:\/\/letscureacc.com\/wp-content\/uploads\/2026\/01\/WhatsApp_Image_2026-01-22_at_12.52.19-removebg-preview-1.png 290w\" sizes=\"(max-width: 202px) 100vw, 202px\" \/>\t\t\t\t\t\t\t\t\t\t\t\t\t<\/div>\n\t\t\t\t\t\t\t<\/div>\n\t\t\t\t\t<div class=\"e-link-in-bio__bio\">\n\t\t\t\t<h2 class=\"e-link-in-bio__heading\">SANDRA<\/h2>\t\t\t\t\t\t\t\t\t\t\t\t\t\t\t<\/div>\n\t\t\t\t\t<div class=\"e-link-in-bio__icons has-size-small\">\n\t\t\t\t\t\t\t<div class=\"e-link-in-bio__icon is-size-small\">\n\t\t\t\t\t<a aria-label=\"Email\" class=\"e-link-in-bio__icon-link\" href=\"mailto:Sandra@letscureacc.com\">\n\t\t\t\t\t\t<span class=\"e-link-in-bio__icon-svg\">\n\t\t\t\t\t\t\t<i aria-hidden=\"true\" class=\"fas fa-envelope\"><\/i>\t\t\t\t\t\t<\/span>\n\t\t\t\t\t\t\t\t\t\t\t<\/a>\n\t\t\t\t<\/div>\n\t\t\t\t\t<\/div>\n\t\t\n\t\t<div class=\"e-link-in-bio__ctas has-type-link\">\n\t\t\t\t\t\t\t<a target=\"_blank\" rel=\"noopener \" class=\"e-link-in-bio__cta is-type-link\" href=\"\">\n\t\t\t\t\t\t\t\t\t\t<span class=\"e-link-in-bio__cta-text\">\n\t\t\t\t\t\t\t\t\t\t\t<\/span>\n\t\t\t\t<\/a>\n\t\t\t\t\t<\/div>\n\t\t\n\t\t\t<\/div>\n\t\t\t<div class=\"e-link-in-bio__bg\">\n\t\t\t\t<div class=\"e-link-in-bio__bg-overlay\"><\/div>\n\t\t\t<\/div>\n\t\t<\/div>\n\t\t\t\t\t\t<\/div>\n\t\t\t\t<\/div>\n\t\t\t\t\t<\/div>\n\t\t<\/div>\n\t\t\t\t<div class=\"elementor-column elementor-col-50 elementor-inner-column elementor-element elementor-element-5d435ec\" data-id=\"5d435ec\" data-element_type=\"column\" data-e-type=\"column\">\n\t\t\t<div class=\"elementor-widget-wrap elementor-element-populated\">\n\t\t\t\t\t\t<div class=\"elementor-element elementor-element-abe5c83 elementor-widget__width-initial elementor-widget elementor-widget-text-editor\" data-id=\"abe5c83\" data-element_type=\"widget\" data-e-type=\"widget\" data-widget_type=\"text-editor.default\">\n\t\t\t\t<div class=\"elementor-widget-container\">\n\t\t\t\t\t\t\t\t\t<p><strong>Sandra<\/strong> wurde 1984 geboren und lebt in Paris (Frankreich).<br \/>Sie arbeitet als Projektleiterin in der digitalen Welt, ist ein Geek, liebt Videospiele, heroische Fantasy, SF und Musik (Taylor Swift) einschlie\u00dflich\u00a0 japanische Musik (bitte Miyavi h\u00f6ren!). Au\u00dferdem steht sie auf alles, was sich Lifestyle nennt, und ist immer auf der H\u00f6he der Zeit (au\u00dfer bei der Mode &#8211; diese gesunden Zellen haben keinen Sinn f\u00fcr Mode). 2018 wurde bei ihr ACC diagnostiziert, nachdem sie etwa 2 Jahre lang mit einem nicht diagnostizierten <a href=\"https:\/\/lcacc.wpengine.com\/glossary\/cushing-syndrom\/?lang=de\">Cushing-Syndrom<\/a> zu k\u00e4mpfen hatte. Als es diagnostiziert wurde, fand man einen 10 cm gro\u00dfen Tumor in ihrer rechten <a href=\"https:\/\/lcacc.wpengine.com\/glossary\/nebennieren\/?lang=de\">Nebenniere<\/a> mit einer Invasion in die Hohlvene. Es folgten eine Operation und <a href=\"https:\/\/lcacc.wpengine.com\/glossary\/mitotan\/?lang=de\">Mitotan<\/a>. Es war ein komplizierter Eingriff, und seitdem hat sie auch mit neuropathischen Schmerzen zu k\u00e4mpfen &#8211; aber das Leben muss ja weitergehen, oder?<\/p>\t\t\t\t\t\t\t\t<\/div>\n\t\t\t\t<\/div>\n\t\t\t\t\t<\/div>\n\t\t<\/div>\n\t\t\t\t\t<\/div>\n\t\t<\/section>\n\t\t\t\t<section class=\"elementor-section elementor-top-section elementor-element elementor-element-1bf624e elementor-section-boxed elementor-section-height-default elementor-section-height-default parallax_section_no qode_elementor_container_no\" data-id=\"1bf624e\" data-element_type=\"section\" data-e-type=\"section\">\n\t\t\t\t\t\t<div class=\"elementor-container elementor-column-gap-default\">\n\t\t\t\t\t<div class=\"elementor-column elementor-col-100 elementor-top-column elementor-element elementor-element-8c917f0\" data-id=\"8c917f0\" data-element_type=\"column\" data-e-type=\"column\">\n\t\t\t<div class=\"elementor-widget-wrap elementor-element-populated\">\n\t\t\t\t\t\t<div class=\"elementor-element elementor-element-a4e04a6 elementor-widget elementor-widget-text-editor\" data-id=\"a4e04a6\" data-element_type=\"widget\" data-e-type=\"widget\" data-widget_type=\"text-editor.default\">\n\t\t\t\t<div class=\"elementor-widget-container\">\n\t\t\t\t\t\t\t\t\t<p>Wir hatten die Gelegenheit, am <a href=\"https:\/\/acc2019.wordpress.com\/programme\/\">ACC-Symposium 2019<\/a> zusammen mit ACC-Experten aus aller Welt teilzunehmen. Wir erhielten einstimmig ihre Unterst\u00fctzung f\u00fcr die Gr\u00fcndung einer <strong>internationalen Patientenvereinigung, um eine Gemeinschaft aufzubauen, die den medizinischen Experten eine gro\u00dfe Hilfe bei der besseren Versorgung der Patienten sein w\u00fcrde.<\/strong><\/p><p>Wir sind der Meinung, dass es <b>jetzt <\/b>an der Zeit ist, dass sich ACC-Patienten auf der ganzen Welt zusammenschlie\u00dfen und geschlossener auftreten, um medizinischen Experten zu helfen, das Bewusstsein zu sch\u00e4rfen und Antworten zu erhalten. So k\u00f6nnen wir als Einheit sprechen.<\/p>\t\t\t\t\t\t\t\t<\/div>\n\t\t\t\t<\/div>\n\t\t\t\t\t<\/div>\n\t\t<\/div>\n\t\t\t\t\t<\/div>\n\t\t<\/section>\n\t\t\t\t<section class=\"elementor-section elementor-top-section elementor-element elementor-element-cde2e0f elementor-section-boxed elementor-section-height-default elementor-section-height-default parallax_section_no qode_elementor_container_no\" data-id=\"cde2e0f\" data-element_type=\"section\" data-e-type=\"section\" data-settings=\"{&quot;background_background&quot;:&quot;classic&quot;}\">\n\t\t\t\t\t\t<div class=\"elementor-container elementor-column-gap-default\">\n\t\t\t\t\t<div class=\"elementor-column elementor-col-100 elementor-top-column elementor-element elementor-element-89c8773\" data-id=\"89c8773\" data-element_type=\"column\" data-e-type=\"column\">\n\t\t\t<div class=\"elementor-widget-wrap elementor-element-populated\">\n\t\t\t\t\t\t<section class=\"elementor-section elementor-inner-section elementor-element elementor-element-e7a5774 elementor-section-boxed elementor-section-height-default elementor-section-height-default parallax_section_no qode_elementor_container_no\" data-id=\"e7a5774\" data-element_type=\"section\" data-e-type=\"section\">\n\t\t\t\t\t\t<div class=\"elementor-container elementor-column-gap-default\">\n\t\t\t\t\t<div class=\"elementor-column elementor-col-33 elementor-inner-column elementor-element elementor-element-5621ba7\" data-id=\"5621ba7\" data-element_type=\"column\" data-e-type=\"column\">\n\t\t\t<div class=\"elementor-widget-wrap elementor-element-populated\">\n\t\t\t\t\t\t<div class=\"elementor-element elementor-element-7edb420 elementor-widget elementor-widget-image\" data-id=\"7edb420\" data-element_type=\"widget\" data-e-type=\"widget\" data-widget_type=\"image.default\">\n\t\t\t\t<div class=\"elementor-widget-container\">\n\t\t\t\t\t\t\t\t\t\t\t\t\t\t\t<img loading=\"lazy\" decoding=\"async\" width=\"1024\" height=\"1024\" src=\"https:\/\/letscureacc.com\/wp-content\/uploads\/2021\/08\/People-01.svg\" class=\"attachment-large size-large wp-image-1207\" alt=\"\" \/>\t\t\t\t\t\t\t\t\t\t\t\t\t\t\t<\/div>\n\t\t\t\t<\/div>\n\t\t\t\t\t<\/div>\n\t\t<\/div>\n\t\t\t\t<div class=\"elementor-column elementor-col-33 elementor-inner-column elementor-element elementor-element-86dbbb9\" data-id=\"86dbbb9\" data-element_type=\"column\" data-e-type=\"column\">\n\t\t\t<div class=\"elementor-widget-wrap elementor-element-populated\">\n\t\t\t\t\t\t<div class=\"elementor-element elementor-element-f5fc928 elementor-widget elementor-widget-text-editor\" data-id=\"f5fc928\" data-element_type=\"widget\" data-e-type=\"widget\" data-widget_type=\"text-editor.default\">\n\t\t\t\t<div class=\"elementor-widget-container\">\n\t\t\t\t\t\t\t\t\t<p><span style=\"color: #175e66; font-size: 40px; line-height: 130%; font-weight: 500;\">Ohne dich geht es nicht!<\/span><\/p><p>Seien Sie Teil der Initiative und schlie\u00dfen Sie sich uns an!<\/p>\t\t\t\t\t\t\t\t<\/div>\n\t\t\t\t<\/div>\n\t\t\t\t\t<\/div>\n\t\t<\/div>\n\t\t\t\t<div class=\"elementor-column elementor-col-33 elementor-inner-column elementor-element elementor-element-3051150\" data-id=\"3051150\" data-element_type=\"column\" data-e-type=\"column\">\n\t\t\t<div class=\"elementor-widget-wrap elementor-element-populated\">\n\t\t\t\t\t\t<div class=\"elementor-element elementor-element-235d4cc elementor-align-center elementor-widget elementor-widget-button\" data-id=\"235d4cc\" data-element_type=\"widget\" data-e-type=\"widget\" data-widget_type=\"button.default\">\n\t\t\t\t<div class=\"elementor-widget-container\">\n\t\t\t\t\t\t\t\t\t<div class=\"elementor-button-wrapper\">\n\t\t\t\t\t<a class=\"elementor-button elementor-button-link elementor-size-lg\" href=\"https:\/\/lcacc.wpengine.com\/kontakt\/?lang=de\">\n\t\t\t\t\t\t<span class=\"elementor-button-content-wrapper\">\n\t\t\t\t\t\t\t\t\t<span class=\"elementor-button-text\">Kontakt<\/span>\n\t\t\t\t\t<\/span>\n\t\t\t\t\t<\/a>\n\t\t\t\t<\/div>\n\t\t\t\t\t\t\t\t<\/div>\n\t\t\t\t<\/div>\n\t\t\t\t\t<\/div>\n\t\t<\/div>\n\t\t\t\t\t<\/div>\n\t\t<\/section>\n\t\t\t\t\t<\/div>\n\t\t<\/div>\n\t\t\t\t\t<\/div>\n\t\t<\/section>\n\t\t\t\t<\/div>\n\t\t","protected":false},"excerpt":{"rendered":"<p>SIE WOLLEN EIN WENIG MEHR \u00dcBER DIE MENSCHEN HINTER DIESER WEBSITE ERFAHREN? WIR HABEN SIE! Let\u2019s Cure ACC wurde 2021 in Frankreich als eingetragener gemeinn\u00fctziger Verein von zwei Franz\u00f6sinnen gegr\u00fcndet: Catherine, die seit 2003 in den USA lebt, und Sandra, die in Frankreich wohnt. Ihre&#8230;<\/p>\n","protected":false},"author":416,"featured_media":0,"parent":0,"menu_order":0,"comment_status":"closed","ping_status":"closed","template":"full_width.php","meta":{"give_campaign_id":0,"inline_featured_image":false,"footnotes":""},"class_list":["post-4084","page","type-page","status-publish","hentry"],"campaignId":"","_links":{"self":[{"href":"https:\/\/letscureacc.com\/de\/wp-json\/wp\/v2\/pages\/4084","targetHints":{"allow":["GET"]}}],"collection":[{"href":"https:\/\/letscureacc.com\/de\/wp-json\/wp\/v2\/pages"}],"about":[{"href":"https:\/\/letscureacc.com\/de\/wp-json\/wp\/v2\/types\/page"}],"author":[{"embeddable":true,"href":"https:\/\/letscureacc.com\/de\/wp-json\/wp\/v2\/users\/416"}],"replies":[{"embeddable":true,"href":"https:\/\/letscureacc.com\/de\/wp-json\/wp\/v2\/comments?post=4084"}],"version-history":[{"count":15,"href":"https:\/\/letscureacc.com\/de\/wp-json\/wp\/v2\/pages\/4084\/revisions"}],"predecessor-version":[{"id":10424,"href":"https:\/\/letscureacc.com\/de\/wp-json\/wp\/v2\/pages\/4084\/revisions\/10424"}],"wp:attachment":[{"href":"https:\/\/letscureacc.com\/de\/wp-json\/wp\/v2\/media?parent=4084"}],"curies":[{"name":"wp","href":"https:\/\/api.w.org\/{rel}","templated":true}]}}