{"id":4339,"date":"2022-02-01T14:49:26","date_gmt":"2022-02-01T13:49:26","guid":{"rendered":"https:\/\/letscureacc.com\/?page_id=4339"},"modified":"2025-02-05T14:11:21","modified_gmt":"2025-02-05T13:11:21","slug":"ihr-neues-leben","status":"publish","type":"page","link":"https:\/\/letscureacc.com\/de\/ihr-neues-leben\/","title":{"rendered":"Ihr neues Leben"},"content":{"rendered":"\t\t<div data-elementor-type=\"wp-page\" data-elementor-id=\"4339\" class=\"elementor elementor-4339 elementor-665\">\n\t\t\t\t\t\t<section class=\"elementor-section elementor-top-section elementor-element elementor-element-2c4fe74 elementor-section-boxed elementor-section-height-default elementor-section-height-default parallax_section_no qode_elementor_container_no\" data-id=\"2c4fe74\" data-element_type=\"section\" data-e-type=\"section\">\n\t\t\t\t\t\t<div class=\"elementor-container elementor-column-gap-default\">\n\t\t\t\t\t<div class=\"elementor-column elementor-col-100 elementor-top-column elementor-element elementor-element-82bfca8\" data-id=\"82bfca8\" data-element_type=\"column\" data-e-type=\"column\">\n\t\t\t<div class=\"elementor-widget-wrap elementor-element-populated\">\n\t\t\t\t\t\t<section class=\"elementor-section elementor-inner-section elementor-element elementor-element-9662267 elementor-section-boxed elementor-section-height-default elementor-section-height-default parallax_section_no qode_elementor_container_no\" data-id=\"9662267\" data-element_type=\"section\" data-e-type=\"section\">\n\t\t\t\t\t\t<div class=\"elementor-container elementor-column-gap-default\">\n\t\t\t\t\t<div class=\"elementor-column elementor-col-100 elementor-inner-column elementor-element elementor-element-765a5b2\" data-id=\"765a5b2\" data-element_type=\"column\" data-e-type=\"column\">\n\t\t\t<div class=\"elementor-widget-wrap elementor-element-populated\">\n\t\t\t\t\t\t<div class=\"elementor-element elementor-element-84a28f5 elementor-widget elementor-widget-text-editor\" data-id=\"84a28f5\" data-element_type=\"widget\" data-e-type=\"widget\" data-widget_type=\"text-editor.default\">\n\t\t\t\t<div class=\"elementor-widget-container\">\n\t\t\t\t\t\t\t\t\t<h2 style=\"text-align: center;\">SIE WERDEN EIN NEUES LEBEN BEGINNEN<\/h2><p style=\"text-align: center;\">Nicht unbedingt ein schlechtes, aber Sie werden Ihre bisherige Lebensweise anpassen m\u00fcssen.\u00a0Wichtig ist vor allem, dass Sie zum &#8222;Manager&#8220; Ihrer Krankheit werden, mit allem was dazu geh\u00f6rt.<\/p><p style=\"text-align: center;\"><strong>Hier sind einige &#8222;Tipps&#8220;.<\/strong><\/p>\t\t\t\t\t\t\t\t<\/div>\n\t\t\t\t<\/div>\n\t\t\t\t\t<\/div>\n\t\t<\/div>\n\t\t\t\t\t<\/div>\n\t\t<\/section>\n\t\t\t\t\t<\/div>\n\t\t<\/div>\n\t\t\t\t\t<\/div>\n\t\t<\/section>\n\t\t\t\t<section class=\"elementor-section elementor-top-section elementor-element elementor-element-e5b8ec7 qode_elementor_container_inner elementor-section-boxed elementor-section-height-default elementor-section-height-default parallax_section_no\" data-id=\"e5b8ec7\" data-element_type=\"section\" data-e-type=\"section\" data-settings=\"{&quot;background_background&quot;:&quot;classic&quot;}\">\n\t\t\t\t\t\t<div class=\"elementor-container elementor-column-gap-default\">\n\t\t\t\t\t<div class=\"elementor-column elementor-col-100 elementor-top-column elementor-element elementor-element-164ae4e\" data-id=\"164ae4e\" data-element_type=\"column\" data-e-type=\"column\">\n\t\t\t<div class=\"elementor-widget-wrap elementor-element-populated\">\n\t\t\t\t\t\t<div class=\"elementor-element elementor-element-1cf9df6 elementor-widget elementor-widget-text-editor\" data-id=\"1cf9df6\" data-element_type=\"widget\" data-e-type=\"widget\" data-widget_type=\"text-editor.default\">\n\t\t\t\t<div class=\"elementor-widget-container\">\n\t\t\t\t\t\t\t\t\t<h3>1. MEDIZINISCHES EXPERTENTEAM<\/h3><p>Da es sich um eine seltene Krankheit handelt, <strong>brauchen Sie ein Team von medizinischen Experten<\/strong> &#8211; vor allem einen Endokrinologen, einen Onkologen, einen Chirurgen, vielleicht einen Ern\u00e4hrungsberater und einen Radiologen -, die in der Lage sind, gemeinsam und mit einer Stimme \u00fcber Ihre zuk\u00fcnftigen medizinischen Ergebnisse zu sprechen. Sie d\u00fcrfen oft Ihr Team bestm\u00f6glich zusammenstellen und koordinieren.<\/p>\t\t\t\t\t\t\t\t<\/div>\n\t\t\t\t<\/div>\n\t\t\t\t\t<\/div>\n\t\t<\/div>\n\t\t\t\t\t<\/div>\n\t\t<\/section>\n\t\t\t\t<section class=\"elementor-section elementor-top-section elementor-element elementor-element-b502264 qode_elementor_container_inner elementor-section-boxed elementor-section-height-default elementor-section-height-default parallax_section_no\" data-id=\"b502264\" data-element_type=\"section\" data-e-type=\"section\" data-settings=\"{&quot;background_background&quot;:&quot;classic&quot;}\">\n\t\t\t\t\t\t<div class=\"elementor-container elementor-column-gap-default\">\n\t\t\t\t\t<div class=\"elementor-column elementor-col-100 elementor-top-column elementor-element elementor-element-db83c3c\" data-id=\"db83c3c\" data-element_type=\"column\" data-e-type=\"column\">\n\t\t\t<div class=\"elementor-widget-wrap elementor-element-populated\">\n\t\t\t\t\t\t<div class=\"elementor-element elementor-element-1c001ce elementor-widget elementor-widget-text-editor\" data-id=\"1c001ce\" data-element_type=\"widget\" data-e-type=\"widget\" data-widget_type=\"text-editor.default\">\n\t\t\t\t<div class=\"elementor-widget-container\">\n\t\t\t\t\t\t\t\t\t<h3>2. ZWEITMEINUNG<\/h3><p>Auch hier gilt: Es handelt sich um eine seltene, sehr spezifische Krankheit, also Vorsicht ist besser als Nachsicht! Und eine zweite Meinung kann immer hilfreich sein, sei es pers\u00f6nlich oder aus der Ferne. Ihr medizinisches Team k\u00f6nnte von sich aus darum bitten.<\/p><p>Wenn Sie besorgt sind und eine Zweitmeinung w\u00fcnschen, z\u00f6gern Sie nicht, einen Facharzt aufzusuchen. Es geht um Ihr Leben!<\/p>\t\t\t\t\t\t\t\t<\/div>\n\t\t\t\t<\/div>\n\t\t\t\t\t<\/div>\n\t\t<\/div>\n\t\t\t\t\t<\/div>\n\t\t<\/section>\n\t\t\t\t<section class=\"elementor-section elementor-top-section elementor-element elementor-element-e155980 qode_elementor_container_inner elementor-section-boxed elementor-section-height-default elementor-section-height-default parallax_section_no\" data-id=\"e155980\" data-element_type=\"section\" data-e-type=\"section\" data-settings=\"{&quot;background_background&quot;:&quot;classic&quot;}\">\n\t\t\t\t\t\t<div class=\"elementor-container elementor-column-gap-default\">\n\t\t\t\t\t<div class=\"elementor-column elementor-col-100 elementor-top-column elementor-element elementor-element-c9bb8af\" data-id=\"c9bb8af\" data-element_type=\"column\" data-e-type=\"column\">\n\t\t\t<div class=\"elementor-widget-wrap elementor-element-populated\">\n\t\t\t\t\t\t<div class=\"elementor-element elementor-element-4c89669 elementor-widget elementor-widget-text-editor\" data-id=\"4c89669\" data-element_type=\"widget\" data-e-type=\"widget\" data-widget_type=\"text-editor.default\">\n\t\t\t\t<div class=\"elementor-widget-container\">\n\t\t\t\t\t\t\t\t\t<h3>3. MEDIKAMENTE SIND ST\u00c4NDIG DABEI HABEN<\/h3><p>Nach Ihrer Operation zur Entfernung der <a href=\"https:\/\/lcacc.wpengine.com\/glossary\/nebennieren\/?lang=de\">Nebenniere<\/a> (erst recht, wenn es sich um eine doppelte <a href=\"https:\/\/lcacc.wpengine.com\/glossary\/adrenalektomie\/?lang=de\">Nebennierenresektion<\/a> handelt) &#8211; und wenn Sie Lysodren einnehmen, da es die Funktion Ihrer verbleibenden Nebenniere hemmen k\u00f6nnte &#8211; kann es zu einer <a href=\"https:\/\/lcacc.wpengine.com\/glossary\/nebennierenkrise\/?lang=de\">Nebenniereninsuffizienz<\/a> kommen (<a href=\"https:\/\/www.youtube.com\/watch?v=hlSbGaLNgDU\">YouTube video<\/a>). Dies kann zu Erbrechen, Ohnmacht oder sogar zum Tod f\u00fchren, so dass Sie Ihre Medikamente immer bei sich haben m\u00fcssen (mindestens eine Pillendose mit <a href=\"https:\/\/lcacc.wpengine.com\/glossary\/hydrocortison\/?lang=de\">Hydrocortison<\/a>), und auch Ihre Hydrocortisone- Spritze. In einigen L\u00e4ndern sind auch hochdosierte, sehr effektive Z\u00e4pfchen f\u00fcr den Notfall verf\u00fcgbar.<\/p><p>Die Website <a href=\"https:\/\/www.glandula-online.de\/fileadmin\/user_upload\/Broschueren\/Hydrocortison-Ersatztherapie\/Bro_Hydrocortison_2021_24-11_2.pdf bietet interessante Informationen \u00fcber Nebenniereninsuffizienz.\" data-wplink-url-error=\"true\">https:\/\/www.glandula-online.de\/fileadmin\/user_upload\/Broschueren\/Hydrocortison-Ersatztherapie\/Bro_Hydrocortison_2021_24-11_2.pdf bietet interessante Informationen \u00fcber Nebenniereninsuffizienz.<\/a><\/p>\t\t\t\t\t\t\t\t<\/div>\n\t\t\t\t<\/div>\n\t\t\t\t\t<\/div>\n\t\t<\/div>\n\t\t\t\t\t<\/div>\n\t\t<\/section>\n\t\t\t\t<section class=\"elementor-section elementor-top-section elementor-element elementor-element-0b881fd qode_elementor_container_inner elementor-section-boxed elementor-section-height-default elementor-section-height-default parallax_section_no\" data-id=\"0b881fd\" data-element_type=\"section\" data-e-type=\"section\" data-settings=\"{&quot;background_background&quot;:&quot;classic&quot;}\">\n\t\t\t\t\t\t<div class=\"elementor-container elementor-column-gap-default\">\n\t\t\t\t\t<div class=\"elementor-column elementor-col-100 elementor-top-column elementor-element elementor-element-93ba8ba\" data-id=\"93ba8ba\" data-element_type=\"column\" data-e-type=\"column\">\n\t\t\t<div class=\"elementor-widget-wrap elementor-element-populated\">\n\t\t\t\t\t\t<div class=\"elementor-element elementor-element-469db7b elementor-widget elementor-widget-text-editor\" data-id=\"469db7b\" data-element_type=\"widget\" data-e-type=\"widget\" data-widget_type=\"text-editor.default\">\n\t\t\t\t<div class=\"elementor-widget-container\">\n\t\t\t\t\t\t\t\t\t<h3>4. INJEKTION \/ STEROID-NOTFALLPAKET<\/h3><p>Aus demselben Grund wird Ihnen Ihr Arzt wahrscheinlich eine Injektion von 100 mg Hydrocortison verschreiben, die Sie st\u00e4ndig bei sich tragen m\u00fcssen. Manche Menschen ben\u00f6tigen diese Injektion h\u00e4ufiger als andere, aber wenn Sie in einen Unfall verwickelt sind oder sich in einer Situation gro\u00dfen Stresses befinden, m\u00fcssen Sie sich diese Injektion m\u00f6glicherweise selbst geben oder sie von jemandem geben lassen, der sich mit Ihrer Krankheit auskennt und in der Lage ist, sie f\u00fcr Sie zu geben, oder sie vom Notfallteam geben lassen. Ihr Arzt wird Ihnen bei der Verschreibung erkl\u00e4ren, wie Sie es machen m\u00fcssen.<\/p><p>In einigen L\u00e4ndern (z. B. in Deutschland oder Frankreich) veranstalten einige Krankenh\u00e4user Workshops, in denen Sie mehr \u00fcber die Krankheit, die richtige Dosierung und die Durchf\u00fchrung der Injektion erfahren. Bitte z\u00f6gern Sie nicht, Ihren Arzt um Informationen zu bitten. <br \/>Sehen Sie in diesem <a href=\"https:\/\/www.youtube.com\/watch?v=1Imlbe3efpQ\">YouTube-Video<\/a>, wie man eine Hydrocortison-Injektion durchf\u00fchrt. Sie k\u00f6nnen auch mit Schl\u00fcsselw\u00f6rtern suchen. <br \/>Sehen Sie sich auch diesen One-Pager an,den Sie ausdrucken und in Ihrer Notfalltasche aufbewahren k\u00f6nnen, der zeigt, wie Sie vorgehen m\u00fcssen.<\/p><p><strong>Hinweis: Je nach Land sind die Medikamente und das Verfahren m\u00f6glicherweise nicht identisch, siehe auch unter 3. &#8222;Z\u00e4pfchen f\u00fcr den Notfall&#8220; als Alternative.<\/strong><\/p>\t\t\t\t\t\t\t\t<\/div>\n\t\t\t\t<\/div>\n\t\t\t\t\t<\/div>\n\t\t<\/div>\n\t\t\t\t\t<\/div>\n\t\t<\/section>\n\t\t\t\t<section class=\"elementor-section elementor-top-section elementor-element elementor-element-1baea0a qode_elementor_container_inner elementor-section-boxed elementor-section-height-default elementor-section-height-default parallax_section_no\" data-id=\"1baea0a\" data-element_type=\"section\" data-e-type=\"section\" data-settings=\"{&quot;background_background&quot;:&quot;classic&quot;}\">\n\t\t\t\t\t\t<div class=\"elementor-container elementor-column-gap-default\">\n\t\t\t\t\t<div class=\"elementor-column elementor-col-100 elementor-top-column elementor-element elementor-element-a378613\" data-id=\"a378613\" data-element_type=\"column\" data-e-type=\"column\">\n\t\t\t<div class=\"elementor-widget-wrap elementor-element-populated\">\n\t\t\t\t\t\t<div class=\"elementor-element elementor-element-bb189a0 elementor-widget elementor-widget-text-editor\" data-id=\"bb189a0\" data-element_type=\"widget\" data-e-type=\"widget\" data-widget_type=\"text-editor.default\">\n\t\t\t\t<div class=\"elementor-widget-container\">\n\t\t\t\t\t\t\t\t\t<h3>5. ARMBAND \/ NOTFALLAUSWEIS IN DER BRIEFTASCHE<\/h3><p>Wenn Sie allein sind, brauchen Sie das behandelnde medizinische Team, um zu verstehen, was mit Ihnen los ist.<\/p><p>Je nach Land kann es sich dabei um eine Karte f\u00fcr Nebennieren-Notfallsteroide (Notfall Ausweis) handeln, die Sie in Ihrem Portemonnaie finden, wie die unten stehenden.<\/p><p>Quelle: <a href=\"https:\/\/www.endokrinologie.net\/files\/download\/glukokortikoide-notfallkarte.pdf\">https:\/\/www.endokrinologie.net\/files\/download\/glukokortikoide-notfallkarte.pdf<\/a><\/p><p>Du kannst auch ein Armband\/ eine Halskette oder andere Accessoires haben, die du immer tragen kannst. (Es kann immer noch h\u00fcbsch sein, muss aber gesehen werden!)<\/p><p>Es sind mehrere Websites verf\u00fcgbar: <br \/>(eine Liste \u00fcberwiegend amerikanischer Websites. Achten Sie auf m\u00f6gliche Versandkosten.)<\/p><ul><li style=\"font-weight: 400;\" aria-level=\"1\"><strong><a href=\"https:\/\/www.laurenshope.com\/\" target=\"_blank\" rel=\"noopener\">https:\/\/www.laurenshope.com<\/a><\/strong><span style=\"font-weight: 400;\">\u00a0Phone 1.800.360.8680<\/span><\/li><li style=\"font-weight: 400;\" aria-level=\"1\"><strong><a href=\"https:\/\/canada.universalmedicalid.com\/\" target=\"_blank\" rel=\"noopener\">https:\/\/canada.universalmedicalid.com<\/a><\/strong><span style=\"font-weight: 400;\">\u00a0Phone 1.800.616.3400<\/span><\/li><li style=\"font-weight: 400;\" aria-level=\"1\"><strong><a href=\"https:\/\/www.roadid.com\/pages\/healthid-home\" target=\"_blank\" rel=\"noopener\">https:\/\/www.roadid.com\/pages\/healthid-home<\/a><\/strong><span style=\"font-weight: 400;\"> Phone 1.800.345.6336<\/span><\/li><li style=\"font-weight: 400;\" aria-level=\"1\"><strong><a href=\"https:\/\/www.medicalert.org\/medicalert-medical-ids\" target=\"_blank\" rel=\"noopener\">https:\/\/www.medicalert.org\/medicalert-medical-ids<\/a><\/strong><span style=\"font-weight: 400;\">\u00a0Phone 1.800.432.5378<\/span><\/li><li style=\"font-weight: 400;\" aria-level=\"1\"><span style=\"font-weight: 400;\">Etsy<\/span><\/li><li style=\"font-weight: 400;\" aria-level=\"1\">Und viele mehr&#8230;<\/li><\/ul>\t\t\t\t\t\t\t\t<\/div>\n\t\t\t\t<\/div>\n\t\t\t\t\t<\/div>\n\t\t<\/div>\n\t\t\t\t\t<\/div>\n\t\t<\/section>\n\t\t\t\t<section class=\"elementor-section elementor-top-section elementor-element elementor-element-b0b0922 elementor-section-boxed elementor-section-height-default elementor-section-height-default parallax_section_no qode_elementor_container_no\" data-id=\"b0b0922\" data-element_type=\"section\" data-e-type=\"section\">\n\t\t\t\t\t\t<div class=\"elementor-container elementor-column-gap-default\">\n\t\t\t\t\t<div class=\"elementor-column elementor-col-100 elementor-top-column elementor-element elementor-element-3f0abea\" data-id=\"3f0abea\" data-element_type=\"column\" data-e-type=\"column\">\n\t\t\t<div class=\"elementor-widget-wrap elementor-element-populated\">\n\t\t\t\t\t\t<section class=\"elementor-section elementor-inner-section elementor-element elementor-element-4e7ac78 elementor-section-boxed elementor-section-height-default elementor-section-height-default parallax_section_no qode_elementor_container_no\" data-id=\"4e7ac78\" data-element_type=\"section\" data-e-type=\"section\">\n\t\t\t\t\t\t<div class=\"elementor-container elementor-column-gap-default\">\n\t\t\t\t\t<div class=\"elementor-column elementor-col-50 elementor-inner-column elementor-element elementor-element-dbf16d5\" data-id=\"dbf16d5\" data-element_type=\"column\" data-e-type=\"column\">\n\t\t\t<div class=\"elementor-widget-wrap elementor-element-populated\">\n\t\t\t\t\t\t<div class=\"elementor-element elementor-element-c27653f elementor-widget elementor-widget-image\" data-id=\"c27653f\" data-element_type=\"widget\" data-e-type=\"widget\" data-widget_type=\"image.default\">\n\t\t\t\t<div class=\"elementor-widget-container\">\n\t\t\t\t\t\t\t\t\t\t\t\t\t\t\t<img fetchpriority=\"high\" decoding=\"async\" width=\"300\" height=\"195\" src=\"https:\/\/letscureacc.com\/wp-content\/uploads\/2021\/08\/Adrenal-emergency-steroid-card-Permission-to-reprint-granted-by-the-Addisons-Disease-e1630400297453-300x195.png\" class=\"attachment-medium size-medium wp-image-3708\" alt=\"\" srcset=\"https:\/\/letscureacc.com\/wp-content\/uploads\/2021\/08\/Adrenal-emergency-steroid-card-Permission-to-reprint-granted-by-the-Addisons-Disease-e1630400297453-300x195.png 300w, https:\/\/letscureacc.com\/wp-content\/uploads\/2021\/08\/Adrenal-emergency-steroid-card-Permission-to-reprint-granted-by-the-Addisons-Disease-e1630400297453-400x260.png 400w, https:\/\/letscureacc.com\/wp-content\/uploads\/2021\/08\/Adrenal-emergency-steroid-card-Permission-to-reprint-granted-by-the-Addisons-Disease-e1630400297453.png 606w\" sizes=\"(max-width: 300px) 100vw, 300px\" \/>\t\t\t\t\t\t\t\t\t\t\t\t\t\t\t<\/div>\n\t\t\t\t<\/div>\n\t\t\t\t\t<\/div>\n\t\t<\/div>\n\t\t\t\t<div class=\"elementor-column elementor-col-50 elementor-inner-column elementor-element elementor-element-e08504e\" data-id=\"e08504e\" data-element_type=\"column\" data-e-type=\"column\">\n\t\t\t<div class=\"elementor-widget-wrap elementor-element-populated\">\n\t\t\t\t\t\t<div class=\"elementor-element elementor-element-a954ada elementor-widget elementor-widget-image\" data-id=\"a954ada\" data-element_type=\"widget\" data-e-type=\"widget\" data-widget_type=\"image.default\">\n\t\t\t\t<div class=\"elementor-widget-container\">\n\t\t\t\t\t\t\t\t\t\t\t\t\t\t\t<img decoding=\"async\" width=\"300\" height=\"194\" src=\"https:\/\/letscureacc.com\/wp-content\/uploads\/2021\/08\/nhs-steroid-card-front-300x194.jpg\" class=\"attachment-medium size-medium wp-image-3714\" alt=\"\" srcset=\"https:\/\/letscureacc.com\/wp-content\/uploads\/2021\/08\/nhs-steroid-card-front-300x194.jpg 300w, https:\/\/letscureacc.com\/wp-content\/uploads\/2021\/08\/nhs-steroid-card-front-768x496.jpg 768w, https:\/\/letscureacc.com\/wp-content\/uploads\/2021\/08\/nhs-steroid-card-front-400x260.jpg 400w, https:\/\/letscureacc.com\/wp-content\/uploads\/2021\/08\/nhs-steroid-card-front-700x452.jpg 700w, https:\/\/letscureacc.com\/wp-content\/uploads\/2021\/08\/nhs-steroid-card-front.jpg 823w\" sizes=\"(max-width: 300px) 100vw, 300px\" \/>\t\t\t\t\t\t\t\t\t\t\t\t\t\t\t<\/div>\n\t\t\t\t<\/div>\n\t\t\t\t\t<\/div>\n\t\t<\/div>\n\t\t\t\t\t<\/div>\n\t\t<\/section>\n\t\t\t\t\t<\/div>\n\t\t<\/div>\n\t\t\t\t\t<\/div>\n\t\t<\/section>\n\t\t\t\t<section class=\"elementor-section elementor-top-section elementor-element elementor-element-a7ca12b qode_elementor_container_inner elementor-section-boxed elementor-section-height-default elementor-section-height-default parallax_section_no\" data-id=\"a7ca12b\" data-element_type=\"section\" data-e-type=\"section\" data-settings=\"{&quot;background_background&quot;:&quot;classic&quot;}\">\n\t\t\t\t\t\t<div class=\"elementor-container elementor-column-gap-default\">\n\t\t\t\t\t<div class=\"elementor-column elementor-col-100 elementor-top-column elementor-element elementor-element-5a206ef\" data-id=\"5a206ef\" data-element_type=\"column\" data-e-type=\"column\">\n\t\t\t<div class=\"elementor-widget-wrap elementor-element-populated\">\n\t\t\t\t\t\t<div class=\"elementor-element elementor-element-f6fe761 elementor-widget elementor-widget-text-editor\" data-id=\"f6fe761\" data-element_type=\"widget\" data-e-type=\"widget\" data-widget_type=\"text-editor.default\">\n\t\t\t\t<div class=\"elementor-widget-container\">\n\t\t\t\t\t\t\t\t\t<h3>6. T\u00c4GLICHENR\u00a0 UMGANG MIT DEN NEBENWIRKUNGEN<\/h3><p>Wenn Sie ACC haben, m\u00fcssen Sie sich auch mit einer Nebenniereninsuffizienz (so genannte Addison-Krankheit) auseinandersetzen. Das bedeutet, dass Sie diese Krankheit verstehen m\u00fcssen, damit Sie ein m\u00f6glichst normales Leben f\u00fchren k\u00f6nnen. Die meisten Menschen k\u00f6nnen mit wenigen Anpassungen ein normales Leben f\u00fchren. Lernen Sie, die Anzeichen zu erkennen, die darauf hinweisen, dass Sie Ihre Medikamentendosis bei einer sich anbahnenden Krise erh\u00f6hen m\u00fcssen, um sie zu vermeiden.<\/p><p>Nebenwirkungen k\u00f6nnen auch die Nebenwirkungen von Behandlungen bedeuten. Die Nebenwirkungen sind zahlreich und k\u00f6nnen schwierig zu handhaben sein. Die Einnahme anderer Medikamente gegen die wichtigsten Medikamente mag buchst\u00e4blich wie zu viele Pillen zum Schlucken erscheinen, kann aber auch Ihre Lebensqualit\u00e4t verbessern. Aus diesem Grund empfehlen wir Ihnen, offen mit Ihren \u00c4rzten dar\u00fcber zu sprechen, was Sie durchmachen (z. B. \u00dcbelkeit, Erbrechen, Durchfall, Gehirnnebel usw.). Es liegt an ihnen, Ihnen zu helfen, L\u00f6sungen zu finden, und es liegt an Ihnen, ob Sie sie wollen oder nicht.<\/p>\t\t\t\t\t\t\t\t<\/div>\n\t\t\t\t<\/div>\n\t\t\t\t\t<\/div>\n\t\t<\/div>\n\t\t\t\t\t<\/div>\n\t\t<\/section>\n\t\t\t\t<section class=\"elementor-section elementor-top-section elementor-element elementor-element-301b5aa qode_elementor_container_inner elementor-section-boxed elementor-section-height-default elementor-section-height-default parallax_section_no\" data-id=\"301b5aa\" data-element_type=\"section\" data-e-type=\"section\" data-settings=\"{&quot;background_background&quot;:&quot;classic&quot;}\">\n\t\t\t\t\t\t<div class=\"elementor-container elementor-column-gap-default\">\n\t\t\t\t\t<div class=\"elementor-column elementor-col-100 elementor-top-column elementor-element elementor-element-fa304d8\" data-id=\"fa304d8\" data-element_type=\"column\" data-e-type=\"column\">\n\t\t\t<div class=\"elementor-widget-wrap elementor-element-populated\">\n\t\t\t\t\t\t<div class=\"elementor-element elementor-element-114580f elementor-widget elementor-widget-text-editor\" data-id=\"114580f\" data-element_type=\"widget\" data-e-type=\"widget\" data-widget_type=\"text-editor.default\">\n\t\t\t\t<div class=\"elementor-widget-container\">\n\t\t\t\t\t\t\t\t\t<h3>7. REGELM\u00c4\u00dfIGE \u00dcBERWACHUNG<\/h3><p>Von nun an werden Sie sich regelm\u00e4\u00dfig mit Ihrem medizinischen Team treffen, bis es Ihnen sagt, dass Sie nur noch ein geringes Risiko haben. Die Anzahl der Besuche, Bluttests, PET-Scans (und anderer Untersuchungen) variiert von Land zu Land, von Stufe zu Stufe, wenden Sie sich daher bitte an Ihr medizinisches Team.<\/p>\t\t\t\t\t\t\t\t<\/div>\n\t\t\t\t<\/div>\n\t\t\t\t\t<\/div>\n\t\t<\/div>\n\t\t\t\t\t<\/div>\n\t\t<\/section>\n\t\t\t\t<section class=\"elementor-section elementor-top-section elementor-element elementor-element-e65d6d2 qode_elementor_container_inner elementor-section-boxed elementor-section-height-default elementor-section-height-default parallax_section_no\" data-id=\"e65d6d2\" data-element_type=\"section\" data-e-type=\"section\" data-settings=\"{&quot;background_background&quot;:&quot;classic&quot;}\">\n\t\t\t\t\t\t<div class=\"elementor-container elementor-column-gap-default\">\n\t\t\t\t\t<div class=\"elementor-column elementor-col-100 elementor-top-column elementor-element elementor-element-817f380\" data-id=\"817f380\" data-element_type=\"column\" data-e-type=\"column\">\n\t\t\t<div class=\"elementor-widget-wrap elementor-element-populated\">\n\t\t\t\t\t\t<div class=\"elementor-element elementor-element-26a4a68 elementor-widget elementor-widget-text-editor\" data-id=\"26a4a68\" data-element_type=\"widget\" data-e-type=\"widget\" data-widget_type=\"text-editor.default\">\n\t\t\t\t<div class=\"elementor-widget-container\">\n\t\t\t\t\t\t\t\t\t<h3><span style=\"font-weight: 400;\">8. HOPE LODGE<\/span><\/h3><p>Die &#8222;American Cancer Society&#8220; (d.h. die American National Association for the Fight against Cancer) bietet angesichts der Gr\u00f6\u00dfe des Landes die M\u00f6glichkeit der kostenlosen Unterbringung in einigen H\u00e4usern\/Hotels, die ihr angeh\u00f6ren, \u00fcber das ganze Land verteilt in gro\u00dfen Teilen St\u00e4dten oder in der N\u00e4he der gr\u00f6\u00dften Behandlungszentren f\u00fcr die Krankheit w\u00e4hrend Ihrer Behandlung. Z\u00f6gern Sie nicht, die Frage an Ihren Onkologen oder direkt an Ihre National Association against Cancer zu stellen, wenn Ihnen diesbez\u00fcglich Hilfe angeboten werden kann. In Deutschland erfolgt die weitere Betreuung nach einem Krankenhaus Aufenthalt in Ihrem Wohnort oder in der N\u00e4he durch eine Zusammenarbeit des Zentrums mit Ihrem Hausarzt oder Ihrem Onkologen.<\/p>\t\t\t\t\t\t\t\t<\/div>\n\t\t\t\t<\/div>\n\t\t\t\t\t<\/div>\n\t\t<\/div>\n\t\t\t\t\t<\/div>\n\t\t<\/section>\n\t\t\t\t<\/div>\n\t\t","protected":false},"excerpt":{"rendered":"<p>SIE WERDEN EIN NEUES LEBEN BEGINNEN Nicht unbedingt ein schlechtes, aber Sie werden Ihre bisherige Lebensweise anpassen m\u00fcssen.\u00a0Wichtig ist vor allem, dass Sie zum &#8222;Manager&#8220; Ihrer Krankheit werden, mit allem was dazu geh\u00f6rt. Hier sind einige &#8222;Tipps&#8220;. 1. MEDIZINISCHES EXPERTENTEAM Da es sich um eine&#8230;<\/p>\n","protected":false},"author":416,"featured_media":0,"parent":0,"menu_order":0,"comment_status":"closed","ping_status":"closed","template":"full_width.php","meta":{"give_campaign_id":0,"inline_featured_image":false,"footnotes":""},"class_list":["post-4339","page","type-page","status-publish","hentry"],"campaignId":"","_links":{"self":[{"href":"https:\/\/letscureacc.com\/de\/wp-json\/wp\/v2\/pages\/4339","targetHints":{"allow":["GET"]}}],"collection":[{"href":"https:\/\/letscureacc.com\/de\/wp-json\/wp\/v2\/pages"}],"about":[{"href":"https:\/\/letscureacc.com\/de\/wp-json\/wp\/v2\/types\/page"}],"author":[{"embeddable":true,"href":"https:\/\/letscureacc.com\/de\/wp-json\/wp\/v2\/users\/416"}],"replies":[{"embeddable":true,"href":"https:\/\/letscureacc.com\/de\/wp-json\/wp\/v2\/comments?post=4339"}],"version-history":[{"count":0,"href":"https:\/\/letscureacc.com\/de\/wp-json\/wp\/v2\/pages\/4339\/revisions"}],"wp:attachment":[{"href":"https:\/\/letscureacc.com\/de\/wp-json\/wp\/v2\/media?parent=4339"}],"curies":[{"name":"wp","href":"https:\/\/api.w.org\/{rel}","templated":true}]}}