{"id":4429,"date":"2022-02-01T16:36:18","date_gmt":"2022-02-01T15:36:18","guid":{"rendered":"https:\/\/letscureacc.com\/?page_id=4429"},"modified":"2024-03-05T14:59:41","modified_gmt":"2024-03-05T13:59:41","slug":"ihre-fragen","status":"publish","type":"page","link":"https:\/\/letscureacc.com\/de\/ihre-fragen\/","title":{"rendered":"Ihre Fragen"},"content":{"rendered":"\t\t<div data-elementor-type=\"wp-page\" data-elementor-id=\"4429\" class=\"elementor elementor-4429 elementor-668\">\n\t\t\t\t\t\t<section class=\"elementor-section elementor-top-section elementor-element elementor-element-2f84ef40 elementor-section-full_width elementor-section-height-default elementor-section-height-default parallax_section_no qode_elementor_container_no\" data-id=\"2f84ef40\" data-element_type=\"section\" data-e-type=\"section\" data-settings=\"{&quot;background_background&quot;:&quot;classic&quot;}\">\n\t\t\t\t\t\t<div class=\"elementor-container elementor-column-gap-default\">\n\t\t\t\t\t<div class=\"elementor-column elementor-col-100 elementor-top-column elementor-element elementor-element-55596fa4\" data-id=\"55596fa4\" data-element_type=\"column\" data-e-type=\"column\">\n\t\t\t<div class=\"elementor-widget-wrap elementor-element-populated\">\n\t\t\t\t\t\t<section class=\"elementor-section elementor-inner-section elementor-element elementor-element-da1aa8c elementor-section-boxed elementor-section-height-default elementor-section-height-default parallax_section_no qode_elementor_container_no\" data-id=\"da1aa8c\" data-element_type=\"section\" data-e-type=\"section\">\n\t\t\t\t\t\t<div class=\"elementor-container elementor-column-gap-extended\">\n\t\t\t\t\t<div class=\"elementor-column elementor-col-100 elementor-inner-column elementor-element elementor-element-916ce81\" data-id=\"916ce81\" data-element_type=\"column\" data-e-type=\"column\">\n\t\t\t<div class=\"elementor-widget-wrap elementor-element-populated\">\n\t\t\t\t\t\t<div class=\"elementor-element elementor-element-0119b7a elementor-widget elementor-widget-text-editor\" data-id=\"0119b7a\" data-element_type=\"widget\" data-e-type=\"widget\" data-widget_type=\"text-editor.default\">\n\t\t\t\t<div class=\"elementor-widget-container\">\n\t\t\t\t\t\t\t\t\t<h2 style=\"text-align: center;\">IN DIESEN DREI QUELLEN FINDEN SIE BEREITS VIELE ANTWORTEN AUF IHRE EIGENEN FRAGEN<\/h2><ul><li style=\"font-weight: 400;\" aria-level=\"1\"><a href=\"https:\/\/www.ukw.de\/medizinische-klinik-i\/endokrinologie\/schwerpunkte\/endokrine-tumoren\/nebennierenkarzinom\/\" target=\"_blank\" rel=\"noopener\">https:\/\/www.ukw.de\/medizinische-klinik-i\/endokrinologie\/schwerpunkte\/endokrine-tumoren\/nebennierenkarzinom\/<\/a><\/li><\/ul><p><a href=\"https:\/\/lcacc.wpengine.com\/glossary\/nebennierenkarzinom\/?lang=de\">ACC<\/a> ist eine seltene Krankheit und wird daher von Allgemein\u00e4rzten oder sogar Endokrinologen oft nicht erkannt. Daher ist es sehr wichtig, sich an einen Spezialisten f\u00fcr diese Krankheit zu wenden (die f\u00fchrenden Spezialisten <a href=\"https:\/\/lcacc.wpengine.com\/adressbuch\/?lang=de\">sind hier nach L\u00e4ndern aufgelistet<\/a>, mit Angaben zur Kontaktaufnahme mit deren Einverst\u00e4ndnis im &#8222;Mitgliederbereich&#8220; der Website).<\/p><p>Bitte beachten Sie, dass eine falsche Diagnose oder eine <strong>vorherige Biopsie vor der Operation<\/strong> oder eine nicht entsprechend durchgef\u00fchrte Operation zu einer Ausbreitung des Krebses und damit zu einer f\u00fcr Sie potenziell gef\u00e4hrlichen Situation f\u00fchren kann.Sie m\u00fcssen von einem erfahrenen medizinischen Team betreut werden, einem so genannten multidisziplin\u00e4ren Team (\u00c4rzte aus verschiedenen Fachbereichen &#8211; Endokrinologen, Onkologen, Chirurgen&#8230;).<\/p><p>Wenn Sie weit weg von einem Experten leben und nicht sicher sind, ob die Behandlung, die Sie erhalten, die richtige ist, k\u00f6nnen Sie jederzeit eine Zweitmeinung einholen. Es gibt eine Option, die von der University of Michigan \u00fcber dieses <a href=\"https:\/\/www.rogelcancercenter.org\/adrenal-cancer\/remote-second-opinion\">Formular<\/a> bereitgestellt wird, jedoch auf Englisch. Auf jeden Fall k\u00f6nnen Sie jederzeit einen anderen deutschen Mediziner aus der <a href=\"https:\/\/lcacc.wpengine.com\/adressbuch\/?lang=de\">Liste<\/a> im Mitgliederbereich konsultieren.<\/p><p><span style=\"color: #ff0000;\"><strong>KRITISCH: Lassen Sie vor der Operation KEINE BIOPSIE<\/strong> Ihres\/r Nebennierentumors\/e zu. Der Grund daf\u00fcr ist, dass die Krebszellen Ihres Tumors aufgrund der Biopsienadel zu einer physischen Ausbreitung, also auf andere Zellen Ihres K\u00f6rpers f\u00fchren k\u00f6nnen. ACC ist keine typische Krebserkrankung und sollte daher nicht auf die gleiche Weise wie andere behandelt werden.<\/span><\/p>\t\t\t\t\t\t\t\t<\/div>\n\t\t\t\t<\/div>\n\t\t\t\t\t<\/div>\n\t\t<\/div>\n\t\t\t\t\t<\/div>\n\t\t<\/section>\n\t\t\t\t\t<\/div>\n\t\t<\/div>\n\t\t\t\t\t<\/div>\n\t\t<\/section>\n\t\t\t\t<section class=\"elementor-section elementor-top-section elementor-element elementor-element-044d983 qode_elementor_container_inner elementor-section-boxed elementor-section-height-default elementor-section-height-default parallax_section_no\" data-id=\"044d983\" data-element_type=\"section\" data-e-type=\"section\" data-settings=\"{&quot;background_background&quot;:&quot;classic&quot;}\">\n\t\t\t\t\t\t<div class=\"elementor-container elementor-column-gap-default\">\n\t\t\t\t\t<div class=\"elementor-column elementor-col-100 elementor-top-column elementor-element elementor-element-e56089b\" data-id=\"e56089b\" data-element_type=\"column\" data-e-type=\"column\">\n\t\t\t<div class=\"elementor-widget-wrap elementor-element-populated\">\n\t\t\t\t\t\t<div class=\"elementor-element elementor-element-e6a2120 elementor-widget elementor-widget-text-editor\" data-id=\"e6a2120\" data-element_type=\"widget\" data-e-type=\"widget\" data-widget_type=\"text-editor.default\">\n\t\t\t\t<div class=\"elementor-widget-container\">\n\t\t\t\t\t\t\t\t\t<h3>Fragen, die Sie Ihrem medizinischen Team VOR der Operation stellen sollten<\/h3><ul><li>Wie viele Patienten haben Sie mit dieser Art von Krebs behandelt?<\/li><li>Beeinflusst das Stadium meiner Krebserkrankung die Behandlungsm\u00f6glichkeiten, die ich habe<\/li><li>Welche weiteren Untersuchungen muss ich durchf\u00fchren lassen, um meine Diagnose zu best\u00e4tigen und zu erfahren, ob der Krebs auf andere Teile meines K\u00f6rpers \u00fcbergegriffen hat? (z. B. MRT, <a href=\"https:\/\/lcacc.wpengine.com\/glossary\/computertomographie-ct\/?lang=de\">CT<\/a>, PET or <a href=\"https:\/\/lcacc.wpengine.com\/glossary\/positronenemissionstomographie\/?lang=de\">Positronenemissionstomographie<\/a>, Knochenscan usw.)<p>Beachten Sie, dass die Krankenkassen in den USA PET-Scans vor der Operation in der Regel nicht zulassen und die Genehmigung erst dann erteilen, wenn best\u00e4tigt ist, dass der entfernte Tumor krebsartig ist.<\/p><\/li><\/ul>\t\t\t\t\t\t\t\t<\/div>\n\t\t\t\t<\/div>\n\t\t\t\t\t<\/div>\n\t\t<\/div>\n\t\t\t\t\t<\/div>\n\t\t<\/section>\n\t\t\t\t<section class=\"elementor-section elementor-top-section elementor-element elementor-element-be49dc5 qode_elementor_container_inner elementor-section-boxed elementor-section-height-default elementor-section-height-default parallax_section_no\" data-id=\"be49dc5\" data-element_type=\"section\" data-e-type=\"section\" data-settings=\"{&quot;background_background&quot;:&quot;classic&quot;}\">\n\t\t\t\t\t\t<div class=\"elementor-container elementor-column-gap-default\">\n\t\t\t\t\t<div class=\"elementor-column elementor-col-100 elementor-top-column elementor-element elementor-element-a53cfb5\" data-id=\"a53cfb5\" data-element_type=\"column\" data-e-type=\"column\">\n\t\t\t<div class=\"elementor-widget-wrap elementor-element-populated\">\n\t\t\t\t\t\t<div class=\"elementor-element elementor-element-f1943dd elementor-widget elementor-widget-text-editor\" data-id=\"f1943dd\" data-element_type=\"widget\" data-e-type=\"widget\" data-widget_type=\"text-editor.default\">\n\t\t\t\t<div class=\"elementor-widget-container\">\n\t\t\t\t\t\t\t\t\t<h3>Fragen, die Sie Ihrem Chirurgen NACH der Operation stellen sollten und die Ihnen helfen werden, Ihren Fall mit den pr\u00e4zisen Antworten, selbst zu beurteilen, die Ihr Arzt\/ Ihre \u00c4rzte Ihnen geben.<\/h3><ul><li>Ist die Resektion vollst\u00e4ndig oder nicht? (d. h. hat der Chirurg den gesamten Tumor entfernen k\u00f6nnen)<\/li><li>Ist er nach einer durchgef\u00fchrten Biopsie (also nach der Operation) krebsartig<\/li><li>Wie hoch ist mein Ki 67-Wert? Was bedeutet das?<\/li><li>Wie hoch ist mein Weiss-Score? (Nicht immer verf\u00fcgbar)<\/li><li>In welchem Stadium befindet sich mein Krebs? Was bedeutet dieses Stadium? Wie wirkt sich dies auf meine Behandlungsm\u00f6glichkeiten aus?<p>PET-Scan zur Organisation nach der Operation (im Allgemeinen nach der Heilung, d. h. einige Monate nach der Operation)<\/p><p>Beachten Sie, dass Sie nicht sofort alle Antworten erhalten werden. Eine Biopsie und eine Analyse der Masse m\u00fcssen durchgef\u00fchrt werden, um diese Antworten zu erhalten, aber da der Weiss-Score und der Ki 67 wichtige Faktoren f\u00fcr Ihre Prognose sind, m\u00fcssen Sie diese zu einem bestimmten Zeitpunkt in Ihre Akte aufnehmen lassen (wenn es m\u00f6glich ist).<\/p><\/li><\/ul>\t\t\t\t\t\t\t\t<\/div>\n\t\t\t\t<\/div>\n\t\t\t\t\t<\/div>\n\t\t<\/div>\n\t\t\t\t\t<\/div>\n\t\t<\/section>\n\t\t\t\t<section class=\"elementor-section elementor-top-section elementor-element elementor-element-ac8808d qode_elementor_container_inner elementor-section-boxed elementor-section-height-default elementor-section-height-default parallax_section_no\" data-id=\"ac8808d\" data-element_type=\"section\" data-e-type=\"section\" data-settings=\"{&quot;background_background&quot;:&quot;classic&quot;}\">\n\t\t\t\t\t\t<div class=\"elementor-container elementor-column-gap-default\">\n\t\t\t\t\t<div class=\"elementor-column elementor-col-100 elementor-top-column elementor-element elementor-element-9943f40\" data-id=\"9943f40\" data-element_type=\"column\" data-e-type=\"column\">\n\t\t\t<div class=\"elementor-widget-wrap elementor-element-populated\">\n\t\t\t\t\t\t<div class=\"elementor-element elementor-element-82143b6 elementor-widget elementor-widget-text-editor\" data-id=\"82143b6\" data-element_type=\"widget\" data-e-type=\"widget\" data-widget_type=\"text-editor.default\">\n\t\t\t\t<div class=\"elementor-widget-container\">\n\t\t\t\t\t\t\t\t\t<h3>Fragen, die Sie bei Ihren Folgeterminen stellen sollten<\/h3><p>Wir empfehlen Ihnen <strong>dringend<\/strong>, sich vor Ihrem Termin vorzubereiten. Notieren Sie alle Ihre Fragen (f\u00fchren Sie ein kleines Notizbuch, das Sie zu allen Terminen begleiten wird), aber auch, was Sie erleben (Gef\u00fchle, Gedanken, k\u00f6rperliche Symptome), um Ihrem Arzt davon zu berichten.<\/p><p>Allgemein:<\/p><ul><li>Welchen Krebs habe ich? K\u00f6nnen Sie ihn mir so erkl\u00e4ren, dass ich ihn verstehen kann?<\/li><li>Wie viele Patienten haben Sie mit dieser Art von Krebs behandelt?<\/li><li>Da das Stadium meines Krebses die Behandlungsm\u00f6glichkeiten beeinflusst, frage ich Sie, in welchem Stadium sich mein Krebs befindet? Was bedeutet dieses Stadium?<\/li><li>Wie wirkt sich dies auf meine Behandlungsm\u00f6glichkeiten aus?<\/li><li>Welche weiteren Untersuchungen muss ich durchf\u00fchren lassen, um meine Diagnose zu best\u00e4tigen und um zu erfahren, ob sich der Krebs auf andere Teile meines K\u00f6rpers ausgebreitet hat? (z. B. MRT, CT, PET, Knochenscan usw.)<br \/>Wenn es in Ihrem Land m\u00f6glich ist (nicht alle L\u00e4nder lassen dies zu), k\u00f6nnen Sie eine umfassende Genomsequenzierung (oder einen Full Panel&#8220;-Test) Ihrer Krebserkrankung beantragen (ohne Beschr\u00e4nkung auf Gene, f\u00fcr die eine Behandlung zugelassen ist). Damit l\u00e4sst sich feststellen, ob es in Ihrer Familie genetische Risiken gibt. Was kostet die Genomsequenzierung (Full Panel)? Wie lange dauert es, bis ich meine Ergebnisse erhalte?<br \/>Wird mein Krebs auf eine Immuntherapie ansprechen?&#8220;<\/li><\/ul><p>Behandlung:<\/p><ul><li>Was ist die von Ihnen empfohlene Behandlungsstrategie?<\/li><li>Was ist das Ziel dieser Behandlungsstrategie? Heilung, Lebensverl\u00e4ngerung oder Behandlung der Symptome und Nebenwirkungen der Krebserkrankung?<\/li><li>Wie hoch ist die 5-Jahres-\u00dcberlebensrate f\u00fcr die von Ihnen empfohlene Krebsbehandlung?<\/li><li>Wie wirksam ist die von Ihnen vorgeschlagene Behandlung auf der Grundlage der identifizierten Ursachen meines Krebses?<\/li><li>K\u00f6nnen Sie die Behandlung, die Sie vorschlagen, beschreiben? Wie kann ich mehr \u00fcber die Behandlung erfahren?<\/li><li>Welche Risiken bestehen bei der von Ihnen empfohlenen Behandlungsstrategie?<\/li><li>Was sind die kurz- und langfristigen Nebenwirkungen der von Ihnen empfohlenen Behandlung(en)?<\/li><li><span style=\"font-weight: 400;\">How would this treatment affect my daily activities \u2013 work, physical, driving, sleeping, etc.?<\/span><\/li><li>Wie w\u00fcrde sich diese Behandlung auf meine t\u00e4glichen Aktivit\u00e4ten auswirken &#8211; Arbeit, Sport, Autofahren, Schlafen usw.?<\/li><li>Wie w\u00fcrde sich diese Behandlung auf meine t\u00e4glichen Aktivit\u00e4ten auswirken &#8211; Arbeit, Sport, Autofahren, Schlafen usw.?<br \/>Auf welche Nebenwirkungen sollte ich achten, und wann sollte ich Sie anrufen, wenn ich diese Nebenwirkungen erlebe?<br \/>Was muss ich tun, um mich auf die Behandlung vorzubereiten &#8211; Sport, Ern\u00e4hrung usw. &#8211; und was muss ich w\u00e4hrend der Behandlung tun? Kann ich mit jemandem aus Ihrem Zentrum f\u00fcr integrative\/komplement\u00e4re Medizin sprechen, um hilfreiche Optionen\/Richtlinien zu besprechen?<\/li><li>Welche Tests werden Sie anordnen, um festzustellen, ob die Behandlung anschl\u00e4gt? Wann werden diese Tests durchgef\u00fchrt?<\/li><li>Wen kann ich anrufen, wenn ich w\u00e4hrend meiner Behandlung Fragen habe?<\/li><li>K\u00f6nnen Sie mich mit jemandem in Kontakt bringen, den Sie mit diesem Behandlungsplan behandelt haben?<\/li><li>K\u00f6nnen Sie mich mit jemandem in Kontakt bringen, den Sie mit diesem Behandlungsplan behandelt haben?<br \/>K\u00f6nnen Sie mich mit jemandem in Kontakt bringen, den Sie mit diesem Behandlungsplan behandelt haben?<\/li><li><span style=\"font-weight: 400;\">Falls dieses Krebs-\/Forschungszentrum einen gezielten Behandlungsplan oder eine klinische Studie anbietet, die Sie nicht anbieten, w\u00e4ren Sie dann bereit, f\u00fcr die Nachsorge mit diesem Zentrum zusammenzuarbeiten?\u00a0<\/span><\/li><\/ul><p>Quelle: <a href=\"http:\/\/pages.surviveit.org\/resource-library\/21-questions\/\">http:\/\/pages.surviveit.org\/resource-library\/21-questions\/<\/a><\/p>\t\t\t\t\t\t\t\t<\/div>\n\t\t\t\t<\/div>\n\t\t\t\t\t<\/div>\n\t\t<\/div>\n\t\t\t\t\t<\/div>\n\t\t<\/section>\n\t\t\t\t<section class=\"elementor-section elementor-top-section elementor-element elementor-element-7915649 qode_elementor_container_inner elementor-section-boxed elementor-section-height-default elementor-section-height-default parallax_section_no\" data-id=\"7915649\" data-element_type=\"section\" data-e-type=\"section\" data-settings=\"{&quot;background_background&quot;:&quot;classic&quot;}\">\n\t\t\t\t\t\t<div class=\"elementor-container elementor-column-gap-default\">\n\t\t\t\t\t<div class=\"elementor-column elementor-col-100 elementor-top-column elementor-element elementor-element-3fa1a5e\" data-id=\"3fa1a5e\" data-element_type=\"column\" data-e-type=\"column\">\n\t\t\t<div class=\"elementor-widget-wrap elementor-element-populated\">\n\t\t\t\t\t\t<div class=\"elementor-element elementor-element-4ff53e1 elementor-widget elementor-widget-text-editor\" data-id=\"4ff53e1\" data-element_type=\"widget\" data-e-type=\"widget\" data-widget_type=\"text-editor.default\">\n\t\t\t\t<div class=\"elementor-widget-container\">\n\t\t\t\t\t\t\t\t\t<h3>Weitere Empfehlungen<br \/><br \/><\/h3><ul><li aria-level=\"1\">Z\u00f6gern Sie nicht, Ihren Arzt zu bitten, etwas zu wiederholen oder anders zu erkl\u00e4ren, wenn Ihnen etwas nicht klar erscheint. Sie sollten die Arztpraxis mit den Antworten verlassen, die Sie wollten und die Sie vollst\u00e4ndig verstanden haben. Das haben wir alle schon erlebt, also haben Sie keine Angst und Ihr Arzt wird Sie verstehen!<\/li><li style=\"font-weight: 400;\" aria-level=\"1\">Sie sollten alle Informationen oder zumindest die wichtigeren Daten (Stadium, R\u00e4nder, Ki67, Weiss-Score, Entwicklung des Mitotanspiegels&#8230;) aufzeichnen.<\/li><\/ul>\t\t\t\t\t\t\t\t<\/div>\n\t\t\t\t<\/div>\n\t\t\t\t\t<\/div>\n\t\t<\/div>\n\t\t\t\t\t<\/div>\n\t\t<\/section>\n\t\t\t\t<\/div>\n\t\t","protected":false},"excerpt":{"rendered":"<p>IN DIESEN DREI QUELLEN FINDEN SIE BEREITS VIELE ANTWORTEN AUF IHRE EIGENEN FRAGEN https:\/\/www.ukw.de\/medizinische-klinik-i\/endokrinologie\/schwerpunkte\/endokrine-tumoren\/nebennierenkarzinom\/ ACC ist eine seltene Krankheit und wird daher von Allgemein\u00e4rzten oder sogar Endokrinologen oft nicht erkannt. Daher ist es sehr wichtig, sich an einen Spezialisten f\u00fcr diese Krankheit zu wenden (die&#8230;<\/p>\n","protected":false},"author":416,"featured_media":0,"parent":0,"menu_order":0,"comment_status":"closed","ping_status":"closed","template":"full_width.php","meta":{"give_campaign_id":0,"inline_featured_image":false,"footnotes":""},"class_list":["post-4429","page","type-page","status-publish","hentry"],"campaignId":"","_links":{"self":[{"href":"https:\/\/letscureacc.com\/de\/wp-json\/wp\/v2\/pages\/4429","targetHints":{"allow":["GET"]}}],"collection":[{"href":"https:\/\/letscureacc.com\/de\/wp-json\/wp\/v2\/pages"}],"about":[{"href":"https:\/\/letscureacc.com\/de\/wp-json\/wp\/v2\/types\/page"}],"author":[{"embeddable":true,"href":"https:\/\/letscureacc.com\/de\/wp-json\/wp\/v2\/users\/416"}],"replies":[{"embeddable":true,"href":"https:\/\/letscureacc.com\/de\/wp-json\/wp\/v2\/comments?post=4429"}],"version-history":[{"count":0,"href":"https:\/\/letscureacc.com\/de\/wp-json\/wp\/v2\/pages\/4429\/revisions"}],"wp:attachment":[{"href":"https:\/\/letscureacc.com\/de\/wp-json\/wp\/v2\/media?parent=4429"}],"curies":[{"name":"wp","href":"https:\/\/api.w.org\/{rel}","templated":true}]}}