{"id":4971,"date":"2022-02-09T14:09:06","date_gmt":"2022-02-09T13:09:06","guid":{"rendered":"https:\/\/letscureacc.com\/?page_id=4971"},"modified":"2024-05-10T13:02:32","modified_gmt":"2024-05-10T11:02:32","slug":"facebook-gruppen","status":"publish","type":"page","link":"https:\/\/letscureacc.com\/de\/facebook-gruppen\/","title":{"rendered":"Facebook Gruppen"},"content":{"rendered":"\t\t<div data-elementor-type=\"wp-page\" data-elementor-id=\"4971\" class=\"elementor elementor-4971 elementor-674\">\n\t\t\t\t\t\t<section class=\"elementor-section elementor-top-section elementor-element elementor-element-2f84ef40 elementor-section-full_width elementor-section-height-default elementor-section-height-default parallax_section_no qode_elementor_container_no\" data-id=\"2f84ef40\" data-element_type=\"section\" data-e-type=\"section\" data-settings=\"{&quot;background_background&quot;:&quot;classic&quot;}\">\n\t\t\t\t\t\t<div class=\"elementor-container elementor-column-gap-default\">\n\t\t\t\t\t<div class=\"elementor-column elementor-col-100 elementor-top-column elementor-element elementor-element-55596fa4\" data-id=\"55596fa4\" data-element_type=\"column\" data-e-type=\"column\">\n\t\t\t<div class=\"elementor-widget-wrap elementor-element-populated\">\n\t\t\t\t\t\t<section class=\"elementor-section elementor-inner-section elementor-element elementor-element-da1aa8c elementor-section-boxed elementor-section-height-default elementor-section-height-default parallax_section_no qode_elementor_container_no\" data-id=\"da1aa8c\" data-element_type=\"section\" data-e-type=\"section\">\n\t\t\t\t\t\t<div class=\"elementor-container elementor-column-gap-extended\">\n\t\t\t\t\t<div class=\"elementor-column elementor-col-100 elementor-inner-column elementor-element elementor-element-916ce81\" data-id=\"916ce81\" data-element_type=\"column\" data-e-type=\"column\">\n\t\t\t<div class=\"elementor-widget-wrap elementor-element-populated\">\n\t\t\t\t\t\t<div class=\"elementor-element elementor-element-0119b7a elementor-widget elementor-widget-text-editor\" data-id=\"0119b7a\" data-element_type=\"widget\" data-e-type=\"widget\" data-widget_type=\"text-editor.default\">\n\t\t\t\t<div class=\"elementor-widget-container\">\n\t\t\t\t\t\t\t\t\t<h2 style=\"text-align: center;\">GLOBALE FACEBOOK GRUPPEN ZUR KOMMUNIKATION UNTER PATIENTEN<\/h2>\n<p>Wir sind nur einige wenige Patienten auf der ganzen Welt mit dieser seltenen Krankheit, und f\u00fcr einige von uns kann es sehr isolierend sein. Die M\u00f6glichkeit, sich mit anderen auszutauschen, ist von entscheidender Bedeutung: Man kann Menschen treffen, die sich in der gleichen (oder fast der gleichen) Situation befinden, die die gleichen Fragen haben\u2026<\/p>\n<p>Hier ist eine Liste von Facebook-Gruppen f\u00fcr ADRENALKREBS-PATIENTEN auf der ganzen Welt in verschiedenen Sprachen (in alphabetischer Reihenfolge der Sprachen). Diese Gruppen sind privat und viele von ihnen stellen Fragen, damit Sie Mitglied werden k\u00f6nnen. Wenn Sie andere Gruppen kennen,\u00a0<a href=\"https:\/\/lcacc.wpengine.com\/kontakt\/?lang=de\">kontaktieren<\/a>\u00a0Sie uns bitte, damit wir die Gruppenleiter fragen k\u00f6nnen, ob wir sie auf diese Website stellen d\u00fcrfen.<\/p>\n<p>Vielen Dank an die Leute, die bei der Erstellung der Website helfen: Martyn JONES (Englisch), Petra BRUEGMANN (Deutsch), Kathleen FRISTENSKY und Th\u00e9r\u00e9se RODRIGUEZ-GITTON (Spanisch), Edoardo TERZOLO und Coralie GAMBRO (Italienisch), Emmanuelle AFONSO, H\u00e9l\u00e8ne SOBRAL und Maria VILLARES FRAGOSO (Portugiesisch\/Brasilianisch), Melody ZHANG (Chinesische), Kazutaka NANBA und Editage-Cactus Communications (Japanisch).<\/p>\n\t\t\t\t\t\t\t\t<\/div>\n\t\t\t\t<\/div>\n\t\t\t\t\t<\/div>\n\t\t<\/div>\n\t\t\t\t\t<\/div>\n\t\t<\/section>\n\t\t\t\t\t<\/div>\n\t\t<\/div>\n\t\t\t\t\t<\/div>\n\t\t<\/section>\n\t\t\t\t<section class=\"elementor-section elementor-top-section elementor-element elementor-element-9ad4416 qode_elementor_container_inner elementor-section-boxed elementor-section-height-default elementor-section-height-default parallax_section_no\" data-id=\"9ad4416\" data-element_type=\"section\" data-e-type=\"section\" data-settings=\"{&quot;background_background&quot;:&quot;classic&quot;}\">\n\t\t\t\t\t\t<div class=\"elementor-container elementor-column-gap-default\">\n\t\t\t\t\t<div class=\"elementor-column elementor-col-100 elementor-top-column elementor-element elementor-element-c6af9da\" data-id=\"c6af9da\" data-element_type=\"column\" data-e-type=\"column\">\n\t\t\t<div class=\"elementor-widget-wrap elementor-element-populated\">\n\t\t\t\t\t\t<div class=\"elementor-element elementor-element-07b2e2b elementor-widget elementor-widget-text-editor\" data-id=\"07b2e2b\" data-element_type=\"widget\" data-e-type=\"widget\" data-widget_type=\"text-editor.default\">\n\t\t\t\t<div class=\"elementor-widget-container\">\n\t\t\t\t\t\t\t\t\t<h3>Chinesisch:<\/h3>\n<ul>\n<li><a href=\"https:\/\/www.facebook.com\/CORDChina\/\"><b>CORD<\/b><\/a><\/li>\n<\/ul>\n<h3>Englisch:<\/h3>\n<ul>\n<li aria-level=\"1\"><strong><a href=\"https:\/\/www.facebook.com\/groups\/122363381701199\/about\">ADRENAL CANCER WARRIORS\u2026STRONGER TOGETHER\u00a0<\/a><\/strong><\/li>\n<li aria-level=\"1\"><strong><a href=\"https:\/\/www.facebook.com\/groups\/537735743093284\/about\">ADRENAL HOPE<\/a><\/strong><\/li>\n<li aria-level=\"1\"><a href=\"https:\/\/www.facebook.com\/AssociationforMENdisorders\/\"><strong>AMEND<\/strong><\/a><\/li>\n<\/ul>\n<h3><\/h3>\n<h3>Franz\u00f6sisch:<\/h3>\n<ul>\n<li aria-level=\"1\"><strong><a href=\"https:\/\/www.facebook.com\/groups\/198180076903407\/about\">CORTICOSURR\u00c9NALOME MALADIE ENDOCRINE<\/a><\/strong><\/li>\n<li aria-level=\"1\"><strong><a href=\"https:\/\/www.facebook.com\/groups\/542435622433109\/about\">SOUTIEN CORTICOSURR\u00c9NALOME, ADDISON ET CUSHING<\/a><\/strong><\/li>\n<\/ul>\n<h3><\/h3>\n<h3>Portugiesisch\/Brasilianisch:<\/h3>\n<ul>\n<li><strong><a href=\"https:\/\/www.facebook.com\/abaddisonbrasil\">ABADDISONBRASIL<\/a><\/strong><\/li>\n<\/ul>\n<h3><\/h3>\n<h3>Russisch:<\/h3>\n<ul>\n<li aria-level=\"1\"><strong><a href=\"https:\/\/www.facebook.com\/groups\/357604215111396\/about\">\u0410\u041a\u0420 \u2013 \u0410\u0434\u0440\u0435\u043d\u043e\u043a\u043e\u0440\u0442\u0438\u043a\u0430\u043b\u044c\u043d\u044b\u0439 \u0440\u0430\u043a \u2013 \u0440\u0430\u043a \u043a\u043e\u0440\u044b \u043d\u0430\u0434\u043f\u043e\u0447\u0435\u0447\u043d\u0438\u043a\u0430<\/a><\/strong><\/li>\n<\/ul>\n<h3><\/h3>\n<h3>Spanisch:<\/h3>\n<ul>\n<li><strong><a href=\"https:\/\/www.facebook.com\/Adisen.es\">ADISEN \u2013 ASOCIACION NACIONAL DE ADDISON Y OTRAS ENFERMEDADES ENDOCRINAS<\/a><\/strong><\/li>\n<\/ul>\n\t\t\t\t\t\t\t\t<\/div>\n\t\t\t\t<\/div>\n\t\t\t\t\t<\/div>\n\t\t<\/div>\n\t\t\t\t\t<\/div>\n\t\t<\/section>\n\t\t\t\t<\/div>\n\t\t","protected":false},"excerpt":{"rendered":"<p>GLOBALE FACEBOOK GRUPPEN ZUR KOMMUNIKATION UNTER PATIENTEN Wir sind nur einige wenige Patienten auf der ganzen Welt mit dieser seltenen Krankheit, und f\u00fcr einige von uns kann es sehr isolierend sein. Die M\u00f6glichkeit, sich mit anderen auszutauschen, ist von entscheidender Bedeutung: Man kann Menschen treffen,&#8230;<\/p>\n","protected":false},"author":416,"featured_media":0,"parent":0,"menu_order":0,"comment_status":"closed","ping_status":"closed","template":"full_width.php","meta":{"give_campaign_id":0,"inline_featured_image":false,"footnotes":""},"class_list":["post-4971","page","type-page","status-publish","hentry"],"campaignId":"","_links":{"self":[{"href":"https:\/\/letscureacc.com\/de\/wp-json\/wp\/v2\/pages\/4971","targetHints":{"allow":["GET"]}}],"collection":[{"href":"https:\/\/letscureacc.com\/de\/wp-json\/wp\/v2\/pages"}],"about":[{"href":"https:\/\/letscureacc.com\/de\/wp-json\/wp\/v2\/types\/page"}],"author":[{"embeddable":true,"href":"https:\/\/letscureacc.com\/de\/wp-json\/wp\/v2\/users\/416"}],"replies":[{"embeddable":true,"href":"https:\/\/letscureacc.com\/de\/wp-json\/wp\/v2\/comments?post=4971"}],"version-history":[{"count":0,"href":"https:\/\/letscureacc.com\/de\/wp-json\/wp\/v2\/pages\/4971\/revisions"}],"wp:attachment":[{"href":"https:\/\/letscureacc.com\/de\/wp-json\/wp\/v2\/media?parent=4971"}],"curies":[{"name":"wp","href":"https:\/\/api.w.org\/{rel}","templated":true}]}}