{"id":5016,"date":"2022-02-09T14:32:41","date_gmt":"2022-02-09T13:32:41","guid":{"rendered":"https:\/\/letscureacc.com\/?page_id=5016"},"modified":"2025-07-18T11:09:46","modified_gmt":"2025-07-18T09:09:46","slug":"von-den-verschollenen","status":"publish","type":"page","link":"https:\/\/letscureacc.com\/de\/von-den-verschollenen\/","title":{"rendered":"Von den Verschollenen"},"content":{"rendered":"\t\t<div data-elementor-type=\"wp-page\" data-elementor-id=\"5016\" class=\"elementor elementor-5016 elementor-679\">\n\t\t\t\t\t\t<section class=\"elementor-section elementor-top-section elementor-element elementor-element-2f84ef40 elementor-section-full_width elementor-section-height-default elementor-section-height-default parallax_section_no qode_elementor_container_no\" data-id=\"2f84ef40\" data-element_type=\"section\" data-e-type=\"section\" data-settings=\"{&quot;background_background&quot;:&quot;classic&quot;}\">\n\t\t\t\t\t\t<div class=\"elementor-container elementor-column-gap-default\">\n\t\t\t\t\t<div class=\"elementor-column elementor-col-100 elementor-top-column elementor-element elementor-element-55596fa4\" data-id=\"55596fa4\" data-element_type=\"column\" data-e-type=\"column\">\n\t\t\t<div class=\"elementor-widget-wrap elementor-element-populated\">\n\t\t\t\t\t\t<section class=\"elementor-section elementor-inner-section elementor-element elementor-element-da1aa8c elementor-section-boxed elementor-section-height-default elementor-section-height-default parallax_section_no qode_elementor_container_no\" data-id=\"da1aa8c\" data-element_type=\"section\" data-e-type=\"section\">\n\t\t\t\t\t\t<div class=\"elementor-container elementor-column-gap-extended\">\n\t\t\t\t\t<div class=\"elementor-column elementor-col-100 elementor-inner-column elementor-element elementor-element-916ce81\" data-id=\"916ce81\" data-element_type=\"column\" data-e-type=\"column\">\n\t\t\t<div class=\"elementor-widget-wrap elementor-element-populated\">\n\t\t\t\t\t\t<div class=\"elementor-element elementor-element-0119b7a elementor-widget elementor-widget-text-editor\" data-id=\"0119b7a\" data-element_type=\"widget\" data-e-type=\"widget\" data-widget_type=\"text-editor.default\">\n\t\t\t\t<div class=\"elementor-widget-container\">\n\t\t\t\t\t\t\t\t\t<h2 style=\"text-align: center;\">EINIGE PATIENTEN HABEN ES NICHT GESCHAFFT, ABER SIE (UND IHRE FAMILIEN) M\u00d6CHTEN, DASS SIE F\u00dcR SIE K\u00c4MPFEN<\/h2><p>Ihre Geschichten sind zwar traurig, aber vielleicht informativ&#8230; Bitte denken Sie an sie und K\u00c4MPFEN Sie!<\/p><p>Hier sind einige Webseiten:<\/p><ul><li>Drew O&#8217;Donoghue, ein erfolgreicher Musiker, starb im Alter von 22 Jahren nach einem jahrelangen Kampf: <a href=\"http:\/\/www.thedrewodonoghuefund.org\">http:\/\/www.thedrewodonoghuefund.org<\/a><\/li><\/ul><ul><li>Sarah G. verlor ihren Kampf mit ACC :<\/li><\/ul><p><span style=\"font-weight: 400;\">Sarah verlie\u00df ihre beiden kleinen Kinder, ihren Mann und ihre geliebte Familie im Alter von 33 Jahren, und Kathleen war gerade 29 Jahre alt, als sie f\u00fcr immer von ihrem geliebten Mann und ihrer Familie getrennt wurde. Gl\u00fccklicherweise ist der kleine Micah, bei dem die Diagnose im Alter von 4 Jahren gestellt wurde, nach einem schwierigen Kampf gegen die Krankheit NED. Ihre Geschichten und viele weitere Erkl\u00e4rungen zu ACC finden Sie unter <a class=\"waffle-rich-text-link\" href=\"https:\/\/www.accwarriors.org\/\">https:\/\/www.accwarriors.org<\/a><\/span><\/p>\t\t\t\t\t\t\t\t<\/div>\n\t\t\t\t<\/div>\n\t\t\t\t\t<\/div>\n\t\t<\/div>\n\t\t\t\t\t<\/div>\n\t\t<\/section>\n\t\t\t\t\t<\/div>\n\t\t<\/div>\n\t\t\t\t\t<\/div>\n\t\t<\/section>\n\t\t\t\t<\/div>\n\t\t","protected":false},"excerpt":{"rendered":"<p>EINIGE PATIENTEN HABEN ES NICHT GESCHAFFT, ABER SIE (UND IHRE FAMILIEN) M\u00d6CHTEN, DASS SIE F\u00dcR SIE K\u00c4MPFEN Ihre Geschichten sind zwar traurig, aber vielleicht informativ&#8230; Bitte denken Sie an sie und K\u00c4MPFEN Sie! Hier sind einige Webseiten: Drew O&#8217;Donoghue, ein erfolgreicher Musiker, starb im Alter&#8230;<\/p>\n","protected":false},"author":416,"featured_media":0,"parent":0,"menu_order":0,"comment_status":"closed","ping_status":"closed","template":"full_width.php","meta":{"give_campaign_id":0,"inline_featured_image":false,"footnotes":""},"class_list":["post-5016","page","type-page","status-publish","hentry"],"campaignId":"","_links":{"self":[{"href":"https:\/\/letscureacc.com\/de\/wp-json\/wp\/v2\/pages\/5016","targetHints":{"allow":["GET"]}}],"collection":[{"href":"https:\/\/letscureacc.com\/de\/wp-json\/wp\/v2\/pages"}],"about":[{"href":"https:\/\/letscureacc.com\/de\/wp-json\/wp\/v2\/types\/page"}],"author":[{"embeddable":true,"href":"https:\/\/letscureacc.com\/de\/wp-json\/wp\/v2\/users\/416"}],"replies":[{"embeddable":true,"href":"https:\/\/letscureacc.com\/de\/wp-json\/wp\/v2\/comments?post=5016"}],"version-history":[{"count":0,"href":"https:\/\/letscureacc.com\/de\/wp-json\/wp\/v2\/pages\/5016\/revisions"}],"wp:attachment":[{"href":"https:\/\/letscureacc.com\/de\/wp-json\/wp\/v2\/media?parent=5016"}],"curies":[{"name":"wp","href":"https:\/\/api.w.org\/{rel}","templated":true}]}}