{"id":5091,"date":"2022-02-11T13:23:39","date_gmt":"2022-02-11T12:23:39","guid":{"rendered":"https:\/\/letscureacc.com\/?page_id=5091"},"modified":"2022-02-21T15:44:19","modified_gmt":"2022-02-21T14:44:19","slug":"our-stories-cendrine","status":"publish","type":"page","link":"https:\/\/letscureacc.com\/de\/our-stories-cendrine\/","title":{"rendered":"Our stories \u2013 Cendrine"},"content":{"rendered":"\t\t<div data-elementor-type=\"wp-page\" data-elementor-id=\"5091\" class=\"elementor elementor-5091 elementor-2106\">\n\t\t\t\t\t\t<section class=\"elementor-section elementor-top-section elementor-element elementor-element-2f84ef40 elementor-section-full_width elementor-section-height-default elementor-section-height-default parallax_section_no qode_elementor_container_no\" data-id=\"2f84ef40\" data-element_type=\"section\" data-e-type=\"section\" data-settings=\"{&quot;background_background&quot;:&quot;classic&quot;}\">\n\t\t\t\t\t\t<div class=\"elementor-container elementor-column-gap-default\">\n\t\t\t\t\t<div class=\"elementor-column elementor-col-100 elementor-top-column elementor-element elementor-element-55596fa4\" data-id=\"55596fa4\" data-element_type=\"column\" data-e-type=\"column\">\n\t\t\t<div class=\"elementor-widget-wrap elementor-element-populated\">\n\t\t\t\t\t\t<section class=\"elementor-section elementor-inner-section elementor-element elementor-element-312574d elementor-section-boxed elementor-section-height-default elementor-section-height-default parallax_section_no qode_elementor_container_no\" data-id=\"312574d\" data-element_type=\"section\" data-e-type=\"section\">\n\t\t\t\t\t\t<div class=\"elementor-container elementor-column-gap-default\">\n\t\t\t\t\t<div class=\"elementor-column elementor-col-100 elementor-inner-column elementor-element elementor-element-fc4ef5e\" data-id=\"fc4ef5e\" data-element_type=\"column\" data-e-type=\"column\">\n\t\t\t<div class=\"elementor-widget-wrap elementor-element-populated\">\n\t\t\t\t\t\t<div class=\"elementor-element elementor-element-709ddd6 elementor-widget elementor-widget-text-editor\" data-id=\"709ddd6\" data-element_type=\"widget\" data-e-type=\"widget\" data-widget_type=\"text-editor.default\">\n\t\t\t\t<div class=\"elementor-widget-container\">\n\t\t\t\t\t\t\t\t\t<h2 style=\"text-align: center;\"><strong><b>Cendrine T<\/b>.<\/strong><\/h2><h4 style=\"text-align: center;\">FRANCE<\/h4><p style=\"text-align: center;\"><a href=\"https:\/\/lcacc.wpengine.com\/unsere-erfahrungsberichte\/?lang=de\"><strong>&lt;&lt; Zur\u00fcck zur vorherigen Seite<\/strong><\/a><\/p>\t\t\t\t\t\t\t\t<\/div>\n\t\t\t\t<\/div>\n\t\t\t\t\t<\/div>\n\t\t<\/div>\n\t\t\t\t\t<\/div>\n\t\t<\/section>\n\t\t\t\t\t<\/div>\n\t\t<\/div>\n\t\t\t\t\t<\/div>\n\t\t<\/section>\n\t\t\t\t<section class=\"elementor-section elementor-top-section elementor-element elementor-element-65bb426 elementor-section-boxed elementor-section-height-default elementor-section-height-default parallax_section_no qode_elementor_container_no\" data-id=\"65bb426\" data-element_type=\"section\" data-e-type=\"section\">\n\t\t\t\t\t\t<div class=\"elementor-container elementor-column-gap-default\">\n\t\t\t\t\t<div class=\"elementor-column elementor-col-100 elementor-top-column elementor-element elementor-element-1cff78f\" data-id=\"1cff78f\" data-element_type=\"column\" data-e-type=\"column\">\n\t\t\t<div class=\"elementor-widget-wrap elementor-element-populated\">\n\t\t\t\t\t\t<section class=\"elementor-section elementor-inner-section elementor-element elementor-element-5a4b284 elementor-section-boxed elementor-section-height-default elementor-section-height-default parallax_section_no qode_elementor_container_no\" data-id=\"5a4b284\" data-element_type=\"section\" data-e-type=\"section\">\n\t\t\t\t\t\t<div class=\"elementor-container elementor-column-gap-default\">\n\t\t\t\t\t<div class=\"elementor-column elementor-col-100 elementor-inner-column elementor-element elementor-element-d103f8a\" data-id=\"d103f8a\" data-element_type=\"column\" data-e-type=\"column\">\n\t\t\t<div class=\"elementor-widget-wrap elementor-element-populated\">\n\t\t\t\t\t\t<div class=\"elementor-element elementor-element-6691bad elementor-widget elementor-widget-text-editor\" data-id=\"6691bad\" data-element_type=\"widget\" data-e-type=\"widget\" data-widget_type=\"text-editor.default\">\n\t\t\t\t<div class=\"elementor-widget-container\">\n\t\t\t\t\t\t\t\t\t<p><span style=\"font-weight: 400;\">\u00ab L\u2019ann\u00e9e 1994 a chang\u00e9 ma vie. Du haut de mes 23 ans, j\u2019allais \u00eatre confront\u00e9 \u00e0 une pathologie que je ne connaissais pas. A partir de l\u2019ablation de la surr\u00e9nale droite, je suis rentr\u00e9e dans un combat auquel je ne m\u2019attendais pas. Il m\u2019a fallu l\u2019op\u00e9ration suivante au poumon gauche \u00e0 cause des nodules pour vouloir mettre un nom sur cette maladie. Bien s\u00fbr, je prenais du mitotane, fludro et hydrocortisone mais j\u2019avais mis la t\u00eate dans le sable. Je n\u2019\u00e9tais pas pr\u00eate \u00e0 entendre le nom de cette nouvelle compagne : le corticosurr\u00e9nalome. Et puis pour mon fils \u00e2g\u00e9 alors de 3 ans en 1995, j\u2019ai d\u00e9cid\u00e9 de l\u2019affronter. L\u2019annonce fut tr\u00e8s rude. Le professeur me l\u2019a annonc\u00e9 dans un bureau sans \u00e2me \u00e0 Paris. Et l\u00e0 descente aux\u00a0 fils et finalement mon moteur\u2026Au total, j\u2019ai v\u00e9cu 6 interventions (ablation surr\u00e9nale droite, poumon gauche, rein droit, et une partie du foie).\u00a0 Le fameux traitement et cocktail, je l\u2019ai pris de 1994 \u00e0 2006 non-stop avec tous les effets secondaires et les baisses de morales (anorexie m\u00e9dicamenteuse notamment) qui vont avec. En parall\u00e8le, j\u2019avais fait une psychoth\u00e9rapie de 5 ans pour finalement \u00e9vacuer mes angoisses et prot\u00e9ger ma famille aussi. Et puis en 2006, soit 5 ans apr\u00e8s la derni\u00e8re intervention, je d\u00e9cide d\u2019arr\u00eater la chimio contre avis m\u00e9dical avec le soutien de mon mari rencontr\u00e9 en 1998. D\u00e8s son arriv\u00e9e dans ma vie et celle de mon fils, il a \u00e9t\u00e9 un soutien in\u00e9branlable. Allant bien dans ma t\u00eate et dans ma vie, forte de mes sensations je l\u2019ai fait, je l\u2019ai arr\u00eat\u00e9.\u00a0<\/span><\/p><p><span style=\"font-weight: 400;\">Bien s\u00fbr, un contr\u00f4le r\u00e9gulier a \u00e9t\u00e9 mis en place \u00e0 peu pr\u00e8s tous les 16 mois. Les ann\u00e9es sont pass\u00e9es et les contr\u00f4les sont devenus mon barom\u00e8tre. Et voil\u00e0\u00a0 il y a un mois l\u2019inimaginable s\u2019est produit. En mai lors de mon rdv avec le professeur sur Bordeaux et alors que je pensais monter sur Paris pour le suivi, il m\u2019annonce qu\u2019il ne veut plus me voir\u00a0:\u00a0\u00ab\u00a012 ans apr\u00e8s l\u2019arr\u00eat de la chimio et sans r\u00e9cidives nous n\u2019avons pas de raison de continuer \u00e0 vous suivre. Nous sommes devant un cas de gu\u00e9rison totale.\u00a0\u00bb Une nouvelle fois, je ne m\u2019y attendais pas. Donc prochaine et derni\u00e8re visite rdv en 2021 pour tourner la page d\u00e9finitivement. J\u2019aurais cette ann\u00e9e-l\u00e0 50 ans. Quelle ann\u00e9e en perspective\u00a0!<\/span><\/p><p><span style=\"font-weight: 400;\">Malgr\u00e9 ce que j\u2019ai pu entendre tout au long de cette lutte, ma devise \u00e9tait\u00a0: je ne l\u00e2che rien et tu ne m\u2019auras pas. \u00a0\u00a0<\/span><\/p><p><span style=\"font-weight: 400;\">Maintenant, il faut que je me pr\u00e9pare \u00e0 vivre sans elle. Je suis partag\u00e9e entre peur et joie.\u00a0 Cette maladie qui m\u2019a tant fait souffrir moralement et physiquement mais qui m\u2019a permis de me conna\u00eetre&#8230; Quel paradoxe\u00a0!! Quelle aventure de vie ce corticosurr\u00e9nalome\u00a0!\u00a0\u00bb<\/span><\/p>\t\t\t\t\t\t\t\t<\/div>\n\t\t\t\t<\/div>\n\t\t\t\t\t<\/div>\n\t\t<\/div>\n\t\t\t\t\t<\/div>\n\t\t<\/section>\n\t\t\t\t\t<\/div>\n\t\t<\/div>\n\t\t\t\t\t<\/div>\n\t\t<\/section>\n\t\t\t\t<\/div>\n\t\t","protected":false},"excerpt":{"rendered":"<p>Cendrine T. FRANCE &lt;&lt; Zur\u00fcck zur vorherigen Seite \u00ab L\u2019ann\u00e9e 1994 a chang\u00e9 ma vie. Du haut de mes 23 ans, j\u2019allais \u00eatre confront\u00e9 \u00e0 une pathologie que je ne connaissais pas. A partir de l\u2019ablation de la surr\u00e9nale droite, je suis rentr\u00e9e dans un&#8230;<\/p>\n","protected":false},"author":416,"featured_media":0,"parent":0,"menu_order":0,"comment_status":"closed","ping_status":"closed","template":"full_width.php","meta":{"give_campaign_id":0,"inline_featured_image":false,"footnotes":""},"class_list":["post-5091","page","type-page","status-publish","hentry"],"campaignId":"","_links":{"self":[{"href":"https:\/\/letscureacc.com\/de\/wp-json\/wp\/v2\/pages\/5091","targetHints":{"allow":["GET"]}}],"collection":[{"href":"https:\/\/letscureacc.com\/de\/wp-json\/wp\/v2\/pages"}],"about":[{"href":"https:\/\/letscureacc.com\/de\/wp-json\/wp\/v2\/types\/page"}],"author":[{"embeddable":true,"href":"https:\/\/letscureacc.com\/de\/wp-json\/wp\/v2\/users\/416"}],"replies":[{"embeddable":true,"href":"https:\/\/letscureacc.com\/de\/wp-json\/wp\/v2\/comments?post=5091"}],"version-history":[{"count":0,"href":"https:\/\/letscureacc.com\/de\/wp-json\/wp\/v2\/pages\/5091\/revisions"}],"wp:attachment":[{"href":"https:\/\/letscureacc.com\/de\/wp-json\/wp\/v2\/media?parent=5091"}],"curies":[{"name":"wp","href":"https:\/\/api.w.org\/{rel}","templated":true}]}}