{"id":5119,"date":"2022-02-11T14:08:20","date_gmt":"2022-02-11T13:08:20","guid":{"rendered":"https:\/\/letscureacc.com\/?page_id=5119"},"modified":"2025-11-13T16:27:59","modified_gmt":"2025-11-13T15:27:59","slug":"jetzt-beitreten","status":"publish","type":"page","link":"https:\/\/letscureacc.com\/de\/jetzt-beitreten\/","title":{"rendered":"Jetzt beitreten"},"content":{"rendered":"\t\t<div data-elementor-type=\"wp-page\" data-elementor-id=\"5119\" class=\"elementor elementor-5119 elementor-512\">\n\t\t\t\t\t\t<section class=\"elementor-section elementor-top-section elementor-element elementor-element-9c5577b elementor-section-boxed elementor-section-height-default elementor-section-height-default parallax_section_no qode_elementor_container_no\" data-id=\"9c5577b\" data-element_type=\"section\" data-e-type=\"section\">\n\t\t\t\t\t\t<div class=\"elementor-container elementor-column-gap-default\">\n\t\t\t\t\t<div class=\"elementor-column elementor-col-100 elementor-top-column elementor-element elementor-element-403e058\" data-id=\"403e058\" data-element_type=\"column\" data-e-type=\"column\">\n\t\t\t<div class=\"elementor-widget-wrap elementor-element-populated\">\n\t\t\t\t\t\t<div class=\"elementor-element elementor-element-bb5320c elementor-widget elementor-widget-text-editor\" data-id=\"bb5320c\" data-element_type=\"widget\" data-e-type=\"widget\" data-widget_type=\"text-editor.default\">\n\t\t\t\t<div class=\"elementor-widget-container\">\n\t\t\t\t\t\t\t\t\t<h2 style=\"text-align: center;\">ALS ORGANISATION FREUEN<\/h2><h2 style=\"text-align: center;\">WIRUNS \u00dcBER NEUE MITGLIEDER!<\/h2><p><span style=\"font-weight: 400;\">Wir sind uns der hohen Kosten bewusst, die diese Krankheit mit sich bringt, weshalb wir unseren Mitgliedsbeitrag symbolisch halten. Wir schlagen eine <\/span><b>Spende von 20 \u20ac <\/b><span style=\"font-weight: 400;\">vor und sch\u00e4tzen diese sehr, aber Sie k\u00f6nnen selbstverst\u00e4ndlich jeden Betrag spenden, der sich f\u00fcr Sie richtig anf\u00fchlt \u2013 ob mehr oder weniger. Jeder Beitrag macht einen Unterschied, egal ob Sie Patient, Betreuer, Familienmitglied, Freund oder medizinisches Fachpersonal sind.<\/span><\/p><p><strong>Wie das Geld verwendet wird <\/strong><\/p><p>Wir erstellen jedes Jahr einen Finanzbericht mit detaillierten Angaben \u00fcber Einnahmen und Ausgaben.<\/p><p><strong>Zur Information \u00fcber die Mittelverwendung<\/strong><\/p><ul><li>Die Geb\u00fchren sind f\u00fcr die Organisation selbst vorgesehen<\/li><li>Unterhalt der Webseite<\/li><li><strong>Haupts\u00e4chlich zur Unterst\u00fctzung der Forschung.<\/strong>\u00a0Details werden im Newsletter ver\u00f6ffentlicht. newsletter.<\/li><\/ul><p>Der gr\u00f6\u00dfte Teil der Website ist \u00f6ffentlich, offen f\u00fcr jeden, der Informationen sucht. Unser Ziel ist es, die ACC-Gemeinschaft zu b\u00fcndeln. Es gibt jedoch einen kleinen Teil &#8222;NUR F\u00dcR MITGLIEDER&#8220;, in dem Sie die Namen und Kontakte der Experten (mit deren individuellem Einverst\u00e4ndnis), die neuesten medizinischen Informationen und die neuesten Nachrichten \u00fcber die ACC-Gemeinschaft und die laufenden medizinischen Studien finden. Wir haben uns daf\u00fcr entschieden, dass nur f\u00fcr diesen Teil der Website eine Mitgliedschaft beantragt werden muss.<\/p><p><span style=\"font-weight: 400;\">W\u00e4hlen Sie den Betrag, den Sie spenden m\u00f6chten \u2013 <\/span><b>wir schlagen\u00a0 20 \u20ac\u00a0 vor, aber jeder Beitrag ist willkommen<\/b><span style=\"font-weight: 400;\">. Sie werden anschlie\u00dfend auf die sichere Zahlungsseite weitergeleitet, um die Zahlung abzuschlie\u00dfen. Es erfolgt keine automatische Verl\u00e4ngerung der Mitgliedsgeb\u00fchren.<\/span><\/p>\t\t\t\t\t\t\t\t<\/div>\n\t\t\t\t<\/div>\n\t\t\t\t\t<\/div>\n\t\t<\/div>\n\t\t\t\t\t<\/div>\n\t\t<\/section>\n\t\t\t\t<section class=\"elementor-section elementor-top-section elementor-element elementor-element-7de7387c elementor-section-boxed elementor-section-height-default elementor-section-height-default parallax_section_no qode_elementor_container_no\" data-id=\"7de7387c\" data-element_type=\"section\" data-e-type=\"section\">\n\t\t\t\t\t\t<div class=\"elementor-container elementor-column-gap-default\">\n\t\t\t\t\t<div class=\"elementor-column elementor-col-100 elementor-top-column elementor-element elementor-element-5cbdacac\" data-id=\"5cbdacac\" data-element_type=\"column\" data-e-type=\"column\">\n\t\t\t<div class=\"elementor-widget-wrap elementor-element-populated\">\n\t\t\t\t\t\t<div class=\"elementor-element elementor-element-12c53e4 elementor-widget elementor-widget-shortcode\" data-id=\"12c53e4\" data-element_type=\"widget\" data-e-type=\"widget\" data-widget_type=\"shortcode.default\">\n\t\t\t\t<div class=\"elementor-widget-container\">\n\t\t\t\t\t\t\t<div class=\"elementor-shortcode\">        <form enctype=\"multipart\/form-data\" method=\"post\" id=\"wppb-register-user\" class=\"wppb-user-forms wppb-register-user wppb-user-logged-out\" action=\"https:\/\/letscureacc.com\/de\/wp-json\/wp\/v2\/pages\/5119\">\n\t\t\t<ul><li class=\"wppb-form-field wppb-default-username\" id=\"wppb-form-element-2\">\n\t\t\t<label for=\"username\">Benutzername<span class=\"wppb-required\" title=\"Dieses Feld ist erforderlich\">*<\/span><\/label>\n\t\t\t<input class=\"text-input default_field_username \" name=\"username\" maxlength=\"70\" type=\"text\" id=\"username\" value=\"\"  \/><\/li><li class=\"wppb-form-field wppb-default-first-name\" id=\"wppb-form-element-3\">\n\t\t\t<label for=\"first_name\">Vorname<\/label>\n\t\t\t<input class=\"text-input default_field_firstname \" name=\"first_name\" maxlength=\"70\" type=\"text\" id=\"first_name\" value=\"\"  \/><\/li><li class=\"wppb-form-field wppb-default-last-name\" id=\"wppb-form-element-4\">\n\t\t\t<label for=\"last_name\">Nachname<\/label>\n\t\t\t<input class=\"text-input default_field_lastname \" name=\"last_name\" maxlength=\"70\" type=\"text\" id=\"last_name\" value=\"\" \/><\/li><li class=\"wppb-form-field wppb-default-e-mail\" id=\"wppb-form-element-8\">\n\t\t\t<label for=\"email\">Mailadresse<span class=\"wppb-required\" title=\"Dieses Feld ist erforderlich\">*<\/span><\/label>\n\t\t\t<input class=\"text-input default_field_email \" name=\"email\" maxlength=\"70\" type=\"email\" id=\"email\" value=\"\"   \/><\/li><li class=\"wppb-form-field wppb-select\" id=\"wppb-form-element-21\">\n\t\t\t\t<label for=\"custom_field_4\">Wer bist Du? Zu welcher Gruppe geh\u00f6ren Sie?<span class=\"wppb-required\" title=\"Dieses Feld ist erforderlich\">*<\/span><\/label>\n\t\t\t\t<select name=\"custom_field_4\" id=\"custom_field_4\" class=\"custom_field_select\" ><option value=\"Patient\" class=\"custom_field_select_option \" >Patient<\/option><option value=\"Caregiver \/ friend of a patient\" class=\"custom_field_select_option \" >Betreuer  \/ Freund eines Patienten. Fachperson<\/option><option value=\"Medical professional\" class=\"custom_field_select_option \" >Anderer  (wenn ja<\/option><option value=\"Other\" class=\"custom_field_select_option \" >bitte im Nachrichtenfeld erg\u00f6nzen)<\/option>\n\t\t\t\t<\/select><\/li><li class=\"wppb-form-field wppb-select\" id=\"wppb-form-element-22\">\n\t\t\t\t<label for=\"custom_field_5\">Wie gro\u00df ist Ihr Interesse an einer Mitgliedschaft?<span class=\"wppb-required\" title=\"Dieses Feld ist erforderlich\">*<\/span><\/label>\n\t\t\t\t<select name=\"custom_field_5\" id=\"custom_field_5\" class=\"custom_field_select\" ><option value=\"Thankful for the help of the website and want to contribute\/keep in touch\" class=\"custom_field_select_option \" >Dankbar f\u00fcr die Hilfe der Website und die M\u00f6glichkeit einen Beitrag zu leisten und in Kontakt zu bleiben<\/option><option value=\"Get in touch with medical experts\" class=\"custom_field_select_option \" >Kontaktaufnahme zu \u00c4rzten<\/option><option value=\"Knowing the latest in research on ACC\" class=\"custom_field_select_option \" >Mehr erfahren \u00fcber ACC<\/option><option value=\"Giving to research\" class=\"custom_field_select_option \" >Forschung<\/option><option value=\"Receive the newsletter\" class=\"custom_field_select_option \" >Receive the newsletter<\/option><option value=\"Other\" class=\"custom_field_select_option \" >Anderes<\/option>\n\t\t\t\t<\/select><\/li><li class=\"wppb-form-field wppb-select-country\" id=\"wppb-form-element-19\"><\/li><li class=\"wppb-form-field wppb-default-password\" id=\"wppb-form-element-12\">\n\t\t\t<label for=\"passw1\">Passwort<span class=\"wppb-required\" title=\"Dieses Feld ist erforderlich\">*<\/span><\/label>\n            <span class=\"wppb-password-field-container\">\n\t\t\t    <input class=\"text-input \" name=\"passw1\" maxlength=\"70\" type=\"password\" id=\"passw1\" value=\"\" autocomplete=\"off\" \/>\n\t\t\t     <!-- add the HTML for the visibility toggle -->\n\t\t\t<\/span><span class=\"wppb-description-delimiter\"> <\/span><\/li><li class=\"wppb-form-field wppb-default-repeat-password\" id=\"wppb-form-element-13\">\n\t\t\t<label for=\"passw2\">Passwort wiederholen<span class=\"wppb-required\" title=\"Dieses Feld ist erforderlich\">*<\/span><\/label>\n\t\t\t<span class=\"wppb-password-field-container\">\n\t\t\t    <input class=\"text-input \" name=\"passw2\" maxlength=\"70\" type=\"password\" id=\"passw2\" value=\"\" autocomplete=\"off\" \/>\n\t\t\t     <!-- add the HTML for the visibility toggle -->\n\t\t\t<\/span><\/li><li class=\"wppb-form-field wppb-mailchimp-subscribe\" id=\"wppb-form-element-20\"><\/li><li class=\"wppb-form-field wppb-subscription-plans\" id=\"wppb-form-element-14\"><div class=\"pms-subscription-plan pms-hidden pms-subscription-plan-6085\"><input type=\"hidden\" name=\"subscription_plans\" data-price=\"1\" data-duration=\"1\" data-fixed_membership=\"\" data-allow_renew=\"\" data-sign_up_fee=\"0\" data-trial=\"0\" data-recurring=\"0\"  value=\"6085\" \/><label><span class=\"pms-subscription-plan-name\">Mitglied<\/span><span class=\"pms-subscription-plan-price\"><span class=\"pms-divider\"> - <\/span><span class=\"pms-subscription-plan-currency\">&#8364;<\/span><span class=\"pms-subscription-plan-price-value\">1<\/span><span class=\"pms-divider pms-duration-divider\"> \/ <\/span><span class=\"pms-subscription-plan-duration\">1 Year<\/span><\/span><span class=\"pms-subscription-plan-trial\"><\/span><span class=\"pms-subscription-plan-sign-up-fee\"><\/span><\/label><\/div><input type=\"hidden\" name=\"pms_default_recurring\" value=\"3\" \/><\/li><li class=\"wppb-form-field wppb-recaptcha wppb-recaptcha-v2\" id=\"wppb-form-element-15\"><label for=\"recaptcha_response_field\"> <span class=\"wppb-required\" title=\"Dieses Feld ist erforderlich\">*<\/span><\/label><div id=\"wppb-recaptcha-element-pb_register1\" class=\"wppb-recaptcha-element \"><\/div><span class=\"wppb-description-delimiter\"> <\/span><\/li><div class=\"pms-paygates-holder\"><div id=\"pms-paygates-wrapper\"><h3>Zahlungsmethode ausw\u00e4hlen<\/h3><div id=\"pms-paygates-inner\"><label><input type=\"radio\" class=\"pms_pay_gate\" name=\"pay_gate\" value=\"manual\" data-sign_up_fee=\"1\" data-trial=\"1\" data-recurring=\"1\"  \/><span class=\"pms-paygate-name\">Manual \/ Offline<\/span><\/label><label><input type=\"radio\" class=\"pms_pay_gate\" name=\"pay_gate\" value=\"paypal_connect\" data-sign_up_fee=\"1\" data-trial=\"1\" data-recurring=\"1\"  data-type=\"extra_fields\" \/><span class=\"pms-paygate-name\">PayPal<\/span><\/label><label><input type=\"radio\" class=\"pms_pay_gate\" name=\"pay_gate\" value=\"stripe_connect\"  checked='checked'data-sign_up_fee=\"1\" data-trial=\"1\" data-recurring=\"1\"  data-type=\"extra_fields\" \/><span class=\"pms-paygate-name\">Kredit-\/Debitkarte<\/span><\/label><\/div><div id=\"pms-gateways-not-available\"><span>F\u00fcr das ausgew\u00e4hlte Abo sind keine Zahlungsmethoden verf\u00fcgbar.<\/span><\/div><\/div><ul id=\"pms-stripe-connect\" class=\"pms-field-section pms-paygate-extra-fields pms-paygate-extra-fields-stripe_connect\"><li class=\"pms-field pms-field-type-heading \"><h3>Payment Details<\/h3><\/li><div class=\"pms-spinner__holder\"><div class=\"pms-spinner\"><\/div><\/div><div id=\"pms-stripe-payment-elements\" style=\"display:none\"><\/div><\/ul><ul id=\"pms-paypal-connect\" class=\"pms-field-section pms-paygate-extra-fields pms-paygate-extra-fields-paypal_connect\"><div id=\"pms-paygate-extra-fields-paypal_connect__placeholder\">Before you can accept payments, you need to connect your PayPal account by going to Dashboard -> Paid Member Subscriptions -> Settings -> Payments -> <a href=\"https:\/\/letscureacc.com\/wp-admin\/admin.php?page=pms-settings-page&#038;tab=payments&#038;nav_sub_tab=payments_gateways\">Gateways<\/a>.<\/div><\/ul><\/div><input type=\"hidden\" id=\"pms-process-checkout-nonce\" name=\"pms_process_checkout_nonce\" value=\"0fa45dcf21\"\/><input type=\"hidden\" id=\"stripe-pk\" value=\"pk_live_51RqrySC5EkX6O9JyXLhGMtcNtIUdyCiiXr5xFKWjJF1TLL3aKUMIU0kJsnh3DojxRi8PNzglsKVvjq584arj2nYx00bAjB7Ecx\" \/><input type=\"hidden\" name=\"pms_stripe_connect_payment_intent\" value=\"\"\/><input type=\"hidden\" name=\"pms_stripe_connect_setup_intent\" value=\"\"\/><input type=\"hidden\" id=\"pms-stripe-ajax-update-payment-intent-nonce\" name=\"stripe_ajax_update_payment_intent_nonce\" value=\"d52b8481b0\"\/><\/ul><span id=\"pms-submit-button-loading-placeholder-text\" style=\"display: none;\">In Bearbeitung. Bitte kurz warten...<\/span><\/ul><ul><input id=\"send_credentials_via_email\" type=\"hidden\" name=\"send_credentials_via_email\" value=\"sending\"\/><\/ul><\/ul>\t\t\t<p class=\"form-submit\"  >\n\t\t\t\t                \t\t\t\t<input name=\"register\" type=\"submit\" id=\"register\" class=\"submit button\" value=\"Register\" \/>\n                <input name=\"redirect_to\" type=\"hidden\" value=\"\" \/>\n                \t\t\t\t<input name=\"action\" type=\"hidden\" id=\"action\" value=\"register\" \/>\n\t\t\t\t<input name=\"form_name\" type=\"hidden\" id=\"form_name\" value=\"unspecified\" \/>\n\t\t\t\t<input name=\"form_id\" type=\"hidden\" id=\"form_id\" value=\"\" \/>\n\t\t\t\t\t\t\t<\/p><!-- .form-submit -->\n\t\t\t<input type=\"hidden\" id=\"register_unspecified_nonce_field\" name=\"register_unspecified_nonce_field\" value=\"105085229c\" \/><input type=\"hidden\" name=\"_wp_http_referer\" value=\"\/de\/wp-json\/wp\/v2\/pages\/5119\" \/>\t\t<\/form>\n\t\t<\/div>\n\t\t\t\t\t\t<\/div>\n\t\t\t\t<\/div>\n\t\t\t\t\t<\/div>\n\t\t<\/div>\n\t\t\t\t\t<\/div>\n\t\t<\/section>\n\t\t\t\t<\/div>\n\t\t","protected":false},"excerpt":{"rendered":"<p>ALS ORGANISATION FREUEN WIRUNS \u00dcBER NEUE MITGLIEDER! Wir sind uns der hohen Kosten bewusst, die diese Krankheit mit sich bringt, weshalb wir unseren Mitgliedsbeitrag symbolisch halten. Wir schlagen eine Spende von 20 \u20ac vor und sch\u00e4tzen diese sehr, aber Sie k\u00f6nnen selbstverst\u00e4ndlich jeden Betrag spenden,&#8230;<\/p>\n","protected":false},"author":416,"featured_media":0,"parent":0,"menu_order":0,"comment_status":"closed","ping_status":"closed","template":"","meta":{"give_campaign_id":0,"inline_featured_image":false,"footnotes":""},"class_list":["post-5119","page","type-page","status-publish","hentry"],"campaignId":"","_links":{"self":[{"href":"https:\/\/letscureacc.com\/de\/wp-json\/wp\/v2\/pages\/5119","targetHints":{"allow":["GET"]}}],"collection":[{"href":"https:\/\/letscureacc.com\/de\/wp-json\/wp\/v2\/pages"}],"about":[{"href":"https:\/\/letscureacc.com\/de\/wp-json\/wp\/v2\/types\/page"}],"author":[{"embeddable":true,"href":"https:\/\/letscureacc.com\/de\/wp-json\/wp\/v2\/users\/416"}],"replies":[{"embeddable":true,"href":"https:\/\/letscureacc.com\/de\/wp-json\/wp\/v2\/comments?post=5119"}],"version-history":[{"count":0,"href":"https:\/\/letscureacc.com\/de\/wp-json\/wp\/v2\/pages\/5119\/revisions"}],"wp:attachment":[{"href":"https:\/\/letscureacc.com\/de\/wp-json\/wp\/v2\/media?parent=5119"}],"curies":[{"name":"wp","href":"https:\/\/api.w.org\/{rel}","templated":true}]}}