{"id":8963,"date":"2024-05-02T15:58:34","date_gmt":"2024-05-02T13:58:34","guid":{"rendered":"https:\/\/letscureacc.com\/?page_id=8963"},"modified":"2024-05-02T20:07:14","modified_gmt":"2024-05-02T18:07:14","slug":"selbsthilfegruppe-mitgegen-nnk","status":"publish","type":"page","link":"https:\/\/letscureacc.com\/de\/selbsthilfegruppe-mitgegen-nnk\/","title":{"rendered":"Selbsthilfegruppe<br \/>\u00abMIT&amp;GEGEN NNK\u00bb"},"content":{"rendered":"\t\t<div data-elementor-type=\"wp-page\" data-elementor-id=\"8963\" class=\"elementor elementor-8963\">\n\t\t\t\t\t\t<section class=\"elementor-section elementor-top-section elementor-element elementor-element-7c19912 elementor-section-boxed elementor-section-height-default elementor-section-height-default parallax_section_no qode_elementor_container_no\" data-id=\"7c19912\" data-element_type=\"section\" data-e-type=\"section\">\n\t\t\t\t\t\t<div class=\"elementor-container elementor-column-gap-default\">\n\t\t\t\t\t<div class=\"elementor-column elementor-col-100 elementor-top-column elementor-element elementor-element-8359be3\" data-id=\"8359be3\" data-element_type=\"column\" data-e-type=\"column\">\n\t\t\t<div class=\"elementor-widget-wrap elementor-element-populated\">\n\t\t\t\t\t\t<section class=\"elementor-section elementor-inner-section elementor-element elementor-element-7de9e94 elementor-section-boxed elementor-section-height-default elementor-section-height-default parallax_section_no qode_elementor_container_no\" data-id=\"7de9e94\" data-element_type=\"section\" data-e-type=\"section\">\n\t\t\t\t\t\t<div class=\"elementor-container elementor-column-gap-extended\">\n\t\t\t\t\t<div class=\"elementor-column elementor-col-100 elementor-inner-column elementor-element elementor-element-09fa7fe\" data-id=\"09fa7fe\" data-element_type=\"column\" data-e-type=\"column\">\n\t\t\t<div class=\"elementor-widget-wrap elementor-element-populated\">\n\t\t\t\t\t\t<div class=\"elementor-element elementor-element-e199312 elementor-widget elementor-widget-text-editor\" data-id=\"e199312\" data-element_type=\"widget\" data-e-type=\"widget\" data-widget_type=\"text-editor.default\">\n\t\t\t\t<div class=\"elementor-widget-container\">\n\t\t\t\t\t\t\t\t\t<h2 style=\"text-align: center;\"><strong>Selbsthilfegruppe \u00abMIT&amp;GEGEN NNK\u00bb<\/strong><\/h2><p><span style=\"font-weight: 400;\">Der Austausch unter Betroffenen zu den unterschiedlichsten Aspekten dieser seltenen Erkrankung ist sehr wertvoll. Egal wie alt man ist, welchen Hintergrund man hat, ob man Patient oder Angeh\u00f6riger ist, wann der Krebs diagnostiziert wurde, welche Therapien hinter einem liegen bzw. noch anstehen, ob man tumorfrei ist, oder wie die Prognose aussieht, die Teilnehmer der im Jahr 2024 neu gegr\u00fcndeten Selbsthilfegruppe \u00abMIT&amp;GEGEGEN NNK\u00bb decken die verschiedenen Facetten dieser Fragen ab und k\u00f6nnen somit jedem &#8211;\u00a0 egal in welcher Situation \u2013 mit Rat, Tat oder einfach Zuh\u00f6ren und Empathie auf dem eigenen Weg weiterhelfen. Derzeit trifft sich die Selbsthilfegruppe in regelm\u00e4ssigen Abst\u00e4nden virtuell. F\u00fcr technische Probleme finden wir L\u00f6sungen.<\/span><\/p><p><span style=\"font-weight: 400;\">Wenn Sie bei \u00abMIT&amp;GEGEN NNK\u00bb dabei sein m\u00f6chten, dann schreiben bitte einfach ein E-Mail an <\/span><a href=\"mailto:marc@letscureacc.com\"><span style=\"font-weight: 400;\">marc@letscureacc.com<\/span><\/a><span style=\"font-weight: 400;\">!\u00a0<\/span><\/p>\t\t\t\t\t\t\t\t<\/div>\n\t\t\t\t<\/div>\n\t\t\t\t\t<\/div>\n\t\t<\/div>\n\t\t\t\t\t<\/div>\n\t\t<\/section>\n\t\t\t\t\t<\/div>\n\t\t<\/div>\n\t\t\t\t\t<\/div>\n\t\t<\/section>\n\t\t\t\t<\/div>\n\t\t","protected":false},"excerpt":{"rendered":"<p>Selbsthilfegruppe \u00abMIT&amp;GEGEN NNK\u00bb Der Austausch unter Betroffenen zu den unterschiedlichsten Aspekten dieser seltenen Erkrankung ist sehr wertvoll. Egal wie alt man ist, welchen Hintergrund man hat, ob man Patient oder Angeh\u00f6riger ist, wann der Krebs diagnostiziert wurde, welche Therapien hinter einem liegen bzw. noch anstehen,&#8230;<\/p>\n","protected":false},"author":416,"featured_media":0,"parent":0,"menu_order":0,"comment_status":"closed","ping_status":"closed","template":"","meta":{"give_campaign_id":0,"inline_featured_image":false,"footnotes":""},"class_list":["post-8963","page","type-page","status-publish","hentry"],"campaignId":"","_links":{"self":[{"href":"https:\/\/letscureacc.com\/de\/wp-json\/wp\/v2\/pages\/8963","targetHints":{"allow":["GET"]}}],"collection":[{"href":"https:\/\/letscureacc.com\/de\/wp-json\/wp\/v2\/pages"}],"about":[{"href":"https:\/\/letscureacc.com\/de\/wp-json\/wp\/v2\/types\/page"}],"author":[{"embeddable":true,"href":"https:\/\/letscureacc.com\/de\/wp-json\/wp\/v2\/users\/416"}],"replies":[{"embeddable":true,"href":"https:\/\/letscureacc.com\/de\/wp-json\/wp\/v2\/comments?post=8963"}],"version-history":[{"count":0,"href":"https:\/\/letscureacc.com\/de\/wp-json\/wp\/v2\/pages\/8963\/revisions"}],"wp:attachment":[{"href":"https:\/\/letscureacc.com\/de\/wp-json\/wp\/v2\/media?parent=8963"}],"curies":[{"name":"wp","href":"https:\/\/api.w.org\/{rel}","templated":true}]}}