{"id":8964,"date":"2024-05-02T16:03:41","date_gmt":"2024-05-02T14:03:41","guid":{"rendered":"https:\/\/letscureacc.com\/?page_id=8964"},"modified":"2024-05-02T20:00:48","modified_gmt":"2024-05-02T18:00:48","slug":"informationen-uk-wuerzburg","status":"publish","type":"page","link":"https:\/\/letscureacc.com\/de\/informationen-uk-wuerzburg\/","title":{"rendered":"Informationen UK W\u00fcrzburg"},"content":{"rendered":"\t\t<div data-elementor-type=\"wp-page\" data-elementor-id=\"8964\" class=\"elementor elementor-8964\">\n\t\t\t\t\t\t<section class=\"elementor-section elementor-top-section elementor-element elementor-element-e82d6f9 elementor-section-boxed elementor-section-height-default elementor-section-height-default parallax_section_no qode_elementor_container_no\" data-id=\"e82d6f9\" data-element_type=\"section\" data-e-type=\"section\">\n\t\t\t\t\t\t<div class=\"elementor-container elementor-column-gap-default\">\n\t\t\t\t\t<div class=\"elementor-column elementor-col-100 elementor-top-column elementor-element elementor-element-91350d3\" data-id=\"91350d3\" data-element_type=\"column\" data-e-type=\"column\">\n\t\t\t<div class=\"elementor-widget-wrap elementor-element-populated\">\n\t\t\t\t\t\t<section class=\"elementor-section elementor-inner-section elementor-element elementor-element-765da9c elementor-section-boxed elementor-section-height-default elementor-section-height-default parallax_section_no qode_elementor_container_no\" data-id=\"765da9c\" data-element_type=\"section\" data-e-type=\"section\">\n\t\t\t\t\t\t<div class=\"elementor-container elementor-column-gap-extended\">\n\t\t\t\t\t<div class=\"elementor-column elementor-col-100 elementor-inner-column elementor-element elementor-element-7257c24\" data-id=\"7257c24\" data-element_type=\"column\" data-e-type=\"column\">\n\t\t\t<div class=\"elementor-widget-wrap elementor-element-populated\">\n\t\t\t\t\t\t<div class=\"elementor-element elementor-element-3d7d247 elementor-widget elementor-widget-text-editor\" data-id=\"3d7d247\" data-element_type=\"widget\" data-e-type=\"widget\" data-widget_type=\"text-editor.default\">\n\t\t\t\t<div class=\"elementor-widget-container\">\n\t\t\t\t\t\t\t\t\t<h2 style=\"text-align: center;\"><b>Informationen des Universit\u00e4tsklinikums W\u00fcrzburg<\/b><\/h2><p><a href=\"https:\/\/letscureacc.com\/wp-content\/uploads\/2024\/05\/logokomp_ukw11C_260x80.svg\"><img fetchpriority=\"high\" decoding=\"async\" class=\"size-medium wp-image-8965 aligncenter\" src=\"https:\/\/letscureacc.com\/wp-content\/uploads\/2024\/05\/logokomp_ukw11C_260x80.svg\" alt=\"\" width=\"300\" height=\"300\" \/><\/a><\/p><p><span style=\"font-weight: 400;\">Die <\/span><a href=\"https:\/\/www.ukw.de\/medizinische-klinik-i\/endokrinologie\/startseite\/\" target=\"_blank\" rel=\"noopener\"><span style=\"font-weight: 400;\">Universit\u00e4tsklinik W\u00fcrzburg<\/span><\/a><span style=\"font-weight: 400;\"> (UKW), Medizinische Ambulanz I, Endokrinologie und Diabetologie, unter der Leitung von Univ.-Prof. Dr. med. Martin Fassnacht z\u00e4hlt weltweit zu den f\u00fchrenden medizinischen Zentren bei der Behandlung des Nebennierenkarzinoms und in der Forschung. F\u00fcr viele Patienten insbesondere im deutschsprachigen Raum ist die UKW der prim\u00e4re Anlaufpunkt zumindest f\u00fcr Empfehlungen zu ihrer individuellen Situation.\u00a0<\/span><\/p><p><span style=\"font-weight: 400;\">Am 13. April 2024 hat das Zentrum der UKW einen Informationstag f\u00fcr Patienten und Angeh\u00f6rige angeboten, an dem \u00fcber 140 Betroffene teilnahmen. Der Tag war gepr\u00e4gt durch Pr\u00e4sentationen, Workshops und vor allem einem anregenden Austausch zwischen den Teilnehmern.<\/span><\/p><p><span style=\"font-weight: 400;\">Nachfolgend k\u00f6nnen Sie die Pr\u00e4sentationen und Informationsbrosch\u00fcren des Netzwerks Hypophysen- und Nebennierenerkrankungen e. V. (<\/span><a href=\"http:\/\/www.glandula-online.de\/\" target=\"_blank\" rel=\"noopener\"><span style=\"font-weight: 400;\">Glandula<\/span><\/a><span style=\"font-weight: 400;\">) herunterladen:<\/span><\/p>\t\t\t\t\t\t\t\t<\/div>\n\t\t\t\t<\/div>\n\t\t\t\t\t<\/div>\n\t\t<\/div>\n\t\t\t\t\t<\/div>\n\t\t<\/section>\n\t\t\t\t\t<\/div>\n\t\t<\/div>\n\t\t\t\t\t<\/div>\n\t\t<\/section>\n\t\t\t\t<section class=\"elementor-section elementor-top-section elementor-element elementor-element-539cec0 qode_elementor_container_inner elementor-section-boxed elementor-section-height-default elementor-section-height-default parallax_section_no\" data-id=\"539cec0\" data-element_type=\"section\" data-e-type=\"section\" data-settings=\"{&quot;background_background&quot;:&quot;classic&quot;}\">\n\t\t\t\t\t\t<div class=\"elementor-container elementor-column-gap-default\">\n\t\t\t\t\t<div class=\"elementor-column elementor-col-100 elementor-top-column elementor-element elementor-element-be097b0\" data-id=\"be097b0\" data-element_type=\"column\" data-e-type=\"column\">\n\t\t\t<div class=\"elementor-widget-wrap elementor-element-populated\">\n\t\t\t\t\t\t<div class=\"elementor-element elementor-element-df7a5e6 elementor-widget elementor-widget-text-editor\" data-id=\"df7a5e6\" data-element_type=\"widget\" data-e-type=\"widget\" data-widget_type=\"text-editor.default\">\n\t\t\t\t<div class=\"elementor-widget-container\">\n\t\t\t\t\t\t\t\t\t<p><span style=\"font-weight: 400;\"><a href=\"https:\/\/letscureacc.com\/wp-content\/uploads\/2024\/05\/1_C.Fuss-Allgemeines-zum-Nebennierenkarzinom-04-2024.pdf\" target=\"_blank\" rel=\"noopener\">Einf\u00fchrung ins\/ Allgemeines zum Nebennierenkarzinom<\/a>, Carmina Fu\u00df, W\u00fcrzburg<\/span><\/p><p><span style=\"font-weight: 400;\"><a href=\"https:\/\/letscureacc.com\/wp-content\/uploads\/2024\/05\/2_A.Wiegering-Operationen-beim-NN-Karzinom-04-2024.pdf\" target=\"_blank\" rel=\"noopener\">Operative Therapieoptionen beim Nebennierenkarzinom<\/a>, Armin Wiegering, W\u00fcrzburg<\/span><\/p><p><span style=\"font-weight: 400;\"><a href=\"https:\/\/letscureacc.com\/wp-content\/uploads\/2024\/05\/3_K.Mai-Medikamentoese-Therapie-beim-NN-Karzinom-04-2024.pdf\" target=\"_blank\" rel=\"noopener\">Medikament\u00f6se Therapie: der aktuelle Stand<\/a>, Knut Mai, Berlin<\/span><\/p><p><span style=\"font-weight: 400;\"><a href=\"https:\/\/letscureacc.com\/wp-content\/uploads\/2024\/05\/4_V.Wiegering-NN-Karzinom-bei-Kindern-04-2024.pdf\" target=\"_blank\" rel=\"noopener\">Besonderheiten bei p\u00e4diatrischen Patienten mit Nebennierenkarzinom<\/a>, Verena Wiegering, W\u00fcrzburg<\/span><\/p><p><span style=\"font-weight: 400;\"><a href=\"https:\/\/letscureacc.com\/wp-content\/uploads\/2024\/05\/5_M.Kroiss-Neue-Therapieoptionen-und-Studien-beim-NN-Karzinom-04-2024.pdf\" target=\"_blank\" rel=\"noopener\">Neue Therapieoptionen und aktuelle Studien<\/a>, Matthias Kroi\u00df, M\u00fcnchen<\/span><\/p><p><span style=\"font-weight: 400;\"><a href=\"https:\/\/letscureacc.com\/wp-content\/uploads\/2024\/05\/6_L.Schiffmann-C-Loeffler-Ernahrung_und_Komp-lementarmediizin-in-NN-Karzinom-04-2024.pdf\" target=\"_blank\" rel=\"noopener\">Komplement\u00e4re Medizin und Ern\u00e4hrung bei Nebennierenkarzinom<\/a>, Lisa Schiffmann und Claudia L\u00f6ffler, W\u00fcrzburg<\/span><\/p><p><span style=\"font-weight: 400;\"><a href=\"https:\/\/letscureacc.com\/wp-content\/uploads\/2024\/05\/7_M.Fassnacht-M.-Buedenbender-Selbsthilfegruppe.pdf\" target=\"_blank\" rel=\"noopener\">Mehrwert von Selbsthilfegruppen<\/a>, Martin Fassnacht und Marc B\u00fcdenbender, W\u00fcrzburg und Oldenburg<\/span><\/p><p><span style=\"font-weight: 400;\"><a href=\"https:\/\/letscureacc.com\/wp-content\/uploads\/2024\/05\/Glandula-NN-Insuffizienz.pdf\" target=\"_blank\" rel=\"noopener\">Informationsbrosch\u00fcre<\/a> \u201cHypophysen- und Nebenniereninsuffizienz \u2013 Ursachen, Beschwerden, Diagnose und Therapie\u201d<\/span><\/p><p><span style=\"font-weight: 400;\"><a href=\"https:\/\/letscureacc.com\/wp-content\/uploads\/2024\/05\/Glandula-Psychische-Probleme.pdf\" target=\"_blank\" rel=\"noopener\">Informationsbrosch\u00fcre<\/a> \u201c Psychische Probleme bei Patientinnen und Patienten <\/span><span style=\"font-weight: 400;\">mit Hypophysen- und Nebennierenerkrankungen\u201d<\/span><\/p>\t\t\t\t\t\t\t\t<\/div>\n\t\t\t\t<\/div>\n\t\t\t\t\t<\/div>\n\t\t<\/div>\n\t\t\t\t\t<\/div>\n\t\t<\/section>\n\t\t\t\t<\/div>\n\t\t","protected":false},"excerpt":{"rendered":"<p>Informationen des Universit\u00e4tsklinikums W\u00fcrzburg Die Universit\u00e4tsklinik W\u00fcrzburg (UKW), Medizinische Ambulanz I, Endokrinologie und Diabetologie, unter der Leitung von Univ.-Prof. Dr. med. Martin Fassnacht z\u00e4hlt weltweit zu den f\u00fchrenden medizinischen Zentren bei der Behandlung des Nebennierenkarzinoms und in der Forschung. F\u00fcr viele Patienten insbesondere im deutschsprachigen&#8230;<\/p>\n","protected":false},"author":416,"featured_media":0,"parent":0,"menu_order":0,"comment_status":"closed","ping_status":"closed","template":"","meta":{"give_campaign_id":0,"inline_featured_image":false,"footnotes":""},"class_list":["post-8964","page","type-page","status-publish","hentry"],"campaignId":"","_links":{"self":[{"href":"https:\/\/letscureacc.com\/de\/wp-json\/wp\/v2\/pages\/8964","targetHints":{"allow":["GET"]}}],"collection":[{"href":"https:\/\/letscureacc.com\/de\/wp-json\/wp\/v2\/pages"}],"about":[{"href":"https:\/\/letscureacc.com\/de\/wp-json\/wp\/v2\/types\/page"}],"author":[{"embeddable":true,"href":"https:\/\/letscureacc.com\/de\/wp-json\/wp\/v2\/users\/416"}],"replies":[{"embeddable":true,"href":"https:\/\/letscureacc.com\/de\/wp-json\/wp\/v2\/comments?post=8964"}],"version-history":[{"count":0,"href":"https:\/\/letscureacc.com\/de\/wp-json\/wp\/v2\/pages\/8964\/revisions"}],"wp:attachment":[{"href":"https:\/\/letscureacc.com\/de\/wp-json\/wp\/v2\/media?parent=8964"}],"curies":[{"name":"wp","href":"https:\/\/api.w.org\/{rel}","templated":true}]}}