{"id":9565,"date":"2025-02-03T17:25:31","date_gmt":"2025-02-03T16:25:31","guid":{"rendered":"https:\/\/letscureacc.com\/die-psychologischen-auswirkungen-von-acc-meistern\/"},"modified":"2025-02-04T16:28:47","modified_gmt":"2025-02-04T15:28:47","slug":"die-psychologischen-auswirkungen-von-acc-meistern","status":"publish","type":"page","link":"https:\/\/letscureacc.com\/de\/die-psychologischen-auswirkungen-von-acc-meistern\/","title":{"rendered":"Die psychologischen Auswirkungen von ACC meistern"},"content":{"rendered":"\t\t<div data-elementor-type=\"wp-page\" data-elementor-id=\"9565\" class=\"elementor elementor-9565 elementor-9560\">\n\t\t\t\t\t\t<section class=\"elementor-section elementor-top-section elementor-element elementor-element-2c4fe74 elementor-section-boxed elementor-section-height-default elementor-section-height-default parallax_section_no qode_elementor_container_no\" data-id=\"2c4fe74\" data-element_type=\"section\" data-e-type=\"section\">\n\t\t\t\t\t\t<div class=\"elementor-container elementor-column-gap-default\">\n\t\t\t\t\t<div class=\"elementor-column elementor-col-100 elementor-top-column elementor-element elementor-element-82bfca8\" data-id=\"82bfca8\" data-element_type=\"column\" data-e-type=\"column\">\n\t\t\t<div class=\"elementor-widget-wrap elementor-element-populated\">\n\t\t\t\t\t\t<section class=\"elementor-section elementor-inner-section elementor-element elementor-element-9662267 elementor-section-boxed elementor-section-height-default elementor-section-height-default parallax_section_no qode_elementor_container_no\" data-id=\"9662267\" data-element_type=\"section\" data-e-type=\"section\">\n\t\t\t\t\t\t<div class=\"elementor-container elementor-column-gap-default\">\n\t\t\t\t\t<div class=\"elementor-column elementor-col-100 elementor-inner-column elementor-element elementor-element-765a5b2\" data-id=\"765a5b2\" data-element_type=\"column\" data-e-type=\"column\">\n\t\t\t<div class=\"elementor-widget-wrap elementor-element-populated\">\n\t\t\t\t\t\t<div class=\"elementor-element elementor-element-84a28f5 elementor-widget__width-initial elementor-widget elementor-widget-text-editor\" data-id=\"84a28f5\" data-element_type=\"widget\" data-e-type=\"widget\" data-widget_type=\"text-editor.default\">\n\t\t\t\t<div class=\"elementor-widget-container\">\n\t\t\t\t\t\t\t\t\t<h2 style=\"text-align: center;\">Tipps zum Umgang mit den psychologischen Aspekten von Nebennierenrindenkarzinom<\/h2><p><span style=\"font-weight: 400;\">Tipps zum Umgang mit den psychologischen Aspekten von Nebennierenrindenkarzinom.<\/span><\/p>\t\t\t\t\t\t\t\t<\/div>\n\t\t\t\t<\/div>\n\t\t\t\t\t<\/div>\n\t\t<\/div>\n\t\t\t\t\t<\/div>\n\t\t<\/section>\n\t\t\t\t\t<\/div>\n\t\t<\/div>\n\t\t\t\t\t<\/div>\n\t\t<\/section>\n\t\t\t\t<section class=\"elementor-section elementor-top-section elementor-element elementor-element-e5b8ec7 qode_elementor_container_inner elementor-section-boxed elementor-section-height-default elementor-section-height-default parallax_section_no\" data-id=\"e5b8ec7\" data-element_type=\"section\" data-e-type=\"section\" data-settings=\"{&quot;background_background&quot;:&quot;classic&quot;}\">\n\t\t\t\t\t\t<div class=\"elementor-container elementor-column-gap-default\">\n\t\t\t\t\t<div class=\"elementor-column elementor-col-100 elementor-top-column elementor-element elementor-element-164ae4e\" data-id=\"164ae4e\" data-element_type=\"column\" data-e-type=\"column\">\n\t\t\t<div class=\"elementor-widget-wrap elementor-element-populated\">\n\t\t\t\t\t\t<div class=\"elementor-element elementor-element-1cf9df6 elementor-widget elementor-widget-text-editor\" data-id=\"1cf9df6\" data-element_type=\"widget\" data-e-type=\"widget\" data-widget_type=\"text-editor.default\">\n\t\t\t\t<div class=\"elementor-widget-container\">\n\t\t\t\t\t\t\t\t\t<h3><span style=\"font-weight: 400;\">BEI DER DIAGNOSE<\/span><\/h3><p>Die Diagnose von <a href=\"https:\/\/letscureacc.com\/glossaryindex\/nebennierenkarzinom\/?lang=de\">ACC<\/a> oder einer anderen seltenen Krebsart\/Erkrankung kann eine Vielzahl von Emotionen ausl\u00f6sen, darunter Wut, Traurigkeit, Angst usw. Alle deine Gef\u00fchle sind g\u00fcltig. Unsere Website wurde f\u00fcr genau diesen Zweck erstellt \u2013 z\u00f6gere nicht, sie zu durchst\u00f6bern.\u00a0<\/p><ul><li>Nimm jemanden mit zu deinen Terminen, der f\u00fcr dich Notizen macht \u2013 das hilft dir, dich an Details zu erinnern, die dir aufgrund der \u00fcberw\u00e4ltigenden Emotionen entgehen k\u00f6nnten. Weitere Tipps findest du hier.<\/li><li>Schreibe ein Tagebuch, um dir die M\u00f6glichkeit zu geben, deine Gef\u00fchle auszudr\u00fccken.<\/li><li>Hab keine Angst, um Hilfe zu bitten. Sei direkt mit deinen Anfragen: \u201eKannst du mich zu meinem Termin fahren?\u201c \u201eKannst du meine Lebensmittelbestellung abholen?\u201c Indem du Freunden oder Familienmitgliedern konkrete Aufgaben gibst, hilfst du ihnen, dich zu unterst\u00fctzen.<\/li><li>Suche nach seri\u00f6sen Online-Ressourcen zu deiner Diagnose. Vermeide es, dich in den Weiten von Google zu verlieren! Stelle sicher, dass die Informationen zuverl\u00e4ssig sind. Unsere Website wurde erstellt, um dir mit vertrauensw\u00fcrdigen Informationen zu helfen.<\/li><li>Sei nachsichtig mit dir selbst. Dein Haus ist unordentlich, weil du die Diagnose zu verarbeiten hast? Das ist in Ordnung!<\/li><li>Akzeptiere die Krankheit. Frage nicht \u201eWarum ich?\u201c. Reflektiere stattdessen \u00fcber die positiven Dinge in deinem Leben und baue darauf auf.<\/li><\/ul>\t\t\t\t\t\t\t\t<\/div>\n\t\t\t\t<\/div>\n\t\t\t\t\t<\/div>\n\t\t<\/div>\n\t\t\t\t\t<\/div>\n\t\t<\/section>\n\t\t\t\t<section class=\"elementor-section elementor-top-section elementor-element elementor-element-b502264 qode_elementor_container_inner elementor-section-boxed elementor-section-height-default elementor-section-height-default parallax_section_no\" data-id=\"b502264\" data-element_type=\"section\" data-e-type=\"section\" data-settings=\"{&quot;background_background&quot;:&quot;classic&quot;}\">\n\t\t\t\t\t\t<div class=\"elementor-container elementor-column-gap-default\">\n\t\t\t\t\t<div class=\"elementor-column elementor-col-100 elementor-top-column elementor-element elementor-element-db83c3c\" data-id=\"db83c3c\" data-element_type=\"column\" data-e-type=\"column\">\n\t\t\t<div class=\"elementor-widget-wrap elementor-element-populated\">\n\t\t\t\t\t\t<div class=\"elementor-element elementor-element-1c001ce elementor-widget elementor-widget-text-editor\" data-id=\"1c001ce\" data-element_type=\"widget\" data-e-type=\"widget\" data-widget_type=\"text-editor.default\">\n\t\t\t\t<div class=\"elementor-widget-container\">\n\t\t\t\t\t\t\t\t\t<h3>W\u00c4HREND DER BEHANDLUNG<\/h3>\n<p><span style=\"font-weight: 400;\">Die Behandlung von ACC oder anderen seltenen Krebsarten\/Erkrankungen kann eine Belastung f\u00fcr die psychische Gesundheit sein. Hier sind einige Tipps f\u00fcr diese Phase:<\/span><\/p>\n<ul>\n<li><span style=\"font-weight: 400;\">Scheue dich nicht, professionelle Hilfe f\u00fcr deine psychische Gesundheit in Anspruch zu nehmen. Frage bei deinen medizinischen Betreuern oder deiner Krankenversicherung nach deinen Optionen.<\/span><\/li>\n<li><span style=\"font-weight: 400;\">Priorisiere Ruhe, wenn sie ben\u00f6tigt wird. Sich bis zur Ersch\u00f6pfung zu treiben, wird deine psychische Gesundheit nur verschlechtern. Es ist in Ordnung, sich auszuruhen.<\/span><\/li>\n<li><span style=\"font-weight: 400;\">Hab keine Angst, um Hilfe zu bitten (s.o.).<\/span><\/li>\n<li><span style=\"font-weight: 400;\">Probiere Meditation\/Achtsamkeit aus. Manche finden diese Aktivit\u00e4ten beruhigend und erdend.<\/span><\/li>\n<li><span style=\"font-weight: 400;\">Falls du w\u00e4hrend der Behandlung arbeitest, informiere dich, welche Anpassungen dein Arbeitgeber dir bieten kann.<\/span><\/li>\n<li><span style=\"font-weight: 400;\">Besch\u00e4ftige dich mit Aktivit\u00e4ten, die dir Freude bereiten. Wenn dein Energieniveau niedrig ist, versuche Aktivit\u00e4ten mit geringer Belastung wie Puzzles, Brettspiele, Kunsthandwerk usw.<\/span><\/li>\n<li><span style=\"font-weight: 400;\">Falls du k\u00f6rperlich in der Lage bist, hilft selbst ein kurzer Spaziergang an der frischen Luft deiner mentalen Gesundheit.<\/span><\/li>\n<li><a href=\"mailto:contact@letscureacc.com\"><span style=\"font-weight: 400;\">Kontaktiere uns<\/span><\/a><span style=\"font-weight: 400;\">, falls du mit anderen Patienten sprechen m\u00f6chtest. Auf unserer Website findest du auch Informationen zu <a href=\"https:\/\/letscureacc.com\/nationale-vereinigungen\/?lang=de\">nationalen Verb\u00e4nden<\/a> und <a href=\"https:\/\/letscureacc.com\/facebook-gruppen\/?lang=de\">Facebook-Gruppen<\/a>, denen du beitreten kannst.<\/span><\/li>\n<li><span style=\"font-weight: 400;\">Schaffe Gl\u00fccksmomente mit deinen Liebsten, indem du Dinge tust, die ihr gerne zusammen unternehmt.<\/span><\/li>\n<\/ul>\n\t\t\t\t\t\t\t\t<\/div>\n\t\t\t\t<\/div>\n\t\t\t\t\t<\/div>\n\t\t<\/div>\n\t\t\t\t\t<\/div>\n\t\t<\/section>\n\t\t\t\t<section class=\"elementor-section elementor-top-section elementor-element elementor-element-e155980 qode_elementor_container_inner elementor-section-boxed elementor-section-height-default elementor-section-height-default parallax_section_no\" data-id=\"e155980\" data-element_type=\"section\" data-e-type=\"section\" data-settings=\"{&quot;background_background&quot;:&quot;classic&quot;}\">\n\t\t\t\t\t\t<div class=\"elementor-container elementor-column-gap-default\">\n\t\t\t\t\t<div class=\"elementor-column elementor-col-100 elementor-top-column elementor-element elementor-element-c9bb8af\" data-id=\"c9bb8af\" data-element_type=\"column\" data-e-type=\"column\">\n\t\t\t<div class=\"elementor-widget-wrap elementor-element-populated\">\n\t\t\t\t\t\t<div class=\"elementor-element elementor-element-1901b26 elementor-widget elementor-widget-text-editor\" data-id=\"1901b26\" data-element_type=\"widget\" data-e-type=\"widget\" data-widget_type=\"text-editor.default\">\n\t\t\t\t<div class=\"elementor-widget-container\">\n\t\t\t\t\t\t\t\t\t<h3><span style=\"font-weight: 400;\">NACH DER BEHANDLUNG<\/span><\/h3><p>Die Auswirkungen der Behandlung k\u00f6nnen sowohl k\u00f6rperlich als auch psychisch lange nach deren Ende sp\u00fcrbar sein. Hier einige Tipps f\u00fcr diese Phase der Reise:<\/p><ul><li><span style=\"font-weight: 400;\">Nach der Behandlung hast du vielleicht mehr Kapazit\u00e4ten, um das Erlebte zu verarbeiten. Suche professionelle Hilfe. Frage bei deinen medizinischen Betreuern oder deiner Krankenversicherung nach deinen Optionen.<\/span><\/li><li><span style=\"font-weight: 400;\">Priorisiere deine Gesundheit. Nach der Behandlung von Nebennierenrindenkarzinom k\u00f6nntest du mit <\/span><strong><a href=\"https:\/\/letscureacc.com\/glossaryindex\/morbus-addison\/?lang=de\">Nebenniereninsuffizienz<\/a><\/strong><span style=\"font-weight: 400;\"> zu tun haben. Informiere dich \u00fcber diese akute <\/span><span style=\"font-weight: 400;\">Kortisol-Krise<\/span><span style=\"font-weight: 400;\"> und deren <\/span><span style=\"font-weight: 400;\">Behandlung<\/span><span style=\"font-weight: 400;\">.<\/span><\/li><li><span style=\"font-weight: 400;\">Das Leben wird anders sein als vor deiner Diagnose und den Behandlungen. Basierend auf deinen Erfahrungen und m\u00f6glichen Einschr\u00e4nkungen gestalte dein neues Leben so gut wie m\u00f6glich.<\/span><\/li><li><span style=\"font-weight: 400;\">Notiere alle Symptome, einschlie\u00dflich emotionaler Probleme.<\/span><\/li><li><span style=\"font-weight: 400;\">Konzentriere dich auf das, was du kontrollieren kannst. Die R\u00fcckkehr zu Routinen kann dir helfen, ein Gef\u00fchl der Kontrolle \u00fcber dein Leben wiederzuerlangen.<\/span><\/li><li><span style=\"font-weight: 400;\">Erw\u00e4ge den Beitritt zu einer Selbsthilfegruppe. Vielen hilft es, mit anderen Krebs\u00fcberlebenden zu sprechen. Im deutschsprachigen Raum gibt es die Gruppe \u201c<\/span><a href=\"https:\/\/letscureacc.com\/selbsthilfegruppe-mitgegen-nnk\/?lang=de\"><span style=\"font-weight: 400;\"><strong>MIT&amp;GEGEN NNK<\/strong><\/span><\/a><span style=\"font-weight: 400;\">\u201d.<\/span><\/li><li><span style=\"font-weight: 400;\">Engagiere dich ehrenamtlich \u2013 anderen zu helfen, kann dir Energie geben und dir das Gef\u00fchl geben, etwas zur\u00fcckzugeben. Du kannst dich <\/span><strong><a href=\"https:\/\/letscureacc.com\/unsere-botschafter\/?lang=de\">uns als Botschafter anschlie\u00dfen<\/a>. <a href=\"mailto:contact@letscureacc.com\">Kontaktiere uns<\/a><\/strong><span style=\"font-weight: 400;\"><strong>,<\/strong> wenn du Interesse hast!\u00a0<\/span><\/li><\/ul>\t\t\t\t\t\t\t\t<\/div>\n\t\t\t\t<\/div>\n\t\t\t\t\t<\/div>\n\t\t<\/div>\n\t\t\t\t\t<\/div>\n\t\t<\/section>\n\t\t\t\t<section class=\"elementor-section elementor-top-section elementor-element elementor-element-647e707 elementor-section-boxed elementor-section-height-default elementor-section-height-default parallax_section_no qode_elementor_container_no\" data-id=\"647e707\" data-element_type=\"section\" data-e-type=\"section\">\n\t\t\t\t\t\t<div class=\"elementor-container elementor-column-gap-default\">\n\t\t\t\t\t<div class=\"elementor-column elementor-col-100 elementor-top-column elementor-element elementor-element-7ce53cd\" data-id=\"7ce53cd\" data-element_type=\"column\" data-e-type=\"column\">\n\t\t\t<div class=\"elementor-widget-wrap elementor-element-populated\">\n\t\t\t\t\t\t<div class=\"elementor-element elementor-element-9f38085 elementor-widget elementor-widget-text-editor\" data-id=\"9f38085\" data-element_type=\"widget\" data-e-type=\"widget\" data-widget_type=\"text-editor.default\">\n\t\t\t\t<div class=\"elementor-widget-container\">\n\t\t\t\t\t\t\t\t\t<h3><strong>ABSCHLIESSENDE GEDANKEN<\/strong><\/h3>\n<p>Egal, wo du dich auf deiner Reise befindest, wenn du Bedenken bez\u00fcglich deiner Emotionen oder deiner psychischen Gesundheit hast, teile sie mit deinen Liebsten und deinem medizinischen Team!<\/p>\n\t\t\t\t\t\t\t\t<\/div>\n\t\t\t\t<\/div>\n\t\t\t\t\t<\/div>\n\t\t<\/div>\n\t\t\t\t\t<\/div>\n\t\t<\/section>\n\t\t\t\t<\/div>\n\t\t","protected":false},"excerpt":{"rendered":"<p>Tipps zum Umgang mit den psychologischen Aspekten von Nebennierenrindenkarzinom Tipps zum Umgang mit den psychologischen Aspekten von Nebennierenrindenkarzinom. BEI DER DIAGNOSE Die Diagnose von ACC oder einer anderen seltenen Krebsart\/Erkrankung kann eine Vielzahl von Emotionen ausl\u00f6sen, darunter Wut, Traurigkeit, Angst usw. Alle deine Gef\u00fchle sind&#8230;<\/p>\n","protected":false},"author":416,"featured_media":0,"parent":0,"menu_order":0,"comment_status":"closed","ping_status":"closed","template":"full_width.php","meta":{"give_campaign_id":0,"inline_featured_image":false,"footnotes":""},"class_list":["post-9565","page","type-page","status-publish","hentry"],"campaignId":"","_links":{"self":[{"href":"https:\/\/letscureacc.com\/de\/wp-json\/wp\/v2\/pages\/9565","targetHints":{"allow":["GET"]}}],"collection":[{"href":"https:\/\/letscureacc.com\/de\/wp-json\/wp\/v2\/pages"}],"about":[{"href":"https:\/\/letscureacc.com\/de\/wp-json\/wp\/v2\/types\/page"}],"author":[{"embeddable":true,"href":"https:\/\/letscureacc.com\/de\/wp-json\/wp\/v2\/users\/416"}],"replies":[{"embeddable":true,"href":"https:\/\/letscureacc.com\/de\/wp-json\/wp\/v2\/comments?post=9565"}],"version-history":[{"count":0,"href":"https:\/\/letscureacc.com\/de\/wp-json\/wp\/v2\/pages\/9565\/revisions"}],"wp:attachment":[{"href":"https:\/\/letscureacc.com\/de\/wp-json\/wp\/v2\/media?parent=9565"}],"curies":[{"name":"wp","href":"https:\/\/api.w.org\/{rel}","templated":true}]}}