{"id":9963,"date":"2025-11-18T16:41:33","date_gmt":"2025-11-18T15:41:33","guid":{"rendered":"https:\/\/letscureacc.com\/forschung\/"},"modified":"2025-11-19T14:29:14","modified_gmt":"2025-11-19T13:29:14","slug":"forschung","status":"publish","type":"page","link":"https:\/\/letscureacc.com\/de\/forschung\/","title":{"rendered":"FORSCHUNG"},"content":{"rendered":"\t\t<div data-elementor-type=\"wp-page\" data-elementor-id=\"9963\" class=\"elementor elementor-9963 elementor-9947\">\n\t\t\t\t\t\t<section class=\"elementor-section elementor-top-section elementor-element elementor-element-93f2e7e elementor-section-boxed elementor-section-height-default elementor-section-height-default parallax_section_no qode_elementor_container_no\" data-id=\"93f2e7e\" data-element_type=\"section\" data-e-type=\"section\">\n\t\t\t\t\t\t<div class=\"elementor-container elementor-column-gap-default\">\n\t\t\t\t\t<div class=\"elementor-column elementor-col-100 elementor-top-column elementor-element elementor-element-150b1fe\" data-id=\"150b1fe\" data-element_type=\"column\" data-e-type=\"column\">\n\t\t\t<div class=\"elementor-widget-wrap elementor-element-populated\">\n\t\t\t\t\t\t<div class=\"elementor-element elementor-element-7fbcca5 elementor-widget elementor-widget-text-editor\" data-id=\"7fbcca5\" data-element_type=\"widget\" data-e-type=\"widget\" data-widget_type=\"text-editor.default\">\n\t\t\t\t<div class=\"elementor-widget-container\">\n\t\t\t\t\t\t\t\t\t<h2 style=\"text-align: center;\"><strong>Warum ACC-Forschung f\u00fcr Patientinnen und Patienten wichtig ist<\/strong><\/h2>\t\t\t\t\t\t\t\t<\/div>\n\t\t\t\t<\/div>\n\t\t\t\t\t<\/div>\n\t\t<\/div>\n\t\t\t\t\t<\/div>\n\t\t<\/section>\n\t\t\t\t<section class=\"elementor-section elementor-top-section elementor-element elementor-element-9f23499 elementor-section-boxed elementor-section-height-default elementor-section-height-default parallax_section_no qode_elementor_container_no\" data-id=\"9f23499\" data-element_type=\"section\" data-e-type=\"section\">\n\t\t\t\t\t\t<div class=\"elementor-container elementor-column-gap-default\">\n\t\t\t\t\t<div class=\"elementor-column elementor-col-100 elementor-top-column elementor-element elementor-element-6f2bdb3\" data-id=\"6f2bdb3\" data-element_type=\"column\" data-e-type=\"column\">\n\t\t\t<div class=\"elementor-widget-wrap\">\n\t\t\t\t\t\t\t<\/div>\n\t\t<\/div>\n\t\t\t\t\t<\/div>\n\t\t<\/section>\n\t\t\t\t<section class=\"elementor-section elementor-top-section elementor-element elementor-element-2f84ef40 elementor-section-full_width elementor-section-height-default elementor-section-height-default parallax_section_no qode_elementor_container_no\" data-id=\"2f84ef40\" data-element_type=\"section\" data-e-type=\"section\" data-settings=\"{&quot;background_background&quot;:&quot;classic&quot;}\">\n\t\t\t\t\t\t<div class=\"elementor-container elementor-column-gap-default\">\n\t\t\t\t\t<div class=\"elementor-column elementor-col-100 elementor-top-column elementor-element elementor-element-55596fa4\" data-id=\"55596fa4\" data-element_type=\"column\" data-e-type=\"column\">\n\t\t\t<div class=\"elementor-widget-wrap elementor-element-populated\">\n\t\t\t\t\t\t<div class=\"elementor-element elementor-element-7fbea2d elementor-widget elementor-widget-text-editor\" data-id=\"7fbea2d\" data-element_type=\"widget\" data-e-type=\"widget\" data-widget_type=\"text-editor.default\">\n\t\t\t\t<div class=\"elementor-widget-container\">\n\t\t\t\t\t\t\t\t\t<p><span style=\"font-weight: 400;\">Ohne Forschung gibt es keinen Fortschritt. Da <a href=\"https:\/\/letscureacc.com\/glossaryindex\/nebennierenkarzinom\/?lang=de\">das adrenokortikale Karzinom (ACC)<\/a> eine sehr seltene Krebserkrankung ist, z\u00e4hlt jede neue Erkenntnis. Im Vergleich zu h\u00e4ufigeren Krebsarten wissen wir noch relativ wenig dar\u00fcber, wie sich ACC entwickelt oder warum es sich von Person zu Person unterschiedlich verh\u00e4lt. <\/span><\/p><p><span style=\"font-weight: 400;\">Jeder Durchbruch im Verst\u00e4ndnis und in der Behandlung von ACC beginnt mit Forschung. Jede Studie, jeder Datenpunkt und jede geteilte Erfahrung hilft \u00c4rztinnen, \u00c4rzten und Wissenschaftlerinnen und Wissenschaftlern weltweit, Diagnostik, Therapie und Langzeitprognosen zu verbessern. Mit jeder klinischen Studie und mit jeder Patientin und jedem Patienten, die oder der daran teilnimmt, kommen wir unserem Ziel n\u00e4her: ACC zu einer heilbaren Erkrankung zu machen. <\/span><\/p><p><span style=\"font-weight: 400;\">Durch laufende Forschung k\u00f6nnen wir:<\/span><\/p><ul><li style=\"font-weight: 400;\" aria-level=\"1\"><span style=\"font-weight: 400;\">besser verstehen, wie ACC w\u00e4chst und sich ausbreitet<\/span><\/li><li style=\"font-weight: 400;\" aria-level=\"1\"><span style=\"font-weight: 400;\">wirksamere und personalisierte Behandlungen entwickeln<\/span><\/li><li style=\"font-weight: 400;\" aria-level=\"1\"><span style=\"font-weight: 400;\">Nebenwirkungen verringern und die Lebensqualit\u00e4t verbessern<\/span><\/li><li style=\"font-weight: 400;\" aria-level=\"1\"><span style=\"font-weight: 400;\">die langfristige \u00dcberlebensrate und Heilungschancen erh\u00f6hen<\/span><\/li><\/ul>\t\t\t\t\t\t\t\t<\/div>\n\t\t\t\t<\/div>\n\t\t\t\t\t<\/div>\n\t\t<\/div>\n\t\t\t\t\t<\/div>\n\t\t<\/section>\n\t\t\t\t<section class=\"elementor-section elementor-top-section elementor-element elementor-element-7f7fd72 elementor-section-boxed elementor-section-height-default elementor-section-height-default parallax_section_no qode_elementor_container_no\" data-id=\"7f7fd72\" data-element_type=\"section\" data-e-type=\"section\">\n\t\t\t\t\t\t<div class=\"elementor-container elementor-column-gap-default\">\n\t\t\t\t\t<div class=\"elementor-column elementor-col-100 elementor-top-column elementor-element elementor-element-084148f\" data-id=\"084148f\" data-element_type=\"column\" data-e-type=\"column\">\n\t\t\t<div class=\"elementor-widget-wrap elementor-element-populated\">\n\t\t\t\t\t\t<div class=\"elementor-element elementor-element-86c90b1 elementor-widget elementor-widget-heading\" data-id=\"86c90b1\" data-element_type=\"widget\" data-e-type=\"widget\" data-widget_type=\"heading.default\">\n\t\t\t\t<div class=\"elementor-widget-container\">\n\t\t\t\t\t<h2 class=\"elementor-heading-title elementor-size-default\">Wie Sie ganz einfach einen Beitrag leisten k\u00f6nnen<\/h2>\t\t\t\t<\/div>\n\t\t\t\t<\/div>\n\t\t\t\t\t<\/div>\n\t\t<\/div>\n\t\t\t\t\t<\/div>\n\t\t<\/section>\n\t\t\t\t<section class=\"elementor-section elementor-top-section elementor-element elementor-element-bc3ab50 elementor-section-boxed elementor-section-height-default elementor-section-height-default parallax_section_no qode_elementor_container_no\" data-id=\"bc3ab50\" data-element_type=\"section\" data-e-type=\"section\">\n\t\t\t\t\t\t<div class=\"elementor-container elementor-column-gap-default\">\n\t\t\t\t\t<div class=\"elementor-column elementor-col-100 elementor-top-column elementor-element elementor-element-d8cbbb9\" data-id=\"d8cbbb9\" data-element_type=\"column\" data-e-type=\"column\">\n\t\t\t<div class=\"elementor-widget-wrap elementor-element-populated\">\n\t\t\t\t\t\t<div class=\"elementor-element elementor-element-52d9ce6 elementor-widget elementor-widget-text-editor\" data-id=\"52d9ce6\" data-element_type=\"widget\" data-e-type=\"widget\" data-widget_type=\"text-editor.default\">\n\t\t\t\t<div class=\"elementor-widget-container\">\n\t\t\t\t\t\t\t\t\t<p><span style=\"font-weight: 400;\">Sie k\u00f6nnen die Forschung auf mehrere einfache, aber wirkungsvolle Arten unterst\u00fctzen. Eine der wichtigsten ist die <\/span><b>Teilnahme an einem Register. <\/b><span style=\"font-weight: 400;\">Register erfassen anonymisierte medizinische Informationen \u2013 zum Beispiel Untersuchungsergebnisse, Bildgebungsdaten und Behandlungsergebnisse \u2013 von Menschen mit ACC. Dadurch k\u00f6nnen Forschende Muster erkennen, die Diagnostik verbessern und wirksamere Therapien entwickeln.<\/span><br \/><br \/>Sie k\u00f6nnen au\u00dferdem beitragen, indem Sie zustimmen, dass Ihre anonymisierten medizinischen Daten und eventuell verbliebene diagnostische Gewebeproben f\u00fcr wissenschaftliche Studien genutzt werden d\u00fcrfen. Daf\u00fcr sind keine zus\u00e4tzlichen Untersuchungen oder Krankenhausbesuche erforderlich, und es hat keinerlei Einfluss auf Ihre Behandlung. Indem Sie Ihre Daten \u00fcber Register oder Forschungsprojekte teilen, helfen Sie \u00c4rztinnen, \u00c4rzten und Wissenschaftlerinnen und Wissenschaftlern weltweit, ACC besser zu verstehen \u2013 und schenken Hoffnung f\u00fcr zuk\u00fcnftige Patientinnen und Patienten.<\/p><p><span style=\"font-weight: 400;\">In einigen L\u00e4ndern besteht bereits ein nationales ACC-Register, in anderen befindet sich eine solche Struktur noch im Aufbau. Auch wenn in Ihrem Land kein nationales Register existiert, ist eine Teilnahme h\u00e4ufig \u00fcber ein internationales Register oder \u00fcber ein spezialisiertes ACC-Zentrum m\u00f6glich. F\u00fchrende ACC-Zentren sind mit aktuellen Forschungsinitiativen vertraut und k\u00f6nnen Sie beraten, wie Sie teilnehmen oder Ihre Daten beisteuern k\u00f6nnen. Am besten besprechen Sie dies fr\u00fchzeitig mit Ihrer behandelnden \u00c4rztin, Ihrem behandelnden Arzt oder Ihrer ACC-Spezialistin bzw. Ihrem ACC-Spezialisten, um mehr \u00fcber die verf\u00fcgbaren M\u00f6glichkeiten zu erfahren. <\/span><\/p><p><span style=\"font-weight: 400;\">Nach Ihrer Einwilligung werden Ihre anonymisierten Daten in der Regel in das nationale Register (sofern vorhanden) eingetragen und k\u00f6nnen \u2013 in anonymisierter Form \u2013 mit einem der beiden gro\u00dfen internationalen Netzwerke geteilt werden:<\/span><\/p><ul><li style=\"font-weight: 400;\" aria-level=\"1\"><span style=\"font-weight: 400;\">Die meisten europ\u00e4ischen L\u00e4nder beteiligen sich am ENS@T-Register<\/span><\/li><li style=\"font-weight: 400;\" aria-level=\"1\"><span style=\"font-weight: 400;\">Viele Zentren in Amerika, Asien und Australien sind Teil des A5-Registers<\/span><\/li><\/ul><p><span style=\"font-weight: 400;\">F\u00fcr weitere Informationen siehe unten.<\/span><\/p>\t\t\t\t\t\t\t\t<\/div>\n\t\t\t\t<\/div>\n\t\t\t\t\t<\/div>\n\t\t<\/div>\n\t\t\t\t\t<\/div>\n\t\t<\/section>\n\t\t\t\t<section class=\"elementor-section elementor-top-section elementor-element elementor-element-e376d21 elementor-section-boxed elementor-section-height-default elementor-section-height-default parallax_section_no qode_elementor_container_no\" data-id=\"e376d21\" data-element_type=\"section\" data-e-type=\"section\">\n\t\t\t\t\t\t<div class=\"elementor-container elementor-column-gap-default\">\n\t\t\t\t\t<div class=\"elementor-column elementor-col-100 elementor-top-column elementor-element elementor-element-1798503\" data-id=\"1798503\" data-element_type=\"column\" data-e-type=\"column\">\n\t\t\t<div class=\"elementor-widget-wrap elementor-element-populated\">\n\t\t\t\t\t\t<div class=\"elementor-element elementor-element-6a00ec0 elementor-widget elementor-widget-heading\" data-id=\"6a00ec0\" data-element_type=\"widget\" data-e-type=\"widget\" data-widget_type=\"heading.default\">\n\t\t\t\t<div class=\"elementor-widget-container\">\n\t\t\t\t\t<h2 class=\"elementor-heading-title elementor-size-default\">Klinische Studien: Zugang zu neuen Behandlungsoptionen\n<\/h2>\t\t\t\t<\/div>\n\t\t\t\t<\/div>\n\t\t\t\t\t<\/div>\n\t\t<\/div>\n\t\t\t\t\t<\/div>\n\t\t<\/section>\n\t\t\t\t<section class=\"elementor-section elementor-top-section elementor-element elementor-element-f1669b7 elementor-section-boxed elementor-section-height-default elementor-section-height-default parallax_section_no qode_elementor_container_no\" data-id=\"f1669b7\" data-element_type=\"section\" data-e-type=\"section\">\n\t\t\t\t\t\t<div class=\"elementor-container elementor-column-gap-default\">\n\t\t\t\t\t<div class=\"elementor-column elementor-col-100 elementor-top-column elementor-element elementor-element-3decf31\" data-id=\"3decf31\" data-element_type=\"column\" data-e-type=\"column\">\n\t\t\t<div class=\"elementor-widget-wrap elementor-element-populated\">\n\t\t\t\t\t\t<div class=\"elementor-element elementor-element-cf06700 elementor-widget elementor-widget-text-editor\" data-id=\"cf06700\" data-element_type=\"widget\" data-e-type=\"widget\" data-widget_type=\"text-editor.default\">\n\t\t\t\t<div class=\"elementor-widget-container\">\n\t\t\t\t\t\t\t\t\t<p><span style=\"font-weight: 400;\">Wenn Sie mit ACC leben, k\u00f6nnen Sie m\u00f6glicherweise an einer klinischen Studie teilnehmen. Klinische Studien pr\u00fcfen neue, vielversprechende Therapien unter sorgf\u00e4ltiger medizinischer Aufsicht. Die Teilnahme ist stets freiwillig, und Sie erhalten umfassende Informationen zu m\u00f6glichen Vorteilen, Risiken und Alternativen.<br>Diese Studien ebnen den Weg f\u00fcr die n\u00e4chste Generation von ACC-Behandlungen \u2013 und jede Teilnehmerin und jeder Teilnehmer tr\u00e4gt dazu bei, das Forschungsfeld voranzubringen. Auf den folgenden Seiten finden Sie geplante, laufende und abgeschlossene ACC-Studien \u2013 zumindest f\u00fcr Europa und die USA. Fragen Sie Ihre \u00c4rztin oder Ihren Arzt, ob es eine geeignete Studie f\u00fcr Sie gibt.<\/span><\/p><ul><li style=\"font-weight: 400;\" aria-level=\"1\"><span style=\"font-weight: 400;\"><a href=\"https:\/\/www.clinicaltrialsregister.eu\/ctr-search\/search\">EU Clinical Trials Register<\/a><\/span><span style=\"font-weight: 400;\"> <\/span><\/li><li style=\"font-weight: 400;\" aria-level=\"1\"><span style=\"font-weight: 400;\"><a href=\"https:\/\/clinicaltrials.gov\">US NIH Clinical Trials<\/a> <\/span><\/li><\/ul><p> <\/p>\t\t\t\t\t\t\t\t<\/div>\n\t\t\t\t<\/div>\n\t\t\t\t\t<\/div>\n\t\t<\/div>\n\t\t\t\t\t<\/div>\n\t\t<\/section>\n\t\t\t\t<section class=\"elementor-section elementor-top-section elementor-element elementor-element-da65bba elementor-section-boxed elementor-section-height-default elementor-section-height-default parallax_section_no qode_elementor_container_no\" data-id=\"da65bba\" data-element_type=\"section\" data-e-type=\"section\">\n\t\t\t\t\t\t<div class=\"elementor-container elementor-column-gap-default\">\n\t\t\t\t\t<div class=\"elementor-column elementor-col-100 elementor-top-column elementor-element elementor-element-c789827\" data-id=\"c789827\" data-element_type=\"column\" data-e-type=\"column\">\n\t\t\t<div class=\"elementor-widget-wrap elementor-element-populated\">\n\t\t\t\t\t\t<div class=\"elementor-element elementor-element-fcac1fc elementor-widget elementor-widget-heading\" data-id=\"fcac1fc\" data-element_type=\"widget\" data-e-type=\"widget\" data-widget_type=\"heading.default\">\n\t\t\t\t<div class=\"elementor-widget-container\">\n\t\t\t\t\t<h2 class=\"elementor-heading-title elementor-size-default\">Personalisierte Medizin: Keine Therapie passt f\u00fcr alle\n<\/h2>\t\t\t\t<\/div>\n\t\t\t\t<\/div>\n\t\t\t\t\t<\/div>\n\t\t<\/div>\n\t\t\t\t\t<\/div>\n\t\t<\/section>\n\t\t\t\t<section class=\"elementor-section elementor-top-section elementor-element elementor-element-c691034 elementor-section-boxed elementor-section-height-default elementor-section-height-default parallax_section_no qode_elementor_container_no\" data-id=\"c691034\" data-element_type=\"section\" data-e-type=\"section\">\n\t\t\t\t\t\t<div class=\"elementor-container elementor-column-gap-default\">\n\t\t\t\t\t<div class=\"elementor-column elementor-col-100 elementor-top-column elementor-element elementor-element-cb73338\" data-id=\"cb73338\" data-element_type=\"column\" data-e-type=\"column\">\n\t\t\t<div class=\"elementor-widget-wrap elementor-element-populated\">\n\t\t\t\t\t\t<div class=\"elementor-element elementor-element-d1efb44 elementor-widget elementor-widget-text-editor\" data-id=\"d1efb44\" data-element_type=\"widget\" data-e-type=\"widget\" data-widget_type=\"text-editor.default\">\n\t\t\t\t<div class=\"elementor-widget-container\">\n\t\t\t\t\t\t\t\t\t<p><span style=\"font-weight: 400;\">Die moderne Forschung konzentriert sich zunehmend auf molekulare und genetische Analysen. Diese Studien zeigen, dass jeder ACC-Tumor einzigartig ist \u2013 und dass Behandlungen besser angepasst werden k\u00f6nnen, wenn man seine spezifischen Eigenschaften kennt.<br>F\u00fcr Patientinnen und Patienten kann deshalb ein genetischer Test sinnvoll sein. Durch die Analyse sowohl des genetischen Profils des Tumors als auch \u2013 in manchen F\u00e4llen \u2013 der Gene des Patienten selbst k\u00f6nnen \u00c4rztinnen und \u00c4rzte feststellen, ob bestimmte Mutationen den Krebs ausgel\u00f6st haben oder die Therapieentscheidung beeinflussen k\u00f6nnten. In manchen Familien helfen diese Erkenntnisse zudem, erbliche Syndrome (wie das Li-Fraumeni-Syndrom) zu erkennen, die eine engmaschigere \u00dcberwachung erfordern.<br>Dies ist die Grundlage der personalisierten Medizin \u2013 bei der die Behandlung auf Sie zugeschnitten ist, nicht nur auf Ihre Diagnose. Sie ist m\u00f6glicherweise nicht \u00fcberall verf\u00fcgbar, aber z\u00f6gern Sie nicht, nachzufragen, ob sie f\u00fcr Sie in Betracht kommt.      <\/span><\/p>\t\t\t\t\t\t\t\t<\/div>\n\t\t\t\t<\/div>\n\t\t\t\t\t<\/div>\n\t\t<\/div>\n\t\t\t\t\t<\/div>\n\t\t<\/section>\n\t\t\t\t<section class=\"elementor-section elementor-top-section elementor-element elementor-element-df369f7 elementor-section-full_width elementor-section-height-default elementor-section-height-default parallax_section_no qode_elementor_container_no\" data-id=\"df369f7\" data-element_type=\"section\" data-e-type=\"section\" data-settings=\"{&quot;background_background&quot;:&quot;classic&quot;}\">\n\t\t\t\t\t\t<div class=\"elementor-container elementor-column-gap-default\">\n\t\t\t\t\t<div class=\"elementor-column elementor-col-100 elementor-top-column elementor-element elementor-element-29342f2\" data-id=\"29342f2\" data-element_type=\"column\" data-e-type=\"column\">\n\t\t\t<div class=\"elementor-widget-wrap elementor-element-populated\">\n\t\t\t\t\t\t<div class=\"elementor-element elementor-element-8407f1b elementor-widget elementor-widget-heading\" data-id=\"8407f1b\" data-element_type=\"widget\" data-e-type=\"widget\" data-widget_type=\"heading.default\">\n\t\t\t\t<div class=\"elementor-widget-container\">\n\t\t\t\t\t<h2 class=\"elementor-heading-title elementor-size-default\">Zusammenarbeit \u00fcber L\u00e4ndergrenzen hinweg\n<\/h2>\t\t\t\t<\/div>\n\t\t\t\t<\/div>\n\t\t\t\t\t<\/div>\n\t\t<\/div>\n\t\t\t\t\t<\/div>\n\t\t<\/section>\n\t\t\t\t<section class=\"elementor-section elementor-top-section elementor-element elementor-element-e1c37f8 elementor-section-boxed elementor-section-height-default elementor-section-height-default parallax_section_no qode_elementor_container_no\" data-id=\"e1c37f8\" data-element_type=\"section\" data-e-type=\"section\">\n\t\t\t\t\t\t<div class=\"elementor-container elementor-column-gap-default\">\n\t\t\t\t\t<div class=\"elementor-column elementor-col-100 elementor-top-column elementor-element elementor-element-2ce492c\" data-id=\"2ce492c\" data-element_type=\"column\" data-e-type=\"column\">\n\t\t\t<div class=\"elementor-widget-wrap elementor-element-populated\">\n\t\t\t\t\t\t<div class=\"elementor-element elementor-element-4f5bff0 elementor-widget elementor-widget-text-editor\" data-id=\"4f5bff0\" data-element_type=\"widget\" data-e-type=\"widget\" data-widget_type=\"text-editor.default\">\n\t\t\t\t<div class=\"elementor-widget-container\">\n\t\t\t\t\t\t\t\t\t<p><span style=\"font-weight: 400;\">Da ACC so selten ist, kann kein einzelnes Land oder Krankenhaus gen\u00fcgend Daten allein erfassen. Deshalb ist die internationale Zusammenarbeit von entscheidender Bedeutung. Zwei gro\u00dfe internationale Netzwerke arbeiten eng bei Studien und klinischen Projekten zusammen:<\/span><\/p><ul><li style=\"font-weight: 400;\" aria-level=\"1\"><span style=\"font-weight: 400;\">Das Europ\u00e4ische Netzwerk zur Erforschung von Nebennierentumoren (ENS@T) verbindet Forschende und \u00c4rztinnen bzw. \u00c4rzte weltweit, um Wissen zu teilen und Fortschritte zu beschleunigen \u2013 damit neue Erkenntnisse schneller den Patientinnen und Patienten zugutekommen.<br \/>Weitere Informationen erhalten Sie unter ENS@T (<\/span><a href=\"https:\/\/ensat.wildapricot.org\"><span style=\"font-weight: 400;\"><strong>https:\/\/ensat.wildapricot.org<\/strong><\/span><\/a><span style=\"font-weight: 400;\">) <br \/>oder per <a href=\"mailto:%20ensatweb@gmail.com\">E-mail<\/a> an<\/span><span style=\"font-weight: 400;\">. <\/span><\/li><li style=\"font-weight: 400;\" aria-level=\"1\">Die American-Australian-Asian Adrenal Alliance (A5) ist ein wachsendes internationales Netzwerk mit \u00fcber 50 f\u00fchrenden akademischen und medizinischen Einrichtungen, die sich einer gemeinsamen Mission verschrieben haben: den Fortschritt in der Erforschung von Nebennierenerkrankungen voranzutreiben. <br \/>Weitere Informationen erhalten Sie unter A5 (<a href=\"https:\/\/a5adrenal.org\">https:\/\/a5adrenal.org<\/a><span style=\"font-weight: 400;\">) oder per <a href=\"mailto:%20secretary@a5adrenal.org\">Email <\/a>an<\/span><\/li><\/ul><p><span style=\"font-weight: 400;\">Es gibt au\u00dferdem zwei gro\u00dfe Netzwerke, die speziell beim p\u00e4diatrischen ACC zusammenarbeiten. Sie sammeln und teilen Daten, um die Krankheit besser zu verstehen und neue Heilungschancen zu entwickeln.<br \/>F\u00fcr weitere Informationen klicken Sie <\/span><span style=\"font-weight: 400;\"><strong><a href=\"https:\/\/letscureacc.com\/nnk-im-kindesalter\/?lang=de\">hier<\/a><\/strong>.<\/span><\/p>\t\t\t\t\t\t\t\t<\/div>\n\t\t\t\t<\/div>\n\t\t\t\t\t<\/div>\n\t\t<\/div>\n\t\t\t\t\t<\/div>\n\t\t<\/section>\n\t\t\t\t<\/div>\n\t\t","protected":false},"excerpt":{"rendered":"<p>Warum ACC-Forschung f\u00fcr Patientinnen und Patienten wichtig ist Ohne Forschung gibt es keinen Fortschritt. Da das adrenokortikale Karzinom (ACC) eine sehr seltene Krebserkrankung ist, z\u00e4hlt jede neue Erkenntnis. Im Vergleich zu h\u00e4ufigeren Krebsarten wissen wir noch relativ wenig dar\u00fcber, wie sich ACC entwickelt oder warum&#8230;<\/p>\n","protected":false},"author":416,"featured_media":0,"parent":0,"menu_order":0,"comment_status":"closed","ping_status":"closed","template":"full_width.php","meta":{"give_campaign_id":0,"inline_featured_image":false,"footnotes":""},"class_list":["post-9963","page","type-page","status-publish","hentry"],"campaignId":"","_links":{"self":[{"href":"https:\/\/letscureacc.com\/de\/wp-json\/wp\/v2\/pages\/9963","targetHints":{"allow":["GET"]}}],"collection":[{"href":"https:\/\/letscureacc.com\/de\/wp-json\/wp\/v2\/pages"}],"about":[{"href":"https:\/\/letscureacc.com\/de\/wp-json\/wp\/v2\/types\/page"}],"author":[{"embeddable":true,"href":"https:\/\/letscureacc.com\/de\/wp-json\/wp\/v2\/users\/416"}],"replies":[{"embeddable":true,"href":"https:\/\/letscureacc.com\/de\/wp-json\/wp\/v2\/comments?post=9963"}],"version-history":[{"count":0,"href":"https:\/\/letscureacc.com\/de\/wp-json\/wp\/v2\/pages\/9963\/revisions"}],"wp:attachment":[{"href":"https:\/\/letscureacc.com\/de\/wp-json\/wp\/v2\/media?parent=9963"}],"curies":[{"name":"wp","href":"https:\/\/api.w.org\/{rel}","templated":true}]}}