{"id":10138,"date":"2026-01-15T12:50:32","date_gmt":"2026-01-15T11:50:32","guid":{"rendered":"https:\/\/letscureacc.com\/donar\/"},"modified":"2026-01-15T12:50:32","modified_gmt":"2026-01-15T11:50:32","slug":"donar","status":"publish","type":"page","link":"https:\/\/letscureacc.com\/es\/donar\/","title":{"rendered":"Donar"},"content":{"rendered":"\t\t<div data-elementor-type=\"wp-page\" data-elementor-id=\"10138\" class=\"elementor elementor-10138 elementor-9917\">\n\t\t\t\t\t\t<section class=\"elementor-section elementor-top-section elementor-element elementor-element-76fe639 elementor-section-boxed elementor-section-height-default elementor-section-height-default parallax_section_no qode_elementor_container_no\" data-id=\"76fe639\" data-element_type=\"section\" data-e-type=\"section\">\n\t\t\t\t\t\t<div class=\"elementor-container elementor-column-gap-default\">\n\t\t\t\t\t<div class=\"elementor-column elementor-col-100 elementor-top-column elementor-element elementor-element-2d0218a\" data-id=\"2d0218a\" data-element_type=\"column\" data-e-type=\"column\">\n\t\t\t<div class=\"elementor-widget-wrap elementor-element-populated\">\n\t\t\t\t\t\t<div class=\"elementor-element elementor-element-35f5f32 elementor-widget elementor-widget-text-editor\" data-id=\"35f5f32\" data-element_type=\"widget\" data-e-type=\"widget\" data-widget_type=\"text-editor.default\">\n\t\t\t\t<div class=\"elementor-widget-container\">\n\t\t\t\t\t\t\t\t\t<p><span style=\"font-weight: 400;\">Somos conscientes de los altos costos que conlleva esta enfermedad, por eso mantenemos nuestra contribuci\u00f3n de membres\u00eda simb\u00f3lica. Sugerimos y <\/span><b>deeply appreciate a donation of $20<\/b><span style=\"font-weight: 400;\">, pero eres libre de donar la cantidad que consideres adecuada &#8211; sea mayor o menor. Cada contribuci\u00f3n marca la diferencia, ya seas paciente, cuidador, familiar, amigo o profesional m\u00e9dico.<\/span><\/p><p><span style=\"font-weight: 400;\">Elige la cantidad que deseas donar \u2013<\/span><b> ugerimos 20 \u20ac, pero cualquier contribuci\u00f3n es bienvenida.<\/b><span style=\"font-weight: 400;\">. Ser\u00e1s redirigido al sitio web seguro de PayPal para realizar el pago. No hay renovaci\u00f3n autom\u00e1tica de las cuotas de membres\u00eda.<\/span><\/p>\t\t\t\t\t\t\t\t<\/div>\n\t\t\t\t<\/div>\n\t\t\t\t\t<\/div>\n\t\t<\/div>\n\t\t\t\t\t<\/div>\n\t\t<\/section>\n\t\t\t\t<section class=\"elementor-section elementor-top-section elementor-element elementor-element-b239d0c elementor-section-boxed elementor-section-height-default elementor-section-height-default parallax_section_no qode_elementor_container_no\" data-id=\"b239d0c\" data-element_type=\"section\" data-e-type=\"section\">\n\t\t\t\t\t\t<div class=\"elementor-container elementor-column-gap-default\">\n\t\t\t\t\t<div class=\"elementor-column elementor-col-100 elementor-top-column elementor-element elementor-element-f90b73d\" data-id=\"f90b73d\" data-element_type=\"column\" data-e-type=\"column\">\n\t\t\t<div class=\"elementor-widget-wrap elementor-element-populated\">\n\t\t\t\t\t\t<div class=\"elementor-element elementor-element-3bb3a78 elementor-widget elementor-widget-shortcode\" data-id=\"3bb3a78\" data-element_type=\"widget\" data-e-type=\"widget\" id=\"donaitionForm\" data-widget_type=\"shortcode.default\">\n\t\t\t\t<div class=\"elementor-widget-container\">\n\t\t\t\t\t\t\t<div class=\"elementor-shortcode\"><div class='root-data-givewp-embed' data-form-locale='es_ES' data-form-url='https:\/\/letscureacc.com\/?post_type=give_forms&#038;p=9915' data-form-view-url='https:\/\/letscureacc.com\/es\/?givewp-route=donation-form-view&form-id=9915' data-src='https:\/\/letscureacc.com\/es\/?givewp-route=donation-form-view&form-id=9915' data-givewp-embed-id='give-form-shortcode-1' data-form-format='' data-open-form-button='Donar ahora' style='--givewp-primary-color: #27ae60; --givewp-secondary-color: #9b51e0;'><\/div><\/div>\n\t\t\t\t\t\t<\/div>\n\t\t\t\t<\/div>\n\t\t\t\t\t<\/div>\n\t\t<\/div>\n\t\t\t\t\t<\/div>\n\t\t<\/section>\n\t\t\t\t<\/div>\n\t\t","protected":false},"excerpt":{"rendered":"<p>Somos conscientes de los altos costos que conlleva esta enfermedad, por eso mantenemos nuestra contribuci\u00f3n de membres\u00eda simb\u00f3lica. Sugerimos y deeply appreciate a donation of $20, pero eres libre de donar la cantidad que consideres adecuada &#8211; sea mayor o menor. Cada contribuci\u00f3n marca la&#8230;<\/p>\n","protected":false},"author":507,"featured_media":0,"parent":0,"menu_order":0,"comment_status":"closed","ping_status":"closed","template":"","meta":{"give_campaign_id":0,"inline_featured_image":false,"footnotes":""},"class_list":["post-10138","page","type-page","status-publish","hentry"],"campaignId":"","_links":{"self":[{"href":"https:\/\/letscureacc.com\/es\/wp-json\/wp\/v2\/pages\/10138","targetHints":{"allow":["GET"]}}],"collection":[{"href":"https:\/\/letscureacc.com\/es\/wp-json\/wp\/v2\/pages"}],"about":[{"href":"https:\/\/letscureacc.com\/es\/wp-json\/wp\/v2\/types\/page"}],"author":[{"embeddable":true,"href":"https:\/\/letscureacc.com\/es\/wp-json\/wp\/v2\/users\/507"}],"replies":[{"embeddable":true,"href":"https:\/\/letscureacc.com\/es\/wp-json\/wp\/v2\/comments?post=10138"}],"version-history":[{"count":1,"href":"https:\/\/letscureacc.com\/es\/wp-json\/wp\/v2\/pages\/10138\/revisions"}],"predecessor-version":[{"id":10139,"href":"https:\/\/letscureacc.com\/es\/wp-json\/wp\/v2\/pages\/10138\/revisions\/10139"}],"wp:attachment":[{"href":"https:\/\/letscureacc.com\/es\/wp-json\/wp\/v2\/media?parent=10138"}],"curies":[{"name":"wp","href":"https:\/\/api.w.org\/{rel}","templated":true}]}}