{"id":4042,"date":"2022-01-31T14:36:17","date_gmt":"2022-01-31T13:36:17","guid":{"rendered":"https:\/\/letscureacc.com\/?page_id=4042"},"modified":"2022-03-11T18:20:00","modified_gmt":"2022-03-11T17:20:00","slug":"sobre-nosotros","status":"publish","type":"page","link":"https:\/\/letscureacc.com\/es\/sobre-nosotros\/","title":{"rendered":"Sobre nosotros"},"content":{"rendered":"\t\t<div data-elementor-type=\"wp-page\" data-elementor-id=\"4042\" class=\"elementor elementor-4042 elementor-1602\">\n\t\t\t\t\t\t<section class=\"elementor-section elementor-top-section elementor-element elementor-element-2f84ef40 elementor-section-full_width elementor-section-height-default elementor-section-height-default parallax_section_no qode_elementor_container_no\" data-id=\"2f84ef40\" data-element_type=\"section\" data-e-type=\"section\" data-settings=\"{&quot;background_background&quot;:&quot;classic&quot;}\">\n\t\t\t\t\t\t<div class=\"elementor-container elementor-column-gap-default\">\n\t\t\t\t\t<div class=\"elementor-column elementor-col-100 elementor-top-column elementor-element elementor-element-55596fa4\" data-id=\"55596fa4\" data-element_type=\"column\" data-e-type=\"column\">\n\t\t\t<div class=\"elementor-widget-wrap elementor-element-populated\">\n\t\t\t\t\t\t<section class=\"elementor-section elementor-inner-section elementor-element elementor-element-29ecc4a elementor-section-boxed elementor-section-height-default elementor-section-height-default parallax_section_no qode_elementor_container_no\" data-id=\"29ecc4a\" data-element_type=\"section\" data-e-type=\"section\">\n\t\t\t\t\t\t<div class=\"elementor-container elementor-column-gap-default\">\n\t\t\t\t\t<div class=\"elementor-column elementor-col-100 elementor-inner-column elementor-element elementor-element-3037675\" data-id=\"3037675\" data-element_type=\"column\" data-e-type=\"column\">\n\t\t\t<div class=\"elementor-widget-wrap elementor-element-populated\">\n\t\t\t\t\t\t<div class=\"elementor-element elementor-element-a955285 elementor-widget elementor-widget-heading\" data-id=\"a955285\" data-element_type=\"widget\" data-e-type=\"widget\" data-widget_type=\"heading.default\">\n\t\t\t\t<div class=\"elementor-widget-container\">\n\t\t\t\t\t<h2 class=\"elementor-heading-title elementor-size-default\">UN C\u00c1NCER RARO, EN EL MUNDO ENTERO, NECESITA UNA COMUNIDAD INTERNACIONAL BIEN UNIDA<\/h2>\t\t\t\t<\/div>\n\t\t\t\t<\/div>\n\t\t\t\t<div class=\"elementor-element elementor-element-180ecef elementor-widget elementor-widget-spacer\" data-id=\"180ecef\" data-element_type=\"widget\" data-e-type=\"widget\" data-widget_type=\"spacer.default\">\n\t\t\t\t<div class=\"elementor-widget-container\">\n\t\t\t\t\t\t\t<div class=\"elementor-spacer\">\n\t\t\t<div class=\"elementor-spacer-inner\"><\/div>\n\t\t<\/div>\n\t\t\t\t\t\t<\/div>\n\t\t\t\t<\/div>\n\t\t\t\t\t<\/div>\n\t\t<\/div>\n\t\t\t\t\t<\/div>\n\t\t<\/section>\n\t\t\t\t<section class=\"elementor-section elementor-inner-section elementor-element elementor-element-da1aa8c elementor-section-boxed elementor-section-height-default elementor-section-height-default parallax_section_no qode_elementor_container_no\" data-id=\"da1aa8c\" data-element_type=\"section\" data-e-type=\"section\">\n\t\t\t\t\t\t<div class=\"elementor-container elementor-column-gap-extended\">\n\t\t\t\t\t<div class=\"elementor-column elementor-col-50 elementor-inner-column elementor-element elementor-element-4578347\" data-id=\"4578347\" data-element_type=\"column\" data-e-type=\"column\">\n\t\t\t<div class=\"elementor-widget-wrap elementor-element-populated\">\n\t\t\t\t\t\t<div class=\"elementor-element elementor-element-c72df8a elementor-widget elementor-widget-text-editor\" data-id=\"c72df8a\" data-element_type=\"widget\" data-e-type=\"widget\" data-widget_type=\"text-editor.default\">\n\t\t\t\t<div class=\"elementor-widget-container\">\n\t\t\t\t\t\t\t\t\t<p><strong>\u00abUsted es LA \u00daNICA PERSONA, dentro de m\u00e1s de un mill\u00f3n por a\u00f1o, con c\u00e1ncer suprarrenal, esta enfermedad hu\u00e9rfana\u00bb<\/strong>: \u00a1 cada paciente, tratando con ACC (el termino m\u00e9dico es Adrenocortical carcinoma), ha o\u00eddo estas palabras por lo menos una vez!<\/p><p>ACC es un c\u00e1ncer raro. Las primeras palabras que va a leer cuando busque informaci\u00f3n, no son muy aseguras, las m\u00e1s recurrentes siendo \u00abraro\u00bb, \u00abagresivo\u00bb con \u00abpobre pron\u00f3stico\u00bb.<\/p><p>Dicho esto, no quiere decir que tenemos que pararnos por all\u00ed mirando pasivamente la enfermedad mientras nos coge, evoluciona, o empeora. Lo que sea el estado de su enfermedad, necesita luchar y si quiere hablar y compartir, <strong>este sitio web est\u00e1 aqu\u00ed para dar las herramientas que necesita<\/strong>. No tenemos todas las respuestas, y no somos un sustituto por sus m\u00e9dicos, pero podemos ayudar con hacerse preguntas y sobre todo m\u00e1s importante<strong> dar la informaci\u00f3n para llegar a ser su proprio defensor<\/strong>.<\/p><p>Algunos de nosotros somos el \u00fanico en nuestro pa\u00eds, asi necesitamos crear <strong>una red internacional para encontrar m\u00e1s informaci\u00f3n y apoyo<\/strong>. La falta de informaci\u00f3n y expertos en el tema crea m\u00e1s ansia que lo debe, dejando muchas preguntas abiertas sobre el cuidado suyo, su futuro, su calidad de vida, su desenlace o como probar con el diagnosis (de poco a mucho tiempo). Eso es por que hemos creado esta asociaci\u00f3n, asi puede buscar y unirse con gente en la misma situaci\u00f3n con las mismas preguntas exactas. Queremos que sepa que no est\u00e1 solo y que usted, tambi\u00e9n, puede tener un grupo de apoyo.<\/p>\t\t\t\t\t\t\t\t<\/div>\n\t\t\t\t<\/div>\n\t\t\t\t<div class=\"elementor-element elementor-element-8e0a1a5 elementor-widget elementor-widget-text-editor\" data-id=\"8e0a1a5\" data-element_type=\"widget\" data-e-type=\"widget\" data-widget_type=\"text-editor.default\">\n\t\t\t\t<div class=\"elementor-widget-container\">\n\t\t\t\t\t\t\t\t\t<h2>\u00abES USTED LA \u00daNICA PERSONA EN UN MILL\u00d3N POR A\u00d1O CON C\u00c1NCER SUPRARRENAL, LA ENFERMEDAD HU\u00c9RFANA.\u00bb<\/h2>\t\t\t\t\t\t\t\t<\/div>\n\t\t\t\t<\/div>\n\t\t\t\t\t<\/div>\n\t\t<\/div>\n\t\t\t\t<div class=\"elementor-column elementor-col-50 elementor-inner-column elementor-element elementor-element-916ce81\" data-id=\"916ce81\" data-element_type=\"column\" data-e-type=\"column\">\n\t\t\t<div class=\"elementor-widget-wrap elementor-element-populated\">\n\t\t\t\t\t\t<div class=\"elementor-element elementor-element-157c0ee elementor-widget elementor-widget-text-editor\" data-id=\"157c0ee\" data-element_type=\"widget\" data-e-type=\"widget\" data-widget_type=\"text-editor.default\">\n\t\t\t\t<div class=\"elementor-widget-container\">\n\t\t\t\t\t\t\t\t\t<h4 style=\"text-align: center;\"><strong>ESTE SITIO WEB DEBE SER SU HERRAMIENTA POR LOS PACIENTES Y CUIDADORES PARA:<br \/><br \/><\/strong><\/h4><div><ul><li>Buscar informaci\u00f3n sobre la enfermedad,<\/li><li>Buscar a otros pacientes alrededor del mundo, hacer preguntas y sugerencias&#8230;<\/li><li>\u00a1M\u00e1s importante, buscar respuestas!<\/li><li>Conocer a los m\u00e9dicos expertos cerca a usted con todo su informaci\u00f3n,<\/li><\/ul><p>En el futuro, ayudar a los m\u00e9dicos poder ayudar un base de estudio por prop\u00f3sitos m\u00e9dicos con la meta de encontrar mejor tratamiento por un c\u00e1ncer raro.<\/p><\/div>\t\t\t\t\t\t\t\t<\/div>\n\t\t\t\t<\/div>\n\t\t\t\t<div class=\"elementor-element elementor-element-0119b7a elementor-widget elementor-widget-text-editor\" data-id=\"0119b7a\" data-element_type=\"widget\" data-e-type=\"widget\" data-widget_type=\"text-editor.default\">\n\t\t\t\t<div class=\"elementor-widget-container\">\n\t\t\t\t\t\t\t\t\t<p><strong>Por favor, recuerde que no somos m\u00e9dicos<\/strong> y solamente trataremos de ofrecer informaci\u00f3n y data pertinente.<\/p><p>Busca el consejo de su m\u00e9dico u otra persona calificada seg\u00fan su salud y condici\u00f3n.<\/p><p>Tambi\u00e9n, de un pa\u00eds a otro, los expertos m\u00e9dicos no hacen el tratamiento de la misma manera, asi siempre hay que fijarse al experto m\u00e9dico (algunos listados en la parte de los miembros del sitio web (<a href=\"https:\/\/lcacc.wpengine.com\/libro-de-direcciones\/?lang=es\">fijese la direccion<\/a>) con los detalles para ponerse en contacto).<\/p><p>Let&#8217;s Cure ACC acaba de ser realizada. Estamos esperando mas expertos para la lista en el futuro, depende de su acuerdo.<\/p><p>Por favor, no vacile si quiere compartir en privado con nosotros a traves de <a href=\"https:\/\/lcacc.wpengine.com\/contactenos\/?lang=es\">nuestro formulario<\/a> el nombre y contacto de su proprio m\u00e9dico para crear una mejor lista de contactos posible. Nos pondremos en contacto con ellos para preguntarles si quieren aparecer en la lista.<\/p><p>Lo que sigue siendo una constante dondequiera que viva es el tipo de preguntas que debe hacer, incluido lo que se le puede proporcionar ya qu\u00e9 tiene derecho, como apoyo psicol\u00f3gico y ayuda financiera. Este sitio web est\u00e1 aqu\u00ed para ayudarlo a estar lo m\u00e1s informado posible sobre estos temas para que pueda ser su propio defensor (\u00a1la mejor versi\u00f3n de usted que puede ser!).<\/p>\t\t\t\t\t\t\t\t<\/div>\n\t\t\t\t<\/div>\n\t\t\t\t\t<\/div>\n\t\t<\/div>\n\t\t\t\t\t<\/div>\n\t\t<\/section>\n\t\t\t\t\t<\/div>\n\t\t<\/div>\n\t\t\t\t\t<\/div>\n\t\t<\/section>\n\t\t\t\t<\/div>\n\t\t","protected":false},"excerpt":{"rendered":"<p>UN C\u00c1NCER RARO, EN EL MUNDO ENTERO, NECESITA UNA COMUNIDAD INTERNACIONAL BIEN UNIDA \u00abUsted es LA \u00daNICA PERSONA, dentro de m\u00e1s de un mill\u00f3n por a\u00f1o, con c\u00e1ncer suprarrenal, esta enfermedad hu\u00e9rfana\u00bb: \u00a1 cada paciente, tratando con ACC (el termino m\u00e9dico es Adrenocortical carcinoma), ha&#8230;<\/p>\n","protected":false},"author":416,"featured_media":0,"parent":0,"menu_order":0,"comment_status":"closed","ping_status":"closed","template":"full_width.php","meta":{"give_campaign_id":0,"inline_featured_image":false,"footnotes":""},"class_list":["post-4042","page","type-page","status-publish","hentry"],"campaignId":"","_links":{"self":[{"href":"https:\/\/letscureacc.com\/es\/wp-json\/wp\/v2\/pages\/4042","targetHints":{"allow":["GET"]}}],"collection":[{"href":"https:\/\/letscureacc.com\/es\/wp-json\/wp\/v2\/pages"}],"about":[{"href":"https:\/\/letscureacc.com\/es\/wp-json\/wp\/v2\/types\/page"}],"author":[{"embeddable":true,"href":"https:\/\/letscureacc.com\/es\/wp-json\/wp\/v2\/users\/416"}],"replies":[{"embeddable":true,"href":"https:\/\/letscureacc.com\/es\/wp-json\/wp\/v2\/comments?post=4042"}],"version-history":[{"count":0,"href":"https:\/\/letscureacc.com\/es\/wp-json\/wp\/v2\/pages\/4042\/revisions"}],"wp:attachment":[{"href":"https:\/\/letscureacc.com\/es\/wp-json\/wp\/v2\/media?parent=4042"}],"curies":[{"name":"wp","href":"https:\/\/api.w.org\/{rel}","templated":true}]}}