{"id":4112,"date":"2022-01-31T15:41:01","date_gmt":"2022-01-31T14:41:01","guid":{"rendered":"https:\/\/letscureacc.com\/?page_id=4112"},"modified":"2026-01-22T19:15:19","modified_gmt":"2026-01-22T18:15:19","slug":"nuestros-membrios-de-la-junta","status":"publish","type":"page","link":"https:\/\/letscureacc.com\/es\/nuestros-membrios-de-la-junta\/","title":{"rendered":"Nuestros Membrios De La Junta"},"content":{"rendered":"\t\t<div data-elementor-type=\"wp-page\" data-elementor-id=\"4112\" class=\"elementor elementor-4112 elementor-559\">\n\t\t\t\t\t\t<section class=\"elementor-section elementor-top-section elementor-element elementor-element-02a4a16 elementor-section-boxed elementor-section-height-default elementor-section-height-default parallax_section_no qode_elementor_container_no\" data-id=\"02a4a16\" data-element_type=\"section\" data-e-type=\"section\">\n\t\t\t\t\t\t<div class=\"elementor-container elementor-column-gap-default\">\n\t\t\t\t\t<div class=\"elementor-column elementor-col-100 elementor-top-column elementor-element elementor-element-04f7e35\" data-id=\"04f7e35\" data-element_type=\"column\" data-e-type=\"column\">\n\t\t\t<div class=\"elementor-widget-wrap elementor-element-populated\">\n\t\t\t\t\t\t<div class=\"elementor-element elementor-element-a484810 elementor-widget elementor-widget-spacer\" data-id=\"a484810\" data-element_type=\"widget\" data-e-type=\"widget\" data-widget_type=\"spacer.default\">\n\t\t\t\t<div class=\"elementor-widget-container\">\n\t\t\t\t\t\t\t<div class=\"elementor-spacer\">\n\t\t\t<div class=\"elementor-spacer-inner\"><\/div>\n\t\t<\/div>\n\t\t\t\t\t\t<\/div>\n\t\t\t\t<\/div>\n\t\t\t\t<div class=\"elementor-element elementor-element-bb29cf7 elementor-widget elementor-widget-text-editor\" data-id=\"bb29cf7\" data-element_type=\"widget\" data-e-type=\"widget\" data-widget_type=\"text-editor.default\">\n\t\t\t\t<div class=\"elementor-widget-container\">\n\t\t\t\t\t\t\t\t\t<h2 style=\"text-align: center;\">\u00bfQUIERE SABER UN POCO M\u00c1S SOBRE LA GENTE QUE TIENE QUE VER CON ESTE SITIO WEB? \u00a1LO TENEMOS!<\/h2><p>Let&#8217;s Cure ACC fue creada por dos mujeres francesas como asociaci\u00f3n sin \u00e1nimo de lucro registrada en Francia en 2021: Catherine vive en Estados Unidos desde 2003 y Sandra en Francia. Sus caminos se cruzaron a trav\u00e9s de un grupo de pacientes de ACC en Facebook, donde conectaron al instante. Compart\u00edan el mismo sentimiento: para todos los pacientes de ACC, enfrentarse a una enfermedad rara ya es muy dif\u00edcil, pero cuando no hay ayuda ni informaci\u00f3n que te ayude a entender lo que ocurre, la situaci\u00f3n se vuelve insoportable. Ante esta situaci\u00f3n, Catherine y Sandra quisieron ayudar a todos los pacientes de ACC, sus familiares y cuidadores proporcionando a escala internacional informaci\u00f3n fiable en varios idiomas.<\/p><p>Otras personas afectadas por la enfermedad tienen los mismos sentimientos, por lo que Let&#8217;s Cure ACC est\u00e1 abierta a expandirse. Cada nueva persona que se une a nuestra junta introduce nuevas perspectivas y valiosas habilidades a la asociaci\u00f3n.<\/p><p>\u00bfQu\u00e9 posibilidades hay de encontrarse con personas de vidas tan diversas -diferentes en edad, pa\u00eds de origen, etc.- con las que se pueda forjar una conexi\u00f3n sin esfuerzo? A trav\u00e9s de ACC, hemos cultivado no s\u00f3lo una amistad s\u00f3lida y genuina, sino tambi\u00e9n una misi\u00f3n compartida: ayudar a pacientes de todo el mundo.<\/p>\t\t\t\t\t\t\t\t<\/div>\n\t\t\t\t<\/div>\n\t\t\t\t\t<\/div>\n\t\t<\/div>\n\t\t\t\t\t<\/div>\n\t\t<\/section>\n\t\t\t\t<section class=\"elementor-section elementor-inner-section elementor-element elementor-element-5caefd9c elementor-section-boxed elementor-section-height-default elementor-section-height-default parallax_section_no qode_elementor_container_no\" data-id=\"5caefd9c\" data-element_type=\"section\" data-e-type=\"section\">\n\t\t\t\t\t\t<div class=\"elementor-container elementor-column-gap-default\">\n\t\t\t\t\t<div class=\"elementor-column elementor-col-50 elementor-inner-column elementor-element elementor-element-302e947e\" data-id=\"302e947e\" data-element_type=\"column\" data-e-type=\"column\">\n\t\t\t<div class=\"elementor-widget-wrap elementor-element-populated\">\n\t\t\t\t\t\t<div class=\"elementor-element elementor-element-12adf94a elementor-widget__width-initial elementor-widget elementor-widget-link-in-bio\" data-id=\"12adf94a\" data-element_type=\"widget\" data-e-type=\"widget\" data-widget_type=\"link-in-bio.default\">\n\t\t\t\t<div class=\"elementor-widget-container\">\n\t\t\t\t\t\t\t<div class=\"e-link-in-bio e-link-in-bio\">\n\t\t\t<div class=\"e-link-in-bio__content\">\n\n\t\t\t\t\t\t<div class=\"e-link-in-bio__identity\">\n\t\t\t\t\t\t\t\t\t<div class=\"e-link-in-bio__identity-image e-link-in-bio__identity-image-profile has-style-circle\">\n\t\t\t\t\t\t\t<img fetchpriority=\"high\" decoding=\"async\" width=\"212\" height=\"300\" src=\"https:\/\/letscureacc.com\/wp-content\/uploads\/2026\/01\/cath-e1769026974689-212x300.png\" class=\"e-link-in-bio__identity-image-element\" alt=\"\" srcset=\"https:\/\/letscureacc.com\/wp-content\/uploads\/2026\/01\/cath-e1769026974689-212x300.png 212w, https:\/\/letscureacc.com\/wp-content\/uploads\/2026\/01\/cath-e1769026974689-723x1024.png 723w, https:\/\/letscureacc.com\/wp-content\/uploads\/2026\/01\/cath-e1769026974689-768x1088.png 768w, https:\/\/letscureacc.com\/wp-content\/uploads\/2026\/01\/cath-e1769026974689-700x992.png 700w, https:\/\/letscureacc.com\/wp-content\/uploads\/2026\/01\/cath-e1769026974689.png 868w\" sizes=\"(max-width: 212px) 100vw, 212px\" \/>\t\t\t\t\t\t\t\t\t\t\t\t\t<\/div>\n\t\t\t\t\t\t\t<\/div>\n\t\t\t\t\t<div class=\"e-link-in-bio__bio\">\n\t\t\t\t<h2 class=\"e-link-in-bio__heading\">CATHERINE<\/h2>\t\t\t\t\t\t\t\t\t\t\t\t\t\t\t<\/div>\n\t\t\t\t\t<div class=\"e-link-in-bio__icons has-size-small\">\n\t\t\t\t\t\t\t<div class=\"e-link-in-bio__icon is-size-small\">\n\t\t\t\t\t<a href=\"https:\/\/www.linkedin.com\/in\/catherine-heitz-lamy-2a328641\/\" target=\"_blank\" rel=\"noopener \" aria-label=\"LinkedIn\" class=\"e-link-in-bio__icon-link\">\n\t\t\t\t\t\t<span class=\"e-link-in-bio__icon-svg\">\n\t\t\t\t\t\t\t<i aria-hidden=\"true\" class=\"fab fa-linkedin-in\"><\/i>\t\t\t\t\t\t<\/span>\n\t\t\t\t\t\t\t\t\t\t\t<\/a>\n\t\t\t\t<\/div>\n\t\t\t\t\t\t\t<div class=\"e-link-in-bio__icon is-size-small\">\n\t\t\t\t\t<a aria-label=\"Email\" class=\"e-link-in-bio__icon-link\" href=\"mailto:cath@letscureacc.com\">\n\t\t\t\t\t\t<span class=\"e-link-in-bio__icon-svg\">\n\t\t\t\t\t\t\t<i aria-hidden=\"true\" class=\"fas fa-envelope\"><\/i>\t\t\t\t\t\t<\/span>\n\t\t\t\t\t\t\t\t\t\t\t<\/a>\n\t\t\t\t<\/div>\n\t\t\t\t\t<\/div>\n\t\t\n\t\t<div class=\"e-link-in-bio__ctas has-type-link\">\n\t\t\t\t\t\t\t<a target=\"_blank\" rel=\"noopener \" class=\"e-link-in-bio__cta is-type-link\" href=\"\">\n\t\t\t\t\t\t\t\t\t\t<span class=\"e-link-in-bio__cta-text\">\n\t\t\t\t\t\t\t\t\t\t\t<\/span>\n\t\t\t\t<\/a>\n\t\t\t\t\t<\/div>\n\t\t\n\t\t\t<\/div>\n\t\t\t<div class=\"e-link-in-bio__bg\">\n\t\t\t\t<div class=\"e-link-in-bio__bg-overlay\"><\/div>\n\t\t\t<\/div>\n\t\t<\/div>\n\t\t\t\t\t\t<\/div>\n\t\t\t\t<\/div>\n\t\t\t\t\t<\/div>\n\t\t<\/div>\n\t\t\t\t<div class=\"elementor-column elementor-col-50 elementor-inner-column elementor-element elementor-element-66c42b6c\" data-id=\"66c42b6c\" data-element_type=\"column\" data-e-type=\"column\">\n\t\t\t<div class=\"elementor-widget-wrap elementor-element-populated\">\n\t\t\t\t\t\t<div class=\"elementor-element elementor-element-df0bdc2 elementor-widget__width-initial elementor-widget elementor-widget-text-editor\" data-id=\"df0bdc2\" data-element_type=\"widget\" data-e-type=\"widget\" data-widget_type=\"text-editor.default\">\n\t\t\t\t<div class=\"elementor-widget-container\">\n\t\t\t\t\t\t\t\t\t<p><strong>Catherine<\/strong> naci\u00f3 en 1968 y vive actualmente en Long Island, Nueva York, Estados Unidos. Una madre de tres hijos adultos, ella trabaj\u00f3 muchos a\u00f1os en marcadero para LVHM antes de trabajar en la educaci\u00f3n de las linguas (BAYARD Presse- traducci\u00f3n- clase virtual de franc\u00e9s).<\/p><p>Casi se diagnostic\u00f3 s\u00ed misma con Sindr\u00f3me de Cushing (suprarrenal derecho masa de 7 cm) en julio de 2018 (feliz cumplea\u00f1os de 50)-pero 10 d\u00edas despu\u00e9s de cirug\u00eda, tristemente resignificado como ACC&#8230; Tres meses m\u00e1s tarde, la gl\u00e1ndula suprarrenal izquierda fue sacada tambi\u00e9n de su proprio opci\u00f3n ( y seg\u00fan el consejo del equipo m\u00e9dico) despu\u00e9s hab\u00eda algo sospechoso con s\u00edntomas (probablemente ante precanceroso). \u00a1Asi no m\u00e1s de gl\u00e1ndula suprarrenal! Pero vive felizmente con algunos cambios simples en su vida (\u00a1muchos medicamentos incluyendo Lysodren y muchos seguimientos m\u00e9dicos!)<\/p>\t\t\t\t\t\t\t\t<\/div>\n\t\t\t\t<\/div>\n\t\t\t\t\t<\/div>\n\t\t<\/div>\n\t\t\t\t\t<\/div>\n\t\t<\/section>\n\t\t\t\t<section class=\"elementor-section elementor-inner-section elementor-element elementor-element-c80c697 elementor-section-boxed elementor-section-height-default elementor-section-height-default parallax_section_no qode_elementor_container_no\" data-id=\"c80c697\" data-element_type=\"section\" data-e-type=\"section\">\n\t\t\t\t\t\t<div class=\"elementor-container elementor-column-gap-default\">\n\t\t\t\t\t<div class=\"elementor-column elementor-col-50 elementor-inner-column elementor-element elementor-element-d100bb7\" data-id=\"d100bb7\" data-element_type=\"column\" data-e-type=\"column\">\n\t\t\t<div class=\"elementor-widget-wrap elementor-element-populated\">\n\t\t\t\t\t\t<div class=\"elementor-element elementor-element-cef60f7 elementor-widget__width-initial elementor-widget elementor-widget-link-in-bio\" data-id=\"cef60f7\" data-element_type=\"widget\" data-e-type=\"widget\" data-widget_type=\"link-in-bio.default\">\n\t\t\t\t<div class=\"elementor-widget-container\">\n\t\t\t\t\t\t\t<div class=\"e-link-in-bio e-link-in-bio\">\n\t\t\t<div class=\"e-link-in-bio__content\">\n\n\t\t\t\t\t\t<div class=\"e-link-in-bio__identity\">\n\t\t\t\t\t\t\t\t\t<div class=\"e-link-in-bio__identity-image e-link-in-bio__identity-image-profile has-style-circle\">\n\t\t\t\t\t\t\t<img decoding=\"async\" width=\"225\" height=\"300\" src=\"https:\/\/letscureacc.com\/wp-content\/uploads\/2026\/01\/marc-4-225x300.png\" class=\"e-link-in-bio__identity-image-element\" alt=\"\" srcset=\"https:\/\/letscureacc.com\/wp-content\/uploads\/2026\/01\/marc-4-225x300.png 225w, https:\/\/letscureacc.com\/wp-content\/uploads\/2026\/01\/marc-4.png 433w\" sizes=\"(max-width: 225px) 100vw, 225px\" \/>\t\t\t\t\t\t\t\t\t\t\t\t\t<\/div>\n\t\t\t\t\t\t\t<\/div>\n\t\t\t\t\t<div class=\"e-link-in-bio__bio\">\n\t\t\t\t<h2 class=\"e-link-in-bio__heading\">MARC<\/h2>\t\t\t\t\t\t\t\t\t\t\t\t\t\t\t<\/div>\n\t\t\t\t\t<div class=\"e-link-in-bio__icons has-size-small\">\n\t\t\t\t\t\t\t<div class=\"e-link-in-bio__icon is-size-small\">\n\t\t\t\t\t<a href=\"https:\/\/www.facebook.com\/marc.coping\/\" target=\"_blank\" rel=\"noopener \" aria-label=\"Facebook\" class=\"e-link-in-bio__icon-link\">\n\t\t\t\t\t\t<span class=\"e-link-in-bio__icon-svg\">\n\t\t\t\t\t\t\t<i aria-hidden=\"true\" class=\"fab fa-facebook\"><\/i>\t\t\t\t\t\t<\/span>\n\t\t\t\t\t\t\t\t\t\t\t<\/a>\n\t\t\t\t<\/div>\n\t\t\t\t\t\t\t<div class=\"e-link-in-bio__icon is-size-small\">\n\t\t\t\t\t<a href=\"https:\/\/www.instagram.com\/marc_letscureacc\/\" target=\"_blank\" rel=\"noopener \" aria-label=\"Instagram\" class=\"e-link-in-bio__icon-link\">\n\t\t\t\t\t\t<span class=\"e-link-in-bio__icon-svg\">\n\t\t\t\t\t\t\t<i aria-hidden=\"true\" class=\"fab fa-instagram\"><\/i>\t\t\t\t\t\t<\/span>\n\t\t\t\t\t\t\t\t\t\t\t<\/a>\n\t\t\t\t<\/div>\n\t\t\t\t\t\t\t<div class=\"e-link-in-bio__icon is-size-small\">\n\t\t\t\t\t<a aria-label=\"Email\" class=\"e-link-in-bio__icon-link\" href=\"mailto:Marc@letscureacc.com\">\n\t\t\t\t\t\t<span class=\"e-link-in-bio__icon-svg\">\n\t\t\t\t\t\t\t<i aria-hidden=\"true\" class=\"fas fa-envelope\"><\/i>\t\t\t\t\t\t<\/span>\n\t\t\t\t\t\t\t\t\t\t\t<\/a>\n\t\t\t\t<\/div>\n\t\t\t\t\t<\/div>\n\t\t\n\t\t<div class=\"e-link-in-bio__ctas has-type-link\">\n\t\t\t\t\t\t\t<a target=\"_blank\" rel=\"noopener \" class=\"e-link-in-bio__cta is-type-link\" href=\"\">\n\t\t\t\t\t\t\t\t\t\t<span class=\"e-link-in-bio__cta-text\">\n\t\t\t\t\t\t\t\t\t\t\t<\/span>\n\t\t\t\t<\/a>\n\t\t\t\t\t<\/div>\n\t\t\n\t\t\t<\/div>\n\t\t\t<div class=\"e-link-in-bio__bg\">\n\t\t\t\t<div class=\"e-link-in-bio__bg-overlay\"><\/div>\n\t\t\t<\/div>\n\t\t<\/div>\n\t\t\t\t\t\t<\/div>\n\t\t\t\t<\/div>\n\t\t\t\t\t<\/div>\n\t\t<\/div>\n\t\t\t\t<div class=\"elementor-column elementor-col-50 elementor-inner-column elementor-element elementor-element-b60f8f4\" data-id=\"b60f8f4\" data-element_type=\"column\" data-e-type=\"column\">\n\t\t\t<div class=\"elementor-widget-wrap elementor-element-populated\">\n\t\t\t\t\t\t<div class=\"elementor-element elementor-element-650e7ef elementor-widget__width-initial elementor-widget elementor-widget-text-editor\" data-id=\"650e7ef\" data-element_type=\"widget\" data-e-type=\"widget\" data-widget_type=\"text-editor.default\">\n\t\t\t\t<div class=\"elementor-widget-container\">\n\t\t\t\t\t\t\t\t\t<p class=\"my-2 [&amp;+p]:mt-4 [&amp;_strong:has(+br)]:inline-block [&amp;_strong:has(+br)]:pb-2\"><strong>Marc<\/strong> naci\u00f3 en 1972 en Alemania y ahora vive cerca de Oldemburgo, en Baja Sajonia, despu\u00e9s de pasar m\u00e1s de 20 a\u00f1os en Suiza. Desde 2024 apoya a Let\u2019s Cure ACC como miembro de la junta.<\/p><p class=\"my-2 [&amp;+p]:mt-4 [&amp;_strong:has(+br)]:inline-block [&amp;_strong:has(+br)]:pb-2\">Con un doctorado en Econom\u00eda, recuerda una carrera din\u00e1mica, habiendo trabajado a nivel global en diversos cargos en bancos como NordLB, Deutsche Bank y UBS, y en la empresa suiza de tecnolog\u00eda inform\u00e1tica Finnova. Desde los 12 a\u00f1os, el deporte ha sido un punto central para \u00e9l, empezando con el atletismo y convirti\u00e9ndose m\u00e1s tarde en un dedicado esquiador de fondo de competici\u00f3n. En 2017, su vida se top\u00f3 con un gran obst\u00e1culo: le diagnosticaron ACC, con un tumor de 20 cm, seguido de una resecci\u00f3n, cuatro ciclos de quimioterapia y el inicio de la terapia con Lysodren. En 2019, Marc sobrevivi\u00f3 a dos recurrencias hep\u00e1ticas con otras dos resecciones y seis ciclos de quimioterapia. Hoy siente una inmensa gratitud por una vida llena de experiencias y por la perspectiva de a\u00f1adir unos cuantos cap\u00edtulos m\u00e1s a ella.<\/p>\t\t\t\t\t\t\t\t<\/div>\n\t\t\t\t<\/div>\n\t\t\t\t\t<\/div>\n\t\t<\/div>\n\t\t\t\t\t<\/div>\n\t\t<\/section>\n\t\t\t\t<section class=\"elementor-section elementor-inner-section elementor-element elementor-element-aebdff8 elementor-section-boxed elementor-section-height-default elementor-section-height-default parallax_section_no qode_elementor_container_no\" data-id=\"aebdff8\" data-element_type=\"section\" data-e-type=\"section\">\n\t\t\t\t\t\t<div class=\"elementor-container elementor-column-gap-default\">\n\t\t\t\t\t<div class=\"elementor-column elementor-col-50 elementor-inner-column elementor-element elementor-element-7316eb4\" data-id=\"7316eb4\" data-element_type=\"column\" data-e-type=\"column\">\n\t\t\t<div class=\"elementor-widget-wrap elementor-element-populated\">\n\t\t\t\t\t\t<div class=\"elementor-element elementor-element-70d16ed elementor-widget__width-initial elementor-widget elementor-widget-link-in-bio\" data-id=\"70d16ed\" data-element_type=\"widget\" data-e-type=\"widget\" data-widget_type=\"link-in-bio.default\">\n\t\t\t\t<div class=\"elementor-widget-container\">\n\t\t\t\t\t\t\t<div class=\"e-link-in-bio e-link-in-bio\">\n\t\t\t<div class=\"e-link-in-bio__content\">\n\n\t\t\t\t\t\t<div class=\"e-link-in-bio__identity\">\n\t\t\t\t\t\t\t\t\t<div class=\"e-link-in-bio__identity-image e-link-in-bio__identity-image-profile has-style-circle\">\n\t\t\t\t\t\t\t<img decoding=\"async\" width=\"202\" height=\"300\" src=\"https:\/\/letscureacc.com\/wp-content\/uploads\/2026\/01\/WhatsApp_Image_2026-01-22_at_12.52.19-removebg-preview-4-202x300.png\" class=\"e-link-in-bio__identity-image-element\" alt=\"\" srcset=\"https:\/\/letscureacc.com\/wp-content\/uploads\/2026\/01\/WhatsApp_Image_2026-01-22_at_12.52.19-removebg-preview-4-202x300.png 202w, https:\/\/letscureacc.com\/wp-content\/uploads\/2026\/01\/WhatsApp_Image_2026-01-22_at_12.52.19-removebg-preview-4.png 290w\" sizes=\"(max-width: 202px) 100vw, 202px\" \/>\t\t\t\t\t\t\t\t\t\t\t\t\t<\/div>\n\t\t\t\t\t\t\t<\/div>\n\t\t\t\t\t<div class=\"e-link-in-bio__bio\">\n\t\t\t\t<h2 class=\"e-link-in-bio__heading\">SANDRA<\/h2>\t\t\t\t\t\t\t\t\t\t\t\t\t\t\t<\/div>\n\t\t\t\t\t<div class=\"e-link-in-bio__icons has-size-small\">\n\t\t\t\t\t\t\t<div class=\"e-link-in-bio__icon is-size-small\">\n\t\t\t\t\t<a aria-label=\"Email\" class=\"e-link-in-bio__icon-link\" href=\"mailto:Sandra@letscureacc.com\">\n\t\t\t\t\t\t<span class=\"e-link-in-bio__icon-svg\">\n\t\t\t\t\t\t\t<i aria-hidden=\"true\" class=\"fas fa-envelope\"><\/i>\t\t\t\t\t\t<\/span>\n\t\t\t\t\t\t\t\t\t\t\t<\/a>\n\t\t\t\t<\/div>\n\t\t\t\t\t<\/div>\n\t\t\n\t\t<div class=\"e-link-in-bio__ctas has-type-link\">\n\t\t\t\t\t\t\t<a target=\"_blank\" rel=\"noopener \" class=\"e-link-in-bio__cta is-type-link\" href=\"\">\n\t\t\t\t\t\t\t\t\t\t<span class=\"e-link-in-bio__cta-text\">\n\t\t\t\t\t\t\t\t\t\t\t<\/span>\n\t\t\t\t<\/a>\n\t\t\t\t\t<\/div>\n\t\t\n\t\t\t<\/div>\n\t\t\t<div class=\"e-link-in-bio__bg\">\n\t\t\t\t<div class=\"e-link-in-bio__bg-overlay\"><\/div>\n\t\t\t<\/div>\n\t\t<\/div>\n\t\t\t\t\t\t<\/div>\n\t\t\t\t<\/div>\n\t\t\t\t\t<\/div>\n\t\t<\/div>\n\t\t\t\t<div class=\"elementor-column elementor-col-50 elementor-inner-column elementor-element elementor-element-c1a8354\" data-id=\"c1a8354\" data-element_type=\"column\" data-e-type=\"column\">\n\t\t\t<div class=\"elementor-widget-wrap elementor-element-populated\">\n\t\t\t\t\t\t<div class=\"elementor-element elementor-element-af6530b elementor-widget__width-initial elementor-widget elementor-widget-text-editor\" data-id=\"af6530b\" data-element_type=\"widget\" data-e-type=\"widget\" data-widget_type=\"text-editor.default\">\n\t\t\t\t<div class=\"elementor-widget-container\">\n\t\t\t\t\t\t\t\t\t<p><strong>Sandra <\/strong>naci\u00f3 en 1984 y vive\u00a0en Paris, Francia.<\/p><p>Trabajando como directora del proyecto en el mundo digital, ella es friki, ama los videojuegos, fantas\u00eda heroica, SF y la m\u00fasica japonesa (\u00a1por favor escuche a Mijavi!). Tambi\u00e9n le encanta todo que tiene que ver con el estilo de vivir y las tendencias nuevas (no la tendencia de la moda-no tiene sentido de moda en estas c\u00e9lulas sanas). Diagnosticada con ACC en 2018, ella sufri\u00f3 de no diagnosticado Sindr\u00f3me de Cushing durante 2 a\u00f1os. Cuando fue diagnosticada, un tumor de 10 cm fue encontrado en la gl\u00e1ndula suprearrenal derecha con invasion en la vena cava. Cirug\u00eda y mitotano siguieron. Fue complicado y desde entonces, tambi\u00e9n had tenido da\u00f1o neurop\u00e1tico &#8211; \u00bfpero la vida sigue, verdad?<\/p>\t\t\t\t\t\t\t\t<\/div>\n\t\t\t\t<\/div>\n\t\t\t\t\t<\/div>\n\t\t<\/div>\n\t\t\t\t\t<\/div>\n\t\t<\/section>\n\t\t\t\t<section class=\"elementor-section elementor-top-section elementor-element elementor-element-2c9e632 elementor-section-boxed elementor-section-height-default elementor-section-height-default parallax_section_no qode_elementor_container_no\" data-id=\"2c9e632\" data-element_type=\"section\" data-e-type=\"section\">\n\t\t\t\t\t\t<div class=\"elementor-container elementor-column-gap-default\">\n\t\t\t\t\t<div class=\"elementor-column elementor-col-100 elementor-top-column elementor-element elementor-element-6fb4dc4\" data-id=\"6fb4dc4\" data-element_type=\"column\" data-e-type=\"column\">\n\t\t\t<div class=\"elementor-widget-wrap elementor-element-populated\">\n\t\t\t\t\t\t<div class=\"elementor-element elementor-element-a4e04a6 elementor-widget elementor-widget-text-editor\" data-id=\"a4e04a6\" data-element_type=\"widget\" data-e-type=\"widget\" data-widget_type=\"text-editor.default\">\n\t\t\t\t<div class=\"elementor-widget-container\">\n\t\t\t\t\t\t\t\t\t<p>Tuvimos la oportunidad de asistir al <a href=\"https:\/\/acc2019.wordpress.com\/programme\/\">Simposio de ACC 2019<\/a> juntas con los expertos m\u00e9dicos de todo el mundo. Las dos recibimos el apoyo de la creaci\u00f3n de <strong>una Asociaci\u00f3n Internacional de Pacientes, para construir una comunidad que ser\u00eda una ayuda muy grande para los expertos m\u00e9dicos de ofrecer a los pacientes cuidado mejor<\/strong>.<\/p><p>Pensamos que la hora ha llegado <strong>AHORA<\/strong> que los pacientes de ACC alrededor del mundo se unan y que sean m\u00e1s unidos para ayudar a los expertos m\u00e9dicos, elevemos conciencia y recibir respuestas. Ahora podremos hablar con una voz.<\/p>\t\t\t\t\t\t\t\t<\/div>\n\t\t\t\t<\/div>\n\t\t\t\t\t<\/div>\n\t\t<\/div>\n\t\t\t\t\t<\/div>\n\t\t<\/section>\n\t\t\t\t<section class=\"elementor-section elementor-top-section elementor-element elementor-element-cde2e0f elementor-section-boxed elementor-section-height-default elementor-section-height-default parallax_section_no qode_elementor_container_no\" data-id=\"cde2e0f\" data-element_type=\"section\" data-e-type=\"section\" data-settings=\"{&quot;background_background&quot;:&quot;classic&quot;}\">\n\t\t\t\t\t\t<div class=\"elementor-container elementor-column-gap-default\">\n\t\t\t\t\t<div class=\"elementor-column elementor-col-100 elementor-top-column elementor-element elementor-element-89c8773\" data-id=\"89c8773\" data-element_type=\"column\" data-e-type=\"column\">\n\t\t\t<div class=\"elementor-widget-wrap elementor-element-populated\">\n\t\t\t\t\t\t<section class=\"elementor-section elementor-inner-section elementor-element elementor-element-e7a5774 elementor-section-boxed elementor-section-height-default elementor-section-height-default parallax_section_no qode_elementor_container_no\" data-id=\"e7a5774\" data-element_type=\"section\" data-e-type=\"section\">\n\t\t\t\t\t\t<div class=\"elementor-container elementor-column-gap-default\">\n\t\t\t\t\t<div class=\"elementor-column elementor-col-33 elementor-inner-column elementor-element elementor-element-5621ba7\" data-id=\"5621ba7\" data-element_type=\"column\" data-e-type=\"column\">\n\t\t\t<div class=\"elementor-widget-wrap elementor-element-populated\">\n\t\t\t\t\t\t<div class=\"elementor-element elementor-element-7edb420 elementor-widget elementor-widget-image\" data-id=\"7edb420\" data-element_type=\"widget\" data-e-type=\"widget\" data-widget_type=\"image.default\">\n\t\t\t\t<div class=\"elementor-widget-container\">\n\t\t\t\t\t\t\t\t\t\t\t\t\t\t\t<img loading=\"lazy\" decoding=\"async\" width=\"1024\" height=\"1024\" src=\"https:\/\/letscureacc.com\/wp-content\/uploads\/2021\/08\/People-01.svg\" class=\"attachment-large size-large wp-image-1207\" alt=\"\" \/>\t\t\t\t\t\t\t\t\t\t\t\t\t\t\t<\/div>\n\t\t\t\t<\/div>\n\t\t\t\t\t<\/div>\n\t\t<\/div>\n\t\t\t\t<div class=\"elementor-column elementor-col-33 elementor-inner-column elementor-element elementor-element-86dbbb9\" data-id=\"86dbbb9\" data-element_type=\"column\" data-e-type=\"column\">\n\t\t\t<div class=\"elementor-widget-wrap elementor-element-populated\">\n\t\t\t\t\t\t<div class=\"elementor-element elementor-element-f5fc928 elementor-widget elementor-widget-text-editor\" data-id=\"f5fc928\" data-element_type=\"widget\" data-e-type=\"widget\" data-widget_type=\"text-editor.default\">\n\t\t\t\t<div class=\"elementor-widget-container\">\n\t\t\t\t\t\t\t\t\t<p><span style=\"color: #175e66; font-size: 40px; line-height: 130%; font-weight: 500;\">\u00a1Nada se puede hacer sin usted!<\/span><\/p><p>\u00a1Sea una parte del cambio y \u00fanese con nosotras!<\/p>\t\t\t\t\t\t\t\t<\/div>\n\t\t\t\t<\/div>\n\t\t\t\t\t<\/div>\n\t\t<\/div>\n\t\t\t\t<div class=\"elementor-column elementor-col-33 elementor-inner-column elementor-element elementor-element-3051150\" data-id=\"3051150\" data-element_type=\"column\" data-e-type=\"column\">\n\t\t\t<div class=\"elementor-widget-wrap elementor-element-populated\">\n\t\t\t\t\t\t<div class=\"elementor-element elementor-element-235d4cc elementor-align-center elementor-widget elementor-widget-button\" data-id=\"235d4cc\" data-element_type=\"widget\" data-e-type=\"widget\" data-widget_type=\"button.default\">\n\t\t\t\t<div class=\"elementor-widget-container\">\n\t\t\t\t\t\t\t\t\t<div class=\"elementor-button-wrapper\">\n\t\t\t\t\t<a class=\"elementor-button elementor-button-link elementor-size-lg\" href=\"https:\/\/lcacc.wpengine.com\/contactenos\/?lang=es\">\n\t\t\t\t\t\t<span class=\"elementor-button-content-wrapper\">\n\t\t\t\t\t\t\t\t\t<span class=\"elementor-button-text\">Contact\u00e9nos<\/span>\n\t\t\t\t\t<\/span>\n\t\t\t\t\t<\/a>\n\t\t\t\t<\/div>\n\t\t\t\t\t\t\t\t<\/div>\n\t\t\t\t<\/div>\n\t\t\t\t\t<\/div>\n\t\t<\/div>\n\t\t\t\t\t<\/div>\n\t\t<\/section>\n\t\t\t\t\t<\/div>\n\t\t<\/div>\n\t\t\t\t\t<\/div>\n\t\t<\/section>\n\t\t\t\t<\/div>\n\t\t","protected":false},"excerpt":{"rendered":"<p>\u00bfQUIERE SABER UN POCO M\u00c1S SOBRE LA GENTE QUE TIENE QUE VER CON ESTE SITIO WEB? \u00a1LO TENEMOS! Let&#8217;s Cure ACC fue creada por dos mujeres francesas como asociaci\u00f3n sin \u00e1nimo de lucro registrada en Francia en 2021: Catherine vive en Estados Unidos desde 2003&#8230;<\/p>\n","protected":false},"author":416,"featured_media":0,"parent":0,"menu_order":0,"comment_status":"closed","ping_status":"closed","template":"full_width.php","meta":{"give_campaign_id":0,"inline_featured_image":false,"footnotes":""},"class_list":["post-4112","page","type-page","status-publish","hentry"],"campaignId":"","_links":{"self":[{"href":"https:\/\/letscureacc.com\/es\/wp-json\/wp\/v2\/pages\/4112","targetHints":{"allow":["GET"]}}],"collection":[{"href":"https:\/\/letscureacc.com\/es\/wp-json\/wp\/v2\/pages"}],"about":[{"href":"https:\/\/letscureacc.com\/es\/wp-json\/wp\/v2\/types\/page"}],"author":[{"embeddable":true,"href":"https:\/\/letscureacc.com\/es\/wp-json\/wp\/v2\/users\/416"}],"replies":[{"embeddable":true,"href":"https:\/\/letscureacc.com\/es\/wp-json\/wp\/v2\/comments?post=4112"}],"version-history":[{"count":6,"href":"https:\/\/letscureacc.com\/es\/wp-json\/wp\/v2\/pages\/4112\/revisions"}],"predecessor-version":[{"id":10418,"href":"https:\/\/letscureacc.com\/es\/wp-json\/wp\/v2\/pages\/4112\/revisions\/10418"}],"wp:attachment":[{"href":"https:\/\/letscureacc.com\/es\/wp-json\/wp\/v2\/media?parent=4112"}],"curies":[{"name":"wp","href":"https:\/\/api.w.org\/{rel}","templated":true}]}}