{"id":4979,"date":"2022-02-09T14:13:07","date_gmt":"2022-02-09T13:13:07","guid":{"rendered":"https:\/\/letscureacc.com\/?page_id=4979"},"modified":"2024-05-10T13:03:52","modified_gmt":"2024-05-10T11:03:52","slug":"los-grupos-de-facebook","status":"publish","type":"page","link":"https:\/\/letscureacc.com\/es\/los-grupos-de-facebook\/","title":{"rendered":"Los grupos de Facebook"},"content":{"rendered":"\t\t<div data-elementor-type=\"wp-page\" data-elementor-id=\"4979\" class=\"elementor elementor-4979 elementor-674\">\n\t\t\t\t\t\t<section class=\"elementor-section elementor-top-section elementor-element elementor-element-2f84ef40 elementor-section-full_width elementor-section-height-default elementor-section-height-default parallax_section_no qode_elementor_container_no\" data-id=\"2f84ef40\" data-element_type=\"section\" data-e-type=\"section\" data-settings=\"{&quot;background_background&quot;:&quot;classic&quot;}\">\n\t\t\t\t\t\t<div class=\"elementor-container elementor-column-gap-default\">\n\t\t\t\t\t<div class=\"elementor-column elementor-col-100 elementor-top-column elementor-element elementor-element-55596fa4\" data-id=\"55596fa4\" data-element_type=\"column\" data-e-type=\"column\">\n\t\t\t<div class=\"elementor-widget-wrap elementor-element-populated\">\n\t\t\t\t\t\t<section class=\"elementor-section elementor-inner-section elementor-element elementor-element-da1aa8c elementor-section-boxed elementor-section-height-default elementor-section-height-default parallax_section_no qode_elementor_container_no\" data-id=\"da1aa8c\" data-element_type=\"section\" data-e-type=\"section\">\n\t\t\t\t\t\t<div class=\"elementor-container elementor-column-gap-extended\">\n\t\t\t\t\t<div class=\"elementor-column elementor-col-100 elementor-inner-column elementor-element elementor-element-916ce81\" data-id=\"916ce81\" data-element_type=\"column\" data-e-type=\"column\">\n\t\t\t<div class=\"elementor-widget-wrap elementor-element-populated\">\n\t\t\t\t\t\t<div class=\"elementor-element elementor-element-0119b7a elementor-widget elementor-widget-text-editor\" data-id=\"0119b7a\" data-element_type=\"widget\" data-e-type=\"widget\" data-widget_type=\"text-editor.default\">\n\t\t\t\t<div class=\"elementor-widget-container\">\n\t\t\t\t\t\t\t\t\t<h2 style=\"text-align: center;\">LOS GRUPOS DE FACEBOOK ALREDEDOR DEL MUNDO PARA INTERCAMBIAR ENTRE PACIENTES<\/h2>\n<p>Somos algunos pacientes alrededor del mundo con esta enfermedad hu\u00e9rfana, y por algunos de nosotros puede hacernos sentir muy aislados. Poder intercambiar con otros es crucial: puede encontrar a gente que est\u00e1 experimentando la misma ( o casi la misma) situaci\u00f3n, teniendo las mismas preguntas.<\/p>\n<p>Aqu\u00ed hay una lista de los grupos de facebook para pacientes de c\u00e1ncer suprarrenal alrededor del mundo en otros idiomas. Estos grupos son privados y muchos de ellos hacen preguntas para dejarlo ser miembro.<\/p>\n<p>Si conoce otros grupos por favor\u00a0<a href=\"https:\/\/lcacc.wpengine.com\/contactenos\/?lang=es\">cont\u00e1ctenos<\/a>\u00a0asi podemos pedir al administrador del grupo si nos dejar\u00e1 poner su informaci\u00f3n en este sitio web<\/p>\n<p>Gracias a las personas que ayudan con la creaci\u00f3n del sitio web: Martyn JONES (Ingl\u00e9s), Petra BRUEGMANN (Alem\u00e1n), Kathleen FRISTENSKY y Th\u00e9r\u00e9se RODRIGUEZ-GITTON (Espa\u00f1ol), Edoardo TERZOLO y Coralie GAMBRO (Italiano), Emmanuelle AFONSO, H\u00e9l\u00e8ne SOBRAL y Maria VILLARES FRAGOSO (Portugu\u00e9s\/Brasile\u00f1o), Melody ZHANG (Chino), Kazutaka NANBA y Editage-Cactus Communications (Japon\u00e9s).<\/p>\n\t\t\t\t\t\t\t\t<\/div>\n\t\t\t\t<\/div>\n\t\t\t\t\t<\/div>\n\t\t<\/div>\n\t\t\t\t\t<\/div>\n\t\t<\/section>\n\t\t\t\t\t<\/div>\n\t\t<\/div>\n\t\t\t\t\t<\/div>\n\t\t<\/section>\n\t\t\t\t<section class=\"elementor-section elementor-top-section elementor-element elementor-element-9ad4416 qode_elementor_container_inner elementor-section-boxed elementor-section-height-default elementor-section-height-default parallax_section_no\" data-id=\"9ad4416\" data-element_type=\"section\" data-e-type=\"section\" data-settings=\"{&quot;background_background&quot;:&quot;classic&quot;}\">\n\t\t\t\t\t\t<div class=\"elementor-container elementor-column-gap-default\">\n\t\t\t\t\t<div class=\"elementor-column elementor-col-100 elementor-top-column elementor-element elementor-element-c6af9da\" data-id=\"c6af9da\" data-element_type=\"column\" data-e-type=\"column\">\n\t\t\t<div class=\"elementor-widget-wrap elementor-element-populated\">\n\t\t\t\t\t\t<div class=\"elementor-element elementor-element-07b2e2b elementor-widget elementor-widget-text-editor\" data-id=\"07b2e2b\" data-element_type=\"widget\" data-e-type=\"widget\" data-widget_type=\"text-editor.default\">\n\t\t\t\t<div class=\"elementor-widget-container\">\n\t\t\t\t\t\t\t\t\t<h3>Chino:<\/h3>\n<ul>\n<li><a href=\"https:\/\/www.facebook.com\/CORDChina\/\"><b>CORD<\/b><\/a><\/li>\n<\/ul>\n<h3>\nIngl\u00e9s:<\/h3>\n<ul>\n<li aria-level=\"1\"><strong><a href=\"https:\/\/www.facebook.com\/groups\/122363381701199\/about\">ADRENAL CANCER WARRIORS\u2026STRONGER TOGETHER\u00a0<\/a><\/strong><\/li>\n<li aria-level=\"1\"><strong><a href=\"https:\/\/www.facebook.com\/groups\/537735743093284\/about\">ADRENAL HOPE<\/a><\/strong><\/li>\n<li aria-level=\"1\"><a href=\"https:\/\/www.facebook.com\/AssociationforMENdisorders\/\"><strong>AMEND<\/strong><\/a><\/li>\n<\/ul>\n<h3><\/h3>\n<h3>Franc\u00e9s:<\/h3>\n<ul>\n<li aria-level=\"1\"><strong><a href=\"https:\/\/www.facebook.com\/groups\/198180076903407\/about\">CORTICOSURR\u00c9NALOME MALADIE ENDOCRINE<\/a><\/strong><\/li>\n<li aria-level=\"1\"><strong><a href=\"https:\/\/www.facebook.com\/groups\/542435622433109\/about\">SOUTIEN CORTICOSURR\u00c9NALOME, ADDISON ET CUSHING<\/a><\/strong><\/li>\n<\/ul>\n<h3><\/h3>\n<h3>Portugu\u00e9s\/Brasile\u00f1o:<\/h3>\n<ul>\n<li><strong><a href=\"https:\/\/www.facebook.com\/abaddisonbrasil\">ABADDISONBRASIL<\/a><\/strong><\/li>\n<\/ul>\n<h3><\/h3>\n<h3>Ruso:<\/h3>\n<ul>\n<li aria-level=\"1\"><strong><a href=\"https:\/\/www.facebook.com\/groups\/357604215111396\/about\">\u0410\u041a\u0420 \u2013 \u0410\u0434\u0440\u0435\u043d\u043e\u043a\u043e\u0440\u0442\u0438\u043a\u0430\u043b\u044c\u043d\u044b\u0439 \u0440\u0430\u043a \u2013 \u0440\u0430\u043a \u043a\u043e\u0440\u044b \u043d\u0430\u0434\u043f\u043e\u0447\u0435\u0447\u043d\u0438\u043a\u0430<\/a><\/strong><\/li>\n<\/ul>\n<h3><\/h3>\n<h3>Espa\u00f1ol:<\/h3>\n<ul>\n<li><strong><a href=\"https:\/\/www.facebook.com\/Adisen.es\">ADISEN \u2013 ASOCIACION NACIONAL DE ADDISON Y OTRAS ENFERMEDADES ENDOCRINAS<\/a><\/strong><\/li>\n<\/ul>\n<p>&nbsp;<\/p>\n\t\t\t\t\t\t\t\t<\/div>\n\t\t\t\t<\/div>\n\t\t\t\t\t<\/div>\n\t\t<\/div>\n\t\t\t\t\t<\/div>\n\t\t<\/section>\n\t\t\t\t<\/div>\n\t\t","protected":false},"excerpt":{"rendered":"<p>LOS GRUPOS DE FACEBOOK ALREDEDOR DEL MUNDO PARA INTERCAMBIAR ENTRE PACIENTES Somos algunos pacientes alrededor del mundo con esta enfermedad hu\u00e9rfana, y por algunos de nosotros puede hacernos sentir muy aislados. Poder intercambiar con otros es crucial: puede encontrar a gente que est\u00e1 experimentando la&#8230;<\/p>\n","protected":false},"author":416,"featured_media":0,"parent":0,"menu_order":0,"comment_status":"closed","ping_status":"closed","template":"full_width.php","meta":{"give_campaign_id":0,"inline_featured_image":false,"footnotes":""},"class_list":["post-4979","page","type-page","status-publish","hentry"],"campaignId":"","_links":{"self":[{"href":"https:\/\/letscureacc.com\/es\/wp-json\/wp\/v2\/pages\/4979","targetHints":{"allow":["GET"]}}],"collection":[{"href":"https:\/\/letscureacc.com\/es\/wp-json\/wp\/v2\/pages"}],"about":[{"href":"https:\/\/letscureacc.com\/es\/wp-json\/wp\/v2\/types\/page"}],"author":[{"embeddable":true,"href":"https:\/\/letscureacc.com\/es\/wp-json\/wp\/v2\/users\/416"}],"replies":[{"embeddable":true,"href":"https:\/\/letscureacc.com\/es\/wp-json\/wp\/v2\/comments?post=4979"}],"version-history":[{"count":0,"href":"https:\/\/letscureacc.com\/es\/wp-json\/wp\/v2\/pages\/4979\/revisions"}],"wp:attachment":[{"href":"https:\/\/letscureacc.com\/es\/wp-json\/wp\/v2\/media?parent=4979"}],"curies":[{"name":"wp","href":"https:\/\/api.w.org\/{rel}","templated":true}]}}