{"id":5003,"date":"2022-02-09T14:24:51","date_gmt":"2022-02-09T13:24:51","guid":{"rendered":"https:\/\/letscureacc.com\/?page_id=5003"},"modified":"2025-07-18T11:12:33","modified_gmt":"2025-07-18T09:12:33","slug":"de-los-perdidos","status":"publish","type":"page","link":"https:\/\/letscureacc.com\/es\/de-los-perdidos\/","title":{"rendered":"De los que no han dejado"},"content":{"rendered":"\t\t<div data-elementor-type=\"wp-page\" data-elementor-id=\"5003\" class=\"elementor elementor-5003 elementor-679\">\n\t\t\t\t\t\t<section class=\"elementor-section elementor-top-section elementor-element elementor-element-2f84ef40 elementor-section-full_width elementor-section-height-default elementor-section-height-default parallax_section_no qode_elementor_container_no\" data-id=\"2f84ef40\" data-element_type=\"section\" data-e-type=\"section\" data-settings=\"{&quot;background_background&quot;:&quot;classic&quot;}\">\n\t\t\t\t\t\t<div class=\"elementor-container elementor-column-gap-default\">\n\t\t\t\t\t<div class=\"elementor-column elementor-col-100 elementor-top-column elementor-element elementor-element-55596fa4\" data-id=\"55596fa4\" data-element_type=\"column\" data-e-type=\"column\">\n\t\t\t<div class=\"elementor-widget-wrap elementor-element-populated\">\n\t\t\t\t\t\t<section class=\"elementor-section elementor-inner-section elementor-element elementor-element-da1aa8c elementor-section-boxed elementor-section-height-default elementor-section-height-default parallax_section_no qode_elementor_container_no\" data-id=\"da1aa8c\" data-element_type=\"section\" data-e-type=\"section\">\n\t\t\t\t\t\t<div class=\"elementor-container elementor-column-gap-extended\">\n\t\t\t\t\t<div class=\"elementor-column elementor-col-100 elementor-inner-column elementor-element elementor-element-916ce81\" data-id=\"916ce81\" data-element_type=\"column\" data-e-type=\"column\">\n\t\t\t<div class=\"elementor-widget-wrap elementor-element-populated\">\n\t\t\t\t\t\t<div class=\"elementor-element elementor-element-0119b7a elementor-widget elementor-widget-text-editor\" data-id=\"0119b7a\" data-element_type=\"widget\" data-e-type=\"widget\" data-widget_type=\"text-editor.default\">\n\t\t\t\t<div class=\"elementor-widget-container\">\n\t\t\t\t\t\t\t\t\t<h2 style=\"text-align: center;\">ALGUNOS PACIENTES NO LO HAN SOBREVIVIDO, PERO ELLOS (Y SUS FAMILIAS) QUISIERAN QUE LUCHARA PARA ELLOS<\/h2><p>Las historias, aunque tristes, pueden ser muy informativas&#8230;por favor recuerdelos Y LUCHE!<\/p><p>Aqu\u00ed algunos sitios web:<\/p><ul><li>Drew O&#8217;Donoghue, un m\u00fasico muy consumado, falleci\u00f3 a la edad de 22 a\u00f1os despu\u00e9s de un a\u00f1o luchando la batalla: (in ingl\u00e9s)<br \/><a class=\"waffle-rich-text-link\" href=\"http:\/\/www.thedrewodonoghuefund.org\/\">http:\/\/www.thedrewodonoghuefund.org<\/a><\/li><\/ul><ul><li>Sarah G. perdi\u00f3 su batalla con ACC y desafortunadamente dej\u00f3 a sus hijos j\u00f3venes, su esposo y su familia querida a la edad de 33 a\u00f1os y Kathleen solo ten\u00eda 29 a\u00f1os cuando fue separada de su esposo querido y su familia para siempre. Felizmente, peque\u00f1o Micah, diagnosticado a la edad de 4 a\u00f1os es actualmente libre de s\u00edntomas despu\u00e9s de una batalla muy dif\u00edcil contra la enfermedad. Busque sus historias y muchas mas explicaciones sobre ACC a (en ingl\u00e9s) ACC a <a class=\"waffle-rich-text-link\" href=\"https:\/\/www.accwarriors.org\/\">https:\/\/www.accwarriors.org<\/a><\/li><\/ul>\t\t\t\t\t\t\t\t<\/div>\n\t\t\t\t<\/div>\n\t\t\t\t\t<\/div>\n\t\t<\/div>\n\t\t\t\t\t<\/div>\n\t\t<\/section>\n\t\t\t\t\t<\/div>\n\t\t<\/div>\n\t\t\t\t\t<\/div>\n\t\t<\/section>\n\t\t\t\t<\/div>\n\t\t","protected":false},"excerpt":{"rendered":"<p>ALGUNOS PACIENTES NO LO HAN SOBREVIVIDO, PERO ELLOS (Y SUS FAMILIAS) QUISIERAN QUE LUCHARA PARA ELLOS Las historias, aunque tristes, pueden ser muy informativas&#8230;por favor recuerdelos Y LUCHE! Aqu\u00ed algunos sitios web: Drew O&#8217;Donoghue, un m\u00fasico muy consumado, falleci\u00f3 a la edad de 22 a\u00f1os&#8230;<\/p>\n","protected":false},"author":416,"featured_media":0,"parent":0,"menu_order":0,"comment_status":"closed","ping_status":"closed","template":"full_width.php","meta":{"give_campaign_id":0,"inline_featured_image":false,"footnotes":""},"class_list":["post-5003","page","type-page","status-publish","hentry"],"campaignId":"","_links":{"self":[{"href":"https:\/\/letscureacc.com\/es\/wp-json\/wp\/v2\/pages\/5003","targetHints":{"allow":["GET"]}}],"collection":[{"href":"https:\/\/letscureacc.com\/es\/wp-json\/wp\/v2\/pages"}],"about":[{"href":"https:\/\/letscureacc.com\/es\/wp-json\/wp\/v2\/types\/page"}],"author":[{"embeddable":true,"href":"https:\/\/letscureacc.com\/es\/wp-json\/wp\/v2\/users\/416"}],"replies":[{"embeddable":true,"href":"https:\/\/letscureacc.com\/es\/wp-json\/wp\/v2\/comments?post=5003"}],"version-history":[{"count":0,"href":"https:\/\/letscureacc.com\/es\/wp-json\/wp\/v2\/pages\/5003\/revisions"}],"wp:attachment":[{"href":"https:\/\/letscureacc.com\/es\/wp-json\/wp\/v2\/media?parent=5003"}],"curies":[{"name":"wp","href":"https:\/\/api.w.org\/{rel}","templated":true}]}}