{"id":9562,"date":"2025-02-03T15:22:12","date_gmt":"2025-02-03T14:22:12","guid":{"rendered":"https:\/\/letscureacc.com\/manejo-de-los-efectos-psicologicos-del-acc\/"},"modified":"2025-02-03T17:05:32","modified_gmt":"2025-02-03T16:05:32","slug":"manejo-de-los-efectos-psicologicos-del-acc","status":"publish","type":"page","link":"https:\/\/letscureacc.com\/es\/manejo-de-los-efectos-psicologicos-del-acc\/","title":{"rendered":"Manejo de los efectos psicol\u00f3gicos del ACC"},"content":{"rendered":"\t\t<div data-elementor-type=\"wp-page\" data-elementor-id=\"9562\" class=\"elementor elementor-9562 elementor-9560\">\n\t\t\t\t\t\t<section class=\"elementor-section elementor-top-section elementor-element elementor-element-2c4fe74 elementor-section-boxed elementor-section-height-default elementor-section-height-default parallax_section_no qode_elementor_container_no\" data-id=\"2c4fe74\" data-element_type=\"section\" data-e-type=\"section\">\n\t\t\t\t\t\t<div class=\"elementor-container elementor-column-gap-default\">\n\t\t\t\t\t<div class=\"elementor-column elementor-col-100 elementor-top-column elementor-element elementor-element-82bfca8\" data-id=\"82bfca8\" data-element_type=\"column\" data-e-type=\"column\">\n\t\t\t<div class=\"elementor-widget-wrap elementor-element-populated\">\n\t\t\t\t\t\t<section class=\"elementor-section elementor-inner-section elementor-element elementor-element-9662267 elementor-section-boxed elementor-section-height-default elementor-section-height-default parallax_section_no qode_elementor_container_no\" data-id=\"9662267\" data-element_type=\"section\" data-e-type=\"section\">\n\t\t\t\t\t\t<div class=\"elementor-container elementor-column-gap-default\">\n\t\t\t\t\t<div class=\"elementor-column elementor-col-100 elementor-inner-column elementor-element elementor-element-765a5b2\" data-id=\"765a5b2\" data-element_type=\"column\" data-e-type=\"column\">\n\t\t\t<div class=\"elementor-widget-wrap elementor-element-populated\">\n\t\t\t\t\t\t<div class=\"elementor-element elementor-element-84a28f5 elementor-widget__width-initial elementor-widget elementor-widget-text-editor\" data-id=\"84a28f5\" data-element_type=\"widget\" data-e-type=\"widget\" data-widget_type=\"text-editor.default\">\n\t\t\t\t<div class=\"elementor-widget-container\">\n\t\t\t\t\t\t\t\t\t<h2 style=\"text-align: center;\">Consejos para manejar los aspectos psicol\u00f3gicos del carcinoma suprarrenal<\/h2>\n<p>(u otras enfermedades\/c\u00e1nceres raros) durante el diagn\u00f3stico, el tratamiento y m\u00e1s all\u00e1<\/p>\n\t\t\t\t\t\t\t\t<\/div>\n\t\t\t\t<\/div>\n\t\t\t\t\t<\/div>\n\t\t<\/div>\n\t\t\t\t\t<\/div>\n\t\t<\/section>\n\t\t\t\t\t<\/div>\n\t\t<\/div>\n\t\t\t\t\t<\/div>\n\t\t<\/section>\n\t\t\t\t<section class=\"elementor-section elementor-top-section elementor-element elementor-element-e5b8ec7 qode_elementor_container_inner elementor-section-boxed elementor-section-height-default elementor-section-height-default parallax_section_no\" data-id=\"e5b8ec7\" data-element_type=\"section\" data-e-type=\"section\" data-settings=\"{&quot;background_background&quot;:&quot;classic&quot;}\">\n\t\t\t\t\t\t<div class=\"elementor-container elementor-column-gap-default\">\n\t\t\t\t\t<div class=\"elementor-column elementor-col-100 elementor-top-column elementor-element elementor-element-164ae4e\" data-id=\"164ae4e\" data-element_type=\"column\" data-e-type=\"column\">\n\t\t\t<div class=\"elementor-widget-wrap elementor-element-populated\">\n\t\t\t\t\t\t<div class=\"elementor-element elementor-element-1cf9df6 elementor-widget elementor-widget-text-editor\" data-id=\"1cf9df6\" data-element_type=\"widget\" data-e-type=\"widget\" data-widget_type=\"text-editor.default\">\n\t\t\t\t<div class=\"elementor-widget-container\">\n\t\t\t\t\t\t\t\t\t<h3>AL MOMENTO DEL DIAGN\u00d3STICO<\/h3>\n<p><span style=\"font-weight: 400;\">Recibir un diagn\u00f3stico de ACC u otra enfermedad\/c\u00e1ncer raro puede generar una multitud de emociones, como enojo, tristeza, miedo, etc.<\/span><span style=\"font-weight: 400;\"> Todas estas emociones son v\u00e1lidas<\/span><span style=\"font-weight: 400;\">. Nuestro sitio web ha sido creado para este prop\u00f3sito, no dudes en explorarlo. Algunos consejos para este momento dif\u00edcil:<\/span><\/p>\n<ul>\n<li style=\"font-weight: 400;\" aria-level=\"1\"><span style=\"font-weight: 400;\">Lleva a alguien contigo a tus citas m\u00e9dicas para que tome notas. Esto te ayudar\u00e1 a recordar los detalles que podr\u00edas pasar por alto debido a las emociones que revolotean en tu mente. M\u00e1s consejos disponibles <\/span><span style=\"font-weight: 400;\">aqu\u00ed<\/span><span style=\"font-weight: 400;\">.<\/span><\/li>\n<li style=\"font-weight: 400;\" aria-level=\"1\"><span style=\"font-weight: 400;\">Escribe en un diario para darte la oportunidad de expresar tus sentimientos.<\/span><\/li>\n<li style=\"font-weight: 400;\" aria-level=\"1\"><span style=\"font-weight: 400;\">No tengas miedo de pedir ayuda. S\u00e9 directo en tus solicitudes: \u201c\u00bfPuedes llevarme a mi cita?\u201d o \u201c\u00bfPuedes recoger mi pedido de compras?\u201d. Asignar tareas espec\u00edficas a tus amigos\/familiares es una excelente manera de obtener ayuda y permitir que las personas que te quieren sientan que est\u00e1n apoy\u00e1ndote.<\/span><\/li>\n<li style=\"font-weight: 400;\" aria-level=\"1\"><span style=\"font-weight: 400;\">Busca recursos en l\u00ednea confiables para el diagn\u00f3stico. \u00a1No te pierdas en un agujero de b\u00fasqueda en Google! Aseg\u00farate de verificar la validez de las fuentes. Nuestro sitio web <\/span><span style=\"font-weight: 400;\">est\u00e1 basado en informaci\u00f3n confiable y dise\u00f1ado para ayudarte.<\/span><\/li>\n<li style=\"font-weight: 400;\" aria-level=\"1\"><span style=\"font-weight: 400;\">S\u00e9 amable contigo mismo. \u00bfTu casa est\u00e1 desordenada porque est\u00e1s distra\u00eddo con la noticia? \u00a1Est\u00e1 bien!<\/span><\/li>\n<li style=\"font-weight: 400;\" aria-level=\"1\"><span style=\"font-weight: 400;\">Acepta la enfermedad. No te preguntes: \u201c\u00bfPor qu\u00e9 yo?\u201d. En lugar de eso, reflexiona sobre las cosas positivas en tu vida y constr\u00fayelas.<\/span><\/li>\n<\/ul>\n\t\t\t\t\t\t\t\t<\/div>\n\t\t\t\t<\/div>\n\t\t\t\t\t<\/div>\n\t\t<\/div>\n\t\t\t\t\t<\/div>\n\t\t<\/section>\n\t\t\t\t<section class=\"elementor-section elementor-top-section elementor-element elementor-element-b502264 qode_elementor_container_inner elementor-section-boxed elementor-section-height-default elementor-section-height-default parallax_section_no\" data-id=\"b502264\" data-element_type=\"section\" data-e-type=\"section\" data-settings=\"{&quot;background_background&quot;:&quot;classic&quot;}\">\n\t\t\t\t\t\t<div class=\"elementor-container elementor-column-gap-default\">\n\t\t\t\t\t<div class=\"elementor-column elementor-col-100 elementor-top-column elementor-element elementor-element-db83c3c\" data-id=\"db83c3c\" data-element_type=\"column\" data-e-type=\"column\">\n\t\t\t<div class=\"elementor-widget-wrap elementor-element-populated\">\n\t\t\t\t\t\t<div class=\"elementor-element elementor-element-1c001ce elementor-widget elementor-widget-text-editor\" data-id=\"1c001ce\" data-element_type=\"widget\" data-e-type=\"widget\" data-widget_type=\"text-editor.default\">\n\t\t\t\t<div class=\"elementor-widget-container\">\n\t\t\t\t\t\t\t\t\t<h3>DURANTE EL TRATAMIENTO<\/h3>\n<p><span style=\"font-weight: 400;\">El tratamiento del ACC u otras enfermedades\/c\u00e1nceres raros puede afectar tu salud mental. Aqu\u00ed hay algunos consejos:<\/span><\/p>\n<ul>\n<li style=\"font-weight: 400;\" aria-level=\"1\"><span style=\"font-weight: 400;\">No tengas miedo de buscar ayuda profesional para tu salud mental. Consulta con tus m\u00e9dicos o tu seguro m\u00e9dico para saber cu\u00e1les son tus opciones.<\/span><\/li>\n<li style=\"font-weight: 400;\" aria-level=\"1\"><span style=\"font-weight: 400;\">Prioriza el descanso si lo necesitas. Exigirte hasta el agotamiento solo empeorar\u00e1 tu salud mental. Est\u00e1 bien descansar.<\/span><\/li>\n<li style=\"font-weight: 400;\" aria-level=\"1\"><span style=\"font-weight: 400;\">No dudes en pedir ayuda. S\u00e9 claro en tus solicitudes. (Consulta los ejemplos anteriores).<\/span><\/li>\n<li style=\"font-weight: 400;\" aria-level=\"1\"><span style=\"font-weight: 400;\">Explora la meditaci\u00f3n o la atenci\u00f3n plena. Estas actividades pueden resultar relajantes para algunas personas.<\/span><\/li>\n<li style=\"font-weight: 400;\" aria-level=\"1\"><span style=\"font-weight: 400;\">Si est\u00e1s trabajando durante el tratamiento, averigua qu\u00e9 adaptaciones puede ofrecer tu empleador.<\/span><\/li>\n<li style=\"font-weight: 400;\" aria-level=\"1\"><span style=\"font-weight: 400;\">Participa en actividades que disfrutes. Si tienes poca energ\u00eda, considera actividades de bajo impacto como rompecabezas, juegos de mesa o manualidades.<\/span><\/li>\n<li style=\"font-weight: 400;\" aria-level=\"1\"><span style=\"font-weight: 400;\">Si puedes hacer ejercicio, incluso una breve caminata al aire libre puede ser beneficiosa para tu salud mental.<\/span><\/li>\n<li style=\"font-weight: 400;\" aria-level=\"1\"><a href=\"mailto:contact@letscureacc.com\"><span style=\"font-weight: 400;\">Cont\u00e1ctanos<\/span><\/a><span style=\"font-weight: 400;\"> si necesitas hablar con otros pacientes sobre cualquier tema. Tambi\u00e9n puedes consultar nuestro sitio web para conocer asociaciones nacionales y grupos de Facebook a los que puedes unirte.<\/span><\/li>\n<li style=\"font-weight: 400;\" aria-level=\"1\"><span style=\"font-weight: 400;\">Crea momentos de felicidad con tus seres queridos o haciendo las cosas que amas.<\/span><\/li>\n<\/ul>\n\t\t\t\t\t\t\t\t<\/div>\n\t\t\t\t<\/div>\n\t\t\t\t\t<\/div>\n\t\t<\/div>\n\t\t\t\t\t<\/div>\n\t\t<\/section>\n\t\t\t\t<section class=\"elementor-section elementor-top-section elementor-element elementor-element-e155980 qode_elementor_container_inner elementor-section-boxed elementor-section-height-default elementor-section-height-default parallax_section_no\" data-id=\"e155980\" data-element_type=\"section\" data-e-type=\"section\" data-settings=\"{&quot;background_background&quot;:&quot;classic&quot;}\">\n\t\t\t\t\t\t<div class=\"elementor-container elementor-column-gap-default\">\n\t\t\t\t\t<div class=\"elementor-column elementor-col-100 elementor-top-column elementor-element elementor-element-c9bb8af\" data-id=\"c9bb8af\" data-element_type=\"column\" data-e-type=\"column\">\n\t\t\t<div class=\"elementor-widget-wrap elementor-element-populated\">\n\t\t\t\t\t\t<div class=\"elementor-element elementor-element-1901b26 elementor-widget elementor-widget-text-editor\" data-id=\"1901b26\" data-element_type=\"widget\" data-e-type=\"widget\" data-widget_type=\"text-editor.default\">\n\t\t\t\t<div class=\"elementor-widget-container\">\n\t\t\t\t\t\t\t\t\t<h3>DESPU\u00c9S DEL TRATAMIENTO<\/h3>\r\n<ul>\r\n \t<li style=\"font-weight: 400;\" aria-level=\"1\"><span style=\"font-weight: 400;\">Los efectos del tratamiento pueden durar mucho tiempo despu\u00e9s de que este haya terminado, tanto f\u00edsica como mentalmente. Algunos consejos para esta etapa del viaje:<\/span>\r\n<ul>\r\n \t<li style=\"font-weight: 400;\" aria-level=\"1\"><span style=\"font-weight: 400;\">Despu\u00e9s del tratamiento, es posible que tengas m\u00e1s espacio mental para procesar lo que has vivido. Busca ayuda profesional si lo necesitas.<\/span><\/li>\r\n \t<li style=\"font-weight: 400;\" aria-level=\"1\"><span style=\"font-weight: 400;\">Prioriza tu salud. Despu\u00e9s del tratamiento para carcinoma suprarrenal, podr\u00edas enfrentarte a <\/span><a href=\"https:\/\/letscureacc.com\/glossaryindex\/insuficienca-suprarrenal\/?lang=es\"><span style=\"font-weight: 400;\">insuficiencia suprarrenal<\/span><\/a><span style=\"font-weight: 400;\">. Inf\u00f3rmate sobre esta <\/span><span style=\"font-weight: 400;\">condici\u00f3n<\/span><span style=\"font-weight: 400;\"> y su <\/span><span style=\"font-weight: 400;\">tratamiento<\/span><span style=\"font-weight: 400;\">.<\/span><\/li>\r\n \t<li style=\"font-weight: 400;\" aria-level=\"1\"><span style=\"font-weight: 400;\">La vida ser\u00e1 diferente a como era antes de tu diagn\u00f3stico y los tratamientos. Seg\u00fan lo que te ha ocurrido, las experiencias vividas y las restricciones f\u00edsicas o cognitivas que puedas tener, adapta tu nueva vida lo mejor que puedas.<\/span><\/li>\r\n \t<li style=\"font-weight: 400;\" aria-level=\"1\"><span style=\"font-weight: 400;\">Lleva un registro de cualquier s\u00edntoma que experimentes, incluidos los problemas emocionales.<\/span><\/li>\r\n \t<li style=\"font-weight: 400;\" aria-level=\"1\"><span style=\"font-weight: 400;\">Trata de enfocarte en lo que puedes controlar. Recuperar la normalidad con horarios y rutinas puede ayudarte a sentir que est\u00e1s recuperando el control de tu vida.<\/span><\/li>\r\n \t<li style=\"font-weight: 400;\" aria-level=\"1\"><span style=\"font-weight: 400;\">Considera unirte a un grupo de apoyo entre iguales. Algunas personas encuentran \u00fatil hablar con otros sobrevivientes de c\u00e1ncer.<\/span><\/li>\r\n \t<li style=\"font-weight: 400;\" aria-level=\"1\"><span style=\"font-weight: 400;\">Haz trabajo voluntario: ayudar a los dem\u00e1s puede ayudarte a canalizar tu energ\u00eda mientras contribuyes a tu comunidad. Puedes unirte a nosotros como <\/span><a href=\"https:\/\/letscureacc.com\/nuestros-embajadores\/?lang=es\"><span style=\"font-weight: 400;\">embajador<\/span><\/a><span style=\"font-weight: 400;\">. \u00a1<\/span><a href=\"mailto:contact@letscureacc.com\"><span style=\"font-weight: 400;\">Cont\u00e1ctanos<\/span><\/a><span style=\"font-weight: 400;\"> si est\u00e1s interesado!<\/span><\/li>\r\n<\/ul>\r\n<\/li>\r\n<\/ul>\t\t\t\t\t\t\t\t<\/div>\n\t\t\t\t<\/div>\n\t\t\t\t\t<\/div>\n\t\t<\/div>\n\t\t\t\t\t<\/div>\n\t\t<\/section>\n\t\t\t\t<section class=\"elementor-section elementor-top-section elementor-element elementor-element-647e707 elementor-section-boxed elementor-section-height-default elementor-section-height-default parallax_section_no qode_elementor_container_no\" data-id=\"647e707\" data-element_type=\"section\" data-e-type=\"section\">\n\t\t\t\t\t\t<div class=\"elementor-container elementor-column-gap-default\">\n\t\t\t\t\t<div class=\"elementor-column elementor-col-100 elementor-top-column elementor-element elementor-element-7ce53cd\" data-id=\"7ce53cd\" data-element_type=\"column\" data-e-type=\"column\">\n\t\t\t<div class=\"elementor-widget-wrap elementor-element-populated\">\n\t\t\t\t\t\t<div class=\"elementor-element elementor-element-9f38085 elementor-widget elementor-widget-text-editor\" data-id=\"9f38085\" data-element_type=\"widget\" data-e-type=\"widget\" data-widget_type=\"text-editor.default\">\n\t\t\t\t<div class=\"elementor-widget-container\">\n\t\t\t\t\t\t\t\t\t<h3><strong>REFLEXIONES FINALES<\/strong><\/h3>\n<p><span style=\"font-weight: 400;\">No matter where you are in your journey, if you have concerns about your emotions or mental health, share them with your loved ones and your medical team!<\/span><\/p>\n\t\t\t\t\t\t\t\t<\/div>\n\t\t\t\t<\/div>\n\t\t\t\t\t<\/div>\n\t\t<\/div>\n\t\t\t\t\t<\/div>\n\t\t<\/section>\n\t\t\t\t<\/div>\n\t\t","protected":false},"excerpt":{"rendered":"<p>Consejos para manejar los aspectos psicol\u00f3gicos del carcinoma suprarrenal (u otras enfermedades\/c\u00e1nceres raros) durante el diagn\u00f3stico, el tratamiento y m\u00e1s all\u00e1 AL MOMENTO DEL DIAGN\u00d3STICO Recibir un diagn\u00f3stico de ACC u otra enfermedad\/c\u00e1ncer raro puede generar una multitud de emociones, como enojo, tristeza, miedo, etc&#8230;.<\/p>\n","protected":false},"author":416,"featured_media":0,"parent":0,"menu_order":0,"comment_status":"closed","ping_status":"closed","template":"full_width.php","meta":{"give_campaign_id":0,"inline_featured_image":false,"footnotes":""},"class_list":["post-9562","page","type-page","status-publish","hentry"],"campaignId":"","_links":{"self":[{"href":"https:\/\/letscureacc.com\/es\/wp-json\/wp\/v2\/pages\/9562","targetHints":{"allow":["GET"]}}],"collection":[{"href":"https:\/\/letscureacc.com\/es\/wp-json\/wp\/v2\/pages"}],"about":[{"href":"https:\/\/letscureacc.com\/es\/wp-json\/wp\/v2\/types\/page"}],"author":[{"embeddable":true,"href":"https:\/\/letscureacc.com\/es\/wp-json\/wp\/v2\/users\/416"}],"replies":[{"embeddable":true,"href":"https:\/\/letscureacc.com\/es\/wp-json\/wp\/v2\/comments?post=9562"}],"version-history":[{"count":0,"href":"https:\/\/letscureacc.com\/es\/wp-json\/wp\/v2\/pages\/9562\/revisions"}],"wp:attachment":[{"href":"https:\/\/letscureacc.com\/es\/wp-json\/wp\/v2\/media?parent=9562"}],"curies":[{"name":"wp","href":"https:\/\/api.w.org\/{rel}","templated":true}]}}