{"id":9965,"date":"2025-11-18T18:00:33","date_gmt":"2025-11-18T17:00:33","guid":{"rendered":"https:\/\/letscureacc.com\/investigacion\/"},"modified":"2025-11-19T14:33:17","modified_gmt":"2025-11-19T13:33:17","slug":"investigacion","status":"publish","type":"page","link":"https:\/\/letscureacc.com\/es\/investigacion\/","title":{"rendered":"INVESTIGACI\u00d3N"},"content":{"rendered":"\t\t<div data-elementor-type=\"wp-page\" data-elementor-id=\"9965\" class=\"elementor elementor-9965 elementor-9947\">\n\t\t\t\t\t\t<section class=\"elementor-section elementor-top-section elementor-element elementor-element-93f2e7e elementor-section-boxed elementor-section-height-default elementor-section-height-default parallax_section_no qode_elementor_container_no\" data-id=\"93f2e7e\" data-element_type=\"section\" data-e-type=\"section\">\n\t\t\t\t\t\t<div class=\"elementor-container elementor-column-gap-default\">\n\t\t\t\t\t<div class=\"elementor-column elementor-col-100 elementor-top-column elementor-element elementor-element-150b1fe\" data-id=\"150b1fe\" data-element_type=\"column\" data-e-type=\"column\">\n\t\t\t<div class=\"elementor-widget-wrap elementor-element-populated\">\n\t\t\t\t\t\t<div class=\"elementor-element elementor-element-7fbcca5 elementor-widget elementor-widget-text-editor\" data-id=\"7fbcca5\" data-element_type=\"widget\" data-e-type=\"widget\" data-widget_type=\"text-editor.default\">\n\t\t\t\t<div class=\"elementor-widget-container\">\n\t\t\t\t\t\t\t\t\t<h2 style=\"text-align: center;\"><strong>Por qu\u00e9 la investigaci\u00f3n sobre el ACC es importante para los pacientes<\/strong><\/h2>\t\t\t\t\t\t\t\t<\/div>\n\t\t\t\t<\/div>\n\t\t\t\t\t<\/div>\n\t\t<\/div>\n\t\t\t\t\t<\/div>\n\t\t<\/section>\n\t\t\t\t<section class=\"elementor-section elementor-top-section elementor-element elementor-element-9f23499 elementor-section-boxed elementor-section-height-default elementor-section-height-default parallax_section_no qode_elementor_container_no\" data-id=\"9f23499\" data-element_type=\"section\" data-e-type=\"section\">\n\t\t\t\t\t\t<div class=\"elementor-container elementor-column-gap-default\">\n\t\t\t\t\t<div class=\"elementor-column elementor-col-100 elementor-top-column elementor-element elementor-element-6f2bdb3\" data-id=\"6f2bdb3\" data-element_type=\"column\" data-e-type=\"column\">\n\t\t\t<div class=\"elementor-widget-wrap\">\n\t\t\t\t\t\t\t<\/div>\n\t\t<\/div>\n\t\t\t\t\t<\/div>\n\t\t<\/section>\n\t\t\t\t<section class=\"elementor-section elementor-top-section elementor-element elementor-element-2f84ef40 elementor-section-full_width elementor-section-height-default elementor-section-height-default parallax_section_no qode_elementor_container_no\" data-id=\"2f84ef40\" data-element_type=\"section\" data-e-type=\"section\" data-settings=\"{&quot;background_background&quot;:&quot;classic&quot;}\">\n\t\t\t\t\t\t<div class=\"elementor-container elementor-column-gap-default\">\n\t\t\t\t\t<div class=\"elementor-column elementor-col-100 elementor-top-column elementor-element elementor-element-55596fa4\" data-id=\"55596fa4\" data-element_type=\"column\" data-e-type=\"column\">\n\t\t\t<div class=\"elementor-widget-wrap elementor-element-populated\">\n\t\t\t\t\t\t<div class=\"elementor-element elementor-element-7fbea2d elementor-widget elementor-widget-text-editor\" data-id=\"7fbea2d\" data-element_type=\"widget\" data-e-type=\"widget\" data-widget_type=\"text-editor.default\">\n\t\t\t\t<div class=\"elementor-widget-container\">\n\t\t\t\t\t\t\t\t\t<p><span style=\"font-weight: 400;\">Sin investigaci\u00f3n, no puede haber progreso. Dado que<a href=\"https:\/\/letscureacc.com\/glossaryindex\/cancer-de-las-glandulas-suprarrenales-o-carcinoma-suprarrenal\/?lang=es\"> el carcinoma adrenocortical (ACC)<\/a> es un c\u00e1ncer muy poco frecuente, cada dato cuenta. En comparaci\u00f3n con los c\u00e1nceres m\u00e1s comunes, todav\u00eda sabemos relativamente poco sobre c\u00f3mo se desarrolla el ACC o por qu\u00e9 se comporta de manera diferente de una persona a otra. <\/span><\/p><p><span style=\"font-weight: 400;\">Cada avance en la comprensi\u00f3n y el tratamiento del ACC comienza con la investigaci\u00f3n. Cada estudio, cada dato y cada experiencia compartida ayudan a m\u00e9dicos y cient\u00edficos de todo el mundo a mejorar el diagn\u00f3stico, el tratamiento y los resultados a largo plazo. Con cada ensayo cl\u00ednico, y con cada paciente que participa, nos acercamos a nuestro objetivo: convertir el ACC en una enfermedad curable. <\/span><\/p><p><span style=\"font-weight: 400;\">Gracias a la investigaci\u00f3n en curso podemos:<\/span><\/p><ul><li style=\"font-weight: 400;\" aria-level=\"1\"><span style=\"font-weight: 400;\">comprender c\u00f3mo crece y se propaga el ACC<\/span><\/li><li style=\"font-weight: 400;\" aria-level=\"1\"><span style=\"font-weight: 400;\">desarrollar tratamientos m\u00e1s eficaces y personalizados<\/span><\/li><li style=\"font-weight: 400;\" aria-level=\"1\"><span style=\"font-weight: 400;\">reducir los efectos secundarios y mejorar la calidad de vida<\/span><\/li><li style=\"font-weight: 400;\" aria-level=\"1\"><span style=\"font-weight: 400;\">aumentar la supervivencia a largo plazo y las posibilidades de curaci\u00f3n<\/span><\/li><\/ul>\t\t\t\t\t\t\t\t<\/div>\n\t\t\t\t<\/div>\n\t\t\t\t\t<\/div>\n\t\t<\/div>\n\t\t\t\t\t<\/div>\n\t\t<\/section>\n\t\t\t\t<section class=\"elementor-section elementor-top-section elementor-element elementor-element-7f7fd72 elementor-section-boxed elementor-section-height-default elementor-section-height-default parallax_section_no qode_elementor_container_no\" data-id=\"7f7fd72\" data-element_type=\"section\" data-e-type=\"section\">\n\t\t\t\t\t\t<div class=\"elementor-container elementor-column-gap-default\">\n\t\t\t\t\t<div class=\"elementor-column elementor-col-100 elementor-top-column elementor-element elementor-element-084148f\" data-id=\"084148f\" data-element_type=\"column\" data-e-type=\"column\">\n\t\t\t<div class=\"elementor-widget-wrap elementor-element-populated\">\n\t\t\t\t\t\t<div class=\"elementor-element elementor-element-86c90b1 elementor-widget elementor-widget-heading\" data-id=\"86c90b1\" data-element_type=\"widget\" data-e-type=\"widget\" data-widget_type=\"heading.default\">\n\t\t\t\t<div class=\"elementor-widget-container\">\n\t\t\t\t\t<h2 class=\"elementor-heading-title elementor-size-default\">C\u00f3mo puedes marcar la diferencia f\u00e1cilmente<\/h2>\t\t\t\t<\/div>\n\t\t\t\t<\/div>\n\t\t\t\t\t<\/div>\n\t\t<\/div>\n\t\t\t\t\t<\/div>\n\t\t<\/section>\n\t\t\t\t<section class=\"elementor-section elementor-top-section elementor-element elementor-element-bc3ab50 elementor-section-boxed elementor-section-height-default elementor-section-height-default parallax_section_no qode_elementor_container_no\" data-id=\"bc3ab50\" data-element_type=\"section\" data-e-type=\"section\">\n\t\t\t\t\t\t<div class=\"elementor-container elementor-column-gap-default\">\n\t\t\t\t\t<div class=\"elementor-column elementor-col-100 elementor-top-column elementor-element elementor-element-d8cbbb9\" data-id=\"d8cbbb9\" data-element_type=\"column\" data-e-type=\"column\">\n\t\t\t<div class=\"elementor-widget-wrap elementor-element-populated\">\n\t\t\t\t\t\t<div class=\"elementor-element elementor-element-52d9ce6 elementor-widget elementor-widget-text-editor\" data-id=\"52d9ce6\" data-element_type=\"widget\" data-e-type=\"widget\" data-widget_type=\"text-editor.default\">\n\t\t\t\t<div class=\"elementor-widget-container\">\n\t\t\t\t\t\t\t\t\t<p><span style=\"font-weight: 400;\">Puedes apoyar la investigaci\u00f3n de varias maneras sencillas pero muy valiosas. Una de las m\u00e1s importantes es participar en un  <\/span><b>registro.<\/b><br>Los registros recopilan informaci\u00f3n m\u00e9dica an\u00f3nima -como resultados de pruebas, datos de imagen y resultados de tratamientos- de personas diagnosticadas con ACC. Esto ayuda a los investigadores a identificar patrones, mejorar el diagn\u00f3stico y desarrollar tratamientos m\u00e1s eficaces.<br>Tambi\u00e9n puedes contribuir permitiendo que tus datos m\u00e9dicos an\u00f3nimos y las muestras de tejido diagn\u00f3stico sobrantes se utilicen en estudios cient\u00edficos. Esto no requiere pruebas adicionales ni visitas hospitalarias, y no afectar\u00e1 de ning\u00fan modo a tu tratamiento. Al compartir tus datos a trav\u00e9s de registros o proyectos de investigaci\u00f3n, ayudas a m\u00e9dicos y cient\u00edficos de todo el mundo a comprender mejor el ACC &#8211; y aportas esperanza a los pacientes del futuro.<\/p><p><span style=\"font-weight: 400;\">En algunos pa\u00edses ya existe un registro nacional de ACC, mientras que en otros todav\u00eda se est\u00e1 desarrollando esta estructura. Incluso si en tu pa\u00eds no existe un registro nacional, la participaci\u00f3n suele ser posible a trav\u00e9s de un registro internacional o de un centro especializado en ACC.<br>Los centros l\u00edderes en ACC conocen las iniciativas de investigaci\u00f3n actuales y pueden orientarte sobre c\u00f3mo participar o compartir tus datos. Lo mejor es comentar esto pronto con tu m\u00e9dico o con un especialista en ACC para conocer las opciones disponibles para ti.   <\/span><\/p><p><span style=\"font-weight: 400;\">Una vez que des tu consentimiento, tus datos an\u00f3nimos suelen introducirse en el registro nacional (si existe) y pueden compartirse -de forma an\u00f3nima- con uno de los dos principales registros internacionales:<\/span><\/p><ul><li style=\"font-weight: 400;\" aria-level=\"1\"><span style=\"font-weight: 400;\">La mayor\u00eda de los pa\u00edses europeos contribuyen al Registro ENS@T<\/span><\/li><li style=\"font-weight: 400;\" aria-level=\"1\"><span style=\"font-weight: 400;\">Muchos centros de Am\u00e9rica, Asia y Australia forman parte del Registro A5<\/span><\/li><\/ul><p><span style=\"font-weight: 400;\">Para m\u00e1s informaci\u00f3n, consulta a continuaci\u00f3n.<\/span><\/p><p> <\/p>\t\t\t\t\t\t\t\t<\/div>\n\t\t\t\t<\/div>\n\t\t\t\t\t<\/div>\n\t\t<\/div>\n\t\t\t\t\t<\/div>\n\t\t<\/section>\n\t\t\t\t<section class=\"elementor-section elementor-top-section elementor-element elementor-element-e376d21 elementor-section-boxed elementor-section-height-default elementor-section-height-default parallax_section_no qode_elementor_container_no\" data-id=\"e376d21\" data-element_type=\"section\" data-e-type=\"section\">\n\t\t\t\t\t\t<div class=\"elementor-container elementor-column-gap-default\">\n\t\t\t\t\t<div class=\"elementor-column elementor-col-100 elementor-top-column elementor-element elementor-element-1798503\" data-id=\"1798503\" data-element_type=\"column\" data-e-type=\"column\">\n\t\t\t<div class=\"elementor-widget-wrap elementor-element-populated\">\n\t\t\t\t\t\t<div class=\"elementor-element elementor-element-6a00ec0 elementor-widget elementor-widget-heading\" data-id=\"6a00ec0\" data-element_type=\"widget\" data-e-type=\"widget\" data-widget_type=\"heading.default\">\n\t\t\t\t<div class=\"elementor-widget-container\">\n\t\t\t\t\t<h2 class=\"elementor-heading-title elementor-size-default\">Ensayos cl\u00ednicos: acceso a nuevas opciones de tratamiento\n<\/h2>\t\t\t\t<\/div>\n\t\t\t\t<\/div>\n\t\t\t\t\t<\/div>\n\t\t<\/div>\n\t\t\t\t\t<\/div>\n\t\t<\/section>\n\t\t\t\t<section class=\"elementor-section elementor-top-section elementor-element elementor-element-f1669b7 elementor-section-boxed elementor-section-height-default elementor-section-height-default parallax_section_no qode_elementor_container_no\" data-id=\"f1669b7\" data-element_type=\"section\" data-e-type=\"section\">\n\t\t\t\t\t\t<div class=\"elementor-container elementor-column-gap-default\">\n\t\t\t\t\t<div class=\"elementor-column elementor-col-100 elementor-top-column elementor-element elementor-element-3decf31\" data-id=\"3decf31\" data-element_type=\"column\" data-e-type=\"column\">\n\t\t\t<div class=\"elementor-widget-wrap elementor-element-populated\">\n\t\t\t\t\t\t<div class=\"elementor-element elementor-element-cf06700 elementor-widget elementor-widget-text-editor\" data-id=\"cf06700\" data-element_type=\"widget\" data-e-type=\"widget\" data-widget_type=\"text-editor.default\">\n\t\t\t\t<div class=\"elementor-widget-container\">\n\t\t\t\t\t\t\t\t\t<p>Si vives con ACC, es posible que te inviten a participar en un ensayo cl\u00ednico.<br>Los ensayos cl\u00ednicos prueban nuevas terapias prometedoras bajo una estrecha supervisi\u00f3n m\u00e9dica. La participaci\u00f3n es siempre voluntaria, y recibir\u00e1s informaci\u00f3n detallada sobre los posibles beneficios, riesgos y alternativas.<br>Estos estudios facilitan el camino hacia la pr\u00f3xima generaci\u00f3n de tratamientos para el ACC &#8211; y cada participante contribuye a hacer avanzar este campo.<br>En los siguientes sitios puedes encontrar ensayos cl\u00ednicos sobre ACC planificados, en curso o finalizados, al menos en Europa y Estados Unidos. Pregunta a tu m\u00e9dico si existe alg\u00fan ensayo disponible para ti.<\/p><ul><li style=\"font-weight: 400;\" aria-level=\"1\"><span style=\"font-weight: 400;\"><a href=\"https:\/\/www.clinicaltrialsregister.eu\/ctr-search\/search\">Registro Europeo de Ensayos Cl\u00ednicos<\/a><\/span><span style=\"font-weight: 400;\"> <\/span><\/li><li style=\"font-weight: 400;\" aria-level=\"1\"><span style=\"font-weight: 400;\"><a href=\"https:\/\/clinicaltrials.gov\">Registro estadounidense (NIH Clinical Trials)<\/a> <\/span><\/li><\/ul><p> <\/p>\t\t\t\t\t\t\t\t<\/div>\n\t\t\t\t<\/div>\n\t\t\t\t\t<\/div>\n\t\t<\/div>\n\t\t\t\t\t<\/div>\n\t\t<\/section>\n\t\t\t\t<section class=\"elementor-section elementor-top-section elementor-element elementor-element-da65bba elementor-section-boxed elementor-section-height-default elementor-section-height-default parallax_section_no qode_elementor_container_no\" data-id=\"da65bba\" data-element_type=\"section\" data-e-type=\"section\">\n\t\t\t\t\t\t<div class=\"elementor-container elementor-column-gap-default\">\n\t\t\t\t\t<div class=\"elementor-column elementor-col-100 elementor-top-column elementor-element elementor-element-c789827\" data-id=\"c789827\" data-element_type=\"column\" data-e-type=\"column\">\n\t\t\t<div class=\"elementor-widget-wrap elementor-element-populated\">\n\t\t\t\t\t\t<div class=\"elementor-element elementor-element-fcac1fc elementor-widget elementor-widget-heading\" data-id=\"fcac1fc\" data-element_type=\"widget\" data-e-type=\"widget\" data-widget_type=\"heading.default\">\n\t\t\t\t<div class=\"elementor-widget-container\">\n\t\t\t\t\t<h2 class=\"elementor-heading-title elementor-size-default\">Medicina personalizada: un tratamiento adaptado a ti\n<\/h2>\t\t\t\t<\/div>\n\t\t\t\t<\/div>\n\t\t\t\t\t<\/div>\n\t\t<\/div>\n\t\t\t\t\t<\/div>\n\t\t<\/section>\n\t\t\t\t<section class=\"elementor-section elementor-top-section elementor-element elementor-element-c691034 elementor-section-boxed elementor-section-height-default elementor-section-height-default parallax_section_no qode_elementor_container_no\" data-id=\"c691034\" data-element_type=\"section\" data-e-type=\"section\">\n\t\t\t\t\t\t<div class=\"elementor-container elementor-column-gap-default\">\n\t\t\t\t\t<div class=\"elementor-column elementor-col-100 elementor-top-column elementor-element elementor-element-cb73338\" data-id=\"cb73338\" data-element_type=\"column\" data-e-type=\"column\">\n\t\t\t<div class=\"elementor-widget-wrap elementor-element-populated\">\n\t\t\t\t\t\t<div class=\"elementor-element elementor-element-d1efb44 elementor-widget elementor-widget-text-editor\" data-id=\"d1efb44\" data-element_type=\"widget\" data-e-type=\"widget\" data-widget_type=\"text-editor.default\">\n\t\t\t\t<div class=\"elementor-widget-container\">\n\t\t\t\t\t\t\t\t\t<p><span style=\"font-weight: 400;\">La investigaci\u00f3n moderna se centra en los an\u00e1lisis moleculares y gen\u00e9ticos. Estos estudios demuestran que cada tumor de ACC es \u00fanico &#8211; y que el tratamiento puede adaptarse mejor cuando se conocen sus caracter\u00edsticas espec\u00edficas.<br>Para los pacientes, por eso las pruebas gen\u00e9ticas pueden ser \u00fatiles. Analizando tanto el perfil gen\u00e9tico del tumor como, en algunos casos, los genes del propio paciente, los m\u00e9dicos pueden identificar si ciertas mutaciones han causado el c\u00e1ncer o pueden influir en las decisiones de tratamiento. En algunas familias, estos hallazgos tambi\u00e9n pueden ayudar a detectar s\u00edndromes hereditarios (como el s\u00edndrome de Li-Fraumeni) que requieren un seguimiento m\u00e1s estrecho.<br>Esta es la base de la medicina personalizada &#8211; en la que la terapia se dise\u00f1a en torno a ti, no solo a tu diagn\u00f3stico. Es posible que no est\u00e9 disponible en todas partes, pero no dudes en preguntar si podr\u00eda ser una opci\u00f3n para ti.<br>      <\/span><\/p>\t\t\t\t\t\t\t\t<\/div>\n\t\t\t\t<\/div>\n\t\t\t\t\t<\/div>\n\t\t<\/div>\n\t\t\t\t\t<\/div>\n\t\t<\/section>\n\t\t\t\t<section class=\"elementor-section elementor-top-section elementor-element elementor-element-df369f7 elementor-section-full_width elementor-section-height-default elementor-section-height-default parallax_section_no qode_elementor_container_no\" data-id=\"df369f7\" data-element_type=\"section\" data-e-type=\"section\" data-settings=\"{&quot;background_background&quot;:&quot;classic&quot;}\">\n\t\t\t\t\t\t<div class=\"elementor-container elementor-column-gap-default\">\n\t\t\t\t\t<div class=\"elementor-column elementor-col-100 elementor-top-column elementor-element elementor-element-29342f2\" data-id=\"29342f2\" data-element_type=\"column\" data-e-type=\"column\">\n\t\t\t<div class=\"elementor-widget-wrap elementor-element-populated\">\n\t\t\t\t\t\t<div class=\"elementor-element elementor-element-8407f1b elementor-widget elementor-widget-heading\" data-id=\"8407f1b\" data-element_type=\"widget\" data-e-type=\"widget\" data-widget_type=\"heading.default\">\n\t\t\t\t<div class=\"elementor-widget-container\">\n\t\t\t\t\t<h2 class=\"elementor-heading-title elementor-size-default\">Trabajar juntos m\u00e1s all\u00e1 de las fronteras\n<\/h2>\t\t\t\t<\/div>\n\t\t\t\t<\/div>\n\t\t\t\t\t<\/div>\n\t\t<\/div>\n\t\t\t\t\t<\/div>\n\t\t<\/section>\n\t\t\t\t<section class=\"elementor-section elementor-top-section elementor-element elementor-element-e1c37f8 elementor-section-boxed elementor-section-height-default elementor-section-height-default parallax_section_no qode_elementor_container_no\" data-id=\"e1c37f8\" data-element_type=\"section\" data-e-type=\"section\">\n\t\t\t\t\t\t<div class=\"elementor-container elementor-column-gap-default\">\n\t\t\t\t\t<div class=\"elementor-column elementor-col-100 elementor-top-column elementor-element elementor-element-2ce492c\" data-id=\"2ce492c\" data-element_type=\"column\" data-e-type=\"column\">\n\t\t\t<div class=\"elementor-widget-wrap elementor-element-populated\">\n\t\t\t\t\t\t<div class=\"elementor-element elementor-element-4f5bff0 elementor-widget elementor-widget-text-editor\" data-id=\"4f5bff0\" data-element_type=\"widget\" data-e-type=\"widget\" data-widget_type=\"text-editor.default\">\n\t\t\t\t<div class=\"elementor-widget-container\">\n\t\t\t\t\t\t\t\t\t<p>Como el ACC es una enfermedad rara, ning\u00fan pa\u00eds u hospital puede reunir suficientes datos por s\u00ed solo.<br>Por eso la colaboraci\u00f3n internacional es esencial. Existen dos grandes redes internacionales que trabajan estrechamente en estudios y ensayos cl\u00ednicos:<\/p><ul><li style=\"font-weight: 400;\" aria-level=\"1\">La Red Europea para el Estudio de los Tumores Adrenales (ENS@T) conecta a investigadores y m\u00e9dicos de todo el mundo para compartir conocimientos y acelerar los descubrimientos &#8211; de modo que los nuevos avances lleguen antes a los pacientes.<br>M\u00e1s informaci\u00f3n en<span style=\"font-weight: 400;\"> ENS@T (<\/span><a href=\"https:\/\/ensat.wildapricot.org\"><span style=\"font-weight: 400;\"><strong>https:\/\/ensat.wildapricot.org<\/strong><\/span><\/a><span style=\"font-weight: 400;\">) o por correo electr\u00f3nico <a href=\"mailto:%20ensatweb@gmail.com\">email<\/a><\/span><span style=\"font-weight: 400;\">. <\/span> <\/li><li style=\"font-weight: 400;\" aria-level=\"1\">La Alianza Adrenal Americana-Australiana-Asi\u00e1tica (A5) es una red internacional en expansi\u00f3n que re\u00fane a m\u00e1s de 50 instituciones acad\u00e9micas y m\u00e9dicas l\u00edderes, unidas por una misi\u00f3n com\u00fan: impulsar el progreso en la investigaci\u00f3n de los trastornos adrenales. M\u00e1s informaci\u00f3n en <span style=\"font-weight: 400;\">A5 (<\/span><a href=\"https:\/\/a5adrenal.org\"><span style=\"font-weight: 400;\"><strong>https:\/\/a5adrenal.org<\/strong><\/span><\/a><span style=\"font-weight: 400;\">) o por correo electr\u00f3nico <a href=\"mailto:%20secretary@a5adrenal.org\">email.<\/a><\/span><\/li><\/ul><p><span style=\"font-weight: 400;\">Tambi\u00e9n existen dos grandes redes que colaboran en el ACC pedi\u00e1trico. Recopilan y comparten datos para comprender mejor la enfermedad y avanzar hacia una cura.<br>Para m\u00e1s informaci\u00f3n, haz clic <\/span><span style=\"font-weight: 400;\"><strong><a href=\"https:\/\/letscureacc.com\/carcinoma-cortical-suprarrenal-en-ninos-y-adolescentes\/?lang=es\">aqui<\/a><\/strong>.<\/span><\/p>\t\t\t\t\t\t\t\t<\/div>\n\t\t\t\t<\/div>\n\t\t\t\t\t<\/div>\n\t\t<\/div>\n\t\t\t\t\t<\/div>\n\t\t<\/section>\n\t\t\t\t<\/div>\n\t\t","protected":false},"excerpt":{"rendered":"<p>Por qu\u00e9 la investigaci\u00f3n sobre el ACC es importante para los pacientes Sin investigaci\u00f3n, no puede haber progreso. Dado que el carcinoma adrenocortical (ACC) es un c\u00e1ncer muy poco frecuente, cada dato cuenta. En comparaci\u00f3n con los c\u00e1nceres m\u00e1s comunes, todav\u00eda sabemos relativamente poco sobre&#8230;<\/p>\n","protected":false},"author":416,"featured_media":0,"parent":0,"menu_order":0,"comment_status":"closed","ping_status":"closed","template":"full_width.php","meta":{"give_campaign_id":0,"inline_featured_image":false,"footnotes":""},"class_list":["post-9965","page","type-page","status-publish","hentry"],"campaignId":"","_links":{"self":[{"href":"https:\/\/letscureacc.com\/es\/wp-json\/wp\/v2\/pages\/9965","targetHints":{"allow":["GET"]}}],"collection":[{"href":"https:\/\/letscureacc.com\/es\/wp-json\/wp\/v2\/pages"}],"about":[{"href":"https:\/\/letscureacc.com\/es\/wp-json\/wp\/v2\/types\/page"}],"author":[{"embeddable":true,"href":"https:\/\/letscureacc.com\/es\/wp-json\/wp\/v2\/users\/416"}],"replies":[{"embeddable":true,"href":"https:\/\/letscureacc.com\/es\/wp-json\/wp\/v2\/comments?post=9965"}],"version-history":[{"count":0,"href":"https:\/\/letscureacc.com\/es\/wp-json\/wp\/v2\/pages\/9965\/revisions"}],"wp:attachment":[{"href":"https:\/\/letscureacc.com\/es\/wp-json\/wp\/v2\/media?parent=9965"}],"curies":[{"name":"wp","href":"https:\/\/api.w.org\/{rel}","templated":true}]}}