{"id":10116,"date":"2026-01-15T11:56:53","date_gmt":"2026-01-15T10:56:53","guid":{"rendered":"https:\/\/letscureacc.com\/faire-un-don\/"},"modified":"2026-01-15T17:51:13","modified_gmt":"2026-01-15T16:51:13","slug":"faire-un-don","status":"publish","type":"page","link":"https:\/\/letscureacc.com\/fr\/faire-un-don\/","title":{"rendered":"Faire un don"},"content":{"rendered":"\t\t<div data-elementor-type=\"wp-page\" data-elementor-id=\"10116\" class=\"elementor elementor-10116 elementor-9917\">\n\t\t\t\t\t\t<section class=\"elementor-section elementor-top-section elementor-element elementor-element-76fe639 elementor-section-boxed elementor-section-height-default elementor-section-height-default parallax_section_no qode_elementor_container_no\" data-id=\"76fe639\" data-element_type=\"section\" data-e-type=\"section\">\n\t\t\t\t\t\t<div class=\"elementor-container elementor-column-gap-default\">\n\t\t\t\t\t<div class=\"elementor-column elementor-col-100 elementor-top-column elementor-element elementor-element-2d0218a\" data-id=\"2d0218a\" data-element_type=\"column\" data-e-type=\"column\">\n\t\t\t<div class=\"elementor-widget-wrap elementor-element-populated\">\n\t\t\t\t\t\t<div class=\"elementor-element elementor-element-35f5f32 elementor-widget elementor-widget-text-editor\" data-id=\"35f5f32\" data-element_type=\"widget\" data-e-type=\"widget\" data-widget_type=\"text-editor.default\">\n\t\t\t\t<div class=\"elementor-widget-container\">\n\t\t\t\t\t\t\t\t\t<p><span style=\"font-weight: 400;\">Nous sommes conscients du fardeau financier que le corticosurr\u00e9nalome entra\u00eene, c\u2019est pourquoi nous maintenons une contribution symbolique. Nous sugg\u00e9rons et<\/span><b>appr\u00e9cierons un don de 20 \u20ac<\/b><span style=\"font-weight: 400;\">, mais vous \u00eates libre de donner le montant qui vous semble juste \u2014 qu\u2019il soit sup\u00e9rieur ou inf\u00e9rieur. Chaque contribution compte, que vous soyez patient, aidant, membre de la famille, ami ou professionnel de sant\u00e9.<\/span><\/p><p><span style=\"font-weight: 400;\">Choisissez le montant que vous souhaitez donner \u2013<\/span><b> nous sugg\u00e9rons 20 \u20ac, mais toute contribution est la bienvenue<\/b><span style=\"font-weight: 400;\">. Vous serez ensuite redirig\u00e9 vers le site s\u00e9curis\u00e9 de paiement PayPal pour proc\u00e9der au r\u00e8glement. Il n\u2019y a pas de renouvellement automatique des frais d\u2019adh\u00e9sion.<\/span><\/p>\t\t\t\t\t\t\t\t<\/div>\n\t\t\t\t<\/div>\n\t\t\t\t\t<\/div>\n\t\t<\/div>\n\t\t\t\t\t<\/div>\n\t\t<\/section>\n\t\t\t\t<section class=\"elementor-section elementor-top-section elementor-element elementor-element-b239d0c elementor-section-boxed elementor-section-height-default elementor-section-height-default parallax_section_no qode_elementor_container_no\" data-id=\"b239d0c\" data-element_type=\"section\" data-e-type=\"section\">\n\t\t\t\t\t\t<div class=\"elementor-container elementor-column-gap-default\">\n\t\t\t\t\t<div class=\"elementor-column elementor-col-100 elementor-top-column elementor-element elementor-element-f90b73d\" data-id=\"f90b73d\" data-element_type=\"column\" data-e-type=\"column\">\n\t\t\t<div class=\"elementor-widget-wrap elementor-element-populated\">\n\t\t\t\t\t\t<div class=\"elementor-element elementor-element-3bb3a78 elementor-widget elementor-widget-shortcode\" data-id=\"3bb3a78\" data-element_type=\"widget\" data-e-type=\"widget\" id=\"donaitionForm\" data-widget_type=\"shortcode.default\">\n\t\t\t\t<div class=\"elementor-widget-container\">\n\t\t\t\t\t\t\t<div class=\"elementor-shortcode\"><div class='root-data-givewp-embed' data-form-locale='fr_FR' data-form-url='https:\/\/letscureacc.com\/?post_type=give_forms&#038;p=9915' data-form-view-url='https:\/\/letscureacc.com\/fr\/?givewp-route=donation-form-view&form-id=9915' data-src='https:\/\/letscureacc.com\/fr\/?givewp-route=donation-form-view&form-id=9915' data-givewp-embed-id='give-form-shortcode-1' data-form-format='' data-open-form-button='Faire un don maintenant' style='--givewp-primary-color: #27ae60; --givewp-secondary-color: #9b51e0;'><\/div><\/div>\n\t\t\t\t\t\t<\/div>\n\t\t\t\t<\/div>\n\t\t\t\t\t<\/div>\n\t\t<\/div>\n\t\t\t\t\t<\/div>\n\t\t<\/section>\n\t\t\t\t<\/div>\n\t\t","protected":false},"excerpt":{"rendered":"<p>Nous sommes conscients du fardeau financier que le corticosurr\u00e9nalome entra\u00eene, c\u2019est pourquoi nous maintenons une contribution symbolique. Nous sugg\u00e9rons etappr\u00e9cierons un don de 20 \u20ac, mais vous \u00eates libre de donner le montant qui vous semble juste \u2014 qu\u2019il soit sup\u00e9rieur ou inf\u00e9rieur. Chaque contribution&#8230;<\/p>\n","protected":false},"author":507,"featured_media":0,"parent":0,"menu_order":0,"comment_status":"closed","ping_status":"closed","template":"","meta":{"give_campaign_id":0,"inline_featured_image":false,"footnotes":""},"class_list":["post-10116","page","type-page","status-publish","hentry"],"campaignId":"","_links":{"self":[{"href":"https:\/\/letscureacc.com\/fr\/wp-json\/wp\/v2\/pages\/10116","targetHints":{"allow":["GET"]}}],"collection":[{"href":"https:\/\/letscureacc.com\/fr\/wp-json\/wp\/v2\/pages"}],"about":[{"href":"https:\/\/letscureacc.com\/fr\/wp-json\/wp\/v2\/types\/page"}],"author":[{"embeddable":true,"href":"https:\/\/letscureacc.com\/fr\/wp-json\/wp\/v2\/users\/507"}],"replies":[{"embeddable":true,"href":"https:\/\/letscureacc.com\/fr\/wp-json\/wp\/v2\/comments?post=10116"}],"version-history":[{"count":5,"href":"https:\/\/letscureacc.com\/fr\/wp-json\/wp\/v2\/pages\/10116\/revisions"}],"predecessor-version":[{"id":10167,"href":"https:\/\/letscureacc.com\/fr\/wp-json\/wp\/v2\/pages\/10116\/revisions\/10167"}],"wp:attachment":[{"href":"https:\/\/letscureacc.com\/fr\/wp-json\/wp\/v2\/media?parent=10116"}],"curies":[{"name":"wp","href":"https:\/\/api.w.org\/{rel}","templated":true}]}}