{"id":3514,"date":"2021-11-26T13:47:50","date_gmt":"2021-11-26T12:47:50","guid":{"rendered":"https:\/\/letscureacc.com\/?page_id=3514"},"modified":"2024-07-11T11:10:43","modified_gmt":"2024-07-11T09:10:43","slug":"disclaimer-french","status":"publish","type":"page","link":"https:\/\/letscureacc.com\/fr\/disclaimer-french\/","title":{"rendered":"Clause de non-responsabilit\u00e9"},"content":{"rendered":"\t\t<div data-elementor-type=\"wp-page\" data-elementor-id=\"3514\" class=\"elementor elementor-3514 elementor-2255\">\n\t\t\t\t\t\t<section class=\"elementor-section elementor-top-section elementor-element elementor-element-7b36cf9 elementor-section-boxed elementor-section-height-default elementor-section-height-default parallax_section_no qode_elementor_container_no\" data-id=\"7b36cf9\" data-element_type=\"section\" data-e-type=\"section\">\n\t\t\t\t\t\t<div class=\"elementor-container elementor-column-gap-default\">\n\t\t\t\t\t<div class=\"elementor-column elementor-col-100 elementor-top-column elementor-element elementor-element-9492b56\" data-id=\"9492b56\" data-element_type=\"column\" data-e-type=\"column\">\n\t\t\t<div class=\"elementor-widget-wrap elementor-element-populated\">\n\t\t\t\t\t\t<section class=\"elementor-section elementor-inner-section elementor-element elementor-element-ab0ade8 elementor-section-boxed elementor-section-height-default elementor-section-height-default parallax_section_no qode_elementor_container_no\" data-id=\"ab0ade8\" data-element_type=\"section\" data-e-type=\"section\">\n\t\t\t\t\t\t<div class=\"elementor-container elementor-column-gap-default\">\n\t\t\t\t\t<div class=\"elementor-column elementor-col-100 elementor-inner-column elementor-element elementor-element-943c94a\" data-id=\"943c94a\" data-element_type=\"column\" data-e-type=\"column\">\n\t\t\t<div class=\"elementor-widget-wrap elementor-element-populated\">\n\t\t\t\t\t\t<div class=\"elementor-element elementor-element-a3f6b8b elementor-widget elementor-widget-text-editor\" data-id=\"a3f6b8b\" data-element_type=\"widget\" data-e-type=\"widget\" data-widget_type=\"text-editor.default\">\n\t\t\t\t<div class=\"elementor-widget-container\">\n\t\t\t\t\t\t\t\t\t<h2 style=\"text-align: center;\">Clause de non-responsabilit\u00e9<\/h2>\n<p>Let&rsquo;s Cure ACC n&rsquo;est en rien un site m\u00e9dical, d\u00e9nie toute autorit\u00e9 m\u00e9dicale et ne revendique aucune connaissance m\u00e9dicale. Let&rsquo;s Cure ACC n&rsquo;est pas destin\u00e9e \u00e0 traiter, diagnostiquer ou se substituer \u00e0 un avis m\u00e9dical. Demandez imp\u00e9rativement l&rsquo;avis de votre m\u00e9decin ou autre professionnel de sant\u00e9 qualifi\u00e9 concernant votre sant\u00e9, et tout traitement ou m\u00e9dicament.<\/p>\n\t\t\t\t\t\t\t\t<\/div>\n\t\t\t\t<\/div>\n\t\t\t\t\t<\/div>\n\t\t<\/div>\n\t\t\t\t\t<\/div>\n\t\t<\/section>\n\t\t\t\t\t<\/div>\n\t\t<\/div>\n\t\t\t\t\t<\/div>\n\t\t<\/section>\n\t\t\t\t<\/div>\n\t\t","protected":false},"excerpt":{"rendered":"<p>Clause de non-responsabilit\u00e9 Let&rsquo;s Cure ACC n&rsquo;est en rien un site m\u00e9dical, d\u00e9nie toute autorit\u00e9 m\u00e9dicale et ne revendique aucune connaissance m\u00e9dicale. Let&rsquo;s Cure ACC n&rsquo;est pas destin\u00e9e \u00e0 traiter, diagnostiquer ou se substituer \u00e0 un avis m\u00e9dical. Demandez imp\u00e9rativement l&rsquo;avis de votre m\u00e9decin ou&#8230;<\/p>\n","protected":false},"author":416,"featured_media":0,"parent":0,"menu_order":0,"comment_status":"closed","ping_status":"closed","template":"","meta":{"give_campaign_id":0,"inline_featured_image":false,"footnotes":""},"class_list":["post-3514","page","type-page","status-publish","hentry"],"campaignId":"","_links":{"self":[{"href":"https:\/\/letscureacc.com\/fr\/wp-json\/wp\/v2\/pages\/3514","targetHints":{"allow":["GET"]}}],"collection":[{"href":"https:\/\/letscureacc.com\/fr\/wp-json\/wp\/v2\/pages"}],"about":[{"href":"https:\/\/letscureacc.com\/fr\/wp-json\/wp\/v2\/types\/page"}],"author":[{"embeddable":true,"href":"https:\/\/letscureacc.com\/fr\/wp-json\/wp\/v2\/users\/416"}],"replies":[{"embeddable":true,"href":"https:\/\/letscureacc.com\/fr\/wp-json\/wp\/v2\/comments?post=3514"}],"version-history":[{"count":0,"href":"https:\/\/letscureacc.com\/fr\/wp-json\/wp\/v2\/pages\/3514\/revisions"}],"wp:attachment":[{"href":"https:\/\/letscureacc.com\/fr\/wp-json\/wp\/v2\/media?parent=3514"}],"curies":[{"name":"wp","href":"https:\/\/api.w.org\/{rel}","templated":true}]}}