{"id":3521,"date":"2021-11-26T14:05:44","date_gmt":"2021-11-26T13:05:44","guid":{"rendered":"https:\/\/letscureacc.com\/?page_id=3521"},"modified":"2022-03-24T21:41:21","modified_gmt":"2022-03-24T20:41:21","slug":"a-propos-de-nous","status":"publish","type":"page","link":"https:\/\/letscureacc.com\/fr\/a-propos-de-nous\/","title":{"rendered":"\u00c0 PROPOS DE NOUS"},"content":{"rendered":"\t\t<div data-elementor-type=\"wp-page\" data-elementor-id=\"3521\" class=\"elementor elementor-3521 elementor-1602\">\n\t\t\t\t\t\t<section class=\"elementor-section elementor-top-section elementor-element elementor-element-2f84ef40 elementor-section-full_width elementor-section-height-default elementor-section-height-default parallax_section_no qode_elementor_container_no\" data-id=\"2f84ef40\" data-element_type=\"section\" data-e-type=\"section\" data-settings=\"{&quot;background_background&quot;:&quot;classic&quot;}\">\n\t\t\t\t\t\t<div class=\"elementor-container elementor-column-gap-default\">\n\t\t\t\t\t<div class=\"elementor-column elementor-col-100 elementor-top-column elementor-element elementor-element-55596fa4\" data-id=\"55596fa4\" data-element_type=\"column\" data-e-type=\"column\">\n\t\t\t<div class=\"elementor-widget-wrap elementor-element-populated\">\n\t\t\t\t\t\t<section class=\"elementor-section elementor-inner-section elementor-element elementor-element-29ecc4a elementor-section-boxed elementor-section-height-default elementor-section-height-default parallax_section_no qode_elementor_container_no\" data-id=\"29ecc4a\" data-element_type=\"section\" data-e-type=\"section\">\n\t\t\t\t\t\t<div class=\"elementor-container elementor-column-gap-default\">\n\t\t\t\t\t<div class=\"elementor-column elementor-col-100 elementor-inner-column elementor-element elementor-element-3037675\" data-id=\"3037675\" data-element_type=\"column\" data-e-type=\"column\">\n\t\t\t<div class=\"elementor-widget-wrap elementor-element-populated\">\n\t\t\t\t\t\t<div class=\"elementor-element elementor-element-a955285 elementor-widget elementor-widget-heading\" data-id=\"a955285\" data-element_type=\"widget\" data-e-type=\"widget\" data-widget_type=\"heading.default\">\n\t\t\t\t<div class=\"elementor-widget-container\">\n\t\t\t\t\t<h2 class=\"elementor-heading-title elementor-size-default\">UN CANCER RARE A BESOIN D'UNE COMMUNAUT\u00c9 INTERNATIONALE SOUD\u00c9E<\/h2>\t\t\t\t<\/div>\n\t\t\t\t<\/div>\n\t\t\t\t<div class=\"elementor-element elementor-element-180ecef elementor-widget elementor-widget-spacer\" data-id=\"180ecef\" data-element_type=\"widget\" data-e-type=\"widget\" data-widget_type=\"spacer.default\">\n\t\t\t\t<div class=\"elementor-widget-container\">\n\t\t\t\t\t\t\t<div class=\"elementor-spacer\">\n\t\t\t<div class=\"elementor-spacer-inner\"><\/div>\n\t\t<\/div>\n\t\t\t\t\t\t<\/div>\n\t\t\t\t<\/div>\n\t\t\t\t\t<\/div>\n\t\t<\/div>\n\t\t\t\t\t<\/div>\n\t\t<\/section>\n\t\t\t\t<section class=\"elementor-section elementor-inner-section elementor-element elementor-element-da1aa8c elementor-section-boxed elementor-section-height-default elementor-section-height-default parallax_section_no qode_elementor_container_no\" data-id=\"da1aa8c\" data-element_type=\"section\" data-e-type=\"section\">\n\t\t\t\t\t\t<div class=\"elementor-container elementor-column-gap-extended\">\n\t\t\t\t\t<div class=\"elementor-column elementor-col-50 elementor-inner-column elementor-element elementor-element-4578347\" data-id=\"4578347\" data-element_type=\"column\" data-e-type=\"column\">\n\t\t\t<div class=\"elementor-widget-wrap elementor-element-populated\">\n\t\t\t\t\t\t<div class=\"elementor-element elementor-element-c72df8a elementor-widget elementor-widget-text-editor\" data-id=\"c72df8a\" data-element_type=\"widget\" data-e-type=\"widget\" data-widget_type=\"text-editor.default\">\n\t\t\t\t<div class=\"elementor-widget-container\">\n\t\t\t\t\t\t\t\t\t<p><strong>\u00ab\u00a0Vous \u00eates LA personne, parmi un million d&rsquo;individus par an, avec un corticosurr\u00e9nalome, cette maladie orpheline\u00a0\u00bb <\/strong>: chaque patient, face \u00e0 un corticosurr\u00e9nalome (le terme m\u00e9dical \u00e9tant Adrenocortical Carcinoma) a entendu au moins une fois ces mots !<\/p><p><span style=\"font-weight: 400;\">Le <a href=\"https:\/\/lcacc.wpengine.com\/glossary\/corticosurrenalome-adrenocortical-carcinoma\/?lang=fr\">corticosurr\u00e9nalome<\/a> est un cancer rare. Les premiers mots que vous pourrez lire en faisant quelques recherches, ne sont pas tr\u00e8s rassurants : \u00e0 savoir le plus souvent \u00ab\u00a0rare\u00a0\u00bb, \u00ab\u00a0agressif\u00a0\u00bb avec \u00ab\u00a0une faible esp\u00e9rance de survie\u00a0\u00bb&#8230;<\/span><\/p><p>Cela dit, ceci ne signifie pas que vous devez rester passif \u00e0 attendre que la maladie s&rsquo;installe, \u00e9volue et s&rsquo;aggrave. Quelque soit le degr\u00e9 de votre maladie, vous devez vous battre et si vous avez besoin d&rsquo;en parler et de partager, <strong>ce site est l\u00e0 pour vous en donner les moyens.<\/strong> Nous n&rsquo;avons pas toutes les r\u00e9ponses, surtout nous ne pouvons, et ne voulons pas nous subsistuer \u00e0 vos m\u00e9decins, mais, nous pouvons vous aider \u00e0 vous poser les bonnes questions, et, plus important encore, <strong>vous apporter toute l&rsquo;information n\u00e9cessaire pour devenir votre propre porte-parole ! <\/strong><\/p><p>Certains d&rsquo;entre nous sont parfois le (la) seul.e patient.e, ou presque, dans leur pays, ce qui explique le besoin de cr\u00e9er <strong>un r\u00e9seau international pour offrir information et soutien.<\/strong> Le manque d&rsquo;informations et d&rsquo;experts sur le sujet cr\u00e9e plus d&rsquo;anxi\u00e9t\u00e9 que cela ne devrait, ouvrant la porte \u00e0 de nombreuses questions sur les soins, le futur, la qualit\u00e9 de vie, nos chances de survie ou comment affronter le diagnostic (\u00e0 court et moyen terme). C&rsquo;est la raison pour laquelle nous avons cr\u00e9\u00e9 cette association, afin que vous puissiez trouver <strong>des personnes dans la m\u00eame situation qui se posent exactement les m\u00eames questions<\/strong>. Nous souhaitons que vous sachiez que vous n&rsquo;\u00eates pas seul.e et avez, vous aussi, un groupe de soutien.<\/p>\t\t\t\t\t\t\t\t<\/div>\n\t\t\t\t<\/div>\n\t\t\t\t<div class=\"elementor-element elementor-element-8e0a1a5 elementor-widget elementor-widget-text-editor\" data-id=\"8e0a1a5\" data-element_type=\"widget\" data-e-type=\"widget\" data-widget_type=\"text-editor.default\">\n\t\t\t\t<div class=\"elementor-widget-container\">\n\t\t\t\t\t\t\t\t\t<h2>\u00ab\u00a0VOUS \u00caTES LA PERSONNE, PARMI UN MILLION D&rsquo;INDIVIDUS PAR AN, AVEC UN CORTICOSURR\u00c9NALOME, CETTE MALADIE ORPHELINE.\u00a0\u00bb<\/h2>\t\t\t\t\t\t\t\t<\/div>\n\t\t\t\t<\/div>\n\t\t\t\t\t<\/div>\n\t\t<\/div>\n\t\t\t\t<div class=\"elementor-column elementor-col-50 elementor-inner-column elementor-element elementor-element-916ce81\" data-id=\"916ce81\" data-element_type=\"column\" data-e-type=\"column\">\n\t\t\t<div class=\"elementor-widget-wrap elementor-element-populated\">\n\t\t\t\t\t\t<div class=\"elementor-element elementor-element-157c0ee elementor-widget elementor-widget-text-editor\" data-id=\"157c0ee\" data-element_type=\"widget\" data-e-type=\"widget\" data-widget_type=\"text-editor.default\">\n\t\t\t\t<div class=\"elementor-widget-container\">\n\t\t\t\t\t\t\t\t\t<h4 style=\"text-align: center;\">CE SITE INTERNET EST DESTIN\u00c9 \u00c0 \u00caTRE UN OUTIL POUR LES PATIENTS ET LEURS AIDANTS POUR :<\/h4><div><ul><li>Trouver de l&rsquo;information sur la maladie.<\/li><li>Trouver d&rsquo;autres patients \u00e0 travers le monde, poser des questions et obtenir des conseils&#8230;<\/li><li>Plus important encore, trouver des r\u00e9ponses ! Conna\u00eetre les experts m\u00e9dicaux proche de vous avec les informations pour les contacter.<\/li><li>Dans le futur, aider les m\u00e9decins \u00e0 obtenir une base d&rsquo;\u00e9tude plus large pour la recherche dans le but de trouver de meilleurs traitements pour notre rare cancer.<\/li><\/ul><\/div>\t\t\t\t\t\t\t\t<\/div>\n\t\t\t\t<\/div>\n\t\t\t\t<div class=\"elementor-element elementor-element-0119b7a elementor-widget elementor-widget-text-editor\" data-id=\"0119b7a\" data-element_type=\"widget\" data-e-type=\"widget\" data-widget_type=\"text-editor.default\">\n\t\t\t\t<div class=\"elementor-widget-container\">\n\t\t\t\t\t\t\t\t\t<p>Veuillez<strong> ne pas oublier que nous ne sommes pas docteurs<\/strong> et nous cherchons seulement \u00e0 vous offrir des informations et donn\u00e9es appropri\u00e9es et pertinentes.<\/p><p>Prenez conseil aupr\u00e8s de votre m\u00e9decin ou de tout autre expert m\u00e9dical en ce qui concerne votre \u00e9tat de sant\u00e9 et votre traitement.<\/p><p>Par ailleurs, d&rsquo;un pays \u00e0 l&rsquo;autre, les traitements m\u00e9dicaux ne seront pas g\u00e9r\u00e9s de la m\u00eame fa\u00e7on, veuillez toujours \u00e0 vous rapprocher d&rsquo;un expert m\u00e9dical sur le sujet (certains &#8211; parmi les plus connus &#8211; figurent sur une liste dans la partie r\u00e9serv\u00e9e aux membres du site (voir<a href=\"https:\/\/lcacc.wpengine.com\/address-book\/?lang=fr\"> carnet d&rsquo;adresse<\/a>) avec toutes les informations pour les contacter).<\/p><p><em><strong>Let&rsquo;s Cure ACC<\/strong> <\/em>vient juste d&rsquo;\u00eatre cr\u00e9\u00e9e. Nous projetons d&rsquo;avoir de plus en plus d&rsquo;experts list\u00e9s dans le futur, avec leur approbation \u00e0 chaque fois.<\/p><p>N&rsquo;h\u00e9sitez pas, \u00e0 partager avec nous de fa\u00e7on priv\u00e9e via notre <a href=\"https:\/\/lcacc.wpengine.com\/contactez-nous\/?lang=fr\">formulaire de contact<\/a>, le nom et les informations pour contacter votre propre m\u00e9decin afin de cr\u00e9er la liste la plus exhaustive possible. Nous nous mettrons en contact avec eux pour leur demander s&rsquo;ils acceptent d&rsquo;\u00eatre inclus et d&rsquo;appara\u00eetre sur le site.<\/p><p>O\u00f9 que vous viviez, un \u00e9l\u00e9ment constant est le type de questions qu&rsquo;il vous faut vous poser. Cela inclut ce qui peut vous \u00eatre propos\u00e9 et ce \u00e0 quoi vous avez droit, aussi bien comme, par exemple, un soutien psychologique ou une aide financi\u00e8re. Ce site internet a \u00e9t\u00e9 cr\u00e9\u00e9 pour s&rsquo;assurer que vous \u00eates le (la) plus inform\u00e9.e possible sur ces sujets afin de devenir votre propre porte-parole (bref, avoir toutes les cl\u00e9s en mains pour suivre et comprendre votre traitement !).<\/p>\t\t\t\t\t\t\t\t<\/div>\n\t\t\t\t<\/div>\n\t\t\t\t\t<\/div>\n\t\t<\/div>\n\t\t\t\t\t<\/div>\n\t\t<\/section>\n\t\t\t\t\t<\/div>\n\t\t<\/div>\n\t\t\t\t\t<\/div>\n\t\t<\/section>\n\t\t\t\t<\/div>\n\t\t","protected":false},"excerpt":{"rendered":"<p>UN CANCER RARE A BESOIN D&rsquo;UNE COMMUNAUT\u00c9 INTERNATIONALE SOUD\u00c9E \u00ab\u00a0Vous \u00eates LA personne, parmi un million d&rsquo;individus par an, avec un corticosurr\u00e9nalome, cette maladie orpheline\u00a0\u00bb : chaque patient, face \u00e0 un corticosurr\u00e9nalome (le terme m\u00e9dical \u00e9tant Adrenocortical Carcinoma) a entendu au moins une fois ces&#8230;<\/p>\n","protected":false},"author":416,"featured_media":0,"parent":0,"menu_order":0,"comment_status":"closed","ping_status":"closed","template":"full_width.php","meta":{"give_campaign_id":0,"inline_featured_image":false,"footnotes":""},"class_list":["post-3521","page","type-page","status-publish","hentry"],"campaignId":"","_links":{"self":[{"href":"https:\/\/letscureacc.com\/fr\/wp-json\/wp\/v2\/pages\/3521","targetHints":{"allow":["GET"]}}],"collection":[{"href":"https:\/\/letscureacc.com\/fr\/wp-json\/wp\/v2\/pages"}],"about":[{"href":"https:\/\/letscureacc.com\/fr\/wp-json\/wp\/v2\/types\/page"}],"author":[{"embeddable":true,"href":"https:\/\/letscureacc.com\/fr\/wp-json\/wp\/v2\/users\/416"}],"replies":[{"embeddable":true,"href":"https:\/\/letscureacc.com\/fr\/wp-json\/wp\/v2\/comments?post=3521"}],"version-history":[{"count":0,"href":"https:\/\/letscureacc.com\/fr\/wp-json\/wp\/v2\/pages\/3521\/revisions"}],"wp:attachment":[{"href":"https:\/\/letscureacc.com\/fr\/wp-json\/wp\/v2\/media?parent=3521"}],"curies":[{"name":"wp","href":"https:\/\/api.w.org\/{rel}","templated":true}]}}