{"id":4450,"date":"2022-02-01T17:04:02","date_gmt":"2022-02-01T16:04:02","guid":{"rendered":"https:\/\/letscureacc.com\/?page_id=4450"},"modified":"2022-03-24T22:38:10","modified_gmt":"2022-03-24T21:38:10","slug":"vos-questions","status":"publish","type":"page","link":"https:\/\/letscureacc.com\/fr\/vos-questions\/","title":{"rendered":"Vos questions"},"content":{"rendered":"\t\t<div data-elementor-type=\"wp-page\" data-elementor-id=\"4450\" class=\"elementor elementor-4450 elementor-668\">\n\t\t\t\t\t\t<section class=\"elementor-section elementor-top-section elementor-element elementor-element-2f84ef40 elementor-section-full_width elementor-section-height-default elementor-section-height-default parallax_section_no qode_elementor_container_no\" data-id=\"2f84ef40\" data-element_type=\"section\" data-e-type=\"section\" data-settings=\"{&quot;background_background&quot;:&quot;classic&quot;}\">\n\t\t\t\t\t\t<div class=\"elementor-container elementor-column-gap-default\">\n\t\t\t\t\t<div class=\"elementor-column elementor-col-100 elementor-top-column elementor-element elementor-element-55596fa4\" data-id=\"55596fa4\" data-element_type=\"column\" data-e-type=\"column\">\n\t\t\t<div class=\"elementor-widget-wrap elementor-element-populated\">\n\t\t\t\t\t\t<section class=\"elementor-section elementor-inner-section elementor-element elementor-element-da1aa8c elementor-section-boxed elementor-section-height-default elementor-section-height-default parallax_section_no qode_elementor_container_no\" data-id=\"da1aa8c\" data-element_type=\"section\" data-e-type=\"section\">\n\t\t\t\t\t\t<div class=\"elementor-container elementor-column-gap-extended\">\n\t\t\t\t\t<div class=\"elementor-column elementor-col-100 elementor-inner-column elementor-element elementor-element-916ce81\" data-id=\"916ce81\" data-element_type=\"column\" data-e-type=\"column\">\n\t\t\t<div class=\"elementor-widget-wrap elementor-element-populated\">\n\t\t\t\t\t\t<div class=\"elementor-element elementor-element-0119b7a elementor-widget elementor-widget-text-editor\" data-id=\"0119b7a\" data-element_type=\"widget\" data-e-type=\"widget\" data-widget_type=\"text-editor.default\">\n\t\t\t\t<div class=\"elementor-widget-container\">\n\t\t\t\t\t\t\t\t\t<h2 style=\"text-align: center;\">VOUS POUVEZ D\u00c9J\u00c0 TROUVER BEAUCOUP DE R\u00c9PONSES \u00c0 VOS PROPRES QUESTIONS SUR ces liens<\/h2><ul><li aria-level=\"1\"><a href=\"https:\/\/www.gustaveroussy.fr\/sites\/default\/files\/livret-corticosurrenalome.pdf\" target=\"_blank\" rel=\"noopener\">https:\/\/www.gustaveroussy.fr\/sites\/default\/files\/livret-corticosurrenalome.pdf<\/a><\/li><li aria-level=\"1\"><a href=\"https:\/\/www.oncopacacorse.org\/sites\/default\/files\/2014_reco_corticosurrenalome_comete_pro.pdf\" target=\"_blank\" rel=\"noopener\">https:\/\/www.oncopacacorse.org\/sites\/default\/files\/2014_reco_corticosurrenalome_comete_pro.pdf<\/a>\u00a0<\/li><li aria-level=\"1\"><a href=\"https:\/\/www.rogelcancercenter.org\/files\/adrenal-patient-handbook.pdf\" target=\"_blank\" rel=\"noopener\"><strong>Patient Guide of University of Michigan<\/strong><\/a>\u00a0<\/li><li aria-level=\"1\"><strong><a href=\"https:\/\/www.cancer.gov\/types\/adrenocortical\/patient\/adrenocortical-treatment-pdq#_1\" target=\"_blank\" rel=\"noopener\">Adrenocortical Carcinoma Treatment (Adult) (PDQ\u00ae) \u2013 Patient<\/a><\/strong>\u00a0<span style=\"color: #000000;\">on US National Cancer Institute Version\u00a0<\/span><\/li><li aria-level=\"1\"><strong><a href=\"https:\/\/eje.bioscientifica.com\/view\/journals\/eje\/179\/4\/EJE-18-0608.xml\" target=\"_blank\" rel=\"noopener\">European Society of Endocrinology Clinical Practice Guidelines on the management of adrenocortical carcinoma in adults, in collaboration with the European Network for the Study of Adrenal Tumors<\/a>\u00a0<\/strong><\/li><\/ul><p>Le <a href=\"https:\/\/lcacc.wpengine.com\/glossary\/corticosurrenalome-adrenocortical-carcinoma\/?lang=fr\">corticosurr\u00e9nalome<\/a> est une maladie orpheline, et par cons\u00e9quent souvent m\u00e9connue des docteurs g\u00e9n\u00e9ralistes, voire parfois des endocrinologues, donc si cela vous est possible, il est tr\u00e8s important de vous mettre en contact avec un sp\u00e9cialiste de la maladie (la liste des plus connus est consultable ici par pays avec les informations pour les contacter &#8211; avec pour tous, leur consentement individuel &#8211; dans la partie \u00ab\u00a0<a href=\"https:\/\/lcacc.wpengine.com\/address-book\/?lang=fr\">Pour nos membres<\/a>\u00a0\u00bb du site).<\/p><p>Il est essentiel de noter qu&rsquo;un diagnostic erron\u00e9, <strong>une <a href=\"https:\/\/lcacc.wpengine.com\/glossary\/biopsie\/?lang=fr\">biopsie<\/a> r\u00e9alis\u00e9e avant l&rsquo;op\u00e9ration chirurgicale<\/strong>, ou une op\u00e9ration chirurgicale mal r\u00e9alis\u00e9e, peuvent conduire \u00e0 la prolif\u00e9ration du cancer et par cons\u00e9quent, \u00e0 une issue potentiellement dangereuse pour vous.<\/p><p>Vous devez \u00eatre suivi.e par une \u00e9quipe m\u00e9dicale exp\u00e9riment\u00e9e, pr\u00e9cis\u00e9ment ce qu&rsquo;on appelle une \u00e9quipe multi-disciplinaire (des m\u00e9decins ayant des domaines d&rsquo;expertises diff\u00e9rents : endocrinologue, oncologue, chirurgien&#8230;)<\/p><p>Si besoin, parce que vous vivez loin de tout expert et n&rsquo;\u00eates pas s\u00fbr.e que le traitement qui vous est recommand\u00e9 est le bon, vous pouvez toujours obtenir <strong>une seconde opinion<\/strong>. L&rsquo;option est disponible via ce <a href=\"https:\/\/www.deuxiemeavis.fr\/pathologie\/corticosurrenalome\">site<\/a> en s\u00e9lectionnant pr\u00e9cis\u00e9mement le <strong>Professeur Antoine TABARIN<\/strong> et en pr\u00e9cisant que vous avez connaissance du site via \u00ab\u00a0<strong>Let&rsquo;s Cure ACC<\/strong>\u00a0\u00bb pour un avis gratuit si vous n&rsquo;avez pas de S\u00e9curit\u00e9 Sociale.<\/p><p><span style=\"color: #ff0000;\"><strong>POINT ESSENTIEL : N&rsquo;AUTORISEZ PAS DE BIOPSIE<\/strong><\/span> de votre tumeur surr\u00e9nale avant l&rsquo;op\u00e9ration chirurgicale. La raison en est que les cellules canc\u00e9reuses de la tumeur peuvent alors se r\u00e9pandre \u00e0 travers le syst\u00e8me \u00e0 d&rsquo;autres cellules de votre corps \u00e0 cause de l&rsquo;aiguille. Le <a href=\"https:\/\/lcacc.wpengine.com\/glossary\/corticosurrenalome-adrenocortical-carcinoma\/?lang=fr\">corticosurr\u00e9nalome<\/a> n&rsquo;est pas un cancer classique aussi, en tant que tel, il ne peut pas \u00eatre trait\u00e9 de la m\u00eame fa\u00e7on que les autres cancers.<\/p>\t\t\t\t\t\t\t\t<\/div>\n\t\t\t\t<\/div>\n\t\t\t\t\t<\/div>\n\t\t<\/div>\n\t\t\t\t\t<\/div>\n\t\t<\/section>\n\t\t\t\t\t<\/div>\n\t\t<\/div>\n\t\t\t\t\t<\/div>\n\t\t<\/section>\n\t\t\t\t<section class=\"elementor-section elementor-top-section elementor-element elementor-element-044d983 qode_elementor_container_inner elementor-section-boxed elementor-section-height-default elementor-section-height-default parallax_section_no\" data-id=\"044d983\" data-element_type=\"section\" data-e-type=\"section\" data-settings=\"{&quot;background_background&quot;:&quot;classic&quot;}\">\n\t\t\t\t\t\t<div class=\"elementor-container elementor-column-gap-default\">\n\t\t\t\t\t<div class=\"elementor-column elementor-col-100 elementor-top-column elementor-element elementor-element-e56089b\" data-id=\"e56089b\" data-element_type=\"column\" data-e-type=\"column\">\n\t\t\t<div class=\"elementor-widget-wrap elementor-element-populated\">\n\t\t\t\t\t\t<div class=\"elementor-element elementor-element-e6a2120 elementor-widget elementor-widget-text-editor\" data-id=\"e6a2120\" data-element_type=\"widget\" data-e-type=\"widget\" data-widget_type=\"text-editor.default\">\n\t\t\t\t<div class=\"elementor-widget-container\">\n\t\t\t\t\t\t\t\t\t<h3>Questions \u00e0 poser \u00e0 votre \u00e9quipe m\u00e9dicale AVANT l&rsquo;op\u00e9ration chirurgicale<\/h3><ul><li>Combien de patients avez-vous d\u00e9j\u00e0 trait\u00e9 ayant ce type de cancer ?<\/li><li>Est-ce que le stade de mon cancer influe sur les options qui s&rsquo;offrent \u00e0 moi en mati\u00e8re de traitement ?<\/li><li>Quels autres tests dois-je faire pour confirmer le diagnostic et savoir s&rsquo;il s&rsquo;est d\u00e9j\u00e0 r\u00e9pandu dans d&rsquo;autres parties de mon corps ? (c&rsquo;est-\u00e0-dire IRM, scanner, <a href=\"https:\/\/lcacc.wpengine.com\/glossary\/tep-scan-ou-tomographie-a-emissions-de-positrons\/?lang=fr\">TEP<\/a>, scanner des os, etc&#8230;)<p>A noter que, aux USA, en g\u00e9n\u00e9ral, les compagnies d&rsquo;assurances m\u00e9dicales n&rsquo;autorisent pas de TEP scans avant l&rsquo;op\u00e9ration chirurgicale et attendent la confirmation que la tumeur retir\u00e9e est bien canc\u00e9reuse.<\/p><\/li><\/ul>\t\t\t\t\t\t\t\t<\/div>\n\t\t\t\t<\/div>\n\t\t\t\t\t<\/div>\n\t\t<\/div>\n\t\t\t\t\t<\/div>\n\t\t<\/section>\n\t\t\t\t<section class=\"elementor-section elementor-top-section elementor-element elementor-element-be49dc5 qode_elementor_container_inner elementor-section-boxed elementor-section-height-default elementor-section-height-default parallax_section_no\" data-id=\"be49dc5\" data-element_type=\"section\" data-e-type=\"section\" data-settings=\"{&quot;background_background&quot;:&quot;classic&quot;}\">\n\t\t\t\t\t\t<div class=\"elementor-container elementor-column-gap-default\">\n\t\t\t\t\t<div class=\"elementor-column elementor-col-100 elementor-top-column elementor-element elementor-element-a53cfb5\" data-id=\"a53cfb5\" data-element_type=\"column\" data-e-type=\"column\">\n\t\t\t<div class=\"elementor-widget-wrap elementor-element-populated\">\n\t\t\t\t\t\t<div class=\"elementor-element elementor-element-f1943dd elementor-widget elementor-widget-text-editor\" data-id=\"f1943dd\" data-element_type=\"widget\" data-e-type=\"widget\" data-widget_type=\"text-editor.default\">\n\t\t\t\t<div class=\"elementor-widget-container\">\n\t\t\t\t\t\t\t\t\t<h3>Questions \u00e0 poser \u00e0 votre chirurgien APR\u00c8S l&rsquo;op\u00e9ration chirurgicale\u00a0<\/h3><p>Cela vous aidera \u00e0 \u00ab\u00a0\u00e9valuer\u00a0\u00bb votre cas gr\u00e2ce aux r\u00e9ponses pr\u00e9cises que votre (vos) m\u00e9decin(s) vous donnera\/donneront.<\/p><ul><li>La r\u00e9section est-elle totale ou non ? (c&rsquo;est \u00e0 dire si le chirurgien est parvenu \u00e0 retirer toute la tumeur).<\/li><li>La tumeur s&rsquo;av\u00e8re-t-elle canc\u00e9reuse \u00e0 la biopsie (c&rsquo;est-\u00e0-dire \u00e0 l&rsquo;analyse apr\u00e8s l&rsquo;op\u00e9ration chirurgicale) ?<\/li><li>Quel est mon taux de <a href=\"https:\/\/lcacc.wpengine.com\/glossary\/ki-67\/?lang=fr\">Ki-67<\/a> ? Comment l&rsquo;interpr\u00e9ter ?<\/li><li>Quel est mon <a href=\"https:\/\/lcacc.wpengine.com\/glossary\/score-de-weiss\/?lang=fr\">score de Weiss<\/a> ? (donn\u00e9e qui n&rsquo;est pas toujours disponible).<\/li><li>Quel est le stade pr\u00e9cis de mon cancer ? Qu&rsquo;est-ce que cela signifie ? En quoi cela va-t-il affecter mes options de traitement ?<br \/>Un <a href=\"https:\/\/lcacc.wpengine.com\/glossary\/tep-scan-ou-tomographie-a-emissions-de-positrons\/?lang=fr\">TEP scan<\/a> doit \u00eatre organis\u00e9 apr\u00e8s votre op\u00e9ration chirurgicale (en g\u00e9n\u00e9ral, apr\u00e8s cicatrisation, donc parfois apr\u00e8s plusieurs mois).<\/li><\/ul><p>A noter que vous n&rsquo;obtiendrez pas toutes les r\u00e9ponses imm\u00e9diatement. Une biopsie et une analyse de la masse (qui sera requalifi\u00e9e de tumeur si canc\u00e9reuse) doivent \u00eatre faites pour obtenir ces r\u00e9ponses, mais comme le score de Weiss et votre taux de Ki-67 sont des facteurs importants pour \u00e9tablir votre pronostic, il est essentiel de les avoir inclus dans votre rapport m\u00e9dical \u00e0 un moment donn\u00e9 (si cela s&rsquo;av\u00e8re possible).<\/p>\t\t\t\t\t\t\t\t<\/div>\n\t\t\t\t<\/div>\n\t\t\t\t\t<\/div>\n\t\t<\/div>\n\t\t\t\t\t<\/div>\n\t\t<\/section>\n\t\t\t\t<section class=\"elementor-section elementor-top-section elementor-element elementor-element-ac8808d qode_elementor_container_inner elementor-section-boxed elementor-section-height-default elementor-section-height-default parallax_section_no\" data-id=\"ac8808d\" data-element_type=\"section\" data-e-type=\"section\" data-settings=\"{&quot;background_background&quot;:&quot;classic&quot;}\">\n\t\t\t\t\t\t<div class=\"elementor-container elementor-column-gap-default\">\n\t\t\t\t\t<div class=\"elementor-column elementor-col-100 elementor-top-column elementor-element elementor-element-9943f40\" data-id=\"9943f40\" data-element_type=\"column\" data-e-type=\"column\">\n\t\t\t<div class=\"elementor-widget-wrap elementor-element-populated\">\n\t\t\t\t\t\t<div class=\"elementor-element elementor-element-82143b6 elementor-widget elementor-widget-text-editor\" data-id=\"82143b6\" data-element_type=\"widget\" data-e-type=\"widget\" data-widget_type=\"text-editor.default\">\n\t\t\t\t<div class=\"elementor-widget-container\">\n\t\t\t\t\t\t\t\t\t<h3>Questions \u00e0 poser lors de vos rendez-vous de suivi<\/h3><p>Nous vous recommandons <strong>fortement<\/strong> de vous pr\u00e9parer en amont de vos rendez-vous. Notez toutes vos questions (gardez un petit carnet qui vous suivra \u00e0 tous vos rendez-vous) mais aussi tout ce que vous ressentez (sentiments, sympt\u00f4mes physiques ou moraux), afin de les partager avec votre m\u00e9decin.<\/p><p><strong>En g\u00e9n\u00e9ral:<\/strong><\/p><ol><li>Quel est le cancer dont je souffre ? Pourriez-vous me l&rsquo;expliquer avec des termes que je puisse comprendre ?<\/li><li>Combien de patients avez-vous d\u00e9j\u00e0 trait\u00e9 ayant ce type de cancer ?<\/li><li>Comment le stade de mon cancer va affecter les options de traitements \u00e0 ma disposition, quel est ce stade ? Que signifie-t-il ? En quoi affecte-t-il justement mes options de traitements ?<\/li><li>Quels autres tests devons-nous r\u00e9aliser pour confirmer mon diagnostic et savoir s&rsquo;il s&rsquo;est r\u00e9pandu \u00e0 d&rsquo;autres parties de mon corps? (par exemple, IRM, Scan, TEP scan, Scanner des os, etc&#8230;)<\/li><li>Si cela s&rsquo;av\u00e8re possible dans votre pays (tous les pays ne le proposent pas), vous pouvez demander un test de s\u00e9quen\u00e7age g\u00e9nomique complet. Cela peut aider \u00e0 savoir s&rsquo;il y a un quelconque risque g\u00e9n\u00e9tique au sein de votre famille.<\/li><li>Quel est le co\u00fbt d&rsquo;un test de s\u00e9quen\u00e7age g\u00e9nomique complet ? Combien de temps pour obtenir les r\u00e9sultats ?<\/li><li>Est-ce que mon cancer pourrait r\u00e9pondre positivement \u00e0 l&rsquo;immunoth\u00e9rapie ?<\/li><\/ol><p><strong>Traitement :<\/strong><\/p><ol start=\"8\"><li>Quelle est votre recommandation en ce qui concerne le protocole de mon traitement ?<\/li><li>Quel est l&rsquo;objectif de ce traitement ? Soins, prolonger ma vie, ou aider \u00e0 supporter les sympt\u00f4mes et les effets secondaires de mon cancer ?<\/li><li>Quel est le taux de survie \u00e0 5 ans estim\u00e9, du traitement que vous me recommandez ?<\/li><li>Quel est l&rsquo;efficacit\u00e9 du traitement selon vous en vous basant sur les \u00e9l\u00e9ments de mon dossier ?<\/li><li>Pouvez-vous me d\u00e9tailler le traitement que vous me proposez ? Comment puis-je avoir davantage de d\u00e9tails ?<\/li><li>Y-at-il des risques inh\u00e9rents au traitement recommand\u00e9 ?<\/li><li>Quels sont les effets secondaires de ce traitement \u00e0 court et long terme ?<\/li><li>De quelle fa\u00e7on ce traitement va-t-il avoir un impact sur mes activit\u00e9s quotidiennes : travail, \u00e9tat physique, conduite, sommeil&#8230;?<\/li><li>Quels sont les effets secondaires que je dois surveiller et dois-je vous contacter s&rsquo;ils apparaissent ?<\/li><li>Que dois-je faire pour me pr\u00e9parer pour, et durant, le traitement : sport, r\u00e9gime particulier, etc&#8230;? Est-il possible de parler avec quelqu&rsquo;un de l&rsquo;\u00e9quipe m\u00e9dicale pour discuter des options\/ lignes directrices ?<\/li><li>Quels tests comptez-vous effectuer pour voir si le traitement est efficace ? Quand auront-ils lieu ?<\/li><li>Si j&rsquo;ai des questions durant mon traitement, qui puis-je joindre ?<\/li><li>Est-il possible de me mettre en contact avec quelqu&rsquo;un \u00e0 qui vous avez prescrit le m\u00eame traitement ? Existe-t-il une association ?<\/li><li>Quel est le centre de traitement du cancer qui fait le plus de recherches sur mon type pr\u00e9cis de cancer ? Pouvez-vous me donner leurs r\u00e9f\u00e9rences pour que je puisse obtenir une seconde opinion?<\/li><li>Dans l&rsquo;hypoth\u00e8se o\u00f9 ce centre de traitement des cancers propose un traitement plus cibl\u00e9 ou des essais cliniques que vous ne proposez pas, accepteriez-vous de collaborer avec eux pour assurer le suivi ?<\/li><\/ol><p>Source : <a href=\"http:\/\/pages.surviveit.org\/resource-library\/21-questions\/\">http:\/\/pages.surviveit.org\/resource-library\/21-questions\/<\/a><\/p>\t\t\t\t\t\t\t\t<\/div>\n\t\t\t\t<\/div>\n\t\t\t\t\t<\/div>\n\t\t<\/div>\n\t\t\t\t\t<\/div>\n\t\t<\/section>\n\t\t\t\t<section class=\"elementor-section elementor-top-section elementor-element elementor-element-7915649 qode_elementor_container_inner elementor-section-boxed elementor-section-height-default elementor-section-height-default parallax_section_no\" data-id=\"7915649\" data-element_type=\"section\" data-e-type=\"section\" data-settings=\"{&quot;background_background&quot;:&quot;classic&quot;}\">\n\t\t\t\t\t\t<div class=\"elementor-container elementor-column-gap-default\">\n\t\t\t\t\t<div class=\"elementor-column elementor-col-100 elementor-top-column elementor-element elementor-element-3fa1a5e\" data-id=\"3fa1a5e\" data-element_type=\"column\" data-e-type=\"column\">\n\t\t\t<div class=\"elementor-widget-wrap elementor-element-populated\">\n\t\t\t\t\t\t<div class=\"elementor-element elementor-element-4ff53e1 elementor-widget elementor-widget-text-editor\" data-id=\"4ff53e1\" data-element_type=\"widget\" data-e-type=\"widget\" data-widget_type=\"text-editor.default\">\n\t\t\t\t<div class=\"elementor-widget-container\">\n\t\t\t\t\t\t\t\t\t<h3>Autre recommandation<\/h3><p>N&rsquo;h\u00e9sitez pas \u00e0 demander \u00e0 votre m\u00e9decin de se r\u00e9p\u00e9ter ou de vous r\u00e9-expliquer de fa\u00e7on diff\u00e9rente si quelque chose ne vous para\u00eet pas clair. Vous devez quitter la structure m\u00e9dicale avec les r\u00e9ponses que vous attendez et en les ayant comprises enti\u00e8rement. Nous sommes tous pass\u00e9s par l\u00e0 donc n&rsquo;ayez pas peur et votre m\u00e9decin comprendra ! Notez \u00e9galement toutes les informations, ou du moins les plus importantes (stade, marges, Ki67, score de Weiss, \u00e9volution de votre niveau de Mitotane&#8230;.)<\/p>\t\t\t\t\t\t\t\t<\/div>\n\t\t\t\t<\/div>\n\t\t\t\t\t<\/div>\n\t\t<\/div>\n\t\t\t\t\t<\/div>\n\t\t<\/section>\n\t\t\t\t<\/div>\n\t\t","protected":false},"excerpt":{"rendered":"<p>VOUS POUVEZ D\u00c9J\u00c0 TROUVER BEAUCOUP DE R\u00c9PONSES \u00c0 VOS PROPRES QUESTIONS SUR ces liens https:\/\/www.gustaveroussy.fr\/sites\/default\/files\/livret-corticosurrenalome.pdf https:\/\/www.oncopacacorse.org\/sites\/default\/files\/2014_reco_corticosurrenalome_comete_pro.pdf\u00a0 Patient Guide of University of Michigan\u00a0 Adrenocortical Carcinoma Treatment (Adult) (PDQ\u00ae) \u2013 Patient\u00a0on US National Cancer Institute Version\u00a0 European Society of Endocrinology Clinical Practice Guidelines on the management of&#8230;<\/p>\n","protected":false},"author":416,"featured_media":0,"parent":0,"menu_order":0,"comment_status":"closed","ping_status":"closed","template":"full_width.php","meta":{"give_campaign_id":0,"inline_featured_image":false,"footnotes":""},"class_list":["post-4450","page","type-page","status-publish","hentry"],"campaignId":"","_links":{"self":[{"href":"https:\/\/letscureacc.com\/fr\/wp-json\/wp\/v2\/pages\/4450","targetHints":{"allow":["GET"]}}],"collection":[{"href":"https:\/\/letscureacc.com\/fr\/wp-json\/wp\/v2\/pages"}],"about":[{"href":"https:\/\/letscureacc.com\/fr\/wp-json\/wp\/v2\/types\/page"}],"author":[{"embeddable":true,"href":"https:\/\/letscureacc.com\/fr\/wp-json\/wp\/v2\/users\/416"}],"replies":[{"embeddable":true,"href":"https:\/\/letscureacc.com\/fr\/wp-json\/wp\/v2\/comments?post=4450"}],"version-history":[{"count":0,"href":"https:\/\/letscureacc.com\/fr\/wp-json\/wp\/v2\/pages\/4450\/revisions"}],"wp:attachment":[{"href":"https:\/\/letscureacc.com\/fr\/wp-json\/wp\/v2\/media?parent=4450"}],"curies":[{"name":"wp","href":"https:\/\/api.w.org\/{rel}","templated":true}]}}