{"id":4500,"date":"2022-02-02T12:43:48","date_gmt":"2022-02-02T11:43:48","guid":{"rendered":"https:\/\/letscureacc.com\/?page_id=4500"},"modified":"2024-07-11T10:39:48","modified_gmt":"2024-07-11T08:39:48","slug":"contactez-nous","status":"publish","type":"page","link":"https:\/\/letscureacc.com\/fr\/contactez-nous\/","title":{"rendered":"Contactez-nous"},"content":{"rendered":"\t\t<div data-elementor-type=\"wp-page\" data-elementor-id=\"4500\" class=\"elementor elementor-4500 elementor-368\">\n\t\t\t\t\t\t<section class=\"elementor-section elementor-top-section elementor-element elementor-element-2779d79 elementor-section-full_width qode_elementor_container_inner elementor-section-height-default elementor-section-height-default parallax_section_no\" data-id=\"2779d79\" data-element_type=\"section\" data-e-type=\"section\">\n\t\t\t\t\t\t<div class=\"elementor-container elementor-column-gap-no\">\n\t\t\t\t\t<div class=\"elementor-column elementor-col-50 elementor-top-column elementor-element elementor-element-290d8b9\" data-id=\"290d8b9\" data-element_type=\"column\" data-e-type=\"column\">\n\t\t\t<div class=\"elementor-widget-wrap elementor-element-populated\">\n\t\t\t\t\t\t<div class=\"elementor-element elementor-element-f56ea34 elementor-widget elementor-widget-text-editor\" data-id=\"f56ea34\" data-element_type=\"widget\" data-e-type=\"widget\" data-widget_type=\"text-editor.default\">\n\t\t\t\t<div class=\"elementor-widget-container\">\n\t\t\t\t\t\t\t\t\t<h6>ENTRONS EN CONTACT<\/h6>\n\t\t\t\t\t\t\t\t<\/div>\n\t\t\t\t<\/div>\n\t\t\t\t<div class=\"elementor-element elementor-element-00b43ad elementor-widget elementor-widget-text-editor\" data-id=\"00b43ad\" data-element_type=\"widget\" data-e-type=\"widget\" data-widget_type=\"text-editor.default\">\n\t\t\t\t<div class=\"elementor-widget-container\">\n\t\t\t\t\t\t\t\t\t<h2>CONTACTEZ-NOUS AUJOURD&rsquo;HUI<\/h2>\n\t\t\t\t\t\t\t\t<\/div>\n\t\t\t\t<\/div>\n\t\t\t\t<div class=\"elementor-element elementor-element-94b8422 elementor-widget elementor-widget-text-editor\" data-id=\"94b8422\" data-element_type=\"widget\" data-e-type=\"widget\" data-widget_type=\"text-editor.default\">\n\t\t\t\t<div class=\"elementor-widget-container\">\n\t\t\t\t\t\t\t\t\t<p>Envoyez-nous un message via notre formulaire (nous r\u00e9pondrons g\u00e9n\u00e9ralement sous 48h)<\/p>\n<p>Nous avons besoin de votre aide pour r\u00e9unir des contacts du monde entier. Merci de nous contacter si vous \u00eates int\u00e9ress\u00e9(e).<\/p>\n\t\t\t\t\t\t\t\t<\/div>\n\t\t\t\t<\/div>\n\t\t\t\t\t<\/div>\n\t\t<\/div>\n\t\t\t\t<div class=\"elementor-column elementor-col-50 elementor-top-column elementor-element elementor-element-1cb0642\" data-id=\"1cb0642\" data-element_type=\"column\" data-e-type=\"column\" data-settings=\"{&quot;background_background&quot;:&quot;classic&quot;}\">\n\t\t\t<div class=\"elementor-widget-wrap elementor-element-populated\">\n\t\t\t\t\t\t<div class=\"elementor-element elementor-element-05e1599 elementor-widget elementor-widget-bridge_cf_7\" data-id=\"05e1599\" data-element_type=\"widget\" data-e-type=\"widget\" data-widget_type=\"bridge_cf_7.default\">\n\t\t\t\t<div class=\"elementor-widget-container\">\n\t\t\t\t\t    <div class=\"qode-contact-form-7 qode-contact-form-7-0\">\n    \n<div class=\"wpcf7 no-js\" id=\"wpcf7-f5525-o1\" lang=\"en-US\" dir=\"ltr\" data-wpcf7-id=\"5525\">\n<div class=\"screen-reader-response\"><p role=\"status\" aria-live=\"polite\" aria-atomic=\"true\"><\/p> <ul><\/ul><\/div>\n<form action=\"\/fr\/wp-json\/wp\/v2\/pages\/4500#wpcf7-f5525-o1\" method=\"post\" class=\"wpcf7-form init default 4d69985f6908 cmatic-conn cmatic-aud-1 cmatic-mapd0-0 cmatic-v097802 cmatic-sent-0 cmatic-total-0\" aria-label=\"Contact form\" novalidate=\"novalidate\" data-status=\"init\">\n<fieldset class=\"hidden-fields-container\"><input type=\"hidden\" name=\"_wpcf7\" value=\"5525\" \/><input type=\"hidden\" name=\"_wpcf7_version\" value=\"6.1.5\" \/><input type=\"hidden\" name=\"_wpcf7_locale\" value=\"en_US\" \/><input type=\"hidden\" name=\"_wpcf7_unit_tag\" value=\"wpcf7-f5525-o1\" \/><input type=\"hidden\" name=\"_wpcf7_container_post\" value=\"0\" \/><input type=\"hidden\" name=\"_wpcf7_posted_data_hash\" value=\"\" \/>\n<\/fieldset>\n<div>\n\t<p><label>Titre:<\/label><br \/>\n<span class=\"wpcf7-form-control-wrap\" data-name=\"menu-974\"><select class=\"wpcf7-form-control wpcf7-select\" aria-invalid=\"false\" name=\"menu-974\"><option value=\"Au choix\">Au choix<\/option><option value=\"Melle\">Melle<\/option><option value=\"Mr\">Mr<\/option><option value=\"Mme\">Mme<\/option><option value=\"Pr\">Pr<\/option><option value=\"Dr\">Dr<\/option><\/select><\/span>\n\t<\/p>\n<\/div>\n<div>\n\t<p><label>Pr\u00e9nom<span class=\"wppb-required\" title=\"Ce champ est obligatoire\">*<\/span><\/label><br \/>\n<span class=\"wpcf7-form-control-wrap\" data-name=\"your-name\"><input size=\"40\" maxlength=\"400\" class=\"wpcf7-form-control wpcf7-text wpcf7-validates-as-required\" aria-required=\"true\" aria-invalid=\"false\" value=\"\" type=\"text\" name=\"your-name\" \/><\/span>\n\t<\/p>\n<\/div>\n<div>\n\t<p><label>Nom<span class=\"wppb-required\" title=\"Ce champ est obligatoire\">*<\/span><\/label><br \/>\n<span class=\"wpcf7-form-control-wrap\" data-name=\"last-name\"><input size=\"40\" maxlength=\"400\" class=\"wpcf7-form-control wpcf7-text wpcf7-validates-as-required\" aria-required=\"true\" aria-invalid=\"false\" value=\"\" type=\"text\" name=\"last-name\" \/><\/span>\n\t<\/p>\n<\/div>\n<div>\n\t<p><label>Qui \u00eates-vous?<span class=\"wppb-required\" title=\"Ce champ est obligatoire\">*<\/span><\/label><br \/>\n<span class=\"wpcf7-form-control-wrap\" data-name=\"menu-521\"><select class=\"wpcf7-form-control wpcf7-select wpcf7-validates-as-required\" aria-required=\"true\" aria-invalid=\"false\" name=\"menu-521\"><option value=\"S\u00e9lectionner\">S\u00e9lectionner<\/option><option value=\"Patient\">Patient<\/option><option value=\"Aidant \/ Ami d&#039;un patient\">Aidant \/ Ami d&#039;un patient<\/option><option value=\"Expert m\u00e9dical\">Expert m\u00e9dical<\/option><option value=\"Autre (dans ce cas, merci de pr\u00e9ciser dans votre message)\">Autre (dans ce cas, merci de pr\u00e9ciser dans votre message)<\/option><\/select><\/span>\n\t<\/p>\n<\/div>\n<div>\n\t<p><label>Que recherchez-vous?<\/label><br \/>\n<span class=\"wpcf7-form-control-wrap\" data-name=\"menu-391\"><select class=\"wpcf7-form-control wpcf7-select\" aria-invalid=\"false\" name=\"menu-391\"><option value=\"S\u00e9lectionner\">S\u00e9lectionner<\/option><option value=\"Rentrer en contact avec d&#039;autres patients\/ aidants\">Rentrer en contact avec d&#039;autres patients\/ aidants<\/option><option value=\"Trouver des conseils et de l&#039;aide\">Trouver des conseils et de l&#039;aide<\/option><option value=\"Entrer en contact avec des experts m\u00e9dicaux\">Entrer en contact avec des experts m\u00e9dicaux<\/option><option value=\"En apprendre plus sur l&#039;ACC\">En apprendre plus sur l&#039;ACC<\/option><option value=\"Donner \u00e0 la recherche\">Donner \u00e0 la recherche<\/option><option value=\"Contacter les administrateurs\">Contacter les administrateurs<\/option><option value=\"Souhaite entrer en contact avec un ambassadeur dans ma langue ( si disponible). - Merci de pr\u00e9ciser ci-dessous\">Souhaite entrer en contact avec un ambassadeur dans ma langue ( si disponible). - Merci de pr\u00e9ciser ci-dessous<\/option><option value=\"Int\u00e9ress\u00e9.e \u00e0 aider Let&#039;s Cure ACC en tant que volontaire\/ ambassadeur.\">Int\u00e9ress\u00e9.e \u00e0 aider Let&#039;s Cure ACC en tant que volontaire\/ ambassadeur.<\/option><option value=\"Autre\">Autre<\/option><\/select><\/span>\n\t<\/p>\n<\/div>\n<div>\n\t<p><label>Dans quel pays vivez-vous?<span class=\"wppb-required\" title=\"This field is required\">*<\/span><\/label>\n\t<\/p>\n\t<p><span class=\"wpcf7-form-control-wrap\" data-name=\"country\"><select class=\"wpcf7-form-control wpcf7-select wpcf7-validates-as-required\" aria-required=\"true\" aria-invalid=\"false\" name=\"country\"><option value=\"S\u00e9lectionner\">S\u00e9lectionner<\/option><option value=\"Afghanistan\">Afghanistan<\/option><option value=\"Albania\">Albania<\/option><option value=\"Algeria\">Algeria<\/option><option value=\"American Samoa\">American Samoa<\/option><option value=\"Andorra\">Andorra<\/option><option value=\"Angola\">Angola<\/option><option value=\"Anguilla\">Anguilla<\/option><option value=\"Antigua and Barbuda\">Antigua and Barbuda<\/option><option value=\"Argentina\">Argentina<\/option><option value=\"Armenia\">Armenia<\/option><option value=\"Armenia\">Armenia<\/option><option value=\"Aruba\">Aruba<\/option><option value=\"Australia\">Australia<\/option><option value=\"Austria\">Austria<\/option><option value=\"Azerbaijan\">Azerbaijan<\/option><option value=\"Azerbaijan\">Azerbaijan<\/option><option value=\"Bahamas\">Bahamas<\/option><option value=\"Bahrain\">Bahrain<\/option><option value=\"Bangladesh\">Bangladesh<\/option><option value=\"Barbados\">Barbados<\/option><option value=\"Belarus\">Belarus<\/option><option value=\"Belgium\">Belgium<\/option><option value=\"Belize\">Belize<\/option><option value=\"Benin\">Benin<\/option><option value=\"Bermuda\">Bermuda<\/option><option value=\"Bhutan\">Bhutan<\/option><option value=\"Bolivia\">Bolivia<\/option><option value=\"Bonaire\">Bonaire<\/option><option value=\"Bosnia and Herzegovina\">Bosnia and Herzegovina<\/option><option value=\"Botswana\">Botswana<\/option><option value=\"Bouvet Island (Bouvetoya)\">Bouvet Island (Bouvetoya)<\/option><option value=\"Brazil\">Brazil<\/option><option value=\"British Indian Ocean Territory (Chagos Archipelago)\">British Indian Ocean Territory (Chagos Archipelago)<\/option><option value=\"British Virgin Islands\">British Virgin Islands<\/option><option value=\"Brunei Darussalam\">Brunei Darussalam<\/option><option value=\"Bulgaria\">Bulgaria<\/option><option value=\"Burkina Faso\">Burkina Faso<\/option><option value=\"Burundi\">Burundi<\/option><option value=\"Cambodia\">Cambodia<\/option><option value=\"Cameroon\">Cameroon<\/option><option value=\"Canada\">Canada<\/option><option value=\"Cape Verde\">Cape Verde<\/option><option value=\"Cayman Islands\">Cayman Islands<\/option><option value=\"Central African Republic\">Central African Republic<\/option><option value=\"Chad\">Chad<\/option><option value=\"Chile\">Chile<\/option><option value=\"China\">China<\/option><option value=\"Christmas Island\">Christmas Island<\/option><option value=\"Cocos (Keeling) Islands\">Cocos (Keeling) Islands<\/option><option value=\"Colombia\">Colombia<\/option><option value=\"Comoros\">Comoros<\/option><option value=\"Congo\">Congo<\/option><option value=\"Congo\">Congo<\/option><option value=\"Cook Islands\">Cook Islands<\/option><option value=\"Costa Rica\">Costa Rica<\/option><option value=\"Cote d&#039;Ivoire\">Cote d&#039;Ivoire<\/option><option value=\"Croatia\">Croatia<\/option><option value=\"Cuba\">Cuba<\/option><option value=\"Cura\u00e7ao\">Cura\u00e7ao<\/option><option value=\"Cyprus\">Cyprus<\/option><option value=\"Cyprus\">Cyprus<\/option><option value=\"Czech Republic\">Czech Republic<\/option><option value=\"Denmark\">Denmark<\/option><option value=\"Djibouti\">Djibouti<\/option><option value=\"Dominica\">Dominica<\/option><option value=\"Dominican Republic\">Dominican Republic<\/option><option value=\"Ecuador\">Ecuador<\/option><option value=\"Egypt\">Egypt<\/option><option value=\"El Salvador\">El Salvador<\/option><option value=\"Equatorial Guinea\">Equatorial Guinea<\/option><option value=\"Eritrea\">Eritrea<\/option><option value=\"Estonia\">Estonia<\/option><option value=\"Ethiopia\">Ethiopia<\/option><option value=\"Falkland Islands (Malvinas)\">Falkland Islands (Malvinas)<\/option><option value=\"Faroe Islands\">Faroe Islands<\/option><option value=\"Fiji\">Fiji<\/option><option value=\"Finland\">Finland<\/option><option value=\"France\">France<\/option><option value=\"French Guiana\">French Guiana<\/option><option value=\"French Polynesia\">French Polynesia<\/option><option value=\"French Southern Territories\">French Southern Territories<\/option><option value=\"Gabon\">Gabon<\/option><option value=\"Gambia\">Gambia<\/option><option value=\"Georgia\">Georgia<\/option><option value=\"Germany\">Germany<\/option><option value=\"Ghana\">Ghana<\/option><option value=\"Gibraltar\">Gibraltar<\/option><option value=\"Greece\">Greece<\/option><option value=\"Greenland\">Greenland<\/option><option value=\"Grenada\">Grenada<\/option><option value=\"Guadeloupe\">Guadeloupe<\/option><option value=\"Guam\">Guam<\/option><option value=\"Guatemala\">Guatemala<\/option><option value=\"Guernsey\">Guernsey<\/option><option value=\"Guinea\">Guinea<\/option><option value=\"Guinea-Bissau\">Guinea-Bissau<\/option><option value=\"Guyana\">Guyana<\/option><option value=\"Haiti\">Haiti<\/option><option value=\"Heard Island and McDonald Islands\">Heard Island and McDonald Islands<\/option><option value=\"Holy See (Vatican City State)\">Holy See (Vatican City State)<\/option><option value=\"Honduras\">Honduras<\/option><option value=\"Hong Kong\">Hong Kong<\/option><option value=\"Hungary\">Hungary<\/option><option value=\"Iceland\">Iceland<\/option><option value=\"India\">India<\/option><option value=\"Indonesia\">Indonesia<\/option><option value=\"Iran\">Iran<\/option><option value=\"Iraq\">Iraq<\/option><option value=\"Ireland\">Ireland<\/option><option value=\"Isle of Man\">Isle of Man<\/option><option value=\"Israel\">Israel<\/option><option value=\"Italy\">Italy<\/option><option value=\"Jamaica\">Jamaica<\/option><option value=\"Japan\">Japan<\/option><option value=\"Jersey\">Jersey<\/option><option value=\"Jordan\">Jordan<\/option><option value=\"Kazakhstan\">Kazakhstan<\/option><option value=\"Kazakhstan\">Kazakhstan<\/option><option value=\"Kenya\">Kenya<\/option><option value=\"Kiribati\">Kiribati<\/option><option value=\"Korea\">Korea<\/option><option value=\"Korea\">Korea<\/option><option value=\"Kuwait\">Kuwait<\/option><option value=\"Kyrgyz Republic\">Kyrgyz Republic<\/option><option value=\"Lao People&#039;s Democratic Republic\">Lao People&#039;s Democratic Republic<\/option><option value=\"Latvia\">Latvia<\/option><option value=\"Lebanon\">Lebanon<\/option><option value=\"Lesotho\">Lesotho<\/option><option value=\"Liberia\">Liberia<\/option><option value=\"Libyan Arab Jamahiriya\">Libyan Arab Jamahiriya<\/option><option value=\"Liechtenstein\">Liechtenstein<\/option><option value=\"Lithuania\">Lithuania<\/option><option value=\"Luxembourg\">Luxembourg<\/option><option value=\"Macao\">Macao<\/option><option value=\"Macedonia\">Macedonia<\/option><option value=\"Madagascar\">Madagascar<\/option><option value=\"Malawi\">Malawi<\/option><option value=\"Malaysia\">Malaysia<\/option><option value=\"Maldives\">Maldives<\/option><option value=\"Mali\">Mali<\/option><option value=\"Malta\">Malta<\/option><option value=\"Marshall Islands\">Marshall Islands<\/option><option value=\"Martinique\">Martinique<\/option><option value=\"Mauritania\">Mauritania<\/option><option value=\"Mauritius\">Mauritius<\/option><option value=\"Mayotte\">Mayotte<\/option><option value=\"Micronesia\">Micronesia<\/option><option value=\"Moldova\">Moldova<\/option><option value=\"Monaco\">Monaco<\/option><option value=\"Mongolia\">Mongolia<\/option><option value=\"Montenegro\">Montenegro<\/option><option value=\"Montserrat\">Montserrat<\/option><option value=\"Morocco\">Morocco<\/option><option value=\"Mozambique\">Mozambique<\/option><option value=\"Myanmar\">Myanmar<\/option><option value=\"Namibia\">Namibia<\/option><option value=\"Nauru\">Nauru<\/option><option value=\"Nepal\">Nepal<\/option><option value=\"Netherlands\">Netherlands<\/option><option value=\"Netherlands Antilles\">Netherlands Antilles<\/option><option value=\"New Caledonia\">New Caledonia<\/option><option value=\"New Zealand\">New Zealand<\/option><option value=\"Nicaragua\">Nicaragua<\/option><option value=\"Niger\">Niger<\/option><option value=\"Nigeria\">Nigeria<\/option><option value=\"Niue\">Niue<\/option><option value=\"Norfolk Island\">Norfolk Island<\/option><option value=\"Northern Mariana Islands\">Northern Mariana Islands<\/option><option value=\"Mexico\">Mexico<\/option><option value=\"Norway\">Norway<\/option><option value=\"Oman\">Oman<\/option><option value=\"Pakistan\">Pakistan<\/option><option value=\"Palau\">Palau<\/option><option value=\"Palestinian Territory\">Palestinian Territory<\/option><option value=\"Panama\">Panama<\/option><option value=\"Papua New Guinea\">Papua New Guinea<\/option><option value=\"Paraguay\">Paraguay<\/option><option value=\"Peru\">Peru<\/option><option value=\"Philippines\">Philippines<\/option><option value=\"Pitcairn Islands\">Pitcairn Islands<\/option><option value=\"Poland\">Poland<\/option><option value=\"Portugal\">Portugal<\/option><option value=\"Puerto Rico\">Puerto Rico<\/option><option value=\"Qatar\">Qatar<\/option><option value=\"Reunion\">Reunion<\/option><option value=\"Romania\">Romania<\/option><option value=\"Russian Federation\">Russian Federation<\/option><option value=\"Rwanda\">Rwanda<\/option><option value=\"Saint Barthelemy\">Saint Barthelemy<\/option><option value=\"Saint Helena\">Saint Helena<\/option><option value=\"Saint Kitts and Nevis\">Saint Kitts and Nevis<\/option><option value=\"Saint Lucia\">Saint Lucia<\/option><option value=\"Saint Martin\">Saint Martin<\/option><option value=\"Saint Pierre and Miquelon\">Saint Pierre and Miquelon<\/option><option value=\"Saint Vincent and the Grenadines\">Saint Vincent and the Grenadines<\/option><option value=\"Samoa\">Samoa<\/option><option value=\"San Marino\">San Marino<\/option><option value=\"Sao Tome and Principe\">Sao Tome and Principe<\/option><option value=\"Saudi Arabia\">Saudi Arabia<\/option><option value=\"Senegal\">Senegal<\/option><option value=\"Serbia\">Serbia<\/option><option value=\"Seychelles\">Seychelles<\/option><option value=\"Sierra Leone\">Sierra Leone<\/option><option value=\"Singapore\">Singapore<\/option><option value=\"Sint Maarten (Netherlands)\">Sint Maarten (Netherlands)<\/option><option value=\"Slovakia (Slovak Republic)\">Slovakia (Slovak Republic)<\/option><option value=\"Slovenia\">Slovenia<\/option><option value=\"Solomon Islands\">Solomon Islands<\/option><option value=\"Somalia\">Somalia<\/option><option value=\"South Africa\">South Africa<\/option><option value=\"South Georgia &amp; S. Sandwich Islands\">South Georgia &amp; S. Sandwich Islands<\/option><option value=\"Spain\">Spain<\/option><option value=\"Sri Lanka\">Sri Lanka<\/option><option value=\"Sudan\">Sudan<\/option><option value=\"Suriname\">Suriname<\/option><option value=\"Svalbard &amp; Jan Mayen Islands\">Svalbard &amp; Jan Mayen Islands<\/option><option value=\"Swaziland\">Swaziland<\/option><option value=\"Sweden\">Sweden<\/option><option value=\"Switzerland\">Switzerland<\/option><option value=\"Syrian Arab Republic\">Syrian Arab Republic<\/option><option value=\"Taiwan\">Taiwan<\/option><option value=\"Tajikistan\">Tajikistan<\/option><option value=\"Tanzania\">Tanzania<\/option><option value=\"Thailand\">Thailand<\/option><option value=\"Timor-Leste\">Timor-Leste<\/option><option value=\"Togo\">Togo<\/option><option value=\"Tokelau\">Tokelau<\/option><option value=\"Tonga\">Tonga<\/option><option value=\"Trinidad and Tobago\">Trinidad and Tobago<\/option><option value=\"Tunisia\">Tunisia<\/option><option value=\"Turkey\">Turkey<\/option><option value=\"Turkey\">Turkey<\/option><option value=\"Turkmenistan\">Turkmenistan<\/option><option value=\"Turks and Caicos Islands\">Turks and Caicos Islands<\/option><option value=\"Tuvalu\">Tuvalu<\/option><option value=\"U.S. Virgin Islands\">U.S. Virgin Islands<\/option><option value=\"U.S. Minor Outlying Islands\">U.S. Minor Outlying Islands<\/option><option value=\"Uganda\">Uganda<\/option><option value=\"Ukraine\">Ukraine<\/option><option value=\"United Arab Emirates\">United Arab Emirates<\/option><option value=\"United States of America\">United States of America<\/option><option value=\"United Kingdom\">United Kingdom<\/option><option value=\"Uruguay\">Uruguay<\/option><option value=\"Uzbekistan\">Uzbekistan<\/option><option value=\"Vanuatu\">Vanuatu<\/option><option value=\"Venezuela\">Venezuela<\/option><option value=\"Vietnam\">Vietnam<\/option><option value=\"Wallis and Futuna\">Wallis and Futuna<\/option><option value=\"Western Sahara\">Western Sahara<\/option><option value=\"Yemen\">Yemen<\/option><option value=\"Zambia\">Zambia<\/option><option value=\"Zimbabwe\">Zimbabwe<\/option><\/select><\/span>\n\t<\/p>\n<\/div>\n<div>\n\t<p><label>Si vous \u00eates aux USA, dans quel Etat?<\/label>\n\t<\/p>\n\t<p><span class=\"wpcf7-form-control-wrap\" data-name=\"member-1-state\"><select class=\"wpcf7-form-control wpcf7-select\" aria-invalid=\"false\" name=\"member-1-state\"><option value=\"S\u00e9lectionner\">S\u00e9lectionner<\/option><option value=\"Alabama\">Alabama<\/option><option value=\"Alaska\">Alaska<\/option><option value=\"Arizona\">Arizona<\/option><option value=\"Arkansas\">Arkansas<\/option><option value=\"California\">California<\/option><option value=\"Colorado\">Colorado<\/option><option value=\"Connecticut\">Connecticut<\/option><option value=\"Delaware\">Delaware<\/option><option value=\"Florida\">Florida<\/option><option value=\"Georgia\">Georgia<\/option><option value=\"Hawaii\">Hawaii<\/option><option value=\"Idaho\">Idaho<\/option><option value=\"Illinois\">Illinois<\/option><option value=\"Indiana\">Indiana<\/option><option value=\"Iowa\">Iowa<\/option><option value=\"Kansas\">Kansas<\/option><option value=\"Kentucky\">Kentucky<\/option><option value=\"Louisiana\">Louisiana<\/option><option value=\"Maine\">Maine<\/option><option value=\"Maryland\">Maryland<\/option><option value=\"Massachusetts\">Massachusetts<\/option><option value=\"Michigan\">Michigan<\/option><option value=\"Minnesota\">Minnesota<\/option><option value=\"Mississippi\">Mississippi<\/option><option value=\"Missouri\">Missouri<\/option><option value=\"Montana\">Montana<\/option><option value=\"Nebraska\">Nebraska<\/option><option value=\"Nevada\">Nevada<\/option><option value=\"New Hampshire\">New Hampshire<\/option><option value=\"New Jersey\">New Jersey<\/option><option value=\"New Mexico\">New Mexico<\/option><option value=\"New York\">New York<\/option><option value=\"North Carolina\">North Carolina<\/option><option value=\"North Dakota\">North Dakota<\/option><option value=\"Ohio\">Ohio<\/option><option value=\"Oklahoma\">Oklahoma<\/option><option value=\"Oregon\">Oregon<\/option><option value=\"Pennsylvania\">Pennsylvania<\/option><option value=\"Rhode Island\">Rhode Island<\/option><option value=\"South Carolina\">South Carolina<\/option><option value=\"South Dakota\">South Dakota<\/option><option value=\"Tennessee\">Tennessee<\/option><option value=\"Texas\">Texas<\/option><option value=\"Utah\">Utah<\/option><option value=\"Vermont\">Vermont<\/option><option value=\"Virginia\">Virginia<\/option><option value=\"Washington\">Washington<\/option><option value=\"West Virginia\">West Virginia<\/option><option value=\"Wisconsin\">Wisconsin<\/option><option value=\"Wyoming\">Wyoming<\/option><option value=\"--\">--<\/option><option value=\"District of Columbia\">District of Columbia<\/option><option value=\"Puerto Rico\">Puerto Rico<\/option><option value=\"Guam\">Guam<\/option><option value=\"American Samoa\">American Samoa<\/option><option value=\"U.S. Virgin Islands\">U.S. Virgin Islands<\/option><option value=\"Northern Mariana Islands\">Northern Mariana Islands<\/option><\/select><\/span>\n\t<\/p>\n<\/div>\n<div>\n\t<p><label>Votre email<span class=\"wppb-required\" title=\"This field is required\">*<\/span><\/label><br \/>\n<span class=\"wpcf7-form-control-wrap\" data-name=\"email-279\"><input size=\"40\" maxlength=\"400\" class=\"wpcf7-form-control wpcf7-email wpcf7-validates-as-required wpcf7-text wpcf7-validates-as-email\" aria-required=\"true\" aria-invalid=\"false\" value=\"\" type=\"email\" name=\"email-279\" \/><\/span>\n\t<\/p>\n<\/div>\n<div>\n\t<p><label>Votre message (en anglais, fran\u00e7ais ou allemand de pr\u00e9f\u00e9rence)<span class=\"wppb-required\" title=\"This field is required\">*<\/span><\/label><br \/>\n<span class=\"wpcf7-form-control-wrap\" data-name=\"textarea-935\"><textarea cols=\"40\" rows=\"10\" maxlength=\"2000\" class=\"wpcf7-form-control wpcf7-textarea wpcf7-validates-as-required\" aria-required=\"true\" aria-invalid=\"false\" name=\"textarea-935\"><\/textarea><\/span>\n\t<\/p>\n<\/div>\n<div>\n\t<p><span class=\"wpcf7-form-control-wrap\" data-name=\"checkbox-895\"><span class=\"wpcf7-form-control wpcf7-checkbox\"><span class=\"wpcf7-list-item first last\"><label><input type=\"checkbox\" name=\"checkbox-895[]\" value=\"Souhaitez-vous vous inscrire \u00e0 notre newsletter (tous les 3 mois)?\" \/><span class=\"wpcf7-list-item-label\">Souhaitez-vous vous inscrire \u00e0 notre newsletter (tous les 3 mois)?<\/span><\/label><\/span><\/span><\/span>\n\t<\/p>\n<\/div>\n<div style=\"text-align: left; margin: 37px 0 0;\">\n\t<p><input class=\"wpcf7-form-control wpcf7-submit has-spinner\" type=\"submit\" value=\"Envoyer\" \/>\n\t<\/p>\n<\/div><p style=\"display: none !important;\" class=\"akismet-fields-container\" data-prefix=\"_wpcf7_ak_\"><label>&#916;<textarea name=\"_wpcf7_ak_hp_textarea\" cols=\"45\" rows=\"8\" maxlength=\"100\"><\/textarea><\/label><input type=\"hidden\" id=\"ak_js_1\" name=\"_wpcf7_ak_js\" value=\"76\"\/><script>document.getElementById( \"ak_js_1\" ).setAttribute( \"value\", ( new Date() ).getTime() );<\/script><\/p><div class=\"wpcf7-response-output\" aria-hidden=\"true\"><\/div>\n<\/form>\n<\/div>\n    <\/div>\n\t\t\t\t<\/div>\n\t\t\t\t<\/div>\n\t\t\t\t\t<\/div>\n\t\t<\/div>\n\t\t\t\t\t<\/div>\n\t\t<\/section>\n\t\t\t\t<\/div>\n\t\t","protected":false},"excerpt":{"rendered":"<p>ENTRONS EN CONTACT CONTACTEZ-NOUS AUJOURD&rsquo;HUI Envoyez-nous un message via notre formulaire (nous r\u00e9pondrons g\u00e9n\u00e9ralement sous 48h) Nous avons besoin de votre aide pour r\u00e9unir des contacts du monde entier. Merci de nous contacter si vous \u00eates int\u00e9ress\u00e9(e). Titre: Au choixMelleMrMmePrDr Pr\u00e9nom* Nom* Qui \u00eates-vous?* S\u00e9lectionnerPatientAidant&#8230;<\/p>\n","protected":false},"author":416,"featured_media":0,"parent":0,"menu_order":0,"comment_status":"closed","ping_status":"closed","template":"full_width.php","meta":{"give_campaign_id":0,"inline_featured_image":false,"footnotes":""},"class_list":["post-4500","page","type-page","status-publish","hentry"],"campaignId":"","_links":{"self":[{"href":"https:\/\/letscureacc.com\/fr\/wp-json\/wp\/v2\/pages\/4500","targetHints":{"allow":["GET"]}}],"collection":[{"href":"https:\/\/letscureacc.com\/fr\/wp-json\/wp\/v2\/pages"}],"about":[{"href":"https:\/\/letscureacc.com\/fr\/wp-json\/wp\/v2\/types\/page"}],"author":[{"embeddable":true,"href":"https:\/\/letscureacc.com\/fr\/wp-json\/wp\/v2\/users\/416"}],"replies":[{"embeddable":true,"href":"https:\/\/letscureacc.com\/fr\/wp-json\/wp\/v2\/comments?post=4500"}],"version-history":[{"count":0,"href":"https:\/\/letscureacc.com\/fr\/wp-json\/wp\/v2\/pages\/4500\/revisions"}],"wp:attachment":[{"href":"https:\/\/letscureacc.com\/fr\/wp-json\/wp\/v2\/media?parent=4500"}],"curies":[{"name":"wp","href":"https:\/\/api.w.org\/{rel}","templated":true}]}}