{"id":4987,"date":"2022-02-09T14:16:37","date_gmt":"2022-02-09T13:16:37","guid":{"rendered":"https:\/\/letscureacc.com\/?page_id=4987"},"modified":"2024-05-10T13:00:35","modified_gmt":"2024-05-10T11:00:35","slug":"groupes-facebook","status":"publish","type":"page","link":"https:\/\/letscureacc.com\/fr\/groupes-facebook\/","title":{"rendered":"Groupes Facebook"},"content":{"rendered":"\t\t<div data-elementor-type=\"wp-page\" data-elementor-id=\"4987\" class=\"elementor elementor-4987 elementor-674\">\n\t\t\t\t\t\t<section class=\"elementor-section elementor-top-section elementor-element elementor-element-2f84ef40 elementor-section-full_width elementor-section-height-default elementor-section-height-default parallax_section_no qode_elementor_container_no\" data-id=\"2f84ef40\" data-element_type=\"section\" data-e-type=\"section\" data-settings=\"{&quot;background_background&quot;:&quot;classic&quot;}\">\n\t\t\t\t\t\t<div class=\"elementor-container elementor-column-gap-default\">\n\t\t\t\t\t<div class=\"elementor-column elementor-col-100 elementor-top-column elementor-element elementor-element-55596fa4\" data-id=\"55596fa4\" data-element_type=\"column\" data-e-type=\"column\">\n\t\t\t<div class=\"elementor-widget-wrap elementor-element-populated\">\n\t\t\t\t\t\t<section class=\"elementor-section elementor-inner-section elementor-element elementor-element-da1aa8c elementor-section-boxed elementor-section-height-default elementor-section-height-default parallax_section_no qode_elementor_container_no\" data-id=\"da1aa8c\" data-element_type=\"section\" data-e-type=\"section\">\n\t\t\t\t\t\t<div class=\"elementor-container elementor-column-gap-extended\">\n\t\t\t\t\t<div class=\"elementor-column elementor-col-100 elementor-inner-column elementor-element elementor-element-916ce81\" data-id=\"916ce81\" data-element_type=\"column\" data-e-type=\"column\">\n\t\t\t<div class=\"elementor-widget-wrap elementor-element-populated\">\n\t\t\t\t\t\t<div class=\"elementor-element elementor-element-0119b7a elementor-widget elementor-widget-text-editor\" data-id=\"0119b7a\" data-element_type=\"widget\" data-e-type=\"widget\" data-widget_type=\"text-editor.default\">\n\t\t\t\t<div class=\"elementor-widget-container\">\n\t\t\t\t\t\t\t\t\t<h2 style=\"text-align: center;\">LES GROUPES FACEBOOK A TRAVERS LE MONDE POUR ECHANGER ENTRE PATIENTS<\/h2>\n<p>Nous ne sommes que quelques patients dans le monde atteints de cette maladie orpheline, et pour certains d&rsquo;entre nous, cela peut \u00eatre tr\u00e8s difficile car tr\u00e8s isol\u00e9s. Pouvoir interagir avec d&rsquo;autres patients est crucial : vous pouvez rencontrer des personnes vivant la m\u00eame (ou presque) situation, ayant les m\u00eames questions\u2026<\/p>\n<p>Voici une liste de groupes Facebook pour les PATIENTS DU CANCER DES SURR\u00c9NALES \u00e0 travers le monde dans diff\u00e9rentes langues (par ordre alphab\u00e9tique des langues). Ces groupes sont souvents priv\u00e9s et beaucoup d&rsquo;entre eux posent des questions avant de vous permettre de devenir membre.<\/p>\n<p>Si vous connaissez d&rsquo;autres groupes, merci de <a class=\"waffle-rich-text-link\" href=\"https:\/\/letscureacc.com\/contactez-nous\/?lang=fr\" data-sheets-formula-bar-text-link=\"http:\/\/membre.si\/\" data-sheets-formula-bar-text-style=\"font-size:15px;color:#ff0000;font-weight:normal;text-decoration:underline;font-family:''docs-Montserrat'';font-style:normal;text-decoration-skip-ink:none;\">nous contacter<\/a> afin que nous puissions demander aux responsables du groupe s&rsquo;ils nous autorisent \u00e0 les lister sur ce site.<\/p>\n<p>Merci aux diff\u00e9rentes personnes qui nous ont aid\u00e9es \u00e0 cr\u00e9er ce site : Martyn JONES (Anglais), Petra BRUEGMANN (Allemand), Kathleen FRISTENSKY et Th\u00e9r\u00e9se RODRIGUEZ-GITTON (Espagnol), Edoardo TERZOLO et Coralie GAMBRO (Italien), Emmanuelle AFONSO, H\u00e9l\u00e8ne SOBRAL et Maria VILLARES FRAGOSO (Portugais\/Br\u00e9silien), Melody ZHANG (Chinois). Kazutaka NANBA et Editage- Cactus Communications (Japonais).<\/p>\n\t\t\t\t\t\t\t\t<\/div>\n\t\t\t\t<\/div>\n\t\t\t\t\t<\/div>\n\t\t<\/div>\n\t\t\t\t\t<\/div>\n\t\t<\/section>\n\t\t\t\t\t<\/div>\n\t\t<\/div>\n\t\t\t\t\t<\/div>\n\t\t<\/section>\n\t\t\t\t<section class=\"elementor-section elementor-top-section elementor-element elementor-element-9ad4416 qode_elementor_container_inner elementor-section-boxed elementor-section-height-default elementor-section-height-default parallax_section_no\" data-id=\"9ad4416\" data-element_type=\"section\" data-e-type=\"section\" data-settings=\"{&quot;background_background&quot;:&quot;classic&quot;}\">\n\t\t\t\t\t\t<div class=\"elementor-container elementor-column-gap-default\">\n\t\t\t\t\t<div class=\"elementor-column elementor-col-100 elementor-top-column elementor-element elementor-element-c6af9da\" data-id=\"c6af9da\" data-element_type=\"column\" data-e-type=\"column\">\n\t\t\t<div class=\"elementor-widget-wrap elementor-element-populated\">\n\t\t\t\t\t\t<div class=\"elementor-element elementor-element-07b2e2b elementor-widget elementor-widget-text-editor\" data-id=\"07b2e2b\" data-element_type=\"widget\" data-e-type=\"widget\" data-widget_type=\"text-editor.default\">\n\t\t\t\t<div class=\"elementor-widget-container\">\n\t\t\t\t\t\t\t\t\t<h3>Anglais:<\/h3>\n<ul>\n<li style=\"font-weight: 400;\" aria-level=\"1\"><strong><a href=\"https:\/\/www.facebook.com\/groups\/122363381701199\/about\">ADRENAL CANCER WARRIORS\u2026STRONGER TOGETHER\u00a0<\/a><\/strong><\/li>\n<li style=\"font-weight: 400;\" aria-level=\"1\"><strong><a href=\"https:\/\/www.facebook.com\/groups\/537735743093284\/about\">ADRENAL HOPE<\/a><\/strong><\/li>\n<li aria-level=\"1\"><a href=\"https:\/\/www.facebook.com\/AssociationforMENdisorders\/\"><strong>AMEND<\/strong><\/a><\/li>\n<\/ul>\n<h3><\/h3>\n<h3>Fran\u00e7ais:<\/h3>\n<ul>\n<li style=\"font-weight: 400;\" aria-level=\"1\"><strong><a href=\"https:\/\/www.facebook.com\/groups\/198180076903407\/about\">CORTICOSURR\u00c9NALOME MALADIE ENDOCRINE<\/a><\/strong><\/li>\n<li style=\"font-weight: 400;\" aria-level=\"1\"><strong><a href=\"https:\/\/www.facebook.com\/groups\/542435622433109\/about\">SOUTIEN CORTICOSURR\u00c9NALOME, ADDISON ET CUSHING<\/a><\/strong><\/li>\n<\/ul>\n<h3><\/h3>\n<h3><span style=\"font-weight: 400;\">Russe:<\/span><\/h3>\n<ul>\n<li style=\"font-weight: 400;\" aria-level=\"1\"><strong><a href=\"https:\/\/www.facebook.com\/groups\/357604215111396\/about\">\u0410\u041a\u0420 &#8211; \u0410\u0434\u0440\u0435\u043d\u043e\u043a\u043e\u0440\u0442\u0438\u043a\u0430\u043b\u044c\u043d\u044b\u0439 \u0440\u0430\u043a &#8211; \u0440\u0430\u043a \u043a\u043e\u0440\u044b \u043d\u0430\u0434\u043f\u043e\u0447\u0435\u0447\u043d\u0438\u043a\u0430<\/a><\/strong><\/li>\n<\/ul>\n<h3><\/h3>\n<h3 style=\"font-weight: 400;\">Espagnol:<\/h3>\n<ul>\n<li><strong><a href=\"https:\/\/www.facebook.com\/Adisen.es\">ADISEN &#8211; ASOCIACION NACIONAL DE ADDISON Y OTRAS ENFERMEDADES ENDOCRINAS<\/a><\/strong><\/li>\n<\/ul>\n<p style=\"font-weight: 400;\">\n\t\t\t\t\t\t\t\t<\/div>\n\t\t\t\t<\/div>\n\t\t\t\t\t<\/div>\n\t\t<\/div>\n\t\t\t\t\t<\/div>\n\t\t<\/section>\n\t\t\t\t<\/div>\n\t\t","protected":false},"excerpt":{"rendered":"<p>LES GROUPES FACEBOOK A TRAVERS LE MONDE POUR ECHANGER ENTRE PATIENTS Nous ne sommes que quelques patients dans le monde atteints de cette maladie orpheline, et pour certains d&rsquo;entre nous, cela peut \u00eatre tr\u00e8s difficile car tr\u00e8s isol\u00e9s. Pouvoir interagir avec d&rsquo;autres patients est crucial&#8230;<\/p>\n","protected":false},"author":416,"featured_media":0,"parent":0,"menu_order":0,"comment_status":"closed","ping_status":"closed","template":"full_width.php","meta":{"give_campaign_id":0,"inline_featured_image":false,"footnotes":""},"class_list":["post-4987","page","type-page","status-publish","hentry"],"campaignId":"","_links":{"self":[{"href":"https:\/\/letscureacc.com\/fr\/wp-json\/wp\/v2\/pages\/4987","targetHints":{"allow":["GET"]}}],"collection":[{"href":"https:\/\/letscureacc.com\/fr\/wp-json\/wp\/v2\/pages"}],"about":[{"href":"https:\/\/letscureacc.com\/fr\/wp-json\/wp\/v2\/types\/page"}],"author":[{"embeddable":true,"href":"https:\/\/letscureacc.com\/fr\/wp-json\/wp\/v2\/users\/416"}],"replies":[{"embeddable":true,"href":"https:\/\/letscureacc.com\/fr\/wp-json\/wp\/v2\/comments?post=4987"}],"version-history":[{"count":0,"href":"https:\/\/letscureacc.com\/fr\/wp-json\/wp\/v2\/pages\/4987\/revisions"}],"wp:attachment":[{"href":"https:\/\/letscureacc.com\/fr\/wp-json\/wp\/v2\/media?parent=4987"}],"curies":[{"name":"wp","href":"https:\/\/api.w.org\/{rel}","templated":true}]}}