{"id":5011,"date":"2022-02-09T14:29:48","date_gmt":"2022-02-09T13:29:48","guid":{"rendered":"https:\/\/letscureacc.com\/?page_id=5011"},"modified":"2025-07-18T11:08:36","modified_gmt":"2025-07-18T09:08:36","slug":"de-la-part-de-ceux-qui-nous-ont-quittes","status":"publish","type":"page","link":"https:\/\/letscureacc.com\/fr\/de-la-part-de-ceux-qui-nous-ont-quittes\/","title":{"rendered":"De la part de ceux qui nous ont quitt\u00e9s"},"content":{"rendered":"\t\t<div data-elementor-type=\"wp-page\" data-elementor-id=\"5011\" class=\"elementor elementor-5011 elementor-679\">\n\t\t\t\t\t\t<section class=\"elementor-section elementor-top-section elementor-element elementor-element-2f84ef40 elementor-section-full_width elementor-section-height-default elementor-section-height-default parallax_section_no qode_elementor_container_no\" data-id=\"2f84ef40\" data-element_type=\"section\" data-e-type=\"section\" data-settings=\"{&quot;background_background&quot;:&quot;classic&quot;}\">\n\t\t\t\t\t\t<div class=\"elementor-container elementor-column-gap-default\">\n\t\t\t\t\t<div class=\"elementor-column elementor-col-100 elementor-top-column elementor-element elementor-element-55596fa4\" data-id=\"55596fa4\" data-element_type=\"column\" data-e-type=\"column\">\n\t\t\t<div class=\"elementor-widget-wrap elementor-element-populated\">\n\t\t\t\t\t\t<section class=\"elementor-section elementor-inner-section elementor-element elementor-element-da1aa8c elementor-section-boxed elementor-section-height-default elementor-section-height-default parallax_section_no qode_elementor_container_no\" data-id=\"da1aa8c\" data-element_type=\"section\" data-e-type=\"section\">\n\t\t\t\t\t\t<div class=\"elementor-container elementor-column-gap-extended\">\n\t\t\t\t\t<div class=\"elementor-column elementor-col-100 elementor-inner-column elementor-element elementor-element-916ce81\" data-id=\"916ce81\" data-element_type=\"column\" data-e-type=\"column\">\n\t\t\t<div class=\"elementor-widget-wrap elementor-element-populated\">\n\t\t\t\t\t\t<div class=\"elementor-element elementor-element-0119b7a elementor-widget elementor-widget-text-editor\" data-id=\"0119b7a\" data-element_type=\"widget\" data-e-type=\"widget\" data-widget_type=\"text-editor.default\">\n\t\t\t\t<div class=\"elementor-widget-container\">\n\t\t\t\t\t\t\t\t\t<h2 style=\"text-align: center;\">CERTAINS PATIENTS ONT PERDU LE COMBAT, MAIS ILS (OU LEURS FAMILLES) VEULENT VOUS VOIR VOUS BATTRE&#8230; POUR EUX<\/h2><p>Leurs histoires, m\u00eame si tristes, peuvent vous apporter des informations utiles&#8230; Ne les oubliez pas ET BATTEZ-VOUS !<\/p><p>Voici quelques sites internet :<\/p><ul><li>Drew O&rsquo;Donoghue, un musicien accompli, est mort \u00e0 22 ans apr\u00e8s une bataille d&rsquo;une ann\u00e9e (en anglais) : <a class=\"waffle-rich-text-link\" href=\"http:\/\/www.thedrewdonoghuefund.org\/\">http:\/\/www.thedrewdonoghuefund.org<\/a><\/li><li>Sarah G. a perdu sa bataille avec le corticosurr\u00e9nalome &#8211; Sarah est partie en laissant 2 jeunes enfants, son mari et sa famille bien-aim\u00e9e \u00e0 l&rsquo;\u00e2ge de 33 ans, et Kathleen avait juste 29 ans quand elle a quitt\u00e9 son mari bien-aim\u00e9 et sa famille pour toujours. Heureusement, le petit Micah, diagnostiqu\u00e9 \u00e0 4 ans, est aujourd&rsquo;hui \u00ab\u00a0sans \u00e9vidence de maladie\u00a0\u00bb apr\u00e8s une difficile bataille contre la maladie. Voici leurs histoires et beaucoup plus d&rsquo;explications sur le corticosurr\u00e9nalome sur le site (en anglais) <a class=\"waffle-rich-text-link\" href=\"https:\/\/www.accwarriors.org\/\">https:\/\/www.accwarriors.org<\/a><\/li><\/ul>\t\t\t\t\t\t\t\t<\/div>\n\t\t\t\t<\/div>\n\t\t\t\t\t<\/div>\n\t\t<\/div>\n\t\t\t\t\t<\/div>\n\t\t<\/section>\n\t\t\t\t\t<\/div>\n\t\t<\/div>\n\t\t\t\t\t<\/div>\n\t\t<\/section>\n\t\t\t\t<\/div>\n\t\t","protected":false},"excerpt":{"rendered":"<p>CERTAINS PATIENTS ONT PERDU LE COMBAT, MAIS ILS (OU LEURS FAMILLES) VEULENT VOUS VOIR VOUS BATTRE&#8230; POUR EUX Leurs histoires, m\u00eame si tristes, peuvent vous apporter des informations utiles&#8230; Ne les oubliez pas ET BATTEZ-VOUS ! Voici quelques sites internet : Drew O&rsquo;Donoghue, un musicien&#8230;<\/p>\n","protected":false},"author":416,"featured_media":0,"parent":0,"menu_order":0,"comment_status":"closed","ping_status":"closed","template":"full_width.php","meta":{"give_campaign_id":0,"inline_featured_image":false,"footnotes":""},"class_list":["post-5011","page","type-page","status-publish","hentry"],"campaignId":"","_links":{"self":[{"href":"https:\/\/letscureacc.com\/fr\/wp-json\/wp\/v2\/pages\/5011","targetHints":{"allow":["GET"]}}],"collection":[{"href":"https:\/\/letscureacc.com\/fr\/wp-json\/wp\/v2\/pages"}],"about":[{"href":"https:\/\/letscureacc.com\/fr\/wp-json\/wp\/v2\/types\/page"}],"author":[{"embeddable":true,"href":"https:\/\/letscureacc.com\/fr\/wp-json\/wp\/v2\/users\/416"}],"replies":[{"embeddable":true,"href":"https:\/\/letscureacc.com\/fr\/wp-json\/wp\/v2\/comments?post=5011"}],"version-history":[{"count":0,"href":"https:\/\/letscureacc.com\/fr\/wp-json\/wp\/v2\/pages\/5011\/revisions"}],"wp:attachment":[{"href":"https:\/\/letscureacc.com\/fr\/wp-json\/wp\/v2\/media?parent=5011"}],"curies":[{"name":"wp","href":"https:\/\/api.w.org\/{rel}","templated":true}]}}