{"id":5117,"date":"2022-02-11T14:07:41","date_gmt":"2022-02-11T13:07:41","guid":{"rendered":"https:\/\/letscureacc.com\/?page_id=5117"},"modified":"2025-11-13T16:25:44","modified_gmt":"2025-11-13T15:25:44","slug":"devenez-membre","status":"publish","type":"page","link":"https:\/\/letscureacc.com\/fr\/devenez-membre\/","title":{"rendered":"Devenez membre"},"content":{"rendered":"\t\t<div data-elementor-type=\"wp-page\" data-elementor-id=\"5117\" class=\"elementor elementor-5117 elementor-512\">\n\t\t\t\t\t\t<section class=\"elementor-section elementor-top-section elementor-element elementor-element-9c5577b elementor-section-boxed elementor-section-height-default elementor-section-height-default parallax_section_no qode_elementor_container_no\" data-id=\"9c5577b\" data-element_type=\"section\" data-e-type=\"section\">\n\t\t\t\t\t\t<div class=\"elementor-container elementor-column-gap-default\">\n\t\t\t\t\t<div class=\"elementor-column elementor-col-100 elementor-top-column elementor-element elementor-element-403e058\" data-id=\"403e058\" data-element_type=\"column\" data-e-type=\"column\">\n\t\t\t<div class=\"elementor-widget-wrap elementor-element-populated\">\n\t\t\t\t\t\t<div class=\"elementor-element elementor-element-bb5320c elementor-widget elementor-widget-text-editor\" data-id=\"bb5320c\" data-element_type=\"widget\" data-e-type=\"widget\" data-widget_type=\"text-editor.default\">\n\t\t\t\t<div class=\"elementor-widget-container\">\n\t\t\t\t\t\t\t\t\t<h2 style=\"text-align: center;\">EN TANT QU&rsquo;ASSOCIATION, NOUS AVONS BESOIN DE MEMBRES !<\/h2><p><span style=\"font-weight: 400;\">Nous sommes conscients du fardeau financier que le corticosurr\u00e9nalome entra\u00eene, c\u2019est pourquoi nous maintenons une contribution symbolique. Nous sugg\u00e9rons et <strong>appr\u00e9cierions un don de 20 \u20ac,<\/strong> mais vous \u00eates libre de donner le montant qui vous semble juste \u2014 qu\u2019il soit sup\u00e9rieur ou inf\u00e9rieur. Chaque contribution compte, que vous soyez patient, aidant, membre de la famille, ami ou professionnel de sant\u00e9.<\/span><\/p><p><strong>Comment l&rsquo;argent sera utilis\u00e9 ?<\/strong><\/p><p>Nous \u00e9tablirons un rapport financier chaque ann\u00e9e avec le d\u00e9tail des entr\u00e9es et d\u00e9penses. Pour information, l&rsquo;argent collect\u00e9 sera utilis\u00e9 pour :<\/p><ul><li>Les frais de l&rsquo;association.<\/li><li>La maintenance du site.<\/li><li><strong>Et surtout pour aider la recherche<\/strong> : les d\u00e9tails de chaque d\u00e9pense figureront dans la newsletter.<\/li><\/ul><p>La majorit\u00e9 du site est en acc\u00e8s public, ouvert \u00e0 tous, pour permettre \u00e0 toute personne de chercher et trouver l&rsquo;information n\u00e9cessaire. Notre objectif est de f\u00e9d\u00e9rer l&rsquo;ensemble de la communaut\u00e9 du corticosurr\u00e9nalome. Mais il il y une petite partie \u00ab\u00a0<a href=\"https:\/\/lcacc.wpengine.com\/devenez-membre\/?lang=fr\">POUR NOS MEMBRES<\/a>\u00a0\u00bb qui vous permet d&rsquo;acc\u00e9der aux noms et contacts des experts m\u00e9dicaux (avec leur autorisation), aux derni\u00e8res informations m\u00e9dicales et aux derni\u00e8res nouvelles de la communaut\u00e9 ACC (corticosurr\u00e9nalome en anglais), incluant les essais m\u00e9dicaux en cours. Nous avons choisi de demander ce montant symbolique de frais d&rsquo;adh\u00e9sion pour cette partie du site uniquement.<\/p><p><span style=\"font-weight: 400;\">Choisissez le montant que vous souhaitez donner \u2014 nous sugg\u00e9rons 20 \u20ac, mais toute contribution est la bienvenue. Vous serez ensuite redirig\u00e9 vers le site s\u00e9curis\u00e9 de paiement pour proc\u00e9der au r\u00e8glement. Il n\u2019y a pas de renouvellement automatique des frais d\u2019adh\u00e9sion.<\/span><\/p><p>.<\/p>\t\t\t\t\t\t\t\t<\/div>\n\t\t\t\t<\/div>\n\t\t\t\t\t<\/div>\n\t\t<\/div>\n\t\t\t\t\t<\/div>\n\t\t<\/section>\n\t\t\t\t<section class=\"elementor-section elementor-top-section elementor-element elementor-element-7de7387c elementor-section-boxed elementor-section-height-default elementor-section-height-default parallax_section_no qode_elementor_container_no\" data-id=\"7de7387c\" data-element_type=\"section\" data-e-type=\"section\">\n\t\t\t\t\t\t<div class=\"elementor-container elementor-column-gap-default\">\n\t\t\t\t\t<div class=\"elementor-column elementor-col-100 elementor-top-column elementor-element elementor-element-5cbdacac\" data-id=\"5cbdacac\" data-element_type=\"column\" data-e-type=\"column\">\n\t\t\t<div class=\"elementor-widget-wrap elementor-element-populated\">\n\t\t\t\t\t\t<div class=\"elementor-element elementor-element-12c53e4 elementor-widget elementor-widget-shortcode\" data-id=\"12c53e4\" data-element_type=\"widget\" data-e-type=\"widget\" data-widget_type=\"shortcode.default\">\n\t\t\t\t<div class=\"elementor-widget-container\">\n\t\t\t\t\t\t\t<div class=\"elementor-shortcode\">        <form enctype=\"multipart\/form-data\" method=\"post\" id=\"wppb-register-user\" class=\"wppb-user-forms wppb-register-user wppb-user-logged-out\" action=\"https:\/\/letscureacc.com\/fr\/wp-json\/wp\/v2\/pages\/5117\">\n\t\t\t<ul><li class=\"wppb-form-field wppb-default-username\" id=\"wppb-form-element-2\">\n\t\t\t<label for=\"username\">Nom d'utilisateur<span class=\"wppb-required\" title=\"This field is required\">*<\/span><\/label>\n\t\t\t<input class=\"text-input default_field_username \" name=\"username\" maxlength=\"70\" type=\"text\" id=\"username\" value=\"\"  \/><\/li><li class=\"wppb-form-field wppb-default-first-name\" id=\"wppb-form-element-3\">\n\t\t\t<label for=\"first_name\">Pr\u00e9nom<\/label>\n\t\t\t<input class=\"text-input default_field_firstname \" name=\"first_name\" maxlength=\"70\" type=\"text\" id=\"first_name\" value=\"\"  \/><\/li><li class=\"wppb-form-field wppb-default-last-name\" id=\"wppb-form-element-4\">\n\t\t\t<label for=\"last_name\">Nom<\/label>\n\t\t\t<input class=\"text-input default_field_lastname \" name=\"last_name\" maxlength=\"70\" type=\"text\" id=\"last_name\" value=\"\" \/><\/li><li class=\"wppb-form-field wppb-default-e-mail\" id=\"wppb-form-element-8\">\n\t\t\t<label for=\"email\">Votre email<span class=\"wppb-required\" title=\"This field is required\">*<\/span><\/label>\n\t\t\t<input class=\"text-input default_field_email \" name=\"email\" maxlength=\"70\" type=\"email\" id=\"email\" value=\"\"   \/><\/li><li class=\"wppb-form-field wppb-select\" id=\"wppb-form-element-21\">\n\t\t\t\t<label for=\"custom_field_4\">Qui \u00eates-vous?<span class=\"wppb-required\" title=\"This field is required\">*<\/span><\/label>\n\t\t\t\t<select name=\"custom_field_4\" id=\"custom_field_4\" class=\"custom_field_select\" ><option value=\"Patient\" class=\"custom_field_select_option \" >Patient<\/option><option value=\"Caregiver \/ friend of a patient\" class=\"custom_field_select_option \" >Aidant \/ Ami d'un patient<\/option><option value=\"Medical professional\" class=\"custom_field_select_option \" >Expert m\u00e9dical<\/option><option value=\"Other\" class=\"custom_field_select_option \" >Autre (dans ce cas merci de pr\u00e9ciser dans votre message)<\/option>\n\t\t\t\t<\/select><\/li><li class=\"wppb-form-field wppb-select\" id=\"wppb-form-element-22\">\n\t\t\t\t<label for=\"custom_field_5\">Pourquoi souhaitez-vous devenir membre?<span class=\"wppb-required\" title=\"This field is required\">*<\/span><\/label>\n\t\t\t\t<select name=\"custom_field_5\" id=\"custom_field_5\" class=\"custom_field_select\" ><option value=\"Thankful for the help of the website and want to contribute\/keep in touch\" class=\"custom_field_select_option \" >Remercier pour l'aide apport\u00e9e par le site web et pour contribuer\/ rester en contact<\/option><option value=\"Get in touch with medical experts\" class=\"custom_field_select_option \" >Entrer en contact avec des experts m\u00e9dicaux<\/option><option value=\"Knowing the latest in research on ACC\" class=\"custom_field_select_option \" >En apprendre plus sur l'ACC<\/option><option value=\"Giving to research\" class=\"custom_field_select_option \" >Donner \u00e0 la recherche<\/option><option value=\"Receive the newsletter\" class=\"custom_field_select_option \" >Recevoir la newsletter<\/option><option value=\"Other\" class=\"custom_field_select_option \" >Autre<\/option>\n\t\t\t\t<\/select><\/li><li class=\"wppb-form-field wppb-select-country\" id=\"wppb-form-element-19\"><\/li><li class=\"wppb-form-field wppb-default-password\" id=\"wppb-form-element-12\">\n\t\t\t<label for=\"passw1\">Mot de passe<span class=\"wppb-required\" title=\"This field is required\">*<\/span><\/label>\n            <span class=\"wppb-password-field-container\">\n\t\t\t    <input class=\"text-input \" name=\"passw1\" maxlength=\"70\" type=\"password\" id=\"passw1\" value=\"\" autocomplete=\"off\" \/>\n\t\t\t     <!-- add the HTML for the visibility toggle -->\n\t\t\t<\/span><span class=\"wppb-description-delimiter\"> <\/span><\/li><li class=\"wppb-form-field wppb-default-repeat-password\" id=\"wppb-form-element-13\">\n\t\t\t<label for=\"passw2\">Saisir \u00e0 nouveau mon mot de passe<span class=\"wppb-required\" title=\"This field is required\">*<\/span><\/label>\n\t\t\t<span class=\"wppb-password-field-container\">\n\t\t\t    <input class=\"text-input \" name=\"passw2\" maxlength=\"70\" type=\"password\" id=\"passw2\" value=\"\" autocomplete=\"off\" \/>\n\t\t\t     <!-- add the HTML for the visibility toggle -->\n\t\t\t<\/span><\/li><li class=\"wppb-form-field wppb-mailchimp-subscribe\" id=\"wppb-form-element-20\"><\/li><li class=\"wppb-form-field wppb-subscription-plans\" id=\"wppb-form-element-14\"><div class=\"pms-subscription-plan pms-hidden pms-subscription-plan-7950\"><input type=\"hidden\" name=\"subscription_plans\" data-price=\"1\" data-duration=\"1\" data-fixed_membership=\"\" data-allow_renew=\"\" data-sign_up_fee=\"0\" data-trial=\"0\" data-recurring=\"0\"  value=\"7950\" \/><label><span class=\"pms-subscription-plan-name\">Membre<\/span><span class=\"pms-subscription-plan-price\"><span class=\"pms-divider\"> - <\/span> Quel montant seriez-vous pr\u00eat \u00e0 donner? (&#8364;) <input name=\"subscription_price_7950\" type=\"text\" class=\"small pms_pwyw_pricing\" value=\"1\"><span class=\"pms-divider pms-duration-divider\"> \/ <\/span><span class=\"pms-subscription-plan-duration\">1 An<\/span><\/span><span class=\"pms-subscription-plan-trial\"><\/span><span class=\"pms-subscription-plan-sign-up-fee\"><\/span><\/label><\/div><input type=\"hidden\" name=\"pms_default_recurring\" value=\"3\" \/><\/li><li class=\"wppb-form-field wppb-recaptcha wppb-recaptcha-v2\" id=\"wppb-form-element-15\"><label for=\"recaptcha_response_field\"> <span class=\"wppb-required\" title=\"This field is required\">*<\/span><\/label><div id=\"wppb-recaptcha-element-pb_register1\" class=\"wppb-recaptcha-element \"><\/div><span class=\"wppb-description-delimiter\"> <\/span><\/li><div class=\"pms-paygates-holder\"><div id=\"pms-paygates-wrapper\"><h3>S\u00e9lectionner un moyen de paiement<\/h3><div id=\"pms-paygates-inner\"><label><input type=\"radio\" class=\"pms_pay_gate\" name=\"pay_gate\" value=\"manual\" data-sign_up_fee=\"1\" data-trial=\"1\" data-recurring=\"1\"  \/><span class=\"pms-paygate-name\">Manual \/ Offline<\/span><\/label><label><input type=\"radio\" class=\"pms_pay_gate\" name=\"pay_gate\" value=\"paypal_connect\" data-sign_up_fee=\"1\" data-trial=\"1\" data-recurring=\"1\"  data-type=\"extra_fields\" \/><span class=\"pms-paygate-name\">PayPal<\/span><\/label><label><input type=\"radio\" class=\"pms_pay_gate\" name=\"pay_gate\" value=\"stripe_connect\"  checked='checked'data-sign_up_fee=\"1\" data-trial=\"1\" data-recurring=\"1\"  data-type=\"extra_fields\" \/><span class=\"pms-paygate-name\">Carte de cr\u00e9dit\/ d\u00e9bit<\/span><\/label><\/div><div id=\"pms-gateways-not-available\"><span>Aucune m\u00e9thode de payement n'est disponible pour le plan choisi.<\/span><\/div><\/div><ul id=\"pms-stripe-connect\" class=\"pms-field-section pms-paygate-extra-fields pms-paygate-extra-fields-stripe_connect\"><li class=\"pms-field pms-field-type-heading \"><h3>Payment Details<\/h3><\/li><div class=\"pms-spinner__holder\"><div class=\"pms-spinner\"><\/div><\/div><div id=\"pms-stripe-payment-elements\" style=\"display:none\"><\/div><\/ul><ul id=\"pms-paypal-connect\" class=\"pms-field-section pms-paygate-extra-fields pms-paygate-extra-fields-paypal_connect\"><div id=\"pms-paygate-extra-fields-paypal_connect__placeholder\">Before you can accept payments, you need to connect your PayPal account by going to Dashboard -> Paid Member Subscriptions -> Settings -> Payments -> <a href=\"https:\/\/letscureacc.com\/wp-admin\/admin.php?page=pms-settings-page&#038;tab=payments&#038;nav_sub_tab=payments_gateways\">Gateways<\/a>.<\/div><\/ul><\/div><input type=\"hidden\" id=\"pms-process-checkout-nonce\" name=\"pms_process_checkout_nonce\" value=\"0fa45dcf21\"\/><input type=\"hidden\" id=\"stripe-pk\" value=\"pk_live_51RqrySC5EkX6O9JyXLhGMtcNtIUdyCiiXr5xFKWjJF1TLL3aKUMIU0kJsnh3DojxRi8PNzglsKVvjq584arj2nYx00bAjB7Ecx\" \/><input type=\"hidden\" name=\"pms_stripe_connect_payment_intent\" value=\"\"\/><input type=\"hidden\" name=\"pms_stripe_connect_setup_intent\" value=\"\"\/><input type=\"hidden\" id=\"pms-stripe-ajax-update-payment-intent-nonce\" name=\"stripe_ajax_update_payment_intent_nonce\" value=\"d52b8481b0\"\/><\/ul><span id=\"pms-submit-button-loading-placeholder-text\" style=\"display: none;\">En cours. Patientez, s&#039;il vous pla\u00eet...<\/span><\/ul><ul><input id=\"send_credentials_via_email\" type=\"hidden\" name=\"send_credentials_via_email\" value=\"sending\"\/><\/ul><\/ul>\t\t\t<p class=\"form-submit\"  >\n\t\t\t\t                \t\t\t\t<input name=\"register\" type=\"submit\" id=\"register\" class=\"submit button\" value=\"S&#039;enregistrer\" \/>\n                <input name=\"redirect_to\" type=\"hidden\" value=\"\" \/>\n                \t\t\t\t<input name=\"action\" type=\"hidden\" id=\"action\" value=\"register\" \/>\n\t\t\t\t<input name=\"form_name\" type=\"hidden\" id=\"form_name\" value=\"unspecified\" \/>\n\t\t\t\t<input name=\"form_id\" type=\"hidden\" id=\"form_id\" value=\"\" \/>\n\t\t\t\t\t\t\t<\/p><!-- .form-submit -->\n\t\t\t<input type=\"hidden\" id=\"register_unspecified_nonce_field\" name=\"register_unspecified_nonce_field\" value=\"105085229c\" \/><input type=\"hidden\" name=\"_wp_http_referer\" value=\"\/fr\/wp-json\/wp\/v2\/pages\/5117\" \/>\t\t<\/form>\n\t\t<\/div>\n\t\t\t\t\t\t<\/div>\n\t\t\t\t<\/div>\n\t\t\t\t\t<\/div>\n\t\t<\/div>\n\t\t\t\t\t<\/div>\n\t\t<\/section>\n\t\t\t\t<\/div>\n\t\t","protected":false},"excerpt":{"rendered":"<p>EN TANT QU&rsquo;ASSOCIATION, NOUS AVONS BESOIN DE MEMBRES ! Nous sommes conscients du fardeau financier que le corticosurr\u00e9nalome entra\u00eene, c\u2019est pourquoi nous maintenons une contribution symbolique. Nous sugg\u00e9rons et appr\u00e9cierions un don de 20 \u20ac, mais vous \u00eates libre de donner le montant qui vous&#8230;<\/p>\n","protected":false},"author":416,"featured_media":0,"parent":0,"menu_order":0,"comment_status":"closed","ping_status":"closed","template":"","meta":{"give_campaign_id":0,"inline_featured_image":false,"footnotes":""},"class_list":["post-5117","page","type-page","status-publish","hentry"],"campaignId":"","_links":{"self":[{"href":"https:\/\/letscureacc.com\/fr\/wp-json\/wp\/v2\/pages\/5117","targetHints":{"allow":["GET"]}}],"collection":[{"href":"https:\/\/letscureacc.com\/fr\/wp-json\/wp\/v2\/pages"}],"about":[{"href":"https:\/\/letscureacc.com\/fr\/wp-json\/wp\/v2\/types\/page"}],"author":[{"embeddable":true,"href":"https:\/\/letscureacc.com\/fr\/wp-json\/wp\/v2\/users\/416"}],"replies":[{"embeddable":true,"href":"https:\/\/letscureacc.com\/fr\/wp-json\/wp\/v2\/comments?post=5117"}],"version-history":[{"count":0,"href":"https:\/\/letscureacc.com\/fr\/wp-json\/wp\/v2\/pages\/5117\/revisions"}],"wp:attachment":[{"href":"https:\/\/letscureacc.com\/fr\/wp-json\/wp\/v2\/media?parent=5117"}],"curies":[{"name":"wp","href":"https:\/\/api.w.org\/{rel}","templated":true}]}}