{"id":9564,"date":"2025-02-03T17:14:23","date_gmt":"2025-02-03T16:14:23","guid":{"rendered":"https:\/\/letscureacc.com\/gerer-les-effets-psychologiques-du-corticosurrenalome\/"},"modified":"2025-02-04T16:21:01","modified_gmt":"2025-02-04T15:21:01","slug":"gerer-les-effets-psychologiques-du-corticosurrenalome","status":"publish","type":"page","link":"https:\/\/letscureacc.com\/fr\/gerer-les-effets-psychologiques-du-corticosurrenalome\/","title":{"rendered":"G\u00e9rer les effets psychologiques du corticosurr\u00e9nalome"},"content":{"rendered":"\t\t<div data-elementor-type=\"wp-page\" data-elementor-id=\"9564\" class=\"elementor elementor-9564 elementor-9560\">\n\t\t\t\t\t\t<section class=\"elementor-section elementor-top-section elementor-element elementor-element-2c4fe74 elementor-section-boxed elementor-section-height-default elementor-section-height-default parallax_section_no qode_elementor_container_no\" data-id=\"2c4fe74\" data-element_type=\"section\" data-e-type=\"section\">\n\t\t\t\t\t\t<div class=\"elementor-container elementor-column-gap-default\">\n\t\t\t\t\t<div class=\"elementor-column elementor-col-100 elementor-top-column elementor-element elementor-element-82bfca8\" data-id=\"82bfca8\" data-element_type=\"column\" data-e-type=\"column\">\n\t\t\t<div class=\"elementor-widget-wrap elementor-element-populated\">\n\t\t\t\t\t\t<section class=\"elementor-section elementor-inner-section elementor-element elementor-element-9662267 elementor-section-boxed elementor-section-height-default elementor-section-height-default parallax_section_no qode_elementor_container_no\" data-id=\"9662267\" data-element_type=\"section\" data-e-type=\"section\">\n\t\t\t\t\t\t<div class=\"elementor-container elementor-column-gap-default\">\n\t\t\t\t\t<div class=\"elementor-column elementor-col-100 elementor-inner-column elementor-element elementor-element-765a5b2\" data-id=\"765a5b2\" data-element_type=\"column\" data-e-type=\"column\">\n\t\t\t<div class=\"elementor-widget-wrap elementor-element-populated\">\n\t\t\t\t\t\t<div class=\"elementor-element elementor-element-84a28f5 elementor-widget__width-initial elementor-widget elementor-widget-text-editor\" data-id=\"84a28f5\" data-element_type=\"widget\" data-e-type=\"widget\" data-widget_type=\"text-editor.default\">\n\t\t\t\t<div class=\"elementor-widget-container\">\n\t\t\t\t\t\t\t\t\t<h2 style=\"text-align: center;\"><strong>Conseils pour g\u00e9rer les aspects psychologiques du corticosurr\u00e9nalome<\/strong><\/h2>\n<p>(ou d&rsquo;autres cancers\/maladies rares) pendant le diagnostic, le traitement et au-del\u00e0.<\/p>\n\t\t\t\t\t\t\t\t<\/div>\n\t\t\t\t<\/div>\n\t\t\t\t\t<\/div>\n\t\t<\/div>\n\t\t\t\t\t<\/div>\n\t\t<\/section>\n\t\t\t\t\t<\/div>\n\t\t<\/div>\n\t\t\t\t\t<\/div>\n\t\t<\/section>\n\t\t\t\t<section class=\"elementor-section elementor-top-section elementor-element elementor-element-e5b8ec7 qode_elementor_container_inner elementor-section-boxed elementor-section-height-default elementor-section-height-default parallax_section_no\" data-id=\"e5b8ec7\" data-element_type=\"section\" data-e-type=\"section\" data-settings=\"{&quot;background_background&quot;:&quot;classic&quot;}\">\n\t\t\t\t\t\t<div class=\"elementor-container elementor-column-gap-default\">\n\t\t\t\t\t<div class=\"elementor-column elementor-col-100 elementor-top-column elementor-element elementor-element-164ae4e\" data-id=\"164ae4e\" data-element_type=\"column\" data-e-type=\"column\">\n\t\t\t<div class=\"elementor-widget-wrap elementor-element-populated\">\n\t\t\t\t\t\t<div class=\"elementor-element elementor-element-1cf9df6 elementor-widget elementor-widget-text-editor\" data-id=\"1cf9df6\" data-element_type=\"widget\" data-e-type=\"widget\" data-widget_type=\"text-editor.default\">\n\t\t\t\t<div class=\"elementor-widget-container\">\n\t\t\t\t\t\t\t\t\t<h3>AU MOMENT DU DIAGNOSTIC<\/h3><p><span style=\"font-weight: 400;\">\u00catre diagnostiqu\u00e9.e avec un <a href=\"https:\/\/letscureacc.com\/glossaryindex\/corticosurrenalome-adrenocortical-carcinoma\/?lang=fr\">corticosurr\u00e9nalome<\/a> ou une autre maladie\/cancer rare peut susciter une multitude d&rsquo;\u00e9motions, notamment la col\u00e8re, la tristesse, la peur, etc. Tous vos sentiments sont valides. Notre site web a \u00e9t\u00e9 cr\u00e9\u00e9 \u00e0 cet effet, n\u2019h\u00e9sitez pas \u00e0 l\u2019explorer. Quelques conseils pour cette p\u00e9riode difficile :<\/span><\/p><ul><li style=\"font-weight: 400;\" aria-level=\"1\"><span style=\"font-weight: 400;\">Amenez quelqu\u2019un avec vous \u00e0 vos rendez-vous pour noter les informations. Cela vous aidera \u00e0 retenir les d\u00e9tails que vous pourriez oublier \u00e0 cause des \u00e9motions qui tourbillonnent dans votre t\u00eate.\u00a0<\/span><\/li><li style=\"font-weight: 400;\" aria-level=\"1\"><span style=\"font-weight: 400;\">\u00c9crivez dans un journal pour vous permettre d\u2019exprimer vos \u00e9motions.<\/span><\/li><li style=\"font-weight: 400;\" aria-level=\"1\"><span style=\"font-weight: 400;\">N\u2019ayez pas peur de demander de l\u2019aide. Soyez direct dans vos demandes : \u00ab<em>Peux-tu m\u2019emmener \u00e0 mon rendez-vous ?<\/em> \u00bb ou \u00ab <em>Peux-tu r\u00e9cup\u00e9rer ma commande de courses ?<\/em> \u00bb. Attribuer des t\u00e2ches sp\u00e9cifiques \u00e0 vos proches est une excellente fa\u00e7on d\u2019obtenir de l\u2019aide et de leur permettre de vous soutenir.<\/span><\/li><li style=\"font-weight: 400;\" aria-level=\"1\"><span style=\"font-weight: 400;\">Recherchez des ressources en ligne adapt\u00e9es \u00e0 votre diagnostic. Ne vous perdez pas dans un gouffre de recherches sur Google ! Assurez-vous de v\u00e9rifier la validit\u00e9 des ressources. Notre site web, bas\u00e9 sur des informations fiables, a \u00e9t\u00e9 con\u00e7u pour vous aider.<\/span><\/li><li style=\"font-weight: 400;\" aria-level=\"1\"><span style=\"font-weight: 400;\">Accordez-vous de la bienveillance. Votre maison est en d\u00e9sordre parce que vous \u00eates boulevers\u00e9 par cette nouvelle ? Ce n\u2019est pas grave !<\/span><\/li><li style=\"font-weight: 400;\" aria-level=\"1\"><span style=\"font-weight: 400;\">Acceptez la maladie. Ne vous demandez pas : \u00ab Pourquoi moi ? \u00bb. R\u00e9fl\u00e9chissez plut\u00f4t aux aspects positifs de votre vie et construisez dessus.<\/span><\/li><\/ul>\t\t\t\t\t\t\t\t<\/div>\n\t\t\t\t<\/div>\n\t\t\t\t\t<\/div>\n\t\t<\/div>\n\t\t\t\t\t<\/div>\n\t\t<\/section>\n\t\t\t\t<section class=\"elementor-section elementor-top-section elementor-element elementor-element-b502264 qode_elementor_container_inner elementor-section-boxed elementor-section-height-default elementor-section-height-default parallax_section_no\" data-id=\"b502264\" data-element_type=\"section\" data-e-type=\"section\" data-settings=\"{&quot;background_background&quot;:&quot;classic&quot;}\">\n\t\t\t\t\t\t<div class=\"elementor-container elementor-column-gap-default\">\n\t\t\t\t\t<div class=\"elementor-column elementor-col-100 elementor-top-column elementor-element elementor-element-db83c3c\" data-id=\"db83c3c\" data-element_type=\"column\" data-e-type=\"column\">\n\t\t\t<div class=\"elementor-widget-wrap elementor-element-populated\">\n\t\t\t\t\t\t<div class=\"elementor-element elementor-element-1c001ce elementor-widget elementor-widget-text-editor\" data-id=\"1c001ce\" data-element_type=\"widget\" data-e-type=\"widget\" data-widget_type=\"text-editor.default\">\n\t\t\t\t<div class=\"elementor-widget-container\">\n\t\t\t\t\t\t\t\t\t<h3><span style=\"font-weight: 400;\">PENDANT LE TRAITEMENT<\/span><\/h3>\n<p>Le traitement du corticosurr\u00e9nalome ou d&rsquo;autres maladies\/cancers rares peut peser sur votre sant\u00e9 mentale. Voici quelques conseils :<\/p>\n<ul>\n<li>N\u2019ayez pas peur de demander une aide professionnelle pour votre sant\u00e9 mentale. Renseignez-vous aupr\u00e8s de vos m\u00e9decins ou de votre assurance sant\u00e9 sur vos options.<\/li>\n<li>Donnez la priorit\u00e9 au repos si n\u00e9cessaire. Vous pousser jusqu\u2019\u00e0 l\u2019\u00e9puisement ne fera qu\u2019aggraver votre sant\u00e9 mentale. C\u2019est normal de se reposer.<\/li>\n<li>N\u2019h\u00e9sitez pas \u00e0 demander de l\u2019aide. Soyez clair dans vos demandes. (Voir les exemples ci-dessus.)<\/li>\n<li>Explorez la m\u00e9ditation\/la pleine conscience. Certaines personnes trouvent ces activit\u00e9s apaisantes.<\/li>\n<li>Si vous travaillez pendant le traitement, renseignez-vous sur les am\u00e9nagements que votre employeur peut vous proposer.<\/li>\n<li>Pratiquez des activit\u00e9s qui vous plaisent. Si votre niveau d\u2019\u00e9nergie est bas, optez pour des activit\u00e9s peu exigeantes comme des puzzles, des jeux de soci\u00e9t\u00e9 ou des arts\/cr\u00e9ations manuelles.<\/li>\n<li>Si vous \u00eates capable de faire de l\u2019exercice, m\u00eame une courte marche \u00e0 l\u2019ext\u00e9rieur peut \u00eatre b\u00e9n\u00e9fique pour votre sant\u00e9 mentale.<\/li>\n<li><a href=\"mailto:contact@letscureacc.com\">Contactez nous<\/a> si vous avez besoin de parler \u00e0 d\u2019autres patients ou consultez notre site web pour d\u00e9couvrir des <a href=\"https:\/\/letscureacc.com\/les-associations-nationales\/?lang=fr\">associations nationales<\/a> ou des <a href=\"https:\/\/letscureacc.com\/groupes-facebook\/?lang=fr\">groupes Facebook<\/a> \u00e0 rejoindre.<\/li>\n<li>Cr\u00e9ez des moments de bonheur avec vos proches ou en faisant des choses que vous aimez.<\/li>\n<\/ul>\n\t\t\t\t\t\t\t\t<\/div>\n\t\t\t\t<\/div>\n\t\t\t\t\t<\/div>\n\t\t<\/div>\n\t\t\t\t\t<\/div>\n\t\t<\/section>\n\t\t\t\t<section class=\"elementor-section elementor-top-section elementor-element elementor-element-e155980 qode_elementor_container_inner elementor-section-boxed elementor-section-height-default elementor-section-height-default parallax_section_no\" data-id=\"e155980\" data-element_type=\"section\" data-e-type=\"section\" data-settings=\"{&quot;background_background&quot;:&quot;classic&quot;}\">\n\t\t\t\t\t\t<div class=\"elementor-container elementor-column-gap-default\">\n\t\t\t\t\t<div class=\"elementor-column elementor-col-100 elementor-top-column elementor-element elementor-element-c9bb8af\" data-id=\"c9bb8af\" data-element_type=\"column\" data-e-type=\"column\">\n\t\t\t<div class=\"elementor-widget-wrap elementor-element-populated\">\n\t\t\t\t\t\t<div class=\"elementor-element elementor-element-1901b26 elementor-widget elementor-widget-text-editor\" data-id=\"1901b26\" data-element_type=\"widget\" data-e-type=\"widget\" data-widget_type=\"text-editor.default\">\n\t\t\t\t<div class=\"elementor-widget-container\">\n\t\t\t\t\t\t\t\t\t<h3>APR\u00c8S LE TRAITEMENT<\/h3><p>Les effets du traitement peuvent persister longtemps apr\u00e8s sa fin, physiquement et mentalement. Voici quelques conseils :<\/p><ul><li>Une fois le traitement termin\u00e9, vous aurez peut-\u00eatre plus de disponibilit\u00e9 mentale pour r\u00e9fl\u00e9chir \u00e0 ce que vous avez travers\u00e9. Cherchez une assistance professionnelle si n\u00e9cessaire.<\/li><li>Votre sant\u00e9 est votre priorit\u00e9. Apr\u00e8s un traitement pour un corticosurr\u00e9nalome, vous pourriez avoir \u00e0 g\u00e9rer une<a href=\"https:\/\/letscureacc.com\/glossaryindex\/insuffisance-surrenale-ou-maladie-daddison\/?lang=fr\"> insuffisance surr\u00e9nalienne.<\/a> Informez-vous sur cette condition et son traitement.<\/li><li>La vie sera diff\u00e9rente d\u2019avant votre diagnostic et les traitements. En fonction de ce que vous avez v\u00e9cu, des exp\u00e9riences faites et des restrictions physiques ou cognitives, fa\u00e7onnez votre nouvelle vie du mieux possible.<\/li><li>Notez tous les sympt\u00f4mes que vous ressentez, y compris ceux li\u00e9s \u00e0 vos \u00e9motions.<\/li><li>Concentrez-vous sur ce que vous pouvez contr\u00f4ler. Retrouver des routines peut vous aider \u00e0 regagner un sentiment de contr\u00f4le.<\/li><li>Envisagez de rejoindre un groupe de soutien. Parler avec d&rsquo;autres survivants du cancer peut \u00eatre b\u00e9n\u00e9fique.<\/li><li>Faites du b\u00e9n\u00e9volat : aider les autres peut canaliser votre \u00e9nergie tout en soutenant votre communaut\u00e9. Vous pouvez nous rejoindre en tant <a href=\"https:\/\/letscureacc.com\/nos-ambassadeurs\/?lang=fr\">qu\u2019ambassadeur<\/a>. <a href=\"mailto:contact@letscureacc.com\">Contactez-nous<\/a> si vous \u00eates int\u00e9ress\u00e9 !<\/li><\/ul>\t\t\t\t\t\t\t\t<\/div>\n\t\t\t\t<\/div>\n\t\t\t\t\t<\/div>\n\t\t<\/div>\n\t\t\t\t\t<\/div>\n\t\t<\/section>\n\t\t\t\t<section class=\"elementor-section elementor-top-section elementor-element elementor-element-647e707 elementor-section-boxed elementor-section-height-default elementor-section-height-default parallax_section_no qode_elementor_container_no\" data-id=\"647e707\" data-element_type=\"section\" data-e-type=\"section\">\n\t\t\t\t\t\t<div class=\"elementor-container elementor-column-gap-default\">\n\t\t\t\t\t<div class=\"elementor-column elementor-col-100 elementor-top-column elementor-element elementor-element-7ce53cd\" data-id=\"7ce53cd\" data-element_type=\"column\" data-e-type=\"column\">\n\t\t\t<div class=\"elementor-widget-wrap elementor-element-populated\">\n\t\t\t\t\t\t<div class=\"elementor-element elementor-element-9f38085 elementor-widget elementor-widget-text-editor\" data-id=\"9f38085\" data-element_type=\"widget\" data-e-type=\"widget\" data-widget_type=\"text-editor.default\">\n\t\t\t\t<div class=\"elementor-widget-container\">\n\t\t\t\t\t\t\t\t\t<h3><strong>DERNI\u00c8RES R\u00c9FLEXIONS<\/strong><\/h3>\n<p>Peu importe o\u00f9 vous en \u00eates dans votre parcours, si vous avez des pr\u00e9occupations concernant vos \u00e9motions ou votre sant\u00e9 mentale, partagez-les avec vos proches et votre \u00e9quipe m\u00e9dicale !<\/p>\n\t\t\t\t\t\t\t\t<\/div>\n\t\t\t\t<\/div>\n\t\t\t\t\t<\/div>\n\t\t<\/div>\n\t\t\t\t\t<\/div>\n\t\t<\/section>\n\t\t\t\t<\/div>\n\t\t","protected":false},"excerpt":{"rendered":"<p>Conseils pour g\u00e9rer les aspects psychologiques du corticosurr\u00e9nalome (ou d&rsquo;autres cancers\/maladies rares) pendant le diagnostic, le traitement et au-del\u00e0. AU MOMENT DU DIAGNOSTIC \u00catre diagnostiqu\u00e9.e avec un corticosurr\u00e9nalome ou une autre maladie\/cancer rare peut susciter une multitude d&rsquo;\u00e9motions, notamment la col\u00e8re, la tristesse, la peur,&#8230;<\/p>\n","protected":false},"author":416,"featured_media":0,"parent":0,"menu_order":0,"comment_status":"closed","ping_status":"closed","template":"full_width.php","meta":{"give_campaign_id":0,"inline_featured_image":false,"footnotes":""},"class_list":["post-9564","page","type-page","status-publish","hentry"],"campaignId":"","_links":{"self":[{"href":"https:\/\/letscureacc.com\/fr\/wp-json\/wp\/v2\/pages\/9564","targetHints":{"allow":["GET"]}}],"collection":[{"href":"https:\/\/letscureacc.com\/fr\/wp-json\/wp\/v2\/pages"}],"about":[{"href":"https:\/\/letscureacc.com\/fr\/wp-json\/wp\/v2\/types\/page"}],"author":[{"embeddable":true,"href":"https:\/\/letscureacc.com\/fr\/wp-json\/wp\/v2\/users\/416"}],"replies":[{"embeddable":true,"href":"https:\/\/letscureacc.com\/fr\/wp-json\/wp\/v2\/comments?post=9564"}],"version-history":[{"count":0,"href":"https:\/\/letscureacc.com\/fr\/wp-json\/wp\/v2\/pages\/9564\/revisions"}],"wp:attachment":[{"href":"https:\/\/letscureacc.com\/fr\/wp-json\/wp\/v2\/media?parent=9564"}],"curies":[{"name":"wp","href":"https:\/\/api.w.org\/{rel}","templated":true}]}}