{"id":9962,"date":"2025-11-18T14:45:36","date_gmt":"2025-11-18T13:45:36","guid":{"rendered":"https:\/\/letscureacc.com\/recherche-medicale\/"},"modified":"2025-11-19T14:23:24","modified_gmt":"2025-11-19T13:23:24","slug":"recherche-medicale","status":"publish","type":"page","link":"https:\/\/letscureacc.com\/fr\/recherche-medicale\/","title":{"rendered":"RECHERCHE MEDICALE"},"content":{"rendered":"\t\t<div data-elementor-type=\"wp-page\" data-elementor-id=\"9962\" class=\"elementor elementor-9962 elementor-9947\">\n\t\t\t\t\t\t<section class=\"elementor-section elementor-top-section elementor-element elementor-element-93f2e7e elementor-section-boxed elementor-section-height-default elementor-section-height-default parallax_section_no qode_elementor_container_no\" data-id=\"93f2e7e\" data-element_type=\"section\" data-e-type=\"section\">\n\t\t\t\t\t\t<div class=\"elementor-container elementor-column-gap-default\">\n\t\t\t\t\t<div class=\"elementor-column elementor-col-100 elementor-top-column elementor-element elementor-element-150b1fe\" data-id=\"150b1fe\" data-element_type=\"column\" data-e-type=\"column\">\n\t\t\t<div class=\"elementor-widget-wrap elementor-element-populated\">\n\t\t\t\t\t\t<div class=\"elementor-element elementor-element-7fbcca5 elementor-widget elementor-widget-text-editor\" data-id=\"7fbcca5\" data-element_type=\"widget\" data-e-type=\"widget\" data-widget_type=\"text-editor.default\">\n\t\t\t\t<div class=\"elementor-widget-container\">\n\t\t\t\t\t\t\t\t\t<h2 style=\"text-align: center;\"><strong>Pourquoi la recherche sur le corticosurr\u00e9nalome est-elle si importante pour les patients ?<\/strong><\/h2>\t\t\t\t\t\t\t\t<\/div>\n\t\t\t\t<\/div>\n\t\t\t\t\t<\/div>\n\t\t<\/div>\n\t\t\t\t\t<\/div>\n\t\t<\/section>\n\t\t\t\t<section class=\"elementor-section elementor-top-section elementor-element elementor-element-9f23499 elementor-section-boxed elementor-section-height-default elementor-section-height-default parallax_section_no qode_elementor_container_no\" data-id=\"9f23499\" data-element_type=\"section\" data-e-type=\"section\">\n\t\t\t\t\t\t<div class=\"elementor-container elementor-column-gap-default\">\n\t\t\t\t\t<div class=\"elementor-column elementor-col-100 elementor-top-column elementor-element elementor-element-6f2bdb3\" data-id=\"6f2bdb3\" data-element_type=\"column\" data-e-type=\"column\">\n\t\t\t<div class=\"elementor-widget-wrap\">\n\t\t\t\t\t\t\t<\/div>\n\t\t<\/div>\n\t\t\t\t\t<\/div>\n\t\t<\/section>\n\t\t\t\t<section class=\"elementor-section elementor-top-section elementor-element elementor-element-2f84ef40 elementor-section-full_width elementor-section-height-default elementor-section-height-default parallax_section_no qode_elementor_container_no\" data-id=\"2f84ef40\" data-element_type=\"section\" data-e-type=\"section\" data-settings=\"{&quot;background_background&quot;:&quot;classic&quot;}\">\n\t\t\t\t\t\t<div class=\"elementor-container elementor-column-gap-default\">\n\t\t\t\t\t<div class=\"elementor-column elementor-col-100 elementor-top-column elementor-element elementor-element-55596fa4\" data-id=\"55596fa4\" data-element_type=\"column\" data-e-type=\"column\">\n\t\t\t<div class=\"elementor-widget-wrap elementor-element-populated\">\n\t\t\t\t\t\t<div class=\"elementor-element elementor-element-7fbea2d elementor-widget elementor-widget-text-editor\" data-id=\"7fbea2d\" data-element_type=\"widget\" data-e-type=\"widget\" data-widget_type=\"text-editor.default\">\n\t\t\t\t<div class=\"elementor-widget-container\">\n\t\t\t\t\t\t\t\t\t<p><span style=\"font-weight: 400;\">Sans recherche, il ne peut y avoir de progr\u00e8s. Comme le <a href=\"https:\/\/letscureacc.com\/le-corticosurrenalome-chez-lenfant\/?lang=fr\">corticosurr\u00e9nalome ou ACC<\/a> (en anglais) est un cancer tr\u00e8s rare, chaque information compte. Compar\u00e9 \u00e0 des cancers plus fr\u00e9quents, nous savons encore relativement peu de choses sur la mani\u00e8re dont le corticosurr\u00e9nalome se d\u00e9veloppe ou pourquoi il se comporte diff\u00e9remment d\u2019une personne \u00e0 l\u2019autre. <\/span><\/p><p><span style=\"font-weight: 400;\">Chaque avanc\u00e9e dans la compr\u00e9hension et le traitement du corticosurr\u00e9nalome (ou ACC) commence par la recherche. Chaque \u00e9tude, chaque donn\u00e9e et chaque exp\u00e9rience partag\u00e9e aide les m\u00e9decins et les scientifiques du monde entier \u00e0 am\u00e9liorer le diagnostic, la th\u00e9rapie et le pronostic \u00e0 long terme. \u00c0 travers chaque essai clinique, et gr\u00e2ce \u00e0 chaque patient qui y participe, nous nous rapprochons de notre objectif : faire du corticosurr\u00e9nalome une maladie qui peut \u00eatre gu\u00e9rie. <\/span><\/p><p><span style=\"font-weight: 400;\">Gr\u00e2ce \u00e0 la recherche en cours, nous pouvons :<\/span><\/p><ul><li style=\"font-weight: 400;\" aria-level=\"1\"><span style=\"font-weight: 400;\">Comprendre comment le corticosurr\u00e9nalome se d\u00e9veloppe et se propage<\/span><\/li><li style=\"font-weight: 400;\" aria-level=\"1\"><span style=\"font-weight: 400;\">\u00c9laborer des traitements plus efficaces et plus personnalis\u00e9s<\/span><\/li><li style=\"font-weight: 400;\" aria-level=\"1\"><span style=\"font-weight: 400;\">R\u00e9duire les effets secondaires et am\u00e9liorer la qualit\u00e9 de vie<\/span><\/li><li style=\"font-weight: 400;\" aria-level=\"1\"><span style=\"font-weight: 400;\">Augmenter la survie \u00e0 long terme et les chances de gu\u00e9rison<\/span><\/li><\/ul>\t\t\t\t\t\t\t\t<\/div>\n\t\t\t\t<\/div>\n\t\t\t\t\t<\/div>\n\t\t<\/div>\n\t\t\t\t\t<\/div>\n\t\t<\/section>\n\t\t\t\t<section class=\"elementor-section elementor-top-section elementor-element elementor-element-7f7fd72 elementor-section-boxed elementor-section-height-default elementor-section-height-default parallax_section_no qode_elementor_container_no\" data-id=\"7f7fd72\" data-element_type=\"section\" data-e-type=\"section\">\n\t\t\t\t\t\t<div class=\"elementor-container elementor-column-gap-default\">\n\t\t\t\t\t<div class=\"elementor-column elementor-col-100 elementor-top-column elementor-element elementor-element-084148f\" data-id=\"084148f\" data-element_type=\"column\" data-e-type=\"column\">\n\t\t\t<div class=\"elementor-widget-wrap elementor-element-populated\">\n\t\t\t\t\t\t<div class=\"elementor-element elementor-element-86c90b1 elementor-widget elementor-widget-heading\" data-id=\"86c90b1\" data-element_type=\"widget\" data-e-type=\"widget\" data-widget_type=\"heading.default\">\n\t\t\t\t<div class=\"elementor-widget-container\">\n\t\t\t\t\t<h2 class=\"elementor-heading-title elementor-size-default\">Comment pouvez-vous facilement faire la diff\u00e9rence ?<\/h2>\t\t\t\t<\/div>\n\t\t\t\t<\/div>\n\t\t\t\t\t<\/div>\n\t\t<\/div>\n\t\t\t\t\t<\/div>\n\t\t<\/section>\n\t\t\t\t<section class=\"elementor-section elementor-top-section elementor-element elementor-element-bc3ab50 elementor-section-boxed elementor-section-height-default elementor-section-height-default parallax_section_no qode_elementor_container_no\" data-id=\"bc3ab50\" data-element_type=\"section\" data-e-type=\"section\">\n\t\t\t\t\t\t<div class=\"elementor-container elementor-column-gap-default\">\n\t\t\t\t\t<div class=\"elementor-column elementor-col-100 elementor-top-column elementor-element elementor-element-d8cbbb9\" data-id=\"d8cbbb9\" data-element_type=\"column\" data-e-type=\"column\">\n\t\t\t<div class=\"elementor-widget-wrap elementor-element-populated\">\n\t\t\t\t\t\t<div class=\"elementor-element elementor-element-52d9ce6 elementor-widget elementor-widget-text-editor\" data-id=\"52d9ce6\" data-element_type=\"widget\" data-e-type=\"widget\" data-widget_type=\"text-editor.default\">\n\t\t\t\t<div class=\"elementor-widget-container\">\n\t\t\t\t\t\t\t\t\t<p><span style=\"font-weight: 400;\">Vous pouvez soutenir la recherche de plusieurs fa\u00e7ons simples mais puissantes. L\u2019une des plus importantes consiste \u00e0  <\/span><b>participer \u00e0 un registre<\/b><span style=\"font-weight: 400;\">. Les registres recueillent des informations m\u00e9dicales anonymis\u00e9es &#8211; telles que les r\u00e9sultats d\u2019examens, les donn\u00e9es d\u2019imagerie et les r\u00e9sultats th\u00e9rapeutiques &#8211; provenant de personnes diagnostiqu\u00e9es avec un corticosurr\u00e9nalome. Ces donn\u00e9es aident les chercheurs \u00e0 identifier des sch\u00e9mas, \u00e0 am\u00e9liorer le diagnostic et \u00e0 d\u00e9velopper des traitements plus efficaces. <\/span><\/p><p><span style=\"font-weight: 400;\">Dans certains pays, un registre national du corticosurr\u00e9nalome est d\u00e9j\u00e0 en place, tandis que dans d\u2019autres, cette structure est encore en d\u00e9veloppement. M\u00eame si aucun registre national n\u2019existe l\u00e0 o\u00f9 vous vivez, la participation est souvent possible par le biais d\u2019un registre international ou d\u2019un centre sp\u00e9cialis\u00e9 dans le corticosurr\u00e9nalome. Les centres de r\u00e9f\u00e9rence connaissent bien les initiatives de recherche en cours et peuvent vous conseiller sur la fa\u00e7on de participer ou de partager vos donn\u00e9es. Il est pr\u00e9f\u00e9rable d\u2019en parler t\u00f4t avec votre m\u00e9decin traitant ou votre sp\u00e9cialiste du corticosurr\u00e9nalome afin de conna\u00eetre les options disponibles pour vous.   <\/span><\/p><p><span style=\"font-weight: 400;\">Une fois votre consentement donn\u00e9, vos donn\u00e9es anonymis\u00e9es sont g\u00e9n\u00e9ralement saisies dans le registre national (s\u2019il en existe un) et peuvent \u00eatre partag\u00e9es &#8211; sous forme anonymis\u00e9e &#8211; avec l\u2019un des deux principaux registres internationaux :<\/span><\/p><ul><li style=\"font-weight: 400;\" aria-level=\"1\"><span style=\"font-weight: 400;\">La plupart des pays europ\u00e9ens contribuent au registre ENS@T<\/span><\/li><li style=\"font-weight: 400;\" aria-level=\"1\"><span style=\"font-weight: 400;\">De nombreux centres en Am\u00e9rique, en Asie et en Australie participent au registre A5<\/span><\/li><\/ul><p><span style=\"font-weight: 400;\">Pour plus d\u2019informations, voir ci-apr\u00e8s.<\/span><\/p><p> <\/p>\t\t\t\t\t\t\t\t<\/div>\n\t\t\t\t<\/div>\n\t\t\t\t\t<\/div>\n\t\t<\/div>\n\t\t\t\t\t<\/div>\n\t\t<\/section>\n\t\t\t\t<section class=\"elementor-section elementor-top-section elementor-element elementor-element-e376d21 elementor-section-boxed elementor-section-height-default elementor-section-height-default parallax_section_no qode_elementor_container_no\" data-id=\"e376d21\" data-element_type=\"section\" data-e-type=\"section\">\n\t\t\t\t\t\t<div class=\"elementor-container elementor-column-gap-default\">\n\t\t\t\t\t<div class=\"elementor-column elementor-col-100 elementor-top-column elementor-element elementor-element-1798503\" data-id=\"1798503\" data-element_type=\"column\" data-e-type=\"column\">\n\t\t\t<div class=\"elementor-widget-wrap elementor-element-populated\">\n\t\t\t\t\t\t<div class=\"elementor-element elementor-element-6a00ec0 elementor-widget elementor-widget-heading\" data-id=\"6a00ec0\" data-element_type=\"widget\" data-e-type=\"widget\" data-widget_type=\"heading.default\">\n\t\t\t\t<div class=\"elementor-widget-container\">\n\t\t\t\t\t<h2 class=\"elementor-heading-title elementor-size-default\">Essais cliniques : acc\u00e8s \u00e0 de nouvelles options th\u00e9rapeutiques\n<\/h2>\t\t\t\t<\/div>\n\t\t\t\t<\/div>\n\t\t\t\t\t<\/div>\n\t\t<\/div>\n\t\t\t\t\t<\/div>\n\t\t<\/section>\n\t\t\t\t<section class=\"elementor-section elementor-top-section elementor-element elementor-element-f1669b7 elementor-section-boxed elementor-section-height-default elementor-section-height-default parallax_section_no qode_elementor_container_no\" data-id=\"f1669b7\" data-element_type=\"section\" data-e-type=\"section\">\n\t\t\t\t\t\t<div class=\"elementor-container elementor-column-gap-default\">\n\t\t\t\t\t<div class=\"elementor-column elementor-col-100 elementor-top-column elementor-element elementor-element-3decf31\" data-id=\"3decf31\" data-element_type=\"column\" data-e-type=\"column\">\n\t\t\t<div class=\"elementor-widget-wrap elementor-element-populated\">\n\t\t\t\t\t\t<div class=\"elementor-element elementor-element-cf06700 elementor-widget elementor-widget-text-editor\" data-id=\"cf06700\" data-element_type=\"widget\" data-e-type=\"widget\" data-widget_type=\"text-editor.default\">\n\t\t\t\t<div class=\"elementor-widget-container\">\n\t\t\t\t\t\t\t\t\t<p><span style=\"font-weight: 400;\">Si vous vivez avec un corticosurr\u00e9nalome, il se peut que l\u2019on vous propose de participer \u00e0 un essai clinique.<\/span><span style=\"font-weight: 400;\"><br><\/span><span style=\"font-weight: 400;\">Les essais cliniques testent de nouveaux traitements prometteurs sous surveillance m\u00e9dicale \u00e9troite. La participation est toujours volontaire, et vous recevrez des informations d\u00e9taill\u00e9es sur les avantages, les risques et les alternatives possibles. Ces \u00e9tudes ouvrent la voie \u00e0 la prochaine g\u00e9n\u00e9ration de traitements du corticosurr\u00e9nalome &#8211; et chaque participant contribue \u00e0 faire progresser la recherche. Sur les sites suivants, vous pouvez consulter les essais cliniques sur le corticosurr\u00e9nalome planifi\u00e9s, en cours ou termin\u00e9s, au moins pour l\u2019Europe et les \u00c9tats-Unis. Parlez-en \u00e0 votre m\u00e9decin pour savoir si un essai pourrait \u00eatre accessible pour vous. <\/span><\/p><ul><li style=\"font-weight: 400;\" aria-level=\"1\"><span style=\"font-weight: 400;\"><a href=\"https:\/\/www.clinicaltrialsregister.eu\/ctr-search\/search\">Registre europ\u00e9en des essais cliniques<\/a><\/span><span style=\"font-weight: 400;\"> <\/span><\/li><li style=\"font-weight: 400;\" aria-level=\"1\"><span style=\"font-weight: 400;\"><a href=\"https:\/\/clinicaltrials.gov\">Registre am\u00e9ricain (US NIH Clinical Trials)<\/a> <\/span><\/li><\/ul><p> <\/p>\t\t\t\t\t\t\t\t<\/div>\n\t\t\t\t<\/div>\n\t\t\t\t\t<\/div>\n\t\t<\/div>\n\t\t\t\t\t<\/div>\n\t\t<\/section>\n\t\t\t\t<section class=\"elementor-section elementor-top-section elementor-element elementor-element-da65bba elementor-section-boxed elementor-section-height-default elementor-section-height-default parallax_section_no qode_elementor_container_no\" data-id=\"da65bba\" data-element_type=\"section\" data-e-type=\"section\">\n\t\t\t\t\t\t<div class=\"elementor-container elementor-column-gap-default\">\n\t\t\t\t\t<div class=\"elementor-column elementor-col-100 elementor-top-column elementor-element elementor-element-c789827\" data-id=\"c789827\" data-element_type=\"column\" data-e-type=\"column\">\n\t\t\t<div class=\"elementor-widget-wrap elementor-element-populated\">\n\t\t\t\t\t\t<div class=\"elementor-element elementor-element-fcac1fc elementor-widget elementor-widget-heading\" data-id=\"fcac1fc\" data-element_type=\"widget\" data-e-type=\"widget\" data-widget_type=\"heading.default\">\n\t\t\t\t<div class=\"elementor-widget-container\">\n\t\t\t\t\t<h2 class=\"elementor-heading-title elementor-size-default\">M\u00e9decine personnalis\u00e9e : un traitement adapt\u00e9 \u00e0 chaque patient\n<\/h2>\t\t\t\t<\/div>\n\t\t\t\t<\/div>\n\t\t\t\t\t<\/div>\n\t\t<\/div>\n\t\t\t\t\t<\/div>\n\t\t<\/section>\n\t\t\t\t<section class=\"elementor-section elementor-top-section elementor-element elementor-element-c691034 elementor-section-boxed elementor-section-height-default elementor-section-height-default parallax_section_no qode_elementor_container_no\" data-id=\"c691034\" data-element_type=\"section\" data-e-type=\"section\">\n\t\t\t\t\t\t<div class=\"elementor-container elementor-column-gap-default\">\n\t\t\t\t\t<div class=\"elementor-column elementor-col-100 elementor-top-column elementor-element elementor-element-cb73338\" data-id=\"cb73338\" data-element_type=\"column\" data-e-type=\"column\">\n\t\t\t<div class=\"elementor-widget-wrap elementor-element-populated\">\n\t\t\t\t\t\t<div class=\"elementor-element elementor-element-d1efb44 elementor-widget elementor-widget-text-editor\" data-id=\"d1efb44\" data-element_type=\"widget\" data-e-type=\"widget\" data-widget_type=\"text-editor.default\">\n\t\t\t\t<div class=\"elementor-widget-container\">\n\t\t\t\t\t\t\t\t\t<p><span style=\"font-weight: 400;\">La recherche moderne se concentre sur les analyses mol\u00e9culaires et g\u00e9n\u00e9tiques. Ces \u00e9tudes montrent que chaque tumeur du corticosurr\u00e9nalome est unique &#8211; et que le traitement peut \u00eatre mieux adapt\u00e9 lorsqu\u2019on conna\u00eet ses caract\u00e9ristiques sp\u00e9cifiques. Pour les patients, c\u2019est pourquoi les tests g\u00e9n\u00e9tiques peuvent \u00eatre pertinents. En analysant \u00e0 la fois le profil g\u00e9n\u00e9tique de la tumeur et, dans certains cas, les g\u00e8nes du patient lui-m\u00eame, les m\u00e9decins peuvent d\u00e9terminer si certaines mutations ont pu provoquer le cancer ou pourraient influencer les choix th\u00e9rapeutiques. Dans certaines familles, ces r\u00e9sultats peuvent aussi aider \u00e0 d\u00e9tecter des maladies h\u00e9r\u00e9ditaires (comme le syndrome de Li-Fraumeni) n\u00e9cessitant une surveillance particuli\u00e8re. C\u2019est la base de la m\u00e9decine personnalis\u00e9e &#8211; o\u00f9 la th\u00e9rapie est con\u00e7ue en fonction de vos caract\u00e9ristiques personnelles, et non pas seulement de votre diagnostic. Elle n\u2019est peut-\u00eatre pas disponible partout, mais n\u2019h\u00e9sitez pas \u00e0 demander si cela pourrait \u00eatre une option pour vous.      <\/span><\/p>\t\t\t\t\t\t\t\t<\/div>\n\t\t\t\t<\/div>\n\t\t\t\t\t<\/div>\n\t\t<\/div>\n\t\t\t\t\t<\/div>\n\t\t<\/section>\n\t\t\t\t<section class=\"elementor-section elementor-top-section elementor-element elementor-element-df369f7 elementor-section-full_width elementor-section-height-default elementor-section-height-default parallax_section_no qode_elementor_container_no\" data-id=\"df369f7\" data-element_type=\"section\" data-e-type=\"section\" data-settings=\"{&quot;background_background&quot;:&quot;classic&quot;}\">\n\t\t\t\t\t\t<div class=\"elementor-container elementor-column-gap-default\">\n\t\t\t\t\t<div class=\"elementor-column elementor-col-100 elementor-top-column elementor-element elementor-element-29342f2\" data-id=\"29342f2\" data-element_type=\"column\" data-e-type=\"column\">\n\t\t\t<div class=\"elementor-widget-wrap elementor-element-populated\">\n\t\t\t\t\t\t<div class=\"elementor-element elementor-element-8407f1b elementor-widget elementor-widget-heading\" data-id=\"8407f1b\" data-element_type=\"widget\" data-e-type=\"widget\" data-widget_type=\"heading.default\">\n\t\t\t\t<div class=\"elementor-widget-container\">\n\t\t\t\t\t<h2 class=\"elementor-heading-title elementor-size-default\">Travailler ensemble au-del\u00e0 des fronti\u00e8res\n<\/h2>\t\t\t\t<\/div>\n\t\t\t\t<\/div>\n\t\t\t\t\t<\/div>\n\t\t<\/div>\n\t\t\t\t\t<\/div>\n\t\t<\/section>\n\t\t\t\t<section class=\"elementor-section elementor-top-section elementor-element elementor-element-e1c37f8 elementor-section-boxed elementor-section-height-default elementor-section-height-default parallax_section_no qode_elementor_container_no\" data-id=\"e1c37f8\" data-element_type=\"section\" data-e-type=\"section\">\n\t\t\t\t\t\t<div class=\"elementor-container elementor-column-gap-default\">\n\t\t\t\t\t<div class=\"elementor-column elementor-col-100 elementor-top-column elementor-element elementor-element-2ce492c\" data-id=\"2ce492c\" data-element_type=\"column\" data-e-type=\"column\">\n\t\t\t<div class=\"elementor-widget-wrap elementor-element-populated\">\n\t\t\t\t\t\t<div class=\"elementor-element elementor-element-4f5bff0 elementor-widget elementor-widget-text-editor\" data-id=\"4f5bff0\" data-element_type=\"widget\" data-e-type=\"widget\" data-widget_type=\"text-editor.default\">\n\t\t\t\t<div class=\"elementor-widget-container\">\n\t\t\t\t\t\t\t\t\t<p><span style=\"font-weight: 400;\">Comme le corticosurr\u00e9nalome (ou ACC) est rare, aucun pays ou h\u00f4pital ne peut recueillir seul suffisamment de donn\u00e9es. <\/span><span style=\"font-weight: 400;\"><br><\/span><span style=\"font-weight: 400;\">C\u2019est pourquoi la collaboration internationale est essentielle. Deux grands r\u00e9seaux mondiaux travaillent en \u00e9troite collaboration sur la recherche m\u00e9dicale et les essais cliniques :<\/span><\/p><ul><li style=\"font-weight: 400;\" aria-level=\"1\"><span style=\"font-weight: 400;\">Le r\u00e9seau europ\u00e9en pour l\u2019\u00e9tude des tumeurs surr\u00e9naliennes (ENSAT) : L\u2019ENSAT [European Network for the Study of Adrenal Tumors] r\u00e9unit des chercheurs et des m\u00e9decins du monde entier afin de partager les connaissances et d\u2019acc\u00e9l\u00e9rer les d\u00e9couvertes &#8211; pour que les nouvelles avanc\u00e9es b\u00e9n\u00e9ficient plus rapidement aux patients. Plus d\u2019informations sur ENS@T(<\/span><a href=\"https:\/\/ensat.wildapricot.org\"><span style=\"font-weight: 400;\"><strong>https:\/\/ensat.wildapricot.org<\/strong><\/span><\/a><span style=\"font-weight: 400;\">) ou par courriel \u00e0 <a href=\"mailto:%20ensatweb@gmail.com\">email<\/a><\/span><span style=\"font-weight: 400;\">. <\/span> <\/li><li style=\"font-weight: 400;\" aria-level=\"1\"><span style=\"font-weight: 400;\">L\u2019Alliance am\u00e9ricano-australo-asiatique des glandes surr\u00e9nales (A5) [American Australian Asian Adrenal Alliance] est un r\u00e9seau international en expansion regroupant plus de 50 institutions m\u00e9dicales et universitaires de premier plan, unies par une mission commune : faire progresser la recherche sur les maladies surr\u00e9naliennes. Plus d\u2019informations sur A5 (<\/span><a href=\"https:\/\/a5adrenal.org\"><span style=\"font-weight: 400;\"><strong>https:\/\/a5adrenal.org<\/strong><\/span><\/a><span style=\"font-weight: 400;\">) ou par courriel \u00e0 <a href=\"mailto:%20secretary@a5adrenal.org\">email.<\/a><\/span><\/li><\/ul><p><span style=\"font-weight: 400;\">Il existe \u00e9galement deux grands r\u00e9seaux collaborant sur le corticosurr\u00e9nalome p\u00e9diatrique. Ils collectent et partagent des donn\u00e9es afin de mieux comprendre la maladie et de progresser vers un traitement curatif. Pour plus d\u2019informations, cliquez <\/span><a href=\"https:\/\/letscureacc.com\/le-corticosurrenalome-chez-lenfant\/?lang=fr\"><span style=\"font-weight: 400;\"><strong>ici<\/strong>.<\/span><\/a><\/p>\t\t\t\t\t\t\t\t<\/div>\n\t\t\t\t<\/div>\n\t\t\t\t\t<\/div>\n\t\t<\/div>\n\t\t\t\t\t<\/div>\n\t\t<\/section>\n\t\t\t\t<\/div>\n\t\t","protected":false},"excerpt":{"rendered":"<p>Pourquoi la recherche sur le corticosurr\u00e9nalome est-elle si importante pour les patients ? Sans recherche, il ne peut y avoir de progr\u00e8s. Comme le corticosurr\u00e9nalome ou ACC (en anglais) est un cancer tr\u00e8s rare, chaque information compte. Compar\u00e9 \u00e0 des cancers plus fr\u00e9quents, nous savons&#8230;<\/p>\n","protected":false},"author":416,"featured_media":0,"parent":0,"menu_order":0,"comment_status":"closed","ping_status":"closed","template":"full_width.php","meta":{"give_campaign_id":0,"inline_featured_image":false,"footnotes":""},"class_list":["post-9962","page","type-page","status-publish","hentry"],"campaignId":"","_links":{"self":[{"href":"https:\/\/letscureacc.com\/fr\/wp-json\/wp\/v2\/pages\/9962","targetHints":{"allow":["GET"]}}],"collection":[{"href":"https:\/\/letscureacc.com\/fr\/wp-json\/wp\/v2\/pages"}],"about":[{"href":"https:\/\/letscureacc.com\/fr\/wp-json\/wp\/v2\/types\/page"}],"author":[{"embeddable":true,"href":"https:\/\/letscureacc.com\/fr\/wp-json\/wp\/v2\/users\/416"}],"replies":[{"embeddable":true,"href":"https:\/\/letscureacc.com\/fr\/wp-json\/wp\/v2\/comments?post=9962"}],"version-history":[{"count":0,"href":"https:\/\/letscureacc.com\/fr\/wp-json\/wp\/v2\/pages\/9962\/revisions"}],"wp:attachment":[{"href":"https:\/\/letscureacc.com\/fr\/wp-json\/wp\/v2\/media?parent=9962"}],"curies":[{"name":"wp","href":"https:\/\/api.w.org\/{rel}","templated":true}]}}