{"id":10516,"date":"2026-01-23T11:05:43","date_gmt":"2026-01-23T10:05:43","guid":{"rendered":"https:\/\/letscureacc.com\/?page_id=10516"},"modified":"2026-01-23T11:42:20","modified_gmt":"2026-01-23T10:42:20","slug":"o-udruzi-lets-cure-acc","status":"publish","type":"page","link":"https:\/\/letscureacc.com\/hr\/o-udruzi-lets-cure-acc\/","title":{"rendered":"O udruzi Let\u2019s Cure ACC"},"content":{"rendered":"\t\t<div data-elementor-type=\"wp-page\" data-elementor-id=\"10516\" class=\"elementor elementor-10516 elementor-10498\">\n\t\t\t\t\t\t<section class=\"elementor-section elementor-top-section elementor-element elementor-element-0c98a9b elementor-section-boxed elementor-section-height-default elementor-section-height-default parallax_section_no qode_elementor_container_no\" data-id=\"0c98a9b\" data-element_type=\"section\" data-e-type=\"section\">\n\t\t\t\t\t\t<div class=\"elementor-container elementor-column-gap-default\">\n\t\t\t\t\t<div class=\"elementor-column elementor-col-100 elementor-top-column elementor-element elementor-element-b754d7f\" data-id=\"b754d7f\" data-element_type=\"column\" data-e-type=\"column\">\n\t\t\t<div class=\"elementor-widget-wrap elementor-element-populated\">\n\t\t\t\t\t\t<div class=\"elementor-element elementor-element-a4e04a6 elementor-widget elementor-widget-text-editor\" data-id=\"a4e04a6\" data-element_type=\"widget\" data-e-type=\"widget\" data-widget_type=\"text-editor.default\">\n\t\t\t\t<div class=\"elementor-widget-container\">\n\t\t\t\t\t\t\t\t\t<p><em><b>Let\u2019s Cure ACC<\/b><\/em>\u00a0jedina je\u00a0<b>me\u0111unarodna neprofitna organizacija<\/b>\u00a0koja se\u00a0<b>isklju\u010divo<\/b>\u00a0bavi ACC-om, posve\u0107ena slu\u017eenju cijeloj zajednici povezanoj s ovom bole\u0161\u0107u \u2013 uklju\u010duju\u0107i pacijente, lije\u010dnike svih specijalnosti i istra\u017eiva\u010de. Na\u0161a misija je povezivanje zajednice, pru\u017eanje pouzdanih informacija i psiholo\u0161ke podr\u0161ke pacijentima, podizanje svijesti o ACC-u i olak\u0161avanje pristupa financiranju istra\u017eivanja.<br \/><br \/>Radimo na\u00a0<b>volonterskoj osnovi<\/b>, a na\u0161 tim ambasadora sastoji se od pacijenata, istra\u017eiva\u010da i medicinskih stru\u010dnjaka koji govore vi\u0161e jezika kako bi mogli pomo\u0107i vama i svima koji nam se obrate. Ako \u017eelite saznati vi\u0161e o na\u0161em<a href=\"https:\/\/letscureacc.com\/about-our-board-members\/\">\u00a0upravnom odboru<\/a>\u00a0i\u00a0<a href=\"https:\/\/letscureacc.com\/our-ambassadors\/\">ambasadorima<\/a>\u00a0\u2013 i mo\u017eda nam se i pridru\u017eiti \u2013 posjetite na\u0161u stranicu!<br \/><br \/><em><strong>Let\u2019s Cure ACC<\/strong>\u00a0<\/em>vodi\u00a0<b>stru\u010dno\u00a0<\/b><a href=\"https:\/\/letscureacc.com\/medical-advisory-board\/\">Medicinsko savjetodavno vije\u0107e (Medical Advisory Bord, MAB)<\/a>, sastavljeno od vode\u0107ih stru\u010dnjaka za lije\u010denje i istra\u017eivanje ACC<\/p>\t\t\t\t\t\t\t\t<\/div>\n\t\t\t\t<\/div>\n\t\t\t\t\t<\/div>\n\t\t<\/div>\n\t\t\t\t\t<\/div>\n\t\t<\/section>\n\t\t\t\t<section class=\"elementor-section elementor-top-section elementor-element elementor-element-02a4a16 elementor-section-boxed elementor-section-height-default elementor-section-height-default parallax_section_no qode_elementor_container_no\" data-id=\"02a4a16\" data-element_type=\"section\" data-e-type=\"section\">\n\t\t\t\t\t\t<div class=\"elementor-container elementor-column-gap-default\">\n\t\t\t\t\t<div class=\"elementor-column elementor-col-100 elementor-top-column elementor-element elementor-element-04f7e35\" data-id=\"04f7e35\" data-element_type=\"column\" data-e-type=\"column\">\n\t\t\t<div class=\"elementor-widget-wrap elementor-element-populated\">\n\t\t\t\t\t\t<div class=\"elementor-element elementor-element-bb29cf7 elementor-widget elementor-widget-text-editor\" data-id=\"bb29cf7\" data-element_type=\"widget\" data-e-type=\"widget\" data-widget_type=\"text-editor.default\">\n\t\t\t\t<div class=\"elementor-widget-container\">\n\t\t\t\t\t\t\t\t\t<p><b>Zajedno radimo na sljede\u0107em:<\/b><br \/><br \/><b>1. Povezivanje ACC zajednice<\/b>\u00a0\u2013 povezujemo pacijente, lije\u010dnike i istra\u017eiva\u010de kako bismo pobolj\u0161ali podr\u0161ku i suradnju. Promi\u010demo interdisciplinarnu i me\u0111unarodnu suradnju kako bismo ubrzali napredak u dijagnozi, lije\u010denju i financiranju istra\u017eivanja ACC-a.<br \/><br \/><b>2. Podr\u0161ka pacijentima i njihovim obiteljima<\/b>\u00a0\u2013 pru\u017eamo pouzdane informacije kako bismo im pomogli razumjeti dijagnozu i mogu\u0107nosti lije\u010denja, kao i psiholo\u0161ku podr\u0161ku, individualno ili grupno. Kroz na\u0161u mre\u017eu mo\u017eemo vas povezati s najbli\u017eim medicinskim timom koji je specijaliziran za ACC, ako to \u017eelite.<br \/><br \/><b>3. Podizanje svijesti o ovoj rijetkoj bolesti<\/b>\u00a0\u2013 \u0161irenjem to\u010dnih i a\u017eurnih medicinskih informacija putem na\u0161e vi\u0161ejezi\u010dne web stranice te kroz javne kampanje i globalne komunikacijske inicijative.<br \/><br \/><strong>Ako nas \u017eelite podr\u017eati u na\u0161em radu<\/strong>, razmislite o tome da postanete \u010dlan na\u0161e\u00a0<a href=\"https:\/\/letscureacc.com\/register\/\">organizacije<\/a>\u00a0\u2013 broj \u010dlanova je va\u017ean, i zajedno mo\u017eemo ostvariti stvarnu promjenu u odnosu vlasti prema ACC-u na globalnoj razini!<br \/><br \/>Tako\u0111er,\u00a0<strong>svaka\u00a0<\/strong><a href=\"https:\/\/www.paypal.com\/donate\/?hosted_button_id=JE889STJUBCQA\">donacija<\/a>\u00a0je od velike va\u017enosti i bit \u0107e izuzetno cijenjena jer na\u0161a organizacija\u00a0<strong>ne prima nikakvu strukturiranu financijsku podr\u0161ku\u00a0<\/strong>i u potpunosti se oslanja na velikodu\u0161nost pojedinaca.<\/p>\t\t\t\t\t\t\t\t<\/div>\n\t\t\t\t<\/div>\n\t\t\t\t\t<\/div>\n\t\t<\/div>\n\t\t\t\t\t<\/div>\n\t\t<\/section>\n\t\t\t\t<\/div>\n\t\t","protected":false},"excerpt":{"rendered":"<p>Let\u2019s Cure ACC\u00a0jedina je\u00a0me\u0111unarodna neprofitna organizacija\u00a0koja se\u00a0isklju\u010divo\u00a0bavi ACC-om, posve\u0107ena slu\u017eenju cijeloj zajednici povezanoj s ovom bole\u0161\u0107u \u2013 uklju\u010duju\u0107i pacijente, lije\u010dnike svih specijalnosti i istra\u017eiva\u010de. Na\u0161a misija je povezivanje zajednice, pru\u017eanje pouzdanih informacija i psiholo\u0161ke podr\u0161ke pacijentima, podizanje svijesti o ACC-u i olak\u0161avanje pristupa financiranju istra\u017eivanja&#8230;.<\/p>\n","protected":false},"author":416,"featured_media":0,"parent":0,"menu_order":0,"comment_status":"closed","ping_status":"closed","template":"full_width.php","meta":{"give_campaign_id":0,"inline_featured_image":false,"footnotes":""},"class_list":["post-10516","page","type-page","status-publish","hentry"],"campaignId":"","_links":{"self":[{"href":"https:\/\/letscureacc.com\/hr\/wp-json\/wp\/v2\/pages\/10516","targetHints":{"allow":["GET"]}}],"collection":[{"href":"https:\/\/letscureacc.com\/hr\/wp-json\/wp\/v2\/pages"}],"about":[{"href":"https:\/\/letscureacc.com\/hr\/wp-json\/wp\/v2\/types\/page"}],"author":[{"embeddable":true,"href":"https:\/\/letscureacc.com\/hr\/wp-json\/wp\/v2\/users\/416"}],"replies":[{"embeddable":true,"href":"https:\/\/letscureacc.com\/hr\/wp-json\/wp\/v2\/comments?post=10516"}],"version-history":[{"count":5,"href":"https:\/\/letscureacc.com\/hr\/wp-json\/wp\/v2\/pages\/10516\/revisions"}],"predecessor-version":[{"id":10552,"href":"https:\/\/letscureacc.com\/hr\/wp-json\/wp\/v2\/pages\/10516\/revisions\/10552"}],"wp:attachment":[{"href":"https:\/\/letscureacc.com\/hr\/wp-json\/wp\/v2\/media?parent=10516"}],"curies":[{"name":"wp","href":"https:\/\/api.w.org\/{rel}","templated":true}]}}