{"id":9756,"date":"2025-07-16T14:58:22","date_gmt":"2025-07-16T12:58:22","guid":{"rendered":"https:\/\/letscureacc.com\/pridruzite-se-sada\/"},"modified":"2025-07-16T14:58:23","modified_gmt":"2025-07-16T12:58:23","slug":"pridruzite-se-sada","status":"publish","type":"page","link":"https:\/\/letscureacc.com\/hr\/pridruzite-se-sada\/","title":{"rendered":"Pridru\u017eite se sada"},"content":{"rendered":"\t\t<div data-elementor-type=\"wp-page\" data-elementor-id=\"9756\" class=\"elementor elementor-9756 elementor-512\">\n\t\t\t\t\t\t<section class=\"elementor-section elementor-top-section elementor-element elementor-element-9c5577b elementor-section-boxed elementor-section-height-default elementor-section-height-default parallax_section_no qode_elementor_container_no\" data-id=\"9c5577b\" data-element_type=\"section\" data-e-type=\"section\">\n\t\t\t\t\t\t<div class=\"elementor-container elementor-column-gap-default\">\n\t\t\t\t\t<div class=\"elementor-column elementor-col-100 elementor-top-column elementor-element elementor-element-403e058\" data-id=\"403e058\" data-element_type=\"column\" data-e-type=\"column\">\n\t\t\t<div class=\"elementor-widget-wrap elementor-element-populated\">\n\t\t\t\t\t\t<div class=\"elementor-element elementor-element-bb5320c elementor-widget elementor-widget-text-editor\" data-id=\"bb5320c\" data-element_type=\"widget\" data-e-type=\"widget\" data-widget_type=\"text-editor.default\">\n\t\t\t\t<div class=\"elementor-widget-container\">\n\t\t\t\t\t\t\t\t\t<h2 style=\"text-align: center;\">KAO UDRUGA TREBAMO \u010cLANOVE<\/h2>\n<p>Ali tako\u0111er znamo tro\u0161kove koje ova bolest podrazumijeva, stoga napla\u0107ujemo samo simboli\u010dnu \u010dlanarinu:<strong> samo 1 \u20ac<\/strong> (manje od 2 USD &#8211; ovisno o te\u010daju), ili koliko god \u017eelite dati, bilo da ste pacijent, njegovatelj, obitelj ili prijatelj pacijenta, ili medicinski stru\u010dnjak.<\/p>\n<p><strong>Kako se novac koristi<\/strong><\/p>\n<p>Svake godine ponudit \u0107emo financijsko izvje\u0161\u0107e s detaljnim prihodima i potro\u0161njom.<\/p>\n<ul>\n<li>Za informaciju, prikupljeni novac \u0107e se koristiti za:<\/li>\n<li>Pristojbe same udruge.<\/li>\n<li>Odr\u017eavanje web stranice.<\/li>\n<li><strong>I uglavnom za financiranje istra\u017eivanja<\/strong>: pojedinosti o financiranju bit \u0107e navedene u biltenu.<\/li>\n<\/ul>\n<p>Ve\u0107ina web stranica je javna, otvorena svima koji tra\u017ee informacije. Na\u0161 cilj je ujediniti ACC zajednicu. Ali postoji mali dio &#8220;SAMO ZA \u010cLANOVE&#8221; koji vam daje imena i kontakte stru\u010dnjaka (uz njihovu dozvolu), najnovije medicinske informacije i najnovije vijesti o ACC zajednici i medicinskim istra\u017eivanjima. Odlu\u010dili smo zatra\u017eiti \u010dlanstvo samo za ovaj dio web stranice.<\/p>\n<p><span data-sheets-root=\"1\">Odaberite koliko \u017eelite donirati (minimalno 1\u20ac \/ manje od 2$). Zatim \u0107ete biti preusmjereni na sigurnu Paypal web stranicu za pla\u0107anje kako biste nastavili s pla\u0107anjem. Nema automatske obnove naknada za pretplatu.<\/span><\/p>\n\t\t\t\t\t\t\t\t<\/div>\n\t\t\t\t<\/div>\n\t\t\t\t\t<\/div>\n\t\t<\/div>\n\t\t\t\t\t<\/div>\n\t\t<\/section>\n\t\t\t\t<section class=\"elementor-section elementor-top-section elementor-element elementor-element-7de7387c elementor-section-boxed elementor-section-height-default elementor-section-height-default parallax_section_no qode_elementor_container_no\" data-id=\"7de7387c\" data-element_type=\"section\" data-e-type=\"section\">\n\t\t\t\t\t\t<div class=\"elementor-container elementor-column-gap-default\">\n\t\t\t\t\t<div class=\"elementor-column elementor-col-100 elementor-top-column elementor-element elementor-element-5cbdacac\" data-id=\"5cbdacac\" data-element_type=\"column\" data-e-type=\"column\">\n\t\t\t<div class=\"elementor-widget-wrap elementor-element-populated\">\n\t\t\t\t\t\t<div class=\"elementor-element elementor-element-12c53e4 elementor-widget elementor-widget-shortcode\" data-id=\"12c53e4\" data-element_type=\"widget\" data-e-type=\"widget\" data-widget_type=\"shortcode.default\">\n\t\t\t\t<div class=\"elementor-widget-container\">\n\t\t\t\t\t\t\t<div class=\"elementor-shortcode\">        <form enctype=\"multipart\/form-data\" method=\"post\" id=\"wppb-register-user\" class=\"wppb-user-forms wppb-register-user wppb-user-logged-out\" action=\"https:\/\/letscureacc.com\/hr\/wp-json\/wp\/v2\/pages\/9756\">\n\t\t\t<ul><li class=\"wppb-form-field wppb-default-username\" id=\"wppb-form-element-2\">\n\t\t\t<label for=\"username\">Username<span class=\"wppb-required\" title=\"This field is required\">*<\/span><\/label>\n\t\t\t<input class=\"text-input default_field_username \" name=\"username\" maxlength=\"70\" type=\"text\" id=\"username\" value=\"\"  \/><\/li><li class=\"wppb-form-field wppb-default-first-name\" id=\"wppb-form-element-3\">\n\t\t\t<label for=\"first_name\">First Name<\/label>\n\t\t\t<input class=\"text-input default_field_firstname \" name=\"first_name\" maxlength=\"70\" type=\"text\" id=\"first_name\" value=\"\"  \/><\/li><li class=\"wppb-form-field wppb-default-last-name\" id=\"wppb-form-element-4\">\n\t\t\t<label for=\"last_name\">Last Name<\/label>\n\t\t\t<input class=\"text-input default_field_lastname \" name=\"last_name\" maxlength=\"70\" type=\"text\" id=\"last_name\" value=\"\" \/><\/li><li class=\"wppb-form-field wppb-default-e-mail\" id=\"wppb-form-element-8\">\n\t\t\t<label for=\"email\">E-mail<span class=\"wppb-required\" title=\"This field is required\">*<\/span><\/label>\n\t\t\t<input class=\"text-input default_field_email \" name=\"email\" maxlength=\"70\" type=\"email\" id=\"email\" value=\"\"   \/><\/li><li class=\"wppb-form-field wppb-select\" id=\"wppb-form-element-21\">\n\t\t\t\t<label for=\"custom_field_4\">Who are you?<span class=\"wppb-required\" title=\"This field is required\">*<\/span><\/label>\n\t\t\t\t<select name=\"custom_field_4\" id=\"custom_field_4\" class=\"custom_field_select\" ><option value=\"Patient\" class=\"custom_field_select_option \" >Patient<\/option><option value=\"Caregiver \/ friend of a patient\" class=\"custom_field_select_option \" >Caregiver \/ friend of a patient<\/option><option value=\"Medical professional\" class=\"custom_field_select_option \" >Medical professional<\/option><option value=\"Other\" class=\"custom_field_select_option \" >Other<\/option>\n\t\t\t\t<\/select><\/li><li class=\"wppb-form-field wppb-select\" id=\"wppb-form-element-22\">\n\t\t\t\t<label for=\"custom_field_5\">What is your interest in becoming a member?<span class=\"wppb-required\" title=\"This field is required\">*<\/span><\/label>\n\t\t\t\t<select name=\"custom_field_5\" id=\"custom_field_5\" class=\"custom_field_select\" ><option value=\"Thankful for the help of the website and want to contribute\/keep in touch\" class=\"custom_field_select_option \" >Thankful for the help of the website and want to contribute\/keep in touch<\/option><option value=\"Get in touch with medical experts\" class=\"custom_field_select_option \" >Get in touch with medical experts<\/option><option value=\"Knowing the latest in research on ACC\" class=\"custom_field_select_option \" >Knowing the latest in research on ACC<\/option><option value=\"Giving to research\" class=\"custom_field_select_option \" >Giving to research<\/option><option value=\"Receive the newsletter\" class=\"custom_field_select_option \" >Receive the newsletter<\/option><option value=\"Other\" class=\"custom_field_select_option \" >Other<\/option>\n\t\t\t\t<\/select><\/li><li class=\"wppb-form-field wppb-select-country\" id=\"wppb-form-element-19\"><\/li><li class=\"wppb-form-field wppb-default-password\" id=\"wppb-form-element-12\"><div class=\"wppb-password-group\">\n\t\t\t\t<div class=\"wppb-password-subfield wppb-new-password-subfield\">\n\t\t\t\t\t<label for=\"passw1\">Password<span class=\"wppb-required\" title=\"This field is required\">*<\/span><\/label>\n\t\t            <span class=\"wppb-password-field-container\">\n\t\t\t\t\t    <input class=\"text-input \" name=\"passw1\" maxlength=\"70\" type=\"password\" id=\"passw1\" value=\"\" autocomplete=\"off\" \/>\n\t\t\t\t\t     <!-- add the HTML for the visibility toggle -->\n\t\t\t\t\t<\/span>\n\t\t\t\t<\/div><\/div><span class=\"wppb-description-delimiter\"> <\/span><\/li><li class=\"wppb-form-field wppb-default-repeat-password\" id=\"wppb-form-element-13\">\n\t\t\t<label for=\"passw2\">Repeat Password<span class=\"wppb-required\" title=\"This field is required\">*<\/span><\/label>\n\t\t\t<span class=\"wppb-password-field-container\">\n\t\t\t    <input class=\"text-input \" name=\"passw2\" maxlength=\"70\" type=\"password\" id=\"passw2\" value=\"\" autocomplete=\"off\" \/>\n\t\t\t     <!-- add the HTML for the visibility toggle -->\n\t\t\t<\/span><\/li><li class=\"wppb-form-field wppb-mailchimp-subscribe\" id=\"wppb-form-element-20\"><\/li><li class=\"wppb-form-field wppb-subscription-plans\" id=\"wppb-form-element-14\"><div class=\"pms-subscription-plan pms-hidden pms-subscription-plan-519\"><input type=\"hidden\" name=\"subscription_plans\" data-price=\"1\" data-duration=\"1\" data-fixed_membership=\"\" data-allow_renew=\"\" data-sign_up_fee=\"0\" data-trial=\"0\" data-recurring=\"0\"  value=\"519\" \/><label><span class=\"pms-subscription-plan-name\">Member<\/span><span class=\"pms-subscription-plan-price\"><span class=\"pms-divider\"> - <\/span> How much would you like to donate? (&#8364;) <input name=\"subscription_price_519\" type=\"text\" class=\"small pms_pwyw_pricing\" value=\"1\"><span class=\"pms-divider pms-duration-divider\"> \/ <\/span><span class=\"pms-subscription-plan-duration\">1 Year<\/span><\/span><span class=\"pms-subscription-plan-trial\"><\/span><span class=\"pms-subscription-plan-sign-up-fee\"><\/span><\/label><\/div><input type=\"hidden\" name=\"pms_default_recurring\" value=\"3\" \/><\/li><li class=\"wppb-form-field wppb-recaptcha wppb-recaptcha-v2\" id=\"wppb-form-element-15\"><label for=\"recaptcha_response_field\"> <span class=\"wppb-required\" title=\"This field is required\">*<\/span><\/label><div id=\"wppb-recaptcha-element-pb_register1\" class=\"wppb-recaptcha-element \"><\/div><span class=\"wppb-description-delimiter\"> <\/span><\/li><div class=\"pms-paygates-holder\"><div id=\"pms-paygates-wrapper\"><h3>Select a Payment Method<\/h3><div id=\"pms-paygates-inner\"><label><input type=\"radio\" class=\"pms_pay_gate\" name=\"pay_gate\" value=\"manual\" data-sign_up_fee=\"1\" data-trial=\"1\" data-recurring=\"1\"  \/><span class=\"pms-paygate-name\">Manual \/ Offline<\/span><\/label><label><input type=\"radio\" class=\"pms_pay_gate\" name=\"pay_gate\" value=\"paypal_connect\" data-sign_up_fee=\"1\" data-trial=\"1\" data-recurring=\"1\"  data-type=\"extra_fields\" \/><span class=\"pms-paygate-name\">PayPal<\/span><\/label><label><input type=\"radio\" class=\"pms_pay_gate\" name=\"pay_gate\" value=\"stripe_connect\"  checked='checked'data-sign_up_fee=\"1\" data-trial=\"1\" data-recurring=\"1\"  data-type=\"extra_fields\" \/><span class=\"pms-paygate-name\">Credit \/ Debit Card<\/span><\/label><\/div><div id=\"pms-gateways-not-available\"><span>No payment methods are available for the selected subscription plan.<\/span><\/div><\/div><ul id=\"pms-stripe-connect\" class=\"pms-field-section pms-paygate-extra-fields pms-paygate-extra-fields-stripe_connect\"><li class=\"pms-field pms-field-type-heading \"><h3>Payment Details<\/h3><\/li><div class=\"pms-spinner__holder\"><div class=\"pms-spinner\"><\/div><\/div><div id=\"pms-stripe-payment-elements\" style=\"display:none\"><\/div><\/ul><ul id=\"pms-paypal-connect\" class=\"pms-field-section pms-paygate-extra-fields pms-paygate-extra-fields-paypal_connect\"><div id=\"pms-paygate-extra-fields-paypal_connect__placeholder\">Before you can accept payments, you need to connect your PayPal account by going to Dashboard -> Paid Member Subscriptions -> Settings -> Payments -> <a href=\"https:\/\/letscureacc.com\/wp-admin\/admin.php?page=pms-settings-page&#038;tab=payments&#038;nav_sub_tab=payments_gateways\">Gateways<\/a>.<\/div><\/ul><\/div><input type=\"hidden\" id=\"pms-process-checkout-nonce\" name=\"pms_process_checkout_nonce\" value=\"1867194bba\"\/><input type=\"hidden\" id=\"stripe-pk\" value=\"pk_live_51RqrySC5EkX6O9JyXLhGMtcNtIUdyCiiXr5xFKWjJF1TLL3aKUMIU0kJsnh3DojxRi8PNzglsKVvjq584arj2nYx00bAjB7Ecx\" \/><input type=\"hidden\" name=\"pms_stripe_connect_payment_intent\" value=\"\"\/><input type=\"hidden\" name=\"pms_stripe_connect_setup_intent\" value=\"\"\/><input type=\"hidden\" id=\"pms-stripe-ajax-update-payment-intent-nonce\" name=\"stripe_ajax_update_payment_intent_nonce\" value=\"14a186632c\"\/><\/ul><span id=\"pms-submit-button-loading-placeholder-text\" style=\"display: none;\">Processing. Please wait...<\/span><\/ul><ul><input id=\"send_credentials_via_email\" type=\"hidden\" name=\"send_credentials_via_email\" value=\"sending\"\/><\/ul><\/ul>\t\t\t<p class=\"form-submit\"  >\n\t\t\t\t                \t\t\t\t<input name=\"register\" type=\"submit\" id=\"register\" class=\"submit button\" value=\"Register\" \/>\n                <input name=\"redirect_to\" type=\"hidden\" value=\"\" \/>\n                \t\t\t\t<input name=\"action\" type=\"hidden\" id=\"action\" value=\"register\" \/>\n\t\t\t\t<input name=\"form_name\" type=\"hidden\" id=\"form_name\" value=\"unspecified\" \/>\n\t\t\t\t<input name=\"form_id\" type=\"hidden\" id=\"form_id\" value=\"\" \/>\n\t\t\t\t\t\t\t<\/p><!-- .form-submit -->\n\t\t\t<input type=\"hidden\" id=\"register_unspecified_nonce_field\" name=\"register_unspecified_nonce_field\" value=\"e119fd301a\" \/><input type=\"hidden\" name=\"_wp_http_referer\" value=\"\/hr\/wp-json\/wp\/v2\/pages\/9756\" \/>\t\t<\/form>\n\t\t<\/div>\n\t\t\t\t\t\t<\/div>\n\t\t\t\t<\/div>\n\t\t\t\t\t<\/div>\n\t\t<\/div>\n\t\t\t\t\t<\/div>\n\t\t<\/section>\n\t\t\t\t<\/div>\n\t\t","protected":false},"excerpt":{"rendered":"<p>KAO UDRUGA TREBAMO \u010cLANOVE Ali tako\u0111er znamo tro\u0161kove koje ova bolest podrazumijeva, stoga napla\u0107ujemo samo simboli\u010dnu \u010dlanarinu: samo 1 \u20ac (manje od 2 USD &#8211; ovisno o te\u010daju), ili koliko god \u017eelite dati, bilo da ste pacijent, njegovatelj, obitelj ili prijatelj pacijenta, ili medicinski stru\u010dnjak&#8230;.<\/p>\n","protected":false},"author":416,"featured_media":0,"parent":0,"menu_order":0,"comment_status":"closed","ping_status":"closed","template":"","meta":{"give_campaign_id":0,"inline_featured_image":false,"footnotes":""},"class_list":["post-9756","page","type-page","status-publish","hentry"],"campaignId":"","_links":{"self":[{"href":"https:\/\/letscureacc.com\/hr\/wp-json\/wp\/v2\/pages\/9756","targetHints":{"allow":["GET"]}}],"collection":[{"href":"https:\/\/letscureacc.com\/hr\/wp-json\/wp\/v2\/pages"}],"about":[{"href":"https:\/\/letscureacc.com\/hr\/wp-json\/wp\/v2\/types\/page"}],"author":[{"embeddable":true,"href":"https:\/\/letscureacc.com\/hr\/wp-json\/wp\/v2\/users\/416"}],"replies":[{"embeddable":true,"href":"https:\/\/letscureacc.com\/hr\/wp-json\/wp\/v2\/comments?post=9756"}],"version-history":[{"count":0,"href":"https:\/\/letscureacc.com\/hr\/wp-json\/wp\/v2\/pages\/9756\/revisions"}],"wp:attachment":[{"href":"https:\/\/letscureacc.com\/hr\/wp-json\/wp\/v2\/media?parent=9756"}],"curies":[{"name":"wp","href":"https:\/\/api.w.org\/{rel}","templated":true}]}}