{"id":4051,"date":"2022-01-31T14:49:05","date_gmt":"2022-01-31T13:49:05","guid":{"rendered":"https:\/\/letscureacc.com\/?page_id=4051"},"modified":"2022-03-16T19:11:58","modified_gmt":"2022-03-16T18:11:58","slug":"su-di-noi","status":"publish","type":"page","link":"https:\/\/letscureacc.com\/it\/su-di-noi\/","title":{"rendered":"Su Di Noi"},"content":{"rendered":"\t\t<div data-elementor-type=\"wp-page\" data-elementor-id=\"4051\" class=\"elementor elementor-4051 elementor-1602\">\n\t\t\t\t\t\t<section class=\"elementor-section elementor-top-section elementor-element elementor-element-2f84ef40 elementor-section-full_width elementor-section-height-default elementor-section-height-default parallax_section_no qode_elementor_container_no\" data-id=\"2f84ef40\" data-element_type=\"section\" data-e-type=\"section\" data-settings=\"{&quot;background_background&quot;:&quot;classic&quot;}\">\n\t\t\t\t\t\t<div class=\"elementor-container elementor-column-gap-default\">\n\t\t\t\t\t<div class=\"elementor-column elementor-col-100 elementor-top-column elementor-element elementor-element-55596fa4\" data-id=\"55596fa4\" data-element_type=\"column\" data-e-type=\"column\">\n\t\t\t<div class=\"elementor-widget-wrap elementor-element-populated\">\n\t\t\t\t\t\t<section class=\"elementor-section elementor-inner-section elementor-element elementor-element-29ecc4a elementor-section-boxed elementor-section-height-default elementor-section-height-default parallax_section_no qode_elementor_container_no\" data-id=\"29ecc4a\" data-element_type=\"section\" data-e-type=\"section\">\n\t\t\t\t\t\t<div class=\"elementor-container elementor-column-gap-default\">\n\t\t\t\t\t<div class=\"elementor-column elementor-col-100 elementor-inner-column elementor-element elementor-element-3037675\" data-id=\"3037675\" data-element_type=\"column\" data-e-type=\"column\">\n\t\t\t<div class=\"elementor-widget-wrap elementor-element-populated\">\n\t\t\t\t\t\t<div class=\"elementor-element elementor-element-a955285 elementor-widget elementor-widget-heading\" data-id=\"a955285\" data-element_type=\"widget\" data-e-type=\"widget\" data-widget_type=\"heading.default\">\n\t\t\t\t<div class=\"elementor-widget-container\">\n\t\t\t\t\t<h2 class=\"elementor-heading-title elementor-size-default\">UNA MALATTIA ONCOLOGICA RARA RICHIEDE  UNA COESA COMUNITA' INTERNAZIONALE<\/h2>\t\t\t\t<\/div>\n\t\t\t\t<\/div>\n\t\t\t\t<div class=\"elementor-element elementor-element-180ecef elementor-widget elementor-widget-spacer\" data-id=\"180ecef\" data-element_type=\"widget\" data-e-type=\"widget\" data-widget_type=\"spacer.default\">\n\t\t\t\t<div class=\"elementor-widget-container\">\n\t\t\t\t\t\t\t<div class=\"elementor-spacer\">\n\t\t\t<div class=\"elementor-spacer-inner\"><\/div>\n\t\t<\/div>\n\t\t\t\t\t\t<\/div>\n\t\t\t\t<\/div>\n\t\t\t\t\t<\/div>\n\t\t<\/div>\n\t\t\t\t\t<\/div>\n\t\t<\/section>\n\t\t\t\t<section class=\"elementor-section elementor-inner-section elementor-element elementor-element-da1aa8c elementor-section-boxed elementor-section-height-default elementor-section-height-default parallax_section_no qode_elementor_container_no\" data-id=\"da1aa8c\" data-element_type=\"section\" data-e-type=\"section\">\n\t\t\t\t\t\t<div class=\"elementor-container elementor-column-gap-extended\">\n\t\t\t\t\t<div class=\"elementor-column elementor-col-50 elementor-inner-column elementor-element elementor-element-4578347\" data-id=\"4578347\" data-element_type=\"column\" data-e-type=\"column\">\n\t\t\t<div class=\"elementor-widget-wrap elementor-element-populated\">\n\t\t\t\t\t\t<div class=\"elementor-element elementor-element-c72df8a elementor-widget elementor-widget-text-editor\" data-id=\"c72df8a\" data-element_type=\"widget\" data-e-type=\"widget\" data-widget_type=\"text-editor.default\">\n\t\t\t\t<div class=\"elementor-widget-container\">\n\t\t\t\t\t\t\t\t\t<p><strong>&#8220;Tu sei LA SINGOLA PERSONA, in oltre un millione di individui all&#8217;anno, con un carcinoma corticosurrenalico, con una malattia orfana&#8221;<\/strong>: tutti i pazienti con un carcinoma del surrene, in Inglese ACC (<a href=\"https:\/\/lcacc.wpengine.com\/glossary\/cancer-de-las-glandulas-suprarrenales-o-carcinoma-suprarrenal\/?lang=it\">AdrenoCortical Carcinoma<\/a>), hanno sentito almeno una volta queste parole!<\/p><p>Il carcinoma corticosurrenalico \u00e8 un tumore raro. Le prime parole che avrete letto, facendo qualsiasi ricerca, non sono molto rassicuranti; i termini frequentemente ricorrenti sono &#8220;raro&#8221;, &#8220;aggressivo&#8221; e &#8220;prognosi severa&#8221;.<\/p><p>Detto questo, non vuol assolutamente dire che voi dobbiate restare passivamente ad attenedre l&#8217;evoluzione, la progressione o l&#8217;aggravamento della malattia. Qualunque sia lo stato della vostra malattia, dovete combattere; <strong>questo sito esiste per darvi gli strumenti necessari a condividere la vostra esperienza.<\/strong> Non abbiamo tutte le risposte e non siamo un sostituto dei vostri medici, ma possiamo aiutarvi a porre le giuste domande e, cosa ancor pi\u00f9 importante, <strong>possiamo darvi delle inforrmazioni perch\u00e8 diventiate voi stessi il vostro portavoce!<\/strong><\/p><p>Alcuni di noi rappresentano l&#8217;unico caso nel proprio paese, quindi \u00e8 essenziale creare un <strong>network internazionale con l&#8217;obiettivo di scambiare pi\u00f9 inforamzioni e supportarci a vicenda.<\/strong> La carenza di informazioni e di esperti su questo tema genera molta pi\u00f9 ansia del dovuto, lasciando molte domande aperte riguardo alla propria cura, al proprio futuro, alla qualit\u00e0 di vita, all&#8217;outcome della malattia od ancora su come gestire, nel breve o nel lungo periodo, la diagnosi che avete ricevuto. Questo \u00e8 il motivo per cui abbiamo creato questa associazione, di modo che possiamo raggiungere e trovare le persone nella nostra stessa situazione, che si pongono le nostre stesse domande. Vogliamo che tu sappia che non sei da solo e che anche tu puoi contare su un gruppo di supporto.<\/p>\t\t\t\t\t\t\t\t<\/div>\n\t\t\t\t<\/div>\n\t\t\t\t<div class=\"elementor-element elementor-element-8e0a1a5 elementor-widget elementor-widget-text-editor\" data-id=\"8e0a1a5\" data-element_type=\"widget\" data-e-type=\"widget\" data-widget_type=\"text-editor.default\">\n\t\t\t\t<div class=\"elementor-widget-container\">\n\t\t\t\t\t\t\t\t\t<h2>&#8220;TU SEI LA SINGOLA PERSONA, IN OLTRE UN MILLIONE DI INDIVIUDI ALL&#8217;ANNO, CON UN CARCINOMA CORTICOSURRENALICO, UNA MALATTIA ORFANA&#8221;<\/h2>\t\t\t\t\t\t\t\t<\/div>\n\t\t\t\t<\/div>\n\t\t\t\t\t<\/div>\n\t\t<\/div>\n\t\t\t\t<div class=\"elementor-column elementor-col-50 elementor-inner-column elementor-element elementor-element-916ce81\" data-id=\"916ce81\" data-element_type=\"column\" data-e-type=\"column\">\n\t\t\t<div class=\"elementor-widget-wrap elementor-element-populated\">\n\t\t\t\t\t\t<div class=\"elementor-element elementor-element-157c0ee elementor-widget elementor-widget-text-editor\" data-id=\"157c0ee\" data-element_type=\"widget\" data-e-type=\"widget\" data-widget_type=\"text-editor.default\">\n\t\t\t\t<div class=\"elementor-widget-container\">\n\t\t\t\t\t\t\t\t\t<h4 style=\"text-align: center;\">QUESTO SITO E&#8217; UNO STRUMENTO PER PAZIENTI E PERSONALE SANITARIO PER:<\/h4><div><ul><li>Trovare informazioni sulla malattia,<\/li><li><span style=\"color: #333333;\"><span style=\"color: #808080;\">Trovare altri pazienti in tutto il mondo con la medesima condizione, Porre delle domande e chiedere consiglio.<\/span>..<\/span>Ma, ancor pi\u00f9 importante, per trovare delle risposte!<\/li><li>Conoscere dei medici esperti su questa condizione vicino a te ed avere i loro contatti<\/li><li>Nel futuro, aiutare i medici a raggiungere un gruppo di pazienti pi\u00f9 numeroso per aiutarli nella ricerca per il miglioramento dei trattamenti per la nostra rara malattia.<\/li><\/ul><\/div>\t\t\t\t\t\t\t\t<\/div>\n\t\t\t\t<\/div>\n\t\t\t\t<div class=\"elementor-element elementor-element-0119b7a elementor-widget elementor-widget-text-editor\" data-id=\"0119b7a\" data-element_type=\"widget\" data-e-type=\"widget\" data-widget_type=\"text-editor.default\">\n\t\t\t\t<div class=\"elementor-widget-container\">\n\t\t\t\t\t\t\t\t\t<p><strong>Per favore, ricorda che non siamo medici<\/strong> e noi cerchiamo soltanto di offriti delle informazioni e dei dati che riteniamo rilevanti e pertinenti.<\/p><p>Chiedi consiglio al tuo medico di fiducia o ad altre figure assistenziali qualificate a riguardo della tua condizione di salute.<\/p><p>Ancora, tenete a mente che gli specialisti non sempre impiegano gli schemi di trattamenti specie se in paesi diversi, quindi fai sempre riferimento ad uno specialista medico (alcuni nominativi sono raccolti nella parte dei membri di questo sito (vedi la rubrica degli indirizzi) per avere i dettagli per contattarli.<\/p><p><strong><em>Let&#8217;s Cure ACC<\/em><\/strong> \u00e8 appena stato creato. Stiamo aspettando di raccogliere pi\u00f9 contatti di specialisti, ovviamente previa la loro approvazione.<\/p><p>Non esitate se volete condividere con noi in modo privato il nome ed i contatti del tuo medico specialista; puoi farlo con questo modulo, in modo da espandere e migliorare la nostra lista di contatti.<\/p><p>Un fattore che rappresenta una costante, indipendentemente da dove vivete, sono il tipo di domande che dovreste chiedere, includendo anche quali strade vi possano essere proposte e a quali servizi avete diritto, come ad esempio il supporto psicologico o dei sussidi finanziari.<\/p><p>Questo sito \u00e8 qui per aiutarvi ad essere il pi\u00f9 informati possibile su questi argomenti e perch\u00e9 possiate essere il vostro stesso portavoce (o la migliore versione possibile di questo!).<\/p>\t\t\t\t\t\t\t\t<\/div>\n\t\t\t\t<\/div>\n\t\t\t\t\t<\/div>\n\t\t<\/div>\n\t\t\t\t\t<\/div>\n\t\t<\/section>\n\t\t\t\t\t<\/div>\n\t\t<\/div>\n\t\t\t\t\t<\/div>\n\t\t<\/section>\n\t\t\t\t<\/div>\n\t\t","protected":false},"excerpt":{"rendered":"<p>UNA MALATTIA ONCOLOGICA RARA RICHIEDE UNA COESA COMUNITA&#8217; INTERNAZIONALE &#8220;Tu sei LA SINGOLA PERSONA, in oltre un millione di individui all&#8217;anno, con un carcinoma corticosurrenalico, con una malattia orfana&#8221;: tutti i pazienti con un carcinoma del surrene, in Inglese ACC (AdrenoCortical Carcinoma), hanno sentito almeno&#8230;<\/p>\n","protected":false},"author":416,"featured_media":0,"parent":0,"menu_order":0,"comment_status":"closed","ping_status":"closed","template":"full_width.php","meta":{"give_campaign_id":0,"inline_featured_image":false,"footnotes":""},"class_list":["post-4051","page","type-page","status-publish","hentry"],"campaignId":"","_links":{"self":[{"href":"https:\/\/letscureacc.com\/it\/wp-json\/wp\/v2\/pages\/4051","targetHints":{"allow":["GET"]}}],"collection":[{"href":"https:\/\/letscureacc.com\/it\/wp-json\/wp\/v2\/pages"}],"about":[{"href":"https:\/\/letscureacc.com\/it\/wp-json\/wp\/v2\/types\/page"}],"author":[{"embeddable":true,"href":"https:\/\/letscureacc.com\/it\/wp-json\/wp\/v2\/users\/416"}],"replies":[{"embeddable":true,"href":"https:\/\/letscureacc.com\/it\/wp-json\/wp\/v2\/comments?post=4051"}],"version-history":[{"count":0,"href":"https:\/\/letscureacc.com\/it\/wp-json\/wp\/v2\/pages\/4051\/revisions"}],"wp:attachment":[{"href":"https:\/\/letscureacc.com\/it\/wp-json\/wp\/v2\/media?parent=4051"}],"curies":[{"name":"wp","href":"https:\/\/api.w.org\/{rel}","templated":true}]}}