{"id":4104,"date":"2022-01-31T15:33:23","date_gmt":"2022-01-31T14:33:23","guid":{"rendered":"https:\/\/letscureacc.com\/?page_id=4104"},"modified":"2026-01-22T19:14:31","modified_gmt":"2026-01-22T18:14:31","slug":"il-nostro-consiglio-di-amministrazione","status":"publish","type":"page","link":"https:\/\/letscureacc.com\/it\/il-nostro-consiglio-di-amministrazione\/","title":{"rendered":"Il Nostro Consiglio Di Amministrazione"},"content":{"rendered":"\t\t<div data-elementor-type=\"wp-page\" data-elementor-id=\"4104\" class=\"elementor elementor-4104 elementor-559\">\n\t\t\t\t\t\t<section class=\"elementor-section elementor-top-section elementor-element elementor-element-02a4a16 elementor-section-boxed elementor-section-height-default elementor-section-height-default parallax_section_no qode_elementor_container_no\" data-id=\"02a4a16\" data-element_type=\"section\" data-e-type=\"section\">\n\t\t\t\t\t\t<div class=\"elementor-container elementor-column-gap-default\">\n\t\t\t\t\t<div class=\"elementor-column elementor-col-100 elementor-top-column elementor-element elementor-element-04f7e35\" data-id=\"04f7e35\" data-element_type=\"column\" data-e-type=\"column\">\n\t\t\t<div class=\"elementor-widget-wrap elementor-element-populated\">\n\t\t\t\t\t\t<div class=\"elementor-element elementor-element-a484810 elementor-widget elementor-widget-spacer\" data-id=\"a484810\" data-element_type=\"widget\" data-e-type=\"widget\" data-widget_type=\"spacer.default\">\n\t\t\t\t<div class=\"elementor-widget-container\">\n\t\t\t\t\t\t\t<div class=\"elementor-spacer\">\n\t\t\t<div class=\"elementor-spacer-inner\"><\/div>\n\t\t<\/div>\n\t\t\t\t\t\t<\/div>\n\t\t\t\t<\/div>\n\t\t\t\t<div class=\"elementor-element elementor-element-bb29cf7 elementor-widget elementor-widget-text-editor\" data-id=\"bb29cf7\" data-element_type=\"widget\" data-e-type=\"widget\" data-widget_type=\"text-editor.default\">\n\t\t\t\t<div class=\"elementor-widget-container\">\n\t\t\t\t\t\t\t\t\t<h2 style=\"text-align: center;\">VUOI QUALCHE INFORMAZIONE IN PIU&#8217; SULLE PERSONE CHE HANNO CREATO QUESTO SITO? LE ABBIAMO!<\/h2><p>Let&#8217;s Cure ACC \u00e8 stata fondata da due donne francesi come associazione non-profit registrata in Francia nel 2021: Catherine, che vive negli Stati Uniti dal 2003, e Sandra, che risiede in Francia. Le loro strade si sono incrociate tramite un gruppo Facebook di pazienti con ACC dove hanno immediatamente creato un legame. Condividevano lo stesso sentimento: avere a che fare con una malattia rara per i pazienti con ACC \u00e8 gi\u00e0 di per s\u00e9 molto difficile, ma quando non c&#8217;\u00e8 aiuto o mancano informazioni per capire cosa succeda, la situazione diventa insopportabile. Di fronte a questa situazione, Catherine e Sandra hanno voluto aiutare tutti i pazienti affetti da ACC, i loro parenti e chi li assiste, fornendo informazioni affidabili in pi\u00f9 lingue a livello internazionale.<\/p><p>Altre persone colpite dalla malattia provano gli stessi sentimenti, quindi Let&#8217;s Cure ACC \u00e8 aperta ad espandersi. Ogni nuovo individuo che entra a far parte del nostro board introduce nuove prospettive e preziose competenze nell&#8217;associazione. Quante possibilit\u00e0 ci sono di incontrare persone con vite cos\u00ec diverse &#8211; differenti per et\u00e0, paese d&#8217;origine e altro ancora &#8211; con le quali si pu\u00f2 creare un legame senza sforzo? Grazie all&#8217;ACC, abbiamo coltivato non solo un&#8217;amicizia forte e genuina, ma anche una missione condivisa: assistere i pazienti in tutto il mondo.<\/p>\t\t\t\t\t\t\t\t<\/div>\n\t\t\t\t<\/div>\n\t\t\t\t\t<\/div>\n\t\t<\/div>\n\t\t\t\t\t<\/div>\n\t\t<\/section>\n\t\t\t\t<section class=\"elementor-section elementor-inner-section elementor-element elementor-element-675f766 elementor-section-boxed elementor-section-height-default elementor-section-height-default parallax_section_no qode_elementor_container_no\" data-id=\"675f766\" data-element_type=\"section\" data-e-type=\"section\">\n\t\t\t\t\t\t<div class=\"elementor-container elementor-column-gap-default\">\n\t\t\t\t\t<div class=\"elementor-column elementor-col-50 elementor-inner-column elementor-element elementor-element-6f29752c\" data-id=\"6f29752c\" data-element_type=\"column\" data-e-type=\"column\">\n\t\t\t<div class=\"elementor-widget-wrap elementor-element-populated\">\n\t\t\t\t\t\t<div class=\"elementor-element elementor-element-246a3a69 elementor-widget__width-initial elementor-widget elementor-widget-link-in-bio\" data-id=\"246a3a69\" data-element_type=\"widget\" data-e-type=\"widget\" data-widget_type=\"link-in-bio.default\">\n\t\t\t\t<div class=\"elementor-widget-container\">\n\t\t\t\t\t\t\t<div class=\"e-link-in-bio e-link-in-bio\">\n\t\t\t<div class=\"e-link-in-bio__content\">\n\n\t\t\t\t\t\t<div class=\"e-link-in-bio__identity\">\n\t\t\t\t\t\t\t\t\t<div class=\"e-link-in-bio__identity-image e-link-in-bio__identity-image-profile has-style-circle\">\n\t\t\t\t\t\t\t<img fetchpriority=\"high\" decoding=\"async\" width=\"212\" height=\"300\" src=\"https:\/\/letscureacc.com\/wp-content\/uploads\/2026\/01\/cath-e1769026974689-212x300.png\" class=\"e-link-in-bio__identity-image-element\" alt=\"\" srcset=\"https:\/\/letscureacc.com\/wp-content\/uploads\/2026\/01\/cath-e1769026974689-212x300.png 212w, https:\/\/letscureacc.com\/wp-content\/uploads\/2026\/01\/cath-e1769026974689-723x1024.png 723w, https:\/\/letscureacc.com\/wp-content\/uploads\/2026\/01\/cath-e1769026974689-768x1088.png 768w, https:\/\/letscureacc.com\/wp-content\/uploads\/2026\/01\/cath-e1769026974689-700x992.png 700w, https:\/\/letscureacc.com\/wp-content\/uploads\/2026\/01\/cath-e1769026974689.png 868w\" sizes=\"(max-width: 212px) 100vw, 212px\" \/>\t\t\t\t\t\t\t\t\t\t\t\t\t<\/div>\n\t\t\t\t\t\t\t<\/div>\n\t\t\t\t\t<div class=\"e-link-in-bio__bio\">\n\t\t\t\t<h2 class=\"e-link-in-bio__heading\">CATHERINE<\/h2>\t\t\t\t\t\t\t\t\t\t\t\t\t\t\t<\/div>\n\t\t\t\t\t<div class=\"e-link-in-bio__icons has-size-small\">\n\t\t\t\t\t\t\t<div class=\"e-link-in-bio__icon is-size-small\">\n\t\t\t\t\t<a href=\"https:\/\/www.linkedin.com\/in\/catherine-heitz-lamy-2a328641\/\" target=\"_blank\" rel=\"noopener \" aria-label=\"LinkedIn\" class=\"e-link-in-bio__icon-link\">\n\t\t\t\t\t\t<span class=\"e-link-in-bio__icon-svg\">\n\t\t\t\t\t\t\t<i aria-hidden=\"true\" class=\"fab fa-linkedin-in\"><\/i>\t\t\t\t\t\t<\/span>\n\t\t\t\t\t\t\t\t\t\t\t<\/a>\n\t\t\t\t<\/div>\n\t\t\t\t\t\t\t<div class=\"e-link-in-bio__icon is-size-small\">\n\t\t\t\t\t<a aria-label=\"Email\" class=\"e-link-in-bio__icon-link\" href=\"mailto:cath@letscureacc.com\">\n\t\t\t\t\t\t<span class=\"e-link-in-bio__icon-svg\">\n\t\t\t\t\t\t\t<i aria-hidden=\"true\" class=\"fas fa-envelope\"><\/i>\t\t\t\t\t\t<\/span>\n\t\t\t\t\t\t\t\t\t\t\t<\/a>\n\t\t\t\t<\/div>\n\t\t\t\t\t<\/div>\n\t\t\n\t\t<div class=\"e-link-in-bio__ctas has-type-link\">\n\t\t\t\t\t\t\t<a target=\"_blank\" rel=\"noopener \" class=\"e-link-in-bio__cta is-type-link\" href=\"\">\n\t\t\t\t\t\t\t\t\t\t<span class=\"e-link-in-bio__cta-text\">\n\t\t\t\t\t\t\t\t\t\t\t<\/span>\n\t\t\t\t<\/a>\n\t\t\t\t\t<\/div>\n\t\t\n\t\t\t<\/div>\n\t\t\t<div class=\"e-link-in-bio__bg\">\n\t\t\t\t<div class=\"e-link-in-bio__bg-overlay\"><\/div>\n\t\t\t<\/div>\n\t\t<\/div>\n\t\t\t\t\t\t<\/div>\n\t\t\t\t<\/div>\n\t\t\t\t\t<\/div>\n\t\t<\/div>\n\t\t\t\t<div class=\"elementor-column elementor-col-50 elementor-inner-column elementor-element elementor-element-31a52fea\" data-id=\"31a52fea\" data-element_type=\"column\" data-e-type=\"column\">\n\t\t\t<div class=\"elementor-widget-wrap elementor-element-populated\">\n\t\t\t\t\t\t<div class=\"elementor-element elementor-element-2d2f024b elementor-widget__width-initial elementor-widget elementor-widget-text-editor\" data-id=\"2d2f024b\" data-element_type=\"widget\" data-e-type=\"widget\" data-widget_type=\"text-editor.default\">\n\t\t\t\t<div class=\"elementor-widget-container\">\n\t\t\t\t\t\t\t\t\t<p><strong>Catherine <\/strong>\u00e8 nata nel 1968 ed oggi vive a Long Island, NY, USA. E\u2019 madre di tre ragazzi, ha lavorato per molti anni nel marketing per LVMH prima di dedicarsi ad un programma di educazione bi-culturale (BAYARD Presse \u2013 traduzioni \u2013 insegnamento online di Francese).<br \/>Si \u00e8 quasi diagnosticata da sola la <a href=\"https:\/\/lcacc.wpengine.com\/glossary\/sindrome-di-cushing\/?lang=it\">Sindrome di Cushing<\/a> (causata da una massa surrenalica destra di 7cm) a Luglio del 2018 (tanti auguri di 50 anni!). Dieci giorni dopo l\u2019intervento, la malattia \u00e8 stata ridefinita come <a href=\"https:\/\/lcacc.wpengine.com\/glossary\/cancer-de-las-glandulas-suprarrenales-o-carcinoma-suprarrenal\/?lang=it\">carcinoma corticosurrenalico.<\/a>\u00a0Tre mesi dopo, anche la surrenale destra \u00e8 stata rimossa per sua scelta (ed anche dell\u2019equipe medica che la seguiva), a fronte di una serie di sintomi sospetti (probabilmente anticipatori di una recidiva della malattia oncologica). Quindi non le \u00e8 rimasta nessuna<a href=\"https:\/\/lcacc.wpengine.com\/glossary\/ghiadole-surrenali\/?lang=it\"> ghiandola surrenalica<\/a>! Ma oggi Catherine vive felicemente con qualche piccolo accorgimento nella sua vita (molte medicine, tra cui il Lysodren, e tante visite mediche di controllo!).<\/p>\t\t\t\t\t\t\t\t<\/div>\n\t\t\t\t<\/div>\n\t\t\t\t\t<\/div>\n\t\t<\/div>\n\t\t\t\t\t<\/div>\n\t\t<\/section>\n\t\t\t\t<section class=\"elementor-section elementor-inner-section elementor-element elementor-element-6ed41b7 elementor-section-boxed elementor-section-height-default elementor-section-height-default parallax_section_no qode_elementor_container_no\" data-id=\"6ed41b7\" data-element_type=\"section\" data-e-type=\"section\">\n\t\t\t\t\t\t<div class=\"elementor-container elementor-column-gap-default\">\n\t\t\t\t\t<div class=\"elementor-column elementor-col-50 elementor-inner-column elementor-element elementor-element-41b40cc\" data-id=\"41b40cc\" data-element_type=\"column\" data-e-type=\"column\">\n\t\t\t<div class=\"elementor-widget-wrap elementor-element-populated\">\n\t\t\t\t\t\t<div class=\"elementor-element elementor-element-f9fcf1b elementor-widget__width-initial elementor-widget elementor-widget-link-in-bio\" data-id=\"f9fcf1b\" data-element_type=\"widget\" data-e-type=\"widget\" data-widget_type=\"link-in-bio.default\">\n\t\t\t\t<div class=\"elementor-widget-container\">\n\t\t\t\t\t\t\t<div class=\"e-link-in-bio e-link-in-bio\">\n\t\t\t<div class=\"e-link-in-bio__content\">\n\n\t\t\t\t\t\t<div class=\"e-link-in-bio__identity\">\n\t\t\t\t\t\t\t\t\t<div class=\"e-link-in-bio__identity-image e-link-in-bio__identity-image-profile has-style-circle\">\n\t\t\t\t\t\t\t<img decoding=\"async\" width=\"225\" height=\"300\" src=\"https:\/\/letscureacc.com\/wp-content\/uploads\/2026\/01\/marc-2-225x300.png\" class=\"e-link-in-bio__identity-image-element\" alt=\"\" srcset=\"https:\/\/letscureacc.com\/wp-content\/uploads\/2026\/01\/marc-2-225x300.png 225w, https:\/\/letscureacc.com\/wp-content\/uploads\/2026\/01\/marc-2.png 433w\" sizes=\"(max-width: 225px) 100vw, 225px\" \/>\t\t\t\t\t\t\t\t\t\t\t\t\t<\/div>\n\t\t\t\t\t\t\t<\/div>\n\t\t\t\t\t<div class=\"e-link-in-bio__bio\">\n\t\t\t\t<h2 class=\"e-link-in-bio__heading\">MARC<\/h2>\t\t\t\t\t\t\t\t\t\t\t\t\t\t\t<\/div>\n\t\t\t\t\t<div class=\"e-link-in-bio__icons has-size-small\">\n\t\t\t\t\t\t\t<div class=\"e-link-in-bio__icon is-size-small\">\n\t\t\t\t\t<a href=\"https:\/\/www.facebook.com\/marc.coping\/\" target=\"_blank\" rel=\"noopener \" aria-label=\"Facebook\" class=\"e-link-in-bio__icon-link\">\n\t\t\t\t\t\t<span class=\"e-link-in-bio__icon-svg\">\n\t\t\t\t\t\t\t<i aria-hidden=\"true\" class=\"fab fa-facebook\"><\/i>\t\t\t\t\t\t<\/span>\n\t\t\t\t\t\t\t\t\t\t\t<\/a>\n\t\t\t\t<\/div>\n\t\t\t\t\t\t\t<div class=\"e-link-in-bio__icon is-size-small\">\n\t\t\t\t\t<a href=\"https:\/\/www.instagram.com\/marc_letscureacc\/\" target=\"_blank\" rel=\"noopener \" aria-label=\"Instagram\" class=\"e-link-in-bio__icon-link\">\n\t\t\t\t\t\t<span class=\"e-link-in-bio__icon-svg\">\n\t\t\t\t\t\t\t<i aria-hidden=\"true\" class=\"fab fa-instagram\"><\/i>\t\t\t\t\t\t<\/span>\n\t\t\t\t\t\t\t\t\t\t\t<\/a>\n\t\t\t\t<\/div>\n\t\t\t\t\t\t\t<div class=\"e-link-in-bio__icon is-size-small\">\n\t\t\t\t\t<a aria-label=\"Email\" class=\"e-link-in-bio__icon-link\" href=\"mailto:marc@letscureacc.com\">\n\t\t\t\t\t\t<span class=\"e-link-in-bio__icon-svg\">\n\t\t\t\t\t\t\t<i aria-hidden=\"true\" class=\"fas fa-envelope\"><\/i>\t\t\t\t\t\t<\/span>\n\t\t\t\t\t\t\t\t\t\t\t<\/a>\n\t\t\t\t<\/div>\n\t\t\t\t\t<\/div>\n\t\t\n\t\t<div class=\"e-link-in-bio__ctas has-type-link\">\n\t\t\t\t\t\t\t<a target=\"_blank\" rel=\"noopener \" class=\"e-link-in-bio__cta is-type-link\" href=\"\">\n\t\t\t\t\t\t\t\t\t\t<span class=\"e-link-in-bio__cta-text\">\n\t\t\t\t\t\t\t\t\t\t\t<\/span>\n\t\t\t\t<\/a>\n\t\t\t\t\t<\/div>\n\t\t\n\t\t\t<\/div>\n\t\t\t<div class=\"e-link-in-bio__bg\">\n\t\t\t\t<div class=\"e-link-in-bio__bg-overlay\"><\/div>\n\t\t\t<\/div>\n\t\t<\/div>\n\t\t\t\t\t\t<\/div>\n\t\t\t\t<\/div>\n\t\t\t\t\t<\/div>\n\t\t<\/div>\n\t\t\t\t<div class=\"elementor-column elementor-col-50 elementor-inner-column elementor-element elementor-element-5eed9cd\" data-id=\"5eed9cd\" data-element_type=\"column\" data-e-type=\"column\">\n\t\t\t<div class=\"elementor-widget-wrap elementor-element-populated\">\n\t\t\t\t\t\t<div class=\"elementor-element elementor-element-5fac5e1 elementor-widget__width-initial elementor-widget elementor-widget-text-editor\" data-id=\"5fac5e1\" data-element_type=\"widget\" data-e-type=\"widget\" data-widget_type=\"text-editor.default\">\n\t\t\t\t<div class=\"elementor-widget-container\">\n\t\t\t\t\t\t\t\t\t<p><strong>Marc<\/strong> \u00e8 nato nel 1972 in Germania ed attualmente vive vicino a Oldenburg in Bassa Sassonia, dopo aver trascorso oltre 20 anni in Svizzera.<br \/>Ha ottenuto un dottorato di ricerca in economia, ha alle spalle una carriera dinamica, avendo lavorato a livello internazionale in vari ruoli per banche come NordLB, Deutsche Bank, UBS e per Finnova, l&#8217;azienda informatica svizzera. Fin dall&#8217;et\u00e0 di 12 anni lo sport \u00e8 stato un suo punto focale: ha iniziato con l&#8217;atletica e poi dopo \u00e8 diventato uno sciatore di fondo agonistico. Nel 2017, la sua vita ha incontrato un grosso ostacolo: gli \u00e8 stato diagnosticato un ACC, un tumore di 20 cm; \u00e8 stato sottoposto ad una resezione chirurgica, quattro cicli di chemioterapia e successivamente ha avviato la terapia con Lysodren. Nel 2019, Marc \u00e8 sopravvissuto a due recidive epatiche con altre due resezioni e sei cicli di chemioterapia. Oggi prova un&#8217;immensa gratitudine per una vita piena di esperienze e la prospettiva di aggiungervi alcuni altri capitoli.<\/p>\t\t\t\t\t\t\t\t<\/div>\n\t\t\t\t<\/div>\n\t\t\t\t\t<\/div>\n\t\t<\/div>\n\t\t\t\t\t<\/div>\n\t\t<\/section>\n\t\t\t\t<section class=\"elementor-section elementor-inner-section elementor-element elementor-element-094d82e elementor-section-boxed elementor-section-height-default elementor-section-height-default parallax_section_no qode_elementor_container_no\" data-id=\"094d82e\" data-element_type=\"section\" data-e-type=\"section\">\n\t\t\t\t\t\t<div class=\"elementor-container elementor-column-gap-default\">\n\t\t\t\t\t<div class=\"elementor-column elementor-col-50 elementor-inner-column elementor-element elementor-element-e6874ef\" data-id=\"e6874ef\" data-element_type=\"column\" data-e-type=\"column\">\n\t\t\t<div class=\"elementor-widget-wrap elementor-element-populated\">\n\t\t\t\t\t\t<div class=\"elementor-element elementor-element-bc54ecb elementor-widget__width-initial elementor-widget elementor-widget-link-in-bio\" data-id=\"bc54ecb\" data-element_type=\"widget\" data-e-type=\"widget\" data-widget_type=\"link-in-bio.default\">\n\t\t\t\t<div class=\"elementor-widget-container\">\n\t\t\t\t\t\t\t<div class=\"e-link-in-bio e-link-in-bio\">\n\t\t\t<div class=\"e-link-in-bio__content\">\n\n\t\t\t\t\t\t<div class=\"e-link-in-bio__identity\">\n\t\t\t\t\t\t\t\t\t<div class=\"e-link-in-bio__identity-image e-link-in-bio__identity-image-profile has-style-circle\">\n\t\t\t\t\t\t\t<img decoding=\"async\" width=\"202\" height=\"300\" src=\"https:\/\/letscureacc.com\/wp-content\/uploads\/2026\/01\/WhatsApp_Image_2026-01-22_at_12.52.19-removebg-preview-2-202x300.png\" class=\"e-link-in-bio__identity-image-element\" alt=\"\" srcset=\"https:\/\/letscureacc.com\/wp-content\/uploads\/2026\/01\/WhatsApp_Image_2026-01-22_at_12.52.19-removebg-preview-2-202x300.png 202w, https:\/\/letscureacc.com\/wp-content\/uploads\/2026\/01\/WhatsApp_Image_2026-01-22_at_12.52.19-removebg-preview-2.png 290w\" sizes=\"(max-width: 202px) 100vw, 202px\" \/>\t\t\t\t\t\t\t\t\t\t\t\t\t<\/div>\n\t\t\t\t\t\t\t<\/div>\n\t\t\t\t\t<div class=\"e-link-in-bio__bio\">\n\t\t\t\t<h2 class=\"e-link-in-bio__heading\">SANDRA<\/h2>\t\t\t\t\t\t\t\t\t\t\t\t\t\t\t<\/div>\n\t\t\t\t\t<div class=\"e-link-in-bio__icons has-size-small\">\n\t\t\t\t\t\t\t<div class=\"e-link-in-bio__icon is-size-small\">\n\t\t\t\t\t<a aria-label=\"Email\" class=\"e-link-in-bio__icon-link\" href=\"mailto:Sandra@letscureacc.com\">\n\t\t\t\t\t\t<span class=\"e-link-in-bio__icon-svg\">\n\t\t\t\t\t\t\t<i aria-hidden=\"true\" class=\"fas fa-envelope\"><\/i>\t\t\t\t\t\t<\/span>\n\t\t\t\t\t\t\t\t\t\t\t<\/a>\n\t\t\t\t<\/div>\n\t\t\t\t\t<\/div>\n\t\t\n\t\t<div class=\"e-link-in-bio__ctas has-type-link\">\n\t\t\t\t\t\t\t<a target=\"_blank\" rel=\"noopener \" class=\"e-link-in-bio__cta is-type-link\" href=\"\">\n\t\t\t\t\t\t\t\t\t\t<span class=\"e-link-in-bio__cta-text\">\n\t\t\t\t\t\t\t\t\t\t\t<\/span>\n\t\t\t\t<\/a>\n\t\t\t\t\t<\/div>\n\t\t\n\t\t\t<\/div>\n\t\t\t<div class=\"e-link-in-bio__bg\">\n\t\t\t\t<div class=\"e-link-in-bio__bg-overlay\"><\/div>\n\t\t\t<\/div>\n\t\t<\/div>\n\t\t\t\t\t\t<\/div>\n\t\t\t\t<\/div>\n\t\t\t\t\t<\/div>\n\t\t<\/div>\n\t\t\t\t<div class=\"elementor-column elementor-col-50 elementor-inner-column elementor-element elementor-element-615f92e\" data-id=\"615f92e\" data-element_type=\"column\" data-e-type=\"column\">\n\t\t\t<div class=\"elementor-widget-wrap elementor-element-populated\">\n\t\t\t\t\t\t<div class=\"elementor-element elementor-element-227ac50 elementor-widget__width-initial elementor-widget elementor-widget-text-editor\" data-id=\"227ac50\" data-element_type=\"widget\" data-e-type=\"widget\" data-widget_type=\"text-editor.default\">\n\t\t\t\t<div class=\"elementor-widget-container\">\n\t\t\t\t\t\t\t\t\t<p><strong>Sandra<\/strong> \u00e8 nata nel 1984 ed oggi vive in Francia, a Parigi.<br \/>Lavorando come Project Director in quest\u2019era digitale, \u00e8 un vero \u201cgeek\u201d: ama i videogiochi, i fantasy eroici, la fantascienza e la musica giaponese (ascoltate Miyavi se volete renderla felice!). \u00c8 appassionata di tutto ci\u00f2 che concerne il \u2018lifestyle\u2019 ed \u00e8 aggiornatissima sugli ultimi trends (eccetto che per la moda \u2013 inutile, perch\u00e9 le sue cellule sane non ne hanno il senso). Le hanno diagnosticato un carcinoma corticosurrenalico nel 2018, ma gi\u00e0 lottava da due anni con una <a href=\"https:\/\/lcacc.wpengine.com\/glossary\/sindrome-di-cushing\/?lang=it\">sindrome di Cushing<\/a> non diangosticata. Alla diagnosi \u00e8 stata riscontrata una massa di 10cm nella sua <a href=\"https:\/\/lcacc.wpengine.com\/glossary\/ghiadole-surrenali\/?lang=it\">ghiandola surrenalica<\/a> destra con un\u2019invasione della vena cava. E\u2019 stata operata ed ha fatto terapia medica con <a href=\"https:\/\/lcacc.wpengine.com\/glossary\/mitotano\/?lang=it\">Mitotane<\/a>. Era una malattia complessa, ed ha dovuto anche fare i conti successivamente con un dolore neuropatico \u2013 ma la vita continua, giusto?<\/p>\t\t\t\t\t\t\t\t<\/div>\n\t\t\t\t<\/div>\n\t\t\t\t\t<\/div>\n\t\t<\/div>\n\t\t\t\t\t<\/div>\n\t\t<\/section>\n\t\t\t\t<section class=\"elementor-section elementor-top-section elementor-element elementor-element-0c78265 elementor-section-boxed elementor-section-height-default elementor-section-height-default parallax_section_no qode_elementor_container_no\" data-id=\"0c78265\" data-element_type=\"section\" data-e-type=\"section\">\n\t\t\t\t\t\t<div class=\"elementor-container elementor-column-gap-default\">\n\t\t\t\t\t<div class=\"elementor-column elementor-col-100 elementor-top-column elementor-element elementor-element-c9bb0ca\" data-id=\"c9bb0ca\" data-element_type=\"column\" data-e-type=\"column\">\n\t\t\t<div class=\"elementor-widget-wrap elementor-element-populated\">\n\t\t\t\t\t\t<div class=\"elementor-element elementor-element-a4e04a6 elementor-widget elementor-widget-text-editor\" data-id=\"a4e04a6\" data-element_type=\"widget\" data-e-type=\"widget\" data-widget_type=\"text-editor.default\">\n\t\t\t\t<div class=\"elementor-widget-container\">\n\t\t\t\t\t\t\t\t\t<p>Abbiamo avuto l\u2019opportunit\u00e0 di partecipare all\u2019 <a href=\"https:\/\/acc2019.wordpress.com\/programme\/\">ACC Symposium 2019<\/a> con gli esperti mondiali in materia. Abbiamo ottenuto il loro supporto unanime per la creazione di una <strong>Associazione Internazionale di Pazienti, costruita per creare una comunit\u00e0 che potrebbe essere di grande aiuto agli esperti medici, per poter permettere loro di offrire le migliori cure ai pazienti.<\/strong><\/p><p>Abbiamo pensato che <strong>ADESSO<\/strong> \u00e8 giunta l\u2019ora per i pazienti con ACC, tutt\u2019attorno al mondo, di riunirsi ed essere pi\u00f9 unificati per aiutare gli specialisti del settore, aumentare la consapevolezza della malattia ed ottenere risposte. In questo modo possiamo parlare con un\u2019unica voce.<\/p>\t\t\t\t\t\t\t\t<\/div>\n\t\t\t\t<\/div>\n\t\t\t\t\t<\/div>\n\t\t<\/div>\n\t\t\t\t\t<\/div>\n\t\t<\/section>\n\t\t\t\t<section class=\"elementor-section elementor-top-section elementor-element elementor-element-cde2e0f elementor-section-boxed elementor-section-height-default elementor-section-height-default parallax_section_no qode_elementor_container_no\" data-id=\"cde2e0f\" data-element_type=\"section\" data-e-type=\"section\" data-settings=\"{&quot;background_background&quot;:&quot;classic&quot;}\">\n\t\t\t\t\t\t<div class=\"elementor-container elementor-column-gap-default\">\n\t\t\t\t\t<div class=\"elementor-column elementor-col-100 elementor-top-column elementor-element elementor-element-89c8773\" data-id=\"89c8773\" data-element_type=\"column\" data-e-type=\"column\">\n\t\t\t<div class=\"elementor-widget-wrap elementor-element-populated\">\n\t\t\t\t\t\t<section class=\"elementor-section elementor-inner-section elementor-element elementor-element-e7a5774 elementor-section-boxed elementor-section-height-default elementor-section-height-default parallax_section_no qode_elementor_container_no\" data-id=\"e7a5774\" data-element_type=\"section\" data-e-type=\"section\">\n\t\t\t\t\t\t<div class=\"elementor-container elementor-column-gap-default\">\n\t\t\t\t\t<div class=\"elementor-column elementor-col-33 elementor-inner-column elementor-element elementor-element-5621ba7\" data-id=\"5621ba7\" data-element_type=\"column\" data-e-type=\"column\">\n\t\t\t<div class=\"elementor-widget-wrap elementor-element-populated\">\n\t\t\t\t\t\t<div class=\"elementor-element elementor-element-7edb420 elementor-widget elementor-widget-image\" data-id=\"7edb420\" data-element_type=\"widget\" data-e-type=\"widget\" data-widget_type=\"image.default\">\n\t\t\t\t<div class=\"elementor-widget-container\">\n\t\t\t\t\t\t\t\t\t\t\t\t\t\t\t<img loading=\"lazy\" decoding=\"async\" width=\"1024\" height=\"1024\" src=\"https:\/\/letscureacc.com\/wp-content\/uploads\/2021\/08\/People-01.svg\" class=\"attachment-large size-large wp-image-1207\" alt=\"\" \/>\t\t\t\t\t\t\t\t\t\t\t\t\t\t\t<\/div>\n\t\t\t\t<\/div>\n\t\t\t\t\t<\/div>\n\t\t<\/div>\n\t\t\t\t<div class=\"elementor-column elementor-col-33 elementor-inner-column elementor-element elementor-element-86dbbb9\" data-id=\"86dbbb9\" data-element_type=\"column\" data-e-type=\"column\">\n\t\t\t<div class=\"elementor-widget-wrap elementor-element-populated\">\n\t\t\t\t\t\t<div class=\"elementor-element elementor-element-f5fc928 elementor-widget elementor-widget-text-editor\" data-id=\"f5fc928\" data-element_type=\"widget\" data-e-type=\"widget\" data-widget_type=\"text-editor.default\">\n\t\t\t\t<div class=\"elementor-widget-container\">\n\t\t\t\t\t\t\t\t\t<p><span style=\"color: #175e66; font-size: 40px; line-height: 130%; font-weight: 500;\">Nulla di tutto questo sarebbe possibile senza il tuo aiuto!<\/span><\/p><p>Fai anche tu la differenza e unisciti a noi!<\/p>\t\t\t\t\t\t\t\t<\/div>\n\t\t\t\t<\/div>\n\t\t\t\t\t<\/div>\n\t\t<\/div>\n\t\t\t\t<div class=\"elementor-column elementor-col-33 elementor-inner-column elementor-element elementor-element-3051150\" data-id=\"3051150\" data-element_type=\"column\" data-e-type=\"column\">\n\t\t\t<div class=\"elementor-widget-wrap elementor-element-populated\">\n\t\t\t\t\t\t<div class=\"elementor-element elementor-element-235d4cc elementor-align-center elementor-widget elementor-widget-button\" data-id=\"235d4cc\" data-element_type=\"widget\" data-e-type=\"widget\" data-widget_type=\"button.default\">\n\t\t\t\t<div class=\"elementor-widget-container\">\n\t\t\t\t\t\t\t\t\t<div class=\"elementor-button-wrapper\">\n\t\t\t\t\t<a class=\"elementor-button elementor-button-link elementor-size-lg\" href=\"https:\/\/lcacc.wpengine.com\/contattaci\/?lang=it\">\n\t\t\t\t\t\t<span class=\"elementor-button-content-wrapper\">\n\t\t\t\t\t\t\t\t\t<span class=\"elementor-button-text\">Contattaci<\/span>\n\t\t\t\t\t<\/span>\n\t\t\t\t\t<\/a>\n\t\t\t\t<\/div>\n\t\t\t\t\t\t\t\t<\/div>\n\t\t\t\t<\/div>\n\t\t\t\t\t<\/div>\n\t\t<\/div>\n\t\t\t\t\t<\/div>\n\t\t<\/section>\n\t\t\t\t\t<\/div>\n\t\t<\/div>\n\t\t\t\t\t<\/div>\n\t\t<\/section>\n\t\t\t\t<\/div>\n\t\t","protected":false},"excerpt":{"rendered":"<p>VUOI QUALCHE INFORMAZIONE IN PIU&#8217; SULLE PERSONE CHE HANNO CREATO QUESTO SITO? LE ABBIAMO! Let&#8217;s Cure ACC \u00e8 stata fondata da due donne francesi come associazione non-profit registrata in Francia nel 2021: Catherine, che vive negli Stati Uniti dal 2003, e Sandra, che risiede in&#8230;<\/p>\n","protected":false},"author":416,"featured_media":0,"parent":0,"menu_order":0,"comment_status":"closed","ping_status":"closed","template":"full_width.php","meta":{"give_campaign_id":0,"inline_featured_image":false,"footnotes":""},"class_list":["post-4104","page","type-page","status-publish","hentry"],"campaignId":"","_links":{"self":[{"href":"https:\/\/letscureacc.com\/it\/wp-json\/wp\/v2\/pages\/4104","targetHints":{"allow":["GET"]}}],"collection":[{"href":"https:\/\/letscureacc.com\/it\/wp-json\/wp\/v2\/pages"}],"about":[{"href":"https:\/\/letscureacc.com\/it\/wp-json\/wp\/v2\/types\/page"}],"author":[{"embeddable":true,"href":"https:\/\/letscureacc.com\/it\/wp-json\/wp\/v2\/users\/416"}],"replies":[{"embeddable":true,"href":"https:\/\/letscureacc.com\/it\/wp-json\/wp\/v2\/comments?post=4104"}],"version-history":[{"count":15,"href":"https:\/\/letscureacc.com\/it\/wp-json\/wp\/v2\/pages\/4104\/revisions"}],"predecessor-version":[{"id":10415,"href":"https:\/\/letscureacc.com\/it\/wp-json\/wp\/v2\/pages\/4104\/revisions\/10415"}],"wp:attachment":[{"href":"https:\/\/letscureacc.com\/it\/wp-json\/wp\/v2\/media?parent=4104"}],"curies":[{"name":"wp","href":"https:\/\/api.w.org\/{rel}","templated":true}]}}