{"id":4961,"date":"2022-02-09T13:50:34","date_gmt":"2022-02-09T12:50:34","guid":{"rendered":"https:\/\/letscureacc.com\/?page_id=4961"},"modified":"2024-06-03T13:20:16","modified_gmt":"2024-06-03T11:20:16","slug":"disclaimer","status":"publish","type":"page","link":"https:\/\/letscureacc.com\/it\/disclaimer\/","title":{"rendered":"Disclaimer"},"content":{"rendered":"\t\t<div data-elementor-type=\"wp-page\" data-elementor-id=\"4961\" class=\"elementor elementor-4961 elementor-2255\">\n\t\t\t\t\t\t<section class=\"elementor-section elementor-top-section elementor-element elementor-element-7b36cf9 elementor-section-boxed elementor-section-height-default elementor-section-height-default parallax_section_no qode_elementor_container_no\" data-id=\"7b36cf9\" data-element_type=\"section\" data-e-type=\"section\">\n\t\t\t\t\t\t<div class=\"elementor-container elementor-column-gap-default\">\n\t\t\t\t\t<div class=\"elementor-column elementor-col-100 elementor-top-column elementor-element elementor-element-9492b56\" data-id=\"9492b56\" data-element_type=\"column\" data-e-type=\"column\">\n\t\t\t<div class=\"elementor-widget-wrap elementor-element-populated\">\n\t\t\t\t\t\t<section class=\"elementor-section elementor-inner-section elementor-element elementor-element-ab0ade8 elementor-section-boxed elementor-section-height-default elementor-section-height-default parallax_section_no qode_elementor_container_no\" data-id=\"ab0ade8\" data-element_type=\"section\" data-e-type=\"section\">\n\t\t\t\t\t\t<div class=\"elementor-container elementor-column-gap-default\">\n\t\t\t\t\t<div class=\"elementor-column elementor-col-100 elementor-inner-column elementor-element elementor-element-943c94a\" data-id=\"943c94a\" data-element_type=\"column\" data-e-type=\"column\">\n\t\t\t<div class=\"elementor-widget-wrap elementor-element-populated\">\n\t\t\t\t\t\t<div class=\"elementor-element elementor-element-a3f6b8b elementor-widget elementor-widget-text-editor\" data-id=\"a3f6b8b\" data-element_type=\"widget\" data-e-type=\"widget\" data-widget_type=\"text-editor.default\">\n\t\t\t\t<div class=\"elementor-widget-container\">\n\t\t\t\t\t\t\t\t\t<h2 style=\"text-align: center;\">Disclaimer<\/h2>\n<p>Let&#8217;s Cure ACC non \u00e8 un sito medico, non \u00e8 un&#8217;autorit\u00e0 medica e non rivendica conoscenze mediche. Let&#8217;s Cure ACC non \u00e8 destinato a trattare alcuna patologia, diagnosticare condizioni o essere un sostituto di un consulto medico. Per informazioni sul vostro stato di salute e\/o su terapie in corso, consultatevi con il vostro medico o della figura assistenziale pi\u00f9 appropriata.<\/p>\n\t\t\t\t\t\t\t\t<\/div>\n\t\t\t\t<\/div>\n\t\t\t\t\t<\/div>\n\t\t<\/div>\n\t\t\t\t\t<\/div>\n\t\t<\/section>\n\t\t\t\t\t<\/div>\n\t\t<\/div>\n\t\t\t\t\t<\/div>\n\t\t<\/section>\n\t\t\t\t<\/div>\n\t\t","protected":false},"excerpt":{"rendered":"<p>Disclaimer Let&#8217;s Cure ACC non \u00e8 un sito medico, non \u00e8 un&#8217;autorit\u00e0 medica e non rivendica conoscenze mediche. Let&#8217;s Cure ACC non \u00e8 destinato a trattare alcuna patologia, diagnosticare condizioni o essere un sostituto di un consulto medico. Per informazioni sul vostro stato di salute&#8230;<\/p>\n","protected":false},"author":416,"featured_media":0,"parent":0,"menu_order":0,"comment_status":"closed","ping_status":"closed","template":"","meta":{"give_campaign_id":0,"inline_featured_image":false,"footnotes":""},"class_list":["post-4961","page","type-page","status-publish","hentry"],"campaignId":"","_links":{"self":[{"href":"https:\/\/letscureacc.com\/it\/wp-json\/wp\/v2\/pages\/4961","targetHints":{"allow":["GET"]}}],"collection":[{"href":"https:\/\/letscureacc.com\/it\/wp-json\/wp\/v2\/pages"}],"about":[{"href":"https:\/\/letscureacc.com\/it\/wp-json\/wp\/v2\/types\/page"}],"author":[{"embeddable":true,"href":"https:\/\/letscureacc.com\/it\/wp-json\/wp\/v2\/users\/416"}],"replies":[{"embeddable":true,"href":"https:\/\/letscureacc.com\/it\/wp-json\/wp\/v2\/comments?post=4961"}],"version-history":[{"count":0,"href":"https:\/\/letscureacc.com\/it\/wp-json\/wp\/v2\/pages\/4961\/revisions"}],"wp:attachment":[{"href":"https:\/\/letscureacc.com\/it\/wp-json\/wp\/v2\/media?parent=4961"}],"curies":[{"name":"wp","href":"https:\/\/api.w.org\/{rel}","templated":true}]}}