{"id":4995,"date":"2022-02-09T14:19:35","date_gmt":"2022-02-09T13:19:35","guid":{"rendered":"https:\/\/letscureacc.com\/?page_id=4995"},"modified":"2024-05-10T12:51:28","modified_gmt":"2024-05-10T10:51:28","slug":"gruppi-facebook","status":"publish","type":"page","link":"https:\/\/letscureacc.com\/it\/gruppi-facebook\/","title":{"rendered":"Gruppi Facebook"},"content":{"rendered":"\t\t<div data-elementor-type=\"wp-page\" data-elementor-id=\"4995\" class=\"elementor elementor-4995 elementor-674\">\n\t\t\t\t\t\t<section class=\"elementor-section elementor-top-section elementor-element elementor-element-2f84ef40 elementor-section-full_width elementor-section-height-default elementor-section-height-default parallax_section_no qode_elementor_container_no\" data-id=\"2f84ef40\" data-element_type=\"section\" data-e-type=\"section\" data-settings=\"{&quot;background_background&quot;:&quot;classic&quot;}\">\n\t\t\t\t\t\t<div class=\"elementor-container elementor-column-gap-default\">\n\t\t\t\t\t<div class=\"elementor-column elementor-col-100 elementor-top-column elementor-element elementor-element-55596fa4\" data-id=\"55596fa4\" data-element_type=\"column\" data-e-type=\"column\">\n\t\t\t<div class=\"elementor-widget-wrap elementor-element-populated\">\n\t\t\t\t\t\t<section class=\"elementor-section elementor-inner-section elementor-element elementor-element-da1aa8c elementor-section-boxed elementor-section-height-default elementor-section-height-default parallax_section_no qode_elementor_container_no\" data-id=\"da1aa8c\" data-element_type=\"section\" data-e-type=\"section\">\n\t\t\t\t\t\t<div class=\"elementor-container elementor-column-gap-extended\">\n\t\t\t\t\t<div class=\"elementor-column elementor-col-100 elementor-inner-column elementor-element elementor-element-916ce81\" data-id=\"916ce81\" data-element_type=\"column\" data-e-type=\"column\">\n\t\t\t<div class=\"elementor-widget-wrap elementor-element-populated\">\n\t\t\t\t\t\t<div class=\"elementor-element elementor-element-0119b7a elementor-widget elementor-widget-text-editor\" data-id=\"0119b7a\" data-element_type=\"widget\" data-e-type=\"widget\" data-widget_type=\"text-editor.default\">\n\t\t\t\t<div class=\"elementor-widget-container\">\n\t\t\t\t\t\t\t\t\t<h2 style=\"text-align: center;\">GRUPPI FACEBOOK IN TUTTO IL MONDO PER SCAMBI TRA PAZIENTI<\/h2>\n<p>Siamo solo una manciata di pazienti tutt\u2019attorno al mondo con questa malattia orfana, e per alcuni di noi pu\u00f2 essere un\u2019esperienza estremamente isolante. Essere in grado di interagire con altri \u00e8 cruciale: puoi incontrare persone che stanno vivendo la stessa (o praticamente la stessa) situazione, che si pongono le stesse domande.<\/p>\n<p>Qui c\u2019\u00e8 una lista di gruppi Facebook di PAZIENTI CON CARCINOMA CORTICOSURRENALICO di tutto il mondo in diverse lingue (in ordine alfabetico per lingua usata). Questi sono gruppi sono privati e molti di essi ti chiedono una serie di domande per diventare membro.<\/p>\n<p>Se conosci altri gruppi, per favore\u00a0<a href=\"https:\/\/lcacc.wpengine.com\/contattaci\/?lang=it\">contattaci:<\/a>\u00a0possiamo chiedere agli amministratori se acconsentono ad inserire il loro gruppo su questo sito.<\/p>\n<p>Grazie alle persone che aiutano con la creazione del sito web: Martyn JONES (Inglese), Petra BRUEGMANN (Tedesco), Kathleen FRISTENSKY e Th\u00e9r\u00e9se RODRIGUEZ-GITTON (Spagnolo), Edoardo TERZOLO e Coralie GAMBRO (Italiano), Emmanuelle AFONSO, H\u00e9l\u00e8ne SOBRAL e Maria VILLARES FRAGOSO (Portoghese\/Brasiliano), Melody ZHANG (Cinese), Kazutaka NANBA e Editage-Cactus Communications (Giapponese) .<\/p>\n\t\t\t\t\t\t\t\t<\/div>\n\t\t\t\t<\/div>\n\t\t\t\t\t<\/div>\n\t\t<\/div>\n\t\t\t\t\t<\/div>\n\t\t<\/section>\n\t\t\t\t\t<\/div>\n\t\t<\/div>\n\t\t\t\t\t<\/div>\n\t\t<\/section>\n\t\t\t\t<section class=\"elementor-section elementor-top-section elementor-element elementor-element-9ad4416 qode_elementor_container_inner elementor-section-boxed elementor-section-height-default elementor-section-height-default parallax_section_no\" data-id=\"9ad4416\" data-element_type=\"section\" data-e-type=\"section\" data-settings=\"{&quot;background_background&quot;:&quot;classic&quot;}\">\n\t\t\t\t\t\t<div class=\"elementor-container elementor-column-gap-default\">\n\t\t\t\t\t<div class=\"elementor-column elementor-col-100 elementor-top-column elementor-element elementor-element-c6af9da\" data-id=\"c6af9da\" data-element_type=\"column\" data-e-type=\"column\">\n\t\t\t<div class=\"elementor-widget-wrap elementor-element-populated\">\n\t\t\t\t\t\t<div class=\"elementor-element elementor-element-07b2e2b elementor-widget elementor-widget-text-editor\" data-id=\"07b2e2b\" data-element_type=\"widget\" data-e-type=\"widget\" data-widget_type=\"text-editor.default\">\n\t\t\t\t<div class=\"elementor-widget-container\">\n\t\t\t\t\t\t\t\t\t<h3>Inglese:<\/h3>\n<ul>\n<li aria-level=\"1\"><strong><a href=\"https:\/\/www.facebook.com\/groups\/122363381701199\/about\">ADRENAL CANCER WARRIORS\u2026STRONGER TOGETHER\u00a0<\/a><\/strong><\/li>\n<li aria-level=\"1\"><strong><a href=\"https:\/\/www.facebook.com\/groups\/537735743093284\/about\">ADRENAL HOPE<\/a><\/strong><\/li>\n<li aria-level=\"1\"><a href=\"https:\/\/www.facebook.com\/AssociationforMENdisorders\/\"><strong>AMEND<\/strong><\/a><\/li>\n<\/ul>\n<h3><\/h3>\n<h3>Cinese:<\/h3>\n<ul>\n<li><a href=\"https:\/\/www.facebook.com\/CORDChina\/\">CORD<\/a><\/li>\n<\/ul>\n<h3><\/h3>\n<h3>Francese:<\/h3>\n<ul>\n<li aria-level=\"1\"><strong><a href=\"https:\/\/www.facebook.com\/groups\/198180076903407\/about\">CORTICOSURR\u00c9NALOME MALADIE ENDOCRINE<\/a><\/strong><\/li>\n<li aria-level=\"1\"><strong><a href=\"https:\/\/www.facebook.com\/groups\/542435622433109\/about\">SOUTIEN CORTICOSURR\u00c9NALOME, ADDISON ET CUSHING<\/a><\/strong><\/li>\n<\/ul>\n<h3><\/h3>\n<h3>Portoghese\/Brasiliano:<\/h3>\n<ul>\n<li><strong><a href=\"https:\/\/www.facebook.com\/abaddisonbrasil\">ABADDISONBRASIL<\/a><\/strong><\/li>\n<\/ul>\n<h3><\/h3>\n<h3>Russo:<\/h3>\n<ul>\n<li aria-level=\"1\"><strong><a href=\"https:\/\/www.facebook.com\/groups\/357604215111396\/about\">\u0410\u041a\u0420 \u2013 \u0410\u0434\u0440\u0435\u043d\u043e\u043a\u043e\u0440\u0442\u0438\u043a\u0430\u043b\u044c\u043d\u044b\u0439 \u0440\u0430\u043a \u2013 \u0440\u0430\u043a \u043a\u043e\u0440\u044b \u043d\u0430\u0434\u043f\u043e\u0447\u0435\u0447\u043d\u0438\u043a\u0430<\/a><\/strong><\/li>\n<\/ul>\n<h3><\/h3>\n<h3>Spagnolo:<\/h3>\n<ul>\n<li><strong><a href=\"https:\/\/www.facebook.com\/Adisen.es\">ADISEN \u2013 ASOCIACION NACIONAL DE ADDISON Y OTRAS ENFERMEDADES ENDOCRINAS<\/a><\/strong><\/li>\n<\/ul>\n<p>&nbsp;<\/p>\n\t\t\t\t\t\t\t\t<\/div>\n\t\t\t\t<\/div>\n\t\t\t\t\t<\/div>\n\t\t<\/div>\n\t\t\t\t\t<\/div>\n\t\t<\/section>\n\t\t\t\t<\/div>\n\t\t","protected":false},"excerpt":{"rendered":"<p>GRUPPI FACEBOOK IN TUTTO IL MONDO PER SCAMBI TRA PAZIENTI Siamo solo una manciata di pazienti tutt\u2019attorno al mondo con questa malattia orfana, e per alcuni di noi pu\u00f2 essere un\u2019esperienza estremamente isolante. Essere in grado di interagire con altri \u00e8 cruciale: puoi incontrare persone&#8230;<\/p>\n","protected":false},"author":416,"featured_media":0,"parent":0,"menu_order":0,"comment_status":"closed","ping_status":"closed","template":"full_width.php","meta":{"give_campaign_id":0,"inline_featured_image":false,"footnotes":""},"class_list":["post-4995","page","type-page","status-publish","hentry"],"campaignId":"","_links":{"self":[{"href":"https:\/\/letscureacc.com\/it\/wp-json\/wp\/v2\/pages\/4995","targetHints":{"allow":["GET"]}}],"collection":[{"href":"https:\/\/letscureacc.com\/it\/wp-json\/wp\/v2\/pages"}],"about":[{"href":"https:\/\/letscureacc.com\/it\/wp-json\/wp\/v2\/types\/page"}],"author":[{"embeddable":true,"href":"https:\/\/letscureacc.com\/it\/wp-json\/wp\/v2\/users\/416"}],"replies":[{"embeddable":true,"href":"https:\/\/letscureacc.com\/it\/wp-json\/wp\/v2\/comments?post=4995"}],"version-history":[{"count":0,"href":"https:\/\/letscureacc.com\/it\/wp-json\/wp\/v2\/pages\/4995\/revisions"}],"wp:attachment":[{"href":"https:\/\/letscureacc.com\/it\/wp-json\/wp\/v2\/media?parent=4995"}],"curies":[{"name":"wp","href":"https:\/\/api.w.org\/{rel}","templated":true}]}}