{"id":5142,"date":"2022-02-11T14:29:29","date_gmt":"2022-02-11T13:29:29","guid":{"rendered":"https:\/\/letscureacc.com\/?page_id=5142"},"modified":"2025-07-18T11:56:33","modified_gmt":"2025-07-18T09:56:33","slug":"associazioni-nazionali","status":"publish","type":"page","link":"https:\/\/letscureacc.com\/it\/associazioni-nazionali\/","title":{"rendered":"Associazioni nazionali"},"content":{"rendered":"\t\t<div data-elementor-type=\"wp-page\" data-elementor-id=\"5142\" class=\"elementor elementor-5142 elementor-677\">\n\t\t\t\t\t\t<section class=\"elementor-section elementor-top-section elementor-element elementor-element-2f84ef40 elementor-section-full_width elementor-section-height-default elementor-section-height-default parallax_section_no qode_elementor_container_no\" data-id=\"2f84ef40\" data-element_type=\"section\" data-e-type=\"section\" data-settings=\"{&quot;background_background&quot;:&quot;classic&quot;}\">\n\t\t\t\t\t\t<div class=\"elementor-container elementor-column-gap-default\">\n\t\t\t\t\t<div class=\"elementor-column elementor-col-100 elementor-top-column elementor-element elementor-element-55596fa4\" data-id=\"55596fa4\" data-element_type=\"column\" data-e-type=\"column\">\n\t\t\t<div class=\"elementor-widget-wrap elementor-element-populated\">\n\t\t\t\t\t\t<section class=\"elementor-section elementor-inner-section elementor-element elementor-element-da1aa8c elementor-section-boxed elementor-section-height-default elementor-section-height-default parallax_section_no qode_elementor_container_no\" data-id=\"da1aa8c\" data-element_type=\"section\" data-e-type=\"section\">\n\t\t\t\t\t\t<div class=\"elementor-container elementor-column-gap-extended\">\n\t\t\t\t\t<div class=\"elementor-column elementor-col-100 elementor-inner-column elementor-element elementor-element-916ce81\" data-id=\"916ce81\" data-element_type=\"column\" data-e-type=\"column\">\n\t\t\t<div class=\"elementor-widget-wrap elementor-element-populated\">\n\t\t\t\t\t\t<div class=\"elementor-element elementor-element-0119b7a elementor-widget elementor-widget-text-editor\" data-id=\"0119b7a\" data-element_type=\"widget\" data-e-type=\"widget\" data-widget_type=\"text-editor.default\">\n\t\t\t\t<div class=\"elementor-widget-container\">\n\t\t\t\t\t\t\t\t\t<h2 style=\"text-align: center;\">PER SCOPRIRE LE RISORSE DISPONIBILE NEL VOSTRO PAESE\/NELLA VOSTRA LINGUA<\/h2>\n<p><strong>Non molti siti trattano della nostra malattia oncologica, visto che \u00e8 cos\u00ec rara. Ma puoi sempre trovare alcune risorse su altri siti.<\/strong><\/p>\n<p>Qui troverete una lista di siti dove viene menzionato il CARCINOMA CORTICOSURRENALICO, redatti in tutto il mondo in lingue differenti.<\/p>\n<p>Se conoscete altri siti, per favore\u00a0<a href=\"https:\/\/lcacc.wpengine.com\/contattaci\/?lang=it\">contattateci<\/a>\u00a0in modo da poter contattare gli amministratori dei gruppi per chiedere il loro consenso per inserirli in questo sito.<\/p>\n\t\t\t\t\t\t\t\t<\/div>\n\t\t\t\t<\/div>\n\t\t\t\t\t<\/div>\n\t\t<\/div>\n\t\t\t\t\t<\/div>\n\t\t<\/section>\n\t\t\t\t\t<\/div>\n\t\t<\/div>\n\t\t\t\t\t<\/div>\n\t\t<\/section>\n\t\t\t\t<section class=\"elementor-section elementor-top-section elementor-element elementor-element-435e165 qode_elementor_container_inner elementor-section-boxed elementor-section-height-default elementor-section-height-default parallax_section_no\" data-id=\"435e165\" data-element_type=\"section\" data-e-type=\"section\" data-settings=\"{&quot;background_background&quot;:&quot;classic&quot;}\">\n\t\t\t\t\t\t<div class=\"elementor-container elementor-column-gap-default\">\n\t\t\t\t\t<div class=\"elementor-column elementor-col-100 elementor-top-column elementor-element elementor-element-4881797\" data-id=\"4881797\" data-element_type=\"column\" data-e-type=\"column\">\n\t\t\t<div class=\"elementor-widget-wrap elementor-element-populated\">\n\t\t\t\t\t\t<div class=\"elementor-element elementor-element-bf7a576 elementor-widget elementor-widget-text-editor\" data-id=\"bf7a576\" data-element_type=\"widget\" data-e-type=\"widget\" data-widget_type=\"text-editor.default\">\n\t\t\t\t<div class=\"elementor-widget-container\">\n\t\t\t\t\t\t\t\t\t<h3>Cinese:<\/h3>\n<p><\/p>\n<ul>\n<li><a href=\"http:\/\/www.raredisease.cn\/\">CORD \u2013 Chinese Organization for Rare Disorders<\/a>\u00a0(also available in English)<\/li>\n<\/ul>\n<p><\/p>\n<h3><\/h3>\n<p><\/p>\n<h3>Portoghese brasiliano:<\/h3>\n<p><\/p>\n<ul>\n<li><a href=\"https:\/\/www.ligacontracancro.pt\/\" target=\"_blank\" rel=\"noopener\">LIGA PORTUGUESA CONTRA O CANCRO<\/a><\/li>\n<li><a href=\"https:\/\/www.inca.gov.br\/\" target=\"_blank\" rel=\"noopener\">INCA<\/a><\/li>\n<li><a href=\"https:\/\/en.abaddison.org.br\/\" target=\"_blank\" rel=\"noopener\">ABA<\/a><\/li>\n<\/ul>\n<p><\/p>\n<h3><\/h3>\n<p><\/p>\n<h3>Danese:<\/h3>\n<p><\/p>\n<ul>\n<li><span style=\"font-weight: 400;\"><a href=\"https:\/\/www.addison.dk\">ADDISON<\/a> (also available in English) <\/span><\/li>\n<\/ul>\n<p><\/p>\n<h3><\/h3>\n<p><\/p>\n<h3>Inglese:<\/h3>\n<p><\/p>\n<ul>\n<li><a href=\"https:\/\/www.cancer.org\/cancer\/adrenal-cancer.html\" target=\"_blank\" rel=\"noopener\">AMERICAN CANCER SOCIETY\u00a0<\/a><\/li>\n<li><a href=\"https:\/\/cancer.ca\/en\/cancer-information\/cancer-types\/adrenal-gland\" target=\"_blank\" rel=\"noopener\">CANADIAN CANCER SOCIETY<\/a><\/li>\n<li><a href=\"https:\/\/accsupport.org.uk\">ACC SUPPORT UK<\/a><\/li>\n<li><a href=\"http:\/\/www.amend.org.uk\">AMEND<\/a><\/li>\n<li><a href=\"http:\/\/www.CSRF.net\">CUSHING\u2019S SUPPORT &amp; RESEARCH FOUNDATION<\/a><\/li>\n<li><a href=\"https:\/\/aiunited.org\/\">ADRENAL INSUFFICIENCY UNITED<\/a><\/li>\n<li><a href=\"http:\/\/www.caresfoundation.org\">CONGENITAL ADRENAL HYPERPLASIA<\/a><\/li>\n<li><a href=\"https:\/\/www.nadf.us\/\">NADF<\/a><\/li>\n<li><a href=\"http:\/\/WWW.WAPO.ORG\">WORLD ALLIANCE OF PITUITARY ORGANIZATIONS<\/a><\/li>\n<\/ul>\n<p><\/p>\n<h3><\/h3>\n<p><\/p>\n<h3>Francese:<\/h3>\n<p><\/p>\n<ul>\n<li><a href=\"https:\/\/www.surrenales.com\/corticosurrenalome\/\" target=\"_blank\" rel=\"noopener\">ASSOCIATION SURRENALES<\/a><\/li>\n<li><a href=\"http:\/\/surrenales.aphp.fr\/\" target=\"_blank\" rel=\"noopener\">CENTRE DE R\u00c9F\u00c9RENCE MALADIES RARES DE LA SURR\u00c9NALE<\/a><\/li>\n<li><a href=\"http:\/\/www.firendo.fr\/\" target=\"_blank\" rel=\"noopener\">FILI\u00c8RE MALADIES ENDOCRINIENNES RARES<\/a><\/li>\n<li><a href=\"https:\/\/www.cancer.ca\/fr-ca\/cancer-information\/cancer-type\/adrenal-gland\/adrenal-gland-cancer\/?region=qc\" target=\"_blank\" rel=\"noopener\">SOCI\u00c9T\u00c9 CANADIENNE DU CANCER<\/a><\/li>\n<\/ul>\n<p><\/p>\n<h3><\/h3>\n<p><\/p>\n<h3>Tedesco:<\/h3>\n<p><\/p>\n<ul>\n<li><a href=\"https:\/\/www.glandula-online.de\/\">NETZWERK HYPOPHYSEN-UND NEBENNIERENERKRANKUNGEN E. V.<\/a><\/li>\n<li><a href=\"https:\/\/adrenal-research.de\">ADRENAL RESEARCH<\/a><\/li>\n<\/ul>\n<p><\/p>\n<h3><\/h3>\n<p><\/p>\n<h3>Italiano:<\/h3>\n<p><\/p>\n<ul>\n<li><a href=\"http:\/\/www.ilmioamicocushing.it\" target=\"_blank\" rel=\"noopener\">ILMIOAMICOCUSHING<\/a><\/li>\n<\/ul>\n<p><\/p>\n<h3><\/h3>\n<p><\/p>\n<h3>Spagnolo:<\/h3>\n<p><\/p>\n<ul>\n<li><a href=\"https:\/\/www.adisen.es\/\">ASOCIACION NACIONAL DE ADDISON<\/a><\/li>\n<li><a href=\"http:\/\/pheipas.org\/\">ASOCIACI\u00d3N PHEIPHAS &#8211; PHEOCHROMOCYTOMA I PARAGANGLIOMA ACCI\u00d3N SOLIDARIA <\/a><\/li>\n<\/ul>\n\t\t\t\t\t\t\t\t<\/div>\n\t\t\t\t<\/div>\n\t\t\t\t\t<\/div>\n\t\t<\/div>\n\t\t\t\t\t<\/div>\n\t\t<\/section>\n\t\t\t\t<\/div>\n\t\t","protected":false},"excerpt":{"rendered":"<p>PER SCOPRIRE LE RISORSE DISPONIBILE NEL VOSTRO PAESE\/NELLA VOSTRA LINGUA Non molti siti trattano della nostra malattia oncologica, visto che \u00e8 cos\u00ec rara. Ma puoi sempre trovare alcune risorse su altri siti. Qui troverete una lista di siti dove viene menzionato il CARCINOMA CORTICOSURRENALICO, redatti&#8230;<\/p>\n","protected":false},"author":416,"featured_media":0,"parent":0,"menu_order":0,"comment_status":"closed","ping_status":"closed","template":"full_width.php","meta":{"give_campaign_id":0,"inline_featured_image":false,"footnotes":""},"class_list":["post-5142","page","type-page","status-publish","hentry"],"campaignId":"","_links":{"self":[{"href":"https:\/\/letscureacc.com\/it\/wp-json\/wp\/v2\/pages\/5142","targetHints":{"allow":["GET"]}}],"collection":[{"href":"https:\/\/letscureacc.com\/it\/wp-json\/wp\/v2\/pages"}],"about":[{"href":"https:\/\/letscureacc.com\/it\/wp-json\/wp\/v2\/types\/page"}],"author":[{"embeddable":true,"href":"https:\/\/letscureacc.com\/it\/wp-json\/wp\/v2\/users\/416"}],"replies":[{"embeddable":true,"href":"https:\/\/letscureacc.com\/it\/wp-json\/wp\/v2\/comments?post=5142"}],"version-history":[{"count":0,"href":"https:\/\/letscureacc.com\/it\/wp-json\/wp\/v2\/pages\/5142\/revisions"}],"wp:attachment":[{"href":"https:\/\/letscureacc.com\/it\/wp-json\/wp\/v2\/media?parent=5142"}],"curies":[{"name":"wp","href":"https:\/\/api.w.org\/{rel}","templated":true}]}}