{"id":9566,"date":"2025-02-03T17:37:16","date_gmt":"2025-02-03T16:37:16","guid":{"rendered":"https:\/\/letscureacc.com\/gestire-gli-effetti-psicologici-dellacc\/"},"modified":"2025-02-04T16:33:15","modified_gmt":"2025-02-04T15:33:15","slug":"gestire-gli-effetti-psicologici-dellacc","status":"publish","type":"page","link":"https:\/\/letscureacc.com\/it\/gestire-gli-effetti-psicologici-dellacc\/","title":{"rendered":"Gestire gli effetti psicologici dell&#8217;ACC"},"content":{"rendered":"\t\t<div data-elementor-type=\"wp-page\" data-elementor-id=\"9566\" class=\"elementor elementor-9566 elementor-9560\">\n\t\t\t\t\t\t<section class=\"elementor-section elementor-top-section elementor-element elementor-element-2c4fe74 elementor-section-boxed elementor-section-height-default elementor-section-height-default parallax_section_no qode_elementor_container_no\" data-id=\"2c4fe74\" data-element_type=\"section\" data-e-type=\"section\">\n\t\t\t\t\t\t<div class=\"elementor-container elementor-column-gap-default\">\n\t\t\t\t\t<div class=\"elementor-column elementor-col-100 elementor-top-column elementor-element elementor-element-82bfca8\" data-id=\"82bfca8\" data-element_type=\"column\" data-e-type=\"column\">\n\t\t\t<div class=\"elementor-widget-wrap elementor-element-populated\">\n\t\t\t\t\t\t<section class=\"elementor-section elementor-inner-section elementor-element elementor-element-9662267 elementor-section-boxed elementor-section-height-default elementor-section-height-default parallax_section_no qode_elementor_container_no\" data-id=\"9662267\" data-element_type=\"section\" data-e-type=\"section\">\n\t\t\t\t\t\t<div class=\"elementor-container elementor-column-gap-default\">\n\t\t\t\t\t<div class=\"elementor-column elementor-col-100 elementor-inner-column elementor-element elementor-element-765a5b2\" data-id=\"765a5b2\" data-element_type=\"column\" data-e-type=\"column\">\n\t\t\t<div class=\"elementor-widget-wrap elementor-element-populated\">\n\t\t\t\t\t\t<div class=\"elementor-element elementor-element-84a28f5 elementor-widget__width-initial elementor-widget elementor-widget-text-editor\" data-id=\"84a28f5\" data-element_type=\"widget\" data-e-type=\"widget\" data-widget_type=\"text-editor.default\">\n\t\t\t\t<div class=\"elementor-widget-container\">\n\t\t\t\t\t\t\t\t\t<h2 style=\"text-align: center;\"><span style=\"font-weight: 400;\">Suggerimenti per gestire gli aspetti psicologici del carcinoma cortico-surrenale corticale<\/span><\/h2>\n<p><span style=\"font-weight: 400;\">(o altri tumori\/malattie rari) al momento della diagnosi, durante la terapia ed a terapia conclusa.<\/span><\/p>\n\t\t\t\t\t\t\t\t<\/div>\n\t\t\t\t<\/div>\n\t\t\t\t\t<\/div>\n\t\t<\/div>\n\t\t\t\t\t<\/div>\n\t\t<\/section>\n\t\t\t\t\t<\/div>\n\t\t<\/div>\n\t\t\t\t\t<\/div>\n\t\t<\/section>\n\t\t\t\t<section class=\"elementor-section elementor-top-section elementor-element elementor-element-e5b8ec7 qode_elementor_container_inner elementor-section-boxed elementor-section-height-default elementor-section-height-default parallax_section_no\" data-id=\"e5b8ec7\" data-element_type=\"section\" data-e-type=\"section\" data-settings=\"{&quot;background_background&quot;:&quot;classic&quot;}\">\n\t\t\t\t\t\t<div class=\"elementor-container elementor-column-gap-default\">\n\t\t\t\t\t<div class=\"elementor-column elementor-col-100 elementor-top-column elementor-element elementor-element-164ae4e\" data-id=\"164ae4e\" data-element_type=\"column\" data-e-type=\"column\">\n\t\t\t<div class=\"elementor-widget-wrap elementor-element-populated\">\n\t\t\t\t\t\t<div class=\"elementor-element elementor-element-1cf9df6 elementor-widget elementor-widget-text-editor\" data-id=\"1cf9df6\" data-element_type=\"widget\" data-e-type=\"widget\" data-widget_type=\"text-editor.default\">\n\t\t\t\t<div class=\"elementor-widget-container\">\n\t\t\t\t\t\t\t\t\t<h3><span style=\"font-weight: 400;\">AL MOMENTO DELLA DIAGNOSI<\/span><\/h3><p><span style=\"font-weight: 400;\">Ricevere una diagnosi di <a href=\"https:\/\/letscureacc.com\/glossaryindex\/cancer-de-las-glandulas-suprarrenales-o-carcinoma-suprarrenal\/?lang=it\">ACC<\/a> o di qualsiasi altro cancro\/malattia rara pu\u00f2 causare una moltitudine di emozioni tra cui rabbia, tristezza, paura, ecc. Tutti i tuoi sentimenti sono validi. Il nostro sito web \u00e8 stato creato per questo scopo, non esitare ad esplorarlo.\u00a0<\/span><\/p><ul><li style=\"font-weight: 400;\" aria-level=\"1\"><span style=\"font-weight: 400;\">Fatti accompagnare da qualcuno ai tuoi appuntamenti per prendere appunti: ti aiuter\u00e0 a ricordare i dettagli che potresti perderti a causa delle emozioni che turbinano nella tua mente. Ulteriori suggerimenti sono disponibili <\/span><span style=\"font-weight: 400;\">qui<\/span><span style=\"font-weight: 400;\">.<\/span><\/li><li style=\"font-weight: 400;\" aria-level=\"1\"><span style=\"font-weight: 400;\">Tieni un diario per darti l&#8217;opportunit\u00e0 di esprimere e registrare i tuoi sentimenti.<\/span><\/li><li style=\"font-weight: 400;\" aria-level=\"1\"><span style=\"font-weight: 400;\">Non aver paura di chiedere aiuto. Sii diretto con le tue richieste. &#8220;Puoi accompagnarmi al mio appuntamento dal Dottore?&#8221; &#8220;Puoi ritirarmi la spesa?&#8221;. Assegnare compiti specifici ad amici\/familiari \u00e8 un ottimo modo per ottenere aiuto e consentire alle persone che tengono a te di sentirsi di supporto e di aiuto.<\/span><\/li><li style=\"font-weight: 400;\" aria-level=\"1\"><span style=\"font-weight: 400;\">Cerca online in modo avveduto. Assicurati di verificare l\u2019affidabilit\u00e0 delle informazioni che trovi su Google! Il nostro sito web \u00e8 stato creato per aiutare e si basa su informazioni attendibili.<\/span><\/li><li style=\"font-weight: 400;\" aria-level=\"1\"><span style=\"font-weight: 400;\">Perdonati. La tua casa \u00e8 un disastro perch\u00e9 sei cos\u00ec distratto dalle notizie? Va bene!<\/span><\/li><li style=\"font-weight: 400;\" aria-level=\"1\"><span style=\"font-weight: 400;\">Accetta la malattia. Non chiederti \u201cperch\u00e9 proprio a me?\u201d. <\/span><\/li><li style=\"font-weight: 400;\" aria-level=\"1\">Rifletti piuttosto sulle cose positive della tua vita e costruisci su di esse.<\/li><\/ul>\t\t\t\t\t\t\t\t<\/div>\n\t\t\t\t<\/div>\n\t\t\t\t\t<\/div>\n\t\t<\/div>\n\t\t\t\t\t<\/div>\n\t\t<\/section>\n\t\t\t\t<section class=\"elementor-section elementor-top-section elementor-element elementor-element-b502264 qode_elementor_container_inner elementor-section-boxed elementor-section-height-default elementor-section-height-default parallax_section_no\" data-id=\"b502264\" data-element_type=\"section\" data-e-type=\"section\" data-settings=\"{&quot;background_background&quot;:&quot;classic&quot;}\">\n\t\t\t\t\t\t<div class=\"elementor-container elementor-column-gap-default\">\n\t\t\t\t\t<div class=\"elementor-column elementor-col-100 elementor-top-column elementor-element elementor-element-db83c3c\" data-id=\"db83c3c\" data-element_type=\"column\" data-e-type=\"column\">\n\t\t\t<div class=\"elementor-widget-wrap elementor-element-populated\">\n\t\t\t\t\t\t<div class=\"elementor-element elementor-element-1c001ce elementor-widget elementor-widget-text-editor\" data-id=\"1c001ce\" data-element_type=\"widget\" data-e-type=\"widget\" data-widget_type=\"text-editor.default\">\n\t\t\t\t<div class=\"elementor-widget-container\">\n\t\t\t\t\t\t\t\t\t<h3><span style=\"font-weight: 400;\">DURANTE LA TERAPIA<\/span><\/h3>\n<p><span style=\"font-weight: 400;\">Il trattamento per ACC o altri tumori\/malattie rare pu\u00f2 avere un impatto negativo sulla tua salute mentale. Ecco alcuni consigli per questo periodo:<\/span><\/p>\n<ul>\n<li style=\"font-weight: 400;\" aria-level=\"1\"><span style=\"font-weight: 400;\">Non aver paura di cercare assistenza professionale per la tua salute mentale. Chiedi ai tuoi medici o all&#8217;assicurazione sanitaria quali sono le tue opzioni.<\/span><\/li>\n<li style=\"font-weight: 400;\" aria-level=\"1\"><span style=\"font-weight: 400;\">Dai priorit\u00e0 al riposo ogni volta che senti di averne bisogno. Spingendoti fino al punto di esaurimento peggiorerai solo la tua salute mentale. Riposare va bene.<\/span><\/li>\n<li style=\"font-weight: 400;\" aria-level=\"1\"><span style=\"font-weight: 400;\">Non aver paura di chiedere aiuto, e sii esplicito nelle tue richieste (vedi sopra).\u00a0<\/span><\/li>\n<li style=\"font-weight: 400;\" aria-level=\"1\"><span style=\"font-weight: 400;\">Prendi in considerazione la meditazione. Molti la trovano di grande aiuto.\u00a0<\/span><\/li>\n<li style=\"font-weight: 400;\" aria-level=\"1\"><span style=\"font-weight: 400;\">Se durante il trattamento sei impegnato sul lavoro, discuti con il tuo datore di lavoro i gradi di flessibilit\u00e0 ti possono essere offerti<\/span><\/li>\n<li style=\"font-weight: 400;\" aria-level=\"1\"><span style=\"font-weight: 400;\">Dedicati ad attivit\u00e0 che ti piacciono. Se il tuo livello di energia \u00e8 basso, prendi in considerazione attivit\u00e0 a basso impatto come puzzle, giochi da tavolo, arti\/lavori manuali, ecc.<\/span><\/li>\n<li style=\"font-weight: 400;\" aria-level=\"1\"><span style=\"font-weight: 400;\">Se sei in grado di fare esercizio, anche una breve passeggiata all&#8217;aperto pu\u00f2 essere benefica per la tua salute mentale.<\/span><\/li>\n<li style=\"font-weight: 400;\" aria-level=\"1\"><a href=\"mailto:contact@letscureacc.com\"><span style=\"font-weight: 400;\">Contattaci <\/span><\/a><span style=\"font-weight: 400;\">se hai bisogno di parlare con i pazienti di qualsiasi argomento. Puoi anche consultare il nostro sito Web per conoscere le <a href=\"https:\/\/letscureacc.com\/associazioni-nazionali\/?lang=it\">associazioni nazionali <\/a>e i <a href=\"https:\/\/letscureacc.com\/gruppi-facebook\/?lang=it\">gruppi Facebook<\/a> a cui puoi unirti.<\/span><\/li>\n<li style=\"font-weight: 400;\" aria-level=\"1\"><span style=\"font-weight: 400;\">Crea momenti di felicit\u00e0 con i tuoi cari\/facendo le cose che ami fare.<\/span><\/li>\n<\/ul>\n\t\t\t\t\t\t\t\t<\/div>\n\t\t\t\t<\/div>\n\t\t\t\t\t<\/div>\n\t\t<\/div>\n\t\t\t\t\t<\/div>\n\t\t<\/section>\n\t\t\t\t<section class=\"elementor-section elementor-top-section elementor-element elementor-element-e155980 qode_elementor_container_inner elementor-section-boxed elementor-section-height-default elementor-section-height-default parallax_section_no\" data-id=\"e155980\" data-element_type=\"section\" data-e-type=\"section\" data-settings=\"{&quot;background_background&quot;:&quot;classic&quot;}\">\n\t\t\t\t\t\t<div class=\"elementor-container elementor-column-gap-default\">\n\t\t\t\t\t<div class=\"elementor-column elementor-col-100 elementor-top-column elementor-element elementor-element-c9bb8af\" data-id=\"c9bb8af\" data-element_type=\"column\" data-e-type=\"column\">\n\t\t\t<div class=\"elementor-widget-wrap elementor-element-populated\">\n\t\t\t\t\t\t<div class=\"elementor-element elementor-element-1901b26 elementor-widget elementor-widget-text-editor\" data-id=\"1901b26\" data-element_type=\"widget\" data-e-type=\"widget\" data-widget_type=\"text-editor.default\">\n\t\t\t\t<div class=\"elementor-widget-container\">\n\t\t\t\t\t\t\t\t\t<h3>DOPO LA TERAPIA<\/h3><p><span style=\"font-weight: 400;\">Gli effetti della terapia possono durare a lungo dopo la fine del terapia stessa, sia dal punto di vista fisico che da da quello mentale. Alcuni suggerimenti per questa parte del percorso:<\/span><\/p><ul><li style=\"font-weight: 400;\" aria-level=\"1\"><span style=\"font-weight: 400;\">Dopo la terapia potresti sentire di avere pi\u00f9 larghezza di banda per elaborare ci\u00f2 che hai passato. Cerca assistenza professionale. Verifica con i tuoi operatori sanitari o con l&#8217;assicurazione sanitaria le tue opzioni.<\/span><\/li><li style=\"font-weight: 400;\" aria-level=\"1\"><span style=\"font-weight: 400;\">Dai la priorit\u00e0 alla tua salute. Dopo la terapia per il carcinoma cortico-surrenale, potresti avere a che fare con <\/span><span style=\"font-weight: 400;\">u<a href=\"https:\/\/letscureacc.com\/glossaryindex\/insufficienza-surrenalica\/?lang=it\">n\u2019insufficienza surrenalica<\/a><\/span><span style=\"font-weight: 400;\">. Assicurati di informarti su questa <\/span><span style=\"font-weight: 400;\">condizione <\/span><span style=\"font-weight: 400;\">e sul <\/span><span style=\"font-weight: 400;\">trattamento<\/span><span style=\"font-weight: 400;\">.<\/span><\/li><li style=\"font-weight: 400;\" aria-level=\"1\"><span style=\"font-weight: 400;\">La vita sar\u00e0 diversa rispetto a prima della diagnosi e di tutti i trattamenti coinvolti nella sopravvivenza al cancro. In base a ci\u00f2 che ti \u00e8 successo, alle esperienze che hai fatto e alle restrizioni fisiche\/cognitive che potresti avere, modella la tua nuova vita al meglio che puoi.<\/span><\/li><li style=\"font-weight: 400;\" aria-level=\"1\"><span style=\"font-weight: 400;\">Prendi appunti su eventuali sintomi che hai, inclusi i problemi emotivi.<\/span><\/li><li style=\"font-weight: 400;\" aria-level=\"1\"><span style=\"font-weight: 400;\">Cerca di concentrarti su ci\u00f2 che puoi controllare. Tornare alla normalit\u00e0 con orari e routine pu\u00f2 aiutarti a sentire di aver ripreso il controllo della tua vita.<\/span><\/li><li style=\"font-weight: 400;\" aria-level=\"1\"><span style=\"font-weight: 400;\">Prendi in considerazione l&#8217;idea di unirti a un gruppo di supporto tra pari. Alcune persone potrebbero trovare utile parlare con altri sopravvissuti al cancro.<\/span><\/li><li style=\"font-weight: 400;\" aria-level=\"1\">Fare volontariato per restituire qualcosa agli altri pu\u00f2 aiutarti a canalizzare la tua energia mentre aiuti gli altri. Puoi unirti a noi <a href=\"https:\/\/letscureacc.com\/i-nostri-ambasciatori\/?lang=it\">diventando un ambasciatore<\/a>. <a href=\"mailto:contact@letscureacc.com\">Contattaci se<\/a> sei interessato!<\/li><\/ul>\t\t\t\t\t\t\t\t<\/div>\n\t\t\t\t<\/div>\n\t\t\t\t\t<\/div>\n\t\t<\/div>\n\t\t\t\t\t<\/div>\n\t\t<\/section>\n\t\t\t\t<section class=\"elementor-section elementor-top-section elementor-element elementor-element-647e707 elementor-section-boxed elementor-section-height-default elementor-section-height-default parallax_section_no qode_elementor_container_no\" data-id=\"647e707\" data-element_type=\"section\" data-e-type=\"section\">\n\t\t\t\t\t\t<div class=\"elementor-container elementor-column-gap-default\">\n\t\t\t\t\t<div class=\"elementor-column elementor-col-100 elementor-top-column elementor-element elementor-element-7ce53cd\" data-id=\"7ce53cd\" data-element_type=\"column\" data-e-type=\"column\">\n\t\t\t<div class=\"elementor-widget-wrap elementor-element-populated\">\n\t\t\t\t\t\t<div class=\"elementor-element elementor-element-9f38085 elementor-widget elementor-widget-text-editor\" data-id=\"9f38085\" data-element_type=\"widget\" data-e-type=\"widget\" data-widget_type=\"text-editor.default\">\n\t\t\t\t<div class=\"elementor-widget-container\">\n\t\t\t\t\t\t\t\t\t<h3>CONSIDERAZIONI FINALI<\/h3><p><span style=\"font-weight: 400;\">Non importa dove ti trovi nel tuo percorso: se hai preoccupazioni sulle tue emozioni o sulla tua salute mentale, condividile con i tuoi cari e con il tuo team medico!<\/span><\/p>\t\t\t\t\t\t\t\t<\/div>\n\t\t\t\t<\/div>\n\t\t\t\t\t<\/div>\n\t\t<\/div>\n\t\t\t\t\t<\/div>\n\t\t<\/section>\n\t\t\t\t<\/div>\n\t\t","protected":false},"excerpt":{"rendered":"<p>Suggerimenti per gestire gli aspetti psicologici del carcinoma cortico-surrenale corticale (o altri tumori\/malattie rari) al momento della diagnosi, durante la terapia ed a terapia conclusa. AL MOMENTO DELLA DIAGNOSI Ricevere una diagnosi di ACC o di qualsiasi altro cancro\/malattia rara pu\u00f2 causare una moltitudine di&#8230;<\/p>\n","protected":false},"author":416,"featured_media":0,"parent":0,"menu_order":0,"comment_status":"closed","ping_status":"closed","template":"full_width.php","meta":{"give_campaign_id":0,"inline_featured_image":false,"footnotes":""},"class_list":["post-9566","page","type-page","status-publish","hentry"],"campaignId":"","_links":{"self":[{"href":"https:\/\/letscureacc.com\/it\/wp-json\/wp\/v2\/pages\/9566","targetHints":{"allow":["GET"]}}],"collection":[{"href":"https:\/\/letscureacc.com\/it\/wp-json\/wp\/v2\/pages"}],"about":[{"href":"https:\/\/letscureacc.com\/it\/wp-json\/wp\/v2\/types\/page"}],"author":[{"embeddable":true,"href":"https:\/\/letscureacc.com\/it\/wp-json\/wp\/v2\/users\/416"}],"replies":[{"embeddable":true,"href":"https:\/\/letscureacc.com\/it\/wp-json\/wp\/v2\/comments?post=9566"}],"version-history":[{"count":0,"href":"https:\/\/letscureacc.com\/it\/wp-json\/wp\/v2\/pages\/9566\/revisions"}],"wp:attachment":[{"href":"https:\/\/letscureacc.com\/it\/wp-json\/wp\/v2\/media?parent=9566"}],"curies":[{"name":"wp","href":"https:\/\/api.w.org\/{rel}","templated":true}]}}