{"id":9964,"date":"2025-11-18T17:01:58","date_gmt":"2025-11-18T16:01:58","guid":{"rendered":"https:\/\/letscureacc.com\/research\/"},"modified":"2025-11-19T14:30:59","modified_gmt":"2025-11-19T13:30:59","slug":"research","status":"publish","type":"page","link":"https:\/\/letscureacc.com\/it\/research\/","title":{"rendered":"RICERCA"},"content":{"rendered":"\t\t<div data-elementor-type=\"wp-page\" data-elementor-id=\"9964\" class=\"elementor elementor-9964 elementor-9947\">\n\t\t\t\t\t\t<section class=\"elementor-section elementor-top-section elementor-element elementor-element-93f2e7e elementor-section-boxed elementor-section-height-default elementor-section-height-default parallax_section_no qode_elementor_container_no\" data-id=\"93f2e7e\" data-element_type=\"section\" data-e-type=\"section\">\n\t\t\t\t\t\t<div class=\"elementor-container elementor-column-gap-default\">\n\t\t\t\t\t<div class=\"elementor-column elementor-col-100 elementor-top-column elementor-element elementor-element-150b1fe\" data-id=\"150b1fe\" data-element_type=\"column\" data-e-type=\"column\">\n\t\t\t<div class=\"elementor-widget-wrap elementor-element-populated\">\n\t\t\t\t\t\t<div class=\"elementor-element elementor-element-7fbcca5 elementor-widget elementor-widget-text-editor\" data-id=\"7fbcca5\" data-element_type=\"widget\" data-e-type=\"widget\" data-widget_type=\"text-editor.default\">\n\t\t\t\t<div class=\"elementor-widget-container\">\n\t\t\t\t\t\t\t\t\t<h2 style=\"text-align: center;\"><strong>Perch\u00e9 la ricerca sull\u2019ACC \u00e8 importante per i pazienti<\/strong><\/h2>\t\t\t\t\t\t\t\t<\/div>\n\t\t\t\t<\/div>\n\t\t\t\t\t<\/div>\n\t\t<\/div>\n\t\t\t\t\t<\/div>\n\t\t<\/section>\n\t\t\t\t<section class=\"elementor-section elementor-top-section elementor-element elementor-element-9f23499 elementor-section-boxed elementor-section-height-default elementor-section-height-default parallax_section_no qode_elementor_container_no\" data-id=\"9f23499\" data-element_type=\"section\" data-e-type=\"section\">\n\t\t\t\t\t\t<div class=\"elementor-container elementor-column-gap-default\">\n\t\t\t\t\t<div class=\"elementor-column elementor-col-100 elementor-top-column elementor-element elementor-element-6f2bdb3\" data-id=\"6f2bdb3\" data-element_type=\"column\" data-e-type=\"column\">\n\t\t\t<div class=\"elementor-widget-wrap\">\n\t\t\t\t\t\t\t<\/div>\n\t\t<\/div>\n\t\t\t\t\t<\/div>\n\t\t<\/section>\n\t\t\t\t<section class=\"elementor-section elementor-top-section elementor-element elementor-element-2f84ef40 elementor-section-full_width elementor-section-height-default elementor-section-height-default parallax_section_no qode_elementor_container_no\" data-id=\"2f84ef40\" data-element_type=\"section\" data-e-type=\"section\" data-settings=\"{&quot;background_background&quot;:&quot;classic&quot;}\">\n\t\t\t\t\t\t<div class=\"elementor-container elementor-column-gap-default\">\n\t\t\t\t\t<div class=\"elementor-column elementor-col-100 elementor-top-column elementor-element elementor-element-55596fa4\" data-id=\"55596fa4\" data-element_type=\"column\" data-e-type=\"column\">\n\t\t\t<div class=\"elementor-widget-wrap elementor-element-populated\">\n\t\t\t\t\t\t<div class=\"elementor-element elementor-element-7fbea2d elementor-widget elementor-widget-text-editor\" data-id=\"7fbea2d\" data-element_type=\"widget\" data-e-type=\"widget\" data-widget_type=\"text-editor.default\">\n\t\t\t\t<div class=\"elementor-widget-container\">\n\t\t\t\t\t\t\t\t\t<p><span style=\"font-weight: 400;\">Senza ricerca non pu\u00f2 esserci progresso. Poich\u00e9 <a href=\"https:\/\/letscureacc.com\/glossaryindex\/cancer-de-las-glandulas-suprarrenales-o-carcinoma-suprarrenal\/?lang=it\">il carcinoma corticosurrenalico (ACC)<\/a> \u00e8 un tumore molto raro, ogni singola informazione \u00e8 preziosa. Rispetto ai tumori pi\u00f9 comuni, sappiamo ancora relativamente poco su come si sviluppa l\u2019ACC o perch\u00e9 si comporta in modo diverso da una persona all\u2019altra. <\/span><\/p><p><span style=\"font-weight: 400;\">Ogni passo avanti nella comprensione e nel trattamento dell\u2019ACC nasce dalla ricerca. Ogni studio, ogni dato e ogni esperienza condivisa aiutano medici e scienziati di tutto il mondo a migliorare la diagnosi, la terapia e i risultati a lungo termine. Con ogni sperimentazione clinica e con ogni paziente che vi partecipa, ci avviciniamo al nostro obiettivo: rendere l\u2019ACC una malattia curabile. <\/span><\/p><p><span style=\"font-weight: 400;\">Attraverso la ricerca in corso possiamo:<\/span><\/p><ul><li style=\"font-weight: 400;\" aria-level=\"1\"><span style=\"font-weight: 400;\">comprendere meglio come cresce e si diffonde l\u2019ACC<\/span><\/li><li style=\"font-weight: 400;\" aria-level=\"1\"><span style=\"font-weight: 400;\">sviluppare trattamenti pi\u00f9 efficaci e personalizzati<\/span><\/li><li style=\"font-weight: 400;\" aria-level=\"1\"><span style=\"font-weight: 400;\">ridurre gli effetti collaterali e migliorare la qualit\u00e0 di vita<\/span><\/li><li style=\"font-weight: 400;\" aria-level=\"1\"><span style=\"font-weight: 400;\">aumentare la sopravvivenza a lungo termine e le possibilit\u00e0 di guarigione<\/span><\/li><\/ul>\t\t\t\t\t\t\t\t<\/div>\n\t\t\t\t<\/div>\n\t\t\t\t\t<\/div>\n\t\t<\/div>\n\t\t\t\t\t<\/div>\n\t\t<\/section>\n\t\t\t\t<section class=\"elementor-section elementor-top-section elementor-element elementor-element-7f7fd72 elementor-section-boxed elementor-section-height-default elementor-section-height-default parallax_section_no qode_elementor_container_no\" data-id=\"7f7fd72\" data-element_type=\"section\" data-e-type=\"section\">\n\t\t\t\t\t\t<div class=\"elementor-container elementor-column-gap-default\">\n\t\t\t\t\t<div class=\"elementor-column elementor-col-100 elementor-top-column elementor-element elementor-element-084148f\" data-id=\"084148f\" data-element_type=\"column\" data-e-type=\"column\">\n\t\t\t<div class=\"elementor-widget-wrap elementor-element-populated\">\n\t\t\t\t\t\t<div class=\"elementor-element elementor-element-86c90b1 elementor-widget elementor-widget-heading\" data-id=\"86c90b1\" data-element_type=\"widget\" data-e-type=\"widget\" data-widget_type=\"heading.default\">\n\t\t\t\t<div class=\"elementor-widget-container\">\n\t\t\t\t\t<h2 class=\"elementor-heading-title elementor-size-default\">Come puoi contribuire facilmente<\/h2>\t\t\t\t<\/div>\n\t\t\t\t<\/div>\n\t\t\t\t\t<\/div>\n\t\t<\/div>\n\t\t\t\t\t<\/div>\n\t\t<\/section>\n\t\t\t\t<section class=\"elementor-section elementor-top-section elementor-element elementor-element-bc3ab50 elementor-section-boxed elementor-section-height-default elementor-section-height-default parallax_section_no qode_elementor_container_no\" data-id=\"bc3ab50\" data-element_type=\"section\" data-e-type=\"section\">\n\t\t\t\t\t\t<div class=\"elementor-container elementor-column-gap-default\">\n\t\t\t\t\t<div class=\"elementor-column elementor-col-100 elementor-top-column elementor-element elementor-element-d8cbbb9\" data-id=\"d8cbbb9\" data-element_type=\"column\" data-e-type=\"column\">\n\t\t\t<div class=\"elementor-widget-wrap elementor-element-populated\">\n\t\t\t\t\t\t<div class=\"elementor-element elementor-element-52d9ce6 elementor-widget elementor-widget-text-editor\" data-id=\"52d9ce6\" data-element_type=\"widget\" data-e-type=\"widget\" data-widget_type=\"text-editor.default\">\n\t\t\t\t<div class=\"elementor-widget-container\">\n\t\t\t\t\t\t\t\t\t<p><span style=\"font-weight: 400;\">Puoi sostenere la ricerca in vari modi semplici ma significativi. Uno dei pi\u00f9 importanti \u00e8 partecipare a  <\/span><b>un registro<\/b><span style=\"font-weight: 400;\">. I registri raccolgono informazioni mediche anonimizzate &#8211; come risultati di esami, dati di imaging e risultati terapeutici &#8211; da persone con una diagnosi di ACC. Questo aiuta i ricercatori a individuare modelli, migliorare la diagnosi e sviluppare trattamenti pi\u00f9 efficaci. In alcuni Paesi esiste gi\u00e0 un registro nazionale per l\u2019ACC, mentre in altri \u00e8 ancora in fase di sviluppo. Anche se nel tuo Paese non esiste un registro nazionale, la partecipazione \u00e8 spesso possibile attraverso un registro internazionale o tramite un centro specializzato in ACC.<\/span><\/p><p><span style=\"font-weight: 400;\">I centri di riferimento ACC conoscono le attuali iniziative di ricerca e possono consigliarti su come partecipare o condividere i tuoi dati. \u00c8 consigliabile parlarne presto con il tuo medico curante o con lo specialista ACC per conoscere le opzioni disponibili per te.   <\/span><\/p><p><span style=\"font-weight: 400;\">Una volta fornito il tuo consenso, i tuoi dati anonimizzati vengono di solito inseriti nel registro nazionale (se esiste) e possono essere condivisi &#8211; sempre in forma anonimizzata &#8211; con uno dei due principali registri internazionali:<\/span><\/p><ul><li style=\"font-weight: 400;\" aria-level=\"1\"><span style=\"font-weight: 400;\">La maggior parte dei Paesi europei contribuisce al registro ENS@T<\/span><\/li><li style=\"font-weight: 400;\" aria-level=\"1\"><span style=\"font-weight: 400;\">Molti centri in America, Asia e Australia partecipano al registro A5<\/span><\/li><\/ul><p><span style=\"font-weight: 400;\">Per ulteriori informazioni, vedi sotto.<\/span><\/p><p> <\/p>\t\t\t\t\t\t\t\t<\/div>\n\t\t\t\t<\/div>\n\t\t\t\t\t<\/div>\n\t\t<\/div>\n\t\t\t\t\t<\/div>\n\t\t<\/section>\n\t\t\t\t<section class=\"elementor-section elementor-top-section elementor-element elementor-element-e376d21 elementor-section-boxed elementor-section-height-default elementor-section-height-default parallax_section_no qode_elementor_container_no\" data-id=\"e376d21\" data-element_type=\"section\" data-e-type=\"section\">\n\t\t\t\t\t\t<div class=\"elementor-container elementor-column-gap-default\">\n\t\t\t\t\t<div class=\"elementor-column elementor-col-100 elementor-top-column elementor-element elementor-element-1798503\" data-id=\"1798503\" data-element_type=\"column\" data-e-type=\"column\">\n\t\t\t<div class=\"elementor-widget-wrap elementor-element-populated\">\n\t\t\t\t\t\t<div class=\"elementor-element elementor-element-6a00ec0 elementor-widget elementor-widget-heading\" data-id=\"6a00ec0\" data-element_type=\"widget\" data-e-type=\"widget\" data-widget_type=\"heading.default\">\n\t\t\t\t<div class=\"elementor-widget-container\">\n\t\t\t\t\t<h2 class=\"elementor-heading-title elementor-size-default\">Studi clinici: accesso a nuove opzioni terapeutiche\n<\/h2>\t\t\t\t<\/div>\n\t\t\t\t<\/div>\n\t\t\t\t\t<\/div>\n\t\t<\/div>\n\t\t\t\t\t<\/div>\n\t\t<\/section>\n\t\t\t\t<section class=\"elementor-section elementor-top-section elementor-element elementor-element-f1669b7 elementor-section-boxed elementor-section-height-default elementor-section-height-default parallax_section_no qode_elementor_container_no\" data-id=\"f1669b7\" data-element_type=\"section\" data-e-type=\"section\">\n\t\t\t\t\t\t<div class=\"elementor-container elementor-column-gap-default\">\n\t\t\t\t\t<div class=\"elementor-column elementor-col-100 elementor-top-column elementor-element elementor-element-3decf31\" data-id=\"3decf31\" data-element_type=\"column\" data-e-type=\"column\">\n\t\t\t<div class=\"elementor-widget-wrap elementor-element-populated\">\n\t\t\t\t\t\t<div class=\"elementor-element elementor-element-cf06700 elementor-widget elementor-widget-text-editor\" data-id=\"cf06700\" data-element_type=\"widget\" data-e-type=\"widget\" data-widget_type=\"text-editor.default\">\n\t\t\t\t<div class=\"elementor-widget-container\">\n\t\t\t\t\t\t\t\t\t<p><span style=\"font-weight: 400;\"><span style=\"font-weight: 400;\">Se vivi con l\u2019ACC, potresti essere invitato a partecipare a uno studio clinico.<br>Gli studi clinici testano nuove terapie promettenti sotto stretta supervisione medica. La partecipazione \u00e8 sempre volontaria e riceverai informazioni dettagliate su potenziali benefici, rischi e alternative.<\/span><\/span><br>Questi studi aprono la strada alla prossima generazione di trattamenti per l\u2019ACC &#8211; e ogni partecipante contribuisce a far progredire la ricerca.<br>Nei seguenti siti puoi trovare studi clinici pianificati, in corso e completati sull\u2019ACC, almeno per l\u2019Europa e gli Stati Uniti. Chiedi al tuo medico se esiste uno studio adatto a te.<\/p><ul><li style=\"font-weight: 400;\" aria-level=\"1\"><span style=\"font-weight: 400;\"><a href=\"https:\/\/www.clinicaltrialsregister.eu\/ctr-search\/search\">Registro europeo degli studi clinici<\/a><\/span><span style=\"font-weight: 400;\"> <\/span><\/li><li style=\"font-weight: 400;\" aria-level=\"1\"><span style=\"font-weight: 400;\"><a href=\"https:\/\/clinicaltrials.gov\">Registro statunitense (NIH Clinical Trials)<\/a> <\/span><\/li><\/ul><p> <\/p>\t\t\t\t\t\t\t\t<\/div>\n\t\t\t\t<\/div>\n\t\t\t\t\t<\/div>\n\t\t<\/div>\n\t\t\t\t\t<\/div>\n\t\t<\/section>\n\t\t\t\t<section class=\"elementor-section elementor-top-section elementor-element elementor-element-da65bba elementor-section-boxed elementor-section-height-default elementor-section-height-default parallax_section_no qode_elementor_container_no\" data-id=\"da65bba\" data-element_type=\"section\" data-e-type=\"section\">\n\t\t\t\t\t\t<div class=\"elementor-container elementor-column-gap-default\">\n\t\t\t\t\t<div class=\"elementor-column elementor-col-100 elementor-top-column elementor-element elementor-element-c789827\" data-id=\"c789827\" data-element_type=\"column\" data-e-type=\"column\">\n\t\t\t<div class=\"elementor-widget-wrap elementor-element-populated\">\n\t\t\t\t\t\t<div class=\"elementor-element elementor-element-fcac1fc elementor-widget elementor-widget-heading\" data-id=\"fcac1fc\" data-element_type=\"widget\" data-e-type=\"widget\" data-widget_type=\"heading.default\">\n\t\t\t\t<div class=\"elementor-widget-container\">\n\t\t\t\t\t<h2 class=\"elementor-heading-title elementor-size-default\">Medicina personalizzata: un trattamento su misura per te\n<\/h2>\t\t\t\t<\/div>\n\t\t\t\t<\/div>\n\t\t\t\t\t<\/div>\n\t\t<\/div>\n\t\t\t\t\t<\/div>\n\t\t<\/section>\n\t\t\t\t<section class=\"elementor-section elementor-top-section elementor-element elementor-element-c691034 elementor-section-boxed elementor-section-height-default elementor-section-height-default parallax_section_no qode_elementor_container_no\" data-id=\"c691034\" data-element_type=\"section\" data-e-type=\"section\">\n\t\t\t\t\t\t<div class=\"elementor-container elementor-column-gap-default\">\n\t\t\t\t\t<div class=\"elementor-column elementor-col-100 elementor-top-column elementor-element elementor-element-cb73338\" data-id=\"cb73338\" data-element_type=\"column\" data-e-type=\"column\">\n\t\t\t<div class=\"elementor-widget-wrap elementor-element-populated\">\n\t\t\t\t\t\t<div class=\"elementor-element elementor-element-d1efb44 elementor-widget elementor-widget-text-editor\" data-id=\"d1efb44\" data-element_type=\"widget\" data-e-type=\"widget\" data-widget_type=\"text-editor.default\">\n\t\t\t\t<div class=\"elementor-widget-container\">\n\t\t\t\t\t\t\t\t\t<p><span style=\"font-weight: 400;\">La ricerca moderna si concentra sulle analisi molecolari e genetiche. Questi studi mostrano che ogni tumore di ACC \u00e8 unico &#8211; e che il trattamento pu\u00f2 essere meglio adattato quando si conoscono le sue caratteristiche specifiche.<br>Per i pazienti, \u00e8 per questo che i test genetici possono avere senso. Analizzando sia il profilo genetico del tumore sia, in alcuni casi, i geni del paziente stesso, i medici possono determinare se alcune mutazioni abbiano causato il tumore o possano influenzare le scelte terapeutiche. In alcune famiglie, questi risultati possono anche aiutare a identificare condizioni ereditarie (come la sindrome di Li-Fraumeni) che richiedono un monitoraggio pi\u00f9 attento.<br>Questa \u00e8 la base della medicina personalizzata &#8211; dove la terapia \u00e8 progettata intorno a te, non solo alla tua diagnosi. Potrebbe non essere disponibile ovunque, ma non esitare a chiedere se pu\u00f2 essere un\u2019opzione per te.      <\/span><\/p>\t\t\t\t\t\t\t\t<\/div>\n\t\t\t\t<\/div>\n\t\t\t\t\t<\/div>\n\t\t<\/div>\n\t\t\t\t\t<\/div>\n\t\t<\/section>\n\t\t\t\t<section class=\"elementor-section elementor-top-section elementor-element elementor-element-df369f7 elementor-section-full_width elementor-section-height-default elementor-section-height-default parallax_section_no qode_elementor_container_no\" data-id=\"df369f7\" data-element_type=\"section\" data-e-type=\"section\" data-settings=\"{&quot;background_background&quot;:&quot;classic&quot;}\">\n\t\t\t\t\t\t<div class=\"elementor-container elementor-column-gap-default\">\n\t\t\t\t\t<div class=\"elementor-column elementor-col-100 elementor-top-column elementor-element elementor-element-29342f2\" data-id=\"29342f2\" data-element_type=\"column\" data-e-type=\"column\">\n\t\t\t<div class=\"elementor-widget-wrap elementor-element-populated\">\n\t\t\t\t\t\t<div class=\"elementor-element elementor-element-8407f1b elementor-widget elementor-widget-heading\" data-id=\"8407f1b\" data-element_type=\"widget\" data-e-type=\"widget\" data-widget_type=\"heading.default\">\n\t\t\t\t<div class=\"elementor-widget-container\">\n\t\t\t\t\t<h2 class=\"elementor-heading-title elementor-size-default\">Collaborare oltre i confini\n<\/h2>\t\t\t\t<\/div>\n\t\t\t\t<\/div>\n\t\t\t\t\t<\/div>\n\t\t<\/div>\n\t\t\t\t\t<\/div>\n\t\t<\/section>\n\t\t\t\t<section class=\"elementor-section elementor-top-section elementor-element elementor-element-e1c37f8 elementor-section-boxed elementor-section-height-default elementor-section-height-default parallax_section_no qode_elementor_container_no\" data-id=\"e1c37f8\" data-element_type=\"section\" data-e-type=\"section\">\n\t\t\t\t\t\t<div class=\"elementor-container elementor-column-gap-default\">\n\t\t\t\t\t<div class=\"elementor-column elementor-col-100 elementor-top-column elementor-element elementor-element-2ce492c\" data-id=\"2ce492c\" data-element_type=\"column\" data-e-type=\"column\">\n\t\t\t<div class=\"elementor-widget-wrap elementor-element-populated\">\n\t\t\t\t\t\t<div class=\"elementor-element elementor-element-4f5bff0 elementor-widget elementor-widget-text-editor\" data-id=\"4f5bff0\" data-element_type=\"widget\" data-e-type=\"widget\" data-widget_type=\"text-editor.default\">\n\t\t\t\t<div class=\"elementor-widget-container\">\n\t\t\t\t\t\t\t\t\t<p><span style=\"font-weight: 400;\">Poich\u00e9 l\u2019ACC \u00e8 raro, nessun singolo Paese o ospedale pu\u00f2 raccogliere da solo dati sufficienti. <span style=\"font-weight: 400;\">Ecco perch\u00e9 la collaborazione internazionale \u00e8 essenziale. Due grandi reti internazionali lavorano a stretto contatto su studi e sperimentazioni cliniche:<\/span><\/span><\/p><ul><li style=\"font-weight: 400;\" aria-level=\"1\"><span style=\"font-weight: 400;\">La European Network for the Study of Adrenal Tumors (ENS@T) collega ricercatori e medici di tutto il mondo per condividere conoscenze e accelerare le scoperte &#8211; cos\u00ec che i nuovi risultati raggiungano i pazienti pi\u00f9 rapidamente.<br>Maggiori informazioni su ENS@T (<\/span><a href=\"https:\/\/ensat.wildapricot.org\"><span style=\"font-weight: 400;\"><strong>https:\/\/ensat.wildapricot.org<\/strong><\/span><\/a><span style=\"font-weight: 400;\">) o via <a href=\"mailto:%20ensatweb@gmail.com\">email<\/a><\/span><span style=\"font-weight: 400;\">. <\/span> <\/li><li style=\"font-weight: 400;\" aria-level=\"1\">L\u2019American-Australian-Asian Adrenal Alliance (A5) \u00e8 una rete internazionale in crescita che riunisce oltre 50 istituzioni accademiche e mediche di primo piano, unite da una missione comune: promuovere la ricerca sui disturbi surrenalici.<br>Maggiori informazioni su<span style=\"font-weight: 400;\"> A5 (<\/span><a href=\"https:\/\/a5adrenal.org\"><span style=\"font-weight: 400;\"><strong>https:\/\/a5adrenal.org<\/strong><\/span><\/a><span style=\"font-weight: 400;\">) o via <a href=\"mailto:%20secretary@a5adrenal.org\">email.<\/a><\/span><\/li><\/ul><p><span style=\"font-weight: 400;\">Esistono anche due grandi reti che collaborano sul carcinoma corticosurrenalico pediatrico. Raccolgono e condividono dati per comprendere meglio la malattia e lavorare verso una cura.<br>Per ulteriori informazioni, clicca <\/span><span style=\"font-weight: 400;\"><strong><a href=\"https:\/\/letscureacc.com\/acc-nellinfanzia\/?lang=it\">qui<\/a><\/strong>.<\/span><\/p>\t\t\t\t\t\t\t\t<\/div>\n\t\t\t\t<\/div>\n\t\t\t\t\t<\/div>\n\t\t<\/div>\n\t\t\t\t\t<\/div>\n\t\t<\/section>\n\t\t\t\t<\/div>\n\t\t","protected":false},"excerpt":{"rendered":"<p>Perch\u00e9 la ricerca sull\u2019ACC \u00e8 importante per i pazienti Senza ricerca non pu\u00f2 esserci progresso. Poich\u00e9 il carcinoma corticosurrenalico (ACC) \u00e8 un tumore molto raro, ogni singola informazione \u00e8 preziosa. Rispetto ai tumori pi\u00f9 comuni, sappiamo ancora relativamente poco su come si sviluppa l\u2019ACC o&#8230;<\/p>\n","protected":false},"author":416,"featured_media":0,"parent":0,"menu_order":0,"comment_status":"closed","ping_status":"closed","template":"full_width.php","meta":{"give_campaign_id":0,"inline_featured_image":false,"footnotes":""},"class_list":["post-9964","page","type-page","status-publish","hentry"],"campaignId":"","_links":{"self":[{"href":"https:\/\/letscureacc.com\/it\/wp-json\/wp\/v2\/pages\/9964","targetHints":{"allow":["GET"]}}],"collection":[{"href":"https:\/\/letscureacc.com\/it\/wp-json\/wp\/v2\/pages"}],"about":[{"href":"https:\/\/letscureacc.com\/it\/wp-json\/wp\/v2\/types\/page"}],"author":[{"embeddable":true,"href":"https:\/\/letscureacc.com\/it\/wp-json\/wp\/v2\/users\/416"}],"replies":[{"embeddable":true,"href":"https:\/\/letscureacc.com\/it\/wp-json\/wp\/v2\/comments?post=9964"}],"version-history":[{"count":0,"href":"https:\/\/letscureacc.com\/it\/wp-json\/wp\/v2\/pages\/9964\/revisions"}],"wp:attachment":[{"href":"https:\/\/letscureacc.com\/it\/wp-json\/wp\/v2\/media?parent=9964"}],"curies":[{"name":"wp","href":"https:\/\/api.w.org\/{rel}","templated":true}]}}