{"id":9121,"date":"2024-05-23T14:43:32","date_gmt":"2024-05-23T12:43:32","guid":{"rendered":"https:\/\/letscureacc.com\/%e5%9b%bd%e5%86%85%e9%96%a2%e9%80%a3%e5%8d%94%e4%bc%9a\/"},"modified":"2025-07-18T11:58:58","modified_gmt":"2025-07-18T09:58:58","slug":"%e5%9b%bd%e5%86%85%e9%96%a2%e9%80%a3%e5%8d%94%e4%bc%9a","status":"publish","type":"page","link":"https:\/\/letscureacc.com\/ja\/%e5%9b%bd%e5%86%85%e9%96%a2%e9%80%a3%e5%8d%94%e4%bc%9a\/","title":{"rendered":"\u56fd\u5185\u95a2\u9023\u5354\u4f1a"},"content":{"rendered":"\t\t<div data-elementor-type=\"wp-page\" data-elementor-id=\"9121\" class=\"elementor elementor-9121 elementor-677\">\n\t\t\t\t\t\t<section class=\"elementor-section elementor-top-section elementor-element elementor-element-2f84ef40 elementor-section-full_width elementor-section-height-default elementor-section-height-default parallax_section_no qode_elementor_container_no\" data-id=\"2f84ef40\" data-element_type=\"section\" data-e-type=\"section\" data-settings=\"{&quot;background_background&quot;:&quot;classic&quot;}\">\n\t\t\t\t\t\t<div class=\"elementor-container elementor-column-gap-default\">\n\t\t\t\t\t<div class=\"elementor-column elementor-col-100 elementor-top-column elementor-element elementor-element-55596fa4\" data-id=\"55596fa4\" data-element_type=\"column\" data-e-type=\"column\">\n\t\t\t<div class=\"elementor-widget-wrap elementor-element-populated\">\n\t\t\t\t\t\t<section class=\"elementor-section elementor-inner-section elementor-element elementor-element-da1aa8c elementor-section-boxed elementor-section-height-default elementor-section-height-default parallax_section_no qode_elementor_container_no\" data-id=\"da1aa8c\" data-element_type=\"section\" data-e-type=\"section\">\n\t\t\t\t\t\t<div class=\"elementor-container elementor-column-gap-extended\">\n\t\t\t\t\t<div class=\"elementor-column elementor-col-100 elementor-inner-column elementor-element elementor-element-916ce81\" data-id=\"916ce81\" data-element_type=\"column\" data-e-type=\"column\">\n\t\t\t<div class=\"elementor-widget-wrap elementor-element-populated\">\n\t\t\t\t\t\t<div class=\"elementor-element elementor-element-0119b7a elementor-widget elementor-widget-text-editor\" data-id=\"0119b7a\" data-element_type=\"widget\" data-e-type=\"widget\" data-widget_type=\"text-editor.default\">\n\t\t\t\t<div class=\"elementor-widget-container\">\n\t\t\t\t\t\t\t\t\t<h2 style=\"text-align: center;\"><b>\u81ea\u5206\u306e\u56fd\u3084\u8a00\u8a9e\u3067\u5229\u7528\u3067\u304d\u308b\u30ea\u30bd\u30fc\u30b9\u3092\u63a2\u3059<\/b><\/h2>\n<p><b>\u3053\u306e\u304c\u3093\u306e\u30bf\u30a4\u30d7\u306f\u975e\u5e38\u306b\u73cd\u3057\u3044\u305f\u3081\u3001\u3053\u306e\u30bf\u30a4\u30d7\u306e\u304c\u3093\u306b\u3064\u3044\u3066\u89e6\u308c\u3066\u3044\u308b\u30a6\u30a7\u30d6\u30b5\u30a4\u30c8\u306f\u591a\u304f\u3042\u308a\u307e\u305b\u3093\u3002\u305d\u308c\u3067\u3082\u307b\u304b\u306e\u30a6\u30a7\u30d6\u30b5\u30a4\u30c8\u3067\u3044\u304f\u3064\u304b\u306e\u30ea\u30bd\u30fc\u30b9\u3092\u898b\u3064\u3051\u308b\u3053\u3068\u304c\u3067\u304d\u307e\u3059\u3002<\/b><\/p>\n<p>\u3053\u308c\u306f\u3001\u526f\u814e\u304c\u3093\u306b\u3064\u3044\u3066\u8a00\u53ca\u3055\u308c\u3066\u3044\u308b\u30a6\u30a7\u30d6\u30b5\u30a4\u30c8\u306e\u30ea\u30b9\u30c8\u3067\u3001\u4e16\u754c\u4e2d\u306e\u3055\u307e\u3056\u307e\u306a\u8a00\u8a9e\u3067\u8a18\u3055\u308c\u3066\u3044\u307e\u3059\uff08\u8a00\u8a9e\u306e\u30a2\u30eb\u30d5\u30a1\u30d9\u30c3\u30c8\u9806\uff09\u3002<\/p>\n<p>\u3053\u306e\u307b\u304b\u306b\u3054\u5b58\u3058\u306e\u30a6\u30a7\u30d6\u30b5\u30a4\u30c8\u304c\u3042\u308a\u307e\u3057\u305f\u3089\u3001\u30b0\u30eb\u30fc\u30d7\u306e\u30de\u30cd\u30fc\u30b8\u30e3\u30fc\u306b\u3053\u306e\u30a6\u30a7\u30d6\u30b5\u30a4\u30c8\u306b\u63b2\u8f09\u3059\u308b\u3053\u3068\u3092\u8a31\u53ef\u3059\u308b\u304b\u3069\u3046\u304b\u3092\u3053\u3061\u3089\u304b\u3089\u5c0b\u306d\u305f\u3044\u3068\u601d\u3044\u307e\u3059\u306e\u3067\u3001\u305c\u3072<a href=\"https:\/\/letscureacc.com\/%e3%82%b3%e3%83%b3%e3%82%bf%e3%82%af%e3%83%88\/?lang=ja\">\u79c1\u305f\u3061\u306b\u304a\u77e5\u3089\u305b<\/a>\u304f\u3060\u3055\u3044\u3002<\/p>\n<p>&nbsp;<\/p>\n\t\t\t\t\t\t\t\t<\/div>\n\t\t\t\t<\/div>\n\t\t\t\t\t<\/div>\n\t\t<\/div>\n\t\t\t\t\t<\/div>\n\t\t<\/section>\n\t\t\t\t\t<\/div>\n\t\t<\/div>\n\t\t\t\t\t<\/div>\n\t\t<\/section>\n\t\t\t\t<section class=\"elementor-section elementor-top-section elementor-element elementor-element-435e165 qode_elementor_container_inner elementor-section-boxed elementor-section-height-default elementor-section-height-default parallax_section_no\" data-id=\"435e165\" data-element_type=\"section\" data-e-type=\"section\" data-settings=\"{&quot;background_background&quot;:&quot;classic&quot;}\">\n\t\t\t\t\t\t<div class=\"elementor-container elementor-column-gap-default\">\n\t\t\t\t\t<div class=\"elementor-column elementor-col-100 elementor-top-column elementor-element elementor-element-4881797\" data-id=\"4881797\" data-element_type=\"column\" data-e-type=\"column\">\n\t\t\t<div class=\"elementor-widget-wrap elementor-element-populated\">\n\t\t\t\t\t\t<div class=\"elementor-element elementor-element-bf7a576 elementor-widget elementor-widget-text-editor\" data-id=\"bf7a576\" data-element_type=\"widget\" data-e-type=\"widget\" data-widget_type=\"text-editor.default\">\n\t\t\t\t<div class=\"elementor-widget-container\">\n\t\t\t\t\t\t\t\t\t<h3>\u30dd\u30eb\u30c8\u30ac\u30eb\u8a9e\/\u30d6\u30e9\u30b8\u30eb\u8a9e\uff1a<\/h3>\n<p><\/p>\n<ul>\n<li><a href=\"https:\/\/www.ligacontracancro.pt\/\" target=\"_blank\" rel=\"noopener\">LIGA PORTUGUESA CONTRA O CANCRO<\/a><\/li>\n<li><a href=\"https:\/\/www.inca.gov.br\/\" target=\"_blank\" rel=\"noopener\">INCA<\/a><\/li>\n<li><a href=\"https:\/\/en.abaddison.org.br\/\" target=\"_blank\" rel=\"noopener\">ABA<\/a><\/li>\n<\/ul>\n<p><\/p>\n<h3><\/h3>\n<p><\/p>\n<h3>\u30c7\u30f3\u30de\u30fc\u30af\u8a9e\uff1a<\/h3>\n<p><\/p>\n<ul>\n<li><span style=\"font-weight: 400;\"><a href=\"https:\/\/www.addison.dk\">ADDISON <\/a>(also available in English) <\/span><\/li>\n<\/ul>\n<p><\/p>\n<h3><\/h3>\n<p><\/p>\n<h3>\u82f1\u8a9e\uff1a<\/h3>\n<p><\/p>\n<ul>\n<li><a href=\"https:\/\/www.cancer.org\/cancer\/adrenal-cancer.html\" target=\"_blank\" rel=\"noopener\">AMERICAN CANCER SOCIETY\u00a0<\/a><\/li>\n<li><a href=\"https:\/\/cancer.ca\/en\/cancer-information\/cancer-types\/adrenal-gland\" target=\"_blank\" rel=\"noopener\">CANADIAN CANCER SOCIETY<\/a><\/li>\n<li><a href=\"https:\/\/accsupport.org.uk\">ACC SUPPORT UK<\/a><\/li>\n<li><a href=\"http:\/\/www.amend.org.uk\">AMEND<\/a><\/li>\n<li><a href=\"http:\/\/www.CSRF.net\">CUSHING\u2019S SUPPORT &amp; RESEARCH FOUNDATION<\/a><\/li>\n<li><a href=\"https:\/\/aiunited.org\/\">ADRENAL INSUFFICIENCY UNITED<\/a><\/li>\n<li><a href=\"http:\/\/www.caresfoundation.org\">CONGENITAL ADRENAL HYPERPLASIA<\/a><\/li>\n<li><a href=\"https:\/\/www.nadf.us\/\">NADF<\/a><\/li>\n<li><a href=\"http:\/\/WWW.WAPO.ORG\">WORLD ALLIANCE OF PITUITARY ORGANIZATIONS<\/a><\/li>\n<\/ul>\n<p><\/p>\n<h3><\/h3>\n<p><\/p>\n<h3>\u30d5\u30e9\u30f3\u30b9\u8a9e\uff1a<\/h3>\n<p><\/p>\n<ul>\n<li><a href=\"https:\/\/www.surrenales.com\/corticosurrenalome\/\" target=\"_blank\" rel=\"noopener\">ASSOCIATION SURRENALES<\/a><\/li>\n<li><a href=\"http:\/\/surrenales.aphp.fr\/\" target=\"_blank\" rel=\"noopener\">CENTRE DE R\u00c9F\u00c9RENCE MALADIES RARES DE LA SURR\u00c9NALE<\/a><\/li>\n<li><a href=\"http:\/\/www.firendo.fr\/\" target=\"_blank\" rel=\"noopener\">FILI\u00c8RE MALADIES ENDOCRINIENNES RARES<\/a><\/li>\n<li><a href=\"https:\/\/www.cancer.ca\/fr-ca\/cancer-information\/cancer-type\/adrenal-gland\/adrenal-gland-cancer\/?region=qc\" target=\"_blank\" rel=\"noopener\">SOCI\u00c9T\u00c9 CANADIENNE DU CANCER<\/a><\/li>\n<\/ul>\n<p><\/p>\n<h3><\/h3>\n<p><\/p>\n<h3>\u30c9\u30a4\u30c4\u8a9e\uff1a<\/h3>\n<p><\/p>\n<ul>\n<li><a href=\"https:\/\/www.glandula-online.de\/\">NETZWERK HYPOPHYSEN-UND NEBENNIERENERKRANKUNGEN E. V.<\/a><\/li>\n<li><a href=\"https:\/\/adrenal-research.de\">ADRENAL RESEARCH<\/a><\/li>\n<\/ul>\n<p><\/p>\n<h3><\/h3>\n<p><\/p>\n<h3>\u30a4\u30bf\u30ea\u30a2\u8a9e\uff1a<\/h3>\n<p><\/p>\n<ul>\n<li><a href=\"http:\/\/www.ilmioamicocushing.it\" target=\"_blank\" rel=\"noopener\">ILMIOAMICOCUSHING<\/a><\/li>\n<\/ul>\n<p><\/p>\n<h3><\/h3>\n<p><\/p>\n<h3>\u30b9\u30da\u30a4\u30f3\u8a9e \uff1a<\/h3>\n<p><\/p>\n<ul>\n<li><a href=\"https:\/\/www.adisen.es\/\">ASOCIACION NACIONAL DE ADDISON<\/a><\/li>\n<li><a href=\"http:\/\/pheipas.org\/\">ASOCIACI\u00d3N PHEIPHAS &#8211; PHEOCHROMOCYTOMA I PARAGANGLIOMA ACCI\u00d3N SOLIDARIA<\/a><\/li>\n<\/ul>\n<p><\/p>\n<h3>\u4e2d\u56fd\u8a9e :<\/h3>\n<p><\/p>\n<ul>\n<li><a href=\"http:\/\/www.raredisease.cn\/\">CORD \u2013 Chinese Organization for Rare Disorders<\/a>\u00a0(also available in English)<\/li>\n<\/ul>\n\t\t\t\t\t\t\t\t<\/div>\n\t\t\t\t<\/div>\n\t\t\t\t\t<\/div>\n\t\t<\/div>\n\t\t\t\t\t<\/div>\n\t\t<\/section>\n\t\t\t\t<\/div>\n\t\t","protected":false},"excerpt":{"rendered":"<p>\u81ea\u5206\u306e\u56fd\u3084\u8a00\u8a9e\u3067\u5229\u7528\u3067\u304d\u308b\u30ea\u30bd\u30fc\u30b9\u3092\u63a2\u3059 \u3053\u306e\u304c\u3093\u306e\u30bf\u30a4\u30d7\u306f\u975e\u5e38\u306b\u73cd\u3057\u3044\u305f\u3081\u3001\u3053\u306e\u30bf\u30a4\u30d7\u306e&#8230;<\/p>\n","protected":false},"author":416,"featured_media":0,"parent":0,"menu_order":0,"comment_status":"closed","ping_status":"closed","template":"full_width.php","meta":{"give_campaign_id":0,"inline_featured_image":false,"footnotes":""},"class_list":["post-9121","page","type-page","status-publish","hentry"],"campaignId":"","_links":{"self":[{"href":"https:\/\/letscureacc.com\/ja\/wp-json\/wp\/v2\/pages\/9121","targetHints":{"allow":["GET"]}}],"collection":[{"href":"https:\/\/letscureacc.com\/ja\/wp-json\/wp\/v2\/pages"}],"about":[{"href":"https:\/\/letscureacc.com\/ja\/wp-json\/wp\/v2\/types\/page"}],"author":[{"embeddable":true,"href":"https:\/\/letscureacc.com\/ja\/wp-json\/wp\/v2\/users\/416"}],"replies":[{"embeddable":true,"href":"https:\/\/letscureacc.com\/ja\/wp-json\/wp\/v2\/comments?post=9121"}],"version-history":[{"count":0,"href":"https:\/\/letscureacc.com\/ja\/wp-json\/wp\/v2\/pages\/9121\/revisions"}],"wp:attachment":[{"href":"https:\/\/letscureacc.com\/ja\/wp-json\/wp\/v2\/media?parent=9121"}],"curies":[{"name":"wp","href":"https:\/\/api.w.org\/{rel}","templated":true}]}}