{"id":9550,"date":"2024-12-19T14:24:10","date_gmt":"2024-12-19T13:24:10","guid":{"rendered":"https:\/\/letscureacc.com\/medical-advisory-board\/"},"modified":"2025-01-23T09:27:19","modified_gmt":"2025-01-23T08:27:19","slug":"medical-advisory-board","status":"publish","type":"page","link":"https:\/\/letscureacc.com\/ja\/medical-advisory-board\/","title":{"rendered":"Medical Advisory Board"},"content":{"rendered":"\t\t<div data-elementor-type=\"wp-page\" data-elementor-id=\"9550\" class=\"elementor elementor-9550 elementor-9257\">\n\t\t\t\t\t\t<section class=\"elementor-section elementor-top-section elementor-element elementor-element-2f84ef40 elementor-section-full_width elementor-section-height-default elementor-section-height-default parallax_section_no qode_elementor_container_no\" data-id=\"2f84ef40\" data-element_type=\"section\" data-e-type=\"section\" data-settings=\"{&quot;background_background&quot;:&quot;classic&quot;}\">\n\t\t\t\t\t\t<div class=\"elementor-container elementor-column-gap-default\">\n\t\t\t\t\t<div class=\"elementor-column elementor-col-100 elementor-top-column elementor-element elementor-element-26f11fd\" data-id=\"26f11fd\" data-element_type=\"column\" data-e-type=\"column\">\n\t\t\t<div class=\"elementor-widget-wrap\">\n\t\t\t\t\t\t\t<\/div>\n\t\t<\/div>\n\t\t\t\t\t<\/div>\n\t\t<\/section>\n\t\t\t\t<section class=\"elementor-section elementor-top-section elementor-element elementor-element-25b2d1a elementor-section-boxed elementor-section-height-default elementor-section-height-default parallax_section_no qode_elementor_container_no\" data-id=\"25b2d1a\" data-element_type=\"section\" data-e-type=\"section\">\n\t\t\t\t\t\t<div class=\"elementor-container elementor-column-gap-default\">\n\t\t\t\t\t<div class=\"elementor-column elementor-col-100 elementor-top-column elementor-element elementor-element-71467a7\" data-id=\"71467a7\" data-element_type=\"column\" data-e-type=\"column\">\n\t\t\t<div class=\"elementor-widget-wrap elementor-element-populated\">\n\t\t\t\t\t\t<div class=\"elementor-element elementor-element-ce3a175 elementor-widget elementor-widget-heading\" data-id=\"ce3a175\" data-element_type=\"widget\" data-e-type=\"widget\" data-widget_type=\"heading.default\">\n\t\t\t\t<div class=\"elementor-widget-container\">\n\t\t\t\t\t<h2 class=\"elementor-heading-title elementor-size-default\">Let's Cure ACC presents <br>its Medical Advisory Board<\/h2>\t\t\t\t<\/div>\n\t\t\t\t<\/div>\n\t\t\t\t\t<\/div>\n\t\t<\/div>\n\t\t\t\t\t<\/div>\n\t\t<\/section>\n\t\t\t\t<section class=\"elementor-section elementor-top-section elementor-element elementor-element-966c33f elementor-section-boxed elementor-section-height-default elementor-section-height-default parallax_section_no qode_elementor_container_no\" data-id=\"966c33f\" data-element_type=\"section\" data-e-type=\"section\">\n\t\t\t\t\t\t<div class=\"elementor-container elementor-column-gap-default\">\n\t\t\t\t\t<div class=\"elementor-column elementor-col-100 elementor-top-column elementor-element elementor-element-3f9a9c7\" data-id=\"3f9a9c7\" data-element_type=\"column\" data-e-type=\"column\">\n\t\t\t<div class=\"elementor-widget-wrap elementor-element-populated\">\n\t\t\t\t\t\t<div class=\"elementor-element elementor-element-bbc9d02 elementor-widget elementor-widget-text-editor\" data-id=\"bbc9d02\" data-element_type=\"widget\" data-e-type=\"widget\" data-widget_type=\"text-editor.default\">\n\t\t\t\t<div class=\"elementor-widget-container\">\n\t\t\t\t\t\t\t\t\t<p><span style=\"font-weight: 400;\"><em><strong>Let\u2019s Cure ACC<\/strong><\/em>\u306f\u3001<\/span><a href=\"https:\/\/letscureacc.com\/glossaryindex\/acc\/?lang=ja\"><span style=\"font-weight: 400;\">\u526f\u814e\u76ae\u8cea\u764c\uff08ACC\uff09<\/span><\/a><span style=\"font-weight: 400;\">\u306e\u30b1\u30a2\u3068\u7814\u7a76\u306e\u5206\u91ce\u3067\u6700\u524d\u7dda\u306b\u7acb\u3064\u5c02\u9580\u5bb6\u305f\u3061\u3067\u69cb\u6210\u3055\u308c\u305f\u512a\u308c\u305f\u533b\u5b66\u8aee\u554f\u59d4\u54e1\u4f1a\uff08Medical Advisory Board\uff09\u306e\u6307\u5c0e\u306e\u3082\u3068\u6d3b\u52d5\u3057\u3066\u3044\u307e\u3059\u3002\u533b\u5b66\u8aee\u554f\u59d4\u54e1\u4f1a\u306f\u3001\u5c02\u9580\u7684\u306a\u52a9\u8a00\u3092\u63d0\u4f9b\u3059\u308b\u91cd\u8981\u306a\u5f79\u5272\u3092\u679c\u305f\u3057\u3001\u79c1\u305f\u3061\u306e\u7d44\u7e54\u304c\u533b\u5b66\u306e\u9032\u6b69\u306e\u6700\u524d\u7dda\u306b\u7559\u307e\u308a\u7d9a\u3051\u308b\u3053\u3068\u3092\u78ba\u5b9f\u306b\u3057\u3001\u4e16\u754c\u4e2d\u306eACC\u30b3\u30df\u30e5\u30cb\u30c6\u30a3\u306b\u5949\u4ed5\u3059\u308b\u3068\u3044\u3046\u79c1\u305f\u3061\u306e\u4f7f\u547d\u3092\u652f\u3048\u3066\u3044\u307e\u3059\u3002<\/span><\/p><p>\u00a0<\/p><p><span style=\"font-weight: 400;\">\u533b\u5b66\u8aee\u554f\u59d4\u54e1\u4f1a\u306e\u5c02\u9580\u5bb6\u306f\u60a3\u8005\u306b\u76f4\u63a5\u5bfe\u5fdc\u3059\u308b\u3053\u3068\u306f\u3042\u308a\u307e\u305b\u3093\u304c\u3001\u79c1\u305f\u3061\u306e\u7406\u4e8b\u4f1a\u3068\u5bc6\u63a5\u306b\u5354\u529b\u3057\u3001\u6226\u7565\u7684\u306a\u6d1e\u5bdf\u3092\u63d0\u4f9b\u3057\u3001\u9032\u884c\u4e2d\u306e\u30d7\u30ed\u30b8\u30a7\u30af\u30c8\u3092\u8a55\u4fa1\u3057\u3001\u533b\u7642\u5206\u91ce\u3068\u306e\u3064\u306a\u304c\u308a\u3092\u5f37\u5316\u3057\u3066\u3044\u307e\u3059\u3002\u3053\u306e\u3088\u3046\u306a\u53d6\u308a\u7d44\u307f\u306b\u3088\u308a\u3001\u79c1\u305f\u3061\u306e\u56fd\u969b\u7684\u306a\u5f71\u97ff\u529b\u304c\u5f37\u5316\u3055\u308c\u3001\u502b\u7406\u7684\u304b\u3064\u5f71\u97ff\u529b\u306e\u3042\u308b\u533b\u7642\u5b9f\u8df5\u3078\u306e\u30b3\u30df\u30c3\u30c8\u30e1\u30f3\u30c8\u304c\u3055\u3089\u306b\u6df1\u307e\u308a\u307e\u3059\u3002<\/span><\/p>\t\t\t\t\t\t\t\t<\/div>\n\t\t\t\t<\/div>\n\t\t\t\t\t<\/div>\n\t\t<\/div>\n\t\t\t\t\t<\/div>\n\t\t<\/section>\n\t\t\t\t<section class=\"elementor-section elementor-top-section elementor-element elementor-element-1aa5d92 elementor-section-boxed elementor-section-height-default elementor-section-height-default parallax_section_no qode_elementor_container_no\" data-id=\"1aa5d92\" data-element_type=\"section\" data-e-type=\"section\">\n\t\t\t\t\t\t<div class=\"elementor-container elementor-column-gap-default\">\n\t\t\t\t\t<div class=\"elementor-column elementor-col-25 elementor-top-column elementor-element elementor-element-2ca1560\" data-id=\"2ca1560\" data-element_type=\"column\" data-e-type=\"column\">\n\t\t\t<div class=\"elementor-widget-wrap elementor-element-populated\">\n\t\t\t\t\t\t<div class=\"elementor-element elementor-element-24904a9 elementor-widget elementor-widget-image\" data-id=\"24904a9\" data-element_type=\"widget\" data-e-type=\"widget\" data-widget_type=\"image.default\">\n\t\t\t\t<div class=\"elementor-widget-container\">\n\t\t\t\t\t\t\t\t\t\t\t\t<figure class=\"wp-caption\">\n\t\t\t\t\t\t\t\t\t\t<img decoding=\"async\" width=\"189\" height=\"239\" src=\"https:\/\/letscureacc.com\/wp-content\/uploads\/2024\/10\/Guillaume_Assie-1.png\" class=\"attachment-full size-full wp-image-9448\" alt=\"\" \/>\t\t\t\t\t\t\t\t\t\t\t<figcaption class=\"widget-image-caption wp-caption-text\"><strong>Pr Guillaume Assi\u00e9 <\/strong><br>\n<small>Service d\u2019Endocrinologie de Cochin<br>Inserm CNRS Universit\u00e9 de Paris<br>\nChaire IA en Sant\u00e9 de la fondation UP (Dpt IA en Sant\u00e9) UFR m\u00e9decine -  U-Paris <br>\nPresident of ENSAT until Jan. 2025 <\/small><\/figcaption>\n\t\t\t\t\t\t\t\t\t\t<\/figure>\n\t\t\t\t\t\t\t\t\t<\/div>\n\t\t\t\t<\/div>\n\t\t\t\t\t<\/div>\n\t\t<\/div>\n\t\t\t\t<div class=\"elementor-column elementor-col-25 elementor-top-column elementor-element elementor-element-faf1df7\" data-id=\"faf1df7\" data-element_type=\"column\" data-e-type=\"column\">\n\t\t\t<div class=\"elementor-widget-wrap elementor-element-populated\">\n\t\t\t\t\t\t<div class=\"elementor-element elementor-element-de6faad elementor-widget elementor-widget-image\" data-id=\"de6faad\" data-element_type=\"widget\" data-e-type=\"widget\" data-widget_type=\"image.default\">\n\t\t\t\t<div class=\"elementor-widget-container\">\n\t\t\t\t\t\t\t\t\t\t\t\t<figure class=\"wp-caption\">\n\t\t\t\t\t\t\t\t\t\t<img decoding=\"async\" width=\"189\" height=\"240\" src=\"https:\/\/letscureacc.com\/wp-content\/uploads\/2024\/10\/Kaitlinn_Basham.png\" class=\"attachment-large size-large wp-image-9391\" alt=\"\" \/>\t\t\t\t\t\t\t\t\t\t\t<figcaption class=\"widget-image-caption wp-caption-text\"><strong>Kaitlin J. Basham<br><\/strong><small>Ph.D. Assistant Professor, Department of Oncological Sciences, University of Utah Investigator - Huntsman Cancer Institute<\/small><\/figcaption>\n\t\t\t\t\t\t\t\t\t\t<\/figure>\n\t\t\t\t\t\t\t\t\t<\/div>\n\t\t\t\t<\/div>\n\t\t\t\t\t<\/div>\n\t\t<\/div>\n\t\t\t\t<div class=\"elementor-column elementor-col-25 elementor-top-column elementor-element elementor-element-f51b5ee\" data-id=\"f51b5ee\" data-element_type=\"column\" data-e-type=\"column\">\n\t\t\t<div class=\"elementor-widget-wrap elementor-element-populated\">\n\t\t\t\t\t\t<div class=\"elementor-element elementor-element-24dee14 elementor-widget elementor-widget-image\" data-id=\"24dee14\" data-element_type=\"widget\" data-e-type=\"widget\" data-widget_type=\"image.default\">\n\t\t\t\t<div class=\"elementor-widget-container\">\n\t\t\t\t\t\t\t\t\t\t\t\t<figure class=\"wp-caption\">\n\t\t\t\t\t\t\t\t\t\t<img decoding=\"async\" width=\"190\" height=\"245\" src=\"https:\/\/letscureacc.com\/wp-content\/uploads\/2024\/10\/Alfredo_Berruti.png\" class=\"attachment-large size-large wp-image-9351\" alt=\"\" \/>\t\t\t\t\t\t\t\t\t\t\t<figcaption class=\"widget-image-caption wp-caption-text\"><strong>Pr Alfredo Berruti<br><\/strong><small>\nOncologia Medica Universit\u00e0 degli Studi di Brescia Dipartimento di Specialit\u00e0 Medico-Chirurgiche, Scienze Radiologiche e Sanit\u00e0 Pubblica Azienda Ospedaliera Spedali Civili <\/small><\/figcaption>\n\t\t\t\t\t\t\t\t\t\t<\/figure>\n\t\t\t\t\t\t\t\t\t<\/div>\n\t\t\t\t<\/div>\n\t\t\t\t\t<\/div>\n\t\t<\/div>\n\t\t\t\t<div class=\"elementor-column elementor-col-25 elementor-top-column elementor-element elementor-element-7205655\" data-id=\"7205655\" data-element_type=\"column\" data-e-type=\"column\">\n\t\t\t<div class=\"elementor-widget-wrap elementor-element-populated\">\n\t\t\t\t\t\t<div class=\"elementor-element elementor-element-e826263 elementor-widget elementor-widget-image\" data-id=\"e826263\" data-element_type=\"widget\" data-e-type=\"widget\" data-widget_type=\"image.default\">\n\t\t\t\t<div class=\"elementor-widget-container\">\n\t\t\t\t\t\t\t\t\t\t\t\t<figure class=\"wp-caption\">\n\t\t\t\t\t\t\t\t\t\t<img loading=\"lazy\" decoding=\"async\" width=\"295\" height=\"379\" src=\"https:\/\/letscureacc.com\/wp-content\/uploads\/2024\/10\/Tobias_Else-e1729519348393.jpg\" class=\"attachment-portfolio-square size-portfolio-square wp-image-9431\" alt=\"\" \/>\t\t\t\t\t\t\t\t\t\t\t<figcaption class=\"widget-image-caption wp-caption-text\"><strong>Dr Tobias Else<\/strong><br><small>MD Associate Professor Dept. of Internal Medicine &amp; Program Director of MEND <br>Fellowship Program Comprehensive Clinical Care Center for VHL disease &amp; Center of Excellence \u2013 PGL\/PCC Alliance Endocrine Oncology Clinic\/Cancer Genetics Clinic <\/small><\/figcaption>\n\t\t\t\t\t\t\t\t\t\t<\/figure>\n\t\t\t\t\t\t\t\t\t<\/div>\n\t\t\t\t<\/div>\n\t\t\t\t\t<\/div>\n\t\t<\/div>\n\t\t\t\t\t<\/div>\n\t\t<\/section>\n\t\t\t\t<section class=\"elementor-section elementor-top-section elementor-element elementor-element-47cb320 elementor-section-boxed elementor-section-height-default elementor-section-height-default parallax_section_no qode_elementor_container_no\" data-id=\"47cb320\" data-element_type=\"section\" data-e-type=\"section\">\n\t\t\t\t\t\t<div class=\"elementor-container elementor-column-gap-default\">\n\t\t\t\t\t<div class=\"elementor-column elementor-col-25 elementor-top-column elementor-element elementor-element-74bfd48\" data-id=\"74bfd48\" data-element_type=\"column\" data-e-type=\"column\">\n\t\t\t<div class=\"elementor-widget-wrap elementor-element-populated\">\n\t\t\t\t\t\t<div class=\"elementor-element elementor-element-4fae928 elementor-widget elementor-widget-spacer\" data-id=\"4fae928\" data-element_type=\"widget\" data-e-type=\"widget\" data-widget_type=\"spacer.default\">\n\t\t\t\t<div class=\"elementor-widget-container\">\n\t\t\t\t\t\t\t<div class=\"elementor-spacer\">\n\t\t\t<div class=\"elementor-spacer-inner\"><\/div>\n\t\t<\/div>\n\t\t\t\t\t\t<\/div>\n\t\t\t\t<\/div>\n\t\t\t\t<div class=\"elementor-element elementor-element-d48d9e9 elementor-widget elementor-widget-image\" data-id=\"d48d9e9\" data-element_type=\"widget\" data-e-type=\"widget\" data-widget_type=\"image.default\">\n\t\t\t\t<div class=\"elementor-widget-container\">\n\t\t\t\t\t\t\t\t\t\t\t\t<figure class=\"wp-caption\">\n\t\t\t\t\t\t\t\t\t\t<img decoding=\"async\" src=\"https:\/\/letscureacc.com\/wp-content\/uploads\/2024\/10\/Martin_Fassnacht-1-e1729520135363.jpg\" title=\"Martin_Fassnacht\" alt=\"Pr Martin Fassnacht Chair Department of Endocrinology - University Hospital W\u00fcrzburg (Germany)\" loading=\"lazy\" \/>\t\t\t\t\t\t\t\t\t\t\t<figcaption class=\"widget-image-caption wp-caption-text\"><strong>Pr Martin Fassnacht<\/strong><br> <small>Chair Department of Endocrinology - University Hospital W\u00fcrzburg (Germany)<\/small><\/figcaption>\n\t\t\t\t\t\t\t\t\t\t<\/figure>\n\t\t\t\t\t\t\t\t\t<\/div>\n\t\t\t\t<\/div>\n\t\t\t\t\t<\/div>\n\t\t<\/div>\n\t\t\t\t<div class=\"elementor-column elementor-col-25 elementor-top-column elementor-element elementor-element-ceed6de\" data-id=\"ceed6de\" data-element_type=\"column\" data-e-type=\"column\">\n\t\t\t<div class=\"elementor-widget-wrap elementor-element-populated\">\n\t\t\t\t\t\t<div class=\"elementor-element elementor-element-8249e3b elementor-widget elementor-widget-spacer\" data-id=\"8249e3b\" data-element_type=\"widget\" data-e-type=\"widget\" data-widget_type=\"spacer.default\">\n\t\t\t\t<div class=\"elementor-widget-container\">\n\t\t\t\t\t\t\t<div class=\"elementor-spacer\">\n\t\t\t<div class=\"elementor-spacer-inner\"><\/div>\n\t\t<\/div>\n\t\t\t\t\t\t<\/div>\n\t\t\t\t<\/div>\n\t\t\t\t<div class=\"elementor-element elementor-element-d30eeaa elementor-widget elementor-widget-image\" data-id=\"d30eeaa\" data-element_type=\"widget\" data-e-type=\"widget\" data-widget_type=\"image.default\">\n\t\t\t\t<div class=\"elementor-widget-container\">\n\t\t\t\t\t\t\t\t\t\t\t\t<figure class=\"wp-caption\">\n\t\t\t\t\t\t\t\t\t\t<img loading=\"lazy\" decoding=\"async\" width=\"189\" height=\"239\" src=\"https:\/\/letscureacc.com\/wp-content\/uploads\/2024\/10\/Gary_Hammer.jpg\" class=\"attachment-large size-large wp-image-9375\" alt=\"\" \/>\t\t\t\t\t\t\t\t\t\t\t<figcaption class=\"widget-image-caption wp-caption-text\"><strong>Pr Gary D. Hammer<br><\/strong><small>M.D., Ph.D. Millie Schembechler Prof. of Adrenal Cancer Director <br>Endocrine Oncology Program - University of Michigan <br>Founding Director A5<br>Past President \u2013 Endocrine Society<\/small><\/figcaption>\n\t\t\t\t\t\t\t\t\t\t<\/figure>\n\t\t\t\t\t\t\t\t\t<\/div>\n\t\t\t\t<\/div>\n\t\t\t\t\t<\/div>\n\t\t<\/div>\n\t\t\t\t<div class=\"elementor-column elementor-col-25 elementor-top-column elementor-element elementor-element-eec5d0d\" data-id=\"eec5d0d\" data-element_type=\"column\" data-e-type=\"column\">\n\t\t\t<div class=\"elementor-widget-wrap elementor-element-populated\">\n\t\t\t\t\t\t<div class=\"elementor-element elementor-element-4b6592d elementor-widget elementor-widget-spacer\" data-id=\"4b6592d\" data-element_type=\"widget\" data-e-type=\"widget\" data-widget_type=\"spacer.default\">\n\t\t\t\t<div class=\"elementor-widget-container\">\n\t\t\t\t\t\t\t<div class=\"elementor-spacer\">\n\t\t\t<div class=\"elementor-spacer-inner\"><\/div>\n\t\t<\/div>\n\t\t\t\t\t\t<\/div>\n\t\t\t\t<\/div>\n\t\t\t\t<div class=\"elementor-element elementor-element-47dc31e elementor-widget elementor-widget-image\" data-id=\"47dc31e\" data-element_type=\"widget\" data-e-type=\"widget\" data-widget_type=\"image.default\">\n\t\t\t\t<div class=\"elementor-widget-container\">\n\t\t\t\t\t\t\t\t\t\t\t\t<figure class=\"wp-caption\">\n\t\t\t\t\t\t\t\t\t\t<img loading=\"lazy\" decoding=\"async\" width=\"295\" height=\"375\" src=\"https:\/\/letscureacc.com\/wp-content\/uploads\/2024\/10\/Electron_Kebebew-1-e1729519329517.jpg\" class=\"attachment-large size-large wp-image-9439\" alt=\"\" \/>\t\t\t\t\t\t\t\t\t\t\t<figcaption class=\"widget-image-caption wp-caption-text\"><strong>Dr Electron Kebebew<\/strong> <br>\n <small>MD, FACS, FCS (ECSA) <br>\nProfessor of Surgery -\nChief, Division of General Surgery -\nHarry A. Oberhelman Jr. and Mark L. Welton Professor -\nStanford University <\/small><\/figcaption>\n\t\t\t\t\t\t\t\t\t\t<\/figure>\n\t\t\t\t\t\t\t\t\t<\/div>\n\t\t\t\t<\/div>\n\t\t\t\t\t<\/div>\n\t\t<\/div>\n\t\t\t\t<div class=\"elementor-column elementor-col-25 elementor-top-column elementor-element elementor-element-2c18435\" data-id=\"2c18435\" data-element_type=\"column\" data-e-type=\"column\">\n\t\t\t<div class=\"elementor-widget-wrap elementor-element-populated\">\n\t\t\t\t\t\t<div class=\"elementor-element elementor-element-7311c60 elementor-widget elementor-widget-spacer\" data-id=\"7311c60\" data-element_type=\"widget\" data-e-type=\"widget\" data-widget_type=\"spacer.default\">\n\t\t\t\t<div class=\"elementor-widget-container\">\n\t\t\t\t\t\t\t<div class=\"elementor-spacer\">\n\t\t\t<div class=\"elementor-spacer-inner\"><\/div>\n\t\t<\/div>\n\t\t\t\t\t\t<\/div>\n\t\t\t\t<\/div>\n\t\t\t\t<div class=\"elementor-element elementor-element-bea4b50 elementor-widget elementor-widget-image\" data-id=\"bea4b50\" data-element_type=\"widget\" data-e-type=\"widget\" data-widget_type=\"image.default\">\n\t\t\t\t<div class=\"elementor-widget-container\">\n\t\t\t\t\t\t\t\t\t\t\t\t<figure class=\"wp-caption\">\n\t\t\t\t\t\t\t\t\t\t<img loading=\"lazy\" decoding=\"async\" width=\"191\" height=\"240\" src=\"https:\/\/letscureacc.com\/wp-content\/uploads\/2024\/10\/Katja_Kiseljak_Vassiliades.jpg\" class=\"attachment-large size-large wp-image-9399\" alt=\"\" \/>\t\t\t\t\t\t\t\t\t\t\t<figcaption class=\"widget-image-caption wp-caption-text\"><strong>Dr Katja Kiseljak Vassiliades<br><\/strong><small>Associate Professor &amp; endocrinologist University of Colorado School of Medicine Division of Endocrinology<br>Metabolism and Diabetes <\/small><\/figcaption>\n\t\t\t\t\t\t\t\t\t\t<\/figure>\n\t\t\t\t\t\t\t\t\t<\/div>\n\t\t\t\t<\/div>\n\t\t\t\t\t<\/div>\n\t\t<\/div>\n\t\t\t\t\t<\/div>\n\t\t<\/section>\n\t\t\t\t<section class=\"elementor-section elementor-top-section elementor-element elementor-element-5e6274a elementor-section-boxed elementor-section-height-default elementor-section-height-default parallax_section_no qode_elementor_container_no\" data-id=\"5e6274a\" data-element_type=\"section\" data-e-type=\"section\">\n\t\t\t\t\t\t<div class=\"elementor-container elementor-column-gap-default\">\n\t\t\t\t\t<div class=\"elementor-column elementor-col-25 elementor-top-column elementor-element elementor-element-83a4c23\" data-id=\"83a4c23\" data-element_type=\"column\" data-e-type=\"column\">\n\t\t\t<div class=\"elementor-widget-wrap elementor-element-populated\">\n\t\t\t\t\t\t<div class=\"elementor-element elementor-element-a500671 elementor-widget elementor-widget-spacer\" data-id=\"a500671\" data-element_type=\"widget\" data-e-type=\"widget\" data-widget_type=\"spacer.default\">\n\t\t\t\t<div class=\"elementor-widget-container\">\n\t\t\t\t\t\t\t<div class=\"elementor-spacer\">\n\t\t\t<div class=\"elementor-spacer-inner\"><\/div>\n\t\t<\/div>\n\t\t\t\t\t\t<\/div>\n\t\t\t\t<\/div>\n\t\t\t\t<div class=\"elementor-element elementor-element-8774f12 elementor-widget elementor-widget-image\" data-id=\"8774f12\" data-element_type=\"widget\" data-e-type=\"widget\" data-widget_type=\"image.default\">\n\t\t\t\t<div class=\"elementor-widget-container\">\n\t\t\t\t\t\t\t\t\t\t\t\t<figure class=\"wp-caption\">\n\t\t\t\t\t\t\t\t\t\t<img loading=\"lazy\" decoding=\"async\" width=\"191\" height=\"244\" src=\"https:\/\/letscureacc.com\/wp-content\/uploads\/2024\/10\/Raul_Ribeiro.png\" class=\"attachment-large size-large wp-image-9423\" alt=\"\" \/>\t\t\t\t\t\t\t\t\t\t\t<figcaption class=\"widget-image-caption wp-caption-text\"><strong>Dr Raul C. Ribeiro<\/strong><br><small>MD Department of Oncology St. Jude Children\u2019s Research Hospital <\/small><\/figcaption>\n\t\t\t\t\t\t\t\t\t\t<\/figure>\n\t\t\t\t\t\t\t\t\t<\/div>\n\t\t\t\t<\/div>\n\t\t\t\t\t<\/div>\n\t\t<\/div>\n\t\t\t\t<div class=\"elementor-column elementor-col-25 elementor-top-column elementor-element elementor-element-8317a05\" data-id=\"8317a05\" data-element_type=\"column\" data-e-type=\"column\">\n\t\t\t<div class=\"elementor-widget-wrap elementor-element-populated\">\n\t\t\t\t\t\t<div class=\"elementor-element elementor-element-00055ab elementor-widget elementor-widget-spacer\" data-id=\"00055ab\" data-element_type=\"widget\" data-e-type=\"widget\" data-widget_type=\"spacer.default\">\n\t\t\t\t<div class=\"elementor-widget-container\">\n\t\t\t\t\t\t\t<div class=\"elementor-spacer\">\n\t\t\t<div class=\"elementor-spacer-inner\"><\/div>\n\t\t<\/div>\n\t\t\t\t\t\t<\/div>\n\t\t\t\t<\/div>\n\t\t\t\t<div class=\"elementor-element elementor-element-bc84660 elementor-widget elementor-widget-image\" data-id=\"bc84660\" data-element_type=\"widget\" data-e-type=\"widget\" data-widget_type=\"image.default\">\n\t\t\t\t<div class=\"elementor-widget-container\">\n\t\t\t\t\t\t\t\t\t\t\t\t<figure class=\"wp-caption\">\n\t\t\t\t\t\t\t\t\t\t<img loading=\"lazy\" decoding=\"async\" width=\"188\" height=\"240\" src=\"https:\/\/letscureacc.com\/wp-content\/uploads\/2024\/10\/Cristina_Ronchi.png\" class=\"attachment-large size-large wp-image-9359\" alt=\"\" \/>\t\t\t\t\t\t\t\t\t\t\t<figcaption class=\"widget-image-caption wp-caption-text\"><strong>Dr Cristina L. Ronchi <\/strong><br><small> Assaociate Professor in Endocrine Oncology and Honorary Consultant Endocrinologist - Queen Elizabeth Hospital Birmingham<br>President of ENSAT starting Jan. 2025\n<\/small><\/figcaption>\n\t\t\t\t\t\t\t\t\t\t<\/figure>\n\t\t\t\t\t\t\t\t\t<\/div>\n\t\t\t\t<\/div>\n\t\t\t\t\t<\/div>\n\t\t<\/div>\n\t\t\t\t<div class=\"elementor-column elementor-col-25 elementor-top-column elementor-element elementor-element-5bc473b\" data-id=\"5bc473b\" data-element_type=\"column\" data-e-type=\"column\">\n\t\t\t<div class=\"elementor-widget-wrap elementor-element-populated\">\n\t\t\t\t\t\t<div class=\"elementor-element elementor-element-4c175fa elementor-widget elementor-widget-spacer\" data-id=\"4c175fa\" data-element_type=\"widget\" data-e-type=\"widget\" data-widget_type=\"spacer.default\">\n\t\t\t\t<div class=\"elementor-widget-container\">\n\t\t\t\t\t\t\t<div class=\"elementor-spacer\">\n\t\t\t<div class=\"elementor-spacer-inner\"><\/div>\n\t\t<\/div>\n\t\t\t\t\t\t<\/div>\n\t\t\t\t<\/div>\n\t\t\t\t<div class=\"elementor-element elementor-element-2ea503e elementor-widget elementor-widget-image\" data-id=\"2ea503e\" data-element_type=\"widget\" data-e-type=\"widget\" data-widget_type=\"image.default\">\n\t\t\t\t<div class=\"elementor-widget-container\">\n\t\t\t\t\t\t\t\t\t\t\t\t<figure class=\"wp-caption\">\n\t\t\t\t\t\t\t\t\t\t<img loading=\"lazy\" decoding=\"async\" width=\"188\" height=\"240\" src=\"https:\/\/letscureacc.com\/wp-content\/uploads\/2024\/10\/Massimo_Terzolo.png\" class=\"attachment-large size-large wp-image-9415\" alt=\"\" \/>\t\t\t\t\t\t\t\t\t\t\t<figcaption class=\"widget-image-caption wp-caption-text\"><strong>Pr Massimo Terzolo<br><\/strong><small>Full Professor of Internal Medicine<br> Head of Division of Internal Medicine Director of Department of Clinical and Biological Sciences San Luigi Hospital<br> Orbassano University of Turin<\/small><\/figcaption>\n\t\t\t\t\t\t\t\t\t\t<\/figure>\n\t\t\t\t\t\t\t\t\t<\/div>\n\t\t\t\t<\/div>\n\t\t\t\t\t<\/div>\n\t\t<\/div>\n\t\t\t\t<div class=\"elementor-column elementor-col-25 elementor-top-column elementor-element elementor-element-304d25a\" data-id=\"304d25a\" data-element_type=\"column\" data-e-type=\"column\">\n\t\t\t<div class=\"elementor-widget-wrap\">\n\t\t\t\t\t\t\t<\/div>\n\t\t<\/div>\n\t\t\t\t\t<\/div>\n\t\t<\/section>\n\t\t\t\t<section class=\"elementor-section elementor-top-section elementor-element elementor-element-22ddd6a elementor-section-boxed elementor-section-height-default elementor-section-height-default parallax_section_no qode_elementor_container_no\" data-id=\"22ddd6a\" data-element_type=\"section\" data-e-type=\"section\">\n\t\t\t\t\t\t<div class=\"elementor-container elementor-column-gap-default\">\n\t\t\t\t\t<div class=\"elementor-column elementor-col-100 elementor-top-column elementor-element elementor-element-e265ebc\" data-id=\"e265ebc\" data-element_type=\"column\" data-e-type=\"column\">\n\t\t\t<div class=\"elementor-widget-wrap elementor-element-populated\">\n\t\t\t\t\t\t<div class=\"elementor-element elementor-element-32194ed elementor-widget elementor-widget-spacer\" data-id=\"32194ed\" data-element_type=\"widget\" data-e-type=\"widget\" data-widget_type=\"spacer.default\">\n\t\t\t\t<div class=\"elementor-widget-container\">\n\t\t\t\t\t\t\t<div class=\"elementor-spacer\">\n\t\t\t<div class=\"elementor-spacer-inner\"><\/div>\n\t\t<\/div>\n\t\t\t\t\t\t<\/div>\n\t\t\t\t<\/div>\n\t\t\t\t\t<\/div>\n\t\t<\/div>\n\t\t\t\t\t<\/div>\n\t\t<\/section>\n\t\t\t\t<\/div>\n\t\t","protected":false},"excerpt":{"rendered":"<p>Let&#8217;s Cure ACC presents its Medical Adv&#8230;<\/p>\n","protected":false},"author":416,"featured_media":0,"parent":0,"menu_order":0,"comment_status":"closed","ping_status":"closed","template":"full_width.php","meta":{"give_campaign_id":0,"inline_featured_image":false,"footnotes":""},"class_list":["post-9550","page","type-page","status-publish","hentry"],"campaignId":"","_links":{"self":[{"href":"https:\/\/letscureacc.com\/ja\/wp-json\/wp\/v2\/pages\/9550","targetHints":{"allow":["GET"]}}],"collection":[{"href":"https:\/\/letscureacc.com\/ja\/wp-json\/wp\/v2\/pages"}],"about":[{"href":"https:\/\/letscureacc.com\/ja\/wp-json\/wp\/v2\/types\/page"}],"author":[{"embeddable":true,"href":"https:\/\/letscureacc.com\/ja\/wp-json\/wp\/v2\/users\/416"}],"replies":[{"embeddable":true,"href":"https:\/\/letscureacc.com\/ja\/wp-json\/wp\/v2\/comments?post=9550"}],"version-history":[{"count":0,"href":"https:\/\/letscureacc.com\/ja\/wp-json\/wp\/v2\/pages\/9550\/revisions"}],"wp:attachment":[{"href":"https:\/\/letscureacc.com\/ja\/wp-json\/wp\/v2\/media?parent=9550"}],"curies":[{"name":"wp","href":"https:\/\/api.w.org\/{rel}","templated":true}]}}