{"id":9718,"date":"2025-06-30T14:27:05","date_gmt":"2025-06-30T12:27:05","guid":{"rendered":"https:\/\/letscureacc.com\/wylaczenia\/"},"modified":"2025-06-30T15:47:05","modified_gmt":"2025-06-30T13:47:05","slug":"wylaczenia","status":"publish","type":"page","link":"https:\/\/letscureacc.com\/pl\/wylaczenia\/","title":{"rendered":"Wy\u0142\u0105czenia"},"content":{"rendered":"\t\t<div data-elementor-type=\"wp-page\" data-elementor-id=\"9718\" class=\"elementor elementor-9718 elementor-2255\">\n\t\t\t\t\t\t<section class=\"elementor-section elementor-top-section elementor-element elementor-element-7b36cf9 elementor-section-boxed elementor-section-height-default elementor-section-height-default parallax_section_no qode_elementor_container_no\" data-id=\"7b36cf9\" data-element_type=\"section\" data-e-type=\"section\">\n\t\t\t\t\t\t<div class=\"elementor-container elementor-column-gap-default\">\n\t\t\t\t\t<div class=\"elementor-column elementor-col-100 elementor-top-column elementor-element elementor-element-9492b56\" data-id=\"9492b56\" data-element_type=\"column\" data-e-type=\"column\">\n\t\t\t<div class=\"elementor-widget-wrap elementor-element-populated\">\n\t\t\t\t\t\t<section class=\"elementor-section elementor-inner-section elementor-element elementor-element-ab0ade8 elementor-section-boxed elementor-section-height-default elementor-section-height-default parallax_section_no qode_elementor_container_no\" data-id=\"ab0ade8\" data-element_type=\"section\" data-e-type=\"section\">\n\t\t\t\t\t\t<div class=\"elementor-container elementor-column-gap-default\">\n\t\t\t\t\t<div class=\"elementor-column elementor-col-100 elementor-inner-column elementor-element elementor-element-943c94a\" data-id=\"943c94a\" data-element_type=\"column\" data-e-type=\"column\">\n\t\t\t<div class=\"elementor-widget-wrap elementor-element-populated\">\n\t\t\t\t\t\t<div class=\"elementor-element elementor-element-a3f6b8b elementor-widget elementor-widget-text-editor\" data-id=\"a3f6b8b\" data-element_type=\"widget\" data-e-type=\"widget\" data-widget_type=\"text-editor.default\">\n\t\t\t\t<div class=\"elementor-widget-container\">\n\t\t\t\t\t\t\t\t\t<h2 style=\"text-align: center;\">Wy\u0142\u0105czenia<\/h2>\n<p><span style=\"font-weight: 400;\">Let\u2019s Cure ACC nie zajmuje si\u0119 praktyk\u0105 medyczn\u0105, nie jest autorytetem medycznym i nie ro\u015bci sobie praw do posiadania wiedzy medycznej.\u00a0<\/span><\/p>\n<p><span style=\"font-weight: 400;\">Let&#8217;s Cure ACC nie ma na celu leczenia, diagnozowania ani zast\u0119powania porady medycznej. Zasi\u0119gnij porady swojego lekarza lub innego fachowego personelu medycznego w sprawie swojego stanu zdrowia, leczenia lub stosowanych lek\u00f3w.<\/span><\/p>\n\t\t\t\t\t\t\t\t<\/div>\n\t\t\t\t<\/div>\n\t\t\t\t\t<\/div>\n\t\t<\/div>\n\t\t\t\t\t<\/div>\n\t\t<\/section>\n\t\t\t\t\t<\/div>\n\t\t<\/div>\n\t\t\t\t\t<\/div>\n\t\t<\/section>\n\t\t\t\t<\/div>\n\t\t","protected":false},"excerpt":{"rendered":"<p>Wy\u0142\u0105czenia Let\u2019s Cure ACC nie zajmuje si\u0119 praktyk\u0105 medyczn\u0105, nie jest autorytetem medycznym i nie ro\u015bci sobie praw do posiadania wiedzy medycznej.\u00a0 Let&#8217;s Cure ACC nie ma na celu leczenia, diagnozowania ani zast\u0119powania porady medycznej. Zasi\u0119gnij porady swojego lekarza lub innego fachowego personelu medycznego w&#8230;<\/p>\n","protected":false},"author":416,"featured_media":0,"parent":0,"menu_order":0,"comment_status":"closed","ping_status":"closed","template":"","meta":{"give_campaign_id":0,"inline_featured_image":false,"footnotes":""},"class_list":["post-9718","page","type-page","status-publish","hentry"],"campaignId":"","_links":{"self":[{"href":"https:\/\/letscureacc.com\/pl\/wp-json\/wp\/v2\/pages\/9718","targetHints":{"allow":["GET"]}}],"collection":[{"href":"https:\/\/letscureacc.com\/pl\/wp-json\/wp\/v2\/pages"}],"about":[{"href":"https:\/\/letscureacc.com\/pl\/wp-json\/wp\/v2\/types\/page"}],"author":[{"embeddable":true,"href":"https:\/\/letscureacc.com\/pl\/wp-json\/wp\/v2\/users\/416"}],"replies":[{"embeddable":true,"href":"https:\/\/letscureacc.com\/pl\/wp-json\/wp\/v2\/comments?post=9718"}],"version-history":[{"count":0,"href":"https:\/\/letscureacc.com\/pl\/wp-json\/wp\/v2\/pages\/9718\/revisions"}],"wp:attachment":[{"href":"https:\/\/letscureacc.com\/pl\/wp-json\/wp\/v2\/media?parent=9718"}],"curies":[{"name":"wp","href":"https:\/\/api.w.org\/{rel}","templated":true}]}}