{"id":10134,"date":"2026-01-15T12:48:14","date_gmt":"2026-01-15T11:48:14","guid":{"rendered":"https:\/\/letscureacc.com\/sair\/"},"modified":"2026-01-15T12:48:19","modified_gmt":"2026-01-15T11:48:19","slug":"sair","status":"publish","type":"page","link":"https:\/\/letscureacc.com\/pt-pt\/sair\/","title":{"rendered":"Sair"},"content":{"rendered":"\t\t<div data-elementor-type=\"wp-page\" data-elementor-id=\"10134\" class=\"elementor elementor-10134 elementor-9917\">\n\t\t\t\t\t\t<section class=\"elementor-section elementor-top-section elementor-element elementor-element-76fe639 elementor-section-boxed elementor-section-height-default elementor-section-height-default parallax_section_no qode_elementor_container_no\" data-id=\"76fe639\" data-element_type=\"section\" data-e-type=\"section\">\n\t\t\t\t\t\t<div class=\"elementor-container elementor-column-gap-default\">\n\t\t\t\t\t<div class=\"elementor-column elementor-col-100 elementor-top-column elementor-element elementor-element-2d0218a\" data-id=\"2d0218a\" data-element_type=\"column\" data-e-type=\"column\">\n\t\t\t<div class=\"elementor-widget-wrap elementor-element-populated\">\n\t\t\t\t\t\t<div class=\"elementor-element elementor-element-35f5f32 elementor-widget elementor-widget-text-editor\" data-id=\"35f5f32\" data-element_type=\"widget\" data-e-type=\"widget\" data-widget_type=\"text-editor.default\">\n\t\t\t\t<div class=\"elementor-widget-container\">\n\t\t\t\t\t\t\t\t\t<p><span style=\"font-weight: 400;\">Estamos cientes dos altos custos que esta doen\u00e7a acarreta, e \u00e9 por isso que mantemos nossa contribui\u00e7\u00e3o de associa\u00e7\u00e3o simb\u00f3lica. Sugerimos e <\/span><b>e apreciamos profundamente uma doa\u00e7\u00e3o de \u20ac 20<\/b><span style=\"font-weight: 400;\">, as voc\u00ea \u00e9 livre para doar o valor que achar adequado &#8211; seja mais ou menos. Cada contribui\u00e7\u00e3o faz a diferen\u00e7a, seja voc\u00ea paciente, cuidador, familiar, amigo ou profissional de sa\u00fade.<\/span><\/p><p><span style=\"font-weight: 400;\">Escolha o valor que deseja doar \u2013<\/span><b> sugerimos \u20ac 20, mas qualquer contribui\u00e7\u00e3o \u00e9 bem-vinda<\/b><span style=\"font-weight: 400;\">. Voc\u00ea ser\u00e1 redirecionado ao site seguro do PayPal para concluir o pagamento. N\u00e3o h\u00e1 renova\u00e7\u00e3o autom\u00e1tica das taxas de associa\u00e7\u00e3o.<\/span><\/p>\t\t\t\t\t\t\t\t<\/div>\n\t\t\t\t<\/div>\n\t\t\t\t\t<\/div>\n\t\t<\/div>\n\t\t\t\t\t<\/div>\n\t\t<\/section>\n\t\t\t\t<section class=\"elementor-section elementor-top-section elementor-element elementor-element-b239d0c elementor-section-boxed elementor-section-height-default elementor-section-height-default parallax_section_no qode_elementor_container_no\" data-id=\"b239d0c\" data-element_type=\"section\" data-e-type=\"section\">\n\t\t\t\t\t\t<div class=\"elementor-container elementor-column-gap-default\">\n\t\t\t\t\t<div class=\"elementor-column elementor-col-100 elementor-top-column elementor-element elementor-element-f90b73d\" data-id=\"f90b73d\" data-element_type=\"column\" data-e-type=\"column\">\n\t\t\t<div class=\"elementor-widget-wrap elementor-element-populated\">\n\t\t\t\t\t\t<div class=\"elementor-element elementor-element-3bb3a78 elementor-widget elementor-widget-shortcode\" data-id=\"3bb3a78\" data-element_type=\"widget\" data-e-type=\"widget\" id=\"donaitionForm\" data-widget_type=\"shortcode.default\">\n\t\t\t\t<div class=\"elementor-widget-container\">\n\t\t\t\t\t\t\t<div class=\"elementor-shortcode\"><div class='root-data-givewp-embed' data-form-locale='pt_PT' data-form-url='https:\/\/letscureacc.com\/?post_type=give_forms&#038;p=9915' data-form-view-url='https:\/\/letscureacc.com\/pt-pt\/?givewp-route=donation-form-view&form-id=9915' data-src='https:\/\/letscureacc.com\/pt-pt\/?givewp-route=donation-form-view&form-id=9915' data-givewp-embed-id='give-form-shortcode-1' data-form-format='' data-open-form-button='Donate now' style='--givewp-primary-color: #27ae60; --givewp-secondary-color: #9b51e0;'><\/div><\/div>\n\t\t\t\t\t\t<\/div>\n\t\t\t\t<\/div>\n\t\t\t\t\t<\/div>\n\t\t<\/div>\n\t\t\t\t\t<\/div>\n\t\t<\/section>\n\t\t\t\t<\/div>\n\t\t","protected":false},"excerpt":{"rendered":"<p>Estamos cientes dos altos custos que esta doen\u00e7a acarreta, e \u00e9 por isso que mantemos nossa contribui\u00e7\u00e3o de associa\u00e7\u00e3o simb\u00f3lica. Sugerimos e e apreciamos profundamente uma doa\u00e7\u00e3o de \u20ac 20, as voc\u00ea \u00e9 livre para doar o valor que achar adequado &#8211; seja mais ou&#8230;<\/p>\n","protected":false},"author":507,"featured_media":0,"parent":0,"menu_order":0,"comment_status":"closed","ping_status":"closed","template":"","meta":{"give_campaign_id":0,"inline_featured_image":false,"footnotes":""},"class_list":["post-10134","page","type-page","status-publish","hentry"],"campaignId":"","_links":{"self":[{"href":"https:\/\/letscureacc.com\/pt-pt\/wp-json\/wp\/v2\/pages\/10134","targetHints":{"allow":["GET"]}}],"collection":[{"href":"https:\/\/letscureacc.com\/pt-pt\/wp-json\/wp\/v2\/pages"}],"about":[{"href":"https:\/\/letscureacc.com\/pt-pt\/wp-json\/wp\/v2\/types\/page"}],"author":[{"embeddable":true,"href":"https:\/\/letscureacc.com\/pt-pt\/wp-json\/wp\/v2\/users\/507"}],"replies":[{"embeddable":true,"href":"https:\/\/letscureacc.com\/pt-pt\/wp-json\/wp\/v2\/comments?post=10134"}],"version-history":[{"count":3,"href":"https:\/\/letscureacc.com\/pt-pt\/wp-json\/wp\/v2\/pages\/10134\/revisions"}],"predecessor-version":[{"id":10137,"href":"https:\/\/letscureacc.com\/pt-pt\/wp-json\/wp\/v2\/pages\/10134\/revisions\/10137"}],"wp:attachment":[{"href":"https:\/\/letscureacc.com\/pt-pt\/wp-json\/wp\/v2\/media?parent=10134"}],"curies":[{"name":"wp","href":"https:\/\/api.w.org\/{rel}","templated":true}]}}