{"id":7152,"date":"2022-06-07T12:15:32","date_gmt":"2022-06-07T10:15:32","guid":{"rendered":"https:\/\/letscureacc.com\/?page_id=7152"},"modified":"2022-06-29T12:17:09","modified_gmt":"2022-06-29T10:17:09","slug":"sobre-nos","status":"publish","type":"page","link":"https:\/\/letscureacc.com\/pt-pt\/sobre-nos\/","title":{"rendered":"Sobre n\u00f3s"},"content":{"rendered":"\t\t<div data-elementor-type=\"wp-page\" data-elementor-id=\"7152\" class=\"elementor elementor-7152 elementor-1602\">\n\t\t\t\t\t\t<section class=\"elementor-section elementor-top-section elementor-element elementor-element-2f84ef40 elementor-section-full_width elementor-section-height-default elementor-section-height-default parallax_section_no qode_elementor_container_no\" data-id=\"2f84ef40\" data-element_type=\"section\" data-e-type=\"section\" data-settings=\"{&quot;background_background&quot;:&quot;classic&quot;}\">\n\t\t\t\t\t\t<div class=\"elementor-container elementor-column-gap-default\">\n\t\t\t\t\t<div class=\"elementor-column elementor-col-100 elementor-top-column elementor-element elementor-element-55596fa4\" data-id=\"55596fa4\" data-element_type=\"column\" data-e-type=\"column\">\n\t\t\t<div class=\"elementor-widget-wrap elementor-element-populated\">\n\t\t\t\t\t\t<section class=\"elementor-section elementor-inner-section elementor-element elementor-element-29ecc4a elementor-section-boxed elementor-section-height-default elementor-section-height-default parallax_section_no qode_elementor_container_no\" data-id=\"29ecc4a\" data-element_type=\"section\" data-e-type=\"section\">\n\t\t\t\t\t\t<div class=\"elementor-container elementor-column-gap-default\">\n\t\t\t\t\t<div class=\"elementor-column elementor-col-100 elementor-inner-column elementor-element elementor-element-3037675\" data-id=\"3037675\" data-element_type=\"column\" data-e-type=\"column\">\n\t\t\t<div class=\"elementor-widget-wrap elementor-element-populated\">\n\t\t\t\t\t\t<div class=\"elementor-element elementor-element-a955285 elementor-widget elementor-widget-heading\" data-id=\"a955285\" data-element_type=\"widget\" data-e-type=\"widget\" data-widget_type=\"heading.default\">\n\t\t\t\t<div class=\"elementor-widget-container\">\n\t\t\t\t\t<h2 class=\"elementor-heading-title elementor-size-default\">UM C\u00c2NCER RARO, EM TODO O MUNDO QUE PRECISA DE UMA COMUNIDADE INTERNACIONAL UNIDA,<\/h2>\t\t\t\t<\/div>\n\t\t\t\t<\/div>\n\t\t\t\t<div class=\"elementor-element elementor-element-180ecef elementor-widget elementor-widget-spacer\" data-id=\"180ecef\" data-element_type=\"widget\" data-e-type=\"widget\" data-widget_type=\"spacer.default\">\n\t\t\t\t<div class=\"elementor-widget-container\">\n\t\t\t\t\t\t\t<div class=\"elementor-spacer\">\n\t\t\t<div class=\"elementor-spacer-inner\"><\/div>\n\t\t<\/div>\n\t\t\t\t\t\t<\/div>\n\t\t\t\t<\/div>\n\t\t\t\t\t<\/div>\n\t\t<\/div>\n\t\t\t\t\t<\/div>\n\t\t<\/section>\n\t\t\t\t<section class=\"elementor-section elementor-inner-section elementor-element elementor-element-da1aa8c elementor-section-boxed elementor-section-height-default elementor-section-height-default parallax_section_no qode_elementor_container_no\" data-id=\"da1aa8c\" data-element_type=\"section\" data-e-type=\"section\">\n\t\t\t\t\t\t<div class=\"elementor-container elementor-column-gap-extended\">\n\t\t\t\t\t<div class=\"elementor-column elementor-col-50 elementor-inner-column elementor-element elementor-element-4578347\" data-id=\"4578347\" data-element_type=\"column\" data-e-type=\"column\">\n\t\t\t<div class=\"elementor-widget-wrap elementor-element-populated\">\n\t\t\t\t\t\t<div class=\"elementor-element elementor-element-c72df8a elementor-widget elementor-widget-text-editor\" data-id=\"c72df8a\" data-element_type=\"widget\" data-e-type=\"widget\" data-widget_type=\"text-editor.default\">\n\t\t\t\t<div class=\"elementor-widget-container\">\n\t\t\t\t\t\t\t\t\t<p>&#8220;<strong>Voc\u00ea \u00e9 uma pessoa \u00daNICA, pois o C\u00e2ncer Adrenocortical atinge apenas 1 pessoa num milh\u00e3o por ano, por isso ser considerada uma \u00abdoen\u00e7a \u00f3rf\u00e3\u00bb&#8221;:<\/strong> cada paciente, lidando com Carcinoma do C\u00f3rtex Adrenal (CCA ou ACC) j\u00e1 ouviu falar de um desses termos pelo menos uma vez na vida!<\/p><p>ACC \u00e9 um c\u00e2ncer raro. As primeiras palavras que aparecem em qualquer pesquisa, n\u00e3o s\u00e3o muito tranquilizadoras, as mais frequentes seriam &#8221; raro&#8221;, &#8220;agressivo&#8221; com &#8220;mau progn\u00f3stico&#8221;.<\/p><p>Dito isto, n\u00e3o significa que temos de ficar a assistir passivamente \u00e0 doen\u00e7a tomar conta, evoluir ou piorar. Qualquer que seja o estado de sua doen\u00e7a, tem de lutar e caso queira conversar e partilhar, <strong>este website est\u00e1 aqui para lhe dar as ferramentas de que voc\u00ea precisa.<\/strong> N\u00e3o temos todas as respostas e n\u00e3o somos um substituto dos seus m\u00e9dicos, mas podemos ajud\u00e1-lo com certas perguntas e, mais importante ainda, <strong>dar-lhe as informa\u00e7\u00f5es para se tornar o seu pr\u00f3prio defensor!<\/strong><\/p><p>Nalguns casos, at\u00e9 podemos ser o \u00fanico caso no nosso pr\u00f3prio pa\u00eds, raz\u00e3o pela qual \u00e9 t\u00e3o importante criar <strong>uma rede internacional para encontrar mais informa\u00e7\u00f5es e suporte.<\/strong> A falta de informa\u00e7\u00e3o e de especialistas que saibam do assunto cria de facto muito mais ansiedade do que era desej\u00e1vel, deixando muitas perguntas em aberto sobre os seus cuidados, o seu futuro, a sua qualidade de vida, o seu resultado ou como lidar com o diagn\u00f3stico (a curto ou longo prazo). Foi por isso que criamos esta associa\u00e7\u00e3o, para que voc\u00ea possa conseguir e encontrar pessoas na mesma situa\u00e7\u00e3o, com exatamente as mesmas perguntas. Queremos que voc\u00ea saiba que n\u00e3o est\u00e1 sozinho e que voc\u00ea, tamb\u00e9m, pode ter um grupo de apoio.<\/p>\t\t\t\t\t\t\t\t<\/div>\n\t\t\t\t<\/div>\n\t\t\t\t<div class=\"elementor-element elementor-element-8e0a1a5 elementor-widget elementor-widget-text-editor\" data-id=\"8e0a1a5\" data-element_type=\"widget\" data-e-type=\"widget\" data-widget_type=\"text-editor.default\">\n\t\t\t\t<div class=\"elementor-widget-container\">\n\t\t\t\t\t\t\t\t\t<h2>&#8220;VOC\u00ca \u00c9 UMA PESSOA \u00daNICA, POIS O CARCINOMA DO C\u00d3RTEX ADRENAL ATINGE APENAS 1 PESSOA NUM MILH\u00c3O POR ANO, POR ISSO SER CONSIDERADA UMA \u00abDOEN\u00c7A \u00d3RF\u00c3\u00bb &#8220;.<\/h2>\t\t\t\t\t\t\t\t<\/div>\n\t\t\t\t<\/div>\n\t\t\t\t\t<\/div>\n\t\t<\/div>\n\t\t\t\t<div class=\"elementor-column elementor-col-50 elementor-inner-column elementor-element elementor-element-916ce81\" data-id=\"916ce81\" data-element_type=\"column\" data-e-type=\"column\">\n\t\t\t<div class=\"elementor-widget-wrap elementor-element-populated\">\n\t\t\t\t\t\t<div class=\"elementor-element elementor-element-157c0ee elementor-widget elementor-widget-text-editor\" data-id=\"157c0ee\" data-element_type=\"widget\" data-e-type=\"widget\" data-widget_type=\"text-editor.default\">\n\t\t\t\t<div class=\"elementor-widget-container\">\n\t\t\t\t\t\t\t\t\t<h4 style=\"text-align: center;\">ESTE SITE DEVE SER UMA FERRAMENTA PARA OS PACIENTES E CUIDADORES:<\/h4>\n<ul>\n \t<li>Encontre informa\u00e7\u00f5es sobre a doen\u00e7a,<\/li>\n \t<li>Encontre outros pacientes em todo o mundo, fa\u00e7a perguntas e pe\u00e7a dicas&#8230; Mais importante ainda, encontre respostas!<\/li>\n \t<li>Conhe\u00e7a os especialistas m\u00e9dicos mais pr\u00f3ximos de voc\u00eas, com indica\u00e7\u00e3o dos seus contactos.<\/li>\n \t<li>No futuro, pretendemos ajudar os m\u00e9dicos a alcan\u00e7ar um conjunto maior de estudos para fins m\u00e9dicos, com o objetivo de encontrar um melhor tratamento para nosso c\u00e2ncer raro.<\/li>\n<\/ul>\n<div><\/div>\t\t\t\t\t\t\t\t<\/div>\n\t\t\t\t<\/div>\n\t\t\t\t<div class=\"elementor-element elementor-element-0119b7a elementor-widget elementor-widget-text-editor\" data-id=\"0119b7a\" data-element_type=\"widget\" data-e-type=\"widget\" data-widget_type=\"text-editor.default\">\n\t\t\t\t<div class=\"elementor-widget-container\">\n\t\t\t\t\t\t\t\t\t<p><strong>Por favor, lembre-se que n\u00e3o somos m\u00e9dicos e s\u00f3 tentaremos oferecer-lhe informa\u00e7\u00f5es e dados relevantes.<\/strong><\/p><p>Procure aconselhamento de seu m\u00e9dico ou de profissional de sa\u00fade qualificado, a respeito de sua sa\u00fade e condi\u00e7\u00e3o.<\/p><p>Al\u00e9m disso, de um pa\u00eds para outro, os m\u00e9dicos especialistas n\u00e3o lidam com tratamentos da mesma maneira, portanto, consulte sempre um m\u00e9dico especialista (alguns est\u00e3o listados na parte dos membros do site (<a href=\"https:\/\/lcacc.wpengine.com\/livro-de-enderecos\/?lang=pt-pt\">ver base de dados<\/a>) com todos os detalhes para os contactar).<\/p><p><em><strong>Let&#8217;s Cure ACC<\/strong><\/em> acabou de ser criado. Estamos aguardando a lista de mais especialistas no futuro, logo que tivermos a aprova\u00e7\u00e3o deles.<\/p><p>Por favor, n\u00e3o hesite em compartilhar em privado conosco atrav\u00e9s de nosso formul\u00e1rio com o nome e o contato de seu pr\u00f3prio m\u00e9dico para nos ajudar a criar a melhor lista de contatos poss\u00edvel. Entraremos em contato com eles para perguntar se eles querem ser inclu\u00eddos na lista.<\/p><p>O que permanece uma constante, onde quer que voc\u00ea viva, \u00e9 o tipo de perguntas que voc\u00ea deve fazer, incluindo o que lhe pode ser fornecido e ao que voc\u00ea tem direito, como por exemplo apoio psicol\u00f3gico e ajuda financeira. Este site existe para o\/a ajudar a estar o mais informado\/a poss\u00edvel sobre todos estes t\u00f3picos para que possa ser o seu pr\u00f3prio defensor (a melhor vers\u00e3o de voc\u00ea&#8230;. que voc\u00ea pode ser!).<\/p>\t\t\t\t\t\t\t\t<\/div>\n\t\t\t\t<\/div>\n\t\t\t\t\t<\/div>\n\t\t<\/div>\n\t\t\t\t\t<\/div>\n\t\t<\/section>\n\t\t\t\t\t<\/div>\n\t\t<\/div>\n\t\t\t\t\t<\/div>\n\t\t<\/section>\n\t\t\t\t<\/div>\n\t\t","protected":false},"excerpt":{"rendered":"<p>UM C\u00c2NCER RARO, EM TODO O MUNDO QUE PRECISA DE UMA COMUNIDADE INTERNACIONAL UNIDA, &#8220;Voc\u00ea \u00e9 uma pessoa \u00daNICA, pois o C\u00e2ncer Adrenocortical atinge apenas 1 pessoa num milh\u00e3o por ano, por isso ser considerada uma \u00abdoen\u00e7a \u00f3rf\u00e3\u00bb&#8221;: cada paciente, lidando com Carcinoma do C\u00f3rtex&#8230;<\/p>\n","protected":false},"author":416,"featured_media":0,"parent":0,"menu_order":0,"comment_status":"closed","ping_status":"closed","template":"full_width.php","meta":{"give_campaign_id":0,"inline_featured_image":false,"footnotes":""},"class_list":["post-7152","page","type-page","status-publish","hentry"],"campaignId":"","_links":{"self":[{"href":"https:\/\/letscureacc.com\/pt-pt\/wp-json\/wp\/v2\/pages\/7152","targetHints":{"allow":["GET"]}}],"collection":[{"href":"https:\/\/letscureacc.com\/pt-pt\/wp-json\/wp\/v2\/pages"}],"about":[{"href":"https:\/\/letscureacc.com\/pt-pt\/wp-json\/wp\/v2\/types\/page"}],"author":[{"embeddable":true,"href":"https:\/\/letscureacc.com\/pt-pt\/wp-json\/wp\/v2\/users\/416"}],"replies":[{"embeddable":true,"href":"https:\/\/letscureacc.com\/pt-pt\/wp-json\/wp\/v2\/comments?post=7152"}],"version-history":[{"count":0,"href":"https:\/\/letscureacc.com\/pt-pt\/wp-json\/wp\/v2\/pages\/7152\/revisions"}],"wp:attachment":[{"href":"https:\/\/letscureacc.com\/pt-pt\/wp-json\/wp\/v2\/media?parent=7152"}],"curies":[{"name":"wp","href":"https:\/\/api.w.org\/{rel}","templated":true}]}}