{"id":7160,"date":"2022-06-07T12:22:23","date_gmt":"2022-06-07T10:22:23","guid":{"rendered":"https:\/\/letscureacc.com\/?page_id=7160"},"modified":"2025-02-05T14:16:05","modified_gmt":"2025-02-05T13:16:05","slug":"a-sua-nova-vida","status":"publish","type":"page","link":"https:\/\/letscureacc.com\/pt-pt\/a-sua-nova-vida\/","title":{"rendered":"A sua nova vida"},"content":{"rendered":"\t\t<div data-elementor-type=\"wp-page\" data-elementor-id=\"7160\" class=\"elementor elementor-7160 elementor-665\">\n\t\t\t\t\t\t<section class=\"elementor-section elementor-top-section elementor-element elementor-element-2c4fe74 elementor-section-boxed elementor-section-height-default elementor-section-height-default parallax_section_no qode_elementor_container_no\" data-id=\"2c4fe74\" data-element_type=\"section\" data-e-type=\"section\">\n\t\t\t\t\t\t<div class=\"elementor-container elementor-column-gap-default\">\n\t\t\t\t\t<div class=\"elementor-column elementor-col-100 elementor-top-column elementor-element elementor-element-82bfca8\" data-id=\"82bfca8\" data-element_type=\"column\" data-e-type=\"column\">\n\t\t\t<div class=\"elementor-widget-wrap elementor-element-populated\">\n\t\t\t\t\t\t<section class=\"elementor-section elementor-inner-section elementor-element elementor-element-9662267 elementor-section-boxed elementor-section-height-default elementor-section-height-default parallax_section_no qode_elementor_container_no\" data-id=\"9662267\" data-element_type=\"section\" data-e-type=\"section\">\n\t\t\t\t\t\t<div class=\"elementor-container elementor-column-gap-default\">\n\t\t\t\t\t<div class=\"elementor-column elementor-col-100 elementor-inner-column elementor-element elementor-element-765a5b2\" data-id=\"765a5b2\" data-element_type=\"column\" data-e-type=\"column\">\n\t\t\t<div class=\"elementor-widget-wrap elementor-element-populated\">\n\t\t\t\t\t\t<div class=\"elementor-element elementor-element-84a28f5 elementor-widget elementor-widget-text-editor\" data-id=\"84a28f5\" data-element_type=\"widget\" data-e-type=\"widget\" data-widget_type=\"text-editor.default\">\n\t\t\t\t<div class=\"elementor-widget-container\">\n\t\t\t\t\t\t\t\t\t<h2 style=\"text-align: center;\">VOC\u00ca COME\u00c7AR\u00c1 UMA NOVA VIDA<\/h2><p style=\"text-align: center;\">N\u00e3o por ser necessariamente mau, mas vai com certeza precisar de adaptar o seu modo de vida anterior.<br \/><strong>Aqui est\u00e3o algumas &#8220;dicas&#8221;.<\/strong><\/p>\t\t\t\t\t\t\t\t<\/div>\n\t\t\t\t<\/div>\n\t\t\t\t\t<\/div>\n\t\t<\/div>\n\t\t\t\t\t<\/div>\n\t\t<\/section>\n\t\t\t\t\t<\/div>\n\t\t<\/div>\n\t\t\t\t\t<\/div>\n\t\t<\/section>\n\t\t\t\t<section class=\"elementor-section elementor-top-section elementor-element elementor-element-e5b8ec7 qode_elementor_container_inner elementor-section-boxed elementor-section-height-default elementor-section-height-default parallax_section_no\" data-id=\"e5b8ec7\" data-element_type=\"section\" data-e-type=\"section\" data-settings=\"{&quot;background_background&quot;:&quot;classic&quot;}\">\n\t\t\t\t\t\t<div class=\"elementor-container elementor-column-gap-default\">\n\t\t\t\t\t<div class=\"elementor-column elementor-col-100 elementor-top-column elementor-element elementor-element-164ae4e\" data-id=\"164ae4e\" data-element_type=\"column\" data-e-type=\"column\">\n\t\t\t<div class=\"elementor-widget-wrap elementor-element-populated\">\n\t\t\t\t\t\t<div class=\"elementor-element elementor-element-1cf9df6 elementor-widget elementor-widget-text-editor\" data-id=\"1cf9df6\" data-element_type=\"widget\" data-e-type=\"widget\" data-widget_type=\"text-editor.default\">\n\t\t\t\t<div class=\"elementor-widget-container\">\n\t\t\t\t\t\t\t\t\t<h3>1. EQUIPE M\u00c9DICA ESPECIALIZADA<\/h3><p>Esta \u00e9 uma doen\u00e7a rara e \u00f3rf\u00e3,<strong> vai portanto precisar de uma equipe de especialistas m\u00e9dicos &#8211;<\/strong> incluindo principalmente um endocrinologista, um oncologista, um cirurgi\u00e3o, talvez um nutricionista, um radiologista &#8211; que ser\u00e3o capazes de se comunicar juntos, como uma voz un\u00e2nime, sobre seus resultados m\u00e9dicos no futuro.<\/p>\t\t\t\t\t\t\t\t<\/div>\n\t\t\t\t<\/div>\n\t\t\t\t\t<\/div>\n\t\t<\/div>\n\t\t\t\t\t<\/div>\n\t\t<\/section>\n\t\t\t\t<section class=\"elementor-section elementor-top-section elementor-element elementor-element-b502264 qode_elementor_container_inner elementor-section-boxed elementor-section-height-default elementor-section-height-default parallax_section_no\" data-id=\"b502264\" data-element_type=\"section\" data-e-type=\"section\" data-settings=\"{&quot;background_background&quot;:&quot;classic&quot;}\">\n\t\t\t\t\t\t<div class=\"elementor-container elementor-column-gap-default\">\n\t\t\t\t\t<div class=\"elementor-column elementor-col-100 elementor-top-column elementor-element elementor-element-db83c3c\" data-id=\"db83c3c\" data-element_type=\"column\" data-e-type=\"column\">\n\t\t\t<div class=\"elementor-widget-wrap elementor-element-populated\">\n\t\t\t\t\t\t<div class=\"elementor-element elementor-element-1c001ce elementor-widget elementor-widget-text-editor\" data-id=\"1c001ce\" data-element_type=\"widget\" data-e-type=\"widget\" data-widget_type=\"text-editor.default\">\n\t\t\t\t<div class=\"elementor-widget-container\">\n\t\t\t\t\t\t\t\t\t<h3>2. SEGUNDA OPINI\u00c3O<\/h3><p>Mais uma vez, esta \u00e9 uma doen\u00e7a rara e \u00f3rf\u00e3, ent\u00e3o \u00e9 melhor estar seguro do que arrependido! E uma segunda opini\u00e3o pode sempre ajudar, quer presencialmente, quer \u00e0 dist\u00e2ncia. A sua equipe m\u00e9dica tamb\u00e9m a poderia pedir.<\/p><p>Se voc\u00ea estiver preocupado, e precisar de uma segunda opini\u00e3o remota, aqui est\u00e1 um <a href=\"https:\/\/lcacc.wpengine.com\/contate-nos\/?lang=pt-pt\">formulario<\/a> onde voc\u00ea pode solicitar um, especificando seu pa\u00eds e, se poss\u00edvel, sua cidade.<\/p>\t\t\t\t\t\t\t\t<\/div>\n\t\t\t\t<\/div>\n\t\t\t\t\t<\/div>\n\t\t<\/div>\n\t\t\t\t\t<\/div>\n\t\t<\/section>\n\t\t\t\t<section class=\"elementor-section elementor-top-section elementor-element elementor-element-e155980 qode_elementor_container_inner elementor-section-boxed elementor-section-height-default elementor-section-height-default parallax_section_no\" data-id=\"e155980\" data-element_type=\"section\" data-e-type=\"section\" data-settings=\"{&quot;background_background&quot;:&quot;classic&quot;}\">\n\t\t\t\t\t\t<div class=\"elementor-container elementor-column-gap-default\">\n\t\t\t\t\t<div class=\"elementor-column elementor-col-100 elementor-top-column elementor-element elementor-element-c9bb8af\" data-id=\"c9bb8af\" data-element_type=\"column\" data-e-type=\"column\">\n\t\t\t<div class=\"elementor-widget-wrap elementor-element-populated\">\n\t\t\t\t\t\t<div class=\"elementor-element elementor-element-1901b26 elementor-widget elementor-widget-text-editor\" data-id=\"1901b26\" data-element_type=\"widget\" data-e-type=\"widget\" data-widget_type=\"text-editor.default\">\n\t\t\t\t<div class=\"elementor-widget-container\">\n\t\t\t\t\t\t\t\t\t<h3>3. MEDICAMENTOS SEMPRE CONSIGO<\/h3><p>Ap\u00f3s a cirurgia para remover a <a href=\"https:\/\/lcacc.wpengine.com\/glossary\/glandula-adrenal-ou-suprarrenal\/?lang=pt-pt\">gl\u00e2ndula adrenal<\/a> (ainda mais se for uma dupla adrenalectomia) &#8211; e no caso de tomar Lysodren como inibidor do funcionamento da gl\u00e2ndula adrenal restante, pode estar sujeito a <a href=\"https:\/\/lcacc.wpengine.com\/glossary\/doenca-de-addison-ou-insuficiencia-da-adrenal\/?lang=pt-pt\">insufici\u00eancia adrenal (<\/a><a href=\"https:\/\/www.youtube.com\/watch?v=hlSbGaLNgDU\">YouTube video<\/a><a href=\"https:\/\/lcacc.wpengine.com\/glossary\/doenca-de-addison-ou-insuficiencia-da-adrenal\/?lang=pt-pt\">). <\/a>Isto pode causar v\u00f4mitos, desmaios ou at\u00e9 mesmo a morte, devendo <strong>portanto ter os seus medicamentos sempre consigo<\/strong> (caixa de comprimidos com hidrocortisona, pelo menos), e tamb\u00e9m a inje\u00e7\u00e3o de 100mg de hidrocortiona de emerg\u00eancia.<\/p><p>O site https:\/<a href=\"https:\/\/en.abaddison.org.br\/\">\/www.abaddison.org.br\/<\/a> fornece informa\u00e7\u00f5es interessantes sobre a insufici\u00eancia adrenal.<\/p>\t\t\t\t\t\t\t\t<\/div>\n\t\t\t\t<\/div>\n\t\t\t\t\t<\/div>\n\t\t<\/div>\n\t\t\t\t\t<\/div>\n\t\t<\/section>\n\t\t\t\t<section class=\"elementor-section elementor-top-section elementor-element elementor-element-0b881fd qode_elementor_container_inner elementor-section-boxed elementor-section-height-default elementor-section-height-default parallax_section_no\" data-id=\"0b881fd\" data-element_type=\"section\" data-e-type=\"section\" data-settings=\"{&quot;background_background&quot;:&quot;classic&quot;}\">\n\t\t\t\t\t\t<div class=\"elementor-container elementor-column-gap-default\">\n\t\t\t\t\t<div class=\"elementor-column elementor-col-100 elementor-top-column elementor-element elementor-element-93ba8ba\" data-id=\"93ba8ba\" data-element_type=\"column\" data-e-type=\"column\">\n\t\t\t<div class=\"elementor-widget-wrap elementor-element-populated\">\n\t\t\t\t\t\t<div class=\"elementor-element elementor-element-469db7b elementor-widget elementor-widget-text-editor\" data-id=\"469db7b\" data-element_type=\"widget\" data-e-type=\"widget\" data-widget_type=\"text-editor.default\">\n\t\t\t\t<div class=\"elementor-widget-container\">\n\t\t\t\t\t\t\t\t\t<h3>4. INJE\u00c7\u00c3O DE EMERG\u00caNCIA \/ ESTER\u00d3IDES<\/h3><p>Pela mesma raz\u00e3o, a sua equipa m\u00e9dica provavelmente lhe prescrever\u00e1 uma inje\u00e7\u00e3o de 100 mg de hidrocortisona para levar consigo sempre. Algumas pessoas precisam desses medicamentos mais freq\u00fcentemente do que outras, mas no caso de estar envolvido num acidente ou sob uma situa\u00e7\u00e3o de grande stress, pode precisar de fazer esta inje\u00e7\u00e3o, a si mesmo, ou por algu\u00e9m queconhe\u00e7a a sua doen\u00e7a e possa faz\u00ea-lo por voc\u00ea, ou ainda pela equipe de emerg\u00eancia (note que nos EUA, em alguns estados, a equipa de emerg\u00eancia n\u00e3o est\u00e1 autorizada a realiz\u00e1-la sem autoriza\u00e7\u00e3o m\u00e9dica). A explica\u00e7\u00e3o do procedimento ser\u00e1 feito pelos seus m\u00e9dicos , aquando da prescri\u00e7\u00e3o.<\/p><p>Nalguns pa\u00edses, como a Fran\u00e7a, alguns hospitais organizam sess\u00f5es informativas para esclarecer mais sobre a doen\u00e7a e quando e como fazer a inje\u00e7\u00e3o. Por favor, n\u00e3o hesite em pedir informa\u00e7\u00f5es ao seu m\u00e9dico.<br \/>Veja neste <a href=\"https:\/\/video.wixstatic.com\/video\/92ca86_838e3dbd25ba49f0b7d9538427852ceb\/1080p\/mp4\/file.mp4\">v\u00eddeo<\/a> como fazer uma inje\u00e7\u00e3o de hidrocortisona. Voc\u00ea tamb\u00e9m pode pesquisar com palavras-chave.<br \/>Veja tamb\u00e9m <a href=\"https:\/\/en.abaddison.org.br\/_files\/ugd\/92ca86_ea7852391aa040459ef325f8b1266c3f.pdf\">este p\u00e1gina \u00fanica<\/a>\u00a0 (\u00f3timo para imprimir e guard\u00e1-lo com sua embalagem de emerg\u00eancia) que mostra como proceder.<br \/><strong>Nota: Dependendo de seu pa\u00eds, os medicamentos e o processo podem n\u00e3o ser os mesmos.<\/strong><\/p>\t\t\t\t\t\t\t\t<\/div>\n\t\t\t\t<\/div>\n\t\t\t\t\t<\/div>\n\t\t<\/div>\n\t\t\t\t\t<\/div>\n\t\t<\/section>\n\t\t\t\t<section class=\"elementor-section elementor-top-section elementor-element elementor-element-1baea0a qode_elementor_container_inner elementor-section-boxed elementor-section-height-default elementor-section-height-default parallax_section_no\" data-id=\"1baea0a\" data-element_type=\"section\" data-e-type=\"section\" data-settings=\"{&quot;background_background&quot;:&quot;classic&quot;}\">\n\t\t\t\t\t\t<div class=\"elementor-container elementor-column-gap-default\">\n\t\t\t\t\t<div class=\"elementor-column elementor-col-100 elementor-top-column elementor-element elementor-element-a378613\" data-id=\"a378613\" data-element_type=\"column\" data-e-type=\"column\">\n\t\t\t<div class=\"elementor-widget-wrap elementor-element-populated\">\n\t\t\t\t\t\t<div class=\"elementor-element elementor-element-bb189a0 elementor-widget elementor-widget-text-editor\" data-id=\"bb189a0\" data-element_type=\"widget\" data-e-type=\"widget\" data-widget_type=\"text-editor.default\">\n\t\t\t\t<div class=\"elementor-widget-container\">\n\t\t\t\t\t\t\t\t\t<h3>5. PULSEIRA \/ CART\u00c3O M\u00c9DICO NA SUA CARTEIRA<\/h3><p>Considerando o acima exposto, se estiver s\u00f3, ir\u00e1 precisar da equipa m\u00e9dica assistente para perceber o que lhe est\u00e1 a acontecer.<\/p><p>Dependendo do pa\u00eds, pode ser um cart\u00e3o de emerg\u00eancia na sua carteira, como os que est\u00e3o abaixo.<\/p><p>Fontes: <a href=\"https:\/\/www.spedm.pt\/grupo-de-estudo-dos-tumores-da-supra-renal\/#1536536055114-68542f50-9100\">SPEDM<\/a><\/p><p>Tamb\u00e9m pode ter uma pulseira ou outros acess\u00f3rios para usar o tempo todo. (at\u00e9 pode ser bonito, mas o mais importante \u00e9 ser visto!)<\/p><p>V\u00e1rios sites est\u00e3o dispon\u00edveis:<\/p><ul><li style=\"font-weight: 400;\" aria-level=\"1\"><a href=\"https:\/\/lista.mercadolivre.com.br\/pulseira-alerta-medico-personalizada\">Mercado<\/a><\/li><li style=\"font-weight: 400;\" aria-level=\"1\"><a href=\"https:\/\/shopee.com.br\/Pulseira-aviso-alerta-m%C3%A9dico-primeiros-socorros-ajust%C3%A1vel-Id-i.326416672.9825012153?sp_atk=eefa790a-32b4-4152-b316-06f51b8ce466&amp;xptdk=eefa790a-32b4-4152-b316-06f51b8ce466\">Shopee<\/a><\/li><li style=\"font-weight: 400;\" aria-level=\"1\"><a href=\"https:\/\/www.elo7.com.br\/lista\/pulseira-alerta-m%C3%A9dico\">Elo7<\/a><\/li><\/ul><table width=\"339\"><tbody><tr><td width=\"339\"><p>&#8230;&#8230;.e e assim por diante&#8230;<\/p><\/td><\/tr><\/tbody><\/table>\t\t\t\t\t\t\t\t<\/div>\n\t\t\t\t<\/div>\n\t\t\t\t\t<\/div>\n\t\t<\/div>\n\t\t\t\t\t<\/div>\n\t\t<\/section>\n\t\t\t\t<section class=\"elementor-section elementor-top-section elementor-element elementor-element-b0b0922 elementor-section-boxed elementor-section-height-default elementor-section-height-default parallax_section_no qode_elementor_container_no\" data-id=\"b0b0922\" data-element_type=\"section\" data-e-type=\"section\">\n\t\t\t\t\t\t<div class=\"elementor-container elementor-column-gap-default\">\n\t\t\t\t\t<div class=\"elementor-column elementor-col-100 elementor-top-column elementor-element elementor-element-3f0abea\" data-id=\"3f0abea\" data-element_type=\"column\" data-e-type=\"column\">\n\t\t\t<div class=\"elementor-widget-wrap elementor-element-populated\">\n\t\t\t\t\t\t<section class=\"elementor-section elementor-inner-section elementor-element elementor-element-4e7ac78 elementor-section-boxed elementor-section-height-default elementor-section-height-default parallax_section_no qode_elementor_container_no\" data-id=\"4e7ac78\" data-element_type=\"section\" data-e-type=\"section\">\n\t\t\t\t\t\t<div class=\"elementor-container elementor-column-gap-default\">\n\t\t\t\t\t<div class=\"elementor-column elementor-col-50 elementor-inner-column elementor-element elementor-element-dbf16d5\" data-id=\"dbf16d5\" data-element_type=\"column\" data-e-type=\"column\">\n\t\t\t<div class=\"elementor-widget-wrap elementor-element-populated\">\n\t\t\t\t\t\t<div class=\"elementor-element elementor-element-c27653f elementor-widget elementor-widget-image\" data-id=\"c27653f\" data-element_type=\"widget\" data-e-type=\"widget\" data-widget_type=\"image.default\">\n\t\t\t\t<div class=\"elementor-widget-container\">\n\t\t\t\t\t\t\t\t\t\t\t\t\t\t\t<img fetchpriority=\"high\" decoding=\"async\" width=\"300\" height=\"195\" src=\"https:\/\/letscureacc.com\/wp-content\/uploads\/2021\/08\/Adrenal-emergency-steroid-card-Permission-to-reprint-granted-by-the-Addisons-Disease-e1630400297453-300x195.png\" class=\"attachment-medium size-medium wp-image-7094\" alt=\"\" srcset=\"https:\/\/letscureacc.com\/wp-content\/uploads\/2021\/08\/Adrenal-emergency-steroid-card-Permission-to-reprint-granted-by-the-Addisons-Disease-e1630400297453-300x195.png 300w, https:\/\/letscureacc.com\/wp-content\/uploads\/2021\/08\/Adrenal-emergency-steroid-card-Permission-to-reprint-granted-by-the-Addisons-Disease-e1630400297453-400x260.png 400w, https:\/\/letscureacc.com\/wp-content\/uploads\/2021\/08\/Adrenal-emergency-steroid-card-Permission-to-reprint-granted-by-the-Addisons-Disease-e1630400297453.png 606w\" sizes=\"(max-width: 300px) 100vw, 300px\" \/>\t\t\t\t\t\t\t\t\t\t\t\t\t\t\t<\/div>\n\t\t\t\t<\/div>\n\t\t\t\t\t<\/div>\n\t\t<\/div>\n\t\t\t\t<div class=\"elementor-column elementor-col-50 elementor-inner-column elementor-element elementor-element-e08504e\" data-id=\"e08504e\" data-element_type=\"column\" data-e-type=\"column\">\n\t\t\t<div class=\"elementor-widget-wrap elementor-element-populated\">\n\t\t\t\t\t\t<div class=\"elementor-element elementor-element-a954ada elementor-widget elementor-widget-image\" data-id=\"a954ada\" data-element_type=\"widget\" data-e-type=\"widget\" data-widget_type=\"image.default\">\n\t\t\t\t<div class=\"elementor-widget-container\">\n\t\t\t\t\t\t\t\t\t\t\t\t\t\t\t<img decoding=\"async\" width=\"300\" height=\"194\" src=\"https:\/\/letscureacc.com\/wp-content\/uploads\/2021\/08\/nhs-steroid-card-front-300x194.jpg\" class=\"attachment-medium size-medium wp-image-7097\" alt=\"\" srcset=\"https:\/\/letscureacc.com\/wp-content\/uploads\/2021\/08\/nhs-steroid-card-front-300x194.jpg 300w, https:\/\/letscureacc.com\/wp-content\/uploads\/2021\/08\/nhs-steroid-card-front-768x496.jpg 768w, https:\/\/letscureacc.com\/wp-content\/uploads\/2021\/08\/nhs-steroid-card-front-400x260.jpg 400w, https:\/\/letscureacc.com\/wp-content\/uploads\/2021\/08\/nhs-steroid-card-front-700x452.jpg 700w, https:\/\/letscureacc.com\/wp-content\/uploads\/2021\/08\/nhs-steroid-card-front.jpg 823w\" sizes=\"(max-width: 300px) 100vw, 300px\" \/>\t\t\t\t\t\t\t\t\t\t\t\t\t\t\t<\/div>\n\t\t\t\t<\/div>\n\t\t\t\t\t<\/div>\n\t\t<\/div>\n\t\t\t\t\t<\/div>\n\t\t<\/section>\n\t\t\t\t\t<\/div>\n\t\t<\/div>\n\t\t\t\t\t<\/div>\n\t\t<\/section>\n\t\t\t\t<section class=\"elementor-section elementor-top-section elementor-element elementor-element-a7ca12b qode_elementor_container_inner elementor-section-boxed elementor-section-height-default elementor-section-height-default parallax_section_no\" data-id=\"a7ca12b\" data-element_type=\"section\" data-e-type=\"section\" data-settings=\"{&quot;background_background&quot;:&quot;classic&quot;}\">\n\t\t\t\t\t\t<div class=\"elementor-container elementor-column-gap-default\">\n\t\t\t\t\t<div class=\"elementor-column elementor-col-100 elementor-top-column elementor-element elementor-element-5a206ef\" data-id=\"5a206ef\" data-element_type=\"column\" data-e-type=\"column\">\n\t\t\t<div class=\"elementor-widget-wrap elementor-element-populated\">\n\t\t\t\t\t\t<div class=\"elementor-element elementor-element-f6fe761 elementor-widget elementor-widget-text-editor\" data-id=\"f6fe761\" data-element_type=\"widget\" data-e-type=\"widget\" data-widget_type=\"text-editor.default\">\n\t\t\t\t<div class=\"elementor-widget-container\">\n\t\t\t\t\t\t\t\t\t<h3>6. LIDAR COM OS EFEITOS COLATERAIS DI\u00c1RIOS<\/h3><p>Lidar com Carcinoma do C\u00f3rtex Adrenal (CCA ou ACC), tamb\u00e9m significa lidar com <a href=\"https:\/\/lcacc.wpengine.com\/glossary\/doenca-de-addison-ou-insuficiencia-da-adrenal\/?lang=pt-pt\">insufici\u00eancia adrenal<\/a> (chamada doen\u00e7a de Addison). Isso significa que precisa de perceber esta doen\u00e7a para poder ter uma vida o mais normal poss\u00edvel. A maioria das pessoas pode levar uma vida normal com poucos ajustes. Aprenda a reconhecer os sinais que levam \u00e0 necessidade de atualiza\u00e7\u00e3o ou de uma crise, a fim de os evitar.<\/p><p>Os efeitos colaterais tamb\u00e9m podem significar os efeitos colaterais habituais dos tratamentos. Os efeitos colaterais s\u00e3o numerosos e podem ser dif\u00edceis de lidar. Tomar outros medicamentos para neutralizar os principais pode parecer literalmente um excesso de comprimidos para engolir, mas tamb\u00e9m pode melhorar a sua qualidade de vida. \u00c9 por isso que o\/a encorajamos a ser aberto\/a com seus m\u00e9dicos sobre os seus efeitos secund\u00e1rios, como por exemplo, n\u00e1useas, v\u00f4mitos, diarr\u00e9ia, neblina cerebral&#8230; Cabe a eles ajud\u00e1-lo\/a a encontrar solu\u00e7\u00f5es e a voc\u00ea escolher se as quer ou n\u00e3o.<\/p>\t\t\t\t\t\t\t\t<\/div>\n\t\t\t\t<\/div>\n\t\t\t\t\t<\/div>\n\t\t<\/div>\n\t\t\t\t\t<\/div>\n\t\t<\/section>\n\t\t\t\t<section class=\"elementor-section elementor-top-section elementor-element elementor-element-301b5aa qode_elementor_container_inner elementor-section-boxed elementor-section-height-default elementor-section-height-default parallax_section_no\" data-id=\"301b5aa\" data-element_type=\"section\" data-e-type=\"section\" data-settings=\"{&quot;background_background&quot;:&quot;classic&quot;}\">\n\t\t\t\t\t\t<div class=\"elementor-container elementor-column-gap-default\">\n\t\t\t\t\t<div class=\"elementor-column elementor-col-100 elementor-top-column elementor-element elementor-element-fa304d8\" data-id=\"fa304d8\" data-element_type=\"column\" data-e-type=\"column\">\n\t\t\t<div class=\"elementor-widget-wrap elementor-element-populated\">\n\t\t\t\t\t\t<div class=\"elementor-element elementor-element-114580f elementor-widget elementor-widget-text-editor\" data-id=\"114580f\" data-element_type=\"widget\" data-e-type=\"widget\" data-widget_type=\"text-editor.default\">\n\t\t\t\t<div class=\"elementor-widget-container\">\n\t\t\t\t\t\t\t\t\t<h3>7. CHECK-UP REGULAR<\/h3><p>De agora em diante, reunir\u00e1-se regularmente com sua equipa m\u00e9dica at\u00e9 eles lhe dizerem que est\u00e1 seguro\/a. O n\u00famero de visitas, exames de sangue, <a href=\"https:\/\/lcacc.wpengine.com\/glossary\/tac-ou-tomografia-axial-computorizada-ou-scanner\/?lang=pt-pt\">Tomografia computadorizada<\/a> ou <a href=\"https:\/\/lcacc.wpengine.com\/glossary\/pet-o-tomografia-por-emissao-de-positrons\/?lang=pt-pt\">PET<\/a> [tomografia por emiss\u00e3o de p\u00f3sitrons] (e outros exames) variar\u00e1 de um pa\u00eds para o outro, de uma etapa para a outra, portanto, consulte a sua equipa m\u00e9dica.<\/p>\t\t\t\t\t\t\t\t<\/div>\n\t\t\t\t<\/div>\n\t\t\t\t\t<\/div>\n\t\t<\/div>\n\t\t\t\t\t<\/div>\n\t\t<\/section>\n\t\t\t\t<\/div>\n\t\t","protected":false},"excerpt":{"rendered":"<p>VOC\u00ca COME\u00c7AR\u00c1 UMA NOVA VIDA N\u00e3o por ser necessariamente mau, mas vai com certeza precisar de adaptar o seu modo de vida anterior.Aqui est\u00e3o algumas &#8220;dicas&#8221;. 1. EQUIPE M\u00c9DICA ESPECIALIZADA Esta \u00e9 uma doen\u00e7a rara e \u00f3rf\u00e3, vai portanto precisar de uma equipe de especialistas&#8230;<\/p>\n","protected":false},"author":416,"featured_media":0,"parent":0,"menu_order":0,"comment_status":"closed","ping_status":"closed","template":"full_width.php","meta":{"give_campaign_id":0,"inline_featured_image":false,"footnotes":""},"class_list":["post-7160","page","type-page","status-publish","hentry"],"campaignId":"","_links":{"self":[{"href":"https:\/\/letscureacc.com\/pt-pt\/wp-json\/wp\/v2\/pages\/7160","targetHints":{"allow":["GET"]}}],"collection":[{"href":"https:\/\/letscureacc.com\/pt-pt\/wp-json\/wp\/v2\/pages"}],"about":[{"href":"https:\/\/letscureacc.com\/pt-pt\/wp-json\/wp\/v2\/types\/page"}],"author":[{"embeddable":true,"href":"https:\/\/letscureacc.com\/pt-pt\/wp-json\/wp\/v2\/users\/416"}],"replies":[{"embeddable":true,"href":"https:\/\/letscureacc.com\/pt-pt\/wp-json\/wp\/v2\/comments?post=7160"}],"version-history":[{"count":0,"href":"https:\/\/letscureacc.com\/pt-pt\/wp-json\/wp\/v2\/pages\/7160\/revisions"}],"wp:attachment":[{"href":"https:\/\/letscureacc.com\/pt-pt\/wp-json\/wp\/v2\/media?parent=7160"}],"curies":[{"name":"wp","href":"https:\/\/api.w.org\/{rel}","templated":true}]}}