{"id":7162,"date":"2022-06-07T12:22:55","date_gmt":"2022-06-07T10:22:55","guid":{"rendered":"https:\/\/letscureacc.com\/?page_id=7162"},"modified":"2022-07-01T10:12:37","modified_gmt":"2022-07-01T08:12:37","slug":"as-suas-perguntas","status":"publish","type":"page","link":"https:\/\/letscureacc.com\/pt-pt\/as-suas-perguntas\/","title":{"rendered":"As suas perguntas"},"content":{"rendered":"\t\t<div data-elementor-type=\"wp-page\" data-elementor-id=\"7162\" class=\"elementor elementor-7162 elementor-668\">\n\t\t\t\t\t\t<section class=\"elementor-section elementor-top-section elementor-element elementor-element-2f84ef40 elementor-section-full_width elementor-section-height-default elementor-section-height-default parallax_section_no qode_elementor_container_no\" data-id=\"2f84ef40\" data-element_type=\"section\" data-e-type=\"section\" data-settings=\"{&quot;background_background&quot;:&quot;classic&quot;}\">\n\t\t\t\t\t\t<div class=\"elementor-container elementor-column-gap-default\">\n\t\t\t\t\t<div class=\"elementor-column elementor-col-100 elementor-top-column elementor-element elementor-element-55596fa4\" data-id=\"55596fa4\" data-element_type=\"column\" data-e-type=\"column\">\n\t\t\t<div class=\"elementor-widget-wrap elementor-element-populated\">\n\t\t\t\t\t\t<section class=\"elementor-section elementor-inner-section elementor-element elementor-element-da1aa8c elementor-section-boxed elementor-section-height-default elementor-section-height-default parallax_section_no qode_elementor_container_no\" data-id=\"da1aa8c\" data-element_type=\"section\" data-e-type=\"section\">\n\t\t\t\t\t\t<div class=\"elementor-container elementor-column-gap-extended\">\n\t\t\t\t\t<div class=\"elementor-column elementor-col-100 elementor-inner-column elementor-element elementor-element-916ce81\" data-id=\"916ce81\" data-element_type=\"column\" data-e-type=\"column\">\n\t\t\t<div class=\"elementor-widget-wrap elementor-element-populated\">\n\t\t\t\t\t\t<div class=\"elementor-element elementor-element-0119b7a elementor-widget elementor-widget-text-editor\" data-id=\"0119b7a\" data-element_type=\"widget\" data-e-type=\"widget\" data-widget_type=\"text-editor.default\">\n\t\t\t\t<div class=\"elementor-widget-container\">\n\t\t\t\t\t\t\t\t\t<h2 style=\"text-align: center;\">VOC\u00ca J\u00c1 PODE ENCONTRAR MUITAS RESPOSTAS A SUAS PR\u00d3PRIAS PERGUNTAS NESTES QUATRO LINKS<\/h2><ul><li style=\"font-weight: 400;\" aria-level=\"1\"><a href=\"http:\/\/www.oncoguia.org.br\/conteudo\/sobre-o-cancer\/3259\/540\/\">http:\/\/www.oncoguia.org.br\/conteudo\/sobre-o-cancer\/3259\/540\/<\/a><\/li><li style=\"font-weight: 400;\" aria-level=\"1\"><a href=\"http:\/\/www.oncoguia.org.br\/cancer-home\/cancer-de-glandula-suprarrenal\/70\/540\/\">http:\/\/www.oncoguia.org.br\/cancer-home\/cancer-de-glandula-suprarrenal\/70\/540\/<\/a><\/li><li style=\"font-weight: 400;\" aria-level=\"1\"><a href=\"http:\/\/www.oncoguia.org.br\/conteudo\/sinais-e-sintomas-do-cancer-de-glandula-suprarrenal\/3266\/543\/\">http:\/\/www.oncoguia.org.br\/conteudo\/sinais-e-sintomas-do-cancer-de-glandula-suprarrenal\/3266\/543\/<\/a><\/li><li style=\"font-weight: 400;\" aria-level=\"1\"><a href=\"http:\/\/www.oncoguia.org.br\/oncoguia-slide\/tudo-sobre-cancer-glandula-suprarrenal\/76\/55\/\">http:\/\/www.oncoguia.org.br\/oncoguia-slide\/tudo-sobre-cancer-glandula-suprarrenal\/76\/55\/<\/a><\/li><\/ul><p>O Carcinoma do C\u00f3rtex Adrenal (CCA ou ACC) \u00e9 uma doen\u00e7a \u00f3rf\u00e3 e, portanto, muitas vezes desconhecida pelos m\u00e9dicos de cl\u00ednica geral ou mesmo pelos endocrinologistas, portanto, se poss\u00edvel, \u00e9 realmente importante chegar a um especialista da doen\u00e7a (<a href=\"https:\/\/lcacc.wpengine.com\/livro-de-enderecos\/?lang=pt-pt\">os principais est\u00e3o listados aqui<\/a> por pa\u00eds com dados para contat\u00e1-los, com seu consentimento, na &#8220;\u00e1rea dos membros&#8221; do site).\u00a0<\/p><p>Observe que <strong>um diagn\u00f3stico errado ou uma <a href=\"https:\/\/lcacc.wpengine.com\/glossary\/biopsia\/?lang=pt-pt\">bi\u00f3psia<\/a> pr\u00e9via antes da cirurgia<\/strong> ou cirurgia n\u00e3o realizada de acordo, pode levar \u00e0 prolifera\u00e7\u00e3o do c\u00e2ncer e, em seguida, a um problema potencialmente perigoso para voc\u00ea.<\/p><p>Voc\u00ea precisa ser seguido por uma equipe m\u00e9dica experiente, ou o que chamamos de equipe multidisciplinar (m\u00e9dicos de diferentes \u00e1reas de especializa\u00e7\u00e3o &#8211; endocrinologista, oncologista, cirurgi\u00e3o&#8230;)<\/p><p>Se necess\u00e1rio, porque voc\u00ea est\u00e1 vivendo longe de qualquer especialista e n\u00e3o tem certeza de que o tratamento que lhe \u00e9 dado est\u00e1 certo, voc\u00ea pode sempre obter uma <strong>segunda opini\u00e3o<\/strong>. H\u00e1 uma op\u00e7\u00e3o fornecida pela Universidade de Michigan atrav\u00e9s deste<a href=\"https:\/\/www.rogelcancercenter.org\/adrenal-cancer\/remote-second-opinion\"> formul\u00e1rio<\/a> <span style=\"font-weight: 400;\">ou a um m\u00e9dico da sua l\u00edngua atrav\u00e9s do <\/span><a href=\"https:\/\/lcacc.wpengine.com\/contate-nos\/?lang=pt-pt\">nosso formul\u00e1rio<\/a><span style=\"font-weight: 400;\">.<\/span><\/p><p><span style=\"color: #ff0000;\">CR\u00cdTICO: N\u00c3O DESCOBRIR QUALQUER <a style=\"color: #ff0000;\" href=\"https:\/\/lcacc.wpengine.com\/glossary\/biopsia\/?lang=pt-pt\">BIOPSIA<\/a> de seu(s) tumor(es) adrenal (adrenais) antes da cirurgia. A raz\u00e3o \u00e9 que as c\u00e9lulas cancerosas de seu tumor podem se espalhar atrav\u00e9s do sistema linf\u00e1tico para outras c\u00e9lulas. O ACC n\u00e3o \u00e9 um c\u00e2ncer t\u00edpico e, como tal, n\u00e3o deve ser tratado da mesma forma que outros.<\/span><\/p>\t\t\t\t\t\t\t\t<\/div>\n\t\t\t\t<\/div>\n\t\t\t\t\t<\/div>\n\t\t<\/div>\n\t\t\t\t\t<\/div>\n\t\t<\/section>\n\t\t\t\t\t<\/div>\n\t\t<\/div>\n\t\t\t\t\t<\/div>\n\t\t<\/section>\n\t\t\t\t<section class=\"elementor-section elementor-top-section elementor-element elementor-element-044d983 qode_elementor_container_inner elementor-section-boxed elementor-section-height-default elementor-section-height-default parallax_section_no\" data-id=\"044d983\" data-element_type=\"section\" data-e-type=\"section\" data-settings=\"{&quot;background_background&quot;:&quot;classic&quot;}\">\n\t\t\t\t\t\t<div class=\"elementor-container elementor-column-gap-default\">\n\t\t\t\t\t<div class=\"elementor-column elementor-col-100 elementor-top-column elementor-element elementor-element-e56089b\" data-id=\"e56089b\" data-element_type=\"column\" data-e-type=\"column\">\n\t\t\t<div class=\"elementor-widget-wrap elementor-element-populated\">\n\t\t\t\t\t\t<div class=\"elementor-element elementor-element-e6a2120 elementor-widget elementor-widget-text-editor\" data-id=\"e6a2120\" data-element_type=\"widget\" data-e-type=\"widget\" data-widget_type=\"text-editor.default\">\n\t\t\t\t<div class=\"elementor-widget-container\">\n\t\t\t\t\t\t\t\t\t<h3>Perguntas para serem feitas \u00e0 sua equipe m\u00e9dica ANTES da cirurgia<br \/><br \/><\/h3><ul><li style=\"font-weight: 400;\" aria-level=\"1\">Quantos pacientes j\u00e1 tratou com este tipo de c\u00e2ncer?<\/li><li style=\"font-weight: 400;\" aria-level=\"1\">O est\u00e1gio do meu c\u00e2ncer afeta as op\u00e7\u00f5es de tratamento que eu tenho?<\/li><li style=\"font-weight: 400;\" aria-level=\"1\"><span style=\"font-weight: 400;\">Que outros exames eu preciso ter para confirmar meu diagn\u00f3stico e saber se ele se espalhou para qualquer outra parte do meu corpo? (por exemplo, resson\u00e2ncia magn\u00e9tica, TAC [scanners], TEP [tomografia por emiss\u00e3o de p\u00f3sitrons], cintilografia \u00f3ssea, etc.)<\/span><\/li><\/ul><p>Observe que, nos EUA, geralmente, as companhias de seguro m\u00e9dico n\u00e3o permitem uma TEP [tomografia por emiss\u00e3o de p\u00f3sitrons] antes da cirurgia e esperam pela autoriza\u00e7\u00e3o com base na confirma\u00e7\u00e3o de que o tumor removido \u00e9 cancer\u00edgeno.<\/p>\t\t\t\t\t\t\t\t<\/div>\n\t\t\t\t<\/div>\n\t\t\t\t\t<\/div>\n\t\t<\/div>\n\t\t\t\t\t<\/div>\n\t\t<\/section>\n\t\t\t\t<section class=\"elementor-section elementor-top-section elementor-element elementor-element-be49dc5 qode_elementor_container_inner elementor-section-boxed elementor-section-height-default elementor-section-height-default parallax_section_no\" data-id=\"be49dc5\" data-element_type=\"section\" data-e-type=\"section\" data-settings=\"{&quot;background_background&quot;:&quot;classic&quot;}\">\n\t\t\t\t\t\t<div class=\"elementor-container elementor-column-gap-default\">\n\t\t\t\t\t<div class=\"elementor-column elementor-col-100 elementor-top-column elementor-element elementor-element-a53cfb5\" data-id=\"a53cfb5\" data-element_type=\"column\" data-e-type=\"column\">\n\t\t\t<div class=\"elementor-widget-wrap elementor-element-populated\">\n\t\t\t\t\t\t<div class=\"elementor-element elementor-element-f1943dd elementor-widget elementor-widget-text-editor\" data-id=\"f1943dd\" data-element_type=\"widget\" data-e-type=\"widget\" data-widget_type=\"text-editor.default\">\n\t\t\t\t<div class=\"elementor-widget-container\">\n\t\t\t\t\t\t\t\t\t<h3>Perguntas a serem feitas ao seu cirurgi\u00e3o DEPOIS da sua cirurgia que o ajudar\u00e3o a &#8220;avaliar&#8221; o seu caso com as respostas precisas que o seu(s) m\u00e9dico(s) lhe dar\u00e1(\u00e3o)<\/h3><ul><li style=\"font-weight: 400;\" aria-level=\"1\">A ressec\u00e7\u00e3o \u00e9 total ou n\u00e3o? (ou seja, o cirurgi\u00e3o conseguiu remover todo o tumor).<\/li><li style=\"font-weight: 400;\" aria-level=\"1\">\u00c9 canceroso ap\u00f3s uma <a href=\"https:\/\/lcacc.wpengine.com\/glossary\/biopsia\/?lang=pt-pt\">bi\u00f3psia<\/a> realizada (portanto, ap\u00f3s uma cirurgia)?<\/li><li style=\"font-weight: 400;\" aria-level=\"1\">Qual \u00e9 o meu n\u00edvel de KI-67? O que isso significa?<\/li><li style=\"font-weight: 400;\" aria-level=\"1\">Qual \u00e9 a minha <a href=\"https:\/\/lcacc.wpengine.com\/glossary\/pontuacao-de-weiss\/?lang=pt-pt\">Weiss escore<\/a>? (Nem sempre dispon\u00edvel)<\/li><li style=\"font-weight: 400;\" aria-level=\"1\">Qual \u00e9 o est\u00e1gio do meu c\u00e2ncer? O que significa essa est\u00e1gio? Como isso afeta minhas op\u00e7\u00f5es de tratamento?<\/li><li style=\"font-weight: 400;\" aria-level=\"1\"><a href=\"https:\/\/lcacc.wpengine.com\/glossary\/pet-o-tomografia-por-emissao-de-positrons\/?lang=pt-pt\">TEP<\/a> [tomografia por emiss\u00e3o de p\u00f3sitrons] para organizar ap\u00f3s a cirurgia (geralmente ap\u00f3s a cura, ou seja, alguns meses ap\u00f3s a cirurgia)<\/li><\/ul><p>Note que voc\u00ea n\u00e3o ter\u00e1 todas as respostas de imediato. Uma bi\u00f3psia e an\u00e1lise da massa precisa ser submetida para ter essas respostas, mas como a <a href=\"https:\/\/lcacc.wpengine.com\/glossary\/weiss-score\/\">Weiss escore<\/a> e <a href=\"https:\/\/lcacc.wpengine.com\/glossary\/ki-67\/?lang=pt-pt\">Ki-67<\/a> s\u00e3o fatores enormes de seu progn\u00f3stico, voc\u00ea precisar\u00e1 t\u00ea-los inclu\u00eddos em seu arquivo em algum momento (se poss\u00edvel).<\/p>\t\t\t\t\t\t\t\t<\/div>\n\t\t\t\t<\/div>\n\t\t\t\t\t<\/div>\n\t\t<\/div>\n\t\t\t\t\t<\/div>\n\t\t<\/section>\n\t\t\t\t<section class=\"elementor-section elementor-top-section elementor-element elementor-element-ac8808d qode_elementor_container_inner elementor-section-boxed elementor-section-height-default elementor-section-height-default parallax_section_no\" data-id=\"ac8808d\" data-element_type=\"section\" data-e-type=\"section\" data-settings=\"{&quot;background_background&quot;:&quot;classic&quot;}\">\n\t\t\t\t\t\t<div class=\"elementor-container elementor-column-gap-default\">\n\t\t\t\t\t<div class=\"elementor-column elementor-col-100 elementor-top-column elementor-element elementor-element-9943f40\" data-id=\"9943f40\" data-element_type=\"column\" data-e-type=\"column\">\n\t\t\t<div class=\"elementor-widget-wrap elementor-element-populated\">\n\t\t\t\t\t\t<div class=\"elementor-element elementor-element-82143b6 elementor-widget elementor-widget-text-editor\" data-id=\"82143b6\" data-element_type=\"widget\" data-e-type=\"widget\" data-widget_type=\"text-editor.default\">\n\t\t\t\t<div class=\"elementor-widget-container\">\n\t\t\t\t\t\t\t\t\t<h3>Perguntas a serem feitas nas suas consultas de acompanhamento<\/h3><p>Recomendamos <strong>vivamente<\/strong> que voc\u00ea se prepare antes da sua consulta. Anote todas as suas perguntas (guarde um pequeno caderno que o acompanhar\u00e1 em todas as suas consultas), mas tamb\u00e9m tudo pelo que est\u00e1 a passar (sentimentos, pensamentos, sintomas f\u00edsicos), para partilhar com seu m\u00e9dico.<\/p><p><strong>Geral:<\/strong><\/p><ol><li>Que c\u00e2ncer tenho? Pode explicar-me, de forma a que eu possa perceber?<\/li><li>Quantos pacientes j\u00e1 tratou com este tipo de c\u00e2ncer?<\/li><li>J\u00e1 que o est\u00e1gio do meu c\u00e2ncer afeta as op\u00e7\u00f5es que tenho para o tratamento, qual \u00e9 o est\u00e1gio do meu c\u00e2ncer? O que significa essa fase? Como \u00e9 que isso afeta minhas op\u00e7\u00f5es de tratamento?<\/li><li>De que outros exames preciso para confirmar o meu diagn\u00f3stico e saber se ele se espalhou para qualquer outra parte do meu corpo? (por exemplo, resson\u00e2ncia magn\u00e9tica, TAC [tomografia axial computadorizada ou scanner], TEP [tomografia por emiss\u00e3o de p\u00f3sitrons], cintilografia \u00f3ssea, etc.)<\/li><li>Se for poss\u00edvel, neste pa\u00eds (nem todos os pa\u00edses o permitem),ser\u00e1 possivel solicitar um teste de seq\u00fcenciamento gen\u00f4mico abrangente do c\u00e2ncer (n\u00e3o limitando o teste aos genes que t\u00eam tratamentos aprovados). Isso pode ajudar a ver se h\u00e1 algum risco gen\u00e9tico para a minha fam\u00edlia.<\/li><li>Quanto custa o seq\u00fcenciamento gen\u00f4mico? Quanto tempo demora at\u00e9 que a obten\u00e7\u00e3o dos meus resultados?<\/li><li>Ser\u00e1 que o meu c\u00e2ncer vai responder \u00e0 imunoterapia?<\/li><\/ol><p><strong>Tratamento:<\/strong><\/p><ol start=\"8\"><li>Qual \u00e9 a sua estrat\u00e9gia de tratamento recomendada?<\/li><li>Qual \u00e9 o objetivo desta estrat\u00e9gia de tratamento? Curar, prolongar a vida ou administrar os sintomas e efeitos colaterais do c\u00e2ncer?<\/li><li>Qual \u00e9 a taxa de sobreviv\u00eancia de 5 anos para o tratamento do c\u00e2ncer que recomenda?<\/li><li>Qual \u00e9 a efic\u00e1cia do tratamento que sugere com base nos fatores identificados do meu c\u00e2ncer?<\/li><li>Pode descrever o tratamento que prop\u00f5e? Como obter mais informa\u00e7\u00f5es sobre o tratamento?<\/li><li>Que riscos existem com a estrat\u00e9gia de tratamento que recomenda?<\/li><li>Quais s\u00e3o os efeitos colaterais a curto e longo prazo dos tratamento(s) recomendado(s)?<\/li><li>Como \u00e9 que este tratamento pode afetar as minhas atividades di\u00e1rias &#8211; trabalho, f\u00edsica, dirigir, dormir, etc.?<\/li><li>Que efeitos colaterais devo ter em mente e quando devo cham\u00e1-lo se estiver com esses efeitos colaterais?<\/li><li>O que eu preciso fazer para me preparar e durante meu tratamento &#8211; exerc\u00edcio, dieta, etc.? Posso falar com algu\u00e9m de seu centro m\u00e9dico, para discutir op\u00e7\u00f5es\/linhas de orienta\u00e7\u00e3o \u00fateis?<\/li><li>Que testes vai solicitar para ver se o tratamento est\u00e1 a funcionar? Quando ?<\/li><li>Se eu tiver perguntas durante meu tratamento, a quem devo ligar?<\/li><li>Pode me arranjar o contato de algu\u00e9m que j\u00e1 tratou com este plano de tratamento?<\/li><li>Qual o centro de pesquisa em c\u00e2ncer que est\u00e1 a fazer mais pesquisas sobre meu tipo de c\u00e2ncer? Pode me indicar este centro de pesquisa em c\u00e2ncer para uma segunda opini\u00e3o?<\/li><li>Se esse centro de pesquisa em c\u00e2ncer oferecesse um plano de tratamento ou ensaio cl\u00ednico espec\u00edfico que n\u00e3o oferece, estaria disposto a colaborar com eles para o acompanhamento?<\/li><\/ol><p>Fonte: tradu\u00e7\u00e3o de <a href=\"http:\/\/pages.surviveit.org\/resource-library\/21-questions\/\">http:\/\/pages.surviveit.org\/resource-library\/21-questions\/ <\/a><\/p>\t\t\t\t\t\t\t\t<\/div>\n\t\t\t\t<\/div>\n\t\t\t\t\t<\/div>\n\t\t<\/div>\n\t\t\t\t\t<\/div>\n\t\t<\/section>\n\t\t\t\t<section class=\"elementor-section elementor-top-section elementor-element elementor-element-7915649 qode_elementor_container_inner elementor-section-boxed elementor-section-height-default elementor-section-height-default parallax_section_no\" data-id=\"7915649\" data-element_type=\"section\" data-e-type=\"section\" data-settings=\"{&quot;background_background&quot;:&quot;classic&quot;}\">\n\t\t\t\t\t\t<div class=\"elementor-container elementor-column-gap-default\">\n\t\t\t\t\t<div class=\"elementor-column elementor-col-100 elementor-top-column elementor-element elementor-element-3fa1a5e\" data-id=\"3fa1a5e\" data-element_type=\"column\" data-e-type=\"column\">\n\t\t\t<div class=\"elementor-widget-wrap elementor-element-populated\">\n\t\t\t\t\t\t<div class=\"elementor-element elementor-element-4ff53e1 elementor-widget elementor-widget-text-editor\" data-id=\"4ff53e1\" data-element_type=\"widget\" data-e-type=\"widget\" data-widget_type=\"text-editor.default\">\n\t\t\t\t<div class=\"elementor-widget-container\">\n\t\t\t\t\t\t\t\t\t<h3>Outras recomenda\u00e7\u00f5es<\/h3><ul><li aria-level=\"1\">N\u00e3o hesite em pedir ao seu m\u00e9dico para repetir ou explicar de outra forma, se algo n\u00e3o lhe parecer claro. N\u00e3o saia do consult\u00f3rio m\u00e9dico sem as respostas que deseja e s\u00f3 quando as entendeu plenamente. Todos n\u00f3s j\u00e1 passamos por isso, n\u00e3o tenha medo e seu m\u00e9dico vai perceber!<\/li><li style=\"font-weight: 400;\" aria-level=\"1\">Dever\u00e1 acompanhar todas as informa\u00e7\u00f5es, ou pelo menos os dados mais relevantes (est\u00e1gio, margens, Ki-67, Weiss escore, evolu\u00e7\u00e3o de seu n\u00edvel mitotano&#8230;)<\/li><\/ul>\t\t\t\t\t\t\t\t<\/div>\n\t\t\t\t<\/div>\n\t\t\t\t\t<\/div>\n\t\t<\/div>\n\t\t\t\t\t<\/div>\n\t\t<\/section>\n\t\t\t\t<\/div>\n\t\t","protected":false},"excerpt":{"rendered":"<p>VOC\u00ca J\u00c1 PODE ENCONTRAR MUITAS RESPOSTAS A SUAS PR\u00d3PRIAS PERGUNTAS NESTES QUATRO LINKS http:\/\/www.oncoguia.org.br\/conteudo\/sobre-o-cancer\/3259\/540\/ http:\/\/www.oncoguia.org.br\/cancer-home\/cancer-de-glandula-suprarrenal\/70\/540\/ http:\/\/www.oncoguia.org.br\/conteudo\/sinais-e-sintomas-do-cancer-de-glandula-suprarrenal\/3266\/543\/ http:\/\/www.oncoguia.org.br\/oncoguia-slide\/tudo-sobre-cancer-glandula-suprarrenal\/76\/55\/ O Carcinoma do C\u00f3rtex Adrenal (CCA ou ACC) \u00e9 uma doen\u00e7a \u00f3rf\u00e3 e, portanto, muitas vezes desconhecida pelos m\u00e9dicos de cl\u00ednica geral ou mesmo pelos endocrinologistas, portanto, se&#8230;<\/p>\n","protected":false},"author":416,"featured_media":0,"parent":0,"menu_order":0,"comment_status":"closed","ping_status":"closed","template":"full_width.php","meta":{"give_campaign_id":0,"inline_featured_image":false,"footnotes":""},"class_list":["post-7162","page","type-page","status-publish","hentry"],"campaignId":"","_links":{"self":[{"href":"https:\/\/letscureacc.com\/pt-pt\/wp-json\/wp\/v2\/pages\/7162","targetHints":{"allow":["GET"]}}],"collection":[{"href":"https:\/\/letscureacc.com\/pt-pt\/wp-json\/wp\/v2\/pages"}],"about":[{"href":"https:\/\/letscureacc.com\/pt-pt\/wp-json\/wp\/v2\/types\/page"}],"author":[{"embeddable":true,"href":"https:\/\/letscureacc.com\/pt-pt\/wp-json\/wp\/v2\/users\/416"}],"replies":[{"embeddable":true,"href":"https:\/\/letscureacc.com\/pt-pt\/wp-json\/wp\/v2\/comments?post=7162"}],"version-history":[{"count":0,"href":"https:\/\/letscureacc.com\/pt-pt\/wp-json\/wp\/v2\/pages\/7162\/revisions"}],"wp:attachment":[{"href":"https:\/\/letscureacc.com\/pt-pt\/wp-json\/wp\/v2\/media?parent=7162"}],"curies":[{"name":"wp","href":"https:\/\/api.w.org\/{rel}","templated":true}]}}